{"id":22086,"date":"2025-05-20T07:13:43","date_gmt":"2025-05-20T07:13:43","guid":{"rendered":"https:\/\/lexamedlab.com\/?post_type=product&#038;p=22086"},"modified":"2025-05-27T15:11:37","modified_gmt":"2025-05-27T15:11:37","slug":"benchtop-high-speed-micro-centrifuge-h15s","status":"publish","type":"product","link":"https:\/\/lexamedlab.com\/tr\/product\/benchtop-high-speed-micro-centrifuge-h15s\/","title":{"rendered":"Tezgah \u00fcst\u00fc y\u00fcksek h\u0131zl\u0131 mikro santrif\u00fcj H15S"},"content":{"rendered":"<div style=\"width: 1280px;\" class=\"wp-video\"><!--[if lt IE 9]><script>document.createElement('video');<\/script><![endif]-->\n<video class=\"wp-video-shortcode\" id=\"video-22086-1\" width=\"1280\" height=\"720\" preload=\"metadata\" controls=\"controls\"><source type=\"video\/mp4\" src=\"https:\/\/lexamedlab.com\/wp-content\/uploads\/2025\/05\/97913924-97af-4032-a078-c0a1ee36e696-h264-hd.mp4?_=1\" \/><a href=\"https:\/\/lexamedlab.com\/wp-content\/uploads\/2025\/05\/97913924-97af-4032-a078-c0a1ee36e696-h264-hd.mp4\">https:\/\/lexamedlab.com\/wp-content\/uploads\/2025\/05\/97913924-97af-4032-a078-c0a1ee36e696-h264-hd.mp4<\/a><\/video><\/div>\n<blockquote><p><span style=\"font-family: 'times new roman', times, serif; font-size: 18pt;\"><strong>&gt;\u00d6zellikler<\/strong><\/span><\/p><\/blockquote>\n<table style=\"width: 100%; border-collapse: collapse; background-color: #35a1cc;\">\n<tbody>\n<tr>\n<td style=\"width: 58.1541%;\">\n<div><span style=\"font-size: 18pt;\"><strong><span style=\"color: #ffffff; font-family: 'times new roman', times, serif;\">BLDC motoru<\/span><\/strong><\/span><\/div>\n<div>\n<div><span style=\"color: #ffffff; font-size: 14pt; font-family: 'times new roman', times, serif;\">K\u00fc\u00e7\u00fck S\u0131cakl\u0131k Art\u0131\u015f\u0131: S\u0131cakl\u0131k art\u0131\u015f\u0131\u22646\u2103<\/span><\/div>\n<div><span style=\"color: #ffffff; font-size: 14pt; font-family: 'times new roman', times, serif;\">D\u00fc\u015f\u00fck G\u00fcr\u00fclt\u00fc: G\u00fcr\u00fclt\u00fc\u226456dB(A)<\/span><\/div>\n<div><span style=\"color: #ffffff; font-size: 14pt; font-family: 'times new roman', times, serif;\">Bak\u0131m Gerektirmez: F\u0131r\u00e7as\u0131z motor, bak\u0131m gerektirmez<\/span><\/div>\n<div><span style=\"color: #ffffff; font-size: 14pt; font-family: 'times new roman', times, serif;\">H\u0131zl\u0131 \u0130vme: ayarlanabilir h\u0131z oran\u0131. En y\u00fcksek oranda maksimum h\u0131za ula\u015fmak i\u00e7in sadece 10 saniyeye ihtiya\u00e7 vard\u0131r\u00a0<\/span><\/div>\n<\/div>\n<div><span style=\"font-size: 18pt;\"><strong><span style=\"color: #ffffff; font-family: 'times new roman', times, serif;\">Daha uygun<\/span><\/strong><\/span><\/div>\n<div>\n<div><strong><span style=\"color: #ffffff; font-size: 14pt; font-family: 'times new roman', times, serif;\">Diren\u00e7li Dokunmatik Ekran<\/span><\/strong><\/div>\n<div><span style=\"color: #ffffff; font-size: 14pt; font-family: 'times new roman', times, serif;\">\u00b7 Renkli LCD ekran, parametre g\u00f6sterimi tam rakamlarla<\/span><\/div>\n<div><span style=\"color: #ffffff; font-size: 14pt; font-family: 'times new roman', times, serif;\">\u00b7 RPM ve RCF aras\u0131nda otomatik d\u00f6n\u00fc\u015f\u00fcm<\/span><\/div>\n<div><span style=\"color: #ffffff; font-size: 14pt; font-family: 'times new roman', times, serif;\">\u00b7 Diren\u00e7li dokunmatik ekran, cihaz eldivenle bile normal \u015fekilde \u00e7al\u0131\u015ft\u0131r\u0131labilir<\/span><\/div>\n<div><span style=\"color: #ffffff; font-size: 14pt; font-family: 'times new roman', times, serif;\">\u00b7 \u00c7al\u0131\u015f\u0131rken parametreleri de\u011fi\u015ftirebilir<\/span><\/div>\n<div><span style=\"color: #ffffff; font-size: 14pt; font-family: 'times new roman', times, serif;\"><strong>Ak\u0131ll\u0131 Kap\u0131 Kilidi<\/strong>:\u00c7elik kap\u0131 tokas\u0131 + ak\u0131ll\u0131 kap\u0131 kilidi, santrif\u00fcjl\u00fc \u00e7al\u0131\u015fmay\u0131 daha rahat hale getirir;<\/span><\/div>\n<div><span style=\"color: #ffffff; font-size: 14pt; font-family: 'times new roman', times, serif;\"><strong>Otomatik ind\u00fcksiyon kap\u0131 kilidi<\/strong>, kap\u0131n\u0131n a\u00e7\u0131l\u0131p kapanma durumunu aktif olarak izler ve santrif\u00fcjlemeden sonra kap\u0131y\u0131 otomatik olarak a\u00e7ar, bu da numune almak i\u00e7in uygundur.<\/span><\/div>\n<div><\/div>\n<div><span style=\"color: #ffffff; font-size: 14pt; font-family: 'times new roman', times, serif;\"><strong>S\u00f6n\u00fcmleme Kap\u0131s\u0131 A\u00e7\u0131k<\/strong>:S\u00f6n\u00fcmlemeli kap\u0131 tasar\u0131m\u0131, santrif\u00fcj \u00e7al\u0131\u015fmas\u0131 tamamland\u0131ktan sonra kap\u0131 otomatik olarak yava\u015f\u00e7a a\u00e7\u0131l\u0131r, t\u00fcm i\u015flem boyunca titre\u015fim olmaz.<\/span><\/div>\n<div><\/div>\n<div><span style=\"color: #ffffff; font-size: 14pt; font-family: 'times new roman', times, serif;\"><strong>Biyonik Vakumlu Taban<\/strong>:G\u00fc\u00e7l\u00fc adsorpsiyona sahip, sabitlemesi kolay ve hareket ettirmesi kolay biyonik vantuz kullan\u0131r.<\/span><\/div>\n<div><span style=\"color: #ffffff; font-size: 14pt; font-family: 'times new roman', times, serif;\"><strong>Manyetik Rotor Kapa\u011f\u0131<\/strong>:Y\u00fcksek manyetikli\u011fe sahip kendi kendini emen rotor kapa\u011f\u0131<\/span><\/div>\n<\/div>\n<p><span style=\"font-size: 18pt;\"><strong><span style=\"color: #ffffff; font-family: 'times new roman', times, serif;\">Daha emniyetli<\/span><\/strong><\/span><\/p>\n<div>\n<div><strong><span style=\"color: #ffffff; font-size: 14pt; font-family: 'times new roman', times, serif;\">Al\u00fcminyum Ala\u015f\u0131ml\u0131 \u0130\u00e7 Kapak<\/span><\/strong><\/div>\n<div><span style=\"color: #ffffff; font-size: 14pt; font-family: 'times new roman', times, serif;\">S\u00fcper sert al\u00fcminyum ala\u015f\u0131ml\u0131 i\u00e7 kapak, i\u015flemi daha g\u00fcvenli hale getirir; ayn\u0131 zamanda, dahili hava \u00e7\u0131k\u0131\u015f\u0131 \u0131s\u0131y\u0131 h\u0131zla da\u011f\u0131tabilir.<\/span><\/div>\n<div><\/div>\n<div><strong><span style=\"color: #ffffff; font-size: 14pt; font-family: 'times new roman', times, serif;\">10mm Paslanmaz \u00c7elik \u015eaft<\/span><\/strong><\/div>\n<div><span style=\"color: #ffffff; font-size: 14pt; font-family: 'times new roman', times, serif;\">Kap\u0131 kapa\u011f\u0131 ile g\u00f6vde aras\u0131ndaki ba\u011flant\u0131 paslanmaz \u00e7elik mil ile yap\u0131lm\u0131\u015f olup, kap\u0131n\u0131n deneylerde 100.000&#039;den fazla a\u00e7\u0131l\u0131p kapanmas\u0131 hasar g\u00f6rmeden ger\u00e7ekle\u015fmi\u015f olup, kullan\u0131m\u0131 daha g\u00fcvenli hale getirilmi\u015ftir.<\/span><\/div>\n<div><\/div>\n<div><strong><span style=\"color: #ffffff; font-size: 14pt; font-family: 'times new roman', times, serif;\">Paslanmaz \u00c7elik Rotor Kapa\u011f\u0131<\/span><\/strong><\/div>\n<div><span style=\"color: #ffffff; font-size: 14pt; font-family: 'times new roman', times, serif;\">\u00d6zel paslanmaz \u00e7elik rotor kapa\u011f\u0131, numune alma ve yerle\u015ftirme s\u0131ras\u0131nda zamandan ve emekten tasarruf sa\u011flayan manyetik alma ve yerle\u015ftirme aray\u00fcz\u00fc ile donat\u0131lm\u0131\u015ft\u0131r.<\/span><\/div>\n<\/div>\n<\/td>\n<td style=\"width: 41.8458%;\"><img fetchpriority=\"high\" decoding=\"async\" class=\"alignnone size-full wp-image-22089\" src=\"https:\/\/lexamedlab.com\/wp-content\/uploads\/2025\/05\/h15s-small-centrifuge.webp\" alt=\"\" width=\"1000\" height=\"1000\" \/><\/td>\n<\/tr>\n<\/tbody>\n<\/table>\n<p>&nbsp;<\/p>\n<table style=\"border-collapse: collapse; width: 100%;\">\n<tbody>\n<tr>\n<td style=\"width: 50%;\"><img decoding=\"async\" class=\"alignnone  wp-image-22100\" src=\"https:\/\/lexamedlab.com\/wp-content\/uploads\/2025\/05\/12x1-5-h15k-1-1.webp\" alt=\"\" width=\"1500\" height=\"1000\" \/><\/td>\n<td style=\"width: 50%;\"><img decoding=\"async\" class=\"alignnone size-full wp-image-22097\" src=\"https:\/\/lexamedlab.com\/wp-content\/uploads\/2025\/05\/8x5ml-h15k-1.webp\" alt=\"\" width=\"1500\" height=\"1000\" \/><\/td>\n<\/tr>\n<tr>\n<td style=\"width: 50%;\">\n<div><span style=\"font-size: 14pt; font-family: 'times new roman', times, serif;\">Rotor: Sabit a\u00e7\u0131l\u0131 rotor (standart)<\/span><\/div>\n<div><span style=\"font-size: 14pt; font-family: 'times new roman', times, serif;\">Kapasite: 12\u00d71.5\/2.2ml<\/span><\/div>\n<div><span style=\"font-size: 14pt; font-family: 'times new roman', times, serif;\">Maksimum h\u0131z: 15000rpm<\/span><\/div>\n<div><span style=\"font-size: 14pt; font-family: 'times new roman', times, serif;\">Maksimum RCF: 15093\u00d7g<\/span><\/div>\n<\/td>\n<td style=\"width: 50%;\">\n<div><span style=\"font-size: 14pt; font-family: 'times new roman', times, serif;\">Rotor: Sabit a\u00e7\u0131l\u0131 rotor (iste\u011fe ba\u011fl\u0131)<\/span><\/div>\n<div><span style=\"font-size: 14pt; font-family: 'times new roman', times, serif;\">Kapasite: 8x5ml<\/span><\/div>\n<div><span style=\"font-size: 14pt; font-family: 'times new roman', times, serif;\">Maksimum h\u0131z: 15000rpm<\/span><\/div>\n<div><span style=\"font-size: 14pt; font-family: 'times new roman', times, serif;\">Maksimum RCF: 15093\u00d7g<\/span><\/div>\n<\/td>\n<\/tr>\n<\/tbody>\n<\/table>","protected":false},"excerpt":{"rendered":"<div>\n<p><span style=\"font-family: 'times new roman', times, serif; font-size: 14pt;\">H15S mikro y\u00fcksek h\u0131zl\u0131 santrif\u00fcj 12*1.5\/2.2ml a\u00e7\u0131l\u0131 rotorla (0.2\/0.5ml adapt\u00f6rle) birlikte gelir. Kompakt, kullan\u0131m\u0131 kolay, y\u00fcksek h\u0131zl\u0131, d\u00fc\u015f\u00fck g\u00fcr\u00fclt\u00fcl\u00fc ve h\u0131zl\u0131 kald\u0131rma h\u0131z\u0131na sahiptir.<\/span><\/p>\n<\/div>\n<ul>\n<li><span style=\"font-family: 'times new roman', times, serif; font-size: 14pt;\">Maksimum h\u0131z\u00a0 \u00a0 \u00a0 \u00a0 \u00a0 \u00a0 \u00a0 \u00a0<span class=\"item-val\">15000 devir\/dakika<\/span><\/span><\/li>\n<li><span style=\"font-family: 'times new roman', times, serif; font-size: 14pt;\">Maksimum RCF\u00a0 \u00a0 \u00a0 \u00a0 \u00a0 \u00a0 \u00a0 \u00a0 \u00a0<span class=\"item-val\">15093xg<\/span><\/span><\/li>\n<li><span style=\"font-family: 'times new roman', times, serif; font-size: 14pt;\">Standart kapasite\u00a0 \u00a0 <span class=\"item-val\">12*1,5\/2,2 ml<\/span><\/span><\/li>\n<li><span style=\"font-family: 'times new roman', times, serif; font-size: 14pt;\">Zamanlay\u0131c\u0131 aral\u0131\u011f\u0131\u00a0 \u00a0 \u00a0 \u00a0 \u00a0 \u00a0 \u00a0<span class=\"item-val\">1sn ila 99m59sn<\/span><\/span><\/li>\n<li><span style=\"font-family: 'times new roman', times, serif; font-size: 14pt;\">H\u0131z do\u011frulu\u011fu\u00a0 \u00a0 \u00a0 \u00a0 <span class=\"item-val\">\u00b110 dev\/dak<\/span><\/span><\/li>\n<li><span style=\"font-family: 'times new roman', times, serif; font-size: 14pt;\">G\u00fcr\u00fclt\u00fc\u00a0 \u00a0 \u00a0 \u00a0 \u00a0 \u00a0 \u00a0 \u00a0 \u00a0 \u00a0 \u00a0 \u00a0<span class=\"item-val\">\u226456dB(A)<\/span><\/span><\/li>\n<li><span style=\"font-family: 'times new roman', times, serif; font-size: 14pt;\">G\u00fc\u00e7 kayna\u011f\u0131\u00a0 \u00a0 \u00a0 \u00a0 \u00a0 <span class=\"item-val\">100v-250v<\/span><\/span><\/li>\n<li><span style=\"font-family: 'times new roman', times, serif; font-size: 14pt;\">Boyut\u00a0 \u00a0 \u00a0 \u00a0 \u00a0 \u00a0 \u00a0 <span class=\"item-val\">240x220x170mm<\/span><\/span><\/li>\n<li><span style=\"font-family: 'times new roman', times, serif; font-size: 14pt;\">Net a\u011f\u0131rl\u0131\u011f\u0131\u00a0 \u00a0 \u00a0 \u00a0 \u00a0 \u00a0 \u00a0 <span class=\"item-val\">3,8 kg<\/span><\/span><\/li>\n<\/ul>","protected":false},"featured_media":22090,"comment_status":"open","ping_status":"closed","template":"","meta":{"_acf_changed":false},"product_brand":[],"product_cat":[20,80,88],"product_tag":[],"class_list":{"0":"post-22086","1":"product","2":"type-product","3":"status-publish","4":"has-post-thumbnail","6":"product_cat-all","7":"product_cat-centrifuge","8":"product_cat-high-speed-centrifuge","10":"first","11":"instock","12":"shipping-taxable","13":"product-type-simple"},"acf":[],"_links":{"self":[{"href":"https:\/\/lexamedlab.com\/tr\/wp-json\/wp\/v2\/product\/22086","targetHints":{"allow":["GET"]}}],"collection":[{"href":"https:\/\/lexamedlab.com\/tr\/wp-json\/wp\/v2\/product"}],"about":[{"href":"https:\/\/lexamedlab.com\/tr\/wp-json\/wp\/v2\/types\/product"}],"replies":[{"embeddable":true,"href":"https:\/\/lexamedlab.com\/tr\/wp-json\/wp\/v2\/comments?post=22086"}],"version-history":[{"count":3,"href":"https:\/\/lexamedlab.com\/tr\/wp-json\/wp\/v2\/product\/22086\/revisions"}],"predecessor-version":[{"id":22101,"href":"https:\/\/lexamedlab.com\/tr\/wp-json\/wp\/v2\/product\/22086\/revisions\/22101"}],"wp:featuredmedia":[{"embeddable":true,"href":"https:\/\/lexamedlab.com\/tr\/wp-json\/wp\/v2\/media\/22090"}],"wp:attachment":[{"href":"https:\/\/lexamedlab.com\/tr\/wp-json\/wp\/v2\/media?parent=22086"}],"wp:term":[{"taxonomy":"product_brand","embeddable":true,"href":"https:\/\/lexamedlab.com\/tr\/wp-json\/wp\/v2\/product_brand?post=22086"},{"taxonomy":"product_cat","embeddable":true,"href":"https:\/\/lexamedlab.com\/tr\/wp-json\/wp\/v2\/product_cat?post=22086"},{"taxonomy":"product_tag","embeddable":true,"href":"https:\/\/lexamedlab.com\/tr\/wp-json\/wp\/v2\/product_tag?post=22086"}],"curies":[{"name":"wp","href":"https:\/\/api.w.org\/{rel}","templated":true}]}}