{"id":22269,"date":"2025-05-21T09:23:20","date_gmt":"2025-05-21T09:23:20","guid":{"rendered":"https:\/\/lexamedlab.com\/?post_type=product&#038;p=22269"},"modified":"2025-05-28T17:16:09","modified_gmt":"2025-05-28T17:16:09","slug":"benchtop-high-speed-refrigerated-centrifuge-tgl-16","status":"publish","type":"product","link":"https:\/\/lexamedlab.com\/tr\/product\/benchtop-high-speed-refrigerated-centrifuge-tgl-16\/","title":{"rendered":"Tezgah \u00fcst\u00fc y\u00fcksek h\u0131zl\u0131 so\u011futmal\u0131 santrif\u00fcj TGL-16"},"content":{"rendered":"<div style=\"width: 1280px;\" class=\"wp-video\"><!--[if lt IE 9]><script>document.createElement('video');<\/script><![endif]-->\n<video class=\"wp-video-shortcode\" id=\"video-22269-1\" width=\"1280\" height=\"720\" preload=\"metadata\" controls=\"controls\"><source type=\"video\/mp4\" src=\"https:\/\/lexamedlab.com\/wp-content\/uploads\/2025\/05\/WeChat_20250521130429.mp4?_=1\" \/><a href=\"https:\/\/lexamedlab.com\/wp-content\/uploads\/2025\/05\/WeChat_20250521130429.mp4\">https:\/\/lexamedlab.com\/wp-content\/uploads\/2025\/05\/WeChat_20250521130429.mp4<\/a><\/video><\/div>\n<table style=\"width: 100%; border-collapse: collapse; background-color: #53a1cc;\">\n<tbody>\n<tr>\n<td style=\"width: 50%;\">\n<div><span style=\"font-size: 18pt;\"><strong><span style=\"color: #ffffff; font-family: 'times new roman', times, serif;\">Kullan\u0131c\u0131 dostu fonksiyon\u00a0<\/span><\/strong><\/span><\/div>\n<div><span style=\"color: #ffffff; font-size: 14pt; font-family: 'times new roman', times, serif;\">&gt;12 kullan\u0131c\u0131 tan\u0131ml\u0131 program<\/span><\/div>\n<div><span style=\"color: #ffffff; font-size: 14pt; font-family: 'times new roman', times, serif;\">&gt;40 h\u0131zlanma ve yava\u015flama oranlar\u0131<\/span><\/div>\n<div><span style=\"color: #ffffff; font-size: 14pt; font-family: 'times new roman', times, serif;\">&gt;99s59d&#039;ye kadar zamanlay\u0131c\u0131 aral\u0131\u011f\u0131<\/span><\/div>\n<div><span style=\"color: #ffffff; font-size: 14pt; font-family: 'times new roman', times, serif;\">&gt;RCF do\u011frudan ayarlanabilir.<\/span><\/div>\n<div><span style=\"color: #ffffff; font-size: 14pt; font-family: 'times new roman', times, serif;\">&gt;LCD ve LED ekran parametreleri basit ve net bir \u015fekilde g\u00f6sterir<\/span><\/div>\n<div><span style=\"color: #ffffff; font-size: 14pt; font-family: 'times new roman', times, serif;\">&gt;Su ge\u00e7irmez dokunmatik tu\u015f tak\u0131m\u0131, her parametreye sahiptir\u00a0<\/span><\/div>\n<div><span style=\"color: #ffffff; font-size: 14pt; font-family: 'times new roman', times, serif;\">\u00a0 \u00a0ayarlamak i\u00e7in kar\u015f\u0131l\u0131k gelen d\u00fc\u011fme<\/span><\/div>\n<div><span style=\"color: #ffffff; font-size: 14pt; font-family: 'times new roman', times, serif;\">&gt;Kullan\u0131c\u0131, rotor d\u00f6nerken parametreleri s\u0131f\u0131rlayabilir<\/span><\/div>\n<\/td>\n<td style=\"width: 50%;\">\n<div><strong><span style=\"color: #ffffff; font-family: 'times new roman', times, serif; font-size: 18pt;\">So\u011futma<\/span><\/strong><\/div>\n<div><span style=\"color: #ffffff; font-size: 14pt; font-family: 'times new roman', times, serif;\">&gt;\u0130yi kompres\u00f6r \u00fcnitesi<\/span><\/div>\n<div><span style=\"color: #ffffff; font-size: 14pt; font-family: 'times new roman', times, serif;\">&gt;-20\u00b0C ila +40\u00b0C ,1\u00b0C art\u0131\u015f<\/span><\/div>\n<div><span style=\"color: #ffffff; font-size: 14pt; font-family: 'times new roman', times, serif;\">&gt;\u00b11\u2103 y\u00fcksek s\u0131cakl\u0131k do\u011frulu\u011fu<\/span><\/div>\n<div><span style=\"color: #ffffff; font-size: 14pt; font-family: 'times new roman', times, serif;\">&gt;CFC i\u00e7ermeyen so\u011futucu<\/span><\/div>\n<div><span style=\"color: #ffffff; font-size: 14pt; font-family: 'times new roman', times, serif;\">&gt;Haznenin i\u00e7indeki s\u0131cakl\u0131k sens\u00f6r\u00fc<\/span><\/div>\n<div><span style=\"color: #ffffff; font-size: 14pt; font-family: 'times new roman', times, serif;\">&gt;G\u00fc\u00e7 a\u00e7\u0131ld\u0131\u011f\u0131nda so\u011futmay\u0131 ba\u015flat\u0131r<\/span><\/div>\n<div><span style=\"color: #ffffff; font-size: 14pt; font-family: 'times new roman', times, serif;\">&gt;S\u0131kma i\u015fleminden sonra so\u011futmay\u0131 korur<\/span><\/div>\n<\/td>\n<\/tr>\n<tr>\n<td style=\"width: 50%;\">\n<div><span style=\"font-size: 18pt;\"><strong><span style=\"color: #ffffff; font-family: 'times new roman', times, serif;\">G\u00fcvenli\u011fi sa\u011flay\u0131n\u00a0<\/span><\/strong><\/span><\/div>\n<div><span style=\"color: #ffffff; font-size: 14pt; font-family: 'times new roman', times, serif;\">&gt;A\u015f\u0131r\u0131 h\u0131z\u0131 \u00f6nlemek i\u00e7in otomatik rotor tan\u0131ma<\/span><\/div>\n<div><span style=\"color: #ffffff; font-size: 14pt; font-family: 'times new roman', times, serif;\">&gt;\u00dc\u00e7 eksenli jiroskop ile dengesizlik tespiti<\/span><\/div>\n<div><span style=\"color: #ffffff; font-size: 14pt; font-family: 'times new roman', times, serif;\">&gt;Motorlu elektronik kap\u0131 kilidi<\/span><\/div>\n<div><span style=\"color: #ffffff; font-size: 14pt; font-family: 'times new roman', times, serif;\">&gt;Rotor d\u00f6nerken kap\u0131 a\u00e7\u0131lamaz<\/span><\/div>\n<div><span style=\"color: #ffffff; font-size: 14pt; font-family: 'times new roman', times, serif;\">&gt;Kap\u0131n\u0131n d\u00fc\u015fmesini \u00f6nlemek i\u00e7in gaz mente\u015fesi<\/span><\/div>\n<div><span style=\"color: #ffffff; font-size: 14pt; font-family: 'times new roman', times, serif;\">&gt;Kalibrasyon ve \u00e7al\u0131\u015fma kontrol\u00fc i\u00e7in kap\u0131da port<\/span><\/div>\n<div><span style=\"color: #ffffff; font-size: 14pt; font-family: 'times new roman', times, serif;\">&gt;Acil kap\u0131 kilidi a\u00e7ma<\/span><\/div>\n<div><span style=\"color: #ffffff; font-size: 14pt; font-family: 'times new roman', times, serif;\">&gt;G\u00fcvenli santrif\u00fcjlemeyi sa\u011flamak i\u00e7in \u00e7e\u015fitli korumalar<\/span><\/div>\n<\/td>\n<td style=\"width: 50%;\">\n<div><span style=\"font-size: 18pt;\"><strong><span style=\"color: #ffffff; font-family: 'times new roman', times, serif;\">\u0130yi bile\u015fenler<\/span><\/strong><\/span><\/div>\n<div><span style=\"color: #ffffff; font-size: 14pt; font-family: 'times new roman', times, serif;\">&gt;Motor: De\u011fi\u015fken frekansl\u0131 motor.<\/span><\/div>\n<div><span style=\"color: #ffffff; font-size: 14pt; font-family: 'times new roman', times, serif;\">\u00a0 \u00a0istikrarl\u0131 \u00e7al\u0131\u015fma, bak\u0131m gerektirmez, uzun \u00f6m\u00fcrl\u00fc<\/span><\/div>\n<div><span style=\"color: #ffffff; font-size: 14pt; font-family: 'times new roman', times, serif;\">&gt;G\u00f6vde: Kal\u0131n ve g\u00fc\u00e7l\u00fc \u00e7elik<\/span><\/div>\n<div><span style=\"color: #ffffff; font-size: 14pt; font-family: 'times new roman', times, serif;\">&gt;Hazne: Teflon kaplamal\u0131 316 paslanmaz \u00e7elik.<\/span><\/div>\n<div><span style=\"color: #ffffff; font-size: 14pt; font-family: 'times new roman', times, serif;\">\u00a0 \u00a0korozyon \u00f6nleyici ve temizlemesi kolay<\/span><\/div>\n<div><span style=\"color: #ffffff; font-size: 14pt; font-family: 'times new roman', times, serif;\">&gt;Rotor: Al\u00fcminyum ala\u015f\u0131ml\u0131 rotor<\/span><\/div>\n<div><span style=\"color: #ffffff; font-size: 14pt; font-family: 'times new roman', times, serif;\">&gt;Rotorlar otoklavlanabilir\u00a0<\/span><\/div>\n<\/td>\n<\/tr>\n<\/tbody>\n<\/table>\n<blockquote><p><span style=\"font-family: 'times new roman', times, serif;\"><strong><span style=\"font-size: 18pt;\">&gt;Mevcut rotorlar<\/span><\/strong><\/span><\/p><\/blockquote>\n<table style=\"border-collapse: collapse; width: 100%; height: 808px;\">\n<tbody>\n<tr style=\"height: 24px;\">\n<td style=\"width: 20%; height: 24px;\"><img fetchpriority=\"high\" decoding=\"async\" class=\"alignnone size-full wp-image-22292\" src=\"https:\/\/lexamedlab.com\/wp-content\/uploads\/2025\/05\/12x1-5ml-9.webp\" alt=\"\" width=\"1500\" height=\"1000\" \/><\/td>\n<td style=\"width: 20%; height: 24px;\"><img decoding=\"async\" class=\"alignnone size-full wp-image-22293\" src=\"https:\/\/lexamedlab.com\/wp-content\/uploads\/2025\/05\/12x5ml-5.webp\" alt=\"\" width=\"1500\" height=\"1000\" \/><\/td>\n<td style=\"width: 20%; height: 24px;\"><img decoding=\"async\" class=\"alignnone size-full wp-image-22294\" src=\"https:\/\/lexamedlab.com\/wp-content\/uploads\/2025\/05\/24x1-5ml-1-5.webp\" alt=\"\" width=\"1500\" height=\"1000\" \/><\/td>\n<td style=\"width: 20%; height: 24px;\"><img loading=\"lazy\" decoding=\"async\" class=\"alignnone size-full wp-image-22295\" src=\"https:\/\/lexamedlab.com\/wp-content\/uploads\/2025\/05\/24x1-5ml-metal-cap-9.webp\" alt=\"\" width=\"1500\" height=\"1000\" \/><\/td>\n<td style=\"width: 20%; height: 24px;\"><img loading=\"lazy\" decoding=\"async\" class=\"alignnone size-full wp-image-22291\" src=\"https:\/\/lexamedlab.com\/wp-content\/uploads\/2025\/05\/12x10ml-8.webp\" alt=\"\" width=\"1500\" height=\"1000\" \/><\/td>\n<\/tr>\n<tr style=\"height: 144px;\">\n<td style=\"width: 20%; height: 144px;\">\n<div>Rotor:Sabit a\u00e7\u0131l\u0131 rotor<\/div>\n<div>Kapasite: 12\u00d71.5\/2.2ml<\/div>\n<div>Maksimum h\u0131z: 16500rpm<\/div>\n<div>Maksimum RCF:19000\u00d7g<\/div>\n<div>T\u00fcp boyutu:\u03a611x42mm<\/div>\n<\/td>\n<td style=\"width: 20%; height: 144px;\">\n<div>Rotor:Sabit a\u00e7\u0131l\u0131 rotor<\/div>\n<div>Kapasite:12x 5ml<\/div>\n<div>Maksimum h\u0131z: 15000rpm<\/div>\n<div>Maksimum RCF:18270\u00d7g<\/div>\n<div>T\u00fcp boyutu:\u03a614\u00d754mm<\/div>\n<\/td>\n<td style=\"width: 20%; height: 144px;\">\n<div>Rotor:Sabit a\u00e7\u0131l\u0131 rotor<\/div>\n<div>Kapasite: 24\u00d71.5\/2.2ml<\/div>\n<div>Maksimum h\u0131z: 16000rpm<\/div>\n<div>Maksimum RCF:24760\u00d7g<\/div>\n<div>T\u00fcp boyutu:\u03a611x42mm<\/div>\n<\/td>\n<td style=\"width: 20%; height: 144px;\">\n<div>Rotor:Sabit a\u00e7\u0131l\u0131 rotor<\/div>\n<div>\u00a0 \u00a0 \u00a0 \u00a0 \u00a0 \u00a0 (aerosol ge\u00e7irmez)<\/div>\n<div>Kapasite: 24\u00d71.5\/2.2ml<\/div>\n<div>Maksimum h\u0131z: 16000rpm<\/div>\n<div>Maksimum RCF:24760\u00d7g<\/div>\n<div>T\u00fcp boyutu:\u03a611x42mm<\/div>\n<\/td>\n<td style=\"width: 20%; height: 144px;\">\n<div>Rotor:Sabit a\u00e7\u0131l\u0131 rotor<\/div>\n<div>Kapasite:12\u00d710ml<\/div>\n<div>Maksimum h\u0131z: 13000rpm<\/div>\n<div>Maksimum RCF:15620\u00d7g<\/div>\n<div>T\u00fcp boyutu:\u03a616\u00d786mm<\/div>\n<\/td>\n<\/tr>\n<tr style=\"height: 24px;\">\n<td style=\"width: 20%; height: 24px;\"><img loading=\"lazy\" decoding=\"async\" class=\"alignnone size-full wp-image-22282\" src=\"https:\/\/lexamedlab.com\/wp-content\/uploads\/2025\/05\/36x1-5ml-8.webp\" alt=\"\" width=\"1500\" height=\"1000\" \/><\/td>\n<td style=\"width: 20%; height: 24px;\"><img loading=\"lazy\" decoding=\"async\" class=\"alignnone size-full wp-image-22283\" src=\"https:\/\/lexamedlab.com\/wp-content\/uploads\/2025\/05\/6x50ml-pointed-bottom-8.webp\" alt=\"\" width=\"1500\" height=\"1000\" \/><\/td>\n<td style=\"width: 20%; height: 24px;\"><img loading=\"lazy\" decoding=\"async\" class=\"alignnone size-full wp-image-22284\" src=\"https:\/\/lexamedlab.com\/wp-content\/uploads\/2025\/05\/6x50ml-round-bottom-10.webp\" alt=\"\" width=\"1500\" height=\"1000\" \/><\/td>\n<td style=\"width: 20%; height: 24px;\"><img loading=\"lazy\" decoding=\"async\" class=\"alignnone size-full wp-image-22285\" src=\"https:\/\/lexamedlab.com\/wp-content\/uploads\/2025\/05\/48x1-5ml-8.webp\" alt=\"\" width=\"1500\" height=\"1000\" \/><\/td>\n<td style=\"width: 20%; height: 24px;\"><img loading=\"lazy\" decoding=\"async\" class=\"alignnone size-full wp-image-22286\" src=\"https:\/\/lexamedlab.com\/wp-content\/uploads\/2025\/05\/4x100ml-7.webp\" alt=\"\" width=\"1500\" height=\"1000\" \/><\/td>\n<\/tr>\n<tr style=\"height: 120px;\">\n<td style=\"width: 20%; height: 120px;\">\n<div>Rotor:Sabit a\u00e7\u0131l\u0131 rotor<\/div>\n<div>Kapasite: 36\u00d71.5\/2.2ml<\/div>\n<div>Maksimum h\u0131z: 13000rpm<\/div>\n<div>Maksimum RCF:15620\u00d7g<\/div>\n<div>T\u00fcp boyutu:\u03a611x42mm<\/div>\n<\/td>\n<td style=\"width: 20%; height: 120px;\">\n<div>Rotor:Sabit a\u00e7\u0131l\u0131 rotor<\/div>\n<div>Kapasite: 6\u00d750ml konik taban<\/div>\n<div>Maksimum h\u0131z: 12000rpm<\/div>\n<div>Maksimum RCF:15970\u00d7g<\/div>\n<div>T\u00fcp boyutu:\u03a629\u00d7116mm<\/div>\n<\/td>\n<td style=\"width: 20%; height: 120px;\">\n<div>Rotor:Sabit a\u00e7\u0131l\u0131 rotor<\/div>\n<div>Kapasite: 6\u00d750ml yuvarlak taban<\/div>\n<div>Maksimum h\u0131z: 12000rpm<\/div>\n<div>Maksimum RCF:15970\u00d7g<\/div>\n<div>T\u00fcp boyutu:\u03a629\u00d7111mm<\/div>\n<\/td>\n<td style=\"width: 20%; height: 120px;\">\n<div>Rotor:Sabit a\u00e7\u0131l\u0131 rotor<\/div>\n<div>Kapasite: 48\u00d71.5\/2.2ml<\/div>\n<div>Maksimum h\u0131z: 12000rpm<\/div>\n<div>Maksimum RCF:15970\u00d7g<\/div>\n<div>T\u00fcp boyutu:\u03a611\u00d742mm<\/div>\n<\/td>\n<td style=\"width: 20%; height: 120px;\">\n<div>Rotor:Sabit a\u00e7\u0131l\u0131 rotor<\/div>\n<div>Kapasite:4x100ml<\/div>\n<div>Maksimum h\u0131z: 11000rpm<\/div>\n<div>Maksimum RCF:12870\u00d7g<\/div>\n<div>T\u00fcp boyutu:\u03a638x123mm<\/div>\n<\/td>\n<\/tr>\n<tr style=\"height: 24px;\">\n<td style=\"width: 20%; height: 24px;\"><img loading=\"lazy\" decoding=\"async\" class=\"alignnone size-full wp-image-22276\" src=\"https:\/\/lexamedlab.com\/wp-content\/uploads\/2025\/05\/8x50ml-pointed-bottom-8.webp\" alt=\"\" width=\"1500\" height=\"1000\" \/><\/td>\n<td style=\"width: 20%; height: 24px;\"><img loading=\"lazy\" decoding=\"async\" class=\"alignnone size-full wp-image-22278\" src=\"https:\/\/lexamedlab.com\/wp-content\/uploads\/2025\/05\/8x50ml-round-bottom-8.webp\" alt=\"\" width=\"1500\" height=\"1000\" \/><\/td>\n<td style=\"width: 20%; height: 24px;\"><img loading=\"lazy\" decoding=\"async\" class=\"alignnone size-full wp-image-22279\" src=\"https:\/\/lexamedlab.com\/wp-content\/uploads\/2025\/05\/12x15ml-7.webp\" alt=\"\" width=\"1500\" height=\"1000\" \/><\/td>\n<td style=\"width: 20%; height: 24px;\"><img loading=\"lazy\" decoding=\"async\" class=\"alignnone size-full wp-image-22280\" src=\"https:\/\/lexamedlab.com\/wp-content\/uploads\/2025\/05\/6x10ml-7.webp\" alt=\"\" width=\"1500\" height=\"1000\" \/><\/td>\n<td style=\"width: 20%; height: 24px;\"><img loading=\"lazy\" decoding=\"async\" class=\"alignnone size-full wp-image-22281\" src=\"https:\/\/lexamedlab.com\/wp-content\/uploads\/2025\/05\/8x15ml-1-7.webp\" alt=\"\" width=\"1500\" height=\"1000\" \/><\/td>\n<\/tr>\n<tr style=\"height: 120px;\">\n<td style=\"width: 20%; height: 120px;\">\n<div>Rotor:Sabit a\u00e7\u0131l\u0131 rotor<\/div>\n<div>Kapasite: 8x50ml konik taban<\/div>\n<div>Maksimum h\u0131z: 11000rpm<\/div>\n<div>Maksimum RCF:12870\u00d7g<\/div>\n<div>T\u00fcp boyutu:\u03a629x116mm<\/div>\n<\/td>\n<td style=\"width: 20%; height: 120px;\">\n<div>Rotor:Sabit a\u00e7\u0131l\u0131 rotor<\/div>\n<div>Kapasite: 8x50ml yuvarlak taban<\/div>\n<div>Maksimum h\u0131z: 11000rpm<\/div>\n<div>Maksimum RCF:12870\u00d7g<\/div>\n<div>T\u00fcp boyutu:\u03a629x111mm<\/div>\n<\/td>\n<td style=\"width: 20%; height: 120px;\">\n<div>Rotor:Sabit a\u00e7\u0131l\u0131 rotor<\/div>\n<div>Kapasite:12x15ml<\/div>\n<div>Maksimum h\u0131z: 11000rpm<\/div>\n<div>Maksimum RCF:12870\u00d7g<\/div>\n<div>T\u00fcp boyutu:\u03a617x121mm<\/div>\n<\/td>\n<td style=\"width: 20%; height: 120px;\">\n<div>Rotor:Sabit a\u00e7\u0131l\u0131 rotor<\/div>\n<div>Kapasite:6\u00d710ml<\/div>\n<div>Maksimum h\u0131z: 16000rpm<\/div>\n<div>Maksimum RCF:19070\u00d7g<\/div>\n<div>T\u00fcp boyutu:\u03a616\u00d786mm<\/div>\n<\/td>\n<td style=\"width: 20%; height: 120px;\">\n<div>Rotor:Sabit a\u00e7\u0131l\u0131 rotor<\/div>\n<div>Kapasite:8\u00d715ml<\/div>\n<div>Maksimum h\u0131z: 13000rpm<\/div>\n<div>Maksimum RCF:15620\u00d7g<\/div>\n<div>T\u00fcp boyutu:\u03a617\u00d7121mm<\/div>\n<\/td>\n<\/tr>\n<tr style=\"height: 184px;\">\n<td style=\"width: 20%; height: 184px;\"><img loading=\"lazy\" decoding=\"async\" class=\"alignnone size-full wp-image-22274\" src=\"https:\/\/lexamedlab.com\/wp-content\/uploads\/2025\/05\/6x30ml-7.webp\" alt=\"\" width=\"1500\" height=\"1000\" \/><\/td>\n<td style=\"width: 20%; height: 184px;\"><img loading=\"lazy\" decoding=\"async\" class=\"alignnone size-full wp-image-22273\" src=\"https:\/\/lexamedlab.com\/wp-content\/uploads\/2025\/05\/8x0-2ml-pcr-strip-8.webp\" alt=\"\" width=\"1500\" height=\"1000\" \/><\/td>\n<td style=\"width: 20%; height: 184px;\"><img loading=\"lazy\" decoding=\"async\" class=\"alignnone size-full wp-image-22272\" src=\"https:\/\/lexamedlab.com\/wp-content\/uploads\/2025\/05\/6x100ml-7.webp\" alt=\"\" width=\"1500\" height=\"1000\" \/><\/td>\n<td style=\"width: 20%; height: 184px;\"><img loading=\"lazy\" decoding=\"async\" class=\"alignnone size-full wp-image-22263\" src=\"https:\/\/lexamedlab.com\/wp-content\/uploads\/2025\/05\/2x2x48-6.webp\" alt=\"\" width=\"1500\" height=\"1000\" \/><\/td>\n<td style=\"width: 20%; height: 184px;\"><\/td>\n<\/tr>\n<tr style=\"height: 168px;\">\n<td style=\"width: 20%; height: 168px;\">\n<div>Rotor:Sabit a\u00e7\u0131l\u0131 rotor<\/div>\n<div>Kapasite:6\u00d730ml<\/div>\n<div>Maksimum h\u0131z: 13000rpm<\/div>\n<div>Maksimum RCF:15620\u00d7g<\/div>\n<div>Boru boyutu:\u03a625.5\u00d7100mm<\/div>\n<\/td>\n<td style=\"width: 20%; height: 168px;\">\n<div>Rotor:Sabit a\u00e7\u0131l\u0131 rotor<\/div>\n<div>Kapasite: 8\u00d70.2ml PCR \u015feridi<\/div>\n<div>Maksimum h\u0131z: 13000rpm<\/div>\n<div>Maksimum RCF:14640\u00d7g<\/div>\n<\/td>\n<td style=\"width: 20%; height: 168px;\">\n<div>Rotor:Sabit a\u00e7\u0131l\u0131 rotor<\/div>\n<div>Kapasite:6x100ml<\/div>\n<div>Maksimum h\u0131z:9000rpm<\/div>\n<div>Maksimum RCF:9770\u00d7g<\/div>\n<div>T\u00fcp boyutu:\u03a638x123mm<\/div>\n<\/td>\n<td style=\"width: 20%; height: 168px;\">\n<section id=\"sectionIdzg6j8d7\" class=\"section-generalimgtext-wrap-block section-block-demo159-generalimgtext1\" data-section=\"section\" data-screen=\"screen-full\">\n<div class=\"layout sc-block-items aos-init aos-animate\" data-unable=\"demo159-application\" data-aos=\"fadeInUp\" data-aos-duration=\"600\">\n<div class=\"block-item sc-block-item\">\n<div>\n<div>\n<div>Rotor:Mikroplaka rotoru<\/div>\n<div>Kapasite: 2\u00d72\u00d748 kuyulu plaka<\/div>\n<div>Maksimum h\u0131z: 4000rpm<\/div>\n<div>Maksimum RCF: 1500\u00d7g<\/div>\n<div>maksimum: 128\u00d748x60mm<\/div>\n<\/div>\n<\/div>\n<div class=\"item-info\"><\/div>\n<\/div>\n<\/div>\n<\/section>\n<div class=\"layout\">&gt;&gt;\u0130ndirmeler<\/div>\n<\/td>\n<td style=\"width: 20%; height: 168px;\"><\/td>\n<\/tr>\n<\/tbody>\n<\/table>","protected":false},"excerpt":{"rendered":"<div>\n<p><span style=\"font-family: 'times new roman', times, serif; font-size: 14pt;\">TGL-16, 0,2 mL-6x100 ml aras\u0131nda numune hacmi tutabilen pratik bir tezgah \u00fcst\u00fc so\u011futmal\u0131 santrif\u00fcjd\u00fcr. Tamamen \u00e7elik g\u00f6vde, LCD ve LED \u00e7ift ekranl\u0131 g\u00f6sterge. Maksimum h\u0131z 16500 rpm&#039;ye ula\u015fabilir. Bu \u00fcnite, -20 \u00b0 C ile + 40 \u00b0 C aras\u0131nda bir s\u0131cakl\u0131k aral\u0131\u011f\u0131na sahip so\u011futmay\u0131 i\u00e7erir.<\/span><\/p>\n<\/div>\n<ul>\n<li><span style=\"font-family: 'times new roman', times, serif; font-size: 14pt;\">Maksimum h\u0131z\u00a0 \u00a0 \u00a0 \u00a0 \u00a0 \u00a0 \u00a0 \u00a0 \u00a0 \u00a0 \u00a0 \u00a0 \u00a0 <span class=\"item-val\">16500 devir\/dakika<\/span><\/span><\/li>\n<li><span style=\"font-family: 'times new roman', times, serif; font-size: 14pt;\">Maksimum RCF\u00a0 \u00a0 \u00a0 \u00a0 \u00a0 \u00a0 \u00a0 \u00a0 \u00a0 \u00a0 \u00a0 \u00a0 \u00a0 \u00a0 <span class=\"item-val\">24760xg<\/span><\/span><\/li>\n<li><span style=\"font-family: 'times new roman', times, serif; font-size: 14pt;\">S\u0131cakl\u0131k aral\u0131\u011f\u0131\u00a0 \u00a0 \u00a0 \u00a0 \u00a0 \u00a0 \u00a0<span class=\"item-val\">-20\u2103 ile +40\u2103 aras\u0131<\/span><\/span><\/li>\n<li><span style=\"font-family: 'times new roman', times, serif; font-size: 14pt;\">S\u0131cakl\u0131k do\u011frulu\u011fu\u00a0 \u00a0 \u00a0 \u00a0 <span class=\"item-val\">\u00b11\u2103<\/span><\/span><\/li>\n<li><span style=\"font-family: 'times new roman', times, serif; font-size: 14pt;\">Zamanlay\u0131c\u0131 aral\u0131\u011f\u0131\u00a0 \u00a0 \u00a0 \u00a0 \u00a0 \u00a0 \u00a0 \u00a0 \u00a0 \u00a0 \u00a0 \u00a0<span class=\"item-val\">1dk ila 99s59dk<\/span><\/span><\/li>\n<li><span style=\"font-family: 'times new roman', times, serif; font-size: 14pt;\">Maksimum kapasite\u00a0 \u00a0 \u00a0 \u00a0 \u00a0 \u00a0 \u00a0 \u00a0 \u00a0 \u00a0 <span class=\"item-val\">6*100ml<\/span><\/span><\/li>\n<li><span style=\"font-family: 'times new roman', times, serif; font-size: 14pt;\">H\u0131z do\u011frulu\u011fu\u00a0 \u00a0 \u00a0 \u00a0 \u00a0 \u00a0 \u00a0 \u00a0 <span class=\"item-val\">\u00b110 dev\/dak<\/span><\/span><\/li>\n<li><span style=\"font-family: 'times new roman', times, serif; font-size: 14pt;\">G\u00fcr\u00fclt\u00fc\u00a0 \u00a0 \u00a0 \u00a0 \u00a0 \u00a0 \u00a0 \u00a0 \u00a0 \u00a0 \u00a0 \u00a0 \u00a0 \u00a0 \u00a0 \u00a0<span class=\"item-val\">\u226460dB(A)<\/span><\/span><\/li>\n<li><span style=\"font-family: 'times new roman', times, serif; font-size: 14pt;\">G\u00fc\u00e7 t\u00fcketimi\u00a0 \u00a0 \u00a0 \u00a0 <span class=\"item-val\">1200W<\/span><\/span><\/li>\n<li><span style=\"font-family: 'times new roman', times, serif; font-size: 14pt;\">Boyut\u00a0 \u00a0 \u00a0 \u00a0 \u00a0 \u00a0 \u00a0 \u00a0 \u00a0 \u00a0 \u00a0 <span class=\"item-val\">420x625x370mm<\/span><\/span><\/li>\n<li><span style=\"font-family: 'times new roman', times, serif; font-size: 14pt;\">Net a\u011f\u0131rl\u0131\u011f\u0131\u00a0 \u00a0 \u00a0 \u00a0 \u00a0 \u00a0 \u00a0 \u00a0 \u00a0 \u00a0 \u00a0 <span class=\"item-val\">53 kilo<\/span><\/span><\/li>\n<\/ul>","protected":false},"featured_media":22297,"comment_status":"open","ping_status":"closed","template":"","meta":{"_acf_changed":false},"product_brand":[],"product_cat":[20,80,88,89],"product_tag":[],"class_list":{"0":"post-22269","1":"product","2":"type-product","3":"status-publish","4":"has-post-thumbnail","6":"product_cat-all","7":"product_cat-centrifuge","8":"product_cat-high-speed-centrifuge","9":"product_cat-high-speed-refrigerated-centrifuge","11":"first","12":"instock","13":"shipping-taxable","14":"product-type-simple"},"acf":[],"_links":{"self":[{"href":"https:\/\/lexamedlab.com\/tr\/wp-json\/wp\/v2\/product\/22269","targetHints":{"allow":["GET"]}}],"collection":[{"href":"https:\/\/lexamedlab.com\/tr\/wp-json\/wp\/v2\/product"}],"about":[{"href":"https:\/\/lexamedlab.com\/tr\/wp-json\/wp\/v2\/types\/product"}],"replies":[{"embeddable":true,"href":"https:\/\/lexamedlab.com\/tr\/wp-json\/wp\/v2\/comments?post=22269"}],"version-history":[{"count":1,"href":"https:\/\/lexamedlab.com\/tr\/wp-json\/wp\/v2\/product\/22269\/revisions"}],"predecessor-version":[{"id":22301,"href":"https:\/\/lexamedlab.com\/tr\/wp-json\/wp\/v2\/product\/22269\/revisions\/22301"}],"wp:featuredmedia":[{"embeddable":true,"href":"https:\/\/lexamedlab.com\/tr\/wp-json\/wp\/v2\/media\/22297"}],"wp:attachment":[{"href":"https:\/\/lexamedlab.com\/tr\/wp-json\/wp\/v2\/media?parent=22269"}],"wp:term":[{"taxonomy":"product_brand","embeddable":true,"href":"https:\/\/lexamedlab.com\/tr\/wp-json\/wp\/v2\/product_brand?post=22269"},{"taxonomy":"product_cat","embeddable":true,"href":"https:\/\/lexamedlab.com\/tr\/wp-json\/wp\/v2\/product_cat?post=22269"},{"taxonomy":"product_tag","embeddable":true,"href":"https:\/\/lexamedlab.com\/tr\/wp-json\/wp\/v2\/product_tag?post=22269"}],"curies":[{"name":"wp","href":"https:\/\/api.w.org\/{rel}","templated":true}]}}