{"id":22302,"date":"2025-05-21T11:24:56","date_gmt":"2025-05-21T11:24:56","guid":{"rendered":"https:\/\/lexamedlab.com\/?post_type=product&#038;p=22302"},"modified":"2025-05-28T17:16:09","modified_gmt":"2025-05-28T17:16:09","slug":"benchtop-high-speed-refrigerated-centrifuge-tgl-16s","status":"publish","type":"product","link":"https:\/\/lexamedlab.com\/tr\/product\/benchtop-high-speed-refrigerated-centrifuge-tgl-16s\/","title":{"rendered":"Tezgah \u00fcst\u00fc y\u00fcksek h\u0131zl\u0131 so\u011futmal\u0131 santrif\u00fcj TGL-16S"},"content":{"rendered":"<div style=\"width: 1280px;\" class=\"wp-video\"><!--[if lt IE 9]><script>document.createElement('video');<\/script><![endif]-->\n<video class=\"wp-video-shortcode\" id=\"video-22302-1\" width=\"1280\" height=\"720\" preload=\"metadata\" controls=\"controls\"><source type=\"video\/mp4\" src=\"https:\/\/lexamedlab.com\/wp-content\/uploads\/2025\/05\/date-16.mp4?_=1\" \/><a href=\"https:\/\/lexamedlab.com\/wp-content\/uploads\/2025\/05\/date-16.mp4\">https:\/\/lexamedlab.com\/wp-content\/uploads\/2025\/05\/date-16.mp4<\/a><\/video><\/div>\n<blockquote><p><span style=\"font-size: 18pt; font-family: 'times new roman', times, serif;\"><strong>&gt;\u00d6zellikler<\/strong><\/span><\/p><\/blockquote>\n<table style=\"width: 100%; border-collapse: collapse; background-color: #53a1cc;\">\n<tbody>\n<tr>\n<td style=\"width: 50%;\">\n<div><span style=\"font-size: 18pt;\"><strong><span style=\"color: #ffffff; font-family: 'times new roman', times, serif;\">Kullan\u0131c\u0131 dostu fonksiyon\u00a0<\/span><\/strong><\/span><\/div>\n<div><span style=\"color: #ffffff; font-size: 14pt; font-family: 'times new roman', times, serif;\">&gt;12 kullan\u0131c\u0131 tan\u0131ml\u0131 program<\/span><\/div>\n<div><span style=\"color: #ffffff; font-size: 14pt; font-family: 'times new roman', times, serif;\">&gt;40 h\u0131zlanma ve yava\u015flama oranlar\u0131<\/span><\/div>\n<div><span style=\"color: #ffffff; font-size: 14pt; font-family: 'times new roman', times, serif;\">&gt;99s59d&#039;ye kadar zamanlay\u0131c\u0131 aral\u0131\u011f\u0131<\/span><\/div>\n<div><span style=\"color: #ffffff; font-size: 14pt; font-family: 'times new roman', times, serif;\">&gt;RCF do\u011frudan ayarlanabilir.<\/span><\/div>\n<div><span style=\"color: #ffffff; font-size: 14pt; font-family: 'times new roman', times, serif;\">&gt;LCD ve LED ekran parametreleri basit ve net bir \u015fekilde g\u00f6sterir<\/span><\/div>\n<div><span style=\"color: #ffffff; font-size: 14pt; font-family: 'times new roman', times, serif;\">&gt;Su ge\u00e7irmez dokunmatik tu\u015f tak\u0131m\u0131, her parametreye sahiptir\u00a0<\/span><\/div>\n<div><span style=\"color: #ffffff; font-size: 14pt; font-family: 'times new roman', times, serif;\">\u00a0 \u00a0ayarlamak i\u00e7in kar\u015f\u0131l\u0131k gelen d\u00fc\u011fme<\/span><\/div>\n<div><span style=\"color: #ffffff; font-size: 14pt; font-family: 'times new roman', times, serif;\">&gt;Kullan\u0131c\u0131, rotor d\u00f6nerken parametreleri s\u0131f\u0131rlayabilir<\/span><\/div>\n<\/td>\n<td style=\"width: 50%;\">\n<div><strong><span style=\"color: #ffffff; font-size: 18pt; font-family: 'times new roman', times, serif;\">So\u011futma<\/span><\/strong><\/div>\n<div><span style=\"color: #ffffff; font-size: 14pt; font-family: 'times new roman', times, serif;\">&gt;\u0130yi kompres\u00f6r \u00fcnitesi<\/span><\/div>\n<div><span style=\"color: #ffffff; font-size: 14pt; font-family: 'times new roman', times, serif;\">&gt;-20\u00b0C ila +40\u00b0C ,1\u00b0C art\u0131\u015f<\/span><\/div>\n<div><span style=\"color: #ffffff; font-size: 14pt; font-family: 'times new roman', times, serif;\">&gt;\u00b11\u2103 y\u00fcksek s\u0131cakl\u0131k do\u011frulu\u011fu<\/span><\/div>\n<div><span style=\"color: #ffffff; font-size: 14pt; font-family: 'times new roman', times, serif;\">&gt;CFC i\u00e7ermeyen so\u011futucu<\/span><\/div>\n<div><span style=\"color: #ffffff; font-size: 14pt; font-family: 'times new roman', times, serif;\">&gt;Haznenin i\u00e7indeki s\u0131cakl\u0131k sens\u00f6r\u00fc<\/span><\/div>\n<div><span style=\"color: #ffffff; font-size: 14pt; font-family: 'times new roman', times, serif;\">&gt;G\u00fc\u00e7 a\u00e7\u0131ld\u0131\u011f\u0131nda so\u011futmay\u0131 ba\u015flat\u0131r<\/span><\/div>\n<div><span style=\"color: #ffffff; font-size: 14pt; font-family: 'times new roman', times, serif;\">&gt;S\u0131kma i\u015fleminden sonra so\u011futmay\u0131 korur<\/span><\/div>\n<\/td>\n<\/tr>\n<tr>\n<td style=\"width: 50%;\">\n<div><strong><span style=\"color: #ffffff; font-size: 18pt; font-family: 'times new roman', times, serif;\">G\u00fcvenli\u011fi sa\u011flay\u0131n\u00a0<\/span><\/strong><\/div>\n<div><span style=\"color: #ffffff; font-size: 14pt; font-family: 'times new roman', times, serif;\">&gt;A\u015f\u0131r\u0131 h\u0131z\u0131 \u00f6nlemek i\u00e7in otomatik rotor tan\u0131ma<\/span><\/div>\n<div><span style=\"color: #ffffff; font-size: 14pt; font-family: 'times new roman', times, serif;\">&gt;\u00dc\u00e7 eksenli jiroskop ile dengesizlik tespiti<\/span><\/div>\n<div><span style=\"color: #ffffff; font-size: 14pt; font-family: 'times new roman', times, serif;\">&gt;Motorlu elektronik kap\u0131 kilidi<\/span><\/div>\n<div><span style=\"color: #ffffff; font-size: 14pt; font-family: 'times new roman', times, serif;\">&gt;Rotor d\u00f6nerken kap\u0131 a\u00e7\u0131lamaz<\/span><\/div>\n<div><span style=\"color: #ffffff; font-size: 14pt; font-family: 'times new roman', times, serif;\">&gt;Kap\u0131n\u0131n d\u00fc\u015fmesini \u00f6nlemek i\u00e7in gaz mente\u015fesi<\/span><\/div>\n<div><span style=\"color: #ffffff; font-size: 14pt; font-family: 'times new roman', times, serif;\">&gt;Kalibrasyon ve \u00e7al\u0131\u015fma kontrol\u00fc i\u00e7in kap\u0131da port<\/span><\/div>\n<div><span style=\"color: #ffffff; font-size: 14pt; font-family: 'times new roman', times, serif;\">&gt;Acil kap\u0131 kilidi a\u00e7ma<\/span><\/div>\n<div><span style=\"color: #ffffff; font-size: 14pt; font-family: 'times new roman', times, serif;\">&gt;G\u00fcvenli santrif\u00fcjlemeyi sa\u011flamak i\u00e7in \u00e7e\u015fitli korumalar<\/span><\/div>\n<\/td>\n<td style=\"width: 50%;\">\n<div><strong><span style=\"color: #ffffff; font-size: 18pt; font-family: 'times new roman', times, serif;\">\u0130yi bile\u015fenler\u00a0<\/span><\/strong><\/div>\n<div><span style=\"color: #ffffff; font-size: 14pt; font-family: 'times new roman', times, serif;\">&gt;Motor: De\u011fi\u015fken frekansl\u0131 motor.<\/span><\/div>\n<div><span style=\"color: #ffffff; font-size: 14pt; font-family: 'times new roman', times, serif;\">\u00a0 \u00a0istikrarl\u0131 \u00e7al\u0131\u015fma, bak\u0131m gerektirmez, uzun \u00f6m\u00fcrl\u00fc<\/span><\/div>\n<div><span style=\"color: #ffffff; font-size: 14pt; font-family: 'times new roman', times, serif;\">&gt;G\u00f6vde: Kal\u0131n ve g\u00fc\u00e7l\u00fc \u00e7elik<\/span><\/div>\n<div><span style=\"color: #ffffff; font-size: 14pt; font-family: 'times new roman', times, serif;\">&gt;Hazne: Teflon kaplamal\u0131 316 paslanmaz \u00e7elik.<\/span><\/div>\n<div><span style=\"color: #ffffff; font-size: 14pt; font-family: 'times new roman', times, serif;\">\u00a0 \u00a0korozyon \u00f6nleyici ve temizlemesi kolay<\/span><\/div>\n<div><span style=\"color: #ffffff; font-size: 14pt; font-family: 'times new roman', times, serif;\">&gt;Rotor: Al\u00fcminyum ala\u015f\u0131ml\u0131 rotor<\/span><\/div>\n<div><span style=\"color: #ffffff; font-size: 14pt; font-family: 'times new roman', times, serif;\">&gt;Rotorlar otoklavlanabilir\u00a0<\/span><\/div>\n<\/td>\n<\/tr>\n<\/tbody>\n<\/table>\n<blockquote><p><strong><span style=\"font-size: 18pt; font-family: 'times new roman', times, serif;\">&gt;Mevcut rotorlar<\/span><\/strong><\/p><\/blockquote>\n<table style=\"border-collapse: collapse; width: 100%;\">\n<tbody>\n<tr>\n<td style=\"width: 20%;\">\u00a0 \u00a0\u00a0<img fetchpriority=\"high\" decoding=\"async\" class=\"alignnone size-medium wp-image-22308\" src=\"https:\/\/lexamedlab.com\/wp-content\/uploads\/2025\/05\/12x1-5ml-10.webp\" alt=\"\" width=\"1500\" height=\"1000\" \/><\/td>\n<td style=\"width: 20%;\"><img decoding=\"async\" class=\"alignnone size-full wp-image-22309\" src=\"https:\/\/lexamedlab.com\/wp-content\/uploads\/2025\/05\/12x5ml-6.webp\" alt=\"\" width=\"1500\" height=\"1000\" \/><\/td>\n<td style=\"width: 20%;\"><img decoding=\"async\" class=\"alignnone size-full wp-image-22310\" src=\"https:\/\/lexamedlab.com\/wp-content\/uploads\/2025\/05\/24x1-5ml-1-6.webp\" alt=\"\" width=\"1500\" height=\"1000\" \/><\/td>\n<td style=\"width: 20%;\"><img loading=\"lazy\" decoding=\"async\" class=\"alignnone size-full wp-image-22311\" src=\"https:\/\/lexamedlab.com\/wp-content\/uploads\/2025\/05\/12x10ml-9.webp\" alt=\"\" width=\"1500\" height=\"1000\" \/><\/td>\n<td style=\"width: 20%;\"><img loading=\"lazy\" decoding=\"async\" class=\"alignnone size-full wp-image-22312\" src=\"https:\/\/lexamedlab.com\/wp-content\/uploads\/2025\/05\/48x1-5ml-9.webp\" alt=\"\" width=\"1500\" height=\"1000\" \/><\/td>\n<\/tr>\n<tr>\n<td style=\"width: 20%;\">\n<div><span style=\"font-size: 14pt; font-family: 'times new roman', times, serif;\">Rotor:Sabit a\u00e7\u0131l\u0131 rotor<\/span><\/div>\n<div><span style=\"font-size: 14pt; font-family: 'times new roman', times, serif;\">Kapasite: 12\u00d71.5\/2.2ml<\/span><\/div>\n<div><span style=\"font-size: 14pt; font-family: 'times new roman', times, serif;\">Maksimum h\u0131z: 16500rpm<\/span><\/div>\n<div><span style=\"font-size: 14pt; font-family: 'times new roman', times, serif;\">Maksimum RCF:19000\u00d7g<\/span><\/div>\n<div><span style=\"font-size: 14pt; font-family: 'times new roman', times, serif;\">T\u00fcp boyutu:\u03a611x42mm<\/span><\/div>\n<\/td>\n<td style=\"width: 20%;\">\n<div><span style=\"font-size: 14pt; font-family: 'times new roman', times, serif;\">Rotor:Sabit a\u00e7\u0131l\u0131 rotor<\/span><\/div>\n<div><span style=\"font-size: 14pt; font-family: 'times new roman', times, serif;\">Kapasite:12x 5ml<\/span><\/div>\n<div><span style=\"font-size: 14pt; font-family: 'times new roman', times, serif;\">Maksimum h\u0131z: 15000rpm<\/span><\/div>\n<div><span style=\"font-size: 14pt; font-family: 'times new roman', times, serif;\">Maksimum RCF:18270\u00d7g<\/span><\/div>\n<div><span style=\"font-size: 14pt; font-family: 'times new roman', times, serif;\">T\u00fcp boyutu:\u03a614\u00d754mm<\/span><\/div>\n<\/td>\n<td style=\"width: 20%;\">\n<div><span style=\"font-size: 14pt; font-family: 'times new roman', times, serif;\">Rotor:Sabit a\u00e7\u0131l\u0131 rotor<\/span><\/div>\n<div><span style=\"font-size: 14pt; font-family: 'times new roman', times, serif;\">Kapasite: 24\u00d71.5\/2.2ml<\/span><\/div>\n<div><span style=\"font-size: 14pt; font-family: 'times new roman', times, serif;\">Maksimum h\u0131z: 15000rpm<\/span><\/div>\n<div><span style=\"font-size: 14pt; font-family: 'times new roman', times, serif;\">Maksimum RCF:21630\u00d7g<\/span><\/div>\n<div><span style=\"font-size: 14pt; font-family: 'times new roman', times, serif;\">T\u00fcp boyutu:\u03a611x42mm<\/span><\/div>\n<\/td>\n<td style=\"width: 20%;\">\n<div><span style=\"font-size: 14pt; font-family: 'times new roman', times, serif;\">Rotor:Sabit a\u00e7\u0131l\u0131 rotor<\/span><\/div>\n<div><span style=\"font-size: 14pt; font-family: 'times new roman', times, serif;\">Kapasite:12x10ml<\/span><\/div>\n<div><span style=\"font-size: 14pt; font-family: 'times new roman', times, serif;\">Maksimum h\u0131z: 12000rpm<\/span><\/div>\n<div><span style=\"font-size: 14pt; font-family: 'times new roman', times, serif;\">Maksimum RCF:13310\u00d7g<\/span><\/div>\n<div><span style=\"font-size: 14pt; font-family: 'times new roman', times, serif;\">T\u00fcp boyutu:\u03a616x86mm<\/span><\/div>\n<\/td>\n<td style=\"width: 20%;\">\n<div><span style=\"font-size: 14pt; font-family: 'times new roman', times, serif;\">Rotor:Sabit a\u00e7\u0131l\u0131 rotor<\/span><\/div>\n<div><span style=\"font-size: 14pt; font-family: 'times new roman', times, serif;\">Kapasite: 48\u00d71.5\/2.2ml<\/span><\/div>\n<div><span style=\"font-size: 14pt; font-family: 'times new roman', times, serif;\">Maksimum h\u0131z: 12000rpm<\/span><\/div>\n<div><span style=\"font-size: 14pt; font-family: 'times new roman', times, serif;\">Maksimum RCF:15970\u00d7g<\/span><\/div>\n<div><span style=\"font-size: 14pt; font-family: 'times new roman', times, serif;\">T\u00fcp boyutu:\u03a611x42mm<\/span><\/div>\n<\/td>\n<\/tr>\n<\/tbody>\n<\/table>","protected":false},"excerpt":{"rendered":"<div>\n<p><span style=\"font-size: 14pt; font-family: 'times new roman', times, serif;\">TGL-16S, 0,2 mL-10 ml aras\u0131nda numune hacmi tutabilen pratik bir tezgah \u00fcst\u00fc so\u011futmal\u0131 santrif\u00fcjd\u00fcr. Tamamen \u00e7elik g\u00f6vde, LCD ve LED \u00e7ift ekranl\u0131 g\u00f6sterge. Maksimum h\u0131z 16500 rpm&#039;ye ula\u015fabilir. Bu \u00fcnite, -20 \u00b0 C ile + 40 \u00b0 C aras\u0131nda bir s\u0131cakl\u0131k aral\u0131\u011f\u0131na sahip so\u011futmay\u0131 i\u00e7erir.<\/span><\/p>\n<\/div>\n<ul>\n<li><span style=\"font-size: 14pt; font-family: 'times new roman', times, serif;\">Maksimum h\u0131z\u00a0 \u00a0 \u00a0 \u00a0 \u00a0 \u00a0 \u00a0 \u00a0 \u00a0 \u00a0 \u00a0 \u00a0<span class=\"item-val\">16500 devir\/dakika<\/span><\/span><\/li>\n<li><span style=\"font-size: 14pt; font-family: 'times new roman', times, serif;\">Maksimum RCF\u00a0 \u00a0 \u00a0 \u00a0 \u00a0 \u00a0 \u00a0 \u00a0 \u00a0 \u00a0 \u00a0 \u00a0 \u00a0<span class=\"item-val\">21630xg<\/span><\/span><\/li>\n<li><span style=\"font-size: 14pt; font-family: 'times new roman', times, serif;\">S\u0131cakl\u0131k aral\u0131\u011f\u0131\u00a0 \u00a0 \u00a0 \u00a0 \u00a0 \u00a0<span class=\"item-val\">-20\u2103 ile +40\u2103 aras\u0131<\/span><\/span><\/li>\n<li><span style=\"font-size: 14pt; font-family: 'times new roman', times, serif;\">S\u0131cakl\u0131k do\u011frulu\u011fu\u00a0 \u00a0 \u00a0 <span class=\"item-val\">\u00b11\u2103<\/span><\/span><\/li>\n<li><span style=\"font-size: 14pt; font-family: 'times new roman', times, serif;\">Zamanlay\u0131c\u0131 aral\u0131\u011f\u0131\u00a0 \u00a0 \u00a0 \u00a0 \u00a0 \u00a0 \u00a0 \u00a0 \u00a0 \u00a0 \u00a0 <span class=\"item-val\">1dk ila 99s59dk<\/span><\/span><\/li>\n<li><span style=\"font-size: 14pt; font-family: 'times new roman', times, serif;\">Maksimum kapasite\u00a0 \u00a0 \u00a0 \u00a0 \u00a0 \u00a0 \u00a0 \u00a0 \u00a0 \u00a0 <span class=\"item-val\">12*10ml<\/span><\/span><\/li>\n<li><span style=\"font-size: 14pt; font-family: 'times new roman', times, serif;\">H\u0131z do\u011frulu\u011fu\u00a0 \u00a0 \u00a0 \u00a0 \u00a0 \u00a0 \u00a0 \u00a0 \u00a0<span class=\"item-val\">\u00b110 dev\/dak<\/span><\/span><\/li>\n<li><span style=\"font-size: 14pt; font-family: 'times new roman', times, serif;\">G\u00fcr\u00fclt\u00fc\u00a0 \u00a0 \u00a0 \u00a0 \u00a0 \u00a0 \u00a0 \u00a0 \u00a0 \u00a0 \u00a0 \u00a0 \u00a0 \u00a0 \u00a0 \u00a0 <span class=\"item-val\">\u226460dB(A)<\/span><\/span><\/li>\n<li><span style=\"font-size: 14pt; font-family: 'times new roman', times, serif;\">G\u00fc\u00e7 t\u00fcketimi\u00a0 \u00a0 \u00a0 \u00a0 \u00a0<span class=\"item-val\">1000W<\/span><\/span><\/li>\n<li><span style=\"font-size: 14pt; font-family: 'times new roman', times, serif;\">Boyut\u00a0 \u00a0 \u00a0 \u00a0 \u00a0 \u00a0 \u00a0 \u00a0 \u00a0 \u00a0 \u00a0 \u00a0<span class=\"item-val\">420x625x370mm<\/span><\/span><\/li>\n<li><span style=\"font-size: 14pt; font-family: 'times new roman', times, serif;\">Net a\u011f\u0131rl\u0131\u011f\u0131\u00a0 \u00a0 \u00a0 \u00a0 \u00a0 \u00a0 \u00a0 \u00a0 \u00a0 \u00a0 \u00a0 \u00a0<span class=\"item-val\">53 kilo<\/span><\/span><\/li>\n<\/ul>","protected":false},"featured_media":22304,"comment_status":"open","ping_status":"closed","template":"","meta":{"_acf_changed":false},"product_brand":[],"product_cat":[20,80,88,89],"product_tag":[],"class_list":{"0":"post-22302","1":"product","2":"type-product","3":"status-publish","4":"has-post-thumbnail","6":"product_cat-all","7":"product_cat-centrifuge","8":"product_cat-high-speed-centrifuge","9":"product_cat-high-speed-refrigerated-centrifuge","11":"first","12":"instock","13":"shipping-taxable","14":"product-type-simple"},"acf":[],"_links":{"self":[{"href":"https:\/\/lexamedlab.com\/tr\/wp-json\/wp\/v2\/product\/22302","targetHints":{"allow":["GET"]}}],"collection":[{"href":"https:\/\/lexamedlab.com\/tr\/wp-json\/wp\/v2\/product"}],"about":[{"href":"https:\/\/lexamedlab.com\/tr\/wp-json\/wp\/v2\/types\/product"}],"replies":[{"embeddable":true,"href":"https:\/\/lexamedlab.com\/tr\/wp-json\/wp\/v2\/comments?post=22302"}],"version-history":[{"count":1,"href":"https:\/\/lexamedlab.com\/tr\/wp-json\/wp\/v2\/product\/22302\/revisions"}],"predecessor-version":[{"id":22314,"href":"https:\/\/lexamedlab.com\/tr\/wp-json\/wp\/v2\/product\/22302\/revisions\/22314"}],"wp:featuredmedia":[{"embeddable":true,"href":"https:\/\/lexamedlab.com\/tr\/wp-json\/wp\/v2\/media\/22304"}],"wp:attachment":[{"href":"https:\/\/lexamedlab.com\/tr\/wp-json\/wp\/v2\/media?parent=22302"}],"wp:term":[{"taxonomy":"product_brand","embeddable":true,"href":"https:\/\/lexamedlab.com\/tr\/wp-json\/wp\/v2\/product_brand?post=22302"},{"taxonomy":"product_cat","embeddable":true,"href":"https:\/\/lexamedlab.com\/tr\/wp-json\/wp\/v2\/product_cat?post=22302"},{"taxonomy":"product_tag","embeddable":true,"href":"https:\/\/lexamedlab.com\/tr\/wp-json\/wp\/v2\/product_tag?post=22302"}],"curies":[{"name":"wp","href":"https:\/\/api.w.org\/{rel}","templated":true}]}}