{"id":22333,"date":"2025-05-21T11:56:11","date_gmt":"2025-05-21T11:56:11","guid":{"rendered":"https:\/\/lexamedlab.com\/?post_type=product&#038;p=22333"},"modified":"2025-05-28T17:16:09","modified_gmt":"2025-05-28T17:16:09","slug":"floor-standing-high-speed-refrigerated-centrifuge-machine-lg-18","status":"publish","type":"product","link":"https:\/\/lexamedlab.com\/tr\/product\/floor-standing-high-speed-refrigerated-centrifuge-machine-lg-18\/","title":{"rendered":"Zemin tipi y\u00fcksek h\u0131zl\u0131 so\u011futmal\u0131 santrif\u00fcj makinesi LG-18"},"content":{"rendered":"<blockquote><p><strong><span style=\"font-size: 18pt; font-family: 'times new roman', times, serif;\">&gt;\u00d6zellikler<\/span><\/strong><\/p><\/blockquote>\n<table style=\"width: 100%; border-collapse: collapse; background-color: #53a1cc; height: 588px;\">\n<tbody>\n<tr style=\"height: 280px;\">\n<td style=\"width: 50%; height: 280px;\">\n<div><strong><span style=\"font-size: 18pt; font-family: 'times new roman', times, serif; color: #ffffff;\">Kullan\u0131c\u0131 dostu fonksiyon\u00a0<\/span><\/strong><\/div>\n<div><span style=\"font-size: 14pt; font-family: 'times new roman', times, serif; color: #ffffff;\">&gt;1000&#039;e kadar kullan\u0131c\u0131 tan\u0131ml\u0131 program<\/span><\/div>\n<div><span style=\"font-size: 14pt; font-family: 'times new roman', times, serif; color: #ffffff;\">&gt;100000&#039;e kadar \u00e7al\u0131\u015ft\u0131rma ge\u00e7mi\u015fi, PDF dosyas\u0131 olarak d\u0131\u015fa aktar\u0131labilir<\/span><\/div>\n<div><span style=\"font-size: 14pt; font-family: 'times new roman', times, serif; color: #ffffff;\">&gt;40&#039;a kadar h\u0131zlanma ve yava\u015flama, h\u0131z d\u00fc\u015f\u00fcrme oranlar\u0131\u00a0<\/span><\/div>\n<div><span style=\"font-size: 14pt; font-family: 'times new roman', times, serif; color: #ffffff;\">\u00a0 \u00a0Numunelerin sallanmas\u0131n\u0131 \u00f6nlemek i\u00e7in 600 rpm&#039;den 0 rpm&#039;ye do\u011fru yava\u015f\u00e7a e\u011frisel olarak<\/span><\/div>\n<div><span style=\"font-size: 14pt; font-family: 'times new roman', times, serif; color: #ffffff;\">&gt;7 a\u015famaya kadar \u00e7ok a\u015famal\u0131 santrif\u00fcjleme modu mevcuttur<\/span><\/div>\n<div><span style=\"font-size: 14pt; font-family: 'times new roman', times, serif; color: #ffffff;\">&gt;99s59d59s&#039;ye kadar zamanlay\u0131c\u0131 aral\u0131\u011f\u0131, 1s art\u0131\u015f<\/span><\/div>\n<div><span style=\"font-size: 14pt; font-family: 'times new roman', times, serif; color: #ffffff;\">&gt; K\u0131sa d\u00f6n\u00fc\u015f ve s\u00fcrekli santrif\u00fcjlemeyi destekler<\/span><\/div>\n<div><span style=\"font-size: 14pt; font-family: 'times new roman', times, serif; color: #ffffff;\">&gt;Parametreleri g\u00f6r\u00fcnt\u00fclemek ve ayarlamak i\u00e7in LCD dokunmatik ekran<\/span><\/div>\n<\/td>\n<td style=\"width: 50%; height: 280px;\">\n<div><strong><span style=\"font-size: 18pt; font-family: 'times new roman', times, serif; color: #ffffff;\">So\u011futma\u00a0<\/span><\/strong><\/div>\n<div><span style=\"font-size: 14pt; font-family: 'times new roman', times, serif; color: #ffffff;\">&gt;Y\u00fcksek kaliteli kompres\u00f6r \u00fcnitesi<\/span><\/div>\n<div><span style=\"font-size: 14pt; font-family: 'times new roman', times, serif; color: #ffffff;\">&gt;-20\u00b0C ila +40\u00b0C ,1\u00b0C art\u0131\u015f<\/span><\/div>\n<div><span style=\"font-size: 14pt; font-family: 'times new roman', times, serif; color: #ffffff;\">&gt;\u00b11\u2103 y\u00fcksek s\u0131cakl\u0131k do\u011frulu\u011fu<\/span><\/div>\n<div><span style=\"font-size: 14pt; font-family: 'times new roman', times, serif; color: #ffffff;\">&gt;CFC i\u00e7ermeyen so\u011futucu<\/span><\/div>\n<div><span style=\"font-size: 14pt; font-family: 'times new roman', times, serif; color: #ffffff;\">&gt;PID dinamik s\u0131cakl\u0131k kontrol\u00fc<\/span><\/div>\n<div><span style=\"font-size: 14pt; font-family: 'times new roman', times, serif; color: #ffffff;\">&gt;Haznenin i\u00e7indeki s\u0131cakl\u0131k sens\u00f6r\u00fc<\/span><\/div>\n<div><span style=\"font-size: 14pt; font-family: 'times new roman', times, serif; color: #ffffff;\">&gt;G\u00fc\u00e7 a\u00e7\u0131ld\u0131\u011f\u0131nda so\u011futmay\u0131 ba\u015flat\u0131r<\/span><\/div>\n<div><span style=\"font-size: 14pt; font-family: 'times new roman', times, serif; color: #ffffff;\">&gt;S\u0131kma i\u015fleminden sonra so\u011futmay\u0131 korur<\/span><\/div>\n<div><span style=\"font-size: 14pt; font-family: 'times new roman', times, serif; color: #ffffff;\">&gt;ECO enerji tasarrufu mod\u00fcl\u00fc ile<\/span><\/div>\n<\/td>\n<\/tr>\n<tr style=\"height: 308px;\">\n<td style=\"width: 50%; height: 308px;\">\n<div><strong><span style=\"font-size: 18pt; font-family: 'times new roman', times, serif; color: #ffffff;\">G\u00fcvenli\u011fi sa\u011flay\u0131n\u00a0<\/span><\/strong><\/div>\n<div><span style=\"font-size: 14pt; font-family: 'times new roman', times, serif; color: #ffffff;\">&gt;RFID otomatik rotor tan\u0131mlama<\/span><\/div>\n<div><span style=\"font-size: 14pt; font-family: 'times new roman', times, serif; color: #ffffff;\">&gt;\u00dc\u00e7 eksenli jiroskop ile dengesizlik tespiti<\/span><\/div>\n<div><span style=\"font-size: 14pt; font-family: 'times new roman', times, serif; color: #ffffff;\">&gt;Motorlu elektronik kap\u0131 kilidi<\/span><\/div>\n<div><span style=\"font-size: 14pt; font-family: 'times new roman', times, serif; color: #ffffff;\">&gt;Rotor d\u00f6nerken kap\u0131 a\u00e7\u0131lamaz<\/span><\/div>\n<div><span style=\"font-size: 14pt; font-family: 'times new roman', times, serif; color: #ffffff;\">&gt;Kap\u0131n\u0131n d\u00fc\u015fmesini \u00f6nlemek i\u00e7in gazl\u0131 mente\u015feler<\/span><\/div>\n<div><span style=\"font-size: 14pt; font-family: 'times new roman', times, serif; color: #ffffff;\">&gt;Kalibrasyon ve \u00e7al\u0131\u015fma kontrol\u00fc i\u00e7in kap\u0131da port<\/span><\/div>\n<div><span style=\"font-size: 14pt; font-family: 'times new roman', times, serif; color: #ffffff;\">&gt;Acil kap\u0131 kilidi a\u00e7ma<\/span><\/div>\n<div><span style=\"font-size: 14pt; font-family: 'times new roman', times, serif; color: #ffffff;\">&gt;Cihaz\u0131 kilitlemek i\u00e7in \u015fifre<\/span><\/div>\n<div><span style=\"font-size: 14pt; font-family: 'times new roman', times, serif; color: #ffffff;\">&gt;G\u00fcvenli santrif\u00fcjlemeyi sa\u011flamak i\u00e7in \u00e7e\u015fitli korumalar<\/span><\/div>\n<div><span style=\"font-size: 14pt; font-family: 'times new roman', times, serif; color: #ffffff;\">&gt;Asla kaybolmayacak elektronik kullan\u0131m k\u0131lavuzu ile<\/span><\/div>\n<\/td>\n<td style=\"width: 50%; height: 308px;\">\n<div><strong><span style=\"font-size: 18pt; font-family: 'times new roman', times, serif; color: #ffffff;\">\u0130yi bile\u015fenler\u00a0<\/span><\/strong><\/div>\n<div><span style=\"font-size: 14pt; font-family: 'times new roman', times, serif; color: #ffffff;\">&gt;Motor: De\u011fi\u015fken frekansl\u0131 motor.<\/span><\/div>\n<div><span style=\"font-size: 14pt; font-family: 'times new roman', times, serif; color: #ffffff;\">\u00a0 \u00a0istikrarl\u0131 \u00e7al\u0131\u015fma, bak\u0131m gerektirmez, uzun \u00f6m\u00fcrl\u00fc<\/span><\/div>\n<div><span style=\"font-size: 14pt; font-family: 'times new roman', times, serif; color: #ffffff;\">&gt;G\u00f6vde: Kal\u0131n ve g\u00fc\u00e7l\u00fc \u00e7elik<\/span><\/div>\n<div><span style=\"font-size: 14pt; font-family: 'times new roman', times, serif; color: #ffffff;\">&gt;Oda: T\u0131bbi s\u0131n\u0131f 316 paslanmaz \u00e7elik.<\/span><\/div>\n<div><span style=\"font-size: 14pt; font-family: 'times new roman', times, serif; color: #ffffff;\">\u00a0 \u00a0korozyon \u00f6nleyici ve temizlemesi kolay<\/span><\/div>\n<div><span style=\"font-size: 14pt; font-family: 'times new roman', times, serif; color: #ffffff;\">&gt;Rotor: Al\u00fcminyum ala\u015f\u0131ml\u0131 sabit a\u00e7\u0131l\u0131 rotor;<\/span><\/div>\n<div><span style=\"font-size: 14pt; font-family: 'times new roman', times, serif; color: #ffffff;\">\u00a0 Al\u00fcminyum ala\u015f\u0131m\/Paslanmaz \u00e7elikten yap\u0131lm\u0131\u015f d\u00f6ner rotor.<\/span><\/div>\n<div><span style=\"font-size: 14pt; font-family: 'times new roman', times, serif; color: #ffffff;\">&gt;Rotorlar otoklavlanabilir\u00a0<\/span><\/div>\n<\/td>\n<\/tr>\n<\/tbody>\n<\/table>\n<blockquote><p><strong><span style=\"font-size: 18pt; font-family: 'times new roman', times, serif;\">&gt;Mevcut rotorlar<\/span><\/strong><\/p><\/blockquote>\n<p><img fetchpriority=\"high\" decoding=\"async\" class=\"alignnone size-full wp-image-22338\" src=\"https:\/\/lexamedlab.com\/wp-content\/uploads\/2025\/05\/lg-18-scaled.webp\" alt=\"\" width=\"2560\" height=\"2256\" \/><\/p>","protected":false},"excerpt":{"rendered":"<div>\n<p><span style=\"font-size: 14pt; font-family: 'times new roman', times, serif;\">LG-18 y\u00fcksek h\u0131zl\u0131 so\u011futmal\u0131 santrif\u00fcj makinesidir, maksimum h\u0131z\u0131 22000 rpm&#039;dir, maksimum kapasitesi 4*750 ml&#039;dir, 0,2 ml ile 750 ml aras\u0131nda uyumludur.<\/span><\/p>\n<\/div>\n<ul>\n<li><span style=\"font-size: 14pt; font-family: 'times new roman', times, serif;\">Maksimum H\u0131z\u00a0 \u00a0 \u00a0 \u00a0 \u00a0 \u00a0 \u00a0 \u00a0 \u00a0 \u00a0 <a href=\"https:\/\/lexamedlab.com\/wp-content\/uploads\/2025\/05\/LG-18.pdf\">LG-18<\/a><span class=\"item-val\">18000 devir\/dakika<\/span><\/span><\/li>\n<li><span style=\"font-size: 14pt; font-family: 'times new roman', times, serif;\">Maksimum RCF\u00a0 \u00a0 \u00a0 \u00a0 \u00a0 \u00a0 \u00a0 \u00a0 \u00a0 \u00a0 \u00a0 \u00a0<span class=\"item-val\">31405Xg<\/span><\/span><\/li>\n<li><span style=\"font-size: 14pt; font-family: 'times new roman', times, serif;\">Maksimum Kapasite\u00a0 \u00a0 \u00a0 \u00a0 \u00a0 \u00a0 \u00a0 \u00a0 \u00a0<span class=\"item-val\">4*250ml<\/span><\/span><\/li>\n<li><span style=\"font-size: 14pt; font-family: 'times new roman', times, serif;\">S\u0131cakl\u0131k Aral\u0131\u011f\u0131\u00a0 \u00a0 \u00a0 \u00a0 \u00a0<span class=\"item-val\">-20\u2103-40\u2103<\/span><\/span><\/li>\n<li><span style=\"font-size: 14pt; font-family: 'times new roman', times, serif;\">S\u0131cakl\u0131k Do\u011frulu\u011fu\u00a0 \u00a0 <span class=\"item-val\">\u00b11\u2103<\/span><\/span><\/li>\n<li><span style=\"font-size: 14pt; font-family: 'times new roman', times, serif;\">H\u0131z Do\u011frulu\u011fu\u00a0 \u00a0 \u00a0 \u00a0 \u00a0 \u00a0 \u00a0 <span class=\"item-val\">\u00b110 dev\/dak<\/span><\/span><\/li>\n<li><span style=\"font-size: 14pt; font-family: 'times new roman', times, serif;\">A\u011f\u0131rl\u0131k\u00a0 \u00a0 \u00a0 \u00a0 \u00a0 \u00a0 \u00a0 \u00a0 \u00a0 \u00a0 \u00a0 \u00a0 \u00a0 \u00a0 <span class=\"item-val\">160 kilo<\/span><\/span><\/li>\n<\/ul>","protected":false},"featured_media":22334,"comment_status":"open","ping_status":"closed","template":"","meta":{"_acf_changed":false},"product_brand":[],"product_cat":[20,80,93,88],"product_tag":[],"class_list":{"0":"post-22333","1":"product","2":"type-product","3":"status-publish","4":"has-post-thumbnail","6":"product_cat-all","7":"product_cat-centrifuge","8":"product_cat-floorstanding-high-speed-refrigerated-centrifuge","9":"product_cat-high-speed-centrifuge","11":"first","12":"instock","13":"shipping-taxable","14":"product-type-simple"},"acf":[],"_links":{"self":[{"href":"https:\/\/lexamedlab.com\/tr\/wp-json\/wp\/v2\/product\/22333","targetHints":{"allow":["GET"]}}],"collection":[{"href":"https:\/\/lexamedlab.com\/tr\/wp-json\/wp\/v2\/product"}],"about":[{"href":"https:\/\/lexamedlab.com\/tr\/wp-json\/wp\/v2\/types\/product"}],"replies":[{"embeddable":true,"href":"https:\/\/lexamedlab.com\/tr\/wp-json\/wp\/v2\/comments?post=22333"}],"version-history":[{"count":1,"href":"https:\/\/lexamedlab.com\/tr\/wp-json\/wp\/v2\/product\/22333\/revisions"}],"predecessor-version":[{"id":22341,"href":"https:\/\/lexamedlab.com\/tr\/wp-json\/wp\/v2\/product\/22333\/revisions\/22341"}],"wp:featuredmedia":[{"embeddable":true,"href":"https:\/\/lexamedlab.com\/tr\/wp-json\/wp\/v2\/media\/22334"}],"wp:attachment":[{"href":"https:\/\/lexamedlab.com\/tr\/wp-json\/wp\/v2\/media?parent=22333"}],"wp:term":[{"taxonomy":"product_brand","embeddable":true,"href":"https:\/\/lexamedlab.com\/tr\/wp-json\/wp\/v2\/product_brand?post=22333"},{"taxonomy":"product_cat","embeddable":true,"href":"https:\/\/lexamedlab.com\/tr\/wp-json\/wp\/v2\/product_cat?post=22333"},{"taxonomy":"product_tag","embeddable":true,"href":"https:\/\/lexamedlab.com\/tr\/wp-json\/wp\/v2\/product_tag?post=22333"}],"curies":[{"name":"wp","href":"https:\/\/api.w.org\/{rel}","templated":true}]}}