{"id":22463,"date":"2025-05-22T05:49:32","date_gmt":"2025-05-22T05:49:32","guid":{"rendered":"https:\/\/lexamedlab.com\/?post_type=product&#038;p=22463"},"modified":"2025-05-27T15:11:36","modified_gmt":"2025-05-27T15:11:36","slug":"automatic-decap-blood-collection-tube-centrifuge-biosafety-type-dd-5g","status":"publish","type":"product","link":"https:\/\/lexamedlab.com\/tr\/product\/automatic-decap-blood-collection-tube-centrifuge-biosafety-type-dd-5g\/","title":{"rendered":"otomatik decap kan toplama t\u00fcp\u00fc santrif\u00fcj\u00fc (Biyog\u00fcvenlik Tipi) DD-5G"},"content":{"rendered":"<p><strong><span style=\"font-family: 'times new roman', times, serif; font-size: 14pt;\">\u00d6zellik\u00a0<\/span><\/strong><\/p>\n<p><span style=\"font-family: 'times new roman', times, serif; font-size: 14pt;\">1. De\u011fi\u015fken frekansl\u0131 motor. \u00dc\u00e7 \u00e7e\u015fit motor vard\u0131r - F\u0131r\u00e7al\u0131 motor, f\u0131r\u00e7as\u0131z motor ve de\u011fi\u015fken frekansl\u0131 motor, sonuncusu en iyisidir. D\u00fc\u015f\u00fck ar\u0131za oran\u0131na sahiptir, \u00e7evre dostudur, bak\u0131m gerektirmez ve iyi performans g\u00f6sterir. \u0130yi performans\u0131 h\u0131z do\u011frulu\u011funun \u00b110 rpm&#039;ye kadar ula\u015fmas\u0131n\u0131 sa\u011flar. <\/span><\/p>\n<p><span style=\"font-family: 'times new roman', times, serif; font-size: 14pt;\">2. LCD dokunmatik ekran, do\u011frudan say\u0131lar\u0131 girerek parametreleri ayarlayabilirsiniz. LCD dokunmatik ekranda her \u015fey basitlik ve netlik olarak g\u00f6r\u00fcnt\u00fclenir. Parametreleri ayarlamak istedi\u011fimizde, sadece ekrana dokunun ve say\u0131lar\u0131 girin. <\/span><\/p>\n<p><span style=\"font-family: 'times new roman', times, serif; font-size: 14pt;\">3. Elektronik Kap\u0131 Kilidi Santrif\u00fcj \u00e7al\u0131\u015f\u0131rken kap\u0131n\u0131n a\u00e7\u0131lmayaca\u011f\u0131ndan emin olmal\u0131y\u0131z. G\u00fcvenli\u011fi sa\u011flamak i\u00e7in elektronik kap\u0131 kilidi kullan\u0131yoruz.<\/span><\/p>\n<p><span style=\"font-family: 'times new roman', times, serif; font-size: 14pt;\"> 4. Tamamen \u00c7elik G\u00f6vde ve 304SS Hazne. G\u00fcvenli \u00e7al\u0131\u015fmay\u0131 sa\u011flamak ve santrif\u00fcj\u00fcn g\u00fc\u00e7l\u00fc ve dayan\u0131kl\u0131 olmas\u0131n\u0131 sa\u011flamak i\u00e7in y\u00fcksek maliyetli malzeme \u00e7eli\u011fi ve 304 paslanmaz \u00e7elik kullan\u0131yoruz. <\/span><\/p>\n<p><span style=\"font-family: 'times new roman', times, serif; font-size: 14pt;\">5. 40 h\u0131zlanma ve yava\u015flama oran\u0131 seviyesi. Fonksiyon nas\u0131l \u00e7al\u0131\u015f\u0131r? Bir \u00f6rnek verelim, h\u0131z\u0131 5000rpm olarak ayarlayal\u0131m ve START d\u00fc\u011fmesine basal\u0131m, ard\u0131ndan santrif\u00fcj 0rpm&#039;den 5000rpm&#039;ye h\u0131zlanacakt\u0131r. 0rpm&#039;den 5000rpm&#039;ye, daha az zaman m\u0131 yoksa daha fazla zaman m\u0131 alaca\u011f\u0131n\u0131, yani daha h\u0131zl\u0131 m\u0131 yoksa daha yava\u015f m\u0131 \u00e7al\u0131\u015faca\u011f\u0131n\u0131 belirleyebilir miyiz? Evet, bu santrif\u00fcj deste\u011fi. <\/span><\/p>\n<p><span style=\"font-family: 'times new roman', times, serif; font-size: 14pt;\">6. 12 program\u0131 saklayabilir G\u00fcnl\u00fck kullan\u0131mda, gelecekteki kullan\u0131mlar i\u00e7in farkl\u0131 ama\u00e7lar i\u00e7in farkl\u0131 parametreler ayarlamam\u0131z gerekebilir. Bu santrif\u00fcj 12 program\u0131 saklayabilir. <\/span><\/p>\n<p><span style=\"font-family: 'times new roman', times, serif; font-size: 14pt;\">7. Santrif\u00fcjleme ve dekapaj ayn\u0131 anda tamamlan\u0131r. Bu fonksiyon, numunelerin ayr\u0131lmas\u0131ndan sonra tekrar kar\u0131\u015ft\u0131r\u0131lmas\u0131n\u0131 \u00f6nleyebilir. <\/span><\/p>\n<p><span style=\"font-family: 'times new roman', times, serif; font-size: 14pt;\">8. Y\u00fcksek verimli filtrasyon sistemi Ay\u0131rma i\u015fleminde olu\u015fan zararl\u0131 gaz, kapak zaman\u0131nda \u00e7\u0131kar\u0131ld\u0131ktan sonra filtrelenir, numunelerin \u00e7apraz kontaminasyonunu etkili bir \u015fekilde \u00f6nler ve operat\u00f6rler i\u00e7in enfeksiyon riskini azalt\u0131r. Bu nedenle DD-TG Biyog\u00fcvenlik Tipi bir makinedir. <\/span><\/p>\n<p><span style=\"font-family: 'times new roman', times, serif; font-size: 14pt;\">9. Vakumlu kan alma t\u00fcpleri i\u00e7in \u00f6zel olarak tasarlanm\u0131\u015ft\u0131r \u00c7e\u015fitli kapasitelerdeki vakumlu kan alma t\u00fcpleri i\u00e7in uygundur. <\/span><\/p>\n<p><span style=\"font-family: 'times new roman', times, serif; font-size: 14pt;\">10. UV sterilizasyon fonksiyonu ve Ba\u011f\u0131ms\u0131z anahtar kontrol\u00fc (Biyog\u00fcvenlik tipi)<\/span><\/p>\n<p><span style=\"font-family: 'times new roman', times, serif; font-size: 18pt;\"><strong>rotorlar\u00a0<\/strong><\/span><\/p>\n<table style=\"border-collapse: collapse; width: 100%;\">\n<tbody>\n<tr>\n<td style=\"width: 25%;\">NO.1 sal\u0131ncakl\u0131 rotor<\/td>\n<td style=\"width: 25%;\">NO.2 otomatik decap rotoru<\/td>\n<td style=\"width: 25%;\">NO.3 otomatik decap rotoru<\/td>\n<td style=\"width: 25%;\">NO.4 otomatik decap rotoru<\/td>\n<\/tr>\n<tr>\n<td style=\"width: 25%;\"><img fetchpriority=\"high\" decoding=\"async\" class=\"alignnone size-full wp-image-22464\" src=\"https:\/\/lexamedlab.com\/wp-content\/uploads\/2025\/05\/4x250ml-with-wind-cover-scaled.png\" alt=\"\" width=\"2560\" height=\"1115\" \/><\/td>\n<td style=\"width: 25%;\"><img decoding=\"async\" class=\"alignnone  wp-image-22465\" src=\"https:\/\/lexamedlab.com\/wp-content\/uploads\/2025\/05\/80x7ml-\u8131\u5e3d-scaled.png\" alt=\"\" width=\"278\" height=\"234\" \/><\/td>\n<td style=\"width: 25%;\"><img decoding=\"async\" class=\"alignnone size-full wp-image-22466\" src=\"https:\/\/lexamedlab.com\/wp-content\/uploads\/2025\/05\/120x7\u8131\u76d6-scaled.png\" alt=\"\" width=\"2560\" height=\"2102\" \/><\/td>\n<td style=\"width: 25%;\"><img loading=\"lazy\" decoding=\"async\" class=\"alignnone size-full wp-image-22467\" src=\"https:\/\/lexamedlab.com\/wp-content\/uploads\/2025\/05\/140x7ml-scaled.png\" alt=\"\" width=\"2560\" height=\"2145\" \/><\/td>\n<\/tr>\n<tr>\n<td style=\"width: 25%;\">\n<div>Rotor: D\u0131\u015far\u0131 do\u011fru a\u00e7\u0131lan rotor<\/div>\n<div>Kapasite:4x250ml<\/div>\n<div>Maksimum H\u0131z: 5000 rpm<\/div>\n<div>Maksimum RCF:5200xg<\/div>\n<\/td>\n<td style=\"width: 25%;\">\n<div>Rotor: D\u0131\u015far\u0131 do\u011fru a\u00e7\u0131lan rotor<\/div>\n<div>Kapasite: 8\u00d72~7ml<\/div>\n<div>Maksimum H\u0131z: 4000rpm<\/div>\n<div>Maksimum RCF:3400xg<\/div>\n<\/td>\n<td style=\"width: 25%;\">\n<div>Rotor: D\u0131\u015far\u0131 do\u011fru a\u00e7\u0131lan rotor<\/div>\n<div>Kapasite: 120\u00d72~7ml<\/div>\n<div>Maksimum H\u0131z: 4000rpm<\/div>\n<div>Maksimum RCF:3580xg<\/div>\n<\/td>\n<td style=\"width: 25%;\">\n<div>Rotor: D\u0131\u015far\u0131 do\u011fru a\u00e7\u0131lan rotor<\/div>\n<div>Kapasite: 140\u00d72~7ml<\/div>\n<div>Maksimum H\u0131z: 4000rpm<\/div>\n<div>Maksimum RCF:3580xg<\/div>\n<\/td>\n<\/tr>\n<\/tbody>\n<\/table>\n<p>&nbsp;<\/p>","protected":false},"excerpt":{"rendered":"<p><span style=\"font-size: 14pt; font-family: 'times new roman', times, serif;\">DD-5G, vakumlu kan toplama t\u00fcp\u00fc santrif\u00fcj\u00fcn\u00fcn Biyog\u00fcvenlik Tipi otomatik kapak \u00e7\u0131karma i\u015flemidir ve \u00e7e\u015fitli kapasitelerdeki vakumlu kan toplama t\u00fcpleri i\u00e7in uygundur. Santrif\u00fcjleme ve kapak \u00e7\u0131karma i\u015flemleri, numunelerin ayr\u0131lmas\u0131ndan sonra tekrar kar\u0131\u015fmas\u0131n\u0131 \u00f6nlemek i\u00e7in ayn\u0131 anda tamamlan\u0131r. \u00d6zel Y\u00fcksek Verimli filtrasyon sistemi, kapak \u00e7\u0131kar\u0131ld\u0131ktan sonra ay\u0131rma i\u015fleminde olu\u015fan zararl\u0131 gaz\u0131 zaman\u0131nda filtreleyerek numunelerin \u00e7apraz kontaminasyonunu etkili bir \u015fekilde \u00f6nler ve operat\u00f6rler i\u00e7in enfeksiyon riskini azalt\u0131r. Bu nedenle DD-TG, Biyog\u00fcvenlik Tipi bir makinedir.<\/span><\/p>\n<ul>\n<li><span style=\"font-size: 14pt; font-family: 'times new roman', times, serif;\">Maksimum h\u0131z\u00a0 \u00a0 \u00a0 \u00a0 \u00a0 \u00a0 \u00a0 \u00a0 \u00a0 \u00a0<span class=\"item-val\">5000 devir\/dakika<\/span><\/span><\/li>\n<li><span style=\"font-size: 14pt; font-family: 'times new roman', times, serif;\">Maksimum RCF\u00a0 \u00a0 \u00a0 \u00a0 \u00a0 \u00a0 \u00a0 \u00a0 \u00a0 \u00a0 \u00a0<span class=\"item-val\">5200xg<\/span><\/span><\/li>\n<li><span style=\"font-size: 14pt; font-family: 'times new roman', times, serif;\">Maksimum kapasite\u00a0 \u00a0 \u00a0 \u00a0 \u00a0 \u00a0 \u00a0 \u00a0<span class=\"item-val\">4*800ml<\/span><\/span><\/li>\n<li><span style=\"font-size: 14pt; font-family: 'times new roman', times, serif;\">Zamanlay\u0131c\u0131 aral\u0131\u011f\u0131\u00a0 \u00a0 \u00a0 \u00a0 \u00a0 \u00a0 \u00a0 \u00a0 \u00a0<span class=\"item-val\">1sn ila 99s59d59sn<\/span><\/span><\/li>\n<li><span style=\"font-size: 14pt; font-family: 'times new roman', times, serif;\">H\u0131z do\u011frulu\u011fu\u00a0 \u00a0 \u00a0 \u00a0 \u00a0 \u00a0 <span class=\"item-val\">\u00b110 dev\/dak<\/span><\/span><\/li>\n<li><span style=\"font-size: 14pt; font-family: 'times new roman', times, serif;\">G\u00fcr\u00fclt\u00fc\u00a0 \u00a0 \u00a0 \u00a0 \u00a0 \u00a0 \u00a0 \u00a0 \u00a0 \u00a0 \u00a0 \u00a0 \u00a0 \u00a0 <span class=\"item-val\">\u226460dB(A)<\/span><\/span><\/li>\n<li><span style=\"font-size: 14pt; font-family: 'times new roman', times, serif;\">G\u00fc\u00e7 t\u00fcketimi\u00a0 \u00a0 \u00a0<span class=\"item-val\">1,1 kW<\/span><\/span><\/li>\n<li><span style=\"font-size: 14pt; font-family: 'times new roman', times, serif;\">Boyut\u00a0 \u00a0 \u00a0 \u00a0 \u00a0 \u00a0 \u00a0 \u00a0 \u00a0 \u00a0<span class=\"item-val\">680x620x840mm<\/span><\/span><\/li>\n<li><span style=\"font-size: 14pt; font-family: 'times new roman', times, serif;\">Net a\u011f\u0131rl\u0131\u011f\u0131\u00a0 \u00a0 \u00a0 \u00a0 \u00a0 \u00a0 \u00a0 \u00a0 \u00a0 \u00a0<span class=\"item-val\">145 kilo<\/span><\/span><\/li>\n<\/ul>\n<p>&nbsp;<\/p>","protected":false},"featured_media":22469,"comment_status":"open","ping_status":"closed","template":"","meta":{"_acf_changed":false},"product_brand":[],"product_cat":[20,80,97],"product_tag":[],"class_list":{"0":"post-22463","1":"product","2":"type-product","3":"status-publish","4":"has-post-thumbnail","6":"product_cat-all","7":"product_cat-centrifuge","8":"product_cat-special-purpose-centrifuge","10":"first","11":"instock","12":"shipping-taxable","13":"product-type-simple"},"acf":[],"_links":{"self":[{"href":"https:\/\/lexamedlab.com\/tr\/wp-json\/wp\/v2\/product\/22463","targetHints":{"allow":["GET"]}}],"collection":[{"href":"https:\/\/lexamedlab.com\/tr\/wp-json\/wp\/v2\/product"}],"about":[{"href":"https:\/\/lexamedlab.com\/tr\/wp-json\/wp\/v2\/types\/product"}],"replies":[{"embeddable":true,"href":"https:\/\/lexamedlab.com\/tr\/wp-json\/wp\/v2\/comments?post=22463"}],"version-history":[{"count":1,"href":"https:\/\/lexamedlab.com\/tr\/wp-json\/wp\/v2\/product\/22463\/revisions"}],"predecessor-version":[{"id":22472,"href":"https:\/\/lexamedlab.com\/tr\/wp-json\/wp\/v2\/product\/22463\/revisions\/22472"}],"wp:featuredmedia":[{"embeddable":true,"href":"https:\/\/lexamedlab.com\/tr\/wp-json\/wp\/v2\/media\/22469"}],"wp:attachment":[{"href":"https:\/\/lexamedlab.com\/tr\/wp-json\/wp\/v2\/media?parent=22463"}],"wp:term":[{"taxonomy":"product_brand","embeddable":true,"href":"https:\/\/lexamedlab.com\/tr\/wp-json\/wp\/v2\/product_brand?post=22463"},{"taxonomy":"product_cat","embeddable":true,"href":"https:\/\/lexamedlab.com\/tr\/wp-json\/wp\/v2\/product_cat?post=22463"},{"taxonomy":"product_tag","embeddable":true,"href":"https:\/\/lexamedlab.com\/tr\/wp-json\/wp\/v2\/product_tag?post=22463"}],"curies":[{"name":"wp","href":"https:\/\/api.w.org\/{rel}","templated":true}]}}