{"id":22473,"date":"2025-05-22T05:50:06","date_gmt":"2025-05-22T05:50:06","guid":{"rendered":"https:\/\/lexamedlab.com\/?post_type=product&#038;p=22473"},"modified":"2025-05-27T15:11:36","modified_gmt":"2025-05-27T15:11:36","slug":"benchtop-prp-ppp-centrifuge-td-450","status":"publish","type":"product","link":"https:\/\/lexamedlab.com\/tr\/product\/benchtop-prp-ppp-centrifuge-td-450\/","title":{"rendered":"Tezgah \u00dcst\u00fc PRP \/ PPP Santrif\u00fcj TD-450"},"content":{"rendered":"<p><strong><span style=\"font-family: 'times new roman', times, serif; font-size: 14pt;\">\u00d6zellik\u00a0<\/span><\/strong><\/p>\n<p><span style=\"font-family: 'times new roman', times, serif; font-size: 14pt;\">1. De\u011fi\u015fken frekansl\u0131 motor. \u00dc\u00e7 \u00e7e\u015fit motor vard\u0131r - F\u0131r\u00e7al\u0131 motor, f\u0131r\u00e7as\u0131z motor ve de\u011fi\u015fken frekansl\u0131 motor, sonuncusu en iyisidir. D\u00fc\u015f\u00fck ar\u0131za oran\u0131na sahiptir, \u00e7evre dostudur, bak\u0131m gerektirmez ve iyi performans g\u00f6sterir. \u0130yi performans\u0131 h\u0131z do\u011frulu\u011funun \u00b110 rpm&#039;ye kadar ula\u015fmas\u0131n\u0131 sa\u011flar.<\/span><\/p>\n<p><span style=\"font-family: 'times new roman', times, serif; font-size: 14pt;\"> 2. Tamamen \u00c7elik G\u00f6vde ve 304SS Hazne. G\u00fcvenli \u00e7al\u0131\u015fmay\u0131 sa\u011flamak ve santrif\u00fcj\u00fcn g\u00fc\u00e7l\u00fc ve dayan\u0131kl\u0131 olmas\u0131n\u0131 sa\u011flamak i\u00e7in y\u00fcksek maliyetli malzeme \u00e7eli\u011fi ve 304 paslanmaz \u00e7elik kullan\u0131yoruz. <\/span><\/p>\n<p><span style=\"font-family: 'times new roman', times, serif; font-size: 14pt;\">3. Elektronik Kap\u0131 Kilidi Santrif\u00fcj \u00e7al\u0131\u015f\u0131rken kap\u0131n\u0131n a\u00e7\u0131lmayaca\u011f\u0131ndan emin olmal\u0131y\u0131z. G\u00fcvenli\u011fi sa\u011flamak i\u00e7in elektronik kap\u0131 kilidi kullan\u0131yoruz. <\/span><\/p>\n<p><span style=\"font-family: 'times new roman', times, serif; font-size: 14pt;\">4. PRP \/ PPP i\u00e7in \u00f6zel santrif\u00fcj. 10ml \/ 20ml \/ 50ml \u015f\u0131r\u0131nga, 10ml vakumlu kan alma t\u00fcp\u00fc ve \u00e7e\u015fitli PRP \u00f6zel kitleri i\u00e7in uygundur. <\/span><\/p>\n<p><span style=\"font-family: 'times new roman', times, serif; font-size: 14pt;\">5. Daha fazla g\u00fcvenlik, daha fazla hijyen. T\u00fcm rotorlar ve rotor aksesuarlar\u0131 otoklavlanabilir. <\/span><\/p>\n<p><span style=\"font-family: 'times new roman', times, serif; font-size: 18pt;\"><strong>rotorlar\u00a0<\/strong><\/span><\/p>\n<table style=\"border-collapse: collapse; width: 100%;\">\n<tbody>\n<tr>\n<td style=\"width: 18.9214%;\"><span style=\"font-family: 'times new roman', times, serif; font-size: 14pt;\">NO.1 sal\u0131ncakl\u0131 rotor<\/span><\/td>\n<td style=\"width: 19.1439%;\"><span style=\"font-family: 'times new roman', times, serif; font-size: 14pt;\">NO.2 sal\u0131ncakl\u0131 rotor<\/span><\/td>\n<td style=\"width: 19.6626%;\"><span style=\"font-family: 'times new roman', times, serif; font-size: 14pt;\">NO.3 sal\u0131ncakl\u0131 rotor<\/span><\/td>\n<td style=\"width: 19.3941%;\"><span style=\"font-family: 'times new roman', times, serif; font-size: 14pt;\">NO.4 sal\u0131ncakl\u0131 rotor<\/span><\/td>\n<td style=\"width: 22.878%;\"><span style=\"font-family: 'times new roman', times, serif; font-size: 14pt;\">NO.5 sal\u0131n\u0131ml\u0131 rotor<\/span><\/td>\n<\/tr>\n<tr>\n<td style=\"width: 18.9214%;\"><img fetchpriority=\"high\" decoding=\"async\" class=\"alignnone size-full wp-image-22474\" src=\"https:\/\/lexamedlab.com\/wp-content\/uploads\/2025\/05\/16x10ml-syringe-scaled.png\" alt=\"\" width=\"2560\" height=\"2021\" \/><\/td>\n<td style=\"width: 19.1439%;\"><img decoding=\"async\" class=\"alignnone size-full wp-image-22475\" src=\"https:\/\/lexamedlab.com\/wp-content\/uploads\/2025\/05\/8x20ml-syringe-scaled.png\" alt=\"\" width=\"2560\" height=\"1939\" \/><\/td>\n<td style=\"width: 19.6626%;\"><img decoding=\"async\" class=\"alignnone size-full wp-image-22476\" src=\"https:\/\/lexamedlab.com\/wp-content\/uploads\/2025\/05\/4x50syringe.png\" alt=\"\" width=\"2472\" height=\"2352\" \/><\/td>\n<td style=\"width: 19.3941%;\"><img loading=\"lazy\" decoding=\"async\" class=\"alignnone size-full wp-image-22477\" src=\"https:\/\/lexamedlab.com\/wp-content\/uploads\/2025\/05\/4x100ml\u6c34\u5e73-scaled.png\" alt=\"\" width=\"2560\" height=\"2350\" \/><\/td>\n<td style=\"width: 22.878%;\"><img loading=\"lazy\" decoding=\"async\" class=\"alignnone size-full wp-image-22478\" src=\"https:\/\/lexamedlab.com\/wp-content\/uploads\/2025\/05\/24x7ml.png\" alt=\"\" width=\"2526\" height=\"2442\" \/><\/td>\n<\/tr>\n<tr>\n<td style=\"width: 18.9214%;\">\n<div><span style=\"font-family: 'times new roman', times, serif; font-size: 14pt;\">Rotor: D\u0131\u015far\u0131 do\u011fru a\u00e7\u0131lan rotor<\/span><\/div>\n<div><span style=\"font-family: 'times new roman', times, serif; font-size: 14pt;\">Kapasite:16x10ml<\/span><\/div>\n<div><span style=\"font-family: 'times new roman', times, serif; font-size: 14pt;\">Maksimum H\u0131z: 4000rpm<\/span><\/div>\n<div><span style=\"font-family: 'times new roman', times, serif; font-size: 14pt;\">Maksimum RCF:300xg<\/span><\/div>\n<\/td>\n<td style=\"width: 19.1439%;\">\n<div><span style=\"font-family: 'times new roman', times, serif; font-size: 14pt;\">Rotor: D\u0131\u015far\u0131 do\u011fru a\u00e7\u0131lan rotor<\/span><\/div>\n<div><span style=\"font-family: 'times new roman', times, serif; font-size: 14pt;\">Kapasite: 8x20ml \u015f\u0131r\u0131nga\u00a0<\/span><\/div>\n<div><span style=\"font-family: 'times new roman', times, serif; font-size: 14pt;\">Maksimum H\u0131z: 4000rpm<\/span><\/div>\n<div><span style=\"font-family: 'times new roman', times, serif; font-size: 14pt;\">Maksimum RCF:3100xg<\/span><\/div>\n<\/td>\n<td style=\"width: 19.6626%;\">\n<div><span style=\"font-family: 'times new roman', times, serif; font-size: 14pt;\">Rotor: D\u0131\u015far\u0131 do\u011fru a\u00e7\u0131lan rotor<\/span><\/div>\n<div><span style=\"font-family: 'times new roman', times, serif; font-size: 14pt;\">Kapasite:4 delikli PRP setleri\u00a0<\/span><\/div>\n<div><span style=\"font-family: 'times new roman', times, serif; font-size: 14pt;\">Maksimum H\u0131z: 4000rpm<\/span><\/div>\n<div><span style=\"font-family: 'times new roman', times, serif; font-size: 14pt;\">Maksimum RCF:3380xg<\/span><\/div>\n<\/td>\n<td style=\"width: 19.3941%;\">\n<div><span style=\"font-family: 'times new roman', times, serif; font-size: 14pt;\">Rotor: D\u0131\u015far\u0131 do\u011fru a\u00e7\u0131lan rotor<\/span><\/div>\n<div><span style=\"font-family: 'times new roman', times, serif; font-size: 14pt;\">Kapasite:4x50ml \u015f\u0131r\u0131nga\u00a0<\/span><\/div>\n<div><span style=\"font-family: 'times new roman', times, serif; font-size: 14pt;\">Maksimum H\u0131z: 4000rpm<\/span><\/div>\n<div><span style=\"font-family: 'times new roman', times, serif; font-size: 14pt;\">Maksimum RCF:3380xg<\/span><\/div>\n<\/td>\n<td style=\"width: 22.878%;\">\n<div>\n<div><span style=\"font-family: 'times new roman', times, serif; font-size: 14pt;\">Rotor: D\u0131\u015far\u0131 do\u011fru a\u00e7\u0131lan rotor<\/span><\/div>\n<div><span style=\"font-family: 'times new roman', times, serif; font-size: 14pt;\">Kapasite: 24 adet kan alma t\u00fcp\u00fc\u00a0<\/span><\/div>\n<div><span style=\"font-family: 'times new roman', times, serif; font-size: 14pt;\">Maksimum H\u0131z: 4000rpm<\/span><\/div>\n<div><span style=\"font-family: 'times new roman', times, serif; font-size: 14pt;\">Maksimum RCF: 2890xg<\/span><\/div>\n<\/div>\n<\/td>\n<\/tr>\n<\/tbody>\n<\/table>\n<p>&nbsp;<\/p>","protected":false},"excerpt":{"rendered":"<div class=\"item-meta\" data-module=\"6\">\n<div><span style=\"font-family: 'times new roman', times, serif; font-size: 14pt;\">TD-450, PRP ve PPP konusunda uzmanla\u015fm\u0131\u015ft\u0131r, 10ml\/ 20ml\/ 50ml \u015f\u0131r\u0131nga, 10ml vakumlu kan toplama t\u00fcp\u00fc ve \u00e7e\u015fitli PRP \u00f6zel kitleri i\u00e7in uygundur. T\u00fcm rotorlar ve rotor aksesuarlar\u0131 otoklavlanabilir.<\/span><\/div>\n<\/div>\n<ul>\n<li><span style=\"font-size: 14pt; font-family: 'times new roman', times, serif;\">Maksimum h\u0131z\u00a0 \u00a0 \u00a0 \u00a0 \u00a0 \u00a0 \u00a0 \u00a0 \u00a0 \u00a0<span class=\"item-val\">5000 devir\/dakika<\/span><\/span><\/li>\n<li><span style=\"font-size: 14pt; font-family: 'times new roman', times, serif;\">Maksimum RCF\u00a0 \u00a0 \u00a0 \u00a0 \u00a0 \u00a0 \u00a0 \u00a0 \u00a0 \u00a0 \u00a0<span class=\"item-val\">3380xg<\/span><\/span><\/li>\n<li><span style=\"font-size: 14pt; font-family: 'times new roman', times, serif;\">Maksimum kapasite\u00a0 \u00a0 \u00a0 \u00a0 \u00a0 \u00a0 \u00a0 \u00a0<span class=\"item-val\">6*50ml<\/span><\/span><\/li>\n<li><span style=\"font-size: 14pt; font-family: 'times new roman', times, serif;\">Zamanlay\u0131c\u0131 aral\u0131\u011f\u0131\u00a0 \u00a0 \u00a0 \u00a0 \u00a0 \u00a0 \u00a0 \u00a0 \u00a0<span class=\"item-val\">1sn ila 99s59d59sn<\/span><\/span><\/li>\n<li><span style=\"font-size: 14pt; font-family: 'times new roman', times, serif;\">H\u0131z do\u011frulu\u011fu\u00a0 \u00a0 \u00a0 \u00a0 \u00a0 \u00a0 <span class=\"item-val\">\u00b110 dev\/dak<\/span><\/span><\/li>\n<li><span style=\"font-size: 14pt; font-family: 'times new roman', times, serif;\">G\u00fcr\u00fclt\u00fc\u00a0 \u00a0 \u00a0 \u00a0 \u00a0 \u00a0 \u00a0 \u00a0 \u00a0 \u00a0 \u00a0 \u00a0 \u00a0 \u00a0 <span class=\"item-val\">\u226460dB(A)<\/span><\/span><\/li>\n<li><span style=\"font-size: 14pt; font-family: 'times new roman', times, serif;\">G\u00fc\u00e7 t\u00fcketimi\u00a0 \u00a0 \u00a0<span class=\"item-val\">500W<\/span><\/span><\/li>\n<li><span style=\"font-size: 14pt; font-family: 'times new roman', times, serif;\">Boyut\u00a0 \u00a0 \u00a0 \u00a0 \u00a0 \u00a0 \u00a0 \u00a0 \u00a0 \u00a0<span class=\"item-val\">550x430x350mm<\/span><\/span><\/li>\n<li><span style=\"font-size: 14pt; font-family: 'times new roman', times, serif;\">Net a\u011f\u0131rl\u0131\u011f\u0131\u00a0 \u00a0 \u00a0 \u00a0 \u00a0 \u00a0 \u00a0 \u00a0 \u00a0 \u00a0<span class=\"item-val\">40 kilo<\/span><\/span><\/li>\n<\/ul>","protected":false},"featured_media":22480,"comment_status":"open","ping_status":"closed","template":"","meta":{"_acf_changed":false},"product_brand":[],"product_cat":[20,80,97],"product_tag":[],"class_list":{"0":"post-22473","1":"product","2":"type-product","3":"status-publish","4":"has-post-thumbnail","6":"product_cat-all","7":"product_cat-centrifuge","8":"product_cat-special-purpose-centrifuge","10":"first","11":"instock","12":"shipping-taxable","13":"product-type-simple"},"acf":[],"_links":{"self":[{"href":"https:\/\/lexamedlab.com\/tr\/wp-json\/wp\/v2\/product\/22473","targetHints":{"allow":["GET"]}}],"collection":[{"href":"https:\/\/lexamedlab.com\/tr\/wp-json\/wp\/v2\/product"}],"about":[{"href":"https:\/\/lexamedlab.com\/tr\/wp-json\/wp\/v2\/types\/product"}],"replies":[{"embeddable":true,"href":"https:\/\/lexamedlab.com\/tr\/wp-json\/wp\/v2\/comments?post=22473"}],"version-history":[{"count":1,"href":"https:\/\/lexamedlab.com\/tr\/wp-json\/wp\/v2\/product\/22473\/revisions"}],"predecessor-version":[{"id":22483,"href":"https:\/\/lexamedlab.com\/tr\/wp-json\/wp\/v2\/product\/22473\/revisions\/22483"}],"wp:featuredmedia":[{"embeddable":true,"href":"https:\/\/lexamedlab.com\/tr\/wp-json\/wp\/v2\/media\/22480"}],"wp:attachment":[{"href":"https:\/\/lexamedlab.com\/tr\/wp-json\/wp\/v2\/media?parent=22473"}],"wp:term":[{"taxonomy":"product_brand","embeddable":true,"href":"https:\/\/lexamedlab.com\/tr\/wp-json\/wp\/v2\/product_brand?post=22473"},{"taxonomy":"product_cat","embeddable":true,"href":"https:\/\/lexamedlab.com\/tr\/wp-json\/wp\/v2\/product_cat?post=22473"},{"taxonomy":"product_tag","embeddable":true,"href":"https:\/\/lexamedlab.com\/tr\/wp-json\/wp\/v2\/product_tag?post=22473"}],"curies":[{"name":"wp","href":"https:\/\/api.w.org\/{rel}","templated":true}]}}