{"id":22484,"date":"2025-05-22T06:21:50","date_gmt":"2025-05-22T06:21:50","guid":{"rendered":"https:\/\/lexamedlab.com\/?post_type=product&#038;p=22484"},"modified":"2025-05-27T15:11:36","modified_gmt":"2025-05-27T15:11:36","slug":"benchtop-cgf-variable-speed-program-centrifuge-td-4","status":"publish","type":"product","link":"https:\/\/lexamedlab.com\/tr\/product\/benchtop-cgf-variable-speed-program-centrifuge-td-4\/","title":{"rendered":"Tezgah \u00dcst\u00fc CGF De\u011fi\u015fken H\u0131zl\u0131 Program Santrif\u00fcj\u00fc TD-4"},"content":{"rendered":"<p><strong><span style=\"font-family: 'times new roman', times, serif; font-size: 14pt;\">\u00d6zellik\u00a0<\/span><\/strong><\/p>\n<p><span style=\"font-family: 'times new roman', times, serif; font-size: 14pt;\">1. De\u011fi\u015fken frekansl\u0131 motor. \u00dc\u00e7 \u00e7e\u015fit motor vard\u0131r - F\u0131r\u00e7al\u0131 motor, f\u0131r\u00e7as\u0131z motor ve de\u011fi\u015fken frekansl\u0131 motor, sonuncusu en iyisidir. D\u00fc\u015f\u00fck ar\u0131za oran\u0131na sahiptir, \u00e7evre dostudur, bak\u0131m gerektirmez ve iyi performans g\u00f6sterir. <\/span><\/p>\n<p><span style=\"font-family: 'times new roman', times, serif; font-size: 14pt;\">2. Tamamen \u00c7elik G\u00f6vde ve 304SS Hazne. G\u00fcvenli \u00e7al\u0131\u015fmay\u0131 sa\u011flamak ve santrif\u00fcj\u00fcn g\u00fc\u00e7l\u00fc ve dayan\u0131kl\u0131 olmas\u0131n\u0131 sa\u011flamak i\u00e7in y\u00fcksek maliyetli malzeme \u00e7eli\u011fi ve 304 paslanmaz \u00e7elik kullan\u0131yoruz.<\/span><\/p>\n<p><span style=\"font-family: 'times new roman', times, serif; font-size: 14pt;\"> 3. Elektronik Kap\u0131 Kilidi Santrif\u00fcjlemeden sonra kap\u0131 otomatik olarak a\u00e7\u0131l\u0131r ve hidrolik gaz yay\u0131 kap\u0131 kapa\u011f\u0131n\u0131 destekler <\/span><\/p>\n<p><span style=\"font-family: 'times new roman', times, serif; font-size: 14pt;\">4. CGF \/ Plazma \/ PRP \/ APRF \/ iPRF i\u00e7in \u00f6zel santrif\u00fcj. Bu makinede Plazma, PRP, APRF, iPRF, CGF i\u00e7in tek tu\u015fla i\u015flemle \u00f6zel santrif\u00fcjleme programlar\u0131 bulunmaktad\u0131r.<\/span><\/p>\n<p><span style=\"font-family: 'times new roman', times, serif; font-size: 14pt;\"> 5. Daha fazla g\u00fcvenlik, daha hijyenik. 12*10ml metal rotor, 121 derecede sterilize edilebilen s\u00fcper sert plastik t\u00fcp k\u0131l\u0131f\u0131.<\/span><\/p>","protected":false},"excerpt":{"rendered":"<div class=\"item-meta\" data-module=\"6\"><span style=\"font-family: 'times new roman', times, serif; font-size: 14pt;\">TD-4, Trombositten zengin fibrin \u00e7ok ama\u00e7l\u0131 bir santrif\u00fcjd\u00fcr. Bu makine, \u015firket ve bir\u00e7ok tan\u0131nm\u0131\u015f yerel hastane ve kozmetik ve plastik enstit\u00fcs\u00fc taraf\u0131ndan ortakla\u015fa geli\u015ftirilmi\u015ftir ve bir\u00e7ok klinik enstit\u00fc taraf\u0131ndan test edilmi\u015ftir. Kullan\u0131m\u0131 kolayd\u0131r ve istikrarl\u0131 ve g\u00fcvenilir bir performansa sahiptir. Di\u015f hekimli\u011fi, plastik cerrahi, ortopedi, rehabilitasyon, a\u011fr\u0131 ve di\u011fer alanlarda yayg\u0131n olarak kullan\u0131l\u0131r.<\/span><\/div>\n<ul>\n<li><span style=\"font-size: 14pt; font-family: 'times new roman', times, serif;\">Maksimum h\u0131z\u00a0 \u00a0 \u00a0 \u00a0 \u00a0 \u00a0 \u00a0 \u00a0 \u00a0 \u00a0<span class=\"item-val\">3500 devir\/dakika<\/span><\/span><\/li>\n<li><span style=\"font-size: 14pt; font-family: 'times new roman', times, serif;\">Maksimum RCF\u00a0 \u00a0 \u00a0 \u00a0 \u00a0 \u00a0 \u00a0 \u00a0 \u00a0 \u00a0 \u00a0<span class=\"item-val\">1640xg<\/span><\/span><\/li>\n<li><span style=\"font-size: 14pt; font-family: 'times new roman', times, serif;\">Maksimum kapasite\u00a0 \u00a0 \u00a0 \u00a0 \u00a0 \u00a0 \u00a0 \u00a0<span class=\"item-val\">12*10ml<\/span><\/span><\/li>\n<li><span style=\"font-size: 14pt; font-family: 'times new roman', times, serif;\">H\u0131z do\u011frulu\u011fu\u00a0 \u00a0 \u00a0 \u00a0 \u00a0 \u00a0 <span class=\"item-val\">\u00b120 devir\/dakika<\/span><\/span><\/li>\n<li><span style=\"font-size: 14pt; font-family: 'times new roman', times, serif;\">G\u00fcr\u00fclt\u00fc\u00a0 \u00a0 \u00a0 \u00a0 \u00a0 \u00a0 \u00a0 \u00a0 \u00a0 \u00a0 \u00a0 \u00a0 \u00a0 \u00a0 <span class=\"item-val\">\u226455dB(A)<\/span><\/span><\/li>\n<li><span style=\"font-size: 14pt; font-family: 'times new roman', times, serif;\">G\u00fc\u00e7 t\u00fcketimi\u00a0 \u00a0 \u00a0<span class=\"item-val\">200W<\/span><\/span><\/li>\n<li><span style=\"font-size: 14pt; font-family: 'times new roman', times, serif;\">Boyut\u00a0 \u00a0 \u00a0 \u00a0 \u00a0 \u00a0 \u00a0 \u00a0 \u00a0 \u00a0<span class=\"item-val\">430x340x330mm<\/span><\/span><\/li>\n<li><span style=\"font-size: 14pt; font-family: 'times new roman', times, serif;\">Net a\u011f\u0131rl\u0131\u011f\u0131\u00a0 \u00a0 \u00a0 \u00a0 \u00a0 \u00a0 \u00a0 \u00a0 \u00a0 \u00a0<span class=\"item-val\">17 kilo<\/span><\/span><\/li>\n<\/ul>","protected":false},"featured_media":22486,"comment_status":"open","ping_status":"closed","template":"","meta":{"_acf_changed":false},"product_brand":[],"product_cat":[20,80,97],"product_tag":[],"class_list":{"0":"post-22484","1":"product","2":"type-product","3":"status-publish","4":"has-post-thumbnail","6":"product_cat-all","7":"product_cat-centrifuge","8":"product_cat-special-purpose-centrifuge","10":"first","11":"instock","12":"shipping-taxable","13":"product-type-simple"},"acf":[],"_links":{"self":[{"href":"https:\/\/lexamedlab.com\/tr\/wp-json\/wp\/v2\/product\/22484","targetHints":{"allow":["GET"]}}],"collection":[{"href":"https:\/\/lexamedlab.com\/tr\/wp-json\/wp\/v2\/product"}],"about":[{"href":"https:\/\/lexamedlab.com\/tr\/wp-json\/wp\/v2\/types\/product"}],"replies":[{"embeddable":true,"href":"https:\/\/lexamedlab.com\/tr\/wp-json\/wp\/v2\/comments?post=22484"}],"version-history":[{"count":1,"href":"https:\/\/lexamedlab.com\/tr\/wp-json\/wp\/v2\/product\/22484\/revisions"}],"predecessor-version":[{"id":22489,"href":"https:\/\/lexamedlab.com\/tr\/wp-json\/wp\/v2\/product\/22484\/revisions\/22489"}],"wp:featuredmedia":[{"embeddable":true,"href":"https:\/\/lexamedlab.com\/tr\/wp-json\/wp\/v2\/media\/22486"}],"wp:attachment":[{"href":"https:\/\/lexamedlab.com\/tr\/wp-json\/wp\/v2\/media?parent=22484"}],"wp:term":[{"taxonomy":"product_brand","embeddable":true,"href":"https:\/\/lexamedlab.com\/tr\/wp-json\/wp\/v2\/product_brand?post=22484"},{"taxonomy":"product_cat","embeddable":true,"href":"https:\/\/lexamedlab.com\/tr\/wp-json\/wp\/v2\/product_cat?post=22484"},{"taxonomy":"product_tag","embeddable":true,"href":"https:\/\/lexamedlab.com\/tr\/wp-json\/wp\/v2\/product_tag?post=22484"}],"curies":[{"name":"wp","href":"https:\/\/api.w.org\/{rel}","templated":true}]}}