{"id":22495,"date":"2025-05-22T06:50:19","date_gmt":"2025-05-22T06:50:19","guid":{"rendered":"https:\/\/lexamedlab.com\/?post_type=product&#038;p=22495"},"modified":"2025-05-27T15:11:36","modified_gmt":"2025-05-27T15:11:36","slug":"floor-milk-fat-testing-centrifuge-dd-rz","status":"publish","type":"product","link":"https:\/\/lexamedlab.com\/tr\/product\/floor-milk-fat-testing-centrifuge-dd-rz\/","title":{"rendered":"Zemin s\u00fct ya\u011f\u0131 test santrif\u00fcj\u00fc DD-RZ"},"content":{"rendered":"<p><span style=\"font-family: 'times new roman', times, serif; font-size: 14pt;\">1. De\u011fi\u015fken Frekansl\u0131 Motor, Mikro Bilgisayar Kontrolleri. \u00dc\u00e7 \u00e7e\u015fit motor vard\u0131r - F\u0131r\u00e7al\u0131 motor, f\u0131r\u00e7as\u0131z motor ve de\u011fi\u015fken frekansl\u0131 motor, sonuncusu en iyisidir. D\u00fc\u015f\u00fck ar\u0131za oran\u0131na sahiptir, \u00e7evre dostudur, bak\u0131m gerektirmez ve iyi performans g\u00f6sterir. \u0130yi performans\u0131 h\u0131z hassasiyetini \u00b110rpm&#039;ye kadar \u00e7\u0131kar\u0131r.<\/span><\/p>\n<p><span style=\"font-family: 'times new roman', times, serif; font-size: 14pt;\"> 2. Tamamen \u00c7elik G\u00f6vde ve 304SS Hazne. G\u00fcvenli \u00e7al\u0131\u015fmay\u0131 sa\u011flamak ve santrif\u00fcj\u00fcn g\u00fc\u00e7l\u00fc ve dayan\u0131kl\u0131 olmas\u0131n\u0131 sa\u011flamak i\u00e7in y\u00fcksek maliyetli malzeme \u00e7eli\u011fi ve 304 paslanmaz \u00e7elik kullan\u0131yoruz. <\/span><\/p>\n<p><span style=\"font-family: 'times new roman', times, serif; font-size: 14pt;\">3. Elektronik G\u00fcvenlik Kap\u0131 Kilidi. Santrif\u00fcj \u00e7al\u0131\u015f\u0131rken, kap\u0131n\u0131n a\u00e7\u0131lmayaca\u011f\u0131ndan emin olmal\u0131y\u0131z. G\u00fcvenli\u011fi sa\u011flamak i\u00e7in elektronik kap\u0131 kilidi kullan\u0131yoruz.<\/span><\/p>\n<p><span style=\"font-family: 'times new roman', times, serif; font-size: 14pt;\"> 4. RCF Do\u011frudan Ayarlanabilir. \u0130\u015flemden \u00f6nce G\u00f6receli Santrif\u00fcj Kuvvetini biliyorsak, RCF&#039;yi do\u011frudan ayarlayabiliriz, RPM ve RCF aras\u0131nda d\u00f6n\u00fc\u015ft\u00fcrmeye gerek yoktur.<\/span><\/p>\n<p><span style=\"font-family: 'times new roman', times, serif; font-size: 14pt;\"> 5. Otomatik Ar\u0131za Te\u015fhisi. Ar\u0131za g\u00f6r\u00fcnd\u00fc\u011f\u00fcnde, santrif\u00fcj otomatik olarak te\u015fhis edecek ve ekranda HATA KODU&#039;nu g\u00f6r\u00fcnt\u00fcleyecek, ard\u0131ndan ar\u0131zan\u0131n ne oldu\u011funu bileceksiniz.<\/span><\/p>\n<p><span style=\"font-family: 'times new roman', times, serif; font-size: 14pt;\"> 6. Is\u0131tma fonksiyonu eklenebilir.<\/span><\/p>\n<p>Rotorlar :<\/p>\n<div>\n<table style=\"border-collapse: collapse; width: 100%;\">\n<tbody>\n<tr>\n<td style=\"width: 50%;\">\n<div><span style=\"font-size: 14pt; font-family: 'times new roman', times, serif;\">Rotor:Sabit a\u00e7\u0131l\u0131 rotor<\/span><\/div>\n<div><span style=\"font-size: 14pt; font-family: 'times new roman', times, serif;\">Kapasite:8x30ml\u00a0<\/span><\/div>\n<div><span style=\"font-size: 14pt; font-family: 'times new roman', times, serif;\">Maksimum h\u0131z: 1400 rpm<\/span><\/div>\n<div><span style=\"font-size: 14pt; font-family: 'times new roman', times, serif;\">Maksimum RCF:350\u00d7g<\/span><\/div>\n<\/td>\n<td style=\"width: 50%;\">\n<div><span style=\"font-size: 14pt; font-family: 'times new roman', times, serif;\">Rotor: d\u0131\u015far\u0131 do\u011fru sallanan rotor<\/span><\/div>\n<div><span style=\"font-size: 14pt; font-family: 'times new roman', times, serif;\">Kapasite:4x50ml\u00a0<\/span><\/div>\n<div><span style=\"font-size: 14pt; font-family: 'times new roman', times, serif;\">Maksimum h\u0131z: 3300rpm<\/span><\/div>\n<div><span style=\"font-size: 14pt; font-family: 'times new roman', times, serif;\">Maksimum RCF:1920\u00d7g<\/span><\/div>\n<\/td>\n<\/tr>\n<\/tbody>\n<\/table>\n<\/div>","protected":false},"excerpt":{"rendered":"<p><span style=\"font-family: 'times new roman', times, serif; font-size: 14pt;\">DD-RZ s\u00fct ya\u011f\u0131 test santrif\u00fcj\u00fc S\u00fct \u00fcr\u00fcnleri analizi i\u00e7in \u00f6zel bir cihazd\u0131r. Pasteur y\u00f6ntemi ve Geber y\u00f6ntemi ile santrif\u00fcjlemeden sonra s\u00fct \u00fcr\u00fcnlerindeki ya\u011f\u0131 \u00f6l\u00e7mek ve analiz etmek i\u00e7in uygundur.<\/span><\/p>\n<ul>\n<li><span style=\"font-size: 14pt; font-family: 'times new roman', times, serif;\">Maksimum h\u0131z\u00a0 \u00a0 \u00a0 \u00a0 \u00a0 \u00a0 \u00a0 \u00a0 \u00a0 \u00a0 <span class=\"item-val\">3300 devir\/dakika<\/span><\/span><\/li>\n<li><span style=\"font-size: 14pt; font-family: 'times new roman', times, serif;\">Maksimum RCF\u00a0 \u00a0 \u00a0 \u00a0 \u00a0 \u00a0 \u00a0 \u00a0 \u00a0 \u00a0 \u00a0<span class=\"item-val\">1920xg<\/span><\/span><\/li>\n<li><span style=\"font-size: 14pt; font-family: 'times new roman', times, serif;\">Maksimum kapasite\u00a0 \u00a0 \u00a0 \u00a0 \u00a0 \u00a0 \u00a0 \u00a0 <span class=\"item-val\">8x30ml<\/span><\/span><\/li>\n<li><span style=\"font-size: 14pt; font-family: 'times new roman', times, serif;\">Zamanlay\u0131c\u0131 aral\u0131\u011f\u0131\u00a0 \u00a0 \u00a0 \u00a0 \u00a0 \u00a0 \u00a0 \u00a0 \u00a0 <span class=\"item-val\">1dk \u2013 99s59dk<\/span><\/span><\/li>\n<li><span style=\"font-size: 14pt; font-family: 'times new roman', times, serif;\">H\u0131z do\u011frulu\u011fu\u00a0 \u00a0 \u00a0 \u00a0 \u00a0 \u00a0 <span class=\"item-val\">\u00b110 dev\/dak<\/span><\/span><\/li>\n<li><span style=\"font-size: 14pt; font-family: 'times new roman', times, serif;\">G\u00fcr\u00fclt\u00fc\u00a0 \u00a0 \u00a0 \u00a0 \u00a0 \u00a0 \u00a0 \u00a0 \u00a0 \u00a0 \u00a0 \u00a0 \u00a0 \u00a0<span class=\"item-val\">\u226460dB(A)<\/span><\/span><\/li>\n<li><span style=\"font-size: 14pt; font-family: 'times new roman', times, serif;\">G\u00fc\u00e7 t\u00fcketimi\u00a0 \u00a0 \u00a0<span class=\"item-val\">1,1 kW<\/span><\/span><\/li>\n<li><span style=\"font-size: 14pt; font-family: 'times new roman', times, serif;\">Boyut\u00a0 \u00a0 \u00a0 \u00a0 \u00a0 \u00a0 \u00a0 \u00a0 \u00a0 \u00a0<span class=\"item-val\">650x550x840mm<\/span><\/span><\/li>\n<li><span style=\"font-size: 14pt; font-family: 'times new roman', times, serif;\">Net a\u011f\u0131rl\u0131\u011f\u0131\u00a0 \u00a0 \u00a0 \u00a0 \u00a0 \u00a0 \u00a0 \u00a0 \u00a0 \u00a0<span class=\"item-val\">135 kilo<\/span><\/span><\/li>\n<\/ul>","protected":false},"featured_media":22497,"comment_status":"open","ping_status":"closed","template":"","meta":{"_acf_changed":false},"product_brand":[],"product_cat":[20,80,97],"product_tag":[],"class_list":{"0":"post-22495","1":"product","2":"type-product","3":"status-publish","4":"has-post-thumbnail","6":"product_cat-all","7":"product_cat-centrifuge","8":"product_cat-special-purpose-centrifuge","10":"first","11":"instock","12":"shipping-taxable","13":"product-type-simple"},"acf":[],"_links":{"self":[{"href":"https:\/\/lexamedlab.com\/tr\/wp-json\/wp\/v2\/product\/22495","targetHints":{"allow":["GET"]}}],"collection":[{"href":"https:\/\/lexamedlab.com\/tr\/wp-json\/wp\/v2\/product"}],"about":[{"href":"https:\/\/lexamedlab.com\/tr\/wp-json\/wp\/v2\/types\/product"}],"replies":[{"embeddable":true,"href":"https:\/\/lexamedlab.com\/tr\/wp-json\/wp\/v2\/comments?post=22495"}],"version-history":[{"count":1,"href":"https:\/\/lexamedlab.com\/tr\/wp-json\/wp\/v2\/product\/22495\/revisions"}],"predecessor-version":[{"id":22500,"href":"https:\/\/lexamedlab.com\/tr\/wp-json\/wp\/v2\/product\/22495\/revisions\/22500"}],"wp:featuredmedia":[{"embeddable":true,"href":"https:\/\/lexamedlab.com\/tr\/wp-json\/wp\/v2\/media\/22497"}],"wp:attachment":[{"href":"https:\/\/lexamedlab.com\/tr\/wp-json\/wp\/v2\/media?parent=22495"}],"wp:term":[{"taxonomy":"product_brand","embeddable":true,"href":"https:\/\/lexamedlab.com\/tr\/wp-json\/wp\/v2\/product_brand?post=22495"},{"taxonomy":"product_cat","embeddable":true,"href":"https:\/\/lexamedlab.com\/tr\/wp-json\/wp\/v2\/product_cat?post=22495"},{"taxonomy":"product_tag","embeddable":true,"href":"https:\/\/lexamedlab.com\/tr\/wp-json\/wp\/v2\/product_tag?post=22495"}],"curies":[{"name":"wp","href":"https:\/\/api.w.org\/{rel}","templated":true}]}}