{"id":22501,"date":"2025-05-22T06:52:15","date_gmt":"2025-05-22T06:52:15","guid":{"rendered":"https:\/\/lexamedlab.com\/?post_type=product&#038;p=22501"},"modified":"2025-05-27T15:11:36","modified_gmt":"2025-05-27T15:11:36","slug":"benchtop-crude-oil-test-centrifuge-dd-5y","status":"publish","type":"product","link":"https:\/\/lexamedlab.com\/tr\/product\/benchtop-crude-oil-test-centrifuge-dd-5y\/","title":{"rendered":"Tezgah \u00fcst\u00fc ham petrol test santrif\u00fcj\u00fc DD-5Y"},"content":{"rendered":"<p><strong><span style=\"font-family: 'times new roman', times, serif; font-size: 14pt;\">\u00d6zellik\u00a0<\/span><\/strong><\/p>\n<p><span style=\"font-family: 'times new roman', times, serif; font-size: 14pt;\">1. De\u011fi\u015fken Frekansl\u0131 Motor, Mikro Bilgisayar Kontrolleri. \u00dc\u00e7 \u00e7e\u015fit motor vard\u0131r - F\u0131r\u00e7al\u0131 motor, f\u0131r\u00e7as\u0131z motor ve de\u011fi\u015fken frekansl\u0131 motor, sonuncusu en iyisidir. D\u00fc\u015f\u00fck ar\u0131za oran\u0131na sahiptir, \u00e7evre dostudur, bak\u0131m gerektirmez ve iyi performans g\u00f6sterir. \u0130yi performans\u0131 h\u0131z hassasiyetini \u00b110rpm&#039;ye kadar \u00e7\u0131kar\u0131r.<\/span><\/p>\n<p><span style=\"font-family: 'times new roman', times, serif; font-size: 14pt;\"> 2. Tamamen \u00c7elik G\u00f6vde ve 304SS Hazne. G\u00fcvenli \u00e7al\u0131\u015fmay\u0131 sa\u011flamak ve santrif\u00fcj\u00fcn g\u00fc\u00e7l\u00fc ve dayan\u0131kl\u0131 olmas\u0131n\u0131 sa\u011flamak i\u00e7in y\u00fcksek maliyetli malzeme \u00e7eli\u011fi ve 304 paslanmaz \u00e7elik kullan\u0131yoruz. <\/span><\/p>\n<p><span style=\"font-family: 'times new roman', times, serif; font-size: 14pt;\">3. Elektronik G\u00fcvenlik Kap\u0131 Kilidi. Santrif\u00fcj \u00e7al\u0131\u015f\u0131rken, kap\u0131n\u0131n a\u00e7\u0131lmayaca\u011f\u0131ndan emin olmal\u0131y\u0131z. G\u00fcvenli\u011fi sa\u011flamak i\u00e7in elektronik kap\u0131 kilidi kullan\u0131yoruz. <\/span><\/p>\n<p><span style=\"font-family: 'times new roman', times, serif; font-size: 14pt;\">4. RCF Do\u011frudan Ayarlanabilir. \u0130\u015flemden \u00f6nce G\u00f6receli Santrif\u00fcj Kuvvetini biliyorsak, RCF&#039;yi do\u011frudan ayarlayabiliriz, RPM ve RCF aras\u0131nda d\u00f6n\u00fc\u015ft\u00fcrmeye gerek yoktur. <\/span><\/p>\n<p><span style=\"font-family: 'times new roman', times, serif; font-size: 14pt;\">5. \u00c7al\u0131\u015fma S\u0131ras\u0131nda Parametreleri S\u0131f\u0131rlayabilir. Bazen santrif\u00fcj \u00e7al\u0131\u015f\u0131rken h\u0131z, RCF ve zaman gibi parametreleri s\u0131f\u0131rlamam\u0131z gerekir ve durmak istemiyorsak, parametreleri do\u011frudan s\u0131f\u0131rlayabiliriz, durmaya gerek yok, bu say\u0131lar\u0131 de\u011fi\u015ftirmek i\u00e7in sadece parma\u011f\u0131n\u0131z\u0131 kullan\u0131n.\u00a0<\/span><\/p>\n<p><span style=\"font-family: 'times new roman', times, serif; font-size: 18pt;\"><strong>rotorlar\u00a0<\/strong><\/span><\/p>\n<table style=\"border-collapse: collapse; width: 100%; height: 164px;\">\n<tbody>\n<tr style=\"height: 28px;\">\n<td style=\"width: 25%; height: 28px;\"><span style=\"font-size: 14pt; font-family: 'times new roman', times, serif;\">NO.1 sal\u0131ncakl\u0131 rotor<\/span><\/td>\n<td style=\"width: 25%; height: 28px;\"><span style=\"font-size: 14pt; font-family: 'times new roman', times, serif;\">NO.2 sal\u0131ncakl\u0131 rotor<\/span><\/td>\n<td style=\"width: 25%; height: 28px;\"><span style=\"font-size: 14pt; font-family: 'times new roman', times, serif;\">NO.3 sal\u0131ncakl\u0131 rotor<\/span><\/td>\n<\/tr>\n<tr style=\"height: 112px;\">\n<td style=\"width: 25%; height: 112px;\">\n<div><span style=\"font-size: 14pt; font-family: 'times new roman', times, serif;\">Rotor: D\u0131\u015far\u0131 do\u011fru a\u00e7\u0131lan rotor<\/span><\/div>\n<div><span style=\"font-size: 14pt; font-family: 'times new roman', times, serif;\">Kapasite:36x10ml<\/span><\/div>\n<div><span style=\"font-size: 14pt; font-family: 'times new roman', times, serif;\">Maksimum H\u0131z: 4000rpm<\/span><\/div>\n<div><span style=\"font-size: 14pt; font-family: 'times new roman', times, serif;\">Maksimum RCF:3400xg<\/span><\/div>\n<\/td>\n<td style=\"width: 25%; height: 112px;\">\n<div><span style=\"font-size: 14pt; font-family: 'times new roman', times, serif;\">Rotor: D\u0131\u015far\u0131 do\u011fru a\u00e7\u0131lan rotor<\/span><\/div>\n<div><span style=\"font-size: 14pt; font-family: 'times new roman', times, serif;\">Kapasite:4x100ml<\/span><\/div>\n<div><span style=\"font-size: 14pt; font-family: 'times new roman', times, serif;\">Maksimum H\u0131z: 3000 rpm<\/span><\/div>\n<div><span style=\"font-size: 14pt; font-family: 'times new roman', times, serif;\">Maksimum RCF:2062xg<\/span><\/div>\n<\/td>\n<td style=\"width: 25%; height: 112px;\">\n<div><span style=\"font-size: 14pt; font-family: 'times new roman', times, serif;\">Rotor: D\u0131\u015far\u0131 do\u011fru a\u00e7\u0131lan rotor<\/span><\/div>\n<div><span style=\"font-size: 14pt; font-family: 'times new roman', times, serif;\">Kapasite:4x200ml<\/span><\/div>\n<div><span style=\"font-size: 14pt; font-family: 'times new roman', times, serif;\">Maksimum H\u0131z: 3000 rpm<\/span><\/div>\n<div><span style=\"font-size: 14pt; font-family: 'times new roman', times, serif;\">Maksimum RCF: 2000xg<\/span><\/div>\n<\/td>\n<\/tr>\n<\/tbody>\n<\/table>\n<p>&nbsp;<\/p>","protected":false},"excerpt":{"rendered":"<p><span style=\"font-family: 'times new roman', times, serif; font-size: 14pt;\">DD-5Y ham petrol test santrif\u00fcj\u00fc ham petroldeki su ve tortunun tayini i\u00e7in tasarlanm\u0131\u015ft\u0131r (santrif\u00fcj y\u00f6ntemi). Ham petroldeki su ve tortular santrif\u00fcj ay\u0131rma ile belirlenir. Petrol sondaj end\u00fcstrisinde ve Ar-Ge kurumunda su tayini i\u00e7in ideal bir ay\u0131rma ekipman\u0131d\u0131r.<\/span><\/p>\n<ul>\n<li><span style=\"font-size: 14pt; font-family: 'times new roman', times, serif;\">Maksimum h\u0131z\u00a0 \u00a0 \u00a0 \u00a0 \u00a0 \u00a0 \u00a0 \u00a0 \u00a0 \u00a0<span class=\"item-val\">4000 devir\/dakika<\/span><\/span><\/li>\n<li><span style=\"font-size: 14pt; font-family: 'times new roman', times, serif;\">Maksimum RCF\u00a0 \u00a0 \u00a0 \u00a0 \u00a0 \u00a0 \u00a0 \u00a0 \u00a0 \u00a0 \u00a0<span class=\"item-val\">3400xg<\/span><\/span><\/li>\n<li><span style=\"font-size: 14pt; font-family: 'times new roman', times, serif;\">Maksimum kapasite\u00a0 \u00a0 \u00a0 \u00a0 \u00a0 \u00a0 \u00a0 \u00a0<span class=\"item-val\">4*200ml<\/span><\/span><\/li>\n<li><span style=\"font-size: 14pt; font-family: 'times new roman', times, serif;\">Zamanlay\u0131c\u0131 aral\u0131\u011f\u0131\u00a0 \u00a0 \u00a0 \u00a0 \u00a0 \u00a0 \u00a0 \u00a0 \u00a0<span class=\"item-val\">1dk ila 99s59dk<\/span><\/span><\/li>\n<li><span style=\"font-size: 14pt; font-family: 'times new roman', times, serif;\">H\u0131z do\u011frulu\u011fu\u00a0 \u00a0 \u00a0 \u00a0 \u00a0 \u00a0 <span class=\"item-val\">\u00b110 dev\/dak<\/span><\/span><\/li>\n<li><span style=\"font-size: 14pt; font-family: 'times new roman', times, serif;\">G\u00fcr\u00fclt\u00fc\u00a0 \u00a0 \u00a0 \u00a0 \u00a0 \u00a0 \u00a0 \u00a0 \u00a0 \u00a0 \u00a0 \u00a0 \u00a0 \u00a0 <span class=\"item-val\">\u226460dB(A)<\/span><\/span><\/li>\n<li><span style=\"font-size: 14pt; font-family: 'times new roman', times, serif;\">G\u00fc\u00e7 t\u00fcketimi\u00a0 \u00a0 \u00a0<span class=\"item-val\">1,1 kW<\/span><\/span><\/li>\n<li><span style=\"font-size: 14pt; font-family: 'times new roman', times, serif;\">Boyut\u00a0 \u00a0 \u00a0 \u00a0 \u00a0 \u00a0 \u00a0 \u00a0 \u00a0 \u00a0<span class=\"item-val\">600x700x900mm<\/span><\/span><\/li>\n<li><span style=\"font-size: 14pt; font-family: 'times new roman', times, serif;\">Net a\u011f\u0131rl\u0131\u011f\u0131\u00a0 \u00a0 \u00a0 \u00a0 \u00a0 \u00a0 \u00a0 \u00a0 \u00a0 \u00a0<span class=\"item-val\">160 kilo<\/span><\/span><\/li>\n<\/ul>\n<p>&nbsp;<\/p>","protected":false},"featured_media":22502,"comment_status":"open","ping_status":"closed","template":"","meta":{"_acf_changed":false},"product_brand":[],"product_cat":[20,80,97],"product_tag":[],"class_list":{"0":"post-22501","1":"product","2":"type-product","3":"status-publish","4":"has-post-thumbnail","6":"product_cat-all","7":"product_cat-centrifuge","8":"product_cat-special-purpose-centrifuge","10":"first","11":"instock","12":"shipping-taxable","13":"product-type-simple"},"acf":[],"_links":{"self":[{"href":"https:\/\/lexamedlab.com\/tr\/wp-json\/wp\/v2\/product\/22501","targetHints":{"allow":["GET"]}}],"collection":[{"href":"https:\/\/lexamedlab.com\/tr\/wp-json\/wp\/v2\/product"}],"about":[{"href":"https:\/\/lexamedlab.com\/tr\/wp-json\/wp\/v2\/types\/product"}],"replies":[{"embeddable":true,"href":"https:\/\/lexamedlab.com\/tr\/wp-json\/wp\/v2\/comments?post=22501"}],"version-history":[{"count":1,"href":"https:\/\/lexamedlab.com\/tr\/wp-json\/wp\/v2\/product\/22501\/revisions"}],"predecessor-version":[{"id":22506,"href":"https:\/\/lexamedlab.com\/tr\/wp-json\/wp\/v2\/product\/22501\/revisions\/22506"}],"wp:featuredmedia":[{"embeddable":true,"href":"https:\/\/lexamedlab.com\/tr\/wp-json\/wp\/v2\/media\/22502"}],"wp:attachment":[{"href":"https:\/\/lexamedlab.com\/tr\/wp-json\/wp\/v2\/media?parent=22501"}],"wp:term":[{"taxonomy":"product_brand","embeddable":true,"href":"https:\/\/lexamedlab.com\/tr\/wp-json\/wp\/v2\/product_brand?post=22501"},{"taxonomy":"product_cat","embeddable":true,"href":"https:\/\/lexamedlab.com\/tr\/wp-json\/wp\/v2\/product_cat?post=22501"},{"taxonomy":"product_tag","embeddable":true,"href":"https:\/\/lexamedlab.com\/tr\/wp-json\/wp\/v2\/product_tag?post=22501"}],"curies":[{"name":"wp","href":"https:\/\/api.w.org\/{rel}","templated":true}]}}