{"id":22508,"date":"2025-05-22T07:08:01","date_gmt":"2025-05-22T07:08:01","guid":{"rendered":"https:\/\/lexamedlab.com\/?post_type=product&#038;p=22508"},"modified":"2025-05-27T15:11:36","modified_gmt":"2025-05-27T15:11:36","slug":"floor-rock-core-centrifuge-yx-1850r","status":"publish","type":"product","link":"https:\/\/lexamedlab.com\/tr\/product\/floor-rock-core-centrifuge-yx-1850r\/","title":{"rendered":"Zemin kaya \u00e7ekirdek santrif\u00fcj\u00fc YX-1850R"},"content":{"rendered":"<p><strong><span style=\"font-family: 'times new roman', times, serif; font-size: 14pt;\">\u00d6zellik\u00a0<\/span><\/strong><\/p>\n<p><span style=\"font-family: 'times new roman', times, serif; font-size: 14pt;\">1. \u0130thal Kompres\u00f6r, CFC \u0130\u00e7ermeyen So\u011futucular. Bu santrif\u00fcjde iyi kalitede kompres\u00f6r ve CFC i\u00e7ermeyen so\u011futucular kullan\u0131l\u0131r. S\u0131cakl\u0131\u011f\u0131 -20\u2103 ile 40\u2103 aras\u0131nda ayarlayabiliriz. S\u0131cakl\u0131k do\u011frulu\u011fu \u00b11\u2103&#039;ye kadar ula\u015f\u0131r. <\/span><\/p>\n<p><span style=\"font-family: 'times new roman', times, serif; font-size: 14pt;\">2. De\u011fi\u015fken Frekansl\u0131 Motor, Mikro Bilgisayar Kontrol\u00fc. \u00dc\u00e7 \u00e7e\u015fit motor vard\u0131r - F\u0131r\u00e7al\u0131 motor, f\u0131r\u00e7as\u0131z motor ve de\u011fi\u015fken frekansl\u0131 motor, sonuncusu en iyisidir. D\u00fc\u015f\u00fck ar\u0131za oran\u0131, \u00e7evre dostu, bak\u0131m gerektirmez ve iyi performansa sahiptir. \u0130yi performans\u0131 h\u0131z do\u011frulu\u011funun \u00b110 rpm&#039;ye kadar ula\u015fmas\u0131n\u0131 sa\u011flar.<\/span><\/p>\n<p><span style=\"font-family: 'times new roman', times, serif; font-size: 14pt;\"> 3. Rotoru Otomatik Olarak Kilitleyin. Rotoru indirin, santrif\u00fcj anahtar kullanmadan rotoru otomatik olarak kilitleyecektir. Y\u00fckleme ve bo\u015faltma \u00e7ok uygundur.<\/span><\/p>\n<p><span style=\"font-family: 'times new roman', times, serif; font-size: 14pt;\"> 4. RCF Do\u011frudan Ayarlanabilir. \u0130\u015flemden \u00f6nce G\u00f6receli Santrif\u00fcj Kuvvetini biliyorsak, RCF&#039;yi do\u011frudan ayarlayabiliriz, RPM ile RCF aras\u0131nda d\u00f6n\u00fc\u015ft\u00fcrmeye gerek yoktur<\/span><\/p>\n<p><span style=\"font-family: 'times new roman', times, serif; font-size: 14pt;\">5. \u00c7al\u0131\u015fma S\u0131ras\u0131nda Parametreleri S\u0131f\u0131rlayabilir. Bazen santrif\u00fcj \u00e7al\u0131\u015f\u0131rken h\u0131z, RCF ve zaman gibi parametreleri s\u0131f\u0131rlamam\u0131z gerekir ve durmak istemiyorsak, parametreleri do\u011frudan s\u0131f\u0131rlayabiliriz, durmaya gerek yok, bu say\u0131lar\u0131 de\u011fi\u015ftirmek i\u00e7in sadece parma\u011f\u0131n\u0131z\u0131 kullan\u0131n. <\/span><\/p>\n<p><span style=\"font-family: 'times new roman', times, serif; font-size: 14pt;\">6. 40 Seviye H\u0131zlanma ve Yava\u015flama Oran\u0131. Fonksiyon nas\u0131l \u00e7al\u0131\u015f\u0131r? Bir \u00f6rnek verelim, h\u0131z\u0131 5000rpm olarak ayarlayal\u0131m ve START d\u00fc\u011fmesine basal\u0131m, sonra santrif\u00fcj 0rpm&#039;den 5000rpm&#039;ye h\u0131zlanacakt\u0131r. 0rpm&#039;den 5000rpm&#039;ye, daha az zaman m\u0131 yoksa daha fazla zaman m\u0131 alaca\u011f\u0131n\u0131, yani daha h\u0131zl\u0131 m\u0131 yoksa daha yava\u015f m\u0131 \u00e7al\u0131\u015faca\u011f\u0131n\u0131 belirleyebilir miyiz? Evet, bu santrif\u00fcj deste\u011fi. <\/span><\/p>\n<p><span style=\"font-family: 'times new roman', times, serif; font-size: 14pt;\">7. 12 Program Saklayabilir. G\u00fcnl\u00fck kullan\u0131mda, farkl\u0131 ama\u00e7lar i\u00e7in farkl\u0131 parametreler ayarlamam\u0131z gerekebilir, bu ayar parametrelerini \u00e7al\u0131\u015fma programlar\u0131 olarak saklayabiliriz. Bir dahaki sefere, sadece do\u011fru program\u0131 se\u00e7ip ba\u015flamam\u0131z gerekir. <\/span><\/p>\n<p><span style=\"font-family: 'times new roman', times, serif; font-size: 14pt;\">8. Otomatik Ar\u0131za Te\u015fhisi. Ar\u0131za g\u00f6r\u00fcnd\u00fc\u011f\u00fcnde, santrif\u00fcj otomatik olarak te\u015fhis edecek ve ekranda HATA KODU&#039;nu g\u00f6r\u00fcnt\u00fcleyecek, ard\u0131ndan ar\u0131zan\u0131n ne oldu\u011funu bileceksiniz. <\/span><\/p>\n<p><span style=\"font-family: 'times new roman', times, serif; font-size: 14pt;\">9. 12 delikli \u00e7ekirdek rotor 18.500 devire ula\u015fabilir ve suyu 10.74NM mikro g\u00f6zeneklerde ay\u0131rabilir. \u00d6zel ay\u0131rma \u00e7elik bilyeleriyle donat\u0131lm\u0131\u015ft\u0131r. Y\u00fcksek h\u0131z do\u011frulu\u011fu ve istikrarl\u0131 \u00e7al\u0131\u015fma sa\u011flayabilen en iyi motor-de\u011fi\u015fken frekansl\u0131 motoru kullan\u0131yoruz. Santrif\u00fcj\u00fcn iyi so\u011futma performans\u0131na sahip olmas\u0131n\u0131 sa\u011flamak i\u00e7in ithal y\u00fcksek kaliteli kompres\u00f6r kullan\u0131yoruz. Ve \u00e7elik g\u00f6vde santrif\u00fcj\u00fc daha g\u00fc\u00e7l\u00fc ve dayan\u0131kl\u0131 hale getiriyor. <\/span><\/p>\n<p>&nbsp;<\/p>","protected":false},"excerpt":{"rendered":"<div class=\"item-meta\" data-module=\"6\">\n<div><span style=\"font-family: 'times new roman', times, serif; font-size: 14pt;\">YX-1850R kaya \u00e7ekirde\u011fi santrif\u00fcj\u00fc, \u00e7e\u015fitli petrol rezervuar ko\u015fullar\u0131 alt\u0131nda kaya \u00e7ekirde\u011fi analiz deneylerinde uzmanla\u015fm\u0131\u015ft\u0131r ve kor \u0131slakl\u0131\u011f\u0131n\u0131, ba\u011f\u0131l ge\u00e7irgenli\u011fi, k\u0131lcal bas\u0131nc\u0131, ba\u011f\u0131l doygunlu\u011fu, bo\u015fluk yar\u0131\u00e7ap\u0131n\u0131 vb. \u00f6l\u00e7mek i\u00e7in kullan\u0131l\u0131r.<\/span><\/div>\n<\/div>\n<ul>\n<li><span style=\"font-size: 14pt; font-family: 'times new roman', times, serif;\">Maksimum h\u0131z\u00a0 \u00a0 \u00a0 \u00a0 \u00a0 \u00a0 \u00a0 \u00a0 \u00a0 \u00a0<span class=\"item-val\">18500 devir\/dakika<\/span><\/span><\/li>\n<li><span style=\"font-size: 14pt; font-family: 'times new roman', times, serif;\">Maksimum RCF\u00a0 \u00a0 \u00a0 \u00a0 \u00a0 \u00a0 \u00a0 \u00a0 \u00a0 \u00a0 \u00a0<span class=\"item-val\">42000xg<\/span><\/span><\/li>\n<li><span style=\"font-size: 14pt; font-family: 'times new roman', times, serif;\">Maksimum kapasite\u00a0 \u00a0 \u00a0 \u00a0 \u00a0 \u00a0 \u00a0 \u00a0<span class=\"item-val\">4*1000ml<\/span><\/span><\/li>\n<li><span style=\"font-size: 14pt; font-family: 'times new roman', times, serif;\">Zamanlay\u0131c\u0131 aral\u0131\u011f\u0131\u00a0 \u00a0 \u00a0 \u00a0 \u00a0 \u00a0 \u00a0 \u00a0 \u00a0<span class=\"item-val\">1dk ila 99s59dk<\/span><\/span><\/li>\n<li><span style=\"font-family: 'times new roman', times, serif; font-size: 14pt;\">S\u0131cakl\u0131k -20-40\u2103<\/span><\/li>\n<li><span style=\"font-size: 14pt; font-family: 'times new roman', times, serif;\">H\u0131z do\u011frulu\u011fu\u00a0 \u00a0 \u00a0 \u00a0 \u00a0 \u00a0 <span class=\"item-val\">\u00b110 dev\/dak<\/span><\/span><\/li>\n<li><span style=\"font-size: 14pt; font-family: 'times new roman', times, serif;\">G\u00fcr\u00fclt\u00fc\u00a0 \u00a0 \u00a0 \u00a0 \u00a0 \u00a0 \u00a0 \u00a0 \u00a0 \u00a0 \u00a0 \u00a0 \u00a0 \u00a0 <span class=\"item-val\">\u226460dB(A)<\/span><\/span><\/li>\n<li><span style=\"font-size: 14pt; font-family: 'times new roman', times, serif;\">G\u00fc\u00e7 t\u00fcketimi\u00a0 \u00a0 \u00a0<span class=\"item-val\">5KW<\/span><\/span><\/li>\n<li><span style=\"font-size: 14pt; font-family: 'times new roman', times, serif;\">Boyut\u00a0 \u00a0 \u00a0 \u00a0 \u00a0 \u00a0 \u00a0 \u00a0 \u00a0 \u00a0<span class=\"item-val\">850x730x930mm<\/span><\/span><\/li>\n<li><span style=\"font-size: 14pt; font-family: 'times new roman', times, serif;\">Net a\u011f\u0131rl\u0131\u011f\u0131\u00a0 \u00a0 \u00a0 \u00a0 \u00a0 \u00a0 \u00a0 \u00a0 \u00a0 \u00a0<span class=\"item-val\">280 kilo<\/span><\/span><\/li>\n<\/ul>\n<p>&nbsp;<\/p>","protected":false},"featured_media":22510,"comment_status":"open","ping_status":"closed","template":"","meta":{"_acf_changed":false},"product_brand":[],"product_cat":[20,80,97],"product_tag":[],"class_list":{"0":"post-22508","1":"product","2":"type-product","3":"status-publish","4":"has-post-thumbnail","6":"product_cat-all","7":"product_cat-centrifuge","8":"product_cat-special-purpose-centrifuge","10":"first","11":"instock","12":"shipping-taxable","13":"product-type-simple"},"acf":[],"_links":{"self":[{"href":"https:\/\/lexamedlab.com\/tr\/wp-json\/wp\/v2\/product\/22508","targetHints":{"allow":["GET"]}}],"collection":[{"href":"https:\/\/lexamedlab.com\/tr\/wp-json\/wp\/v2\/product"}],"about":[{"href":"https:\/\/lexamedlab.com\/tr\/wp-json\/wp\/v2\/types\/product"}],"replies":[{"embeddable":true,"href":"https:\/\/lexamedlab.com\/tr\/wp-json\/wp\/v2\/comments?post=22508"}],"version-history":[{"count":1,"href":"https:\/\/lexamedlab.com\/tr\/wp-json\/wp\/v2\/product\/22508\/revisions"}],"predecessor-version":[{"id":22513,"href":"https:\/\/lexamedlab.com\/tr\/wp-json\/wp\/v2\/product\/22508\/revisions\/22513"}],"wp:featuredmedia":[{"embeddable":true,"href":"https:\/\/lexamedlab.com\/tr\/wp-json\/wp\/v2\/media\/22510"}],"wp:attachment":[{"href":"https:\/\/lexamedlab.com\/tr\/wp-json\/wp\/v2\/media?parent=22508"}],"wp:term":[{"taxonomy":"product_brand","embeddable":true,"href":"https:\/\/lexamedlab.com\/tr\/wp-json\/wp\/v2\/product_brand?post=22508"},{"taxonomy":"product_cat","embeddable":true,"href":"https:\/\/lexamedlab.com\/tr\/wp-json\/wp\/v2\/product_cat?post=22508"},{"taxonomy":"product_tag","embeddable":true,"href":"https:\/\/lexamedlab.com\/tr\/wp-json\/wp\/v2\/product_tag?post=22508"}],"curies":[{"name":"wp","href":"https:\/\/api.w.org\/{rel}","templated":true}]}}