{"id":22544,"date":"2025-05-24T21:49:46","date_gmt":"2025-05-24T21:49:46","guid":{"rendered":"https:\/\/lexamedlab.com\/?post_type=product&#038;p=22544"},"modified":"2025-05-27T15:11:36","modified_gmt":"2025-05-27T15:11:36","slug":"no-additive-tube","status":"publish","type":"product","link":"https:\/\/lexamedlab.com\/tr\/product\/no-additive-tube\/","title":{"rendered":"Katk\u0131s\u0131z T\u00fcp"},"content":{"rendered":"<p><span style=\"font-size: 14pt; font-family: 'times new roman', times, serif;\">Katk\u0131s\u0131z T\u00fcp<\/span><\/p>\n<p data-spm-anchor-id=\"a2700.details-description.0.i1.b229DrSXDrSXqX\"><span style=\"font-size: 14pt; font-family: 'times new roman', times, serif;\">Biyokimya, imm\u00fcnoloji, seroloji, t\u0131bbi muayenede \u00e7e\u015fitli mikro elementlerin testi i\u00e7in kan toplama ve saklamada hi\u00e7bir katk\u0131 maddesi t\u00fcp\u00fc kullan\u0131lmaz. \u0130\u00e7 y\u00fczeyinde \u00f6zel i\u015flemle, trombositlerin normal aktivitesi ve engellenmemi\u015f p\u0131ht\u0131la\u015fma i\u00e7in son derece p\u00fcr\u00fczs\u00fczd\u00fcr, bu da hemoliz veya kan h\u00fccresi veya fibrinin i\u00e7 y\u00fczeye yap\u0131\u015fmas\u0131n\u0131 \u00f6nler. Klinik test i\u00e7in yeterli kirlilik i\u00e7ermeyen serum \u00f6rne\u011fi sa\u011flayabilir ve serumun normal bile\u015fimlerini uzun s\u00fcre koruyabilir. Dahas\u0131, iyi tekrarlanabilirlikle serum yeniden incelemesine yard\u0131mc\u0131 olur.<\/span><\/p>\n<p><span style=\"font-size: 14pt; font-family: 'times new roman', times, serif;\">\u2013 P\u0131ht\u0131n\u0131n tamamen geri \u00e7ekilmesi i\u00e7in gereken s\u00fcre: 1,5-2 saat<\/span><\/p>\n<p><span style=\"font-size: 14pt; font-family: 'times new roman', times, serif;\">\u2013 Santrif\u00fcjleme h\u0131z\u0131: 3500-4000r\/m<\/span><\/p>\n<p><span style=\"font-size: 14pt; font-family: 'times new roman', times, serif;\">\u2013 Santrif\u00fcjleme s\u00fcresi: 5dk<\/span><\/p>\n<p data-spm-anchor-id=\"a2700.details-description.0.i0.b229DrSXDrSXqX\"><span style=\"font-size: 14pt; font-family: 'times new roman', times, serif;\">\u2013 \u00d6nerilen depolama s\u0131cakl\u0131\u011f\u0131: 4-25\u2103<\/span><\/p>\n<table style=\"border-collapse: collapse; width: 100%; height: 237px;\">\n<tbody>\n<tr style=\"height: 45px;\">\n<td style=\"width: 14.2857%; text-align: center; height: 45px;\"><span style=\"font-family: 'times new roman', times, serif; font-size: 14pt;\"><strong>\u00fcr\u00fcn numaras\u0131\u00a0<\/strong><\/span><\/td>\n<td style=\"width: 14.2857%; text-align: center; height: 45px;\"><span style=\"font-family: 'times new roman', times, serif; font-size: 14pt;\"><strong>T\u00fcp <\/strong><strong>\u015eartname<\/strong><\/span><\/td>\n<td style=\"width: 14.2857%; text-align: center; height: 45px;\"><span style=\"font-family: 'times new roman', times, serif; font-size: 14pt;\"><strong>Nominal <\/strong><strong>Hacim<\/strong><\/span><\/td>\n<td style=\"width: 14.2857%; text-align: center; height: 45px;\"><span style=\"font-family: 'times new roman', times, serif; font-size: 14pt;\"><strong>Katk\u0131 maddesi<\/strong><\/span><\/td>\n<td style=\"width: 14.3069%; text-align: center; height: 45px;\" height=\"45\"><span style=\"font-family: 'times new roman', times, serif; font-size: 14pt;\"><strong>Cam Miktar\u0131\/Cs<\/strong><\/span><\/td>\n<td style=\"width: 14.2857%; text-align: center; height: 45px;\"><span style=\"font-family: 'times new roman', times, serif; font-size: 14pt;\"><strong>PET Miktar\/C<\/strong><\/span><\/td>\n<td style=\"width: 14.2857%; text-align: center; height: 45px;\"><\/td>\n<\/tr>\n<tr>\n<td style=\"width: 14.2857%; text-align: center;\" height=\"19\" data-spm-anchor-id=\"a2700.details-description.0.i9.b229DrSXDrSXqX\"><span style=\"font-family: 'times new roman', times, serif; font-size: 12pt;\"><strong>KJ030A<\/strong><\/span><\/td>\n<td style=\"width: 14.2857%; text-align: center;\" height=\"19\"><span style=\"font-family: 'times new roman', times, serif; font-size: 12pt;\">\u00d813\u00d775mm<\/span><\/td>\n<td style=\"width: 14.2857%; text-align: center;\" height=\"19\"><span style=\"font-family: 'times new roman', times, serif; font-size: 12pt;\">3ml<\/span><\/td>\n<td style=\"width: 14.2857%; text-align: center;\" height=\"19\"><span style=\"font-family: 'times new roman', times, serif; font-size: 12pt;\">Katk\u0131s\u0131z<\/span><\/td>\n<td style=\"width: 14.3069%; text-align: center;\" height=\"19\"><span style=\"font-family: 'times new roman', times, serif; font-size: 12pt;\">100 ADET\u00d718<\/span><\/td>\n<td style=\"width: 14.2857%; text-align: center;\" height=\"19\"><span style=\"font-family: 'times new roman', times, serif; font-size: 12pt;\">100 ADET\u00d718<\/span><\/td>\n<td style=\"width: 14.2857%; height: 24px;\"><\/td>\n<\/tr>\n<tr>\n<td style=\"width: 14.2857%; text-align: center;\" height=\"19\"><span style=\"font-family: 'times new roman', times, serif; font-size: 12pt;\"><strong data-spm-anchor-id=\"a2700.details-description.0.i10.b229DrSXDrSXqX\">KJ040A<\/strong><\/span><\/td>\n<td style=\"width: 14.2857%; text-align: center;\" height=\"19\"><span style=\"font-family: 'times new roman', times, serif; font-size: 12pt;\">\u00d813\u00d775mm<\/span><\/td>\n<td style=\"width: 14.2857%; text-align: center;\" height=\"19\"><span style=\"font-family: 'times new roman', times, serif; font-size: 12pt;\">4ml<\/span><\/td>\n<td style=\"width: 14.2857%; text-align: center;\" height=\"19\"><span style=\"font-family: 'times new roman', times, serif; font-size: 12pt;\">Katk\u0131s\u0131z<\/span><\/td>\n<td style=\"width: 14.3069%; text-align: center;\" height=\"19\"><span style=\"font-family: 'times new roman', times, serif; font-size: 12pt;\">100 ADET\u00d718<\/span><\/td>\n<td style=\"width: 14.2857%; text-align: center;\" height=\"19\"><span style=\"font-family: 'times new roman', times, serif; font-size: 12pt;\">100 ADET\u00d718<\/span><\/td>\n<td style=\"width: 14.2857%; height: 24px;\"><\/td>\n<\/tr>\n<tr>\n<td style=\"width: 14.2857%; text-align: center;\" height=\"19\"><span style=\"font-family: 'times new roman', times, serif; font-size: 12pt;\"><strong>KJ050A<\/strong><\/span><\/td>\n<td style=\"width: 14.2857%; text-align: center;\" height=\"19\"><span style=\"font-family: 'times new roman', times, serif; font-size: 12pt;\">\u00d813\u00d7100mm<\/span><\/td>\n<td style=\"width: 14.2857%; text-align: center;\" height=\"19\"><span style=\"font-family: 'times new roman', times, serif; font-size: 12pt;\">5ml<\/span><\/td>\n<td style=\"width: 14.2857%; text-align: center;\" height=\"19\"><span style=\"font-family: 'times new roman', times, serif; font-size: 12pt;\">Katk\u0131s\u0131z<\/span><\/td>\n<td style=\"width: 14.3069%; text-align: center;\" height=\"19\"><span style=\"font-family: 'times new roman', times, serif; font-size: 12pt;\">100 ADET\u00d718<\/span><\/td>\n<td style=\"width: 14.2857%; text-align: center;\" height=\"19\"><span style=\"font-family: 'times new roman', times, serif; font-size: 12pt;\">100 ADET\u00d718<\/span><\/td>\n<td style=\"width: 14.2857%; height: 24px;\"><\/td>\n<\/tr>\n<tr>\n<td style=\"width: 14.2857%; text-align: center;\" height=\"19\"><span style=\"font-family: 'times new roman', times, serif; font-size: 12pt;\"><strong>KJ0501A<\/strong><\/span><\/td>\n<td style=\"width: 14.2857%; text-align: center;\" height=\"19\"><span style=\"font-family: 'times new roman', times, serif; font-size: 12pt;\">\u00d813\u00d7100mm<\/span><\/td>\n<td style=\"width: 14.2857%; text-align: center;\" height=\"19\"><span style=\"font-family: 'times new roman', times, serif; font-size: 12pt;\">5ml<\/span><\/td>\n<td style=\"width: 14.2857%; text-align: center;\" height=\"19\"><span style=\"font-family: 'times new roman', times, serif; font-size: 12pt;\">Katk\u0131s\u0131z<\/span><\/td>\n<td style=\"width: 14.3069%; text-align: center;\" height=\"19\"><span style=\"font-family: 'times new roman', times, serif; font-size: 12pt;\">100 ADET\u00d712<\/span><\/td>\n<td style=\"width: 14.2857%; text-align: center;\" height=\"19\"><span style=\"font-family: 'times new roman', times, serif; font-size: 12pt;\">100 ADET\u00d718<\/span><\/td>\n<td style=\"width: 14.2857%; height: 24px;\"><\/td>\n<\/tr>\n<tr>\n<td style=\"width: 14.2857%; text-align: center;\" height=\"19\"><span style=\"font-family: 'times new roman', times, serif; font-size: 12pt;\"><strong>KJ0601A<\/strong><\/span><\/td>\n<td style=\"width: 14.2857%; text-align: center;\" height=\"19\"><span style=\"font-family: 'times new roman', times, serif; font-size: 12pt;\">\u00d816\u00d7100mm<\/span><\/td>\n<td style=\"width: 14.2857%; text-align: center;\" height=\"19\"><span style=\"font-family: 'times new roman', times, serif; font-size: 12pt;\">6ml<\/span><\/td>\n<td style=\"width: 14.2857%; text-align: center;\" height=\"19\"><span style=\"font-family: 'times new roman', times, serif; font-size: 12pt;\">Katk\u0131s\u0131z<\/span><\/td>\n<td style=\"width: 14.3069%; text-align: center;\" height=\"19\"><span style=\"font-family: 'times new roman', times, serif; font-size: 12pt;\">100 ADET\u00d712<\/span><\/td>\n<td style=\"width: 14.2857%; text-align: center;\" height=\"19\"><span style=\"font-family: 'times new roman', times, serif; font-size: 12pt;\">100 ADET\u00d718<\/span><\/td>\n<td style=\"width: 14.2857%; height: 24px;\"><\/td>\n<\/tr>\n<tr>\n<td style=\"width: 14.2857%; text-align: center;\" height=\"19\"><span style=\"font-family: 'times new roman', times, serif; font-size: 12pt;\"><strong>KJ0701A<\/strong><\/span><\/td>\n<td style=\"width: 14.2857%; text-align: center;\" height=\"19\"><span style=\"font-family: 'times new roman', times, serif; font-size: 12pt;\">\u00d816\u00d7100mm<\/span><\/td>\n<td style=\"width: 14.2857%; text-align: center;\" height=\"19\"><span style=\"font-family: 'times new roman', times, serif; font-size: 12pt;\">7ml<\/span><\/td>\n<td style=\"width: 14.2857%; text-align: center;\" height=\"19\"><span style=\"font-family: 'times new roman', times, serif; font-size: 12pt;\">Katk\u0131s\u0131z<\/span><\/td>\n<td style=\"width: 14.3069%; text-align: center;\" height=\"19\"><span style=\"font-family: 'times new roman', times, serif; font-size: 12pt;\">100 ADET\u00d712<\/span><\/td>\n<td style=\"width: 14.2857%; text-align: center;\" height=\"19\"><span style=\"font-family: 'times new roman', times, serif; font-size: 12pt;\">100 ADET\u00d718<\/span><\/td>\n<td style=\"width: 14.2857%; height: 24px;\"><\/td>\n<\/tr>\n<tr>\n<td style=\"width: 14.2857%; text-align: center;\" height=\"19\"><span style=\"font-family: 'times new roman', times, serif; font-size: 12pt;\"><strong>KJ0801A<\/strong><\/span><\/td>\n<td style=\"width: 14.2857%; text-align: center;\" height=\"19\"><span style=\"font-family: 'times new roman', times, serif; font-size: 12pt;\">\u00d816\u00d7100mm<\/span><\/td>\n<td style=\"width: 14.2857%; text-align: center;\" height=\"19\"><span style=\"font-family: 'times new roman', times, serif; font-size: 12pt;\">8ml<\/span><\/td>\n<td style=\"width: 14.2857%; text-align: center;\" height=\"19\"><span style=\"font-family: 'times new roman', times, serif; font-size: 12pt;\">Katk\u0131s\u0131z<\/span><\/td>\n<td style=\"width: 14.3069%; text-align: center;\" height=\"19\"><span style=\"font-family: 'times new roman', times, serif; font-size: 12pt;\">100 ADET\u00d712<\/span><\/td>\n<td style=\"width: 14.2857%; text-align: center;\" height=\"19\"><span style=\"font-family: 'times new roman', times, serif; font-size: 12pt;\">100 ADET\u00d712<\/span><\/td>\n<td style=\"width: 14.2857%; height: 24px;\"><\/td>\n<\/tr>\n<tr>\n<td style=\"width: 14.2857%; text-align: center;\" height=\"19\"><span style=\"font-family: 'times new roman', times, serif; font-size: 12pt;\"><strong>KJ0901A<\/strong><\/span><\/td>\n<td style=\"width: 14.2857%; text-align: center;\" height=\"19\"><span style=\"font-family: 'times new roman', times, serif; font-size: 12pt;\">\u00d816\u00d7100mm<\/span><\/td>\n<td style=\"width: 14.2857%; text-align: center;\" height=\"19\"><span style=\"font-family: 'times new roman', times, serif; font-size: 12pt;\">9ml<\/span><\/td>\n<td style=\"width: 14.2857%; text-align: center;\" height=\"19\"><span style=\"font-family: 'times new roman', times, serif; font-size: 12pt;\">Katk\u0131s\u0131z<\/span><\/td>\n<td style=\"width: 14.3069%; text-align: center;\" height=\"19\"><span style=\"font-family: 'times new roman', times, serif; font-size: 12pt;\">100 ADET\u00d712<\/span><\/td>\n<td style=\"width: 14.2857%; text-align: center;\" height=\"19\"><span style=\"font-family: 'times new roman', times, serif; font-size: 12pt;\">100 ADET\u00d712<\/span><\/td>\n<td style=\"width: 14.2857%; height: 24px;\"><\/td>\n<\/tr>\n<tr>\n<td style=\"width: 14.2857%; text-align: center;\" height=\"19\"><span style=\"font-family: 'times new roman', times, serif; font-size: 12pt;\"><strong>KJ1002A<\/strong><\/span><\/td>\n<td style=\"width: 14.2857%; text-align: center;\" height=\"19\"><span style=\"font-family: 'times new roman', times, serif; font-size: 12pt;\">\u00d816\u00d7100mm<\/span><\/td>\n<td style=\"width: 14.2857%; text-align: center;\" height=\"19\"><span style=\"font-family: 'times new roman', times, serif; font-size: 12pt;\">10ml<\/span><\/td>\n<td style=\"width: 14.2857%; text-align: center;\" height=\"19\"><span style=\"font-family: 'times new roman', times, serif; font-size: 12pt;\">Katk\u0131s\u0131z<\/span><\/td>\n<td style=\"width: 14.3069%; text-align: center;\" height=\"19\"><span style=\"font-family: 'times new roman', times, serif; font-size: 12pt;\">100 ADET\u00d712<\/span><\/td>\n<td style=\"width: 14.2857%; text-align: center;\" height=\"19\"><span style=\"font-family: 'times new roman', times, serif; font-size: 12pt;\">100 ADET\u00d712<\/span><\/td>\n<td style=\"width: 14.2857%;\"><\/td>\n<\/tr>\n<\/tbody>\n<\/table>\n<p data-spm-anchor-id=\"a2700.details-description.0.i0.b229DrSXDrSXqX\">","protected":false},"excerpt":{"rendered":"<p>Katk\u0131s\u0131z T\u00fcp Katk\u0131s\u0131z t\u00fcp, biyokimya, imm\u00fcnoloji, seroloji, \u00e7e\u015fitli testler i\u00e7in kan alma ve saklamada kullan\u0131l\u0131r.<\/p>","protected":false},"featured_media":22542,"comment_status":"open","ping_status":"closed","template":"","meta":{"_acf_changed":false},"product_brand":[],"product_cat":[20,98],"product_tag":[],"class_list":{"0":"post-22544","1":"product","2":"type-product","3":"status-publish","4":"has-post-thumbnail","6":"product_cat-all","7":"product_cat-blood-collection-tube","9":"first","10":"instock","11":"shipping-taxable","12":"product-type-simple"},"acf":[],"_links":{"self":[{"href":"https:\/\/lexamedlab.com\/tr\/wp-json\/wp\/v2\/product\/22544","targetHints":{"allow":["GET"]}}],"collection":[{"href":"https:\/\/lexamedlab.com\/tr\/wp-json\/wp\/v2\/product"}],"about":[{"href":"https:\/\/lexamedlab.com\/tr\/wp-json\/wp\/v2\/types\/product"}],"replies":[{"embeddable":true,"href":"https:\/\/lexamedlab.com\/tr\/wp-json\/wp\/v2\/comments?post=22544"}],"version-history":[{"count":1,"href":"https:\/\/lexamedlab.com\/tr\/wp-json\/wp\/v2\/product\/22544\/revisions"}],"predecessor-version":[{"id":22592,"href":"https:\/\/lexamedlab.com\/tr\/wp-json\/wp\/v2\/product\/22544\/revisions\/22592"}],"wp:featuredmedia":[{"embeddable":true,"href":"https:\/\/lexamedlab.com\/tr\/wp-json\/wp\/v2\/media\/22542"}],"wp:attachment":[{"href":"https:\/\/lexamedlab.com\/tr\/wp-json\/wp\/v2\/media?parent=22544"}],"wp:term":[{"taxonomy":"product_brand","embeddable":true,"href":"https:\/\/lexamedlab.com\/tr\/wp-json\/wp\/v2\/product_brand?post=22544"},{"taxonomy":"product_cat","embeddable":true,"href":"https:\/\/lexamedlab.com\/tr\/wp-json\/wp\/v2\/product_cat?post=22544"},{"taxonomy":"product_tag","embeddable":true,"href":"https:\/\/lexamedlab.com\/tr\/wp-json\/wp\/v2\/product_tag?post=22544"}],"curies":[{"name":"wp","href":"https:\/\/api.w.org\/{rel}","templated":true}]}}