{"id":22593,"date":"2025-05-24T21:49:53","date_gmt":"2025-05-24T21:49:53","guid":{"rendered":"https:\/\/lexamedlab.com\/?post_type=product&#038;p=22593"},"modified":"2025-05-27T15:11:36","modified_gmt":"2025-05-27T15:11:36","slug":"clot-activator-tube","status":"publish","type":"product","link":"https:\/\/lexamedlab.com\/tr\/product\/clot-activator-tube\/","title":{"rendered":"P\u0131ht\u0131 Aktivat\u00f6r T\u00fcp\u00fc"},"content":{"rendered":"<p><span style=\"font-size: 14pt; font-family: 'times new roman', times, serif;\">P\u0131ht\u0131 Aktivat\u00f6r T\u00fcp\u00fc<\/span><\/p>\n<p><span style=\"font-size: 14pt; font-family: 'times new roman', times, serif;\">P\u0131ht\u0131 aktivat\u00f6r t\u00fcp\u00fc, t\u0131bbi muayenede biyokimya ve imm\u00fcnoloji i\u00e7in kan toplamada kullan\u0131l\u0131r. Geni\u015f bir \u00e7al\u0131\u015fma s\u0131cakl\u0131\u011f\u0131 aral\u0131\u011f\u0131na uygundur. \u00d6zel i\u015flemle, t\u00fcp\u00fcn i\u00e7 y\u00fczeyi \u00e7ok p\u00fcr\u00fczs\u00fczd\u00fcr ve y\u00fcksek kaliteli p\u0131ht\u0131la\u015ft\u0131r\u0131c\u0131 d\u00fczg\u00fcn bir \u015fekilde p\u00fcsk\u00fcrt\u00fcl\u00fcr. Kan \u00f6rne\u011fi, p\u0131ht\u0131la\u015ft\u0131r\u0131c\u0131 ile tamamen temas edecek ve 5-8 dakika i\u00e7inde p\u0131ht\u0131la\u015facakt\u0131r. B\u00f6ylece, daha sonraki santrif\u00fcjleme ile kan\u0131n \u00e7atlamas\u0131ndan ar\u0131nm\u0131\u015f y\u00fcksek kaliteli serum elde edilir <\/span><span style=\"font-size: 14pt; font-family: 'times new roman', times, serif;\">korp\u00fcsk\u00fcl, hemoliz, fibrin proteininin ayr\u0131lmas\u0131 vb. Bu nedenle serum, h\u0131zl\u0131 klinik ve acil serum testi gereksinimlerini kar\u015f\u0131layabilir.<\/span><\/p>\n<p><span style=\"font-size: 14pt; font-family: 'times new roman', times, serif;\">\u2013 P\u0131ht\u0131n\u0131n tamamen geri \u00e7ekilmesi i\u00e7in gereken s\u00fcre: 20-25 dakika<\/span><\/p>\n<p><span style=\"font-size: 14pt; font-family: 'times new roman', times, serif;\">\u2013 Santrif\u00fcjleme h\u0131z\u0131: 3500-4000r\/m<\/span><\/p>\n<p><span style=\"font-size: 14pt; font-family: 'times new roman', times, serif;\">\u2013 Santrif\u00fcjleme s\u00fcresi: 5dk<\/span><\/p>\n<p data-spm-anchor-id=\"a2700.details-description.0.i0.2376z8NPz8NPkd\"><span style=\"font-size: 14pt; font-family: 'times new roman', times, serif;\">\u2013 \u00d6nerilen depolama s\u0131cakl\u0131\u011f\u0131: 4-25\u2103<\/span><\/p>\n<table style=\"border-collapse: collapse; width: 100%; height: 237px;\">\n<tbody>\n<tr style=\"height: 45px;\">\n<td style=\"width: 14.2857%; text-align: center; height: 45px;\"><span style=\"font-family: 'times new roman', times, serif; font-size: 14pt;\"><strong>\u00fcr\u00fcn numaras\u0131\u00a0<\/strong><\/span><\/td>\n<td style=\"width: 14.2857%; text-align: center; height: 45px;\"><span style=\"font-family: 'times new roman', times, serif; font-size: 14pt;\"><strong>T\u00fcp <\/strong><strong>\u015eartname<\/strong><\/span><\/td>\n<td style=\"width: 14.2857%; text-align: center; height: 45px;\"><span style=\"font-family: 'times new roman', times, serif; font-size: 14pt;\"><strong>Nominal <\/strong><strong>Hacim<\/strong><\/span><\/td>\n<td style=\"width: 14.2857%; text-align: center; height: 45px;\"><span style=\"font-family: 'times new roman', times, serif; font-size: 14pt;\"><strong>Katk\u0131 maddesi<\/strong><\/span><\/td>\n<td style=\"width: 14.3069%; text-align: center; height: 45px;\" height=\"45\"><span style=\"font-family: 'times new roman', times, serif; font-size: 14pt;\"><strong>Cam Miktar\u0131\/Cs<\/strong><\/span><\/td>\n<td style=\"width: 14.2857%; text-align: center; height: 45px;\"><span style=\"font-family: 'times new roman', times, serif; font-size: 14pt;\"><strong>PET Miktar\/C<\/strong><\/span><\/td>\n<td style=\"width: 14.2857%; text-align: center; height: 45px;\"><\/td>\n<\/tr>\n<tr>\n<td style=\"width: 14.2857%; text-align: center;\" height=\"19\" data-spm-anchor-id=\"a2700.details-description.0.i1.2376z8NPz8NPkd\"><span style=\"font-family: 'times new roman', times, serif;\"><strong>KJ030Z<\/strong><\/span><\/td>\n<td style=\"width: 14.2857%; text-align: center;\" height=\"19\"><span style=\"font-family: 'times new roman', times, serif;\">\u00d813\u00d775mm<\/span><\/td>\n<td style=\"width: 14.2857%; text-align: center;\" height=\"19\"><span style=\"font-family: 'times new roman', times, serif;\">3ml<\/span><\/td>\n<td style=\"width: 14.2857%; text-align: center;\" height=\"19\"><span style=\"font-family: 'times new roman', times, serif;\">P\u0131ht\u0131 Aktivat\u00f6r\u00fc<\/span><\/td>\n<td style=\"width: 14.3069%; text-align: center;\" height=\"19\"><span style=\"font-family: 'times new roman', times, serif;\">100 ADET\u00d718<\/span><\/td>\n<td style=\"width: 14.2857%; text-align: center;\" height=\"19\"><span style=\"font-family: 'times new roman', times, serif;\">100 ADET\u00d718<\/span><\/td>\n<td style=\"width: 14.2857%; height: 24px;\"><\/td>\n<\/tr>\n<tr>\n<td style=\"width: 14.2857%; text-align: center;\" height=\"19\"><span style=\"font-family: 'times new roman', times, serif;\"><strong>KJ040Z<\/strong><\/span><\/td>\n<td style=\"width: 14.2857%; text-align: center;\" height=\"19\"><span style=\"font-family: 'times new roman', times, serif;\">\u00d813\u00d775mm<\/span><\/td>\n<td style=\"width: 14.2857%; text-align: center;\" height=\"19\"><span style=\"font-family: 'times new roman', times, serif;\">4ml<\/span><\/td>\n<td style=\"width: 14.2857%; text-align: center;\" height=\"19\"><span style=\"font-family: 'times new roman', times, serif;\">P\u0131ht\u0131 Aktivat\u00f6r\u00fc<\/span><\/td>\n<td style=\"width: 14.3069%; text-align: center;\" height=\"19\"><span style=\"font-family: 'times new roman', times, serif;\">100 ADET\u00d718<\/span><\/td>\n<td style=\"width: 14.2857%; text-align: center;\" height=\"19\"><span style=\"font-family: 'times new roman', times, serif;\">100 ADET\u00d718<\/span><\/td>\n<td style=\"width: 14.2857%; height: 24px;\"><\/td>\n<\/tr>\n<tr>\n<td style=\"width: 14.2857%; text-align: center;\" height=\"19\"><span style=\"font-family: 'times new roman', times, serif;\"><strong>KJ050Z<\/strong><\/span><\/td>\n<td style=\"width: 14.2857%; text-align: center;\" height=\"19\"><span style=\"font-family: 'times new roman', times, serif;\">\u00d813\u00d775mm<\/span><\/td>\n<td style=\"width: 14.2857%; text-align: center;\" height=\"19\"><span style=\"font-family: 'times new roman', times, serif;\">5ml<\/span><\/td>\n<td style=\"width: 14.2857%; text-align: center;\" height=\"19\"><span style=\"font-family: 'times new roman', times, serif;\">P\u0131ht\u0131 Aktivat\u00f6r\u00fc<\/span><\/td>\n<td style=\"width: 14.3069%; text-align: center;\" height=\"19\"><span style=\"font-family: 'times new roman', times, serif;\">100 ADET\u00d718<\/span><\/td>\n<td style=\"width: 14.2857%; text-align: center;\" height=\"19\"><span style=\"font-family: 'times new roman', times, serif;\">100 ADET\u00d718<\/span><\/td>\n<td style=\"width: 14.2857%; height: 24px;\"><\/td>\n<\/tr>\n<tr>\n<td style=\"width: 14.2857%; text-align: center;\" height=\"19\"><span style=\"font-family: 'times new roman', times, serif;\"><strong>KJ0501Z<\/strong><\/span><\/td>\n<td style=\"width: 14.2857%; text-align: center;\" height=\"19\"><span style=\"font-family: 'times new roman', times, serif;\">\u00d813\u00d7100mm<\/span><\/td>\n<td style=\"width: 14.2857%; text-align: center;\" height=\"19\"><span style=\"font-family: 'times new roman', times, serif;\">5ml<\/span><\/td>\n<td style=\"width: 14.2857%; text-align: center;\" height=\"19\"><span style=\"font-family: 'times new roman', times, serif;\">P\u0131ht\u0131 Aktivat\u00f6r\u00fc<\/span><\/td>\n<td style=\"width: 14.3069%; text-align: center;\" height=\"19\"><span style=\"font-family: 'times new roman', times, serif;\">100 ADET\u00d712<\/span><\/td>\n<td style=\"width: 14.2857%; text-align: center;\" height=\"19\"><span style=\"font-family: 'times new roman', times, serif;\">100 ADET\u00d718<\/span><\/td>\n<td style=\"width: 14.2857%; height: 24px;\"><\/td>\n<\/tr>\n<tr>\n<td style=\"width: 14.2857%; text-align: center;\" height=\"19\"><span style=\"font-family: 'times new roman', times, serif;\"><strong>KJ0601Z<\/strong><\/span><\/td>\n<td style=\"width: 14.2857%; text-align: center;\" height=\"19\"><span style=\"font-family: 'times new roman', times, serif;\">\u00d813\u00d7100mm<\/span><\/td>\n<td style=\"width: 14.2857%; text-align: center;\" height=\"19\"><span style=\"font-family: 'times new roman', times, serif;\">6ml<\/span><\/td>\n<td style=\"width: 14.2857%; text-align: center;\" height=\"19\"><span style=\"font-family: 'times new roman', times, serif;\">P\u0131ht\u0131 Aktivat\u00f6r\u00fc<\/span><\/td>\n<td style=\"width: 14.3069%; text-align: center;\" height=\"19\"><span style=\"font-family: 'times new roman', times, serif;\">100 ADET\u00d712<\/span><\/td>\n<td style=\"width: 14.2857%; text-align: center;\" height=\"19\"><span style=\"font-family: 'times new roman', times, serif;\">100 ADET\u00d718<\/span><\/td>\n<td style=\"width: 14.2857%; height: 24px;\"><\/td>\n<\/tr>\n<tr>\n<td style=\"width: 14.2857%; text-align: center;\" height=\"19\"><span style=\"font-family: 'times new roman', times, serif;\"><strong>KJ0701Z<\/strong><\/span><\/td>\n<td style=\"width: 14.2857%; text-align: center;\" height=\"19\"><span style=\"font-family: 'times new roman', times, serif;\">\u00d813\u00d7100mm<\/span><\/td>\n<td style=\"width: 14.2857%; text-align: center;\" height=\"19\"><span style=\"font-family: 'times new roman', times, serif;\">7ml<\/span><\/td>\n<td style=\"width: 14.2857%; text-align: center;\" height=\"19\"><span style=\"font-family: 'times new roman', times, serif;\">P\u0131ht\u0131 Aktivat\u00f6r\u00fc<\/span><\/td>\n<td style=\"width: 14.3069%; text-align: center;\" height=\"19\"><span style=\"font-family: 'times new roman', times, serif;\">100 ADET\u00d712<\/span><\/td>\n<td style=\"width: 14.2857%; text-align: center;\" height=\"19\"><span style=\"font-family: 'times new roman', times, serif;\">100 ADET\u00d718<\/span><\/td>\n<td style=\"width: 14.2857%; height: 24px;\"><\/td>\n<\/tr>\n<tr>\n<td style=\"width: 14.2857%; text-align: center;\" height=\"19\"><span style=\"font-family: 'times new roman', times, serif;\"><strong>KJ0801Z<\/strong><\/span><\/td>\n<td style=\"width: 14.2857%; text-align: center;\" height=\"19\"><span style=\"font-family: 'times new roman', times, serif;\">\u00d816\u00d7100mm<\/span><\/td>\n<td style=\"width: 14.2857%; text-align: center;\" height=\"19\"><span style=\"font-family: 'times new roman', times, serif;\">8ml<\/span><\/td>\n<td style=\"width: 14.2857%; text-align: center;\" height=\"19\"><span style=\"font-family: 'times new roman', times, serif;\">P\u0131ht\u0131 Aktivat\u00f6r\u00fc<\/span><\/td>\n<td style=\"width: 14.3069%; text-align: center;\" height=\"19\"><span style=\"font-family: 'times new roman', times, serif;\">100 ADET\u00d712<\/span><\/td>\n<td style=\"width: 14.2857%; text-align: center;\" height=\"19\"><span style=\"font-family: 'times new roman', times, serif;\">100 ADET\u00d712<\/span><\/td>\n<td style=\"width: 14.2857%; height: 24px;\"><\/td>\n<\/tr>\n<tr>\n<td style=\"width: 14.2857%; text-align: center;\" height=\"19\"><span style=\"font-family: 'times new roman', times, serif;\"><strong>KJ0901Z<\/strong><\/span><\/td>\n<td style=\"width: 14.2857%; text-align: center;\" height=\"19\"><span style=\"font-family: 'times new roman', times, serif;\">\u00d816\u00d7100mm<\/span><\/td>\n<td style=\"width: 14.2857%; text-align: center;\" height=\"19\"><span style=\"font-family: 'times new roman', times, serif;\">9ml<\/span><\/td>\n<td style=\"width: 14.2857%; text-align: center;\" height=\"19\"><span style=\"font-family: 'times new roman', times, serif;\">P\u0131ht\u0131 Aktivat\u00f6r\u00fc<\/span><\/td>\n<td style=\"width: 14.3069%; text-align: center;\" height=\"19\"><span style=\"font-family: 'times new roman', times, serif;\">100 ADET\u00d712<\/span><\/td>\n<td style=\"width: 14.2857%; text-align: center;\" height=\"19\"><span style=\"font-family: 'times new roman', times, serif;\">100 ADET\u00d712<\/span><\/td>\n<td style=\"width: 14.2857%; height: 24px;\"><\/td>\n<\/tr>\n<tr>\n<td style=\"width: 14.2857%; text-align: center;\" height=\"19\"><span style=\"font-family: 'times new roman', times, serif;\"><strong>KJ1002Z<\/strong><\/span><\/td>\n<td style=\"width: 14.2857%; text-align: center;\" height=\"19\"><span style=\"font-family: 'times new roman', times, serif;\">\u00d816\u00d7100mm<\/span><\/td>\n<td style=\"width: 14.2857%; text-align: center;\" height=\"19\"><span style=\"font-family: 'times new roman', times, serif;\">10ml<\/span><\/td>\n<td style=\"width: 14.2857%; text-align: center;\" height=\"19\"><span style=\"font-family: 'times new roman', times, serif;\">P\u0131ht\u0131 Aktivat\u00f6r\u00fc<\/span><\/td>\n<td style=\"width: 14.3069%; text-align: center;\" height=\"19\"><span style=\"font-family: 'times new roman', times, serif;\">100 ADET\u00d712<\/span><\/td>\n<td style=\"width: 14.2857%; text-align: center;\" height=\"19\"><span style=\"font-family: 'times new roman', times, serif;\">100 ADET\u00d712<\/span><\/td>\n<td style=\"width: 14.2857%;\"><\/td>\n<\/tr>\n<\/tbody>\n<\/table>\n<p data-spm-anchor-id=\"a2700.details-description.0.i0.b229DrSXDrSXqX\">","protected":false},"excerpt":{"rendered":"<p>P\u0131ht\u0131 Aktivat\u00f6r T\u00fcp\u00fc P\u0131ht\u0131 aktivat\u00f6r t\u00fcp\u00fc, t\u0131bbi muayenede biyokimya ve imm\u00fcnoloji i\u00e7in kan toplamada kullan\u0131l\u0131r.<\/p>","protected":false},"featured_media":22594,"comment_status":"open","ping_status":"closed","template":"","meta":{"_acf_changed":false},"product_brand":[],"product_cat":[20,98],"product_tag":[],"class_list":{"0":"post-22593","1":"product","2":"type-product","3":"status-publish","4":"has-post-thumbnail","6":"product_cat-all","7":"product_cat-blood-collection-tube","9":"first","10":"instock","11":"shipping-taxable","12":"product-type-simple"},"acf":[],"_links":{"self":[{"href":"https:\/\/lexamedlab.com\/tr\/wp-json\/wp\/v2\/product\/22593","targetHints":{"allow":["GET"]}}],"collection":[{"href":"https:\/\/lexamedlab.com\/tr\/wp-json\/wp\/v2\/product"}],"about":[{"href":"https:\/\/lexamedlab.com\/tr\/wp-json\/wp\/v2\/types\/product"}],"replies":[{"embeddable":true,"href":"https:\/\/lexamedlab.com\/tr\/wp-json\/wp\/v2\/comments?post=22593"}],"version-history":[{"count":2,"href":"https:\/\/lexamedlab.com\/tr\/wp-json\/wp\/v2\/product\/22593\/revisions"}],"predecessor-version":[{"id":22596,"href":"https:\/\/lexamedlab.com\/tr\/wp-json\/wp\/v2\/product\/22593\/revisions\/22596"}],"wp:featuredmedia":[{"embeddable":true,"href":"https:\/\/lexamedlab.com\/tr\/wp-json\/wp\/v2\/media\/22594"}],"wp:attachment":[{"href":"https:\/\/lexamedlab.com\/tr\/wp-json\/wp\/v2\/media?parent=22593"}],"wp:term":[{"taxonomy":"product_brand","embeddable":true,"href":"https:\/\/lexamedlab.com\/tr\/wp-json\/wp\/v2\/product_brand?post=22593"},{"taxonomy":"product_cat","embeddable":true,"href":"https:\/\/lexamedlab.com\/tr\/wp-json\/wp\/v2\/product_cat?post=22593"},{"taxonomy":"product_tag","embeddable":true,"href":"https:\/\/lexamedlab.com\/tr\/wp-json\/wp\/v2\/product_tag?post=22593"}],"curies":[{"name":"wp","href":"https:\/\/api.w.org\/{rel}","templated":true}]}}