{"id":22597,"date":"2025-05-24T21:54:38","date_gmt":"2025-05-24T21:54:38","guid":{"rendered":"https:\/\/lexamedlab.com\/?post_type=product&#038;p=22597"},"modified":"2025-05-27T15:11:36","modified_gmt":"2025-05-27T15:11:36","slug":"edta-tube","status":"publish","type":"product","link":"https:\/\/lexamedlab.com\/tr\/product\/edta-tube\/","title":{"rendered":"EDTA T\u00fcp\u00fc"},"content":{"rendered":"<p><span style=\"font-family: 'times new roman', times, serif; font-size: 14pt;\" data-spm-anchor-id=\"a2700.details-description.0.i0.2ca5CPe8CPe8Ld\">EDTA T\u00fcp\u00fc<\/span><\/p>\n<p><span style=\"font-family: 'times new roman', times, serif; font-size: 14pt;\">EDTA t\u00fcp\u00fc klinik hematoloji, \u00e7apraz e\u015fle\u015ftirme, kan gruplamas\u0131 ve \u00e7e\u015fitli kan h\u00fccresi test cihazlar\u0131nda yayg\u0131n olarak kullan\u0131l\u0131r. \u00d6zellikle kan trombositlerini korumak i\u00e7in kan h\u00fccreleri i\u00e7in kapsaml\u0131 bir koruma sa\u011flar, b\u00f6ylece kan trombositlerinin toplanmas\u0131n\u0131 etkili bir \u015fekilde durdurabilir ve kan h\u00fccrelerinin bi\u00e7imini ve hacmini uzun s\u00fcre etkilenmemi\u015f hale getirebilir.<\/span><\/p>\n<p><span style=\"font-family: 'times new roman', times, serif; font-size: 14pt;\">S\u00fcper dakika tekni\u011fine sahip m\u00fckemmel ekipmanlar katk\u0131 maddesini t\u00fcp\u00fcn i\u00e7 y\u00fczeyine e\u015fit \u015fekilde p\u00fcsk\u00fcrtebilir, b\u00f6ylece kan \u00f6rne\u011fi katk\u0131 maddesiyle tamamen kar\u0131\u015fabilir. EDTA antikoag\u00fclan plazmas\u0131 patojen mikroorganizma, parazit ve bakteri molek\u00fcl\u00fc vb.&#039;nin biyolojik analizi i\u00e7in kullan\u0131l\u0131r.<\/span><\/p>\n<table style=\"border-collapse: collapse; width: 100%; height: 525px;\">\n<tbody>\n<tr style=\"height: 45px;\">\n<td style=\"width: 14.2857%; text-align: center; height: 45px;\"><span style=\"font-family: 'times new roman', times, serif; font-size: 14pt;\"><strong>\u00fcr\u00fcn numaras\u0131\u00a0<\/strong><\/span><\/td>\n<td style=\"width: 14.2857%; text-align: center; height: 45px;\"><span style=\"font-family: 'times new roman', times, serif; font-size: 14pt;\"><strong>T\u00fcp <\/strong><strong>\u015eartname<\/strong><\/span><\/td>\n<td style=\"width: 14.2857%; text-align: center; height: 45px;\"><span style=\"font-family: 'times new roman', times, serif; font-size: 14pt;\"><strong>Nominal <\/strong><strong>Hacim<\/strong><\/span><\/td>\n<td style=\"width: 14.2857%; text-align: center; height: 45px;\"><span style=\"font-family: 'times new roman', times, serif; font-size: 14pt;\"><strong>Katk\u0131 maddesi<\/strong><\/span><\/td>\n<td style=\"width: 14.3069%; text-align: center; height: 45px;\" height=\"45\"><span style=\"font-family: 'times new roman', times, serif; font-size: 14pt;\"><strong>Cam Miktar\u0131\/Cs<\/strong><\/span><\/td>\n<td style=\"width: 14.2857%; text-align: center; height: 45px;\"><span style=\"font-family: 'times new roman', times, serif; font-size: 14pt;\"><strong>PET Miktar\/C<\/strong><\/span><\/td>\n<td style=\"width: 14.2857%; text-align: center; height: 45px;\"><\/td>\n<\/tr>\n<tr>\n<td style=\"width: 14.2857%; text-align: center;\" data-spm-anchor-id=\"a2700.details-description.0.i19.2ca5CPe8CPe8Ld\"><span style=\"font-family: 'times new roman', times, serif;\"><strong>KJ010K2E<\/strong><\/span><\/td>\n<td style=\"width: 14.2857%; text-align: center;\"><span style=\"font-family: 'times new roman', times, serif;\" data-spm-anchor-id=\"a2700.details-description.0.i1.2ca5CPe8CPe8Ld\">\u00d813\u00d775mm<\/span><\/td>\n<td style=\"width: 14.2857%; text-align: center;\"><span style=\"font-family: 'times new roman', times, serif;\">1ml<\/span><\/td>\n<td style=\"width: 14.2857%; text-align: center;\"><span style=\"font-family: 'times new roman', times, serif;\">p\u0131ht\u0131la\u015ft\u0131r\u0131c\u0131\u00a0<\/span><\/td>\n<td style=\"width: 14.3069%; text-align: center;\"><span style=\"font-family: 'times new roman', times, serif;\">100 ADET\u00d718<\/span><\/td>\n<td style=\"width: 14.2857%; text-align: center;\"><span style=\"font-family: 'times new roman', times, serif;\">100 ADET\u00d718<\/span><\/td>\n<td style=\"width: 14.2857%; height: 24px;\"><\/td>\n<\/tr>\n<tr>\n<td style=\"width: 14.2857%; text-align: center;\"><span style=\"font-family: 'times new roman', times, serif;\"><strong>KJ020K2E<\/strong><\/span><\/td>\n<td style=\"width: 14.2857%; text-align: center;\"><span style=\"font-family: 'times new roman', times, serif;\" data-spm-anchor-id=\"a2700.details-description.0.i2.2ca5CPe8CPe8Ld\">\u00d813\u00d775mm<\/span><\/td>\n<td style=\"width: 14.2857%; text-align: center;\"><span style=\"font-family: 'times new roman', times, serif;\">2ml<\/span><\/td>\n<td style=\"width: 14.2857%; text-align: center;\"><span style=\"font-family: 'times new roman', times, serif;\">p\u0131ht\u0131la\u015ft\u0131r\u0131c\u0131\u00a0<\/span><\/td>\n<td style=\"width: 14.3069%; text-align: center;\"><span style=\"font-family: 'times new roman', times, serif;\">100 ADET\u00d718<\/span><\/td>\n<td style=\"width: 14.2857%; text-align: center;\"><span style=\"font-family: 'times new roman', times, serif;\">100 ADET\u00d718<\/span><\/td>\n<td style=\"width: 14.2857%; height: 24px;\"><\/td>\n<\/tr>\n<tr>\n<td style=\"width: 14.2857%; text-align: center;\"><span style=\"font-family: 'times new roman', times, serif;\"><strong>KJ030K2E<\/strong><\/span><\/td>\n<td style=\"width: 14.2857%; text-align: center;\"><span style=\"font-family: 'times new roman', times, serif;\" data-spm-anchor-id=\"a2700.details-description.0.i3.2ca5CPe8CPe8Ld\">\u00d813\u00d775mm<\/span><\/td>\n<td style=\"width: 14.2857%; text-align: center;\"><span style=\"font-family: 'times new roman', times, serif;\">3ml<\/span><\/td>\n<td style=\"width: 14.2857%; text-align: center;\"><span style=\"font-family: 'times new roman', times, serif;\">p\u0131ht\u0131la\u015ft\u0131r\u0131c\u0131\u00a0<\/span><\/td>\n<td style=\"width: 14.3069%; text-align: center;\"><span style=\"font-family: 'times new roman', times, serif;\">100 ADET\u00d718<\/span><\/td>\n<td style=\"width: 14.2857%; text-align: center;\"><span style=\"font-family: 'times new roman', times, serif;\">100 ADET\u00d718<\/span><\/td>\n<td style=\"width: 14.2857%; height: 24px;\"><\/td>\n<\/tr>\n<tr>\n<td style=\"width: 14.2857%; text-align: center;\"><span style=\"font-family: 'times new roman', times, serif;\"><strong>KJ040K2E<\/strong><\/span><\/td>\n<td style=\"width: 14.2857%; text-align: center;\"><span style=\"font-family: 'times new roman', times, serif;\" data-spm-anchor-id=\"a2700.details-description.0.i4.2ca5CPe8CPe8Ld\">\u00d813\u00d775mm<\/span><\/td>\n<td style=\"width: 14.2857%; text-align: center;\"><span style=\"font-family: 'times new roman', times, serif;\">4ml<\/span><\/td>\n<td style=\"width: 14.2857%; text-align: center;\"><span style=\"font-family: 'times new roman', times, serif;\">p\u0131ht\u0131la\u015ft\u0131r\u0131c\u0131\u00a0<\/span><\/td>\n<td style=\"width: 14.3069%; text-align: center;\"><span style=\"font-family: 'times new roman', times, serif;\">100 ADET\u00d718<\/span><\/td>\n<td style=\"width: 14.2857%; text-align: center;\"><span style=\"font-family: 'times new roman', times, serif;\">100 ADET\u00d718<\/span><\/td>\n<td style=\"width: 14.2857%; height: 24px;\"><\/td>\n<\/tr>\n<tr>\n<td style=\"width: 14.2857%; text-align: center;\"><span style=\"font-family: 'times new roman', times, serif;\"><strong>KJ050K2E<\/strong><\/span><\/td>\n<td style=\"width: 14.2857%; text-align: center;\" data-spm-anchor-id=\"a2700.details-description.0.i5.2ca5CPe8CPe8Ld\"><span style=\"font-family: 'times new roman', times, serif;\">\u00d813\u00d775mm<\/span><\/td>\n<td style=\"width: 14.2857%; text-align: center;\"><span style=\"font-family: 'times new roman', times, serif;\">5ml<\/span><\/td>\n<td style=\"width: 14.2857%; text-align: center;\"><span style=\"font-family: 'times new roman', times, serif;\">p\u0131ht\u0131la\u015ft\u0131r\u0131c\u0131\u00a0<\/span><\/td>\n<td style=\"width: 14.3069%; text-align: center;\"><span style=\"font-family: 'times new roman', times, serif;\">100 ADET\u00d718<\/span><\/td>\n<td style=\"width: 14.2857%; text-align: center;\"><span style=\"font-family: 'times new roman', times, serif;\">100 ADET\u00d718<\/span><\/td>\n<td style=\"width: 14.2857%; height: 24px;\"><\/td>\n<\/tr>\n<tr>\n<td style=\"width: 14.2857%; text-align: center;\"><span style=\"font-family: 'times new roman', times, serif;\"><strong>KJ0501K2E<\/strong><\/span><\/td>\n<td style=\"width: 14.2857%; text-align: center;\" data-spm-anchor-id=\"a2700.details-description.0.i6.2ca5CPe8CPe8Ld\"><span style=\"font-family: 'times new roman', times, serif;\">\u00d813\u00d7100mm<\/span><\/td>\n<td style=\"width: 14.2857%; text-align: center;\"><span style=\"font-family: 'times new roman', times, serif;\">5ml<\/span><\/td>\n<td style=\"width: 14.2857%; text-align: center;\"><span style=\"font-family: 'times new roman', times, serif;\">p\u0131ht\u0131la\u015ft\u0131r\u0131c\u0131\u00a0<\/span><\/td>\n<td style=\"width: 14.3069%; text-align: center;\"><span style=\"font-family: 'times new roman', times, serif;\">100 ADET\u00d712<\/span><\/td>\n<td style=\"width: 14.2857%; text-align: center;\"><span style=\"font-family: 'times new roman', times, serif;\">100 ADET\u00d718<\/span><\/td>\n<td style=\"width: 14.2857%; height: 24px;\"><\/td>\n<\/tr>\n<tr>\n<td style=\"width: 14.2857%; text-align: center;\"><span style=\"font-family: 'times new roman', times, serif;\"><strong>KJ0601K2E<\/strong><\/span><\/td>\n<td style=\"width: 14.2857%; text-align: center;\" data-spm-anchor-id=\"a2700.details-description.0.i7.2ca5CPe8CPe8Ld\"><span style=\"font-family: 'times new roman', times, serif;\">\u00d813\u00d7100mm<\/span><\/td>\n<td style=\"width: 14.2857%; text-align: center;\"><span style=\"font-family: 'times new roman', times, serif;\">6ml<\/span><\/td>\n<td style=\"width: 14.2857%; text-align: center;\"><span style=\"font-family: 'times new roman', times, serif;\">p\u0131ht\u0131la\u015ft\u0131r\u0131c\u0131\u00a0<\/span><\/td>\n<td style=\"width: 14.3069%; text-align: center;\"><span style=\"font-family: 'times new roman', times, serif;\">100 ADET\u00d712<\/span><\/td>\n<td style=\"width: 14.2857%; text-align: center;\"><span style=\"font-family: 'times new roman', times, serif;\">100 ADET\u00d718<\/span><\/td>\n<td style=\"width: 14.2857%; height: 24px;\"><\/td>\n<\/tr>\n<tr>\n<td style=\"width: 14.2857%; text-align: center;\"><span style=\"font-family: 'times new roman', times, serif;\"><strong>KJ0701K2E<\/strong><\/span><\/td>\n<td style=\"width: 14.2857%; text-align: center;\" data-spm-anchor-id=\"a2700.details-description.0.i8.2ca5CPe8CPe8Ld\"><span style=\"font-family: 'times new roman', times, serif;\">\u00d813\u00d7100mm<\/span><\/td>\n<td style=\"width: 14.2857%; text-align: center;\"><span style=\"font-family: 'times new roman', times, serif;\">7ml<\/span><\/td>\n<td style=\"width: 14.2857%; text-align: center;\"><span style=\"font-family: 'times new roman', times, serif;\">p\u0131ht\u0131la\u015ft\u0131r\u0131c\u0131\u00a0<\/span><\/td>\n<td style=\"width: 14.3069%; text-align: center;\"><span style=\"font-family: 'times new roman', times, serif;\">100 ADET\u00d712<\/span><\/td>\n<td style=\"width: 14.2857%; text-align: center;\"><span style=\"font-family: 'times new roman', times, serif;\">100 ADET\u00d718<\/span><\/td>\n<td style=\"width: 14.2857%; height: 24px;\"><\/td>\n<\/tr>\n<tr>\n<td style=\"width: 14.2857%; text-align: center;\"><span style=\"font-family: 'times new roman', times, serif;\"><strong>KJ1002K2E<\/strong><\/span><\/td>\n<td style=\"width: 14.2857%; text-align: center;\" data-spm-anchor-id=\"a2700.details-description.0.i9.2ca5CPe8CPe8Ld\"><span style=\"font-family: 'times new roman', times, serif;\">\u00d816\u00d7100mm<\/span><\/td>\n<td style=\"width: 14.2857%; text-align: center;\"><span style=\"font-family: 'times new roman', times, serif;\">10ml<\/span><\/td>\n<td style=\"width: 14.2857%; text-align: center;\"><span style=\"font-family: 'times new roman', times, serif;\">p\u0131ht\u0131la\u015ft\u0131r\u0131c\u0131\u00a0<\/span><\/td>\n<td style=\"width: 14.3069%; text-align: center;\"><span style=\"font-family: 'times new roman', times, serif;\">100 ADET\u00d712<\/span><\/td>\n<td style=\"width: 14.2857%; text-align: center;\"><span style=\"font-family: 'times new roman', times, serif;\">100 ADET\u00d712<\/span><\/td>\n<td style=\"width: 14.2857%; height: 24px;\"><\/td>\n<\/tr>\n<tr>\n<td style=\"width: 14.2857%; text-align: center;\"><span style=\"font-family: 'times new roman', times, serif;\"><strong>KJ010K3E<\/strong><\/span><\/td>\n<td style=\"width: 14.2857%; text-align: center;\" data-spm-anchor-id=\"a2700.details-description.0.i10.2ca5CPe8CPe8Ld\"><span style=\"font-family: 'times new roman', times, serif;\">\u00d813\u00d775mm<\/span><\/td>\n<td style=\"width: 14.2857%; text-align: center;\"><span style=\"font-family: 'times new roman', times, serif;\">1ml<\/span><\/td>\n<td style=\"width: 14.2857%; text-align: center;\"><span style=\"font-family: 'times new roman', times, serif;\">p\u0131ht\u0131la\u015ft\u0131r\u0131c\u0131\u00a0<\/span><\/td>\n<td style=\"width: 14.3069%; text-align: center;\"><span style=\"font-family: 'times new roman', times, serif;\">100 ADET\u00d718<\/span><\/td>\n<td style=\"width: 14.2857%; text-align: center;\"><span style=\"font-family: 'times new roman', times, serif;\">100 ADET\u00d718<\/span><\/td>\n<td style=\"width: 14.2857%; height: 24px;\"><\/td>\n<\/tr>\n<tr>\n<td style=\"width: 14.2857%; text-align: center;\"><span style=\"font-family: 'times new roman', times, serif;\"><strong>KJ020K3E<\/strong><\/span><\/td>\n<td style=\"width: 14.2857%; text-align: center;\" data-spm-anchor-id=\"a2700.details-description.0.i11.2ca5CPe8CPe8Ld\"><span style=\"font-family: 'times new roman', times, serif;\">\u00d813\u00d775mm<\/span><\/td>\n<td style=\"width: 14.2857%; text-align: center;\"><span style=\"font-family: 'times new roman', times, serif;\">2ml<\/span><\/td>\n<td style=\"width: 14.2857%; text-align: center;\"><span style=\"font-family: 'times new roman', times, serif;\">p\u0131ht\u0131la\u015ft\u0131r\u0131c\u0131\u00a0<\/span><\/td>\n<td style=\"width: 14.3069%; text-align: center;\"><span style=\"font-family: 'times new roman', times, serif;\">100 ADET\u00d718<\/span><\/td>\n<td style=\"width: 14.2857%; text-align: center;\"><span style=\"font-family: 'times new roman', times, serif;\">100 ADET\u00d718<\/span><\/td>\n<td style=\"width: 14.2857%; height: 24px;\"><\/td>\n<\/tr>\n<tr>\n<td style=\"width: 14.2857%; text-align: center;\"><span style=\"font-family: 'times new roman', times, serif;\"><strong>KJ030K3E<\/strong><\/span><\/td>\n<td style=\"width: 14.2857%; text-align: center;\" data-spm-anchor-id=\"a2700.details-description.0.i12.2ca5CPe8CPe8Ld\"><span style=\"font-family: 'times new roman', times, serif;\">\u00d813\u00d775mm<\/span><\/td>\n<td style=\"width: 14.2857%; text-align: center;\"><span style=\"font-family: 'times new roman', times, serif;\">3ml<\/span><\/td>\n<td style=\"width: 14.2857%; text-align: center;\"><span style=\"font-family: 'times new roman', times, serif;\">p\u0131ht\u0131la\u015ft\u0131r\u0131c\u0131\u00a0<\/span><\/td>\n<td style=\"width: 14.3069%; text-align: center;\"><span style=\"font-family: 'times new roman', times, serif;\">100 ADET\u00d718<\/span><\/td>\n<td style=\"width: 14.2857%; text-align: center;\"><span style=\"font-family: 'times new roman', times, serif;\">100 ADET\u00d718<\/span><\/td>\n<td style=\"width: 14.2857%; height: 24px;\"><\/td>\n<\/tr>\n<tr>\n<td style=\"width: 14.2857%; text-align: center;\"><span style=\"font-family: 'times new roman', times, serif;\"><strong>KJ040K3E<\/strong><\/span><\/td>\n<td style=\"width: 14.2857%; text-align: center;\" data-spm-anchor-id=\"a2700.details-description.0.i13.2ca5CPe8CPe8Ld\"><span style=\"font-family: 'times new roman', times, serif;\">\u00d813\u00d775mm<\/span><\/td>\n<td style=\"width: 14.2857%; text-align: center;\"><span style=\"font-family: 'times new roman', times, serif;\">4ml<\/span><\/td>\n<td style=\"width: 14.2857%; text-align: center;\"><span style=\"font-family: 'times new roman', times, serif;\">p\u0131ht\u0131la\u015ft\u0131r\u0131c\u0131\u00a0<\/span><\/td>\n<td style=\"width: 14.3069%; text-align: center;\"><span style=\"font-family: 'times new roman', times, serif;\">100 ADET\u00d718<\/span><\/td>\n<td style=\"width: 14.2857%; text-align: center;\"><span style=\"font-family: 'times new roman', times, serif;\">100 ADET\u00d718<\/span><\/td>\n<td style=\"width: 14.2857%; height: 24px;\"><\/td>\n<\/tr>\n<tr>\n<td style=\"width: 14.2857%; text-align: center;\"><span style=\"font-family: 'times new roman', times, serif;\"><strong>KJ050K3E<\/strong><\/span><\/td>\n<td style=\"width: 14.2857%; text-align: center;\" data-spm-anchor-id=\"a2700.details-description.0.i14.2ca5CPe8CPe8Ld\"><span style=\"font-family: 'times new roman', times, serif;\">\u00d813\u00d775mm<\/span><\/td>\n<td style=\"width: 14.2857%; text-align: center;\"><span style=\"font-family: 'times new roman', times, serif;\">5ml<\/span><\/td>\n<td style=\"width: 14.2857%; text-align: center;\"><span style=\"font-family: 'times new roman', times, serif;\">p\u0131ht\u0131la\u015ft\u0131r\u0131c\u0131\u00a0<\/span><\/td>\n<td style=\"width: 14.3069%; text-align: center;\"><span style=\"font-family: 'times new roman', times, serif;\">100 ADET\u00d718<\/span><\/td>\n<td style=\"width: 14.2857%; text-align: center;\"><span style=\"font-family: 'times new roman', times, serif;\">100 ADET\u00d718<\/span><\/td>\n<td style=\"width: 14.2857%; height: 24px;\"><\/td>\n<\/tr>\n<tr>\n<td style=\"width: 14.2857%; text-align: center;\"><span style=\"font-family: 'times new roman', times, serif;\"><strong>KJ0501K3E<\/strong><\/span><\/td>\n<td style=\"width: 14.2857%; text-align: center;\" data-spm-anchor-id=\"a2700.details-description.0.i15.2ca5CPe8CPe8Ld\"><span style=\"font-family: 'times new roman', times, serif;\">\u00d813\u00d7100mm<\/span><\/td>\n<td style=\"width: 14.2857%; text-align: center;\"><span style=\"font-family: 'times new roman', times, serif;\">5ml<\/span><\/td>\n<td style=\"width: 14.2857%; text-align: center;\"><span style=\"font-family: 'times new roman', times, serif;\">p\u0131ht\u0131la\u015ft\u0131r\u0131c\u0131\u00a0<\/span><\/td>\n<td style=\"width: 14.3069%; text-align: center;\"><span style=\"font-family: 'times new roman', times, serif;\">100 ADET\u00d712<\/span><\/td>\n<td style=\"width: 14.2857%; text-align: center;\"><span style=\"font-family: 'times new roman', times, serif;\">100 ADET\u00d718<\/span><\/td>\n<td style=\"width: 14.2857%; height: 24px;\"><\/td>\n<\/tr>\n<tr>\n<td style=\"width: 14.2857%; text-align: center;\"><span style=\"font-family: 'times new roman', times, serif;\"><strong>KJ0601K3E<\/strong><\/span><\/td>\n<td style=\"width: 14.2857%; text-align: center;\" data-spm-anchor-id=\"a2700.details-description.0.i16.2ca5CPe8CPe8Ld\"><span style=\"font-family: 'times new roman', times, serif;\">\u00d813\u00d7100mm<\/span><\/td>\n<td style=\"width: 14.2857%; text-align: center;\"><span style=\"font-family: 'times new roman', times, serif;\">6ml<\/span><\/td>\n<td style=\"width: 14.2857%; text-align: center;\"><span style=\"font-family: 'times new roman', times, serif;\">p\u0131ht\u0131la\u015ft\u0131r\u0131c\u0131\u00a0<\/span><\/td>\n<td style=\"width: 14.3069%; text-align: center;\"><span style=\"font-family: 'times new roman', times, serif;\">100 ADET\u00d712<\/span><\/td>\n<td style=\"width: 14.2857%; text-align: center;\"><span style=\"font-family: 'times new roman', times, serif;\">100 ADET\u00d718<\/span><\/td>\n<td style=\"width: 14.2857%; height: 24px;\"><\/td>\n<\/tr>\n<tr>\n<td style=\"width: 14.2857%; text-align: center;\"><span style=\"font-family: 'times new roman', times, serif;\"><strong>KJ0701K3E<\/strong><\/span><\/td>\n<td style=\"width: 14.2857%; text-align: center;\" data-spm-anchor-id=\"a2700.details-description.0.i17.2ca5CPe8CPe8Ld\"><span style=\"font-family: 'times new roman', times, serif;\">\u00d813\u00d7100mm<\/span><\/td>\n<td style=\"width: 14.2857%; text-align: center;\"><span style=\"font-family: 'times new roman', times, serif;\">7ml<\/span><\/td>\n<td style=\"width: 14.2857%; text-align: center;\"><span style=\"font-family: 'times new roman', times, serif;\">p\u0131ht\u0131la\u015ft\u0131r\u0131c\u0131\u00a0<\/span><\/td>\n<td style=\"width: 14.3069%; text-align: center;\"><span style=\"font-family: 'times new roman', times, serif;\">100 ADET\u00d712<\/span><\/td>\n<td style=\"width: 14.2857%; text-align: center;\"><span style=\"font-family: 'times new roman', times, serif;\">100 ADET\u00d718<\/span><\/td>\n<td style=\"width: 14.2857%; height: 24px;\"><\/td>\n<\/tr>\n<tr>\n<td style=\"width: 14.2857%; text-align: center;\"><span style=\"font-family: 'times new roman', times, serif;\"><strong>KJ1002K3E<\/strong><\/span><\/td>\n<td style=\"width: 14.2857%; text-align: center;\"><span style=\"font-family: 'times new roman', times, serif;\" data-spm-anchor-id=\"a2700.details-description.0.i18.2ca5CPe8CPe8Ld\">\u00d816\u00d7100mm<\/span><\/td>\n<td style=\"width: 14.2857%; text-align: center;\"><span style=\"font-family: 'times new roman', times, serif;\">10ml<\/span><\/td>\n<td style=\"width: 14.2857%; text-align: center;\"><span style=\"font-family: 'times new roman', times, serif;\">p\u0131ht\u0131la\u015ft\u0131r\u0131c\u0131\u00a0<\/span><\/td>\n<td style=\"width: 14.3069%; text-align: center;\"><span style=\"font-family: 'times new roman', times, serif;\">100 ADET\u00d712<\/span><\/td>\n<td style=\"width: 14.2857%; text-align: center;\"><span style=\"font-family: 'times new roman', times, serif;\">100 ADET\u00d712<\/span><\/td>\n<td style=\"width: 14.2857%; height: 24px;\"><\/td>\n<\/tr>\n<tr>\n<td style=\"width: 14.2857%; text-align: center;\"><span style=\"font-family: 'times new roman', times, serif;\"><strong>KJ020N2E<\/strong><\/span><\/td>\n<td style=\"width: 14.2857%; text-align: center;\"><span style=\"font-family: 'times new roman', times, serif;\">\u00d813\u00d775mm<\/span><\/td>\n<td style=\"width: 14.2857%; text-align: center;\"><span style=\"font-family: 'times new roman', times, serif;\">2ml<\/span><\/td>\n<td style=\"width: 14.2857%; text-align: center;\"><span style=\"font-family: 'times new roman', times, serif;\">p\u0131ht\u0131la\u015ft\u0131r\u0131c\u0131\u00a0<\/span><\/td>\n<td style=\"width: 14.3069%; text-align: center;\"><span style=\"font-family: 'times new roman', times, serif;\">100 ADET\u00d718<\/span><\/td>\n<td style=\"width: 14.2857%; text-align: center;\"><span style=\"font-family: 'times new roman', times, serif;\">100 ADET\u00d718<\/span><\/td>\n<td style=\"width: 14.2857%; height: 24px;\"><\/td>\n<\/tr>\n<tr>\n<td style=\"width: 14.2857%; text-align: center;\"><span style=\"font-family: 'times new roman', times, serif;\"><strong>KJ0501N2E<\/strong><\/span><\/td>\n<td style=\"width: 14.2857%; text-align: center;\"><span style=\"font-family: 'times new roman', times, serif;\">\u00d813\u00d7100mm<\/span><\/td>\n<td style=\"width: 14.2857%; text-align: center;\"><span style=\"font-family: 'times new roman', times, serif;\">5ml<\/span><\/td>\n<td style=\"width: 14.2857%; text-align: center;\"><span style=\"font-family: 'times new roman', times, serif;\">p\u0131ht\u0131la\u015ft\u0131r\u0131c\u0131\u00a0<\/span><\/td>\n<td style=\"width: 14.3069%; text-align: center;\"><span style=\"font-family: 'times new roman', times, serif;\">100 ADET\u00d712<\/span><\/td>\n<td style=\"width: 14.2857%; text-align: center;\"><span style=\"font-family: 'times new roman', times, serif;\">100 ADET\u00d718<\/span><\/td>\n<td style=\"width: 14.2857%; height: 24px;\"><\/td>\n<\/tr>\n<\/tbody>\n<\/table>\n<p data-spm-anchor-id=\"a2700.details-description.0.i0.b229DrSXDrSXqX\">","protected":false},"excerpt":{"rendered":"<p>EDTA T\u00fcp\u00fc EDTA t\u00fcp\u00fc, klinik hematoloji, \u00e7apraz e\u015fle\u015ftirme, kan gruplamas\u0131 ve \u00e7e\u015fitli t\u0131bbi uygulamalarda yayg\u0131n olarak kullan\u0131l\u0131r.<\/p>","protected":false},"featured_media":22618,"comment_status":"open","ping_status":"closed","template":"","meta":{"_acf_changed":false},"product_brand":[],"product_cat":[20,98],"product_tag":[],"class_list":{"0":"post-22597","1":"product","2":"type-product","3":"status-publish","4":"has-post-thumbnail","6":"product_cat-all","7":"product_cat-blood-collection-tube","9":"first","10":"instock","11":"shipping-taxable","12":"product-type-simple"},"acf":[],"_links":{"self":[{"href":"https:\/\/lexamedlab.com\/tr\/wp-json\/wp\/v2\/product\/22597","targetHints":{"allow":["GET"]}}],"collection":[{"href":"https:\/\/lexamedlab.com\/tr\/wp-json\/wp\/v2\/product"}],"about":[{"href":"https:\/\/lexamedlab.com\/tr\/wp-json\/wp\/v2\/types\/product"}],"replies":[{"embeddable":true,"href":"https:\/\/lexamedlab.com\/tr\/wp-json\/wp\/v2\/comments?post=22597"}],"version-history":[{"count":1,"href":"https:\/\/lexamedlab.com\/tr\/wp-json\/wp\/v2\/product\/22597\/revisions"}],"predecessor-version":[{"id":22598,"href":"https:\/\/lexamedlab.com\/tr\/wp-json\/wp\/v2\/product\/22597\/revisions\/22598"}],"wp:featuredmedia":[{"embeddable":true,"href":"https:\/\/lexamedlab.com\/tr\/wp-json\/wp\/v2\/media\/22618"}],"wp:attachment":[{"href":"https:\/\/lexamedlab.com\/tr\/wp-json\/wp\/v2\/media?parent=22597"}],"wp:term":[{"taxonomy":"product_brand","embeddable":true,"href":"https:\/\/lexamedlab.com\/tr\/wp-json\/wp\/v2\/product_brand?post=22597"},{"taxonomy":"product_cat","embeddable":true,"href":"https:\/\/lexamedlab.com\/tr\/wp-json\/wp\/v2\/product_cat?post=22597"},{"taxonomy":"product_tag","embeddable":true,"href":"https:\/\/lexamedlab.com\/tr\/wp-json\/wp\/v2\/product_tag?post=22597"}],"curies":[{"name":"wp","href":"https:\/\/api.w.org\/{rel}","templated":true}]}}