{"id":22605,"date":"2025-05-24T22:07:36","date_gmt":"2025-05-24T22:07:36","guid":{"rendered":"https:\/\/lexamedlab.com\/?post_type=product&#038;p=22605"},"modified":"2025-05-27T15:11:36","modified_gmt":"2025-05-27T15:11:36","slug":"sodium-citrate-tube","status":"publish","type":"product","link":"https:\/\/lexamedlab.com\/tr\/product\/sodium-citrate-tube\/","title":{"rendered":"Sodyum Sitrat T\u00fcp\u00fc"},"content":{"rendered":"<p><span style=\"font-family: 'times new roman', times, serif; font-size: 14pt;\">PT T\u00fcp\u00fc<\/span><\/p>\n<p><span style=\"font-family: 'times new roman', times, serif; font-size: 14pt;\" data-spm-anchor-id=\"a2700.details-description.0.i1.1b38cgtQcgtQQs\">PT t\u00fcp\u00fc kan p\u0131ht\u0131la\u015fma testi i\u00e7in kullan\u0131l\u0131r ve fibrinolitik sisteme (PT,TT, APTT ve fibrinojen vb.) uygulanabilir. Kar\u0131\u015f\u0131m oran\u0131 1 k\u0131s\u0131m sitrat ve 9 k\u0131s\u0131m kand\u0131r.<\/span><\/p>\n<p><span style=\"font-family: 'times new roman', times, serif; font-size: 14pt;\">Do\u011fru oran, test sonucunun etkinli\u011fini garanti edebilir ve yanl\u0131\u015f tan\u0131y\u0131 \u00f6nleyebilir. Sodyum sitrat\u0131n toksisitesi \u00e7ok az oldu\u011fundan, kan depolamas\u0131 i\u00e7in de kullan\u0131l\u0131r.<\/span><\/p>\n<p data-spm-anchor-id=\"a2700.details-description.0.i0.1b38cgtQcgtQQs\">\n<span style=\"font-family: 'times new roman', times, serif; font-size: 14pt;\">Do\u011fru test sonucu sa\u011flamak i\u00e7in yeterli miktarda kan al\u0131n. \u00c7ift katl\u0131 PT t\u00fcp\u00fc az \u00f6l\u00fc alana sahiptir, vWF testi, trombosit fonksiyonlar\u0131, Heparin tedavisini izlemek i\u00e7in kullan\u0131labilir.<\/span><\/p>\n<table style=\"border-collapse: collapse; width: 100%; height: 346px;\">\n<tbody>\n<tr style=\"height: 45px;\">\n<td style=\"width: 14.2857%; text-align: center; height: 45px;\"><span style=\"font-family: 'times new roman', times, serif; font-size: 14pt;\"><strong>\u00fcr\u00fcn numaras\u0131\u00a0<\/strong><\/span><\/td>\n<td style=\"width: 14.2857%; text-align: center; height: 45px;\"><span style=\"font-family: 'times new roman', times, serif; font-size: 14pt;\"><strong>T\u00fcp <\/strong><strong>\u015eartname<\/strong><\/span><\/td>\n<td style=\"width: 14.2857%; text-align: center; height: 45px;\"><span style=\"font-family: 'times new roman', times, serif; font-size: 14pt;\"><strong>Nominal <\/strong><strong>Hacim<\/strong><\/span><\/td>\n<td style=\"width: 14.2857%; text-align: center; height: 45px;\"><span style=\"font-family: 'times new roman', times, serif; font-size: 14pt;\"><strong>Katk\u0131 maddesi<\/strong><\/span><\/td>\n<td style=\"width: 14.3069%; text-align: center; height: 45px;\" height=\"45\"><span style=\"font-family: 'times new roman', times, serif; font-size: 14pt;\"><strong>Cam Miktar\u0131\/Cs<\/strong><\/span><\/td>\n<td style=\"width: 14.2857%; text-align: center; height: 45px;\"><span style=\"font-family: 'times new roman', times, serif; font-size: 14pt;\"><strong>PET Miktar\/C<\/strong><\/span><\/td>\n<td style=\"width: 14.2857%; text-align: center; height: 45px;\"><\/td>\n<\/tr>\n<tr style=\"height: 43px;\">\n<td style=\"width: 14.2857%; text-align: center; height: 43px;\"><span style=\"font-family: 'times new roman', times, serif;\"><strong data-spm-anchor-id=\"a2700.details-description.0.i2.1b38cgtQcgtQQs\">KJ018NC<\/strong><\/span><\/td>\n<td style=\"width: 14.2857%; text-align: center; height: 43px;\"><span style=\"font-family: 'times new roman', times, serif;\">\u00d813\u00d775mm<\/span><\/td>\n<td style=\"width: 14.2857%; text-align: center; height: 43px;\"><span style=\"font-family: 'times new roman', times, serif;\">2ml<\/span><\/td>\n<td style=\"width: 14.2857%; text-align: center; height: 43px;\"><span style=\"font-family: 'times new roman', times, serif;\">3.2% Sodyum Sitrat<\/span><\/td>\n<td style=\"width: 14.3069%; text-align: center; height: 43px;\"><span style=\"font-family: 'times new roman', times, serif;\">100 ADET\u00d718<\/span><\/td>\n<td style=\"width: 14.2857%; text-align: center; height: 43px;\"><span style=\"font-family: 'times new roman', times, serif;\">100 ADET\u00d718<\/span><\/td>\n<td style=\"width: 14.2857%; height: 43px;\"><\/td>\n<\/tr>\n<tr style=\"height: 43px;\">\n<td style=\"width: 14.2857%; text-align: center; height: 43px;\"><span style=\"font-family: 'times new roman', times, serif;\"><strong>KJ027NC<\/strong><\/span><\/td>\n<td style=\"width: 14.2857%; text-align: center; height: 43px;\"><span style=\"font-family: 'times new roman', times, serif;\">\u00d813\u00d775mm<\/span><\/td>\n<td style=\"width: 14.2857%; text-align: center; height: 43px;\"><span style=\"font-family: 'times new roman', times, serif;\">3ml<\/span><\/td>\n<td style=\"width: 14.2857%; text-align: center; height: 43px;\"><span style=\"font-family: 'times new roman', times, serif;\">3.2% Sodyum Sitrat<\/span><\/td>\n<td style=\"width: 14.3069%; text-align: center; height: 43px;\"><span style=\"font-family: 'times new roman', times, serif;\">100 ADET\u00d718<\/span><\/td>\n<td style=\"width: 14.2857%; text-align: center; height: 43px;\"><span style=\"font-family: 'times new roman', times, serif;\">100 ADET\u00d718<\/span><\/td>\n<td style=\"width: 14.2857%; height: 43px;\"><\/td>\n<\/tr>\n<tr style=\"height: 43px;\">\n<td style=\"width: 14.2857%; text-align: center; height: 43px;\"><span style=\"font-family: 'times new roman', times, serif;\"><strong>KJ036NC<\/strong><\/span><\/td>\n<td style=\"width: 14.2857%; text-align: center; height: 43px;\"><span style=\"font-family: 'times new roman', times, serif;\">\u00d813\u00d775mm<\/span><\/td>\n<td style=\"width: 14.2857%; text-align: center; height: 43px;\"><span style=\"font-family: 'times new roman', times, serif;\">4ml<\/span><\/td>\n<td style=\"width: 14.2857%; text-align: center; height: 43px;\"><span style=\"font-family: 'times new roman', times, serif;\">3.2% Sodyum Sitrat<\/span><\/td>\n<td style=\"width: 14.3069%; text-align: center; height: 43px;\"><span style=\"font-family: 'times new roman', times, serif;\">100 ADET\u00d718<\/span><\/td>\n<td style=\"width: 14.2857%; text-align: center; height: 43px;\"><span style=\"font-family: 'times new roman', times, serif;\">100 ADET\u00d718<\/span><\/td>\n<td style=\"width: 14.2857%; height: 43px;\"><\/td>\n<\/tr>\n<tr style=\"height: 43px;\">\n<td style=\"width: 14.2857%; text-align: center; height: 43px;\"><span style=\"font-family: 'times new roman', times, serif;\"><strong>KJ045NC<\/strong><\/span><\/td>\n<td style=\"width: 14.2857%; text-align: center; height: 43px;\"><span style=\"font-family: 'times new roman', times, serif;\">\u00d813\u00d775mm<\/span><\/td>\n<td style=\"width: 14.2857%; text-align: center; height: 43px;\"><span style=\"font-family: 'times new roman', times, serif;\">5ml<\/span><\/td>\n<td style=\"width: 14.2857%; text-align: center; height: 43px;\"><span style=\"font-family: 'times new roman', times, serif;\">3.2% Sodyum Sitrat<\/span><\/td>\n<td style=\"width: 14.3069%; text-align: center; height: 43px;\"><span style=\"font-family: 'times new roman', times, serif;\">100 ADET\u00d718<\/span><\/td>\n<td style=\"width: 14.2857%; text-align: center; height: 43px;\"><span style=\"font-family: 'times new roman', times, serif;\">100 ADET\u00d718<\/span><\/td>\n<td style=\"width: 14.2857%; height: 43px;\"><\/td>\n<\/tr>\n<tr style=\"height: 68px;\">\n<td style=\"width: 14.2857%; text-align: center; height: 68px;\"><span style=\"font-family: 'times new roman', times, serif;\"><strong>KJ018NCD<\/strong><\/span><\/td>\n<td style=\"width: 14.2857%; text-align: center; height: 68px;\"><span style=\"font-family: 'times new roman', times, serif;\">\u00d813\u00d775mm<\/span><\/p>\n<p><span style=\"font-family: 'times new roman', times, serif;\">(\u00c7ift katl\u0131)<\/span><\/td>\n<td style=\"width: 14.2857%; text-align: center; height: 68px;\"><span style=\"font-family: 'times new roman', times, serif;\">2ml<\/span><\/td>\n<td style=\"width: 14.2857%; text-align: center; height: 68px;\"><span style=\"font-family: 'times new roman', times, serif;\">3.2% Sodyum Sitrat<\/span><\/td>\n<td style=\"width: 14.3069%; text-align: center; height: 68px;\"><span style=\"font-family: 'times new roman', times, serif;\">\u2014\u2014<\/span><\/td>\n<td style=\"width: 14.2857%; text-align: center; height: 68px;\"><span style=\"font-family: 'times new roman', times, serif;\">100 ADET\u00d718<\/span><\/td>\n<td style=\"width: 14.2857%; height: 68px;\"><\/td>\n<\/tr>\n<tr style=\"height: 61px;\">\n<td style=\"width: 14.2857%; text-align: center; height: 61px;\"><span style=\"font-family: 'times new roman', times, serif;\"><strong>KJ027NCD<\/strong><\/span><\/td>\n<td style=\"width: 14.2857%; text-align: center; height: 61px;\"><span style=\"font-family: 'times new roman', times, serif;\">\u00d813\u00d775mm<\/span><\/p>\n<p><span style=\"font-family: 'times new roman', times, serif;\">(\u00c7ift katl\u0131)<\/span><\/td>\n<td style=\"width: 14.2857%; text-align: center; height: 61px;\"><span style=\"font-family: 'times new roman', times, serif;\">3ml<\/span><\/td>\n<td style=\"width: 14.2857%; text-align: center; height: 61px;\"><span style=\"font-family: 'times new roman', times, serif;\">3.2% Sodyum Sitrat<\/span><\/td>\n<td style=\"width: 14.3069%; text-align: center; height: 61px;\"><span style=\"font-family: 'times new roman', times, serif;\">\u2014\u2014<\/span><\/td>\n<td style=\"width: 14.2857%; text-align: center; height: 61px;\"><span style=\"font-family: 'times new roman', times, serif;\">100 ADET\u00d718<\/span><\/td>\n<td style=\"width: 14.2857%; height: 61px;\"><\/td>\n<\/tr>\n<\/tbody>\n<\/table>\n<p data-spm-anchor-id=\"a2700.details-description.0.i0.b229DrSXDrSXqX\">","protected":false},"excerpt":{"rendered":"<p>PT T\u00fcp PT t\u00fcp\u00fc kan p\u0131ht\u0131la\u015fma testi i\u00e7in kullan\u0131l\u0131r ve fibrinolitik sisteme (PT,TT, APTT ve fibrinojen vb.) uygulanabilir.<\/p>","protected":false},"featured_media":22606,"comment_status":"open","ping_status":"closed","template":"","meta":{"_acf_changed":false},"product_brand":[],"product_cat":[20,98],"product_tag":[],"class_list":{"0":"post-22605","1":"product","2":"type-product","3":"status-publish","4":"has-post-thumbnail","6":"product_cat-all","7":"product_cat-blood-collection-tube","9":"first","10":"instock","11":"shipping-taxable","12":"product-type-simple"},"acf":[],"_links":{"self":[{"href":"https:\/\/lexamedlab.com\/tr\/wp-json\/wp\/v2\/product\/22605","targetHints":{"allow":["GET"]}}],"collection":[{"href":"https:\/\/lexamedlab.com\/tr\/wp-json\/wp\/v2\/product"}],"about":[{"href":"https:\/\/lexamedlab.com\/tr\/wp-json\/wp\/v2\/types\/product"}],"replies":[{"embeddable":true,"href":"https:\/\/lexamedlab.com\/tr\/wp-json\/wp\/v2\/comments?post=22605"}],"version-history":[{"count":2,"href":"https:\/\/lexamedlab.com\/tr\/wp-json\/wp\/v2\/product\/22605\/revisions"}],"predecessor-version":[{"id":22608,"href":"https:\/\/lexamedlab.com\/tr\/wp-json\/wp\/v2\/product\/22605\/revisions\/22608"}],"wp:featuredmedia":[{"embeddable":true,"href":"https:\/\/lexamedlab.com\/tr\/wp-json\/wp\/v2\/media\/22606"}],"wp:attachment":[{"href":"https:\/\/lexamedlab.com\/tr\/wp-json\/wp\/v2\/media?parent=22605"}],"wp:term":[{"taxonomy":"product_brand","embeddable":true,"href":"https:\/\/lexamedlab.com\/tr\/wp-json\/wp\/v2\/product_brand?post=22605"},{"taxonomy":"product_cat","embeddable":true,"href":"https:\/\/lexamedlab.com\/tr\/wp-json\/wp\/v2\/product_cat?post=22605"},{"taxonomy":"product_tag","embeddable":true,"href":"https:\/\/lexamedlab.com\/tr\/wp-json\/wp\/v2\/product_tag?post=22605"}],"curies":[{"name":"wp","href":"https:\/\/api.w.org\/{rel}","templated":true}]}}