{"id":22620,"date":"2025-05-24T22:59:55","date_gmt":"2025-05-24T22:59:55","guid":{"rendered":"https:\/\/lexamedlab.com\/?post_type=product&#038;p=22620"},"modified":"2025-05-27T15:11:35","modified_gmt":"2025-05-27T15:11:35","slug":"micro-collection-0-5ml-edta-k2-k3-blood-capillary-tube","status":"publish","type":"product","link":"https:\/\/lexamedlab.com\/tr\/product\/micro-collection-0-5ml-edta-k2-k3-blood-capillary-tube\/","title":{"rendered":"Mikro Koleksiyon 0.5ml EDTA K2 K3 Kan K\u0131lcal T\u00fcp\u00fc"},"content":{"rendered":"<p><span style=\"font-family: 'times new roman', times, serif; font-size: 14pt;\">\u2014 KJ002 tipi bilimsel konsept alt\u0131nda tasarlanm\u0131\u015ft\u0131r, m\u00fch\u00fcrl\u00fc butil kau\u00e7uk t\u0131pa, k\u0131lcal damar\u0131n kolayca yerle\u015ftirilmesi i\u00e7in \u00fcstte merkezi \u00e7apraz kesi ile tasarlanm\u0131\u015ft\u0131r. Kan al\u0131nd\u0131ktan sonra, k\u0131lcal damar d\u0131\u015far\u0131 \u00e7ekilirken \u00e7apraz kesi otomatik olarak kapan\u0131r, bu da kan\u0131n s\u0131zmas\u0131n\u0131 etkili bir \u015fekilde \u00f6nleyerek g\u00fcvenli ve g\u00fcvenilir ta\u015f\u0131may\u0131 garanti eder.<\/span><br \/>\n<span style=\"font-family: 'times new roman', times, serif; font-size: 14pt;\">\u2014 Hem k\u0131lcal hem de mikro depolama t\u00fcp\u00fcn\u00fcn i\u00e7inde \u00f6zel y\u00fczey i\u015flemiyle, kan \u00f6rnekleri kan yap\u0131\u015fmas\u0131 veya kan h\u00fccrelerine zarar vermeden k\u0131lcal damardan otomatik olarak depolama t\u00fcp\u00fcn\u00fcn taban\u0131na akacakt\u0131r. Katk\u0131 maddesi hem k\u0131lcal hem de depolama t\u00fcp\u00fcn\u00fcn i\u00e7inde y\u00fczeye e\u015fit \u015fekilde p\u00fcsk\u00fcrt\u00fcl\u00fcr, bu da kan\u0131n antikoag\u00fclasyon i\u00e7in olduk\u00e7a kolayd\u0131r ve k\u00fc\u00e7\u00fck p\u0131ht\u0131la\u015fmalar\u0131 \u00f6nler. Bu \u015fekilde, do\u011fru test sonucu garanti edilir.<\/span><br \/>\n<span style=\"font-family: 'times new roman', times, serif; font-size: 14pt;\">\u2014 \u00c7apraz kesi t\u00fcm analiz\u00f6rlerin \u00f6rnekleme i\u011fnesine uygulanabilir. T\u00fcm test s\u00fcreci boyunca kapak a\u00e7ma i\u015flemi gerektirmeyen kolay yerle\u015ftirme ve otomatik \u00f6rnekleme, g\u00fcvenli ve verimli.<\/span><\/p>\n<table style=\"border-collapse: collapse; width: 77.3555%; height: 193px;\">\n<tbody>\n<tr style=\"height: 45px;\">\n<td style=\"width: 6.90918%; text-align: center; height: 45px;\"><span style=\"font-family: 'times new roman', times, serif; font-size: 14pt;\"><strong>\u00fcr\u00fcn numaras\u0131\u00a0<\/strong><\/span><\/td>\n<td style=\"width: 7.55059%; text-align: center; height: 45px;\"><span style=\"font-family: 'times new roman', times, serif; font-size: 14pt;\"><strong>T\u00fcp <\/strong><strong>\u015eartname<\/strong><\/span><\/td>\n<td style=\"width: 8.30219%; text-align: center; height: 45px;\"><span style=\"font-family: 'times new roman', times, serif; font-size: 14pt;\"><strong>Katk\u0131 maddesi<\/strong><\/span><\/td>\n<td style=\"width: 14.3949%; text-align: center; height: 45px;\" height=\"45\"><span style=\"font-family: 'times new roman', times, serif; font-size: 14pt;\"><strong>\u00a0Miktar\/C<\/strong><\/span><\/td>\n<\/tr>\n<tr style=\"height: 32px;\">\n<td style=\"width: 6.90918%; text-align: center; height: 148px;\" rowspan=\"4\"><span style=\"font-family: 'times new roman', times, serif; font-size: 12pt;\">KJ002<\/span><\/td>\n<td style=\"width: 7.55059%; text-align: center; height: 148px;\" rowspan=\"4\"><span style=\"font-family: 'times new roman', times, serif; font-size: 12pt;\">0,25ml\/0,5ml\/1ml<\/span><\/td>\n<td style=\"width: 8.30219%; text-align: center; height: 32px;\"><span style=\"font-family: 'times new roman', times, serif; font-size: 12pt;\">EDTA.K2 \/ EDTA.K3<\/span><\/td>\n<td style=\"width: 14.3949%; text-align: center; height: 32px;\"><span style=\"font-family: 'times new roman', times, serif; font-size: 12pt;\">100 ADET\u00d730<\/span><\/td>\n<\/tr>\n<tr style=\"height: 35px;\">\n<td style=\"width: 8.30219%; text-align: center; height: 35px;\"><span style=\"font-family: 'times new roman', times, serif; font-size: 12pt;\">Lityum Heparin\/Sodyum Heparin\u00a0<\/span><\/td>\n<td style=\"width: 14.3949%; text-align: center; height: 35px;\"><span style=\"font-family: 'times new roman', times, serif; font-size: 12pt;\">100 ADET\u00d730<\/span><\/td>\n<\/tr>\n<tr style=\"height: 42px;\">\n<td style=\"width: 8.30219%; text-align: center; height: 42px;\"><span style=\"font-family: 'times new roman', times, serif; font-size: 12pt;\">Katk\u0131s\u0131z<\/span><\/td>\n<td style=\"width: 14.3949%; text-align: center; height: 42px;\"><span style=\"font-family: 'times new roman', times, serif; font-size: 12pt;\">100 ADET\u00d730<\/span><\/td>\n<\/tr>\n<tr style=\"height: 39px;\">\n<td style=\"width: 8.30219%; text-align: center; height: 39px;\"><span style=\"font-family: 'times new roman', times, serif; font-size: 12pt;\">Jel&amp;P\u0131ht\u0131 Aktivat\u00f6r\u00fc\u00a0<\/span><\/td>\n<td style=\"width: 14.3949%; text-align: center; height: 39px;\"><span style=\"font-family: 'times new roman', times, serif; font-size: 12pt;\">100 ADET\u00d730<\/span><\/td>\n<\/tr>\n<\/tbody>\n<\/table>\n<p data-spm-anchor-id=\"a2700.details-description.0.i0.b229DrSXDrSXqX\">","protected":false},"excerpt":{"rendered":"<p>\u2014 KJ002 tipi bilimsel konsept alt\u0131nda tasarlanm\u0131\u015ft\u0131r, m\u00fch\u00fcrl\u00fc b\u00fctil kau\u00e7uk t\u0131pa \u00fcstte merkezi \u00e7apraz kesikle tasarlanm\u0131\u015ft\u0131r<\/p>","protected":false},"featured_media":22621,"comment_status":"open","ping_status":"closed","template":"","meta":{"_acf_changed":false},"product_brand":[],"product_cat":[20,98],"product_tag":[],"class_list":{"0":"post-22620","1":"product","2":"type-product","3":"status-publish","4":"has-post-thumbnail","6":"product_cat-all","7":"product_cat-blood-collection-tube","9":"first","10":"instock","11":"shipping-taxable","12":"product-type-simple"},"acf":[],"_links":{"self":[{"href":"https:\/\/lexamedlab.com\/tr\/wp-json\/wp\/v2\/product\/22620","targetHints":{"allow":["GET"]}}],"collection":[{"href":"https:\/\/lexamedlab.com\/tr\/wp-json\/wp\/v2\/product"}],"about":[{"href":"https:\/\/lexamedlab.com\/tr\/wp-json\/wp\/v2\/types\/product"}],"replies":[{"embeddable":true,"href":"https:\/\/lexamedlab.com\/tr\/wp-json\/wp\/v2\/comments?post=22620"}],"version-history":[{"count":1,"href":"https:\/\/lexamedlab.com\/tr\/wp-json\/wp\/v2\/product\/22620\/revisions"}],"predecessor-version":[{"id":22622,"href":"https:\/\/lexamedlab.com\/tr\/wp-json\/wp\/v2\/product\/22620\/revisions\/22622"}],"wp:featuredmedia":[{"embeddable":true,"href":"https:\/\/lexamedlab.com\/tr\/wp-json\/wp\/v2\/media\/22621"}],"wp:attachment":[{"href":"https:\/\/lexamedlab.com\/tr\/wp-json\/wp\/v2\/media?parent=22620"}],"wp:term":[{"taxonomy":"product_brand","embeddable":true,"href":"https:\/\/lexamedlab.com\/tr\/wp-json\/wp\/v2\/product_brand?post=22620"},{"taxonomy":"product_cat","embeddable":true,"href":"https:\/\/lexamedlab.com\/tr\/wp-json\/wp\/v2\/product_cat?post=22620"},{"taxonomy":"product_tag","embeddable":true,"href":"https:\/\/lexamedlab.com\/tr\/wp-json\/wp\/v2\/product_tag?post=22620"}],"curies":[{"name":"wp","href":"https:\/\/api.w.org\/{rel}","templated":true}]}}