{"id":22623,"date":"2025-05-24T23:06:28","date_gmt":"2025-05-24T23:06:28","guid":{"rendered":"https:\/\/lexamedlab.com\/?post_type=product&#038;p=22623"},"modified":"2025-05-27T15:11:35","modified_gmt":"2025-05-27T15:11:35","slug":"0-5ml-micro-blood-collection-tubes","status":"publish","type":"product","link":"https:\/\/lexamedlab.com\/tr\/product\/0-5ml-micro-blood-collection-tubes\/","title":{"rendered":"0.5ml Mikro Kan Toplama T\u00fcpleri"},"content":{"rendered":"<p><span style=\"font-family: 'times new roman', times, serif; font-size: 14pt;\">\u2014KJ001 tipi mikro kan toplama t\u00fcp\u00fc insanc\u0131l tasar\u0131ma ve \u00e7\u0131t\u00e7\u0131tl\u0131 emniyet kapa\u011f\u0131na sahiptir, t\u00fcp kan s\u0131z\u0131nt\u0131s\u0131n\u0131 etkili bir \u015fekilde \u00f6nleyebilir. \u00c7ok di\u015fli ve \u00e7ift y\u00f6nelimli yap\u0131s\u0131 sayesinde g\u00fcvenli ta\u015f\u0131ma ve basit kullan\u0131m i\u00e7in uygundur, kan s\u0131\u00e7ramas\u0131 yoktur.<\/span><br \/>\n<span style=\"font-family: 'times new roman', times, serif; font-size: 14pt;\">\u2014Emniyet kapa\u011f\u0131n\u0131n renk kodlamas\u0131 Uluslararas\u0131 Standartlara uygundur ve tan\u0131mlanmas\u0131 kolayd\u0131r.<\/span><br \/>\n<span style=\"font-family: 'times new roman', times, serif; font-size: 14pt;\">\u2014T\u00fcp a\u011fz\u0131n\u0131n kenar\u0131 i\u00e7in belirgin tasar\u0131m, t\u00fcpe kan k\u00fcrekleyen kullan\u0131c\u0131lar i\u00e7in kolayd\u0131r. Basit, h\u0131zl\u0131 ve sezgisel, kan hacmi net derecelendirme \u00e7izgisiyle kolayca okunabilir.<\/span><br \/>\n<span style=\"font-family: 'times new roman', times, serif; font-size: 14pt;\">\u2014T\u00fcp\u00fcn i\u00e7i \u00f6zel bir i\u015flemden ge\u00e7irilmi\u015f olup, kan yap\u0131\u015fmas\u0131 olmayacak \u015fekilde y\u00fczeyi p\u00fcr\u00fczs\u00fczd\u00fcr.<\/span><br \/>\n<span style=\"font-family: 'times new roman', times, serif; font-size: 14pt;\">\u2014M\u00fc\u015fterilerin ihtiya\u00e7lar\u0131na g\u00f6re barkodu \u00f6zelle\u015ftirebilir ve asepsi testini ger\u00e7ekle\u015ftirmek i\u00e7in t\u00fcp\u00fc gama \u0131\u015f\u0131nlar\u0131yla sterilize edebilirsiniz.<\/span><\/p>\n<table style=\"border-collapse: collapse; width: 77.3555%; height: 192px;\">\n<tbody>\n<tr style=\"height: 45px;\">\n<td style=\"width: 6.90918%; text-align: center; height: 45px;\"><span style=\"font-family: 'times new roman', times, serif; font-size: 14pt;\"><strong>\u00fcr\u00fcn numaras\u0131\u00a0<\/strong><\/span><\/td>\n<td style=\"width: 7.55059%; text-align: center; height: 45px;\"><span style=\"font-family: 'times new roman', times, serif; font-size: 14pt;\"><strong>T\u00fcp <\/strong><strong>\u015eartname<\/strong><\/span><\/td>\n<td style=\"width: 8.30219%; text-align: center; height: 45px;\"><span style=\"font-family: 'times new roman', times, serif; font-size: 14pt;\"><strong>Katk\u0131 maddesi<\/strong><\/span><\/td>\n<td style=\"width: 14.3949%; text-align: center; height: 45px;\" height=\"45\"><span style=\"font-family: 'times new roman', times, serif; font-size: 14pt;\"><strong>\u00a0Miktar\/C<\/strong><\/span><\/td>\n<\/tr>\n<tr style=\"height: 32px;\">\n<td style=\"width: 6.90918%; text-align: center; height: 147px;\" rowspan=\"4\"><span style=\"font-family: 'times new roman', times, serif; font-size: 12pt;\">KJ001<\/span><\/td>\n<td style=\"width: 7.55059%; text-align: center; height: 147px;\" rowspan=\"4\"><span style=\"font-family: 'times new roman', times, serif; font-size: 12pt;\">0,25ml\/0,5ml\/1ml<\/span><\/td>\n<td style=\"width: 8.30219%; text-align: center; height: 32px;\"><span style=\"font-family: 'times new roman', times, serif; font-size: 12pt;\">EDTA.K2 \/ EDTA.K3<\/span><\/td>\n<td style=\"width: 14.3949%; text-align: center; height: 32px;\"><span style=\"font-family: 'times new roman', times, serif; font-size: 12pt;\">100 ADET\u00d730<\/span><\/td>\n<\/tr>\n<tr style=\"height: 35px;\">\n<td style=\"width: 8.30219%; text-align: center; height: 34px;\">Lityum Heparin\/Sodyum Heparin<\/td>\n<td style=\"width: 14.3949%; text-align: center; height: 34px;\"><span style=\"font-family: 'times new roman', times, serif; font-size: 12pt;\">100 ADET\u00d730<\/span><\/td>\n<\/tr>\n<tr style=\"height: 42px;\">\n<td style=\"width: 8.30219%; text-align: center; height: 42px;\"><span style=\"font-family: 'times new roman', times, serif; font-size: 12pt;\">Katk\u0131s\u0131z<\/span><\/td>\n<td style=\"width: 14.3949%; text-align: center; height: 42px;\"><span style=\"font-family: 'times new roman', times, serif; font-size: 12pt;\">100 ADET\u00d730<\/span><\/td>\n<\/tr>\n<tr style=\"height: 39px;\">\n<td style=\"width: 8.30219%; text-align: center; height: 39px;\"><span style=\"font-family: 'times new roman', times, serif; font-size: 12pt;\">Jel&amp;P\u0131ht\u0131 Aktivat\u00f6r\u00fc\u00a0<\/span><\/td>\n<td style=\"width: 14.3949%; text-align: center; height: 39px;\"><span style=\"font-family: 'times new roman', times, serif; font-size: 12pt;\">100 ADET\u00d730<\/span><\/td>\n<\/tr>\n<\/tbody>\n<\/table>\n<p data-spm-anchor-id=\"a2700.details-description.0.i0.b229DrSXDrSXqX\">","protected":false},"excerpt":{"rendered":"<p>\u2014KJ001 tipi mikro kan toplama t\u00fcp\u00fc, insanc\u0131l tasar\u0131ma ve \u00e7\u0131t\u00e7\u0131tl\u0131 emniyet kapa\u011f\u0131na sahiptir, t\u00fcp kan\u0131n etkili bir \u015fekilde yay\u0131lmas\u0131n\u0131 \u00f6nleyebilir<\/p>","protected":false},"featured_media":22624,"comment_status":"open","ping_status":"closed","template":"","meta":{"_acf_changed":false},"product_brand":[],"product_cat":[20,98],"product_tag":[],"class_list":{"0":"post-22623","1":"product","2":"type-product","3":"status-publish","4":"has-post-thumbnail","6":"product_cat-all","7":"product_cat-blood-collection-tube","9":"first","10":"instock","11":"shipping-taxable","12":"product-type-simple"},"acf":[],"_links":{"self":[{"href":"https:\/\/lexamedlab.com\/tr\/wp-json\/wp\/v2\/product\/22623","targetHints":{"allow":["GET"]}}],"collection":[{"href":"https:\/\/lexamedlab.com\/tr\/wp-json\/wp\/v2\/product"}],"about":[{"href":"https:\/\/lexamedlab.com\/tr\/wp-json\/wp\/v2\/types\/product"}],"replies":[{"embeddable":true,"href":"https:\/\/lexamedlab.com\/tr\/wp-json\/wp\/v2\/comments?post=22623"}],"version-history":[{"count":1,"href":"https:\/\/lexamedlab.com\/tr\/wp-json\/wp\/v2\/product\/22623\/revisions"}],"predecessor-version":[{"id":22625,"href":"https:\/\/lexamedlab.com\/tr\/wp-json\/wp\/v2\/product\/22623\/revisions\/22625"}],"wp:featuredmedia":[{"embeddable":true,"href":"https:\/\/lexamedlab.com\/tr\/wp-json\/wp\/v2\/media\/22624"}],"wp:attachment":[{"href":"https:\/\/lexamedlab.com\/tr\/wp-json\/wp\/v2\/media?parent=22623"}],"wp:term":[{"taxonomy":"product_brand","embeddable":true,"href":"https:\/\/lexamedlab.com\/tr\/wp-json\/wp\/v2\/product_brand?post=22623"},{"taxonomy":"product_cat","embeddable":true,"href":"https:\/\/lexamedlab.com\/tr\/wp-json\/wp\/v2\/product_cat?post=22623"},{"taxonomy":"product_tag","embeddable":true,"href":"https:\/\/lexamedlab.com\/tr\/wp-json\/wp\/v2\/product_tag?post=22623"}],"curies":[{"name":"wp","href":"https:\/\/api.w.org\/{rel}","templated":true}]}}