{"id":22631,"date":"2025-05-26T03:12:15","date_gmt":"2025-05-26T03:12:15","guid":{"rendered":"https:\/\/lexamedlab.com\/?post_type=product&#038;p=22631"},"modified":"2025-06-04T07:17:15","modified_gmt":"2025-06-04T07:17:15","slug":"lab-consumable-hospital-disposable-sterile-urine-test-container","status":"publish","type":"product","link":"https:\/\/lexamedlab.com\/tr\/product\/lab-consumable-hospital-disposable-sterile-urine-test-container\/","title":{"rendered":"Laboratuvar Sarf Malzemesi Hastane Tek Kullan\u0131ml\u0131k Steril \u0130drar Testi Kab\u0131"},"content":{"rendered":"<table style=\"border-collapse: collapse; width: 100%; height: 347.056px;\">\n<tbody>\n<tr style=\"height: 27px;\">\n<td style=\"width: 12.5%; text-align: center; height: 33px;\"><span style=\"font-family: 'times new roman', times, serif; font-size: 14pt;\">\u00fcr\u00fcn numaras\u0131\u00a0<\/span><\/td>\n<td style=\"width: 12.5%; text-align: center; height: 33px;\"><span style=\"font-family: 'times new roman', times, serif; font-size: 14pt;\">kapasite\u00a0<\/span><\/td>\n<td style=\"width: 12.5%; text-align: center; height: 33px;\"><span style=\"font-family: 'times new roman', times, serif; font-size: 14pt;\">malzeme\u00a0<\/span><\/td>\n<td style=\"width: 12.5%; text-align: center; height: 33px;\"><span style=\"font-family: 'times new roman', times, serif; font-size: 14pt;\">d\u0131\u015f boyut<\/span><\/td>\n<td style=\"width: 12.5%; text-align: center; height: 33px;\"><span style=\"font-family: 'times new roman', times, serif; font-size: 14pt;\">adet\/torba\u00a0<\/span><\/td>\n<td style=\"width: 9.54939%; text-align: center; height: 33px;\"><span style=\"font-family: 'times new roman', times, serif; font-size: 14pt;\">adet\/karton<\/span><\/td>\n<td style=\"width: 15.4506%; text-align: center; height: 33px;\"><span style=\"font-family: 'times new roman', times, serif; font-size: 14pt;\">Not:\u00a0<\/span><\/td>\n<\/tr>\n<tr style=\"height: 24px;\">\n<td style=\"width: 12.5%; text-align: center; height: 48px;\" rowspan=\"2\"><span style=\"font-size: 14pt; font-family: 'times new roman', times, serif;\">KJ516<\/span><\/td>\n<td style=\"width: 12.5%; text-align: center; height: 48px;\" rowspan=\"2\"><span style=\"font-size: 14pt; font-family: 'times new roman', times, serif;\">40ml<\/span><\/td>\n<td style=\"width: 12.5%; text-align: center; height: 48px;\" rowspan=\"2\"><span style=\"font-size: 14pt; font-family: 'times new roman', times, serif;\">PVC<\/span><\/td>\n<td style=\"width: 12.5%; text-align: center; height: 48px;\" rowspan=\"2\"><span style=\"font-size: 14pt; font-family: 'times new roman', times, serif;\">\u00d878\u00d736mm<\/span><\/td>\n<td style=\"width: 12.5%; text-align: center; height: 48px;\" rowspan=\"2\"><span style=\"font-family: times new roman, times, serif;\"><span style=\"font-size: 18.6667px;\">500<\/span><\/span><\/td>\n<td style=\"width: 9.54939%; text-align: center; height: 48px;\" rowspan=\"2\"><span style=\"font-family: times new roman, times, serif;\"><span style=\"font-size: 18.6667px;\">1000<\/span><\/span><\/td>\n<td style=\"width: 15.4506%; text-align: center; height: 24px;\">beyaz ve \u015feffaf<\/td>\n<\/tr>\n<tr style=\"height: 24px;\">\n<td style=\"width: 15.4506%; text-align: center; height: 24px;\"><span style=\"font-size: 14pt; font-family: 'times new roman', times, serif;\">beyaz<\/span><\/td>\n<\/tr>\n<tr style=\"height: 26px;\">\n<td style=\"width: 12.5%; text-align: center; height: 50px;\" rowspan=\"2\"><span style=\"font-size: 14pt; font-family: 'times new roman', times, serif;\">KJ517-2<\/span><\/td>\n<td style=\"width: 12.5%; text-align: center; height: 50px;\" rowspan=\"2\"><span style=\"font-size: 14pt; font-family: 'times new roman', times, serif;\">40ml<\/span><\/td>\n<td style=\"width: 12.5%; text-align: center; height: 50px;\" rowspan=\"2\"><span style=\"font-size: 14pt; font-family: 'times new roman', times, serif;\">PP<\/span><\/td>\n<td style=\"width: 12.5%; text-align: center; height: 50px;\" rowspan=\"2\"><span style=\"font-size: 14pt; font-family: 'times new roman', times, serif;\">\u00d848\u00d747mm<\/span><\/td>\n<td style=\"width: 12.5%; text-align: center; height: 50px;\" rowspan=\"2\"><span style=\"font-family: times new roman, times, serif;\"><span style=\"font-size: 18.6667px;\">40<\/span><\/span><\/td>\n<td style=\"width: 9.54939%; text-align: center; height: 50px;\" rowspan=\"2\"><span style=\"font-size: 14pt; font-family: 'times new roman', times, serif;\">800<\/span><\/td>\n<td style=\"width: 15.4506%; text-align: center; height: 26px;\">Steril EO<\/td>\n<\/tr>\n<tr style=\"height: 24px;\">\n<td style=\"width: 15.4506%; text-align: center; height: 24px;\"><\/td>\n<\/tr>\n<tr style=\"height: 24px;\">\n<td style=\"width: 12.5%; text-align: center; height: 50.5208px;\" rowspan=\"2\"><span style=\"font-size: 14pt; font-family: 'times new roman', times, serif;\">KJ517-3<\/span><\/td>\n<td style=\"width: 12.5%; text-align: center; height: 50.5208px;\" rowspan=\"2\"><span style=\"font-size: 14pt; font-family: 'times new roman', times, serif;\">40ml<\/span><\/td>\n<td style=\"width: 12.5%; text-align: center; height: 50.5208px;\" rowspan=\"2\"><span style=\"font-size: 14pt; font-family: 'times new roman', times, serif;\">PP<\/span><\/td>\n<td style=\"width: 12.5%; text-align: center; height: 50.5208px;\" rowspan=\"2\"><span style=\"font-size: 14pt; font-family: 'times new roman', times, serif;\">\u00d848\u00d747mm<\/span><\/td>\n<td style=\"width: 12.5%; text-align: center; height: 50.5208px;\" rowspan=\"2\"><span style=\"font-family: times new roman, times, serif;\"><span style=\"font-size: 18.6667px;\">40<\/span><\/span><\/td>\n<td style=\"width: 9.54939%; text-align: center; height: 50.5208px;\" rowspan=\"2\"><span style=\"font-size: 14pt; font-family: 'times new roman', times, serif;\">800<\/span><\/td>\n<td style=\"width: 15.4506%; text-align: center; height: 50.5208px;\" rowspan=\"2\"><\/td>\n<\/tr>\n<tr style=\"height: 24px;\">\n<td style=\"width: 12.5%; text-align: center; height: 43.2986px;\" rowspan=\"2\"><span style=\"font-size: 14pt; font-family: 'times new roman', times, serif;\">KJ524<\/span><\/td>\n<td style=\"width: 12.5%; text-align: center; height: 43.2986px;\" rowspan=\"2\"><span style=\"font-size: 14pt; font-family: 'times new roman', times, serif;\">30ml<\/span><\/td>\n<td style=\"width: 12.5%; text-align: center; height: 43.2986px;\" rowspan=\"2\"><span style=\"font-size: 14pt; font-family: 'times new roman', times, serif;\">Not:<\/span><\/td>\n<td style=\"width: 12.5%; text-align: center; height: 43.2986px;\" rowspan=\"2\"><span style=\"font-size: 14pt; font-family: 'times new roman', times, serif;\">\u00d831\u00d793mm<\/span><\/td>\n<td style=\"width: 12.5%; text-align: center; height: 43.2986px;\" rowspan=\"2\"><span style=\"font-size: 14pt; font-family: 'times new roman', times, serif;\">50<\/span><\/td>\n<td style=\"width: 9.54939%; text-align: center; height: 43.2986px;\" rowspan=\"2\"><span style=\"font-size: 14pt; font-family: 'times new roman', times, serif;\">800<\/span><\/td>\n<td style=\"width: 15.4506%; text-align: center; height: 43.2986px;\" rowspan=\"2\"><\/td>\n<\/tr>\n<tr style=\"height: 24px;\">\n<td style=\"width: 12.5%; text-align: center; height: 38.1597px;\" rowspan=\"2\"><span style=\"font-size: 14pt; font-family: 'times new roman', times, serif;\">KJ529<\/span><\/td>\n<td style=\"width: 12.5%; text-align: center; height: 38.1597px;\" rowspan=\"2\"><span style=\"font-size: 14pt; font-family: 'times new roman', times, serif;\">30ml<\/span><\/td>\n<td style=\"width: 12.5%; text-align: center; height: 38.1597px;\" rowspan=\"2\"><span style=\"font-size: 14pt; font-family: 'times new roman', times, serif;\">Not:<\/span><\/td>\n<td style=\"width: 12.5%; text-align: center; height: 38.1597px;\" rowspan=\"2\"><span style=\"font-size: 14pt; font-family: 'times new roman', times, serif;\">\u00d831\u00d794mm<\/span><\/td>\n<td style=\"width: 12.5%; text-align: center; height: 38.1597px;\" rowspan=\"2\"><span style=\"font-size: 14pt; font-family: 'times new roman', times, serif;\">50<\/span><\/td>\n<td style=\"width: 9.54939%; text-align: center; height: 38.1597px;\" rowspan=\"2\"><span style=\"font-size: 14pt; font-family: 'times new roman', times, serif;\">800<\/span><\/td>\n<td style=\"width: 15.4506%; text-align: center; height: 38.1597px;\" rowspan=\"2\"><\/td>\n<\/tr>\n<tr style=\"height: 24px;\">\n<td style=\"width: 12.5%; text-align: center; height: 36.0764px;\" rowspan=\"2\"><span style=\"font-size: 14pt; font-family: 'times new roman', times, serif;\">KJ530<\/span><\/td>\n<td style=\"width: 12.5%; text-align: center; height: 36.0764px;\" rowspan=\"2\"><span style=\"font-size: 14pt; font-family: 'times new roman', times, serif;\">30ml<\/span><\/td>\n<td style=\"width: 12.5%; text-align: center; height: 36.0764px;\" rowspan=\"2\"><span style=\"font-size: 14pt; font-family: 'times new roman', times, serif;\">PP<\/span><\/td>\n<td style=\"width: 12.5%; text-align: center; height: 36.0764px;\" rowspan=\"2\"><span style=\"font-size: 14pt; font-family: 'times new roman', times, serif;\">\u00d831\u00d794mm<\/span><\/td>\n<td style=\"width: 12.5%; text-align: center; height: 36.0764px;\" rowspan=\"2\"><span style=\"font-family: times new roman, times, serif;\"><span style=\"font-size: 18.6667px;\">50<\/span><\/span><\/td>\n<td style=\"width: 9.54939%; text-align: center; height: 36.0764px;\" rowspan=\"2\"><span style=\"font-size: 14pt; font-family: 'times new roman', times, serif;\">800<\/span><\/td>\n<td style=\"width: 15.4506%; text-align: center; height: 36.0764px;\" rowspan=\"2\"><\/td>\n<\/tr>\n<\/tbody>\n<\/table>","protected":false},"excerpt":{"rendered":"<p>\u00fcr\u00fcn numaras\u0131 kapasite malzeme d\u0131\u015f boyut adet\/torba adet\/karton PS KJ516 40ml PVC \u00d878\u00d736mm 500 1000 beyaz ve \u015feffaf beyaz KJ517-2<\/p>","protected":false},"featured_media":22632,"comment_status":"open","ping_status":"closed","template":"","meta":{"_acf_changed":false},"product_brand":[],"product_cat":[99,20,100],"product_tag":[],"class_list":{"0":"post-22631","1":"product","2":"type-product","3":"status-publish","4":"has-post-thumbnail","6":"product_cat-specimen-container","7":"product_cat-all","8":"product_cat-urine-container","10":"first","11":"instock","12":"shipping-taxable","13":"product-type-simple"},"acf":[],"_links":{"self":[{"href":"https:\/\/lexamedlab.com\/tr\/wp-json\/wp\/v2\/product\/22631","targetHints":{"allow":["GET"]}}],"collection":[{"href":"https:\/\/lexamedlab.com\/tr\/wp-json\/wp\/v2\/product"}],"about":[{"href":"https:\/\/lexamedlab.com\/tr\/wp-json\/wp\/v2\/types\/product"}],"replies":[{"embeddable":true,"href":"https:\/\/lexamedlab.com\/tr\/wp-json\/wp\/v2\/comments?post=22631"}],"version-history":[{"count":3,"href":"https:\/\/lexamedlab.com\/tr\/wp-json\/wp\/v2\/product\/22631\/revisions"}],"predecessor-version":[{"id":22637,"href":"https:\/\/lexamedlab.com\/tr\/wp-json\/wp\/v2\/product\/22631\/revisions\/22637"}],"wp:featuredmedia":[{"embeddable":true,"href":"https:\/\/lexamedlab.com\/tr\/wp-json\/wp\/v2\/media\/22632"}],"wp:attachment":[{"href":"https:\/\/lexamedlab.com\/tr\/wp-json\/wp\/v2\/media?parent=22631"}],"wp:term":[{"taxonomy":"product_brand","embeddable":true,"href":"https:\/\/lexamedlab.com\/tr\/wp-json\/wp\/v2\/product_brand?post=22631"},{"taxonomy":"product_cat","embeddable":true,"href":"https:\/\/lexamedlab.com\/tr\/wp-json\/wp\/v2\/product_cat?post=22631"},{"taxonomy":"product_tag","embeddable":true,"href":"https:\/\/lexamedlab.com\/tr\/wp-json\/wp\/v2\/product_tag?post=22631"}],"curies":[{"name":"wp","href":"https:\/\/api.w.org\/{rel}","templated":true}]}}