{"id":22639,"date":"2025-05-26T05:48:29","date_gmt":"2025-05-26T05:48:29","guid":{"rendered":"https:\/\/lexamedlab.com\/?post_type=product&#038;p=22639"},"modified":"2025-06-04T07:17:15","modified_gmt":"2025-06-04T07:17:15","slug":"urine-collection-cup-100ml","status":"publish","type":"product","link":"https:\/\/lexamedlab.com\/tr\/product\/urine-collection-cup-100ml\/","title":{"rendered":"\u0130drar Toplama Kab\u0131 100ML"},"content":{"rendered":"<p><span style=\"font-family: 'times new roman', times, serif; font-size: 14pt;\">\u2014 Bu toplay\u0131c\u0131, t\u0131bbi s\u0131n\u0131f plastik malzemeden yap\u0131lm\u0131\u015f idrar toplama kab\u0131 ve vakumlu idrar toplama t\u00fcp\u00fcnden olu\u015fur. Esas olarak idrar \u00f6rne\u011fi toplamak i\u00e7in kullan\u0131l\u0131r.<\/span><br \/>\n<span style=\"font-family: 'times new roman', times, serif; font-size: 14pt;\">\u2014 \u0130yi s\u0131zd\u0131rmazl\u0131k performans\u0131 s\u0131z\u0131nt\u0131y\u0131 etkili bir \u015fekilde \u00f6nler, numune saklama ve ta\u015f\u0131ma i\u00e7in uygundur, ayr\u0131ca t\u0131bbi personel ile numune aras\u0131ndaki temas\u0131 \u00f6nleyebilir.<\/span><br \/>\n<span style=\"font-family: 'times new roman', times, serif; font-size: 14pt;\">\u2014 Kapakta, hastalar\u0131n toplama i\u011fnesiyle temas etmesini \u00f6nlemek i\u00e7in kan\u00fcl\u00fc kapatan bir etiket bulunur.<\/span><br \/>\n<span style=\"font-family: 'times new roman', times, serif; font-size: 14pt;\">\u2014 \u00d6zelle\u015ftirilmi\u015f barkodla mevcuttur.<\/span><br \/>\n<span style=\"font-family: 'times new roman', times, serif; font-size: 14pt;\">\u2014 EO veya Gama radyasyonuyla sterilize edilmi\u015ftir.<\/span><\/p>\n<table style=\"border-collapse: collapse; width: 100%; height: 336px;\">\n<tbody>\n<tr style=\"height: 24px;\">\n<td style=\"width: 10.7681%; height: 24px; text-align: center;\"><span style=\"font-size: 14pt; font-family: 'times new roman', times, serif;\">\u00dcr\u00fcn numaras\u0131\u00a0<\/span><\/td>\n<td style=\"width: 11.9869%; height: 24px; text-align: center;\"><span style=\"font-size: 14pt; font-family: 'times new roman', times, serif;\">malzeme\u00a0<\/span><\/td>\n<td style=\"width: 10.7681%; height: 24px; text-align: center;\"><span style=\"font-size: 14pt; font-family: 'times new roman', times, serif;\">kapasite\u00a0<\/span><\/td>\n<td style=\"width: 12.5642%; height: 24px; text-align: center;\"><span style=\"font-size: 14pt; font-family: 'times new roman', times, serif;\">d\u0131\u015f boyut\u00a0<\/span><\/td>\n<td style=\"width: 10.8963%; height: 24px; text-align: center;\"><span style=\"font-size: 14pt; font-family: 'times new roman', times, serif;\">torbalardaki miktar\u00a0<\/span><\/td>\n<td style=\"width: 11.0247%; height: 24px; text-align: center;\"><span style=\"font-size: 14pt; font-family: 'times new roman', times, serif;\">kutudaki miktar\u00a0<\/span><\/td>\n<td style=\"width: 12.8849%; height: 24px; text-align: center;\"><span style=\"font-size: 14pt; font-family: 'times new roman', times, serif;\">kartondaki miktar\u00a0<\/span><\/td>\n<td style=\"width: 19.1068%; height: 24px; text-align: center;\"><span style=\"font-size: 14pt; font-family: 'times new roman', times, serif;\">Not:\u00a0<\/span><\/td>\n<\/tr>\n<tr style=\"height: 24px;\">\n<td style=\"width: 10.7681%; height: 48px; text-align: center;\" rowspan=\"2\"><span style=\"font-size: 14pt; font-family: 'times new roman', times, serif;\">07106011<\/span><\/td>\n<td style=\"width: 11.9869%; height: 24px; text-align: center;\">Kupa:PP<\/td>\n<td style=\"width: 10.7681%; height: 24px; text-align: center;\"><span style=\"font-size: 14pt; font-family: 'times new roman', times, serif;\">60ml<\/span><\/td>\n<td style=\"width: 12.5642%; height: 24px; text-align: center;\"><span style=\"font-size: 14pt; font-family: 'times new roman', times, serif;\">\u00d854\u00d764mm\u00a0<\/span><\/td>\n<td style=\"width: 10.8963%; height: 24px; text-align: center;\"><\/td>\n<td style=\"width: 11.0247%; height: 24px; text-align: center;\"><\/td>\n<td style=\"width: 12.8849%; height: 24px; text-align: center;\"><span style=\"font-size: 14pt; font-family: 'times new roman', times, serif;\">400<\/span><\/td>\n<td style=\"width: 19.1068%; height: 24px; text-align: center;\">se\u00e7enek:steril EO veya steril R<\/td>\n<\/tr>\n<tr style=\"height: 24px;\">\n<td style=\"width: 11.9869%; height: 24px; text-align: center;\">T\u00fcp:PET<\/td>\n<td style=\"width: 10.7681%; height: 24px; text-align: center;\"><span style=\"font-size: 14pt; font-family: 'times new roman', times, serif;\">10ml<\/span><\/td>\n<td style=\"width: 12.5642%; height: 24px; text-align: center;\"><span style=\"font-size: 14pt; font-family: 'times new roman', times, serif;\">\u00d816\u00d7100mm\u00a0<\/span><\/td>\n<td style=\"width: 10.8963%; height: 24px; text-align: center;\"><\/td>\n<td style=\"width: 11.0247%; height: 24px; text-align: center;\"><span style=\"font-size: 14pt; font-family: 'times new roman', times, serif;\">100<\/span><\/td>\n<td style=\"width: 12.8849%; height: 24px; text-align: center;\"><span style=\"font-size: 14pt; font-family: 'times new roman', times, serif;\">1200<\/span><\/td>\n<td style=\"width: 19.1068%; height: 24px; text-align: center;\"><\/td>\n<\/tr>\n<tr style=\"height: 24px;\">\n<td style=\"width: 10.7681%; height: 48px; text-align: center;\" rowspan=\"2\"><span style=\"font-size: 14pt; font-family: 'times new roman', times, serif;\">KJ527<\/span><\/td>\n<td style=\"width: 11.9869%; height: 24px; text-align: center;\">Kupa:PP<\/td>\n<td style=\"width: 10.7681%; height: 24px; text-align: center;\"><span style=\"font-size: 14pt; font-family: 'times new roman', times, serif;\">100ml<\/span><\/td>\n<td style=\"width: 12.5642%; height: 24px; text-align: center;\"><span style=\"font-size: 14pt; font-family: 'times new roman', times, serif;\">\u00d861\u00d773mm\u00a0<\/span><\/td>\n<td style=\"width: 10.8963%; height: 24px; text-align: center;\"><span style=\"font-size: 14pt; font-family: 'times new roman', times, serif;\">50<\/span><\/td>\n<td style=\"width: 11.0247%; height: 24px; text-align: center;\"><\/td>\n<td style=\"width: 12.8849%; height: 24px; text-align: center;\"><span style=\"font-size: 14pt; font-family: 'times new roman', times, serif;\">300<\/span><\/td>\n<td style=\"width: 19.1068%; height: 24px; text-align: center;\"><\/td>\n<\/tr>\n<tr style=\"height: 24px;\">\n<td style=\"width: 11.9869%; height: 24px; text-align: center;\">T\u00fcp:PET<\/td>\n<td style=\"width: 10.7681%; height: 24px; text-align: center;\"><span style=\"font-size: 14pt; font-family: 'times new roman', times, serif;\">10ml<\/span><\/td>\n<td style=\"width: 12.5642%; height: 24px; text-align: center;\"><span style=\"font-size: 14pt; font-family: 'times new roman', times, serif;\">\u00d816\u00d7100mm\u00a0<\/span><\/td>\n<td style=\"width: 10.8963%; height: 24px; text-align: center;\"><\/td>\n<td style=\"width: 11.0247%; height: 24px; text-align: center;\"><span style=\"font-size: 14pt; font-family: 'times new roman', times, serif;\">100<\/span><\/td>\n<td style=\"width: 12.8849%; height: 24px; text-align: center;\"><span style=\"font-size: 14pt; font-family: 'times new roman', times, serif;\">1200<\/span><\/td>\n<td style=\"width: 19.1068%; height: 24px; text-align: center;\"><\/td>\n<\/tr>\n<tr style=\"height: 24px;\">\n<td style=\"width: 10.7681%; height: 48px; text-align: center;\" rowspan=\"2\"><span style=\"font-size: 14pt; font-family: 'times new roman', times, serif;\">KJ527-1<\/span><\/td>\n<td style=\"width: 11.9869%; height: 24px; text-align: center;\">Kupa:PP<\/td>\n<td style=\"width: 10.7681%; height: 24px; text-align: center;\"><span style=\"font-size: 14pt; font-family: 'times new roman', times, serif;\">100ml<\/span><\/td>\n<td style=\"width: 12.5642%; height: 24px; text-align: center;\"><span style=\"font-size: 14pt; font-family: 'times new roman', times, serif;\">\u00d861\u00d773mm\u00a0<\/span><\/td>\n<td style=\"width: 10.8963%; height: 24px; text-align: center;\"><\/td>\n<td style=\"width: 11.0247%; height: 24px; text-align: center;\"><\/td>\n<td style=\"width: 12.8849%; height: 24px; text-align: center;\"><span style=\"font-size: 14pt; font-family: 'times new roman', times, serif;\">300<\/span><\/td>\n<td style=\"width: 19.1068%; height: 24px; text-align: center;\"><\/td>\n<\/tr>\n<tr style=\"height: 24px;\">\n<td style=\"width: 11.9869%; height: 24px; text-align: center;\">T\u00fcp:PET<\/td>\n<td style=\"width: 10.7681%; height: 24px; text-align: center;\"><span style=\"font-size: 14pt; font-family: 'times new roman', times, serif;\">10ml<\/span><\/td>\n<td style=\"width: 12.5642%; height: 24px; text-align: center;\"><span style=\"font-size: 14pt; font-family: 'times new roman', times, serif;\">\u00d816\u00d7100mm\u00a0<\/span><\/td>\n<td style=\"width: 10.8963%; height: 24px; text-align: center;\"><\/td>\n<td style=\"width: 11.0247%; height: 24px; text-align: center;\"><span style=\"font-size: 14pt; font-family: 'times new roman', times, serif;\">100<\/span><\/td>\n<td style=\"width: 12.8849%; height: 24px; text-align: center;\"><span style=\"font-size: 14pt; font-family: 'times new roman', times, serif;\">1200<\/span><\/td>\n<td style=\"width: 19.1068%; height: 24px; text-align: center;\"><\/td>\n<\/tr>\n<tr style=\"height: 24px;\">\n<td style=\"width: 10.7681%; height: 48px; text-align: center;\" rowspan=\"2\"><span style=\"font-size: 14pt; font-family: 'times new roman', times, serif;\">KJ527-2<\/span><\/td>\n<td style=\"width: 11.9869%; height: 24px; text-align: center;\">Kupa:PP<\/td>\n<td style=\"width: 10.7681%; height: 24px; text-align: center;\"><span style=\"font-size: 14pt; font-family: 'times new roman', times, serif;\">100ml<\/span><\/td>\n<td style=\"width: 12.5642%; height: 24px; text-align: center;\"><span style=\"font-size: 14pt; font-family: 'times new roman', times, serif;\">\u00d861\u00d773mm\u00a0<\/span><\/td>\n<td style=\"width: 10.8963%; height: 24px; text-align: center;\"><\/td>\n<td style=\"width: 11.0247%; height: 24px; text-align: center;\"><\/td>\n<td style=\"width: 12.8849%; height: 24px; text-align: center;\"><span style=\"font-size: 14pt; font-family: 'times new roman', times, serif;\">300<\/span><\/td>\n<td style=\"width: 19.1068%; height: 24px; text-align: center;\"><\/td>\n<\/tr>\n<tr style=\"height: 24px;\">\n<td style=\"width: 11.9869%; height: 24px; text-align: center;\">T\u00fcp:PET<\/td>\n<td style=\"width: 10.7681%; height: 24px; text-align: center;\"><span style=\"font-size: 14pt; font-family: 'times new roman', times, serif;\">10ml<\/span><\/td>\n<td style=\"width: 12.5642%; height: 24px; text-align: center;\"><span style=\"font-size: 14pt; font-family: 'times new roman', times, serif;\">\u00d816\u00d7100mm\u00a0<\/span><\/td>\n<td style=\"width: 10.8963%; height: 24px; text-align: center;\"><\/td>\n<td style=\"width: 11.0247%; height: 24px; text-align: center;\"><span style=\"font-size: 14pt; font-family: 'times new roman', times, serif;\">100<\/span><\/td>\n<td style=\"width: 12.8849%; height: 24px; text-align: center;\"><span style=\"font-size: 14pt; font-family: 'times new roman', times, serif;\">1200<\/span><\/td>\n<td style=\"width: 19.1068%; height: 24px; text-align: center;\"><\/td>\n<\/tr>\n<tr style=\"height: 24px;\">\n<td style=\"width: 10.7681%; height: 48px; text-align: center;\" rowspan=\"2\"><span style=\"font-size: 14pt; font-family: 'times new roman', times, serif;\">KJ527-3<\/span><\/td>\n<td style=\"width: 11.9869%; height: 24px; text-align: center;\">Kupa:PP<\/td>\n<td style=\"width: 10.7681%; height: 24px; text-align: center;\"><span style=\"font-size: 14pt; font-family: 'times new roman', times, serif;\">60ml<\/span><\/td>\n<td style=\"width: 12.5642%; height: 24px; text-align: center;\"><span style=\"font-size: 14pt; font-family: 'times new roman', times, serif;\">\u00d851\u00d762mm\u00a0<\/span><\/td>\n<td style=\"width: 10.8963%; height: 24px; text-align: center;\"><\/td>\n<td style=\"width: 11.0247%; height: 24px; text-align: center;\"><\/td>\n<td style=\"width: 12.8849%; height: 24px; text-align: center;\"><span style=\"font-size: 14pt; font-family: 'times new roman', times, serif;\">300<\/span><\/td>\n<td style=\"width: 19.1068%; height: 24px; text-align: center;\"><\/td>\n<\/tr>\n<tr style=\"height: 24px;\">\n<td style=\"width: 11.9869%; height: 24px; text-align: center;\">T\u00fcp:PET<\/td>\n<td style=\"width: 10.7681%; height: 24px; text-align: center;\"><span style=\"font-size: 14pt; font-family: 'times new roman', times, serif;\">10ml<\/span><\/td>\n<td style=\"width: 12.5642%; height: 24px; text-align: center;\"><span style=\"font-size: 14pt; font-family: 'times new roman', times, serif;\">\u00d816\u00d7100mm\u00a0<\/span><\/td>\n<td style=\"width: 10.8963%; height: 24px; text-align: center;\"><\/td>\n<td style=\"width: 11.0247%; height: 24px; text-align: center;\"><span style=\"font-size: 14pt; font-family: 'times new roman', times, serif;\">100<\/span><\/td>\n<td style=\"width: 12.8849%; height: 24px; text-align: center;\"><span style=\"font-size: 14pt; font-family: 'times new roman', times, serif;\">1200<\/span><\/td>\n<td style=\"width: 19.1068%; height: 24px; text-align: center;\"><\/td>\n<\/tr>\n<tr style=\"height: 24px;\">\n<td style=\"width: 10.7681%; height: 48px; text-align: center;\" rowspan=\"2\"><span style=\"font-size: 14pt; font-family: 'times new roman', times, serif;\">KJ533<\/span><\/td>\n<td style=\"width: 11.9869%; height: 24px; text-align: center;\">Kupa:PP<\/td>\n<td style=\"width: 10.7681%; height: 24px; text-align: center;\"><span style=\"font-size: 14pt; font-family: 'times new roman', times, serif;\">&#8211;<\/span><\/td>\n<td style=\"width: 12.5642%; height: 24px; text-align: center;\"><span style=\"font-size: 14pt; font-family: 'times new roman', times, serif;\">140mm<\/span><\/td>\n<td style=\"width: 10.8963%; height: 24px; text-align: center;\"><span style=\"font-size: 14pt; font-family: 'times new roman', times, serif;\">100<\/span><\/td>\n<td style=\"width: 11.0247%; height: 24px; text-align: center;\"><\/td>\n<td style=\"width: 12.8849%; height: 24px; text-align: center;\"><span style=\"font-size: 14pt; font-family: 'times new roman', times, serif;\">1000<\/span><\/td>\n<td style=\"width: 19.1068%; height: 24px; text-align: center;\"><\/td>\n<\/tr>\n<tr style=\"height: 24px;\">\n<td style=\"width: 11.9869%; height: 24px; text-align: center;\">T\u00fcp:PET<\/td>\n<td style=\"width: 10.7681%; height: 24px; text-align: center;\"><span style=\"font-size: 14pt; font-family: 'times new roman', times, serif;\">10ml<\/span><\/td>\n<td style=\"width: 12.5642%; height: 24px; text-align: center;\"><span style=\"font-size: 14pt; font-family: 'times new roman', times, serif;\">\u00d816\u00d7100mm\u00a0<\/span><\/td>\n<td style=\"width: 10.8963%; height: 24px; text-align: center;\"><\/td>\n<td style=\"width: 11.0247%; height: 24px; text-align: center;\"><span style=\"font-size: 14pt; font-family: 'times new roman', times, serif;\">100<\/span><\/td>\n<td style=\"width: 12.8849%; height: 24px; text-align: center;\"><span style=\"font-size: 14pt; font-family: 'times new roman', times, serif;\">1200<\/span><\/td>\n<td style=\"width: 19.1068%; height: 24px; text-align: center;\"><\/td>\n<\/tr>\n<tr style=\"height: 24px;\">\n<td style=\"width: 10.7681%; text-align: center; height: 24px;\"><span style=\"font-size: 14pt; font-family: 'times new roman', times, serif;\">KJ533-1<\/span><\/td>\n<td style=\"width: 11.9869%; height: 24px; text-align: center;\">Kupa:PP<\/td>\n<td style=\"width: 10.7681%; text-align: center; height: 24px;\"><span style=\"font-size: 14pt; font-family: 'times new roman', times, serif;\">90ml<\/span><\/td>\n<td style=\"width: 12.5642%; text-align: center; height: 24px;\"><span style=\"font-size: 14pt; font-family: 'times new roman', times, serif;\">\u00d860\u00d770mm\u00a0<\/span><\/td>\n<td style=\"width: 10.8963%; text-align: center; height: 24px;\"><\/td>\n<td style=\"width: 11.0247%; text-align: center; height: 24px;\"><\/td>\n<td style=\"width: 12.8849%; text-align: center; height: 24px;\"><span style=\"font-size: 14pt; font-family: 'times new roman', times, serif;\">600<\/span><\/td>\n<td style=\"width: 19.1068%; text-align: center; height: 24px;\"><\/td>\n<\/tr>\n<\/tbody>\n<\/table>\n<p><img fetchpriority=\"high\" decoding=\"async\" class=\"alignnone size-full wp-image-22643\" src=\"https:\/\/lexamedlab.com\/wp-content\/uploads\/2025\/05\/dbc1fecd-97a1-4623-829c-a312bb99761e.png\" alt=\"\" width=\"1733\" height=\"823\" \/><\/p>","protected":false},"excerpt":{"rendered":"<p>\u2014 Bu toplay\u0131c\u0131, T\u0131bbi s\u0131n\u0131f malzemeden yap\u0131lm\u0131\u015f \u0130drar toplama kab\u0131 ve vakumlu idrar toplama t\u00fcp\u00fcnden olu\u015fur.<\/p>","protected":false},"featured_media":22641,"comment_status":"open","ping_status":"closed","template":"","meta":{"_acf_changed":false},"product_brand":[],"product_cat":[99,20,100],"product_tag":[],"class_list":{"0":"post-22639","1":"product","2":"type-product","3":"status-publish","4":"has-post-thumbnail","6":"product_cat-specimen-container","7":"product_cat-all","8":"product_cat-urine-container","10":"first","11":"instock","12":"shipping-taxable","13":"product-type-simple"},"acf":[],"_links":{"self":[{"href":"https:\/\/lexamedlab.com\/tr\/wp-json\/wp\/v2\/product\/22639","targetHints":{"allow":["GET"]}}],"collection":[{"href":"https:\/\/lexamedlab.com\/tr\/wp-json\/wp\/v2\/product"}],"about":[{"href":"https:\/\/lexamedlab.com\/tr\/wp-json\/wp\/v2\/types\/product"}],"replies":[{"embeddable":true,"href":"https:\/\/lexamedlab.com\/tr\/wp-json\/wp\/v2\/comments?post=22639"}],"version-history":[{"count":2,"href":"https:\/\/lexamedlab.com\/tr\/wp-json\/wp\/v2\/product\/22639\/revisions"}],"predecessor-version":[{"id":22646,"href":"https:\/\/lexamedlab.com\/tr\/wp-json\/wp\/v2\/product\/22639\/revisions\/22646"}],"wp:featuredmedia":[{"embeddable":true,"href":"https:\/\/lexamedlab.com\/tr\/wp-json\/wp\/v2\/media\/22641"}],"wp:attachment":[{"href":"https:\/\/lexamedlab.com\/tr\/wp-json\/wp\/v2\/media?parent=22639"}],"wp:term":[{"taxonomy":"product_brand","embeddable":true,"href":"https:\/\/lexamedlab.com\/tr\/wp-json\/wp\/v2\/product_brand?post=22639"},{"taxonomy":"product_cat","embeddable":true,"href":"https:\/\/lexamedlab.com\/tr\/wp-json\/wp\/v2\/product_cat?post=22639"},{"taxonomy":"product_tag","embeddable":true,"href":"https:\/\/lexamedlab.com\/tr\/wp-json\/wp\/v2\/product_tag?post=22639"}],"curies":[{"name":"wp","href":"https:\/\/api.w.org\/{rel}","templated":true}]}}