{"id":22661,"date":"2025-05-26T07:37:59","date_gmt":"2025-05-26T07:37:59","guid":{"rendered":"https:\/\/lexamedlab.com\/?post_type=product&#038;p=22661"},"modified":"2025-05-27T15:18:05","modified_gmt":"2025-05-27T15:18:05","slug":"50ml-plastic-centrifuge-tube","status":"publish","type":"product","link":"https:\/\/lexamedlab.com\/tr\/product\/50ml-plastic-centrifuge-tube\/","title":{"rendered":"50ml Plastik Santrif\u00fcj T\u00fcp\u00fc"},"content":{"rendered":"<div style=\"width: 956px;\" class=\"wp-video\"><!--[if lt IE 9]><script>document.createElement('video');<\/script><![endif]-->\n<video class=\"wp-video-shortcode\" id=\"video-22661-1\" width=\"956\" height=\"540\" preload=\"metadata\" controls=\"controls\"><source type=\"video\/mp4\" src=\"https:\/\/lexamedlab.com\/wp-content\/uploads\/2025\/05\/uzBHxE9NDS54w0IoXM2_227116251883_sd_hq.mp4?_=1\" \/><a href=\"https:\/\/lexamedlab.com\/wp-content\/uploads\/2025\/05\/uzBHxE9NDS54w0IoXM2_227116251883_sd_hq.mp4\">https:\/\/lexamedlab.com\/wp-content\/uploads\/2025\/05\/uzBHxE9NDS54w0IoXM2_227116251883_sd_hq.mp4<\/a><\/video><\/div>\n<p><span style=\"font-family: 'times new roman', times, serif; font-size: 14pt;\">\u2014 Y\u00fcksek kaliteli \u015feffaf PP malzemeden \u00fcretilmi\u015ftir, molek\u00fcler biyoloji, klinik kimya, biyokimya ara\u015ft\u0131rmalar\u0131nda yayg\u0131n olarak kullan\u0131l\u0131r.<\/span><br \/>\n<span style=\"font-family: 'times new roman', times, serif; font-size: 14pt;\">\u2014 T\u00fcplerde \u015feffaf beyaz veya siyah derecelendirme, kolay i\u015faretleme i\u00e7in geni\u015f beyaz yaz\u0131 alan\u0131.<\/span><br \/>\n<span style=\"font-family: 'times new roman', times, serif; font-size: 14pt;\">\u2014 Kapa\u011f\u0131 a\u00e7mak veya kapatmak i\u00e7in tek elle kolay kullan\u0131m.<\/span><br \/>\n<span style=\"font-family: 'times new roman', times, serif; font-size: 14pt;\">\u2014 12000\u00d7g&#039;de maksimum RCF.<\/span><br \/>\n<span style=\"font-family: 'times new roman', times, serif; font-size: 14pt;\">\u2014 -80\u00b0C ile 120\u00b0C aras\u0131ndaki geni\u015f s\u0131cakl\u0131k aral\u0131\u011f\u0131na uygundur.<\/span><br \/>\n<span style=\"font-family: 'times new roman', times, serif; font-size: 14pt;\">\u2014 Toplu veya tekli paket olarak mevcuttur.<\/span><br \/>\n<span style=\"font-family: 'times new roman', times, serif; font-size: 14pt;\">\u2014 EO veya Gama radyasyonuyla steril olarak mevcuttur.<\/span><\/p>\n<table style=\"border-collapse: collapse; width: 100%; height: 240px;\">\n<tbody>\n<tr style=\"height: 24px;\">\n<td style=\"width: 11.3992%; height: 24px; text-align: center;\"><span style=\"font-size: 14pt; font-family: 'times new roman', times, serif;\">\u00dcr\u00fcn numaras\u0131\u00a0<\/span><\/td>\n<td style=\"width: 11.8482%; height: 24px; text-align: center;\"><span style=\"font-size: 14pt; font-family: 'times new roman', times, serif;\">malzeme\u00a0<\/span><\/td>\n<td style=\"width: 12.5538%; height: 24px; text-align: center;\"><span style=\"font-size: 14pt; font-family: 'times new roman', times, serif;\">boyut\u00a0<\/span><\/td>\n<td style=\"width: 12.0407%; height: 24px; text-align: center;\"><span style=\"font-size: 14pt; font-family: 'times new roman', times, serif;\">kapasite\u00a0<\/span><\/td>\n<td style=\"width: 12.2973%; height: 24px; text-align: center;\"><span style=\"font-size: 14pt; font-family: 'times new roman', times, serif;\">torbalardaki miktar\u00a0<\/span><\/td>\n<td style=\"width: 12.8745%; height: 24px; text-align: center;\"><span style=\"font-size: 14pt; font-family: 'times new roman', times, serif;\">kartondaki miktar\u00a0<\/span><\/td>\n<td style=\"width: 26.9862%; height: 24px; text-align: center;\"><span style=\"font-size: 14pt; font-family: 'times new roman', times, serif;\">Not:\u00a0<\/span><\/td>\n<\/tr>\n<tr style=\"height: 24px;\">\n<td style=\"width: 11.3992%; height: 48px; text-align: center;\" rowspan=\"2\"><span style=\"font-size: 14pt; font-family: 'times new roman', times, serif;\">KJ323<\/span><\/td>\n<td style=\"width: 11.8482%; height: 48px; text-align: center;\" rowspan=\"2\"><span style=\"font-size: 14pt; font-family: 'times new roman', times, serif;\">PP<\/span><\/td>\n<td style=\"width: 12.5538%; height: 48px; text-align: center;\" rowspan=\"2\"><span style=\"font-size: 14pt; font-family: 'times new roman', times, serif;\">102mm<\/span><\/td>\n<td style=\"width: 12.0407%; height: 48px; text-align: center;\" rowspan=\"2\"><span style=\"font-size: 14pt; font-family: 'times new roman', times, serif;\">10ml<\/span><\/td>\n<td style=\"width: 12.2973%; height: 24px; text-align: center;\"><span style=\"font-size: 14pt; font-family: 'times new roman', times, serif;\">1<\/span><\/td>\n<td style=\"width: 12.8745%; height: 24px; text-align: center;\"><span style=\"font-size: 14pt; font-family: 'times new roman', times, serif;\">1500<\/span><\/td>\n<td style=\"width: 26.9862%; height: 24px; text-align: center;\"><span style=\"font-size: 14pt; font-family: 'times new roman', times, serif;\">bireysel paketleme, steril veya steril olmayan\u00a0<\/span><\/td>\n<\/tr>\n<tr style=\"height: 24px;\">\n<td style=\"width: 12.2973%; height: 24px; text-align: center;\"><span style=\"font-size: 14pt; font-family: 'times new roman', times, serif;\">100<\/span><\/td>\n<td style=\"width: 12.8745%; height: 24px; text-align: center;\"><span style=\"font-size: 14pt; font-family: 'times new roman', times, serif;\">2000<\/span><\/td>\n<td style=\"width: 26.9862%; height: 24px; text-align: center;\"><span style=\"font-size: 14pt; font-family: 'times new roman', times, serif;\">\u00e7oklu paketleme, steril veya steril olmayan\u00a0<\/span><\/td>\n<\/tr>\n<tr style=\"height: 24px;\">\n<td style=\"width: 11.3992%; height: 48px; text-align: center;\" rowspan=\"2\"><span style=\"font-size: 14pt; font-family: 'times new roman', times, serif;\">KJ324<\/span><\/td>\n<td style=\"width: 11.8482%; height: 72px; text-align: center;\" rowspan=\"3\"><span style=\"font-size: 14pt; font-family: 'times new roman', times, serif;\">PP<\/span><\/td>\n<td style=\"width: 12.5538%; height: 72px; text-align: center;\" rowspan=\"3\"><span style=\"font-size: 14pt; font-family: 'times new roman', times, serif;\">121mm<\/span><\/td>\n<td style=\"width: 12.0407%; height: 72px; text-align: center;\" rowspan=\"3\"><span style=\"font-size: 14pt; font-family: 'times new roman', times, serif;\">15ml<\/span><\/td>\n<td style=\"width: 12.2973%; height: 24px; text-align: center;\"><span style=\"font-size: 14pt; font-family: 'times new roman', times, serif;\">1<\/span><\/td>\n<td style=\"width: 12.8745%; height: 24px; text-align: center;\"><span style=\"font-size: 14pt; font-family: 'times new roman', times, serif;\">1200<\/span><\/td>\n<td style=\"width: 26.9862%; height: 24px; text-align: center;\"><span style=\"font-size: 14pt; font-family: 'times new roman', times, serif;\">bireysel paketleme, steril veya steril olmayan\u00a0<\/span><\/td>\n<\/tr>\n<tr style=\"height: 24px;\">\n<td style=\"width: 12.2973%; height: 24px; text-align: center;\"><span style=\"font-size: 14pt; font-family: 'times new roman', times, serif;\">100<\/span><\/td>\n<td style=\"width: 12.8745%; height: 24px; text-align: center;\"><span style=\"font-size: 14pt; font-family: 'times new roman', times, serif;\">1800<\/span><\/td>\n<td style=\"width: 26.9862%; height: 24px; text-align: center;\"><span style=\"font-size: 14pt; font-family: 'times new roman', times, serif;\">\u00e7oklu paketleme, steril veya steril olmayan\u00a0<\/span><\/td>\n<\/tr>\n<tr style=\"height: 24px;\">\n<td style=\"width: 11.3992%; height: 24px; text-align: center;\"><span style=\"font-size: 14pt; font-family: 'times new roman', times, serif;\">KJ326-2<\/span><\/td>\n<td style=\"width: 12.2973%; height: 24px; text-align: center;\"><span style=\"font-size: 14pt; font-family: 'times new roman', times, serif;\">50<\/span><\/td>\n<td style=\"width: 12.8745%; height: 24px; text-align: center;\"><span style=\"font-size: 14pt; font-family: 'times new roman', times, serif;\">500<\/span><\/td>\n<td style=\"width: 26.9862%; height: 24px; text-align: center;\"><span style=\"font-size: 14pt; font-family: 'times new roman', times, serif;\">50 adet\/palet, Steril veya Steril Olmayan\u00a0<\/span><\/td>\n<\/tr>\n<tr style=\"height: 24px;\">\n<td style=\"width: 11.3992%; height: 24px; text-align: center;\" rowspan=\"2\"><span style=\"font-size: 14pt; font-family: 'times new roman', times, serif;\">KJ325<\/span><\/td>\n<td style=\"width: 11.8482%; height: 24px; text-align: center;\" rowspan=\"2\"><span style=\"font-size: 14pt; font-family: 'times new roman', times, serif;\">PP<\/span><\/td>\n<td style=\"width: 12.5538%; height: 24px; text-align: center;\" rowspan=\"2\"><span style=\"font-size: 14pt; font-family: 'times new roman', times, serif;\">118mm<\/span><\/td>\n<td style=\"width: 12.0407%; height: 24px; text-align: center;\" rowspan=\"2\"><span style=\"font-size: 14pt; font-family: 'times new roman', times, serif;\">50ml<\/span><\/td>\n<td style=\"width: 12.2973%; height: 24px; text-align: center;\"><span style=\"font-size: 14pt; font-family: 'times new roman', times, serif;\">1<\/span><\/td>\n<td style=\"width: 12.8745%; height: 24px; text-align: center;\"><span style=\"font-size: 14pt; font-family: 'times new roman', times, serif;\">500<\/span><\/td>\n<td style=\"width: 26.9862%; height: 24px; text-align: center;\"><span style=\"font-size: 14pt; font-family: 'times new roman', times, serif;\">bireysel paketleme, steril veya steril olmayan\u00a0<\/span><\/td>\n<\/tr>\n<tr style=\"height: 24px;\">\n<td style=\"width: 12.2973%; height: 24px; text-align: center;\"><span style=\"font-size: 14pt; font-family: 'times new roman', times, serif;\">50<\/span><\/td>\n<td style=\"width: 12.8745%; height: 24px; text-align: center;\"><span style=\"font-size: 14pt; font-family: 'times new roman', times, serif;\">500<\/span><\/td>\n<td style=\"width: 26.9862%; height: 24px; text-align: center;\"><span style=\"font-size: 14pt; font-family: 'times new roman', times, serif;\">\u00e7oklu paketleme, steril veya steril olmayan\u00a0<\/span><\/td>\n<\/tr>\n<tr style=\"height: 24px;\">\n<td style=\"width: 11.3992%; height: 24px; text-align: center;\" rowspan=\"2\"><span style=\"font-size: 14pt; font-family: 'times new roman', times, serif;\">KJ326<\/span><\/td>\n<td style=\"width: 11.8482%; height: 24px; text-align: center;\" rowspan=\"3\"><span style=\"font-size: 14pt; font-family: 'times new roman', times, serif;\">PP<\/span><\/td>\n<td style=\"width: 12.5538%; height: 24px; text-align: center;\" rowspan=\"3\"><span style=\"font-size: 14pt; font-family: 'times new roman', times, serif;\">118mm<\/span><\/td>\n<td style=\"width: 12.0407%; height: 24px; text-align: center;\" rowspan=\"3\"><span style=\"font-size: 14pt; font-family: 'times new roman', times, serif;\">50ml<\/span><\/td>\n<td style=\"width: 12.2973%; height: 24px; text-align: center;\"><span style=\"font-size: 14pt; font-family: 'times new roman', times, serif;\">1<\/span><\/td>\n<td style=\"width: 12.8745%; height: 24px; text-align: center;\"><span style=\"font-size: 14pt; font-family: 'times new roman', times, serif;\">500<\/span><\/td>\n<td style=\"width: 26.9862%; height: 24px; text-align: center;\"><span style=\"font-size: 14pt; font-family: 'times new roman', times, serif;\">bireysel paketleme, steril veya steril olmayan\u00a0<\/span><\/td>\n<\/tr>\n<tr style=\"height: 24px;\">\n<td style=\"width: 12.2973%; height: 24px; text-align: center;\"><span style=\"font-size: 14pt; font-family: 'times new roman', times, serif;\">50<\/span><\/td>\n<td style=\"width: 12.8745%; height: 24px; text-align: center;\"><span style=\"font-size: 14pt; font-family: 'times new roman', times, serif;\">500<\/span><\/td>\n<td style=\"width: 26.9862%; height: 24px; text-align: center;\"><span style=\"font-size: 14pt; font-family: 'times new roman', times, serif;\">\u00e7oklu paketleme, steril veya steril olmayan\u00a0<\/span><\/td>\n<\/tr>\n<tr>\n<td style=\"width: 11.3992%; text-align: center;\"><span style=\"font-size: 14pt; font-family: 'times new roman', times, serif;\">KJ326-3<\/span><\/td>\n<td style=\"width: 12.2973%; text-align: center;\"><span style=\"font-size: 14pt; font-family: 'times new roman', times, serif;\">25<\/span><\/td>\n<td style=\"width: 12.8745%; text-align: center;\"><span style=\"font-size: 14pt; font-family: 'times new roman', times, serif;\">500<\/span><\/td>\n<td style=\"width: 26.9862%; text-align: center;\"><span style=\"font-size: 14pt; font-family: 'times new roman', times, serif;\">25 adet\/palet,Steril veya steril olmayan<\/span><\/td>\n<\/tr>\n<\/tbody>\n<\/table>","protected":false},"excerpt":{"rendered":"<p>\u2014 Y\u00fcksek dereceli \u015feffaf PP malzemeden \u00fcretilmi\u015ftir, molek\u00fcler biyoloji, klinik kimya, biyokimya ara\u015ft\u0131rmalar\u0131nda yayg\u0131n olarak kullan\u0131l\u0131r. \u2014 \u015eeffaf beyaz veya<\/p>","protected":false},"featured_media":22662,"comment_status":"open","ping_status":"closed","template":"","meta":{"_acf_changed":false},"product_brand":[],"product_cat":[73,20],"product_tag":[],"class_list":{"0":"post-22661","1":"product","2":"type-product","3":"status-publish","4":"has-post-thumbnail","6":"product_cat-centrifuge-tubes","7":"product_cat-all","9":"first","10":"instock","11":"shipping-taxable","12":"product-type-simple"},"acf":[],"_links":{"self":[{"href":"https:\/\/lexamedlab.com\/tr\/wp-json\/wp\/v2\/product\/22661","targetHints":{"allow":["GET"]}}],"collection":[{"href":"https:\/\/lexamedlab.com\/tr\/wp-json\/wp\/v2\/product"}],"about":[{"href":"https:\/\/lexamedlab.com\/tr\/wp-json\/wp\/v2\/types\/product"}],"replies":[{"embeddable":true,"href":"https:\/\/lexamedlab.com\/tr\/wp-json\/wp\/v2\/comments?post=22661"}],"version-history":[{"count":2,"href":"https:\/\/lexamedlab.com\/tr\/wp-json\/wp\/v2\/product\/22661\/revisions"}],"predecessor-version":[{"id":22745,"href":"https:\/\/lexamedlab.com\/tr\/wp-json\/wp\/v2\/product\/22661\/revisions\/22745"}],"wp:featuredmedia":[{"embeddable":true,"href":"https:\/\/lexamedlab.com\/tr\/wp-json\/wp\/v2\/media\/22662"}],"wp:attachment":[{"href":"https:\/\/lexamedlab.com\/tr\/wp-json\/wp\/v2\/media?parent=22661"}],"wp:term":[{"taxonomy":"product_brand","embeddable":true,"href":"https:\/\/lexamedlab.com\/tr\/wp-json\/wp\/v2\/product_brand?post=22661"},{"taxonomy":"product_cat","embeddable":true,"href":"https:\/\/lexamedlab.com\/tr\/wp-json\/wp\/v2\/product_cat?post=22661"},{"taxonomy":"product_tag","embeddable":true,"href":"https:\/\/lexamedlab.com\/tr\/wp-json\/wp\/v2\/product_tag?post=22661"}],"curies":[{"name":"wp","href":"https:\/\/api.w.org\/{rel}","templated":true}]}}