{"id":22667,"date":"2025-05-26T10:32:53","date_gmt":"2025-05-26T10:32:53","guid":{"rendered":"https:\/\/lexamedlab.com\/?post_type=product&#038;p=22667"},"modified":"2025-05-27T15:14:57","modified_gmt":"2025-05-27T15:14:57","slug":"0-2ml-0-5ml-1-5ml-2ml-conical-micro-centrifuge-tube","status":"publish","type":"product","link":"https:\/\/lexamedlab.com\/tr\/product\/0-2ml-0-5ml-1-5ml-2ml-conical-micro-centrifuge-tube\/","title":{"rendered":"0.2ml 0.5ml 1.5ml 2ml Konik Mikro Santrif\u00fcj T\u00fcp\u00fc"},"content":{"rendered":"<div style=\"width: 956px;\" class=\"wp-video\"><!--[if lt IE 9]><script>document.createElement('video');<\/script><![endif]-->\n<video class=\"wp-video-shortcode\" id=\"video-22667-1\" width=\"956\" height=\"540\" preload=\"metadata\" controls=\"controls\"><source type=\"video\/mp4\" src=\"https:\/\/lexamedlab.com\/wp-content\/uploads\/2025\/05\/j4k25XwtlNtk694ckjm_227036182597_sd_hq.mp4?_=1\" \/><a href=\"https:\/\/lexamedlab.com\/wp-content\/uploads\/2025\/05\/j4k25XwtlNtk694ckjm_227036182597_sd_hq.mp4\">https:\/\/lexamedlab.com\/wp-content\/uploads\/2025\/05\/j4k25XwtlNtk694ckjm_227036182597_sd_hq.mp4<\/a><\/video><\/div>\n<p><span style=\"font-family: 'times new roman', times, serif; font-size: 14pt;\" data-spm-anchor-id=\"a2700.details-description.0.i0.2e79ABokABokf3\">\u2014 Y\u00fcksek \u015feffafl\u0131kl\u0131 PP malzemeden \u00fcretilmi\u015ftir, mikro santrif\u00fcje uygundur, molek\u00fcler biyoloji, klinik kimya ve biyokimya ara\u015ft\u0131rmalar\u0131nda yayg\u0131n olarak kullan\u0131l\u0131r.<\/span><br \/>\n<span style=\"font-family: 'times new roman', times, serif; font-size: 14pt;\">\u2014 \u00c7e\u015fitli hacimlerde mevcuttur: 0.2ml, 0.5ml, 1.5ml, 2ml, 5ml, vb.<\/span><br \/>\n<span style=\"font-family: 'times new roman', times, serif; font-size: 14pt;\">\u2014 Kimyasal korozyona ve d\u00fc\u015f\u00fck s\u0131cakl\u0131klara dayan\u0131kl\u0131l\u0131k.<\/span><br \/>\n<span style=\"font-family: 'times new roman', times, serif; font-size: 14pt;\">\u2014 \u00dcretim esnas\u0131nda hi\u00e7bir ay\u0131r\u0131c\u0131 madde, plastikle\u015ftirici ve fungistat eklenmemi\u015ftir, a\u011f\u0131r metal i\u00e7ermez.<\/span><br \/>\n<span style=\"font-family: 'times new roman', times, serif; font-size: 14pt;\">\u2014 15000 rpm&#039;ye kadar y\u00fcksek santrif\u00fcj h\u0131z\u0131 alt\u0131nda kararl\u0131d\u0131r. Toksik numuneleri test ederken personel g\u00fcvenli\u011fini ve \u00e7evreyi garanti edebilir.<\/span><br \/>\n<span style=\"font-family: 'times new roman', times, serif; font-size: 14pt;\">\u2014 -80 ile 121 derece aras\u0131ndaki geni\u015f s\u0131cakl\u0131k aral\u0131\u011f\u0131na uygundur, bozulma olmaz.<\/span><br \/>\n<span style=\"font-family: 'times new roman', times, serif; font-size: 14pt;\">\u2014 Duvarda daha kolay g\u00f6zlemlenebilmesi i\u00e7in net bir derecelendirme var.<\/span><br \/>\n<span style=\"font-family: 'times new roman', times, serif; font-size: 14pt;\">\u2014 Kapak ve t\u00fcp \u00fczerinde kolay i\u015faretleme ve tan\u0131mlama i\u00e7in buzlu alan.<\/span><br \/>\n<span style=\"font-family: 'times new roman', times, serif; font-size: 14pt;\">\u2014 EO veya Gama radyasyonuyla steril olarak mevcuttur.<\/span><\/p>\n<table style=\"border-collapse: collapse; width: 100%; height: 216px;\">\n<tbody>\n<tr style=\"height: 27px;\">\n<td style=\"width: 20%; text-align: center; height: 27px;\"><span style=\"font-size: 14pt; font-family: 'times new roman', times, serif;\">\u00fcr\u00fcn numaras\u0131\u00a0<\/span><\/td>\n<td style=\"width: 20%; text-align: center; height: 27px;\"><span style=\"font-size: 14pt; font-family: 'times new roman', times, serif;\">malzeme\u00a0<\/span><\/td>\n<td style=\"width: 20%; text-align: center; height: 27px;\"><span style=\"font-size: 14pt; font-family: 'times new roman', times, serif;\">kapasite\u00a0<\/span><\/td>\n<td style=\"width: 20%; text-align: center; height: 27px;\"><span style=\"font-size: 14pt; font-family: 'times new roman', times, serif;\">\u00e7antadaki miktar\u00a0<\/span><\/td>\n<td style=\"width: 20%; text-align: center; height: 27px;\"><span style=\"font-size: 14pt; font-family: 'times new roman', times, serif;\">kartondaki miktar\u00a0<\/span><\/td>\n<\/tr>\n<tr style=\"height: 27px;\">\n<td style=\"width: 20%; text-align: center; height: 27px;\"><span style=\"font-size: 14pt; font-family: 'times new roman', times, serif;\">KJ301<\/span><\/td>\n<td style=\"width: 20%; text-align: center; height: 27px;\"><span style=\"font-size: 14pt; font-family: 'times new roman', times, serif;\">PP<\/span><\/td>\n<td style=\"width: 20%; text-align: center; height: 27px;\"><span style=\"font-size: 14pt; font-family: 'times new roman', times, serif;\">0,2 ml<\/span><\/td>\n<td style=\"width: 20%; text-align: center; height: 27px;\"><span style=\"font-size: 14pt; font-family: 'times new roman', times, serif;\">1000<\/span><\/td>\n<td style=\"width: 20%; text-align: center; height: 27px;\"><span style=\"font-size: 14pt; font-family: 'times new roman', times, serif;\">50000<\/span><\/td>\n<\/tr>\n<tr style=\"height: 27px;\">\n<td style=\"width: 20%; text-align: center; height: 27px;\"><span style=\"font-size: 14pt; font-family: 'times new roman', times, serif;\">KJ305<\/span><\/td>\n<td style=\"width: 20%; text-align: center; height: 27px;\"><span style=\"font-size: 14pt; font-family: 'times new roman', times, serif;\">PP<\/span><\/td>\n<td style=\"width: 20%; text-align: center; height: 27px;\"><span style=\"font-size: 14pt; font-family: 'times new roman', times, serif;\">0,5 ml<\/span><\/td>\n<td style=\"width: 20%; text-align: center; height: 27px;\"><span style=\"font-size: 14pt; font-family: 'times new roman', times, serif;\">500<\/span><\/td>\n<td style=\"width: 20%; text-align: center; height: 27px;\"><span style=\"font-size: 14pt; font-family: 'times new roman', times, serif;\">20000<\/span><\/td>\n<\/tr>\n<tr style=\"height: 27px;\">\n<td style=\"width: 20%; text-align: center; height: 27px;\"><span style=\"font-size: 14pt; font-family: 'times new roman', times, serif;\">KJ307-1<\/span><\/td>\n<td style=\"width: 20%; text-align: center; height: 27px;\"><span style=\"font-size: 14pt; font-family: 'times new roman', times, serif;\">PP<\/span><\/td>\n<td style=\"width: 20%; text-align: center; height: 27px;\"><span style=\"font-size: 14pt; font-family: 'times new roman', times, serif;\">0,5 ml<\/span><\/td>\n<td style=\"width: 20%; text-align: center; height: 27px;\"><span style=\"font-size: 14pt; font-family: 'times new roman', times, serif;\">1000<\/span><\/td>\n<td style=\"width: 20%; text-align: center; height: 27px;\"><span style=\"font-size: 14pt; font-family: 'times new roman', times, serif;\">20000<\/span><\/td>\n<\/tr>\n<tr style=\"height: 27px;\">\n<td style=\"width: 20%; text-align: center; height: 27px;\"><span style=\"font-size: 14pt; font-family: 'times new roman', times, serif;\">KJ306<\/span><\/td>\n<td style=\"width: 20%; text-align: center; height: 27px;\"><span style=\"font-size: 14pt; font-family: 'times new roman', times, serif;\">PP<\/span><\/td>\n<td style=\"width: 20%; text-align: center; height: 27px;\"><span style=\"font-size: 14pt; font-family: 'times new roman', times, serif;\">1,5 ml<\/span><\/td>\n<td style=\"width: 20%; text-align: center; height: 27px;\"><span style=\"font-size: 14pt; font-family: 'times new roman', times, serif;\">500<\/span><\/td>\n<td style=\"width: 20%; text-align: center; height: 27px;\"><span style=\"font-size: 14pt; font-family: 'times new roman', times, serif;\">10000<\/span><\/td>\n<\/tr>\n<tr style=\"height: 27px;\">\n<td style=\"width: 20%; text-align: center; height: 27px;\"><span style=\"font-size: 14pt; font-family: 'times new roman', times, serif;\">KJ307-2<\/span><\/td>\n<td style=\"width: 20%; text-align: center; height: 27px;\"><span style=\"font-size: 14pt; font-family: 'times new roman', times, serif;\">PP<\/span><\/td>\n<td style=\"width: 20%; text-align: center; height: 27px;\"><span style=\"font-size: 14pt; font-family: 'times new roman', times, serif;\">1,5 ml<\/span><\/td>\n<td style=\"width: 20%; text-align: center; height: 27px;\"><span style=\"font-size: 14pt; font-family: 'times new roman', times, serif;\">500<\/span><\/td>\n<td style=\"width: 20%; text-align: center; height: 27px;\"><span style=\"font-size: 14pt; font-family: 'times new roman', times, serif;\">10000<\/span><\/td>\n<\/tr>\n<tr style=\"height: 27px;\">\n<td style=\"width: 20%; text-align: center; height: 27px;\"><span style=\"font-size: 14pt; font-family: 'times new roman', times, serif;\">KJ327<\/span><\/td>\n<td style=\"width: 20%; text-align: center; height: 27px;\"><span style=\"font-size: 14pt; font-family: 'times new roman', times, serif;\">PP<\/span><\/td>\n<td style=\"width: 20%; text-align: center; height: 27px;\"><span style=\"font-size: 14pt; font-family: 'times new roman', times, serif;\">1,5 ml<\/span><\/td>\n<td style=\"width: 20%; text-align: center; height: 27px;\"><span style=\"font-size: 14pt; font-family: 'times new roman', times, serif;\">500<\/span><\/td>\n<td style=\"width: 20%; text-align: center; height: 27px;\"><span style=\"font-size: 14pt; font-family: 'times new roman', times, serif;\">10000<\/span><\/td>\n<\/tr>\n<tr style=\"height: 27px;\">\n<td style=\"width: 20%; text-align: center; height: 27px;\"><span style=\"font-size: 14pt; font-family: 'times new roman', times, serif;\">KJ307<\/span><\/td>\n<td style=\"width: 20%; text-align: center; height: 27px;\"><span style=\"font-size: 14pt; font-family: 'times new roman', times, serif;\">PP<\/span><\/td>\n<td style=\"width: 20%; text-align: center; height: 27px;\"><span style=\"font-size: 14pt; font-family: 'times new roman', times, serif;\">2ml<\/span><\/td>\n<td style=\"width: 20%; text-align: center; height: 27px;\"><span style=\"font-size: 14pt; font-family: 'times new roman', times, serif;\">500<\/span><\/td>\n<td style=\"width: 20%; text-align: center; height: 27px;\"><span style=\"font-size: 14pt; font-family: 'times new roman', times, serif;\">\u00a09000<\/span><\/td>\n<\/tr>\n<\/tbody>\n<\/table>","protected":false},"excerpt":{"rendered":"<p>\u2014 Y\u00fcksek \u015feffafl\u0131kl\u0131 PP malzemeden \u00fcretilmi\u015ftir, mikro santrif\u00fcje uygundur, molek\u00fcler biyoloji, klinik kimya ve biyokimyada yayg\u0131n olarak kullan\u0131l\u0131r<\/p>","protected":false},"featured_media":22668,"comment_status":"open","ping_status":"closed","template":"","meta":{"_acf_changed":false},"product_brand":[],"product_cat":[73,20],"product_tag":[],"class_list":{"0":"post-22667","1":"product","2":"type-product","3":"status-publish","4":"has-post-thumbnail","6":"product_cat-centrifuge-tubes","7":"product_cat-all","9":"first","10":"instock","11":"shipping-taxable","12":"product-type-simple"},"acf":[],"_links":{"self":[{"href":"https:\/\/lexamedlab.com\/tr\/wp-json\/wp\/v2\/product\/22667","targetHints":{"allow":["GET"]}}],"collection":[{"href":"https:\/\/lexamedlab.com\/tr\/wp-json\/wp\/v2\/product"}],"about":[{"href":"https:\/\/lexamedlab.com\/tr\/wp-json\/wp\/v2\/types\/product"}],"replies":[{"embeddable":true,"href":"https:\/\/lexamedlab.com\/tr\/wp-json\/wp\/v2\/comments?post=22667"}],"version-history":[{"count":3,"href":"https:\/\/lexamedlab.com\/tr\/wp-json\/wp\/v2\/product\/22667\/revisions"}],"predecessor-version":[{"id":22739,"href":"https:\/\/lexamedlab.com\/tr\/wp-json\/wp\/v2\/product\/22667\/revisions\/22739"}],"wp:featuredmedia":[{"embeddable":true,"href":"https:\/\/lexamedlab.com\/tr\/wp-json\/wp\/v2\/media\/22668"}],"wp:attachment":[{"href":"https:\/\/lexamedlab.com\/tr\/wp-json\/wp\/v2\/media?parent=22667"}],"wp:term":[{"taxonomy":"product_brand","embeddable":true,"href":"https:\/\/lexamedlab.com\/tr\/wp-json\/wp\/v2\/product_brand?post=22667"},{"taxonomy":"product_cat","embeddable":true,"href":"https:\/\/lexamedlab.com\/tr\/wp-json\/wp\/v2\/product_cat?post=22667"},{"taxonomy":"product_tag","embeddable":true,"href":"https:\/\/lexamedlab.com\/tr\/wp-json\/wp\/v2\/product_tag?post=22667"}],"curies":[{"name":"wp","href":"https:\/\/api.w.org\/{rel}","templated":true}]}}