{"id":21261,"date":"2025-05-09T14:55:37","date_gmt":"2025-05-09T14:55:37","guid":{"rendered":"https:\/\/lexamedlab.com\/?page_id=21261"},"modified":"2025-05-10T08:08:19","modified_gmt":"2025-05-10T08:08:19","slug":"terms-of-use","status":"publish","type":"page","link":"https:\/\/lexamedlab.com\/vi\/terms-of-use\/","title":{"rendered":"\u0110i\u1ec1u kho\u1ea3n s\u1eed d\u1ee5ng"},"content":{"rendered":"<div data-elementor-type=\"wp-page\" data-elementor-id=\"21261\" class=\"elementor elementor-21261\" data-elementor-post-type=\"page\">\n\t\t\t\t<div class=\"wd-negative-gap elementor-element elementor-element-c0c7c97 e-flex e-con-boxed e-con e-parent\" data-id=\"c0c7c97\" data-element_type=\"container\">\n\t\t\t\t\t<div class=\"e-con-inner\">\n\t\t\t\t<div class=\"elementor-element elementor-element-4968077 elementor-widget elementor-widget-wd_text_block\" data-id=\"4968077\" data-element_type=\"widget\" data-widget_type=\"wd_text_block.default\">\n\t\t\t\t<div class=\"elementor-widget-container\">\n\t\t\t\t\t\t\t<div class=\"wd-text-block reset-last-child text-left\">\n\t\t\t\n\t\t\t<p data-pm-slice=\"1 1 []\"><strong>Gi\u1edbi thi\u1ec7u<\/strong> Ch\u00e0o m\u1eebng \u0111\u1ebfn v\u1edbi <a>https:\/\/lexamedlab.com\/<\/a>. C\u00e1c \u0110i\u1ec1u kho\u1ea3n s\u1eed d\u1ee5ng n\u00e0y chi ph\u1ed1i vi\u1ec7c b\u1ea1n truy c\u1eadp v\u00e0 s\u1eed d\u1ee5ng trang web c\u1ee7a ch\u00fang t\u00f4i. B\u1eb1ng c\u00e1ch truy c\u1eadp trang web c\u1ee7a ch\u00fang t\u00f4i, b\u1ea1n \u0111\u1ed3ng \u00fd b\u1ecb r\u00e0ng bu\u1ed9c b\u1edfi c\u00e1c \u0111i\u1ec1u kho\u1ea3n n\u00e0y.<\/p><p><strong>\u0110i\u1ec1u ki\u1ec7n \u0111\u1ee7<\/strong> B\u1ea1n ph\u1ea3i \u00edt nh\u1ea5t 18 tu\u1ed5i \u0111\u1ec3 s\u1eed d\u1ee5ng trang web c\u1ee7a ch\u00fang t\u00f4i. B\u1eb1ng c\u00e1ch s\u1eed d\u1ee5ng trang web c\u1ee7a ch\u00fang t\u00f4i, b\u1ea1n x\u00e1c nh\u1eadn r\u1eb1ng b\u1ea1n \u0111\u00e1p \u1ee9ng y\u00eau c\u1ea7u v\u1ec1 \u0111\u1ed9 tu\u1ed5i n\u00e0y.<\/p><p><strong>Tr\u00e1ch nhi\u1ec7m c\u1ee7a ng\u01b0\u1eddi d\u00f9ng<\/strong><\/p><ul data-spread=\"false\"><li><p>S\u1eed d\u1ee5ng trang web m\u1ed9t c\u00e1ch h\u1ee3p ph\u00e1p v\u00e0 c\u00f3 \u0111\u1ea1o \u0111\u1ee9c.<\/p><\/li><li><p>Kh\u00f4ng truy c\u1eadp tr\u00e1i ph\u00e9p ho\u1eb7c s\u1eed d\u1ee5ng sai m\u1ee5c \u0111\u00edch c\u00e1c d\u1ecbch v\u1ee5 c\u1ee7a ch\u00fang t\u00f4i.<\/p><\/li><li><p>Cung c\u1ea5p th\u00f4ng tin ch\u00ednh x\u00e1c v\u00e0 c\u1eadp nh\u1eadt khi \u0111\u01b0\u1ee3c y\u00eau c\u1ea7u.<\/p><\/li><\/ul><p><strong>S\u1edf h\u1eefu tr\u00ed tu\u1ec7<\/strong> M\u1ecdi n\u1ed9i dung, nh\u00e3n hi\u1ec7u, logo v\u00e0 t\u00e0i li\u1ec7u tr\u00ean trang web c\u1ee7a ch\u00fang t\u00f4i \u0111\u1ec1u thu\u1ed9c s\u1edf h\u1eefu c\u1ee7a Lexamedlab ho\u1eb7c \u0111\u01b0\u1ee3c c\u1ea5p ph\u00e9p cho ch\u00fang t\u00f4i. Nghi\u00eam c\u1ea5m s\u1eed d\u1ee5ng tr\u00e1i ph\u00e9p.<\/p><p><strong>Ho\u1ea1t \u0111\u1ed9ng b\u1ecb c\u1ea5m<\/strong><\/p><ul data-spread=\"false\"><li><p>S\u1eed d\u1ee5ng trang web cho b\u1ea5t k\u1ef3 m\u1ee5c \u0111\u00edch b\u1ea5t h\u1ee3p ph\u00e1p n\u00e0o.<\/p><\/li><li><p>C\u1ed1 g\u1eafng x\u00e2m ph\u1ea1m b\u1ea3o m\u1eadt c\u1ee7a trang web.<\/p><\/li><li><p>M\u1ea1o danh b\u1ea5t k\u1ef3 c\u00e1 nh\u00e2n ho\u1eb7c t\u1ed5 ch\u1ee9c n\u00e0o.<\/p><\/li><\/ul><p><strong>Th\u00f4ng tin s\u1ea3n ph\u1ea9m v\u00e0 d\u1ecbch v\u1ee5<\/strong> Ch\u00fang t\u00f4i c\u1ed1 g\u1eafng cung c\u1ea5p th\u00f4ng tin ch\u00ednh x\u00e1c v\u1ec1 s\u1ea3n ph\u1ea9m v\u00e0 d\u1ecbch v\u1ee5 c\u1ee7a m\u00ecnh, nh\u01b0ng ch\u00fang t\u00f4i kh\u00f4ng \u0111\u1ea3m b\u1ea3o r\u1eb1ng m\u1ecdi n\u1ed9i dung \u0111\u1ec1u kh\u00f4ng c\u00f3 l\u1ed7i.<\/p><p><strong>Li\u00ean k\u1ebft c\u1ee7a b\u00ean th\u1ee9 ba<\/strong> Trang web c\u1ee7a ch\u00fang t\u00f4i c\u00f3 th\u1ec3 ch\u1ee9a c\u00e1c li\u00ean k\u1ebft \u0111\u1ebfn c\u00e1c trang web c\u1ee7a b\u00ean th\u1ee9 ba. Ch\u00fang t\u00f4i kh\u00f4ng ch\u1ecbu tr\u00e1ch nhi\u1ec7m v\u1ec1 n\u1ed9i dung ho\u1eb7c ch\u00ednh s\u00e1ch b\u1ea3o m\u1eadt c\u1ee7a h\u1ecd.<\/p><p><strong>Gi\u1edbi h\u1ea1n tr\u00e1ch nhi\u1ec7m<\/strong> Lexamedlab kh\u00f4ng ch\u1ecbu tr\u00e1ch nhi\u1ec7m cho b\u1ea5t k\u1ef3 thi\u1ec7t h\u1ea1i gi\u00e1n ti\u1ebfp, ng\u1eabu nhi\u00ean ho\u1eb7c thi\u1ec7t h\u1ea1i do h\u1eadu qu\u1ea3 ph\u00e1t sinh t\u1eeb vi\u1ec7c b\u1ea1n s\u1eed d\u1ee5ng trang web c\u1ee7a ch\u00fang t\u00f4i.<\/p><p><strong>Nh\u1eefng thay \u0111\u1ed5i \u0111\u1ed1i v\u1edbi c\u00e1c \u0111i\u1ec1u kho\u1ea3n n\u00e0y<\/strong> Ch\u00fang t\u00f4i c\u00f3 quy\u1ec1n c\u1eadp nh\u1eadt c\u00e1c \u0110i\u1ec1u kho\u1ea3n s\u1eed d\u1ee5ng n\u00e0y b\u1ea5t k\u1ef3 l\u00fac n\u00e0o. C\u00e1c thay \u0111\u1ed5i s\u1ebd \u0111\u01b0\u1ee3c \u0111\u0103ng tr\u00ean trang n\u00e0y v\u1edbi ng\u00e0y &quot;C\u1eadp nh\u1eadt l\u1ea7n cu\u1ed1i&quot; \u0111\u01b0\u1ee3c c\u1eadp nh\u1eadt.<\/p>\n\t\t\t\t\t<\/div>\n\t\t\t\t\t\t<\/div>\n\t\t\t\t<\/div>\n\t\t\t\t\t<\/div>\n\t\t\t\t<\/div>\n\t\t\t\t<\/div>","protected":false},"excerpt":{"rendered":"<p>Gi\u1edbi thi\u1ec7u Ch\u00e0o m\u1eebng b\u1ea1n \u0111\u1ebfn v\u1edbi https:\/\/lexamedlab.com\/. C\u00e1c \u0110i\u1ec1u kho\u1ea3n s\u1eed d\u1ee5ng n\u00e0y qu\u1ea3n l\u00fd vi\u1ec7c b\u1ea1n truy c\u1eadp v\u00e0 s\u1eed d\u1ee5ng trang web c\u1ee7a ch\u00fang t\u00f4i. B\u1eb1ng c\u00e1ch truy c\u1eadp<\/p>","protected":false},"author":1,"featured_media":0,"parent":0,"menu_order":0,"comment_status":"closed","ping_status":"closed","template":"","meta":{"_acf_changed":false,"footnotes":""},"class_list":["post-21261","page","type-page","status-publish","hentry"],"acf":[],"_links":{"self":[{"href":"https:\/\/lexamedlab.com\/vi\/wp-json\/wp\/v2\/pages\/21261","targetHints":{"allow":["GET"]}}],"collection":[{"href":"https:\/\/lexamedlab.com\/vi\/wp-json\/wp\/v2\/pages"}],"about":[{"href":"https:\/\/lexamedlab.com\/vi\/wp-json\/wp\/v2\/types\/page"}],"author":[{"embeddable":true,"href":"https:\/\/lexamedlab.com\/vi\/wp-json\/wp\/v2\/users\/1"}],"replies":[{"embeddable":true,"href":"https:\/\/lexamedlab.com\/vi\/wp-json\/wp\/v2\/comments?post=21261"}],"version-history":[{"count":4,"href":"https:\/\/lexamedlab.com\/vi\/wp-json\/wp\/v2\/pages\/21261\/revisions"}],"predecessor-version":[{"id":21439,"href":"https:\/\/lexamedlab.com\/vi\/wp-json\/wp\/v2\/pages\/21261\/revisions\/21439"}],"wp:attachment":[{"href":"https:\/\/lexamedlab.com\/vi\/wp-json\/wp\/v2\/media?parent=21261"}],"curies":[{"name":"wp","href":"https:\/\/api.w.org\/{rel}","templated":true}]}}