{"id":3,"date":"2025-05-07T15:05:01","date_gmt":"2025-05-07T15:05:01","guid":{"rendered":"https:\/\/lexamedlab.com\/?page_id=3"},"modified":"2025-05-10T08:06:39","modified_gmt":"2025-05-10T08:06:39","slug":"privacy-policy","status":"publish","type":"page","link":"https:\/\/lexamedlab.com\/vi\/privacy-policy\/","title":{"rendered":"Ch\u00ednh s\u00e1ch b\u1ea3o m\u1eadt"},"content":{"rendered":"<div data-elementor-type=\"wp-page\" data-elementor-id=\"3\" class=\"elementor elementor-3\" data-elementor-post-type=\"page\">\n\t\t\t\t<div class=\"wd-negative-gap elementor-element elementor-element-57f0b81d e-flex e-con-boxed e-con e-parent\" data-id=\"57f0b81d\" data-element_type=\"container\">\n\t\t\t\t\t<div class=\"e-con-inner\">\n\t\t\t\t<div class=\"elementor-element elementor-element-629844cd color-scheme-inherit text-left elementor-widget elementor-widget-text-editor\" data-id=\"629844cd\" data-element_type=\"widget\" data-widget_type=\"text-editor.default\">\n\t\t\t\t<div class=\"elementor-widget-container\">\n\t\t\t\t\t\t\t\t\t\n<p data-pm-slice=\"1 1 []\"><strong>Gi\u1edbi thi\u1ec7u<\/strong> T\u1ea1i Lexamedlab, ch\u00fang t\u00f4i cam k\u1ebft b\u1ea3o v\u1ec7 quy\u1ec1n ri\u00eang t\u01b0 c\u1ee7a b\u1ea1n. Ch\u00ednh s\u00e1ch b\u1ea3o m\u1eadt n\u00e0y gi\u1ea3i th\u00edch c\u00e1ch ch\u00fang t\u00f4i thu th\u1eadp, s\u1eed d\u1ee5ng, ti\u1ebft l\u1ed9 v\u00e0 b\u1ea3o v\u1ec7 th\u00f4ng tin c\u1ee7a b\u1ea1n khi b\u1ea1n truy c\u1eadp trang web c\u1ee7a ch\u00fang t\u00f4i <a>https:\/\/lexamedlab.com\/<\/a>.<\/p>\n<p><strong>Th\u00f4ng tin ch\u00fang t\u00f4i thu th\u1eadp<\/strong><\/p>\n<ul data-spread=\"false\">\n<li>\n<p><strong>Th\u00f4ng tin c\u00e1 nh\u00e2n:<\/strong> T\u00ean, \u0111\u1ecba ch\u1ec9 email, s\u1ed1 \u0111i\u1ec7n tho\u1ea1i v\u00e0 c\u00e1c th\u00f4ng tin li\u00ean l\u1ea1c kh\u00e1c do b\u1ea1n cung c\u1ea5p.<\/p>\n<\/li>\n<li>\n<p><strong>Th\u00f4ng tin \u0111\u01b0\u1ee3c thu th\u1eadp t\u1ef1 \u0111\u1ed9ng:<\/strong> \u0110\u1ecba ch\u1ec9 IP, lo\u1ea1i tr\u00ecnh duy\u1ec7t, h\u1ec7 \u0111i\u1ec1u h\u00e0nh, th\u1eddi gian truy c\u1eadp v\u00e0 c\u00e1c trang \u0111\u00e3 xem.<\/p>\n<\/li>\n<li>\n<p><strong>Cookie v\u00e0 C\u00f4ng ngh\u1ec7 theo d\u00f5i:<\/strong> Ch\u00fang t\u00f4i s\u1eed d\u1ee5ng cookie \u0111\u1ec3 n\u00e2ng cao tr\u1ea3i nghi\u1ec7m c\u1ee7a b\u1ea1n v\u00e0 ph\u00e2n t\u00edch vi\u1ec7c s\u1eed d\u1ee5ng trang web.<\/p>\n<\/li>\n<\/ul>\n<p><strong>Ch\u00fang t\u00f4i s\u1eed d\u1ee5ng th\u00f4ng tin c\u1ee7a b\u1ea1n nh\u01b0 th\u1ebf n\u00e0o<\/strong><\/p>\n<ul data-spread=\"false\">\n<li>\n<p>\u0110\u1ec3 cung c\u1ea5p, v\u1eadn h\u00e0nh v\u00e0 duy tr\u00ec trang web c\u1ee7a ch\u00fang t\u00f4i.<\/p>\n<\/li>\n<li>\n<p>\u0110\u1ec3 tr\u1ea3 l\u1eddi c\u00e1c c\u00e2u h\u1ecfi c\u1ee7a b\u1ea1n v\u00e0 cung c\u1ea5p h\u1ed7 tr\u1ee3 kh\u00e1ch h\u00e0ng.<\/p>\n<\/li>\n<li>\n<p>\u0110\u1ec3 g\u1eedi th\u00f4ng tin ti\u1ebfp th\u1ecb v\u00e0 qu\u1ea3ng c\u00e1o.<\/p>\n<\/li>\n<li>\n<p>\u0110\u1ec3 tu\u00e2n th\u1ee7 c\u00e1c ngh\u0129a v\u1ee5 ph\u00e1p l\u00fd.<\/p>\n<\/li>\n<\/ul>\n<p><strong>Chia s\u1ebb th\u00f4ng tin c\u1ee7a b\u1ea1n<\/strong> Ch\u00fang t\u00f4i kh\u00f4ng b\u00e1n ho\u1eb7c cho thu\u00ea th\u00f4ng tin c\u00e1 nh\u00e2n c\u1ee7a b\u1ea1n cho b\u00ean th\u1ee9 ba. Ch\u00fang t\u00f4i c\u00f3 th\u1ec3 chia s\u1ebb th\u00f4ng tin c\u1ee7a b\u1ea1n v\u1edbi c\u00e1c nh\u00e0 cung c\u1ea5p d\u1ecbch v\u1ee5 h\u1ed7 tr\u1ee3 ch\u00fang t\u00f4i trong ho\u1ea1t \u0111\u1ed9ng c\u1ee7a trang web, v\u1edbi c\u00e1c c\u01a1 quan ph\u00e1p l\u00fd khi c\u1ea7n thi\u1ebft ho\u1eb7c v\u1edbi c\u00e1c th\u1ef1c th\u1ec3 kh\u00e1c v\u1edbi s\u1ef1 \u0111\u1ed3ng \u00fd c\u1ee7a b\u1ea1n.<\/p>\n<p><strong>B\u1ea3o m\u1eadt d\u1eef li\u1ec7u<\/strong> Ch\u00fang t\u00f4i th\u1ef1c hi\u1ec7n c\u00e1c bi\u1ec7n ph\u00e1p b\u1ea3o m\u1eadt h\u1ee3p l\u00fd \u0111\u1ec3 b\u1ea3o v\u1ec7 th\u00f4ng tin c\u00e1 nh\u00e2n c\u1ee7a b\u1ea1n.<\/p>\n<p><strong>Quy\u1ec1n b\u1ea3o v\u1ec7 d\u1eef li\u1ec7u c\u1ee7a b\u1ea1n<\/strong><\/p>\n<ul data-spread=\"false\">\n<li>\n<p>Truy c\u1eadp, c\u1eadp nh\u1eadt ho\u1eb7c x\u00f3a th\u00f4ng tin c\u00e1 nh\u00e2n c\u1ee7a b\u1ea1n.<\/p>\n<\/li>\n<li>\n<p>R\u00fat l\u1ea1i s\u1ef1 \u0111\u1ed3ng \u00fd b\u1ea5t c\u1ee9 l\u00fac n\u00e0o khi ch\u00fang t\u00f4i d\u1ef1a v\u00e0o s\u1ef1 \u0111\u1ed3ng \u00fd \u0111\u00f3.<\/p>\n<\/li>\n<\/ul>\n<p><strong>Nh\u1eefng thay \u0111\u1ed5i \u0111\u1ed1i v\u1edbi Ch\u00ednh s\u00e1ch b\u1ea3o m\u1eadt n\u00e0y<\/strong> Ch\u00fang t\u00f4i c\u00f3 th\u1ec3 c\u1eadp nh\u1eadt Ch\u00ednh s\u00e1ch b\u1ea3o m\u1eadt n\u00e0y theo th\u1eddi gian. Ch\u00fang t\u00f4i s\u1ebd th\u00f4ng b\u00e1o cho b\u1ea1n v\u1ec1 b\u1ea5t k\u1ef3 thay \u0111\u1ed5i n\u00e0o b\u1eb1ng c\u00e1ch c\u1eadp nh\u1eadt ng\u00e0y &quot;C\u1eadp nh\u1eadt l\u1ea7n cu\u1ed1i&quot; c\u1ee7a ch\u00ednh s\u00e1ch n\u00e0y.<\/p>\n<p><strong>Li\u00ean h\u1ec7 v\u1edbi ch\u00fang t\u00f4i<\/strong> N\u1ebfu b\u1ea1n c\u00f3 b\u1ea5t k\u1ef3 c\u00e2u h\u1ecfi n\u00e0o v\u1ec1 Ch\u00ednh s\u00e1ch b\u1ea3o m\u1eadt n\u00e0y, vui l\u00f2ng li\u00ean h\u1ec7 v\u1edbi ch\u00fang t\u00f4i t\u1ea1i <a>support@lexamedlab.com<\/a>.<\/p>\t\t\t\t\t\t\t\t<\/div>\n\t\t\t\t<\/div>\n\t\t\t\t\t<\/div>\n\t\t\t\t<\/div>\n\t\t\t\t<\/div>","protected":false},"excerpt":{"rendered":"<p>Gi\u1edbi thi\u1ec7u T\u1ea1i Lexamedlab, ch\u00fang t\u00f4i cam k\u1ebft b\u1ea3o v\u1ec7 quy\u1ec1n ri\u00eang t\u01b0 c\u1ee7a b\u1ea1n. Ch\u00ednh s\u00e1ch quy\u1ec1n ri\u00eang t\u01b0 n\u00e0y gi\u1ea3i th\u00edch c\u00e1ch ch\u00fang t\u00f4i thu th\u1eadp, s\u1eed d\u1ee5ng, ti\u1ebft l\u1ed9 v\u00e0<\/p>","protected":false},"author":1,"featured_media":0,"parent":0,"menu_order":0,"comment_status":"closed","ping_status":"closed","template":"","meta":{"_acf_changed":false,"footnotes":""},"class_list":["post-3","page","type-page","status-publish","hentry"],"acf":[],"_links":{"self":[{"href":"https:\/\/lexamedlab.com\/vi\/wp-json\/wp\/v2\/pages\/3","targetHints":{"allow":["GET"]}}],"collection":[{"href":"https:\/\/lexamedlab.com\/vi\/wp-json\/wp\/v2\/pages"}],"about":[{"href":"https:\/\/lexamedlab.com\/vi\/wp-json\/wp\/v2\/types\/page"}],"author":[{"embeddable":true,"href":"https:\/\/lexamedlab.com\/vi\/wp-json\/wp\/v2\/users\/1"}],"replies":[{"embeddable":true,"href":"https:\/\/lexamedlab.com\/vi\/wp-json\/wp\/v2\/comments?post=3"}],"version-history":[{"count":4,"href":"https:\/\/lexamedlab.com\/vi\/wp-json\/wp\/v2\/pages\/3\/revisions"}],"predecessor-version":[{"id":21436,"href":"https:\/\/lexamedlab.com\/vi\/wp-json\/wp\/v2\/pages\/3\/revisions\/21436"}],"wp:attachment":[{"href":"https:\/\/lexamedlab.com\/vi\/wp-json\/wp\/v2\/media?parent=3"}],"curies":[{"name":"wp","href":"https:\/\/api.w.org\/{rel}","templated":true}]}}