{"id":21851,"date":"2025-05-16T15:44:52","date_gmt":"2025-05-16T15:44:52","guid":{"rendered":"https:\/\/lexamedlab.com\/?post_type=product&#038;p=21851"},"modified":"2025-05-29T06:28:15","modified_gmt":"2025-05-29T06:28:15","slug":"benchtop-low-speed-centrifuge-td-6m","status":"publish","type":"product","link":"https:\/\/lexamedlab.com\/vi\/product\/benchtop-low-speed-centrifuge-td-6m\/","title":{"rendered":"m\u00e1y ly t\u00e2m t\u1ed1c \u0111\u1ed9 th\u1ea5p \u0111\u1ec3 b\u00e0n TD-6M"},"content":{"rendered":"<div style=\"width: 1280px;\" class=\"wp-video\"><!--[if lt IE 9]><script>document.createElement('video');<\/script><![endif]-->\n<video class=\"wp-video-shortcode\" id=\"video-21851-1\" width=\"1280\" height=\"720\" preload=\"metadata\" controls=\"controls\"><source type=\"video\/mp4\" src=\"https:\/\/lexamedlab.com\/wp-content\/uploads\/2025\/05\/td-5m-low-speed-centrifuge.mp4?_=1\" \/><a href=\"https:\/\/lexamedlab.com\/wp-content\/uploads\/2025\/05\/td-5m-low-speed-centrifuge.mp4\">https:\/\/lexamedlab.com\/wp-content\/uploads\/2025\/05\/td-5m-low-speed-centrifuge.mp4<\/a><\/video><\/div>\n<p><strong><span style=\"font-family: 'times new roman', times, serif; font-size: 18pt;\">\u0110\u1eb7c tr\u01b0ng<\/span><\/strong><\/p>\n<table style=\"width: 100%; border-collapse: collapse; background-color: #35a1cc; height: 514px;\">\n<tbody>\n<tr style=\"height: 245px;\">\n<td style=\"width: 50%; height: 245px;\">\n<div>\n<div>\n<div><strong><span style=\"font-family: 'times new roman', times, serif; font-size: 18pt; color: #ffffff;\">Ch\u1ee9c n\u0103ng th\u00e2n thi\u1ec7n v\u1edbi ng\u01b0\u1eddi d\u00f9ng\u00a0<\/span><\/strong><\/div>\n<div><span style=\"font-family: 'times new roman', times, serif; font-size: 14pt; color: #ffffff;\">&gt;12 ch\u01b0\u01a1ng tr\u00ecnh do ng\u01b0\u1eddi d\u00f9ng x\u00e1c \u0111\u1ecbnh<\/span><\/div>\n<div><span style=\"font-family: 'times new roman', times, serif; font-size: 14pt; color: #ffffff;\">&gt;19 t\u1ed1c \u0111\u1ed9 t\u0103ng t\u1ed1c v\u00e0 gi\u1ea3m t\u1ed1c<\/span><\/div>\n<div><span style=\"font-family: 'times new roman', times, serif; font-size: 14pt; color: #ffffff;\">&gt;1m \u0111\u1ebfn ph\u1ea1m vi h\u1eb9n gi\u1edd 9999 ph\u00fat 59 gi\u00e2y<\/span><\/div>\n<div><span style=\"font-family: 'times new roman', times, serif; font-size: 14pt; color: #ffffff;\">&gt;M\u00e0n h\u00ecnh LCD hi\u1ec3n th\u1ecb t\u1ea5t c\u1ea3 c\u00e1c th\u00f4ng s\u1ed1 m\u1ed9t c\u00e1ch \u0111\u01a1n gi\u1ea3n v\u00e0 r\u00f5 r\u00e0ng<\/span><\/div>\n<div><span style=\"font-family: 'times new roman', times, serif; font-size: 14pt; color: #ffffff;\">&gt;RCF c\u00f3 th\u1ec3 \u0111\u01b0\u1ee3c thi\u1ebft l\u1eadp tr\u1ef1c ti\u1ebfp<\/span><\/div>\n<div><span style=\"font-family: 'times new roman', times, serif; font-size: 14pt; color: #ffffff;\">&gt;RPM v\u00e0 RCF t\u1ef1 \u0111\u1ed9ng \u1ea9n<\/span><\/div>\n<div><span style=\"font-family: 'times new roman', times, serif; font-size: 14pt; color: #ffffff;\">&gt;Ng\u01b0\u1eddi d\u00f9ng c\u00f3 th\u1ec3 thi\u1ebft l\u1eadp l\u1ea1i c\u00e1c th\u00f4ng s\u1ed1 khi r\u00f4to \u0111ang quay<\/span><\/div>\n<\/div>\n<\/div>\n<\/td>\n<td style=\"width: 50%; height: 245px;\"><img fetchpriority=\"high\" decoding=\"async\" class=\"alignnone wp-image-21843\" src=\"https:\/\/lexamedlab.com\/wp-content\/uploads\/2025\/05\/44645.webp\" alt=\"\" width=\"389\" height=\"255\" \/><\/td>\n<\/tr>\n<tr style=\"height: 269px;\">\n<td style=\"width: 50%; height: 269px;\">\n<div>\n<div>\n<div>\n<div><strong><span style=\"font-family: 'times new roman', times, serif; font-size: 18pt; color: #ffffff;\">\u0110\u1ea3m b\u1ea3o an to\u00e0n<\/span><\/strong><\/div>\n<div><span style=\"font-family: 'times new roman', times, serif; font-size: 14pt; color: #ffffff;\">&gt;\u0110i\u1ec1u khi\u1ec3n vi x\u1eed l\u00fd<\/span><\/div>\n<div><span style=\"font-family: 'times new roman', times, serif; font-size: 14pt; color: #ffffff;\">&gt;Ph\u00e1t hi\u1ec7n m\u1ea5t c\u00e2n b\u1eb1ng b\u1eb1ng con quay h\u1ed3i chuy\u1ec3n ba tr\u1ee5c<\/span><\/div>\n<div><span style=\"font-family: 'times new roman', times, serif; font-size: 14pt; color: #ffffff;\">\u00a0 \u00a0\u00a2d\u1eebng qu\u00e1 tr\u00ecnh ph\u00e2n h\u1ee7y v\u1edbi m\u00e0n h\u00ecnh hi\u1ec3n th\u1ecb l\u1ed7i<\/span><\/div>\n<div><span style=\"font-family: 'times new roman', times, serif; font-size: 14pt; color: #ffffff;\">&gt;Kh\u00f3a c\u1eeda \u0111i\u1ec7n t\u1eed c\u01a1 gi\u1edbi<\/span><\/div>\n<div><span style=\"font-family: 'times new roman', times, serif; font-size: 14pt; color: #ffffff;\">&gt;C\u1eeda kh\u00f4ng th\u1ec3 m\u1edf khi rotor \u0111ang quay<\/span><\/div>\n<div><span style=\"font-family: 'times new roman', times, serif; font-size: 14pt; color: #ffffff;\">&gt;B\u1ea3n l\u1ec1 kh\u00ed \u0111\u1ec3 ng\u0103n c\u1eeda r\u01a1i<\/span><\/div>\n<div><span style=\"font-family: 'times new roman', times, serif; font-size: 14pt; color: #ffffff;\">&gt;C\u1ed5ng trong c\u1eeda \u0111\u1ec3 hi\u1ec7u chu\u1ea9n v\u00e0 ki\u1ec3m tra ho\u1ea1t \u0111\u1ed9ng<\/span><\/div>\n<div><span style=\"font-family: 'times new roman', times, serif; font-size: 14pt; color: #ffffff;\">&gt;M\u1edf kh\u00f3a c\u1eeda kh\u1ea9n c\u1ea5p<\/span><\/div>\n<\/div>\n<\/div>\n<\/div>\n<\/td>\n<td style=\"width: 50%; height: 269px;\">\n<div>\n<div>\n<div>\n<div><span style=\"font-size: 18pt;\"><strong><span style=\"color: #ffffff; font-family: 'times new roman', times, serif;\">Linh ki\u1ec7n t\u1ed1t<\/span><\/strong><\/span><\/div>\n<div><span style=\"color: #ffffff; font-family: 'times new roman', times, serif; font-size: 14pt;\">&gt;\u0110\u1ed9ng c\u01a1: \u0110\u1ed9ng c\u01a1 t\u1ea7n s\u1ed1 thay \u0111\u1ed5i.<\/span><\/div>\n<div><span style=\"color: #ffffff; font-family: 'times new roman', times, serif; font-size: 14pt;\">\u00a0 \u00a0 \u00a0 \u00a0 \u00a0 \u00a0 \u00a0 \u00a0 ch\u1ea1y \u1ed5n \u0111\u1ecbnh, kh\u00f4ng c\u1ea7n b\u1ea3o d\u01b0\u1ee1ng, tu\u1ed5i th\u1ecd cao<\/span><\/div>\n<div><span style=\"color: #ffffff; font-family: 'times new roman', times, serif; font-size: 14pt;\">&gt;V\u1ecf: Th\u00e9p d\u00e0y v\u00e0 ch\u1eafc ch\u1eafn<\/span><\/div>\n<div><span style=\"color: #ffffff; font-family: 'times new roman', times, serif; font-size: 14pt;\">&gt;Bu\u1ed3ng: Th\u00e9p kh\u00f4ng g\u1ec9 304 c\u1ea5p th\u1ef1c ph\u1ea9m.<\/span><\/div>\n<div><span style=\"color: #ffffff; font-family: 'times new roman', times, serif; font-size: 14pt;\">\u00a0 \u00a0 \u00a0 \u00a0 \u00a0 \u00a0 \u00a0 \u00a0 ch\u1ed1ng \u0103n m\u00f2n v\u00e0 d\u1ec5 v\u1ec7 sinh<\/span><\/div>\n<div><span style=\"color: #ffffff; font-family: 'times new roman', times, serif; font-size: 14pt;\">&gt;Rotor: Rotor xoay ra ngo\u00e0i b\u1eb1ng th\u00e9p\/th\u00e9p kh\u00f4ng g\u1ec9.<\/span><\/div>\n<div><span style=\"color: #ffffff; font-family: 'times new roman', times, serif; font-size: 14pt;\">&gt;Rotor c\u00f3 th\u1ec3 h\u1ea5p ti\u1ec7t tr\u00f9ng\u00a0<\/span><\/div>\n<\/div>\n<\/div>\n<\/div>\n<\/td>\n<\/tr>\n<\/tbody>\n<\/table>\n<blockquote><p><span style=\"font-family: 'times new roman', times, serif;\"><strong><span style=\"font-size: 18pt;\">&gt;C\u00e1c lo\u1ea1i rotor c\u00f3 s\u1eb5n\u00a0 \u00a0<\/span><\/strong><\/span><\/p><\/blockquote>\n<p><img decoding=\"async\" class=\"alignnone size-full wp-image-21852\" src=\"https:\/\/lexamedlab.com\/wp-content\/uploads\/2025\/05\/td-5m-1-1-scaled.webp\" alt=\"\" width=\"2560\" height=\"639\" \/> <img decoding=\"async\" class=\"alignnone size-medium wp-image-21853\" src=\"https:\/\/lexamedlab.com\/wp-content\/uploads\/2025\/05\/td-5m-2-scaled.webp\" alt=\"\" width=\"2560\" height=\"640\" \/> <img loading=\"lazy\" decoding=\"async\" class=\"alignnone size-medium wp-image-21854\" src=\"https:\/\/lexamedlab.com\/wp-content\/uploads\/2025\/05\/td-5m-3-scaled.webp\" alt=\"\" width=\"2560\" height=\"1138\" \/> <img loading=\"lazy\" decoding=\"async\" class=\"alignnone size-medium wp-image-21855\" src=\"https:\/\/lexamedlab.com\/wp-content\/uploads\/2025\/05\/td-5m-4-1-scaled.webp\" alt=\"\" width=\"2560\" height=\"640\" \/><\/p>","protected":false},"excerpt":{"rendered":"<div class=\"editor-text-wrap\">\n<div>\n<div class=\"editor-text-wrap\">\n<p><span style=\"font-family: 'times new roman', times, serif; font-size: 14pt;\">TD-6M l\u00e0 m\u00e1y ly t\u00e2m c\u00f4ng su\u1ea5t l\u1edbn kh\u00f4ng c\u1ea7n l\u00e0m l\u1ea1nh c\u00f3 c\u00f4ng su\u1ea5t t\u1ed1i \u0111a l\u00e0 2L, ph\u00f9 h\u1ee3p v\u1edbi \u1ed1ng\/chai 0,2mL-500mL, \u1ed1ng m\u00e1u ti\u00eau chu\u1ea9n v\u00e0 microplate. Ngo\u00e0i ra, rotor c\u00f2n \u0111\u01b0\u1ee3c trang b\u1ecb n\u1eafp an to\u00e0n sinh h\u1ecdc \u0111\u1ec3 l\u1ef1a ch\u1ecdn, c\u00f3 th\u1ec3 \u0111\u00e1p \u1ee9ng c\u00e1c y\u00eau c\u1ea7u ly t\u00e2m kh\u00e1c nhau.<\/span><\/p>\n<\/div>\n<\/div>\n<ul>\n<li><span style=\"font-family: 'times new roman', times, serif; font-size: 14pt;\">T\u1ed1c \u0111\u1ed9 t\u1ed1i \u0111a\u00a0 \u00a0 \u00a0 \u00a0 \u00a0 \u00a0 \u00a0 \u00a0 \u00a0<span class=\"item-val\">6000 v\u00f2ng\/ph\u00fat<\/span><\/span><\/li>\n<li><span style=\"font-family: 'times new roman', times, serif; font-size: 14pt;\">RCF t\u1ed1i \u0111a\u00a0 \u00a0 \u00a0 \u00a0 \u00a0 \u00a0 \u00a0 \u00a0 \u00a0 \u00a0<span class=\"item-val\">5200xg<\/span><\/span><\/li>\n<li><span style=\"font-family: 'times new roman', times, serif; font-size: 14pt;\">C\u00f4ng su\u1ea5t t\u1ed1i \u0111a\u00a0 \u00a0 \u00a0 \u00a0 \u00a0 \u00a0 \u00a0<span class=\"item-val\">4x500ml<\/span><\/span><\/li>\n<li><span style=\"font-family: 'times new roman', times, serif; font-size: 14pt;\">Ph\u1ea1m vi h\u1eb9n gi\u1edd\u00a0 \u00a0 \u00a0 \u00a0 \u00a0 \u00a0 \u00a0 \u00a0<span class=\"item-val\">1m \u0111\u1ebfn 9999m59s<\/span><\/span><\/li>\n<li><span style=\"font-family: 'times new roman', times, serif; font-size: 14pt;\">\u0110\u1ed9 ch\u00ednh x\u00e1c t\u1ed1c \u0111\u1ed9\u00a0 \u00a0 \u00a0 \u00a0 \u00a0 <span class=\"item-val\">\u00b110 v\u00f2ng\/ph\u00fat<\/span><\/span><\/li>\n<li><span style=\"font-family: 'times new roman', times, serif; font-size: 14pt;\">Ti\u1ebfng \u1ed3n\u00a0 \u00a0 \u00a0 \u00a0 \u00a0 \u00a0 \u00a0 \u00a0 \u00a0 \u00a0 \u00a0 \u00a0 \u00a0 <span class=\"item-val\">\u226460dB(A)<\/span><\/span><\/li>\n<li><span style=\"font-family: 'times new roman', times, serif; font-size: 14pt;\">Ti\u00eau th\u1ee5 \u0111i\u1ec7n n\u0103ng\u00a0 \u00a0 <span class=\"item-val\">600W<\/span><\/span><\/li>\n<li><span style=\"font-family: 'times new roman', times, serif; font-size: 14pt;\">K\u00edch th\u01b0\u1edbc\u00a0 \u00a0 \u00a0 \u00a0 \u00a0 \u00a0 \u00a0 \u00a0 \u00a0 <span class=\"item-val\">550x450x390mm<\/span><\/span><\/li>\n<li><span style=\"font-family: 'times new roman', times, serif; font-size: 14pt;\">Tr\u1ecdng l\u01b0\u1ee3ng t\u1ecbnh\u00a0 \u00a0 \u00a0 \u00a0 \u00a0 \u00a0 \u00a0 \u00a0 \u00a0 <span class=\"item-val\">50kg<\/span><\/span><\/li>\n<\/ul>\n<\/div>","protected":false},"featured_media":22765,"comment_status":"open","ping_status":"closed","template":"","meta":{"_acf_changed":false},"product_brand":[],"product_cat":[20,95,80,87],"product_tag":[],"class_list":{"0":"post-21851","1":"product","2":"type-product","3":"status-publish","4":"has-post-thumbnail","6":"product_cat-all","7":"product_cat-benchtop-low-speed-centrifuge","8":"product_cat-centrifuge","9":"product_cat-low-speed-centrifuge","11":"first","12":"instock","13":"shipping-taxable","14":"product-type-simple"},"acf":[],"_links":{"self":[{"href":"https:\/\/lexamedlab.com\/vi\/wp-json\/wp\/v2\/product\/21851","targetHints":{"allow":["GET"]}}],"collection":[{"href":"https:\/\/lexamedlab.com\/vi\/wp-json\/wp\/v2\/product"}],"about":[{"href":"https:\/\/lexamedlab.com\/vi\/wp-json\/wp\/v2\/types\/product"}],"replies":[{"embeddable":true,"href":"https:\/\/lexamedlab.com\/vi\/wp-json\/wp\/v2\/comments?post=21851"}],"version-history":[{"count":3,"href":"https:\/\/lexamedlab.com\/vi\/wp-json\/wp\/v2\/product\/21851\/revisions"}],"predecessor-version":[{"id":21959,"href":"https:\/\/lexamedlab.com\/vi\/wp-json\/wp\/v2\/product\/21851\/revisions\/21959"}],"wp:featuredmedia":[{"embeddable":true,"href":"https:\/\/lexamedlab.com\/vi\/wp-json\/wp\/v2\/media\/22765"}],"wp:attachment":[{"href":"https:\/\/lexamedlab.com\/vi\/wp-json\/wp\/v2\/media?parent=21851"}],"wp:term":[{"taxonomy":"product_brand","embeddable":true,"href":"https:\/\/lexamedlab.com\/vi\/wp-json\/wp\/v2\/product_brand?post=21851"},{"taxonomy":"product_cat","embeddable":true,"href":"https:\/\/lexamedlab.com\/vi\/wp-json\/wp\/v2\/product_cat?post=21851"},{"taxonomy":"product_tag","embeddable":true,"href":"https:\/\/lexamedlab.com\/vi\/wp-json\/wp\/v2\/product_tag?post=21851"}],"curies":[{"name":"wp","href":"https:\/\/api.w.org\/{rel}","templated":true}]}}