{"id":21862,"date":"2025-05-16T16:20:53","date_gmt":"2025-05-16T16:20:53","guid":{"rendered":"https:\/\/lexamedlab.com\/?post_type=product&#038;p=21862"},"modified":"2025-05-27T15:11:37","modified_gmt":"2025-05-27T15:11:37","slug":"benchtop-low-speed-centrifuge-td-5z","status":"publish","type":"product","link":"https:\/\/lexamedlab.com\/vi\/product\/benchtop-low-speed-centrifuge-td-5z\/","title":{"rendered":"m\u00e1y ly t\u00e2m t\u1ed1c \u0111\u1ed9 th\u1ea5p \u0111\u1ec3 b\u00e0n TD-5Z"},"content":{"rendered":"<table style=\"width: 100%; border-collapse: collapse; background-color: #35a1cc;\">\n<tbody>\n<tr>\n<td style=\"width: 50%;\">\n<div><span style=\"color: #ffffff;\"><strong><span style=\"font-family: 'times new roman', times, serif; font-size: 18pt;\">Ch\u1ee9c n\u0103ng th\u00e2n thi\u1ec7n v\u1edbi ng\u01b0\u1eddi d\u00f9ng\u00a0<\/span><\/strong><\/span><\/div>\n<div><span style=\"font-family: 'times new roman', times, serif; font-size: 14pt; color: #ffffff;\">&gt;l\u00ean \u0111\u1ebfn 100 ch\u01b0\u01a1ng tr\u00ecnh do ng\u01b0\u1eddi d\u00f9ng x\u00e1c \u0111\u1ecbnh<\/span><\/div>\n<div><span style=\"font-family: 'times new roman', times, serif; font-size: 14pt; color: #ffffff;\">&gt;l\u00ean \u0111\u1ebfn 20 t\u1ed1c \u0111\u1ed9 t\u0103ng t\u1ed1c v\u00e0 gi\u1ea3m t\u1ed1c<\/span><\/div>\n<div><span style=\"font-family: 'times new roman', times, serif; font-size: 14pt; color: #ffffff;\">&gt;ph\u1ea1m vi h\u1eb9n gi\u1edd l\u00ean \u0111\u1ebfn 99h59m59s<\/span><\/div>\n<div><span style=\"font-family: 'times new roman', times, serif; font-size: 14pt; color: #ffffff;\">&gt;c\u00f3 s\u1eb5n ch\u1ebf \u0111\u1ed9 ly t\u00e2m \u0111a giai \u0111o\u1ea1n l\u00ean \u0111\u1ebfn 5 giai \u0111o\u1ea1n<\/span><\/div>\n<div><span style=\"font-family: 'times new roman', times, serif; font-size: 14pt; color: #ffffff;\">&gt;M\u00e0n h\u00ecnh LED hi\u1ec3n th\u1ecb c\u00e1c th\u00f4ng s\u1ed1 quan tr\u1ecdng<\/span><\/div>\n<div><span style=\"font-family: 'times new roman', times, serif; font-size: 14pt; color: #ffffff;\">&gt;RCF c\u00f3 th\u1ec3 \u0111\u01b0\u1ee3c thi\u1ebft l\u1eadp tr\u1ef1c ti\u1ebfp<\/span><\/div>\n<div><span style=\"font-family: 'times new roman', times, serif; font-size: 14pt; color: #ffffff;\">&gt;B\u00e0n ph\u00edm c\u1ea3m \u1ee9ng ch\u1ed1ng n\u01b0\u1edbc, m\u1ed7i th\u00f4ng s\u1ed1 \u0111\u1ec1u c\u00f3\u00a0<\/span><\/div>\n<div><span style=\"font-family: 'times new roman', times, serif; font-size: 14pt; color: #ffffff;\">\u00a0 \u00a0n\u00fat t\u01b0\u01a1ng \u1ee9ng \u0111\u1ec3 thi\u1ebft l\u1eadp<\/span><\/div>\n<div><span style=\"font-family: 'times new roman', times, serif; font-size: 14pt; color: #ffffff;\">&gt;Ng\u01b0\u1eddi d\u00f9ng c\u00f3 th\u1ec3 thi\u1ebft l\u1eadp l\u1ea1i c\u00e1c th\u00f4ng s\u1ed1 khi r\u00f4to \u0111ang quay<\/span><\/div>\n<\/td>\n<td style=\"width: 50%;\">\n<div>\n<div>\n<div><span style=\"font-size: 18pt;\"><strong><span style=\"color: #ffffff; font-family: 'times new roman', times, serif;\">\u0110\u1ea3m b\u1ea3o an to\u00e0n<\/span><\/strong><\/span><\/div>\n<div><span style=\"color: #ffffff; font-size: 14pt; font-family: 'times new roman', times, serif;\">&gt;\u0110i\u1ec1u khi\u1ec3n vi x\u1eed l\u00fd<\/span><\/div>\n<div><span style=\"color: #ffffff; font-size: 14pt; font-family: 'times new roman', times, serif;\">&gt;Kh\u00f3a c\u1eeda \u0111i\u1ec7n t\u1eed c\u01a1 gi\u1edbi<\/span><\/div>\n<div><span style=\"color: #ffffff; font-size: 14pt; font-family: 'times new roman', times, serif;\">&gt;C\u1eeda kh\u00f4ng th\u1ec3 m\u1edf khi rotor \u0111ang quay<\/span><\/div>\n<div><span style=\"color: #ffffff; font-size: 14pt; font-family: 'times new roman', times, serif;\">&gt;B\u1ea3n l\u1ec1 kh\u00ed \u0111\u1ec3 ng\u0103n c\u1eeda r\u01a1i<\/span><\/div>\n<div><span style=\"color: #ffffff; font-size: 14pt; font-family: 'times new roman', times, serif;\">&gt;C\u1ed5ng trong c\u1eeda \u0111\u1ec3 hi\u1ec7u chu\u1ea9n v\u00e0 ki\u1ec3m tra ho\u1ea1t \u0111\u1ed9ng<\/span><\/div>\n<div><span style=\"color: #ffffff; font-size: 14pt; font-family: 'times new roman', times, serif;\">&gt;M\u1edf kh\u00f3a c\u1eeda kh\u1ea9n c\u1ea5p<\/span><\/div>\n<\/div>\n<\/div>\n<\/td>\n<\/tr>\n<tr>\n<td style=\"width: 50%;\">\n<div><span style=\"font-size: 18pt;\"><strong><span style=\"font-family: 'times new roman', times, serif; color: #ffffff;\">Linh ki\u1ec7n t\u1ed1t\u00a0<\/span><\/strong><\/span><\/div>\n<div><span style=\"font-family: 'times new roman', times, serif; font-size: 14pt; color: #ffffff;\">&gt;\u0110\u1ed9ng c\u01a1: \u0110\u1ed9ng c\u01a1 t\u1ea7n s\u1ed1 thay \u0111\u1ed5i.<\/span><\/div>\n<div><span style=\"font-family: 'times new roman', times, serif; font-size: 14pt; color: #ffffff;\">\u00a0 \u00a0 \u00a0 \u00a0 \u00a0 \u00a0 \u00a0 \u00a0 ch\u1ea1y \u1ed5n \u0111\u1ecbnh, kh\u00f4ng c\u1ea7n b\u1ea3o d\u01b0\u1ee1ng, tu\u1ed5i th\u1ecd cao<\/span><\/div>\n<div><span style=\"font-family: 'times new roman', times, serif; font-size: 14pt; color: #ffffff;\">&gt;V\u1ecf: Th\u00e9p d\u00e0y v\u00e0 ch\u1eafc ch\u1eafn<\/span><\/div>\n<div><span style=\"font-family: 'times new roman', times, serif; font-size: 14pt; color: #ffffff;\">&gt;Bu\u1ed3ng: Th\u00e9p kh\u00f4ng g\u1ec9 304 c\u1ea5p th\u1ef1c ph\u1ea9m.<\/span><\/div>\n<div><span style=\"font-family: 'times new roman', times, serif; font-size: 14pt; color: #ffffff;\">\u00a0 \u00a0 \u00a0 \u00a0 \u00a0 \u00a0 \u00a0 \u00a0 ch\u1ed1ng \u0103n m\u00f2n v\u00e0 d\u1ec5 v\u1ec7 sinh<\/span><\/div>\n<div><span style=\"font-family: 'times new roman', times, serif; font-size: 14pt; color: #ffffff;\">&gt;Rotor: Rotor xoay ra ngo\u00e0i b\u1eb1ng th\u00e9p kh\u00f4ng g\u1ec9.<\/span><\/div>\n<div><span style=\"font-family: 'times new roman', times, serif; font-size: 14pt; color: #ffffff;\">&gt;Rotor c\u00f3 th\u1ec3 h\u1ea5p ti\u1ec7t tr\u00f9ng\u00a0<\/span><\/div>\n<\/td>\n<td style=\"width: 50%;\"><img fetchpriority=\"high\" decoding=\"async\" class=\"alignnone wp-image-21865\" src=\"https:\/\/lexamedlab.com\/wp-content\/uploads\/2025\/05\/control-panel-2.webp\" alt=\"\" width=\"391\" height=\"234\" \/><\/td>\n<\/tr>\n<\/tbody>\n<\/table>\n<blockquote><p><span style=\"font-family: 'times new roman', times, serif; font-size: 18pt;\"><strong>&gt;C\u00e1c lo\u1ea1i rotor c\u00f3 s\u1eb5n\u00a0 \u00a0\u00a0<\/strong><\/span><\/p><\/blockquote>\n<table style=\"border-collapse: collapse; width: 100%;\">\n<tbody>\n<tr>\n<td style=\"width: 25%;\"><img decoding=\"async\" class=\"alignnone size-full wp-image-21868\" src=\"https:\/\/lexamedlab.com\/wp-content\/uploads\/2025\/05\/4x100ml-level-1.webp\" alt=\"\" width=\"1500\" height=\"1000\" \/><\/td>\n<td style=\"width: 25%;\"><img decoding=\"async\" class=\"alignnone size-full wp-image-21869\" src=\"https:\/\/lexamedlab.com\/wp-content\/uploads\/2025\/05\/4x50ml-1.webp\" alt=\"\" width=\"1500\" height=\"1000\" \/><\/td>\n<td style=\"width: 25%;\"><img loading=\"lazy\" decoding=\"async\" class=\"alignnone size-full wp-image-21870\" src=\"https:\/\/lexamedlab.com\/wp-content\/uploads\/2025\/05\/32x15ml.webp\" alt=\"\" width=\"1500\" height=\"1000\" \/><\/td>\n<td style=\"width: 25%;\"><img loading=\"lazy\" decoding=\"async\" class=\"alignnone size-full wp-image-21871\" src=\"https:\/\/lexamedlab.com\/wp-content\/uploads\/2025\/05\/24x15ml.webp\" alt=\"\" width=\"1500\" height=\"1000\" \/><\/td>\n<\/tr>\n<tr>\n<td style=\"width: 25%;\">\n<div><span style=\"font-size: 14pt; font-family: 'times new roman', times, serif;\">Rotor: Rotor xoay ra ngo\u00e0i<\/span><\/div>\n<div><span style=\"font-size: 14pt; font-family: 'times new roman', times, serif;\">S\u1ee9c ch\u1ee9a: 4\u00d7100ml<\/span><\/div>\n<div><span style=\"font-size: 14pt; font-family: 'times new roman', times, serif;\">T\u1ed1c \u0111\u1ed9 t\u1ed1i \u0111a: 5000 v\u00f2ng\/ph\u00fat<\/span><\/div>\n<div><span style=\"font-size: 14pt; font-family: 'times new roman', times, serif;\">L\u1ef1c RCF t\u1ed1i \u0111a: 4650\u00d7g<\/span><\/div>\n<div><span style=\"font-size: 14pt; font-family: 'times new roman', times, serif;\">K\u00edch th\u01b0\u1edbc \u1ed1ng: \u03a638\u00d7114mm<\/span><\/div>\n<\/td>\n<td style=\"width: 25%;\">\n<div><span style=\"font-size: 14pt; font-family: 'times new roman', times, serif;\">Rotor: Rotor xoay ra ngo\u00e0i<\/span><\/div>\n<div><span style=\"font-size: 14pt; font-family: 'times new roman', times, serif;\">S\u1ee9c ch\u1ee9a: 4x50ml<\/span><\/div>\n<div><span style=\"font-size: 14pt; font-family: 'times new roman', times, serif;\">T\u1ed1c \u0111\u1ed9 t\u1ed1i \u0111a: 5000 v\u00f2ng\/ph\u00fat<\/span><\/div>\n<div><span style=\"font-size: 14pt; font-family: 'times new roman', times, serif;\">L\u1ef1c RCF t\u1ed1i \u0111a: 4650\u00d7g<\/span><\/div>\n<div><span style=\"font-size: 14pt; font-family: 'times new roman', times, serif;\">K\u00edch th\u01b0\u1edbc \u1ed1ng: \u03a630\u00d7116mm<\/span><\/div>\n<\/td>\n<td style=\"width: 25%;\">\n<div><span style=\"font-size: 14pt; font-family: 'times new roman', times, serif;\">Rotor: Rotor xoay ra ngo\u00e0i<\/span><\/div>\n<div><span style=\"font-size: 14pt; font-family: 'times new roman', times, serif;\">S\u1ee9c ch\u1ee9a: 32\u00d715ml<\/span><\/div>\n<div><span style=\"font-size: 14pt; font-family: 'times new roman', times, serif;\">T\u1ed1c \u0111\u1ed9 t\u1ed1i \u0111a: 4000 v\u00f2ng\/ph\u00fat<\/span><\/div>\n<div><span style=\"font-size: 14pt; font-family: 'times new roman', times, serif;\">L\u1ef1c RCF t\u1ed1i \u0111a: 2980\u00d7g<\/span><\/div>\n<div><span style=\"font-size: 14pt; font-family: 'times new roman', times, serif;\">K\u00edch th\u01b0\u1edbc \u1ed1ng: \u03a617\u00d7121mm<\/span><\/div>\n<div><span style=\"font-size: 14pt; font-family: 'times new roman', times, serif;\">C\u00f3 th\u1ec3 l\u1ef1a ch\u1ecdn b\u1ed9 chuy\u1ec3n \u0111\u1ed5i cho \u1ed1ng m\u00e1u<\/span><\/div>\n<\/td>\n<td style=\"width: 25%;\">\n<div><span style=\"font-size: 14pt; font-family: 'times new roman', times, serif;\">Rotor: Rotor xoay ra ngo\u00e0i<\/span><\/div>\n<div><span style=\"font-size: 14pt; font-family: 'times new roman', times, serif;\">S\u1ee9c ch\u1ee9a: 24\u00d715ml<\/span><\/div>\n<div><span style=\"font-size: 14pt; font-family: 'times new roman', times, serif;\">T\u1ed1c \u0111\u1ed9 t\u1ed1i \u0111a: 4000 v\u00f2ng\/ph\u00fat<\/span><\/div>\n<div><span style=\"font-size: 14pt; font-family: 'times new roman', times, serif;\">L\u1ef1c RCF t\u1ed1i \u0111a: 2980\u00d7g<\/span><\/div>\n<div><span style=\"font-size: 14pt; font-family: 'times new roman', times, serif;\">K\u00edch th\u01b0\u1edbc \u1ed1ng: \u03a617\u00d7121mm<\/span><\/div>\n<div><span style=\"font-size: 14pt; font-family: 'times new roman', times, serif;\">C\u00f3 th\u1ec3 l\u1ef1a ch\u1ecdn b\u1ed9 chuy\u1ec3n \u0111\u1ed5i cho \u1ed1ng m\u00e1u<\/span><\/div>\n<\/td>\n<\/tr>\n<tr>\n<td style=\"width: 25%;\"><img loading=\"lazy\" decoding=\"async\" class=\"alignnone size-full wp-image-21872\" src=\"https:\/\/lexamedlab.com\/wp-content\/uploads\/2025\/05\/8x50ml-level-1.webp\" alt=\"\" width=\"1500\" height=\"1000\" \/><\/td>\n<td style=\"width: 25%;\"><img loading=\"lazy\" decoding=\"async\" class=\"alignnone size-full wp-image-21873\" src=\"https:\/\/lexamedlab.com\/wp-content\/uploads\/2025\/05\/8x100ml.webp\" alt=\"\" width=\"1500\" height=\"1000\" \/><\/td>\n<td style=\"width: 25%;\"><img loading=\"lazy\" decoding=\"async\" class=\"alignnone size-full wp-image-21874\" src=\"https:\/\/lexamedlab.com\/wp-content\/uploads\/2025\/05\/48x7ml.webp\" alt=\"\" width=\"1500\" height=\"1000\" \/><\/td>\n<td style=\"width: 25%;\"><img loading=\"lazy\" decoding=\"async\" class=\"alignnone size-full wp-image-21875\" src=\"https:\/\/lexamedlab.com\/wp-content\/uploads\/2025\/05\/2x3x96-new.webp\" alt=\"\" width=\"1500\" height=\"1000\" \/><\/td>\n<\/tr>\n<tr>\n<td style=\"width: 25%;\">\n<div><span style=\"font-family: 'times new roman', times, serif; font-size: 14pt;\">Rotor: Rotor xoay ra ngo\u00e0i<\/span><\/div>\n<div><span style=\"font-family: 'times new roman', times, serif; font-size: 14pt;\">S\u1ee9c ch\u1ee9a: 8\u00d750ml<\/span><\/div>\n<div><span style=\"font-family: 'times new roman', times, serif; font-size: 14pt;\">T\u1ed1c \u0111\u1ed9 t\u1ed1i \u0111a: 4000 v\u00f2ng\/ph\u00fat<\/span><\/div>\n<div><span style=\"font-family: 'times new roman', times, serif; font-size: 14pt;\">L\u1ef1c RCF t\u1ed1i \u0111a: 2980\u00d7g<\/span><\/div>\n<div><span style=\"font-family: 'times new roman', times, serif; font-size: 14pt;\">K\u00edch th\u01b0\u1edbc \u1ed1ng: \u03a630\u00d7116mm<\/span><\/div>\n<\/td>\n<td style=\"width: 25%;\">\n<div><span style=\"font-family: 'times new roman', times, serif; font-size: 14pt;\">Rotor: Rotor xoay ra ngo\u00e0i<\/span><\/div>\n<div><span style=\"font-family: 'times new roman', times, serif; font-size: 14pt;\">S\u1ee9c ch\u1ee9a: 8\u00d7100ml<\/span><\/div>\n<div><span style=\"font-family: 'times new roman', times, serif; font-size: 14pt;\">T\u1ed1c \u0111\u1ed9 t\u1ed1i \u0111a: 4000 v\u00f2ng\/ph\u00fat<\/span><\/div>\n<div><span style=\"font-family: 'times new roman', times, serif; font-size: 14pt;\">L\u1ef1c RCF t\u1ed1i \u0111a: 2980\u00d7g<\/span><\/div>\n<div><span style=\"font-family: 'times new roman', times, serif; font-size: 14pt;\">K\u00edch th\u01b0\u1edbc \u1ed1ng: \u03a638\u00d7114mm<\/span><\/div>\n<\/td>\n<td style=\"width: 25%;\">\n<div><span style=\"font-family: 'times new roman', times, serif; font-size: 14pt;\">Rotor: Rotor xoay ra ngo\u00e0i<\/span><\/div>\n<div><span style=\"font-family: 'times new roman', times, serif; font-size: 14pt;\">S\u1ee9c ch\u1ee9a: 48\u00d72-7ml \u1ed1ng m\u00e1u<\/span><\/div>\n<div><span style=\"font-family: 'times new roman', times, serif; font-size: 14pt;\">T\u1ed1c \u0111\u1ed9 t\u1ed1i \u0111a: 4000 v\u00f2ng\/ph\u00fat<\/span><\/div>\n<div><span style=\"font-family: 'times new roman', times, serif; font-size: 14pt;\">L\u1ef1c RCF t\u1ed1i \u0111a: 2980\u00d7g<\/span><\/div>\n<div><span style=\"font-family: 'times new roman', times, serif; font-size: 14pt;\">K\u00edch th\u01b0\u1edbc \u1ed1ng: \u03a613\u00d775-100mm<\/span><\/div>\n<\/td>\n<td style=\"width: 25%;\">\n<div><span style=\"font-family: 'times new roman', times, serif; font-size: 14pt;\">Rotor: Rotor vi m\u1ea1ch<\/span><\/div>\n<div><span style=\"font-family: 'times new roman', times, serif; font-size: 14pt;\">S\u1ee9c ch\u1ee9a: 2\u00d73\u00d796 t\u1ea5m gi\u1ebfng<\/span><\/div>\n<div><span style=\"font-family: 'times new roman', times, serif; font-size: 14pt;\">T\u1ed1c \u0111\u1ed9 t\u1ed1i \u0111a: 4300 v\u00f2ng\/ph\u00fat<\/span><\/div>\n<div><span style=\"font-family: 'times new roman', times, serif; font-size: 14pt;\">L\u1ef1c RCF t\u1ed1i \u0111a: 2274\u00d7g<\/span><\/div>\n<div><span style=\"font-family: 'times new roman', times, serif; font-size: 14pt;\">t\u1ed1i \u0111a: 128\u00d787\u00d760mm<\/span><\/div>\n<\/td>\n<\/tr>\n<\/tbody>\n<\/table>","protected":false},"excerpt":{"rendered":"<div>\n<p><span style=\"font-family: 'times new roman', times, serif; font-size: 14pt;\">TD-5Z l\u00e0 m\u00e1y ly t\u00e2m \u0111\u1ec3 b\u00e0n cho \u1ee9ng d\u1ee5ng chung. N\u00f3 c\u00f3 th\u1ec3 ph\u00f9 h\u1ee3p v\u1edbi \u1ed1ng 15ml, 50ml, 100ml, \u0111\u1ed1i v\u1edbi \u1ed1ng 15ml, n\u00f3 c\u00f3 th\u1ec3 ch\u1ea1y 32 \u1ed1ng c\u00f9ng m\u1ed9t l\u00fac. M\u00e1y ly t\u00e2m c\u00f3 m\u1ed9t rotor xoay ra d\u00e0nh ri\u00eang cho 48 \u1ed1ng l\u1ea5y m\u00e1u ch\u00e2n kh\u00f4ng 13mm. Ngo\u00e0i ra c\u00f2n c\u00f3 m\u1ed9t rotor microplate cho \u0111\u0129a 96 gi\u1ebfng.<\/span><\/p>\n<\/div>\n<ul>\n<li><span style=\"font-family: 'times new roman', times, serif; font-size: 14pt;\">T\u1ed1c \u0111\u1ed9 t\u1ed1i \u0111a\u00a0 \u00a0 \u00a0 \u00a0 \u00a0 \u00a0 \u00a0 \u00a0 \u00a0 \u00a0<span class=\"item-val\">5000 v\u00f2ng\/ph\u00fat<\/span><\/span><\/li>\n<li><span style=\"font-family: 'times new roman', times, serif; font-size: 14pt;\">RCF t\u1ed1i \u0111a\u00a0 \u00a0 \u00a0 \u00a0 \u00a0 \u00a0 \u00a0 \u00a0 \u00a0 \u00a0 <span class=\"item-val\">4650xg<\/span><\/span><\/li>\n<li><span style=\"font-family: 'times new roman', times, serif; font-size: 14pt;\">C\u00f4ng su\u1ea5t t\u1ed1i \u0111a\u00a0 \u00a0 \u00a0 \u00a0 \u00a0 \u00a0 \u00a0 <span class=\"item-val\">8x100ml<\/span><\/span><\/li>\n<li><span style=\"font-family: 'times new roman', times, serif; font-size: 14pt;\">Ph\u1ea1m vi h\u1eb9n gi\u1edd\u00a0 \u00a0 \u00a0 \u00a0 \u00a0 \u00a0 \u00a0 \u00a0 <span class=\"item-val\">1 gi\u00e2y \u0111\u1ebfn 99h59m59s<\/span><\/span><\/li>\n<li><span style=\"font-family: 'times new roman', times, serif; font-size: 14pt;\">\u0110\u1ed9 ch\u00ednh x\u00e1c t\u1ed1c \u0111\u1ed9\u00a0 \u00a0 \u00a0 \u00a0 \u00a0 \u00a0<span class=\"item-val\">\u00b110 v\u00f2ng\/ph\u00fat<\/span><\/span><\/li>\n<li><span style=\"font-family: 'times new roman', times, serif; font-size: 14pt;\">Ti\u1ebfng \u1ed3n\u00a0 \u00a0 \u00a0 \u00a0 \u00a0 \u00a0 \u00a0 \u00a0 \u00a0 \u00a0 \u00a0 \u00a0 \u00a0 \u00a0<span class=\"item-val\">\u226460dB(A)<\/span><\/span><\/li>\n<li><span style=\"font-family: 'times new roman', times, serif; font-size: 14pt;\">Ti\u00eau th\u1ee5 \u0111i\u1ec7n n\u0103ng\u00a0 \u00a0 <span class=\"item-val\">500W<\/span><\/span><\/li>\n<li><span style=\"font-family: 'times new roman', times, serif; font-size: 14pt;\">K\u00edch th\u01b0\u1edbc\u00a0 \u00a0 \u00a0 \u00a0 \u00a0 \u00a0 \u00a0 \u00a0 \u00a0 <span class=\"item-val\">550x430x350mm<\/span><\/span><\/li>\n<li><span style=\"font-family: 'times new roman', times, serif; font-size: 14pt;\">Tr\u1ecdng l\u01b0\u1ee3ng t\u1ecbnh\u00a0 \u00a0 \u00a0 \u00a0 \u00a0 \u00a0 \u00a0 \u00a0 \u00a0<span class=\"item-val\">39kg<\/span><\/span><\/li>\n<\/ul>","protected":false},"featured_media":21863,"comment_status":"open","ping_status":"closed","template":"","meta":{"_acf_changed":false},"product_brand":[],"product_cat":[20,95,80,87],"product_tag":[],"class_list":{"0":"post-21862","1":"product","2":"type-product","3":"status-publish","4":"has-post-thumbnail","6":"product_cat-all","7":"product_cat-benchtop-low-speed-centrifuge","8":"product_cat-centrifuge","9":"product_cat-low-speed-centrifuge","11":"first","12":"instock","13":"shipping-taxable","14":"product-type-simple"},"acf":[],"_links":{"self":[{"href":"https:\/\/lexamedlab.com\/vi\/wp-json\/wp\/v2\/product\/21862","targetHints":{"allow":["GET"]}}],"collection":[{"href":"https:\/\/lexamedlab.com\/vi\/wp-json\/wp\/v2\/product"}],"about":[{"href":"https:\/\/lexamedlab.com\/vi\/wp-json\/wp\/v2\/types\/product"}],"replies":[{"embeddable":true,"href":"https:\/\/lexamedlab.com\/vi\/wp-json\/wp\/v2\/comments?post=21862"}],"version-history":[{"count":3,"href":"https:\/\/lexamedlab.com\/vi\/wp-json\/wp\/v2\/product\/21862\/revisions"}],"predecessor-version":[{"id":21956,"href":"https:\/\/lexamedlab.com\/vi\/wp-json\/wp\/v2\/product\/21862\/revisions\/21956"}],"wp:featuredmedia":[{"embeddable":true,"href":"https:\/\/lexamedlab.com\/vi\/wp-json\/wp\/v2\/media\/21863"}],"wp:attachment":[{"href":"https:\/\/lexamedlab.com\/vi\/wp-json\/wp\/v2\/media?parent=21862"}],"wp:term":[{"taxonomy":"product_brand","embeddable":true,"href":"https:\/\/lexamedlab.com\/vi\/wp-json\/wp\/v2\/product_brand?post=21862"},{"taxonomy":"product_cat","embeddable":true,"href":"https:\/\/lexamedlab.com\/vi\/wp-json\/wp\/v2\/product_cat?post=21862"},{"taxonomy":"product_tag","embeddable":true,"href":"https:\/\/lexamedlab.com\/vi\/wp-json\/wp\/v2\/product_tag?post=21862"}],"curies":[{"name":"wp","href":"https:\/\/api.w.org\/{rel}","templated":true}]}}