{"id":21885,"date":"2025-05-17T02:30:49","date_gmt":"2025-05-17T02:30:49","guid":{"rendered":"https:\/\/lexamedlab.com\/?post_type=product&#038;p=21885"},"modified":"2025-05-27T15:11:37","modified_gmt":"2025-05-27T15:11:37","slug":"benchtop-low-speed-medical-clinical-blood-tube-centrifuge-td-400","status":"publish","type":"product","link":"https:\/\/lexamedlab.com\/vi\/product\/benchtop-low-speed-medical-clinical-blood-tube-centrifuge-td-400\/","title":{"rendered":"M\u00e1y ly t\u00e2m \u1ed1ng m\u00e1u y t\u1ebf l\u00e2m s\u00e0ng t\u1ed1c \u0111\u1ed9 th\u1ea5p \u0111\u1ec3 b\u00e0n TD-400"},"content":{"rendered":"<div style=\"width: 1280px;\" class=\"wp-video\"><!--[if lt IE 9]><script>document.createElement('video');<\/script><![endif]-->\n<video class=\"wp-video-shortcode\" id=\"video-21885-1\" width=\"1280\" height=\"720\" preload=\"metadata\" controls=\"controls\"><source type=\"video\/mp4\" src=\"https:\/\/lexamedlab.com\/wp-content\/uploads\/2025\/05\/td-400-blood-tube-centrifuge.mp4?_=1\" \/><a href=\"https:\/\/lexamedlab.com\/wp-content\/uploads\/2025\/05\/td-400-blood-tube-centrifuge.mp4\">https:\/\/lexamedlab.com\/wp-content\/uploads\/2025\/05\/td-400-blood-tube-centrifuge.mp4<\/a><\/video><\/div>\n<blockquote><p><span style=\"font-family: 'times new roman', times, serif; font-size: 18pt;\"><strong>&gt;T\u00ednh n\u0103ng<\/strong><\/span><\/p><\/blockquote>\n<table style=\"width: 100%; border-collapse: collapse; background-color: #35a1cc;\">\n<tbody>\n<tr>\n<td style=\"width: 50%;\">\n<div>&gt;M\u00e0n h\u00ecnh LED hi\u1ec3n th\u1ecb RPM\/RCF v\u00e0 Th\u1eddi gian<\/div>\n<div>&gt;RCF c\u00f3 th\u1ec3 \u0111\u01b0\u1ee3c thi\u1ebft l\u1eadp tr\u1ef1c ti\u1ebfp<\/div>\n<div>&gt;Ph\u1ea1m vi h\u1eb9n gi\u1edd t\u1eeb 1 ph\u00fat \u0111\u1ebfn 99 ph\u00fat<\/div>\n<div>&gt;Ng\u01b0\u1eddi d\u00f9ng c\u00f3 th\u1ec3 thi\u1ebft l\u1eadp l\u1ea1i c\u00e1c th\u00f4ng s\u1ed1 khi r\u00f4to \u0111ang quay<\/div>\n<div>&gt;\u0110\u1ed9ng c\u01a1 bi\u1ebfn t\u1ea7n<\/div>\n<div>&gt;Kh\u00f3a c\u1eeda \u0111i\u1ec7n t\u1eed \u0111\u1ea3m b\u1ea3o an to\u00e0n<\/div>\n<div>&gt;V\u1ecf th\u00e9p; bu\u1ed3ng th\u00e9p kh\u00f4ng g\u1ec9 304<\/div>\n<div>&gt;Rotor g\u00f3c c\u1ed1 \u0111\u1ecbnh b\u1eb1ng h\u1ee3p kim nh\u00f4m c\u00f3 th\u1ec3 kh\u1eed tr\u00f9ng b\u1eb1ng h\u01a1i n\u01b0\u1edbc<\/div>\n<div>&gt;T\u01b0\u01a1ng th\u00edch v\u1edbi \u1ed1ng m\u00e1u 13mm v\u00e0 16mm<\/div>\n<div>&gt;C\u00f3 th\u1ec3 ch\u1ea1y 24 \u1ed1ng c\u00f9ng m\u1ed9t l\u00fac<\/div>\n<\/td>\n<td style=\"width: 50%;\"><img decoding=\"async\" class=\"alignnone wp-image-21887\" src=\"https:\/\/lexamedlab.com\/wp-content\/uploads\/2025\/05\/24x10ml.webp\" alt=\"\" width=\"225\" height=\"184\" \/><\/td>\n<\/tr>\n<\/tbody>\n<\/table>","protected":false},"excerpt":{"rendered":"<div>\n<p><span style=\"font-family: 'times new roman', times, serif; font-size: 14pt;\">TD-400 l\u00e0 m\u00e1y ly t\u00e2m nh\u1ecf v\u1edbi rotor g\u00f3c c\u1ed1 \u0111\u1ecbnh \u0111\u01b0\u1ee3c ph\u00e1t tri\u1ec3n \u0111\u1eb7c bi\u1ec7t cho m\u1ee5c \u0111\u00edch y t\u1ebf ho\u1eb7c l\u00e2m s\u00e0ng. M\u00e1y c\u00f3 th\u1ec3 ly t\u00e2m 24 \u1ed1ng m\u00e1u c\u00f3 th\u1ec3 t\u00edch l\u00ean \u0111\u1ebfn 10 ml \u1edf t\u1ed1c \u0111\u1ed9 t\u1ed1i \u0111a 4.200 v\u00f2ng\/ph\u00fat \/ 2.680 RCF.\u00a0<\/span><\/p>\n<\/div>\n<ul>\n<li><span style=\"font-family: 'times new roman', times, serif; font-size: 14pt;\">T\u1ed1c \u0111\u1ed9 t\u1ed1i \u0111a\u00a0 \u00a0 \u00a0 \u00a0 \u00a0 \u00a0 \u00a0 \u00a0 \u00a0 \u00a0<span class=\"item-val\">4200 v\u00f2ng\/ph\u00fat<\/span><\/span><\/li>\n<li><span style=\"font-family: 'times new roman', times, serif; font-size: 14pt;\">RCF t\u1ed1i \u0111a\u00a0 \u00a0 \u00a0 \u00a0 \u00a0 \u00a0 \u00a0 \u00a0 \u00a0 \u00a0 \u00a0<span class=\"item-val\">2680xg<\/span><\/span><\/li>\n<li><span style=\"font-family: 'times new roman', times, serif; font-size: 14pt;\">C\u00f4ng su\u1ea5t t\u1ed1i \u0111a\u00a0 \u00a0 \u00a0 \u00a0 \u00a0 \u00a0 \u00a0 \u00a0<span class=\"item-val\">\u1ed0ng m\u00e1u 24*10ml<\/span><\/span><\/li>\n<li><span style=\"font-family: 'times new roman', times, serif; font-size: 14pt;\">Ph\u1ea1m vi h\u1eb9n gi\u1edd\u00a0 \u00a0 \u00a0 \u00a0 \u00a0 \u00a0 \u00a0 \u00a0 \u00a0<span class=\"item-val\">1m \u0111\u1ebfn 99m<\/span><\/span><\/li>\n<li><span style=\"font-family: 'times new roman', times, serif; font-size: 14pt;\">\u0110\u1ed9 ch\u00ednh x\u00e1c t\u1ed1c \u0111\u1ed9\u00a0 \u00a0 \u00a0 \u00a0 \u00a0 \u00a0 <span class=\"item-val\">\u00b120 v\u00f2ng\/ph\u00fat<\/span><\/span><\/li>\n<li><span style=\"font-family: 'times new roman', times, serif; font-size: 14pt;\">Ti\u1ebfng \u1ed3n\u00a0 \u00a0 \u00a0 \u00a0 \u00a0 \u00a0 \u00a0 \u00a0 \u00a0 \u00a0 \u00a0 \u00a0 \u00a0 \u00a0<span class=\"item-val\">\u226460dB(A)<\/span><\/span><\/li>\n<li><span style=\"font-family: 'times new roman', times, serif; font-size: 14pt;\">Ti\u00eau th\u1ee5 \u0111i\u1ec7n n\u0103ng\u00a0 \u00a0 \u00a0<span class=\"item-val\">250W<\/span><\/span><\/li>\n<li><span style=\"font-family: 'times new roman', times, serif; font-size: 14pt;\">K\u00edch th\u01b0\u1edbc\u00a0 \u00a0 \u00a0 \u00a0 \u00a0 \u00a0 \u00a0 \u00a0 \u00a0 \u00a0<span class=\"item-val\">410x300x260mm<\/span><\/span><\/li>\n<li><span style=\"font-family: 'times new roman', times, serif; font-size: 14pt;\">Tr\u1ecdng l\u01b0\u1ee3ng t\u1ecbnh\u00a0 \u00a0 \u00a0 \u00a0 \u00a0 \u00a0 \u00a0 \u00a0 \u00a0 \u00a0<span class=\"item-val\">17kg<\/span><\/span><\/li>\n<\/ul>","protected":false},"featured_media":21889,"comment_status":"open","ping_status":"closed","template":"","meta":{"_acf_changed":false},"product_brand":[],"product_cat":[20,95,80,87],"product_tag":[],"class_list":{"0":"post-21885","1":"product","2":"type-product","3":"status-publish","4":"has-post-thumbnail","6":"product_cat-all","7":"product_cat-benchtop-low-speed-centrifuge","8":"product_cat-centrifuge","9":"product_cat-low-speed-centrifuge","11":"first","12":"instock","13":"shipping-taxable","14":"product-type-simple"},"acf":[],"_links":{"self":[{"href":"https:\/\/lexamedlab.com\/vi\/wp-json\/wp\/v2\/product\/21885","targetHints":{"allow":["GET"]}}],"collection":[{"href":"https:\/\/lexamedlab.com\/vi\/wp-json\/wp\/v2\/product"}],"about":[{"href":"https:\/\/lexamedlab.com\/vi\/wp-json\/wp\/v2\/types\/product"}],"replies":[{"embeddable":true,"href":"https:\/\/lexamedlab.com\/vi\/wp-json\/wp\/v2\/comments?post=21885"}],"version-history":[{"count":2,"href":"https:\/\/lexamedlab.com\/vi\/wp-json\/wp\/v2\/product\/21885\/revisions"}],"predecessor-version":[{"id":21953,"href":"https:\/\/lexamedlab.com\/vi\/wp-json\/wp\/v2\/product\/21885\/revisions\/21953"}],"wp:featuredmedia":[{"embeddable":true,"href":"https:\/\/lexamedlab.com\/vi\/wp-json\/wp\/v2\/media\/21889"}],"wp:attachment":[{"href":"https:\/\/lexamedlab.com\/vi\/wp-json\/wp\/v2\/media?parent=21885"}],"wp:term":[{"taxonomy":"product_brand","embeddable":true,"href":"https:\/\/lexamedlab.com\/vi\/wp-json\/wp\/v2\/product_brand?post=21885"},{"taxonomy":"product_cat","embeddable":true,"href":"https:\/\/lexamedlab.com\/vi\/wp-json\/wp\/v2\/product_cat?post=21885"},{"taxonomy":"product_tag","embeddable":true,"href":"https:\/\/lexamedlab.com\/vi\/wp-json\/wp\/v2\/product_tag?post=21885"}],"curies":[{"name":"wp","href":"https:\/\/api.w.org\/{rel}","templated":true}]}}