{"id":21893,"date":"2025-05-17T02:45:24","date_gmt":"2025-05-17T02:45:24","guid":{"rendered":"https:\/\/lexamedlab.com\/?post_type=product&#038;p=21893"},"modified":"2025-05-27T15:11:37","modified_gmt":"2025-05-27T15:11:37","slug":"benchtop-low-speed-medical-blood-tube-centrifuge-td-4z","status":"publish","type":"product","link":"https:\/\/lexamedlab.com\/vi\/product\/benchtop-low-speed-medical-blood-tube-centrifuge-td-4z\/","title":{"rendered":"M\u00e1y ly t\u00e2m \u1ed1ng m\u00e1u y t\u1ebf t\u1ed1c \u0111\u1ed9 th\u1ea5p \u0111\u1ec3 b\u00e0n TD-4Z"},"content":{"rendered":"<div style=\"width: 1280px;\" class=\"wp-video\"><!--[if lt IE 9]><script>document.createElement('video');<\/script><![endif]-->\n<video class=\"wp-video-shortcode\" id=\"video-21893-1\" width=\"1280\" height=\"720\" preload=\"metadata\" controls=\"controls\"><source type=\"video\/mp4\" src=\"https:\/\/lexamedlab.com\/wp-content\/uploads\/2025\/05\/td-4z-low-speed-centrifuge.mp4?_=1\" \/><a href=\"https:\/\/lexamedlab.com\/wp-content\/uploads\/2025\/05\/td-4z-low-speed-centrifuge.mp4\">https:\/\/lexamedlab.com\/wp-content\/uploads\/2025\/05\/td-4z-low-speed-centrifuge.mp4<\/a><\/video><\/div>\n<table style=\"width: 100%; border-collapse: collapse; background-color: #35a1cc;\">\n<tbody>\n<tr>\n<td style=\"width: 50%;\">\n<div>&gt;M\u00e0n h\u00ecnh LED hi\u1ec3n th\u1ecb RPM\/RCF v\u00e0 Th\u1eddi gian<\/div>\n<div>&gt;RCF c\u00f3 th\u1ec3 \u0111\u01b0\u1ee3c thi\u1ebft l\u1eadp tr\u1ef1c ti\u1ebfp<\/div>\n<div>&gt;Ph\u1ea1m vi h\u1eb9n gi\u1edd t\u1eeb 1 ph\u00fat \u0111\u1ebfn 99 ph\u00fat<\/div>\n<div>&gt;Ng\u01b0\u1eddi d\u00f9ng c\u00f3 th\u1ec3 thi\u1ebft l\u1eadp l\u1ea1i c\u00e1c th\u00f4ng s\u1ed1 khi r\u00f4to \u0111ang quay<\/div>\n<div>&gt;\u0110\u1ed9ng c\u01a1 bi\u1ebfn t\u1ea7n<\/div>\n<div>&gt;Kh\u00f3a c\u1eeda \u0111i\u1ec7n t\u1eed \u0111\u1ea3m b\u1ea3o an to\u00e0n<\/div>\n<div>&gt;V\u1ecf th\u00e9p; bu\u1ed3ng th\u00e9p kh\u00f4ng g\u1ec9 304<\/div>\n<div>&gt;Rotor g\u00f3c c\u1ed1 \u0111\u1ecbnh b\u1eb1ng h\u1ee3p kim nh\u00f4m c\u00f3 th\u1ec3 kh\u1eed tr\u00f9ng b\u1eb1ng h\u01a1i n\u01b0\u1edbc<\/div>\n<div>&gt;T\u01b0\u01a1ng th\u00edch v\u1edbi \u1ed1ng m\u00e1u v\u00e0 \u1ed1ng 15ml\/50ml<\/div>\n<div>&gt;C\u00f3 th\u1ec3 ch\u1ea1y 12 \u1ed1ng c\u00f9ng m\u1ed9t l\u00fac<\/div>\n<\/td>\n<td style=\"width: 50%;\">\u00a0\u00a0<img fetchpriority=\"high\" decoding=\"async\" class=\"alignnone wp-image-21899\" src=\"https:\/\/lexamedlab.com\/wp-content\/uploads\/2025\/05\/4x50.webp\" alt=\"\" width=\"264\" height=\"232\" \/><\/td>\n<\/tr>\n<tr>\n<td style=\"width: 50%;\"><img decoding=\"async\" class=\"alignnone wp-image-21900\" src=\"https:\/\/lexamedlab.com\/wp-content\/uploads\/2025\/05\/12x7.webp\" alt=\"\" width=\"325\" height=\"266\" \/><\/td>\n<td style=\"width: 50%;\"><img decoding=\"async\" class=\"alignnone wp-image-21901\" src=\"https:\/\/lexamedlab.com\/wp-content\/uploads\/2025\/05\/12x15.webp\" alt=\"\" width=\"282\" height=\"244\" \/><\/td>\n<\/tr>\n<\/tbody>\n<\/table>","protected":false},"excerpt":{"rendered":"<div>\n<p><span style=\"font-family: 'times new roman', times, serif; font-size: 14pt;\">TD-4Z l\u00e0 m\u00e1y ly t\u00e2m th\u1ef1c t\u1ebf cho c\u00e1c ph\u00f2ng th\u00ed nghi\u1ec7m v\u00e0 ph\u00f2ng kh\u00e1m nh\u1ecf. Roto g\u00f3c c\u1ed1 \u0111\u1ecbnh ti\u00eau chu\u1ea9n 12x20ml \u0111\u01b0\u1ee3c bao g\u1ed3m \u0111\u1ec3 ch\u1ee9a nhi\u1ec1u \u1ed1ng m\u00e1u v\u00e0 \u1ed1ng 15ml<\/span><\/p>\n<\/div>\n<ul>\n<li><span style=\"font-family: 'times new roman', times, serif; font-size: 14pt;\">T\u1ed1c \u0111\u1ed9 t\u1ed1i \u0111a\u00a0 \u00a0 \u00a0 \u00a0 \u00a0 \u00a0 \u00a0 \u00a0 \u00a0<span class=\"item-val\">4200 v\u00f2ng\/ph\u00fat<\/span><\/span><\/li>\n<li><span style=\"font-family: 'times new roman', times, serif; font-size: 14pt;\">RCF t\u1ed1i \u0111a\u00a0 \u00a0 \u00a0 \u00a0 \u00a0 \u00a0 \u00a0 \u00a0 \u00a0 \u00a0<span class=\"item-val\">2680xg<\/span><\/span><\/li>\n<li><span style=\"font-family: 'times new roman', times, serif; font-size: 14pt;\">C\u00f4ng su\u1ea5t t\u1ed1i \u0111a\u00a0 \u00a0 \u00a0 \u00a0 \u00a0 \u00a0 \u00a0 <span class=\"item-val\">12*20ml<\/span><\/span><\/li>\n<li><span style=\"font-family: 'times new roman', times, serif; font-size: 14pt;\">Ph\u1ea1m vi h\u1eb9n gi\u1edd\u00a0 \u00a0 \u00a0 \u00a0 \u00a0 \u00a0 \u00a0 \u00a0 <span class=\"item-val\">1m \u0111\u1ebfn 99m<\/span><\/span><\/li>\n<li><span style=\"font-family: 'times new roman', times, serif; font-size: 14pt;\">\u0110\u1ed9 ch\u00ednh x\u00e1c t\u1ed1c \u0111\u1ed9\u00a0 \u00a0 \u00a0 \u00a0 \u00a0 \u00a0<span class=\"item-val\">\u00b120 v\u00f2ng\/ph\u00fat<\/span><\/span><\/li>\n<li><span style=\"font-family: 'times new roman', times, serif; font-size: 14pt;\">Ti\u1ebfng \u1ed3n\u00a0 \u00a0 \u00a0 \u00a0 \u00a0 \u00a0 \u00a0 \u00a0 \u00a0 \u00a0 \u00a0 \u00a0 \u00a0 \u00a0<span class=\"item-val\">\u226460dB(A)<\/span><\/span><\/li>\n<li><span style=\"font-family: 'times new roman', times, serif; font-size: 14pt;\">Ti\u00eau th\u1ee5 \u0111i\u1ec7n n\u0103ng\u00a0 \u00a0 \u00a0<span class=\"item-val\">250W<\/span><\/span><\/li>\n<li><span style=\"font-family: 'times new roman', times, serif; font-size: 14pt;\">K\u00edch th\u01b0\u1edbc\u00a0 \u00a0 \u00a0 \u00a0 \u00a0 \u00a0 \u00a0 \u00a0 \u00a0 \u00a0<span class=\"item-val\">440x340x290mm<\/span><\/span><\/li>\n<li><span style=\"font-family: 'times new roman', times, serif; font-size: 14pt;\">Tr\u1ecdng l\u01b0\u1ee3ng t\u1ecbnh\u00a0 \u00a0 \u00a0 \u00a0 \u00a0 \u00a0 \u00a0 \u00a0 \u00a0 \u00a0<span class=\"item-val\">17kg<\/span><\/span><\/li>\n<\/ul>","protected":false},"featured_media":21897,"comment_status":"open","ping_status":"closed","template":"","meta":{"_acf_changed":false},"product_brand":[],"product_cat":[20,95,80,87],"product_tag":[],"class_list":{"0":"post-21893","1":"product","2":"type-product","3":"status-publish","4":"has-post-thumbnail","6":"product_cat-all","7":"product_cat-benchtop-low-speed-centrifuge","8":"product_cat-centrifuge","9":"product_cat-low-speed-centrifuge","11":"first","12":"instock","13":"shipping-taxable","14":"product-type-simple"},"acf":[],"_links":{"self":[{"href":"https:\/\/lexamedlab.com\/vi\/wp-json\/wp\/v2\/product\/21893","targetHints":{"allow":["GET"]}}],"collection":[{"href":"https:\/\/lexamedlab.com\/vi\/wp-json\/wp\/v2\/product"}],"about":[{"href":"https:\/\/lexamedlab.com\/vi\/wp-json\/wp\/v2\/types\/product"}],"replies":[{"embeddable":true,"href":"https:\/\/lexamedlab.com\/vi\/wp-json\/wp\/v2\/comments?post=21893"}],"version-history":[{"count":1,"href":"https:\/\/lexamedlab.com\/vi\/wp-json\/wp\/v2\/product\/21893\/revisions"}],"predecessor-version":[{"id":21902,"href":"https:\/\/lexamedlab.com\/vi\/wp-json\/wp\/v2\/product\/21893\/revisions\/21902"}],"wp:featuredmedia":[{"embeddable":true,"href":"https:\/\/lexamedlab.com\/vi\/wp-json\/wp\/v2\/media\/21897"}],"wp:attachment":[{"href":"https:\/\/lexamedlab.com\/vi\/wp-json\/wp\/v2\/media?parent=21893"}],"wp:term":[{"taxonomy":"product_brand","embeddable":true,"href":"https:\/\/lexamedlab.com\/vi\/wp-json\/wp\/v2\/product_brand?post=21893"},{"taxonomy":"product_cat","embeddable":true,"href":"https:\/\/lexamedlab.com\/vi\/wp-json\/wp\/v2\/product_cat?post=21893"},{"taxonomy":"product_tag","embeddable":true,"href":"https:\/\/lexamedlab.com\/vi\/wp-json\/wp\/v2\/product_tag?post=21893"}],"curies":[{"name":"wp","href":"https:\/\/api.w.org\/{rel}","templated":true}]}}