{"id":21941,"date":"2025-05-19T03:05:23","date_gmt":"2025-05-19T03:05:23","guid":{"rendered":"https:\/\/lexamedlab.com\/?post_type=product&#038;p=21941"},"modified":"2025-05-27T15:11:37","modified_gmt":"2025-05-27T15:11:37","slug":"floor-standing-low-speed-large-capacity-centrifuge-machine-dd-4000","status":"publish","type":"product","link":"https:\/\/lexamedlab.com\/vi\/product\/floor-standing-low-speed-large-capacity-centrifuge-machine-dd-4000\/","title":{"rendered":"M\u00e1y ly t\u00e2m c\u00f4ng su\u1ea5t l\u1edbn t\u1ed1c \u0111\u1ed9 th\u1ea5p \u0111\u1eb7t s\u00e0n DD-4000"},"content":{"rendered":"<blockquote><p><span style=\"font-family: 'times new roman', times, serif; font-size: 18pt;\"><strong>&gt;T\u00ednh n\u0103ng<\/strong><\/span><\/p><\/blockquote>\n<table style=\"width: 100%; border-collapse: collapse; background-color: #35a1cc;\">\n<tbody>\n<tr>\n<td style=\"width: 50%;\">\n<div><span style=\"color: #ffffff;\"><strong><span style=\"font-family: 'times new roman', times, serif; font-size: 18pt;\">Ch\u1ee9c n\u0103ng th\u00e2n thi\u1ec7n v\u1edbi ng\u01b0\u1eddi d\u00f9ng\u00a0<\/span><\/strong><\/span><\/div>\n<div><span style=\"color: #ffffff; font-family: 'times new roman', times, serif; font-size: 14pt;\">&gt;12 ch\u01b0\u01a1ng tr\u00ecnh do ng\u01b0\u1eddi d\u00f9ng x\u00e1c \u0111\u1ecbnh<\/span><\/div>\n<div><span style=\"color: #ffffff; font-family: 'times new roman', times, serif; font-size: 14pt;\">&gt;40 t\u1ed1c \u0111\u1ed9 t\u0103ng t\u1ed1c v\u00e0 gi\u1ea3m t\u1ed1c<\/span><\/div>\n<div><span style=\"color: #ffffff; font-family: 'times new roman', times, serif; font-size: 14pt;\">&gt;1 ph\u00fat \u0111\u1ebfn ph\u1ea1m vi h\u1eb9n gi\u1edd 99 gi\u1edd 59 ph\u00fat<\/span><\/div>\n<div><span style=\"color: #ffffff; font-family: 'times new roman', times, serif; font-size: 14pt;\">&gt;M\u00e0n h\u00ecnh LCD &amp; LED hi\u1ec3n th\u1ecb th\u00f4ng s\u1ed1 \u0111\u01a1n gi\u1ea3n v\u00e0 r\u00f5 r\u00e0ng<\/span><\/div>\n<div><span style=\"color: #ffffff; font-family: 'times new roman', times, serif; font-size: 14pt;\">&gt;B\u00e0n ph\u00edm c\u1ea3m \u1ee9ng ch\u1ed1ng n\u01b0\u1edbc, m\u1ed7i th\u00f4ng s\u1ed1 \u0111\u1ec1u c\u00f3\u00a0<\/span><\/div>\n<div><span style=\"color: #ffffff; font-family: 'times new roman', times, serif; font-size: 14pt;\">\u00a0 \u00a0n\u00fat t\u01b0\u01a1ng \u1ee9ng \u0111\u1ec3 thi\u1ebft l\u1eadp<\/span><\/div>\n<div><span style=\"color: #ffffff; font-family: 'times new roman', times, serif; font-size: 14pt;\">&gt;RCF c\u00f3 th\u1ec3 \u0111\u01b0\u1ee3c thi\u1ebft l\u1eadp tr\u1ef1c ti\u1ebfp. RPM\/RCF chuy\u1ec3n \u0111\u1ed5i t\u1ef1 \u0111\u1ed9ng<\/span><\/div>\n<div><span style=\"color: #ffffff; font-family: 'times new roman', times, serif; font-size: 14pt;\">&gt;Ng\u01b0\u1eddi d\u00f9ng c\u00f3 th\u1ec3 thi\u1ebft l\u1eadp l\u1ea1i c\u00e1c th\u00f4ng s\u1ed1 khi r\u00f4to \u0111ang quay\u00a0<\/span><\/div>\n<\/td>\n<td style=\"width: 50%;\">\n<div><span style=\"font-family: 'times new roman', times, serif; font-size: 18pt; color: #ffffff;\"><strong>Linh ki\u1ec7n t\u1ed1t<\/strong><\/span><\/div>\n<div><span style=\"color: #ffffff; font-family: 'times new roman', times, serif; font-size: 14pt;\">&gt;\u0110\u1ed9ng c\u01a1: \u0110\u1ed9ng c\u01a1 t\u1ea7n s\u1ed1 thay \u0111\u1ed5i.<\/span><\/div>\n<div><span style=\"color: #ffffff; font-family: 'times new roman', times, serif; font-size: 14pt;\">\u00a0 \u00a0ch\u1ea1y \u1ed5n \u0111\u1ecbnh, kh\u00f4ng c\u1ea7n b\u1ea3o d\u01b0\u1ee1ng, tu\u1ed5i th\u1ecd cao<\/span><\/div>\n<div><span style=\"color: #ffffff; font-family: 'times new roman', times, serif; font-size: 14pt;\">&gt;V\u1ecf: Th\u00e9p d\u00e0y v\u00e0 ch\u1eafc ch\u1eafn<\/span><\/div>\n<div><span style=\"color: #ffffff; font-family: 'times new roman', times, serif; font-size: 14pt;\">&gt;Bu\u1ed3ng: Th\u00e9p kh\u00f4ng g\u1ec9 304 c\u1ea5p th\u1ef1c ph\u1ea9m.<\/span><\/div>\n<div><span style=\"color: #ffffff; font-family: 'times new roman', times, serif; font-size: 14pt;\">\u00a0 \u00a0ch\u1ed1ng \u0103n m\u00f2n v\u00e0 d\u1ec5 v\u1ec7 sinh<\/span><\/div>\n<div><span style=\"color: #ffffff; font-family: 'times new roman', times, serif; font-size: 14pt;\">&gt;Rotor: Rotor xoay ra ngo\u00e0i b\u1eb1ng th\u00e9p\/th\u00e9p kh\u00f4ng g\u1ec9.<\/span><\/div>\n<div><span style=\"color: #ffffff; font-family: 'times new roman', times, serif; font-size: 14pt;\">&gt;Rotor c\u00f3 th\u1ec3 h\u1ea5p ti\u1ec7t tr\u00f9ng\u00a0<\/span><\/div>\n<\/td>\n<\/tr>\n<tr>\n<td style=\"width: 50%;\">\n<div><span style=\"font-family: 'times new roman', times, serif; font-size: 18pt; color: #ffffff;\">\u0110\u1ea3m b\u1ea3o an to\u00e0n\u00a0<\/span><\/div>\n<div><span style=\"font-family: 'times new roman', times, serif; font-size: 14pt; color: #ffffff;\">&gt;Ph\u00e1t hi\u1ec7n m\u1ea5t c\u00e2n b\u1eb1ng b\u1eb1ng con quay h\u1ed3i chuy\u1ec3n ba tr\u1ee5c<\/span><\/div>\n<div><span style=\"font-family: 'times new roman', times, serif; font-size: 14pt; color: #ffffff;\">&gt;\u0110i\u1ec1u khi\u1ec3n vi x\u1eed l\u00fd<\/span><\/div>\n<div><span style=\"font-family: 'times new roman', times, serif; font-size: 14pt; color: #ffffff;\">&gt;Kh\u00f3a c\u1eeda \u0111i\u1ec7n t\u1eed c\u01a1 gi\u1edbi<\/span><\/div>\n<div><span style=\"font-family: 'times new roman', times, serif; font-size: 14pt; color: #ffffff;\">&gt;C\u1eeda kh\u00f4ng th\u1ec3 m\u1edf khi rotor \u0111ang quay<\/span><\/div>\n<div><span style=\"font-family: 'times new roman', times, serif; font-size: 14pt; color: #ffffff;\">&gt;B\u1ea3n l\u1ec1 kh\u00ed \u0111\u1ec3 ng\u0103n c\u1eeda r\u01a1i<\/span><\/div>\n<div><span style=\"font-family: 'times new roman', times, serif; font-size: 14pt; color: #ffffff;\">&gt;C\u1ed5ng trong c\u1eeda \u0111\u1ec3 hi\u1ec7u chu\u1ea9n v\u00e0 ki\u1ec3m tra ho\u1ea1t \u0111\u1ed9ng<\/span><\/div>\n<div><span style=\"font-family: 'times new roman', times, serif; font-size: 14pt; color: #ffffff;\">&gt;M\u1edf kh\u00f3a c\u1eeda kh\u1ea9n c\u1ea5p<\/span><\/div>\n<div><span style=\"font-family: 'times new roman', times, serif; font-size: 14pt; color: #ffffff;\">&gt;Nhi\u1ec1u bi\u1ec7n ph\u00e1p b\u1ea3o v\u1ec7 kh\u00e1c nhau \u0111\u1ec3 \u0111\u1ea3m b\u1ea3o ly t\u00e2m an to\u00e0n<\/span><\/div>\n<\/td>\n<td style=\"width: 50%;\"><img fetchpriority=\"high\" decoding=\"async\" class=\"alignnone wp-image-21944\" src=\"https:\/\/lexamedlab.com\/wp-content\/uploads\/2025\/05\/6x500ml.webp\" alt=\"\" width=\"390\" height=\"260\" \/><\/td>\n<\/tr>\n<\/tbody>\n<\/table>\n<blockquote><p><strong><span style=\"font-size: 18pt; font-family: 'times new roman', times, serif;\">&gt;C\u00e1c lo\u1ea1i rotor c\u00f3 s\u1eb5n<\/span><\/strong><\/p><\/blockquote>\n<table style=\"width: 100%; border-collapse: collapse; background-color: #35a1cc; height: 144px;\">\n<tbody>\n<tr style=\"height: 24px;\">\n<td style=\"width: 25%; height: 24px;\"><img decoding=\"async\" class=\"alignnone size-full wp-image-21948\" src=\"https:\/\/lexamedlab.com\/wp-content\/uploads\/2025\/05\/4x1000ml-swing-out-rotor.webp\" alt=\"\" width=\"1500\" height=\"1000\" \/><\/td>\n<td style=\"width: 25%; height: 24px;\"><img decoding=\"async\" class=\"alignnone size-full wp-image-21949\" src=\"https:\/\/lexamedlab.com\/wp-content\/uploads\/2025\/05\/6x500ml-1.webp\" alt=\"\" width=\"1500\" height=\"1000\" \/><\/td>\n<td style=\"width: 25%; height: 24px;\"><img loading=\"lazy\" decoding=\"async\" class=\"alignnone size-full wp-image-21950\" src=\"https:\/\/lexamedlab.com\/wp-content\/uploads\/2025\/05\/4x500ml-1.webp\" alt=\"\" width=\"1500\" height=\"1000\" \/><\/td>\n<td style=\"width: 25%; height: 24px;\"><img loading=\"lazy\" decoding=\"async\" class=\"alignnone size-full wp-image-21951\" src=\"https:\/\/lexamedlab.com\/wp-content\/uploads\/2025\/05\/6x250ml.webp\" alt=\"\" width=\"1500\" height=\"1000\" \/><\/td>\n<\/tr>\n<tr style=\"height: 120px;\">\n<td style=\"width: 25%; height: 120px;\">\n<div>Rotor: Rotor xoay ra ngo\u00e0i<\/div>\n<div>S\u1ee9c ch\u1ee9a: 4\u00d71000ml<\/div>\n<div>T\u1ed1c \u0111\u1ed9 t\u1ed1i \u0111a: 3600 v\u00f2ng\/ph\u00fat<\/div>\n<div>L\u1ef1c RCF t\u1ed1i \u0111a: 3280\u00d7g<\/div>\n<div>K\u00edch th\u01b0\u1edbc \u1ed1ng: \u03a6100\u00d7175mm<\/div>\n<\/td>\n<td style=\"width: 25%; height: 120px;\">\n<div>Rotor: Rotor xoay ra ngo\u00e0i<\/div>\n<div>S\u1ee9c ch\u1ee9a: 6\u00d7500ml<\/div>\n<div>T\u1ed1c \u0111\u1ed9 t\u1ed1i \u0111a: 3600 v\u00f2ng\/ph\u00fat<\/div>\n<div>L\u1ef1c RCF t\u1ed1i \u0111a: 3031\u00d7g<\/div>\n<div>K\u00edch th\u01b0\u1edbc \u1ed1ng: \u03a680\u00d7137mm<\/div>\n<\/td>\n<td style=\"width: 25%; height: 120px;\">\n<div>Rotor: Rotor xoay ra ngo\u00e0i<\/div>\n<div>S\u1ee9c ch\u1ee9a: 4\u00d7500ml<\/div>\n<div>T\u1ed1c \u0111\u1ed9 t\u1ed1i \u0111a: 4000 v\u00f2ng\/ph\u00fat<\/div>\n<div>L\u1ef1c RCF t\u1ed1i \u0111a: 3221\u00d7g<\/div>\n<div>K\u00edch th\u01b0\u1edbc \u1ed1ng: \u03a680\u00d7137mm<\/div>\n<\/td>\n<td style=\"width: 25%; height: 120px;\">\n<section id=\"sectionIdzg6j8d7\" class=\"section-generalimgtext-wrap-block section-block-demo159-generalimgtext1\" data-section=\"section\" data-screen=\"screen-full\">\n<div class=\"layout sc-block-items aos-init aos-animate\" data-unable=\"demo159-application\" data-aos=\"fadeInUp\" data-aos-duration=\"600\">\n<div class=\"block-item sc-block-item\">\n<div>\n<div>\n<div>Rotor: Rotor xoay ra ngo\u00e0i<\/div>\n<div>S\u1ee9c ch\u1ee9a: 6\u00d7250ml<\/div>\n<div>T\u1ed1c \u0111\u1ed9 t\u1ed1i \u0111a: 4000 v\u00f2ng\/ph\u00fat<\/div>\n<div>L\u1ef1c RCF t\u1ed1i \u0111a: 3581\u00d7g<\/div>\n<div>K\u00edch th\u01b0\u1edbc \u1ed1ng: \u03a663\u00d7111mm<\/div>\n<\/div>\n<\/div>\n<\/div>\n<\/div>\n<\/section>\n<\/td>\n<\/tr>\n<\/tbody>\n<\/table>","protected":false},"excerpt":{"rendered":"<div><span style=\"font-family: 'times new roman', times, serif; font-size: 14pt;\">DD-4000 l\u00e0 m\u00e1y ly t\u00e2m c\u00f4ng su\u1ea5t l\u1edbn t\u1ed1c \u0111\u1ed9 th\u1ea5p \u0111\u1eb7t tr\u00ean s\u00e0n. N\u00f3 c\u00f3 th\u1ec3 l\u1eafp rotor xoay thay \u0111\u1ed5i cho c\u00e1c \u1ed1ng kh\u00e1c nhau, c\u00f4ng su\u1ea5t t\u1ed1i \u0111a l\u00e0 4*1000ml.<\/span><\/div>\n<ul>\n<li><span style=\"font-family: 'times new roman', times, serif; font-size: 14pt;\">T\u1ed1c \u0111\u1ed9 t\u1ed1i \u0111a\u00a0 \u00a0 \u00a0 \u00a0 \u00a0 <span class=\"item-val\">4000 v\u00f2ng\/ph\u00fat<\/span><\/span><\/li>\n<li><span style=\"font-family: 'times new roman', times, serif; font-size: 14pt;\">RCF t\u1ed1i \u0111a\u00a0 \u00a0 \u00a0 \u00a0 \u00a0 \u00a0 <span class=\"item-val\">3580Xg<\/span><\/span><\/li>\n<li><span style=\"font-family: 'times new roman', times, serif; font-size: 14pt;\">C\u00f4ng su\u1ea5t t\u1ed1i \u0111a\u00a0 \u00a0 \u00a0 <span class=\"item-val\">4*1000ml<\/span><\/span><\/li>\n<li><span style=\"font-family: 'times new roman', times, serif; font-size: 14pt;\">\u0110\u1ed9ng c\u01a1<span class=\"item-val\">\u0110\u1ed9ng c\u01a1 t\u1ea7n s\u1ed1 thay \u0111\u1ed5i<\/span><\/span><\/li>\n<li><span style=\"font-family: 'times new roman', times, serif; font-size: 14pt;\">\u0110\u1ed9 ch\u00ednh x\u00e1c t\u1ed1c \u0111\u1ed9\u00a0 \u00a0<span class=\"item-val\">\u00b110 v\u00f2ng\/ph\u00fat<\/span><\/span><\/li>\n<li><span style=\"font-family: 'times new roman', times, serif; font-size: 14pt;\">C\u00e2n n\u1eb7ng\u00a0 \u00a0 \u00a0 \u00a0 \u00a0 \u00a0 \u00a0 \u00a0 \u00a0 <span class=\"item-val\">128KG<\/span><\/span><\/li>\n<\/ul>","protected":false},"featured_media":21945,"comment_status":"open","ping_status":"closed","template":"","meta":{"_acf_changed":false},"product_brand":[],"product_cat":[20,80,96,87],"product_tag":[],"class_list":{"0":"post-21941","1":"product","2":"type-product","3":"status-publish","4":"has-post-thumbnail","6":"product_cat-all","7":"product_cat-centrifuge","8":"product_cat-floorstanding-low-speed-centrifuge","9":"product_cat-low-speed-centrifuge","11":"first","12":"instock","13":"shipping-taxable","14":"product-type-simple"},"acf":[],"_links":{"self":[{"href":"https:\/\/lexamedlab.com\/vi\/wp-json\/wp\/v2\/product\/21941","targetHints":{"allow":["GET"]}}],"collection":[{"href":"https:\/\/lexamedlab.com\/vi\/wp-json\/wp\/v2\/product"}],"about":[{"href":"https:\/\/lexamedlab.com\/vi\/wp-json\/wp\/v2\/types\/product"}],"replies":[{"embeddable":true,"href":"https:\/\/lexamedlab.com\/vi\/wp-json\/wp\/v2\/comments?post=21941"}],"version-history":[{"count":1,"href":"https:\/\/lexamedlab.com\/vi\/wp-json\/wp\/v2\/product\/21941\/revisions"}],"predecessor-version":[{"id":21952,"href":"https:\/\/lexamedlab.com\/vi\/wp-json\/wp\/v2\/product\/21941\/revisions\/21952"}],"wp:featuredmedia":[{"embeddable":true,"href":"https:\/\/lexamedlab.com\/vi\/wp-json\/wp\/v2\/media\/21945"}],"wp:attachment":[{"href":"https:\/\/lexamedlab.com\/vi\/wp-json\/wp\/v2\/media?parent=21941"}],"wp:term":[{"taxonomy":"product_brand","embeddable":true,"href":"https:\/\/lexamedlab.com\/vi\/wp-json\/wp\/v2\/product_brand?post=21941"},{"taxonomy":"product_cat","embeddable":true,"href":"https:\/\/lexamedlab.com\/vi\/wp-json\/wp\/v2\/product_cat?post=21941"},{"taxonomy":"product_tag","embeddable":true,"href":"https:\/\/lexamedlab.com\/vi\/wp-json\/wp\/v2\/product_tag?post=21941"}],"curies":[{"name":"wp","href":"https:\/\/api.w.org\/{rel}","templated":true}]}}