{"id":22076,"date":"2025-05-20T06:18:32","date_gmt":"2025-05-20T06:18:32","guid":{"rendered":"https:\/\/lexamedlab.com\/?post_type=product&#038;p=22076"},"modified":"2025-05-27T15:11:37","modified_gmt":"2025-05-27T15:11:37","slug":"benchtop-high-speed-centrifuge-tg-15","status":"publish","type":"product","link":"https:\/\/lexamedlab.com\/vi\/product\/benchtop-high-speed-centrifuge-tg-15\/","title":{"rendered":"M\u00e1y ly t\u00e2m t\u1ed1c \u0111\u1ed9 cao \u0111\u1ec3 b\u00e0n TG-15"},"content":{"rendered":"<div style=\"width: 1280px;\" class=\"wp-video\"><!--[if lt IE 9]><script>document.createElement('video');<\/script><![endif]-->\n<video class=\"wp-video-shortcode\" id=\"video-22076-1\" width=\"1280\" height=\"720\" preload=\"metadata\" controls=\"controls\"><source type=\"video\/mp4\" src=\"https:\/\/lexamedlab.com\/wp-content\/uploads\/2025\/05\/9e02e2a0-bccf-4385-92c3-bacc289448ef-h264-hd.mp4?_=1\" \/><a href=\"https:\/\/lexamedlab.com\/wp-content\/uploads\/2025\/05\/9e02e2a0-bccf-4385-92c3-bacc289448ef-h264-hd.mp4\">https:\/\/lexamedlab.com\/wp-content\/uploads\/2025\/05\/9e02e2a0-bccf-4385-92c3-bacc289448ef-h264-hd.mp4<\/a><\/video><\/div>\n<table style=\"width: 100%; border-collapse: collapse; background-color: #35a1cc; height: 24px;\">\n<tbody>\n<tr style=\"height: 24px;\">\n<td style=\"width: 50%; height: 24px;\">\n<div><span style=\"color: #ffffff; font-size: 14pt; font-family: 'times new roman', times, serif;\">&gt;12 ch\u01b0\u01a1ng tr\u00ecnh do ng\u01b0\u1eddi d\u00f9ng x\u00e1c \u0111\u1ecbnh<\/span><\/div>\n<div><span style=\"color: #ffffff; font-size: 14pt; font-family: 'times new roman', times, serif;\">&gt;10 t\u1ed1c \u0111\u1ed9 t\u0103ng t\u1ed1c v\u00e0 gi\u1ea3m t\u1ed1c<\/span><\/div>\n<div><span style=\"color: #ffffff; font-size: 14pt; font-family: 'times new roman', times, serif;\">&gt;M\u00e0n h\u00ecnh LED hi\u1ec3n th\u1ecb RPM\/RCF v\u00e0 Th\u1eddi gian<\/span><\/div>\n<div><span style=\"color: #ffffff; font-size: 14pt; font-family: 'times new roman', times, serif;\">&gt;RCF c\u00f3 th\u1ec3 \u0111\u01b0\u1ee3c thi\u1ebft l\u1eadp tr\u1ef1c ti\u1ebfp<\/span><\/div>\n<div><span style=\"color: #ffffff; font-size: 14pt; font-family: 'times new roman', times, serif;\">&gt;1 ph\u00fat \u0111\u1ebfn 99 ph\u00fat 59 gi\u00e2y ph\u1ea1m vi h\u1eb9n gi\u1edd<\/span><\/div>\n<div><span style=\"color: #ffffff; font-size: 14pt; font-family: 'times new roman', times, serif;\">&gt;Ng\u01b0\u1eddi d\u00f9ng c\u00f3 th\u1ec3 thi\u1ebft l\u1eadp l\u1ea1i c\u00e1c th\u00f4ng s\u1ed1 khi r\u00f4to \u0111ang quay<\/span><\/div>\n<div><span style=\"color: #ffffff; font-size: 14pt; font-family: 'times new roman', times, serif;\">&gt;\u0110\u1ed9ng c\u01a1 bi\u1ebfn t\u1ea7n<\/span><\/div>\n<div><span style=\"color: #ffffff; font-size: 14pt; font-family: 'times new roman', times, serif;\">&gt;\u0110i\u1ec1u khi\u1ec3n vi x\u1eed l\u00fd<\/span><\/div>\n<div><span style=\"color: #ffffff; font-size: 14pt; font-family: 'times new roman', times, serif;\">&gt;Kh\u00f3a n\u1eafp \u0111i\u1ec7n t\u1eed, \u0111\u01b0\u1ee3c \u0111i\u1ec1u khi\u1ec3n b\u1edfi \u0111\u1ed9ng c\u01a1 \u0111\u1ed9c l\u1eadp\u00a0<\/span><\/div>\n<div><span style=\"color: #ffffff; font-size: 14pt; font-family: 'times new roman', times, serif;\">&gt;V\u1ecf th\u00e9p; bu\u1ed3ng th\u00e9p kh\u00f4ng g\u1ec9 304<\/span><\/div>\n<\/td>\n<td style=\"width: 50%; height: 24px;\"><img fetchpriority=\"high\" decoding=\"async\" class=\"alignnone  wp-image-22078\" src=\"https:\/\/lexamedlab.com\/wp-content\/uploads\/2025\/05\/img_3788-scaled.webp\" alt=\"\" width=\"375\" height=\"250\" \/><\/td>\n<\/tr>\n<\/tbody>\n<\/table>\n<p><span style=\"font-family: 'times new roman', times, serif;\"><strong><span style=\"font-size: 18pt;\">&gt;&gt;C\u00e1c lo\u1ea1i rotor c\u00f3 s\u1eb5n<\/span><\/strong><\/span><\/p>\n<table style=\"border-collapse: collapse; width: 100%;\">\n<tbody>\n<tr>\n<td style=\"width: 33.3333%;\"><img decoding=\"async\" class=\"alignnone size-full wp-image-22079\" src=\"https:\/\/lexamedlab.com\/wp-content\/uploads\/2025\/05\/24x1-5ml-card-cap.webp\" alt=\"\" width=\"1500\" height=\"1000\" \/><\/td>\n<td style=\"width: 33.3333%;\"><img decoding=\"async\" class=\"alignnone size-full wp-image-22080\" src=\"https:\/\/lexamedlab.com\/wp-content\/uploads\/2025\/05\/4x-8x0-2ml.webp\" alt=\"\" width=\"1500\" height=\"1000\" \/><\/td>\n<td style=\"width: 33.3333%;\"><img loading=\"lazy\" decoding=\"async\" class=\"alignnone size-full wp-image-22081\" src=\"https:\/\/lexamedlab.com\/wp-content\/uploads\/2025\/05\/12x5ml-3.webp\" alt=\"\" width=\"1500\" height=\"1000\" \/><\/td>\n<\/tr>\n<tr>\n<td style=\"width: 33.3333%;\">\n<div>Rotor: Rotor g\u00f3c c\u1ed1 \u0111\u1ecbnh<\/div>\n<div>S\u1ee9c ch\u1ee9a: 24\u00d71.5\/2.2ml<\/div>\n<div>T\u1ed1c \u0111\u1ed9 t\u1ed1i \u0111a: 15000 v\u00f2ng\/ph\u00fat<\/div>\n<div>L\u1ef1c RCF t\u1ed1i \u0111a: 21630\u00d7g<\/div>\n<div>K\u00edch th\u01b0\u1edbc \u1ed1ng: \u03a611x42mm<\/div>\n<\/td>\n<td style=\"width: 33.3333%;\">\n<div>Rotor: Rotor g\u00f3c c\u1ed1 \u0111\u1ecbnh<\/div>\n<div>S\u1ee9c ch\u1ee9a: 4\u00d70.2ml d\u1ea3i PCR<\/div>\n<div>T\u1ed1c \u0111\u1ed9 t\u1ed1i \u0111a: 15000 v\u00f2ng\/ph\u00fat<\/div>\n<div>L\u1ef1c RCF t\u1ed1i \u0111a: 19600\u00d7g<\/div>\n<\/td>\n<td style=\"width: 33.3333%;\">\n<div>Rotor: Rotor g\u00f3c c\u1ed1 \u0111\u1ecbnh<\/div>\n<div>S\u1ee9c ch\u1ee9a: 12x5ml<\/div>\n<div>T\u1ed1c \u0111\u1ed9 t\u1ed1i \u0111a: 15000 v\u00f2ng\/ph\u00fat<\/div>\n<div>L\u1ef1c RCF t\u1ed1i \u0111a: 18240\u00d7g<\/div>\n<div>K\u00edch th\u01b0\u1edbc \u1ed1ng: \u03a614x54mm<\/div>\n<\/td>\n<\/tr>\n<\/tbody>\n<\/table>","protected":false},"excerpt":{"rendered":"<div>\n<p><span style=\"font-size: 14pt; font-family: 'times new roman', times, serif;\">M\u00e1y ly t\u00e2m dung t\u00edch si\u00eau nh\u1ecf t\u1ed1c \u0111\u1ed9 cao \u0111\u1ec3 b\u00e0n TG-15 c\u00f3 ba rotor \u0111\u1ea7u c\u1ed1 \u0111\u1ecbnh: 12*5ml, 24*1,5ml\/2,2ml v\u00e0 32*0,2ml (ho\u1eb7c 4 d\u1ea3i pcr). M\u00e1y s\u1eed d\u1ee5ng \u0111\u1ed9ng c\u01a1 t\u1ea7n s\u1ed1 thay \u0111\u1ed5i v\u00e0 c\u00f3 th\u1ec3 l\u01b0u tr\u1eef 12 ch\u01b0\u01a1ng tr\u00ecnh.<\/span><\/p>\n<\/div>\n<ul>\n<li><span style=\"font-size: 14pt; font-family: 'times new roman', times, serif;\">T\u1ed1c \u0111\u1ed9 t\u1ed1i \u0111a\u00a0 \u00a0 \u00a0 \u00a0 \u00a0 \u00a0 \u00a0 \u00a0 \u00a0 <span class=\"item-val\">15000 v\u00f2ng\/ph\u00fat<\/span><\/span><\/li>\n<li><span style=\"font-size: 14pt; font-family: 'times new roman', times, serif;\">RCF t\u1ed1i \u0111a\u00a0 \u00a0 \u00a0 \u00a0 \u00a0 \u00a0 \u00a0 \u00a0 \u00a0 \u00a0 <span class=\"item-val\">21630xg<\/span><\/span><\/li>\n<li><span style=\"font-size: 14pt; font-family: 'times new roman', times, serif;\">C\u00f4ng su\u1ea5t t\u1ed1i \u0111a\u00a0 \u00a0 \u00a0 \u00a0 \u00a0 \u00a0 \u00a0 <span class=\"item-val\">12*5ml<\/span><\/span><\/li>\n<li><span style=\"font-size: 14pt; font-family: 'times new roman', times, serif;\">Ph\u1ea1m vi h\u1eb9n gi\u1edd\u00a0 \u00a0 \u00a0 \u00a0 \u00a0 \u00a0 \u00a0 \u00a0 <span class=\"item-val\">1m \u0111\u1ebfn 99m59s<\/span><\/span><\/li>\n<li><span style=\"font-size: 14pt; font-family: 'times new roman', times, serif;\">\u0110\u1ed9 ch\u00ednh x\u00e1c t\u1ed1c \u0111\u1ed9\u00a0 \u00a0 \u00a0 \u00a0 \u00a0 \u00a0<span class=\"item-val\">\u00b120 v\u00f2ng\/ph\u00fat<\/span><\/span><\/li>\n<li><span style=\"font-size: 14pt; font-family: 'times new roman', times, serif;\">Ti\u1ebfng \u1ed3n\u00a0 \u00a0 \u00a0 \u00a0 \u00a0 \u00a0 \u00a0 \u00a0 \u00a0 \u00a0 \u00a0 \u00a0 \u00a0 \u00a0<span class=\"item-val\">\u226458dB(A)<\/span><\/span><\/li>\n<li><span style=\"font-size: 14pt; font-family: 'times new roman', times, serif;\">Ti\u00eau th\u1ee5 \u0111i\u1ec7n n\u0103ng\u00a0 \u00a0 \u00a0<span class=\"item-val\">500W<\/span><\/span><\/li>\n<li><span style=\"font-size: 14pt; font-family: 'times new roman', times, serif;\">K\u00edch th\u01b0\u1edbc\u00a0 \u00a0 \u00a0 \u00a0 \u00a0 \u00a0 \u00a0 \u00a0 \u00a0 \u00a0<span class=\"item-val\">410x300x260mm<\/span><\/span><\/li>\n<li><span style=\"font-size: 14pt; font-family: 'times new roman', times, serif;\">Tr\u1ecdng l\u01b0\u1ee3ng t\u1ecbnh\u00a0 \u00a0 \u00a0 \u00a0 \u00a0 \u00a0 \u00a0 \u00a0 \u00a0 \u00a0<span class=\"item-val\">18kg<\/span><\/span><\/li>\n<\/ul>","protected":false},"featured_media":22082,"comment_status":"open","ping_status":"closed","template":"","meta":{"_acf_changed":false},"product_brand":[],"product_cat":[20,80,88],"product_tag":[],"class_list":{"0":"post-22076","1":"product","2":"type-product","3":"status-publish","4":"has-post-thumbnail","6":"product_cat-all","7":"product_cat-centrifuge","8":"product_cat-high-speed-centrifuge","10":"first","11":"instock","12":"shipping-taxable","13":"product-type-simple"},"acf":[],"_links":{"self":[{"href":"https:\/\/lexamedlab.com\/vi\/wp-json\/wp\/v2\/product\/22076","targetHints":{"allow":["GET"]}}],"collection":[{"href":"https:\/\/lexamedlab.com\/vi\/wp-json\/wp\/v2\/product"}],"about":[{"href":"https:\/\/lexamedlab.com\/vi\/wp-json\/wp\/v2\/types\/product"}],"replies":[{"embeddable":true,"href":"https:\/\/lexamedlab.com\/vi\/wp-json\/wp\/v2\/comments?post=22076"}],"version-history":[{"count":2,"href":"https:\/\/lexamedlab.com\/vi\/wp-json\/wp\/v2\/product\/22076\/revisions"}],"predecessor-version":[{"id":22524,"href":"https:\/\/lexamedlab.com\/vi\/wp-json\/wp\/v2\/product\/22076\/revisions\/22524"}],"wp:featuredmedia":[{"embeddable":true,"href":"https:\/\/lexamedlab.com\/vi\/wp-json\/wp\/v2\/media\/22082"}],"wp:attachment":[{"href":"https:\/\/lexamedlab.com\/vi\/wp-json\/wp\/v2\/media?parent=22076"}],"wp:term":[{"taxonomy":"product_brand","embeddable":true,"href":"https:\/\/lexamedlab.com\/vi\/wp-json\/wp\/v2\/product_brand?post=22076"},{"taxonomy":"product_cat","embeddable":true,"href":"https:\/\/lexamedlab.com\/vi\/wp-json\/wp\/v2\/product_cat?post=22076"},{"taxonomy":"product_tag","embeddable":true,"href":"https:\/\/lexamedlab.com\/vi\/wp-json\/wp\/v2\/product_tag?post=22076"}],"curies":[{"name":"wp","href":"https:\/\/api.w.org\/{rel}","templated":true}]}}