{"id":22093,"date":"2025-05-20T07:14:11","date_gmt":"2025-05-20T07:14:11","guid":{"rendered":"https:\/\/lexamedlab.com\/?post_type=product&#038;p=22093"},"modified":"2025-05-27T15:11:37","modified_gmt":"2025-05-27T15:11:37","slug":"benchtop-high-speed-micro-centrifuge-h16s","status":"publish","type":"product","link":"https:\/\/lexamedlab.com\/vi\/product\/benchtop-high-speed-micro-centrifuge-h16s\/","title":{"rendered":"M\u00e1y ly t\u00e2m vi m\u00f4 t\u1ed1c \u0111\u1ed9 cao \u0111\u1ec3 b\u00e0n H16S"},"content":{"rendered":"<div style=\"width: 1280px;\" class=\"wp-video\"><!--[if lt IE 9]><script>document.createElement('video');<\/script><![endif]-->\n<video class=\"wp-video-shortcode\" id=\"video-22093-1\" width=\"1280\" height=\"720\" preload=\"metadata\" controls=\"controls\"><source type=\"video\/mp4\" src=\"https:\/\/lexamedlab.com\/wp-content\/uploads\/2025\/05\/97913924-97af-4032-a078-c0a1ee36e696-h264-hd.mp4?_=1\" \/><a href=\"https:\/\/lexamedlab.com\/wp-content\/uploads\/2025\/05\/97913924-97af-4032-a078-c0a1ee36e696-h264-hd.mp4\">https:\/\/lexamedlab.com\/wp-content\/uploads\/2025\/05\/97913924-97af-4032-a078-c0a1ee36e696-h264-hd.mp4<\/a><\/video><\/div>\n<blockquote><p><span style=\"font-family: 'times new roman', times, serif; font-size: 18pt;\"><strong>&gt;T\u00ednh n\u0103ng<\/strong><\/span><\/p><\/blockquote>\n<table style=\"width: 100%; border-collapse: collapse; background-color: #35a1cc;\">\n<tbody>\n<tr>\n<td style=\"width: 58.1541%;\">\n<div><span style=\"font-size: 18pt;\"><strong><span style=\"color: #ffffff; font-family: 'times new roman', times, serif;\">\u0110\u1ed9ng c\u01a1 BLDC<\/span><\/strong><\/span><\/div>\n<div>\n<div><span style=\"color: #ffffff; font-size: 14pt; font-family: 'times new roman', times, serif;\">T\u0103ng nhi\u1ec7t \u0111\u1ed9 nh\u1ecf: T\u0103ng nhi\u1ec7t \u0111\u1ed9\u22646\u2103<\/span><\/div>\n<div><span style=\"color: #ffffff; font-size: 14pt; font-family: 'times new roman', times, serif;\">Ti\u1ebfng \u1ed3n th\u1ea5p: Ti\u1ebfng \u1ed3n\u226456dB(A)<\/span><\/div>\n<div><span style=\"color: #ffffff; font-size: 14pt; font-family: 'times new roman', times, serif;\">Kh\u00f4ng c\u1ea7n b\u1ea3o tr\u00ec: \u0110\u1ed9ng c\u01a1 kh\u00f4ng ch\u1ed5i than, kh\u00f4ng c\u1ea7n b\u1ea3o tr\u00ec<\/span><\/div>\n<div><span style=\"color: #ffffff; font-size: 14pt; font-family: 'times new roman', times, serif;\">T\u0103ng t\u1ed1c nhanh: t\u1ed1c \u0111\u1ed9 c\u00f3 th\u1ec3 \u0111i\u1ec1u ch\u1ec9nh. T\u0103ng t\u1ed1c l\u00ean t\u1ed1c \u0111\u1ed9 t\u1ed1i \u0111a \u1edf m\u1ee9c cao nh\u1ea5t ch\u1ec9 c\u1ea7n 10 gi\u00e2y\u00a0<\/span><\/div>\n<\/div>\n<div><span style=\"font-size: 18pt;\"><strong><span style=\"color: #ffffff; font-family: 'times new roman', times, serif;\">Thu\u1eadn ti\u1ec7n h\u01a1n<\/span><\/strong><\/span><\/div>\n<div>\n<div><strong><span style=\"color: #ffffff; font-size: 14pt; font-family: 'times new roman', times, serif;\">M\u00e0n h\u00ecnh c\u1ea3m \u1ee9ng \u0111i\u1ec7n tr\u1edf<\/span><\/strong><\/div>\n<div><span style=\"color: #ffffff; font-size: 14pt; font-family: 'times new roman', times, serif;\">\u00b7 M\u00e0n h\u00ecnh LCD m\u00e0u, hi\u1ec3n th\u1ecb th\u00f4ng s\u1ed1 b\u1eb1ng ch\u1eef s\u1ed1 \u0111\u1ea7y \u0111\u1ee7<\/span><\/div>\n<div><span style=\"color: #ffffff; font-size: 14pt; font-family: 'times new roman', times, serif;\">\u00b7 T\u1ef1 \u0111\u1ed9ng chuy\u1ec3n \u0111\u1ed5i gi\u1eefa RPM v\u00e0 RCF<\/span><\/div>\n<div><span style=\"color: #ffffff; font-size: 14pt; font-family: 'times new roman', times, serif;\">\u00b7 M\u00e0n h\u00ecnh c\u1ea3m \u1ee9ng \u0111i\u1ec7n tr\u1edf, thi\u1ebft b\u1ecb c\u00f3 th\u1ec3 ho\u1ea1t \u0111\u1ed9ng b\u00ecnh th\u01b0\u1eddng ngay c\u1ea3 khi \u0111eo g\u0103ng tay<\/span><\/div>\n<div><span style=\"color: #ffffff; font-size: 14pt; font-family: 'times new roman', times, serif;\">\u00b7 C\u00f3 th\u1ec3 thay \u0111\u1ed5i c\u00e1c th\u00f4ng s\u1ed1 khi \u0111ang ch\u1ea1y<\/span><\/div>\n<div><span style=\"color: #ffffff; font-size: 14pt; font-family: 'times new roman', times, serif;\"><strong>Kh\u00f3a c\u1eeda th\u00f4ng minh<\/strong>:Kh\u00f3a c\u1eeda th\u00e9p + kh\u00f3a c\u1eeda th\u00f4ng minh, gi\u00fap c\u00f4ng vi\u1ec7c ly t\u00e2m tr\u1edf n\u00ean thu\u1eadn ti\u1ec7n h\u01a1n;<\/span><\/div>\n<div><span style=\"color: #ffffff; font-size: 14pt; font-family: 'times new roman', times, serif;\"><strong>Kh\u00f3a c\u1eeda c\u1ea3m \u1ee9ng t\u1ef1 \u0111\u1ed9ng<\/strong>, ch\u1ee7 \u0111\u1ed9ng theo d\u00f5i tr\u1ea1ng th\u00e1i \u0111\u00f3ng m\u1edf c\u1eeda, t\u1ef1 \u0111\u1ed9ng m\u1edf c\u1eeda sau khi ly t\u00e2m, thu\u1eadn ti\u1ec7n cho vi\u1ec7c l\u1ea5y m\u1eabu ra.<\/span><\/div>\n<div><\/div>\n<div><span style=\"color: #ffffff; font-size: 14pt; font-family: 'times new roman', times, serif;\"><strong>C\u1eeda gi\u1ea3m ch\u1ea5n m\u1edf<\/strong>:Thi\u1ebft k\u1ebf c\u1eeda gi\u1ea3m ch\u1ea5n, sau khi ho\u00e0n th\u00e0nh qu\u00e1 tr\u00ecnh ly t\u00e2m, c\u1eeda s\u1ebd t\u1ef1 \u0111\u1ed9ng m\u1edf t\u1eeb t\u1eeb, kh\u00f4ng c\u00f3 rung \u0111\u1ed9ng trong to\u00e0n b\u1ed9 qu\u00e1 tr\u00ecnh.<\/span><\/div>\n<div><\/div>\n<div><span style=\"color: #ffffff; font-size: 14pt; font-family: 'times new roman', times, serif;\"><strong>\u0110\u1ebf c\u1ed1c h\u00fat sinh h\u1ecdc<\/strong>:S\u1ea3n ph\u1ea9m s\u1eed d\u1ee5ng gi\u00e1c h\u00fat sinh h\u1ecdc c\u00f3 kh\u1ea3 n\u0103ng h\u1ea5p ph\u1ee5 m\u1ea1nh, d\u1ec5 c\u1ed1 \u0111\u1ecbnh v\u00e0 d\u1ec5 di chuy\u1ec3n.<\/span><\/div>\n<div><span style=\"color: #ffffff; font-size: 14pt; font-family: 'times new roman', times, serif;\"><strong>N\u1eafp Rotor t\u1eeb t\u00ednh<\/strong>:N\u1eafp r\u00f4to t\u1ef1 h\u1ea5p th\u1ee5 t\u1eeb t\u00ednh cao<\/span><\/div>\n<\/div>\n<p><span style=\"font-size: 18pt;\"><strong><span style=\"color: #ffffff; font-family: 'times new roman', times, serif;\">An to\u00e0n h\u01a1n<\/span><\/strong><\/span><\/p>\n<div>\n<div><strong><span style=\"color: #ffffff; font-size: 14pt; font-family: 'times new roman', times, serif;\">V\u1ecf b\u1ecdc b\u00ean trong b\u1eb1ng h\u1ee3p kim nh\u00f4m<\/span><\/strong><\/div>\n<div><span style=\"color: #ffffff; font-size: 14pt; font-family: 'times new roman', times, serif;\">L\u1edbp v\u1ecf b\u00ean trong b\u1eb1ng h\u1ee3p kim nh\u00f4m si\u00eau c\u1ee9ng gi\u00fap thao t\u00e1c an to\u00e0n h\u01a1n; \u0111\u1ed3ng th\u1eddi, l\u1ed7 tho\u00e1t kh\u00ed b\u00ean trong c\u00f3 th\u1ec3 t\u1ea3n nhi\u1ec7t nhanh ch\u00f3ng.<\/span><\/div>\n<div><\/div>\n<div><strong><span style=\"color: #ffffff; font-size: 14pt; font-family: 'times new roman', times, serif;\">Tr\u1ee5c th\u00e9p kh\u00f4ng g\u1ec9 10mm<\/span><\/strong><\/div>\n<div><span style=\"color: #ffffff; font-size: 14pt; font-family: 'times new roman', times, serif;\">Ph\u1ea7n k\u1ebft n\u1ed1i gi\u1eefa n\u1eafp c\u1eeda v\u00e0 th\u00e2n c\u1eeda \u0111\u01b0\u1ee3c l\u00e0m b\u1eb1ng tr\u1ee5c th\u00e9p kh\u00f4ng g\u1ec9, c\u1eeda \u0111\u00e3 \u0111\u01b0\u1ee3c th\u1eed nghi\u1ec7m \u0111\u00f3ng m\u1edf h\u01a1n 100.000 l\u1ea7n m\u00e0 kh\u00f4ng b\u1ecb h\u01b0 h\u1ecfng, gi\u00fap s\u1eed d\u1ee5ng an to\u00e0n h\u01a1n.<\/span><\/div>\n<div><\/div>\n<div><strong><span style=\"color: #ffffff; font-size: 14pt; font-family: 'times new roman', times, serif;\">N\u1eafp Rotor b\u1eb1ng th\u00e9p kh\u00f4ng g\u1ec9<\/span><\/strong><\/div>\n<div><span style=\"color: #ffffff; font-size: 14pt; font-family: 'times new roman', times, serif;\">V\u1ecf rotor b\u1eb1ng th\u00e9p kh\u00f4ng g\u1ec9 \u0111\u1eb7c bi\u1ec7t \u0111\u01b0\u1ee3c trang b\u1ecb giao di\u1ec7n g\u1eafp v\u00e0 \u0111\u1eb7t t\u1eeb t\u00ednh, gi\u00fap ti\u1ebft ki\u1ec7m th\u1eddi gian v\u00e0 c\u00f4ng s\u1ee9c khi g\u1eafp v\u00e0 \u0111\u1eb7t m\u1eabu.<\/span><\/div>\n<\/div>\n<\/td>\n<td style=\"width: 41.8458%;\"><img fetchpriority=\"high\" decoding=\"async\" class=\"alignnone size-full wp-image-22095\" src=\"https:\/\/lexamedlab.com\/wp-content\/uploads\/2025\/05\/44-2-1.webp\" alt=\"\" width=\"1000\" height=\"1000\" \/><\/td>\n<\/tr>\n<\/tbody>\n<\/table>\n<blockquote><p><strong><span style=\"font-family: 'times new roman', times, serif; font-size: 18pt;\">&gt;C\u00e1c lo\u1ea1i rotor c\u00f3 s\u1eb5n\u00a0 \u00a0<\/span><\/strong><\/p><\/blockquote>\n<table style=\"border-collapse: collapse; width: 100%; height: 142px;\">\n<tbody>\n<tr style=\"height: 30px;\">\n<td style=\"width: 50%; height: 30px;\"><img decoding=\"async\" class=\"alignnone  wp-image-22096\" src=\"https:\/\/lexamedlab.com\/wp-content\/uploads\/2025\/05\/12x1-5-h15k-1.webp\" alt=\"\" width=\"359\" height=\"239\" \/><\/td>\n<td style=\"width: 50%; height: 30px;\"><img decoding=\"async\" class=\"alignnone  wp-image-22097\" src=\"https:\/\/lexamedlab.com\/wp-content\/uploads\/2025\/05\/8x5ml-h15k-1.webp\" alt=\"\" width=\"396\" height=\"264\" \/><\/td>\n<\/tr>\n<tr style=\"height: 112px;\">\n<td style=\"width: 50%; height: 112px;\">\n<div><span style=\"color: #000000; font-size: 14pt; font-family: 'times new roman', times, serif;\">Rotor: Rotor g\u00f3c c\u1ed1 \u0111\u1ecbnh (ti\u00eau chu\u1ea9n)<\/span><\/div>\n<div><span style=\"color: #000000; font-size: 14pt; font-family: 'times new roman', times, serif;\">S\u1ee9c ch\u1ee9a: 12\u00d71.5\/2.2ml<\/span><\/div>\n<div><span style=\"color: #000000; font-size: 14pt; font-family: 'times new roman', times, serif;\">T\u1ed1c \u0111\u1ed9 t\u1ed1i \u0111a: 16500 v\u00f2ng\/ph\u00fat<\/span><\/div>\n<div><span style=\"color: #000000; font-size: 14pt; font-family: 'times new roman', times, serif;\">RCF t\u1ed1i \u0111a: 18262\u00d7g<\/span><\/div>\n<\/td>\n<td style=\"width: 50%; height: 112px;\">\n<div><span style=\"color: #000000; font-size: 14pt; font-family: 'times new roman', times, serif;\">Rotor: Rotor g\u00f3c c\u1ed1 \u0111\u1ecbnh (t\u00f9y ch\u1ecdn)<\/span><\/div>\n<div><span style=\"color: #000000; font-size: 14pt; font-family: 'times new roman', times, serif;\">Dung t\u00edch: 8x5ml<\/span><\/div>\n<div><span style=\"color: #000000; font-size: 14pt; font-family: 'times new roman', times, serif;\">T\u1ed1c \u0111\u1ed9 t\u1ed1i \u0111a: 16500 v\u00f2ng\/ph\u00fat<\/span><\/div>\n<div><span style=\"color: #000000; font-size: 14pt; font-family: 'times new roman', times, serif;\">RCF t\u1ed1i \u0111a: 18262\u00d7g<\/span><\/div>\n<\/td>\n<\/tr>\n<\/tbody>\n<\/table>","protected":false},"excerpt":{"rendered":"<div>\n<div>\n<p><span style=\"font-size: 14pt; font-family: 'times new roman', times, serif;\">M\u00e1y ly t\u00e2m si\u00eau nh\u1ecf t\u1ed1c \u0111\u1ed9 cao H16S \u0111i k\u00e8m v\u1edbi rotor g\u00f3c 12*1.5\/2.2ml (c\u00f3 b\u1ed9 chuy\u1ec3n \u0111\u1ed5i 0.2\/0.5ml). Nh\u1ecf g\u1ecdn, d\u1ec5 s\u1eed d\u1ee5ng, t\u1ed1c \u0111\u1ed9 cao, ti\u1ebfng \u1ed3n th\u1ea5p v\u00e0 t\u1ed1c \u0111\u1ed9 n\u00e2ng nhanh.<\/span><\/p>\n<\/div>\n<ul>\n<li><span style=\"font-size: 14pt; font-family: 'times new roman', times, serif;\">T\u1ed1c \u0111\u1ed9 t\u1ed1i \u0111a\u00a0 \u00a0 \u00a0 \u00a0 \u00a0 \u00a0 \u00a0 \u00a0 \u00a0<span class=\"item-val\">16500 v\u00f2ng\/ph\u00fat<\/span><\/span><\/li>\n<li><span style=\"font-size: 14pt; font-family: 'times new roman', times, serif;\">RCF t\u1ed1i \u0111a\u00a0 \u00a0 \u00a0 \u00a0 \u00a0 \u00a0 \u00a0 \u00a0 \u00a0 <span class=\"item-val\">18262xg<\/span><\/span><\/li>\n<li><span style=\"font-size: 14pt; font-family: 'times new roman', times, serif;\">C\u00f4ng su\u1ea5t ti\u00eau chu\u1ea9n\u00a0 \u00a0 \u00a0<span class=\"item-val\">12*1.5\/2.2ml<\/span><\/span><\/li>\n<li><span style=\"font-size: 14pt; font-family: 'times new roman', times, serif;\">Ph\u1ea1m vi h\u1eb9n gi\u1edd\u00a0 \u00a0 \u00a0 \u00a0 \u00a0 \u00a0 \u00a0 <span class=\"item-val\">1 gi\u00e2y \u0111\u1ebfn 99 ph\u00fat 59 gi\u00e2y<\/span><\/span><\/li>\n<li><span style=\"font-size: 14pt; font-family: 'times new roman', times, serif;\">\u0110\u1ed9 ch\u00ednh x\u00e1c t\u1ed1c \u0111\u1ed9\u00a0 \u00a0 \u00a0 \u00a0 <span class=\"item-val\">\u00b110 v\u00f2ng\/ph\u00fat<\/span><\/span><\/li>\n<li><span style=\"font-size: 14pt; font-family: 'times new roman', times, serif;\">Ti\u1ebfng \u1ed3n\u00a0 \u00a0 \u00a0 \u00a0 \u00a0 \u00a0 \u00a0 \u00a0 \u00a0 \u00a0 \u00a0 \u00a0<span class=\"item-val\">\u226456dB(A)<\/span><\/span><\/li>\n<li><span style=\"font-size: 14pt; font-family: 'times new roman', times, serif;\">Ngu\u1ed3n \u0111i\u1ec7n\u00a0 \u00a0 \u00a0 \u00a0 \u00a0 <span class=\"item-val\">100v-250v<\/span><\/span><\/li>\n<li><span style=\"font-size: 14pt; font-family: 'times new roman', times, serif;\">K\u00edch th\u01b0\u1edbc\u00a0 \u00a0 \u00a0 \u00a0 \u00a0 \u00a0 \u00a0 <span class=\"item-val\">240x220x170mm<\/span><\/span><\/li>\n<li><span style=\"font-size: 14pt; font-family: 'times new roman', times, serif;\">Tr\u1ecdng l\u01b0\u1ee3ng t\u1ecbnh\u00a0 \u00a0 \u00a0 \u00a0 \u00a0 \u00a0 \u00a0 <span class=\"item-val\">3,8kg<\/span><\/span><\/li>\n<\/ul>\n<\/div>\n<ul>\n<li><\/li>\n<\/ul>","protected":false},"featured_media":22095,"comment_status":"open","ping_status":"closed","template":"","meta":{"_acf_changed":false},"product_brand":[],"product_cat":[20,80,88],"product_tag":[],"class_list":{"0":"post-22093","1":"product","2":"type-product","3":"status-publish","4":"has-post-thumbnail","6":"product_cat-all","7":"product_cat-centrifuge","8":"product_cat-high-speed-centrifuge","10":"first","11":"instock","12":"shipping-taxable","13":"product-type-simple"},"acf":[],"_links":{"self":[{"href":"https:\/\/lexamedlab.com\/vi\/wp-json\/wp\/v2\/product\/22093","targetHints":{"allow":["GET"]}}],"collection":[{"href":"https:\/\/lexamedlab.com\/vi\/wp-json\/wp\/v2\/product"}],"about":[{"href":"https:\/\/lexamedlab.com\/vi\/wp-json\/wp\/v2\/types\/product"}],"replies":[{"embeddable":true,"href":"https:\/\/lexamedlab.com\/vi\/wp-json\/wp\/v2\/comments?post=22093"}],"version-history":[{"count":1,"href":"https:\/\/lexamedlab.com\/vi\/wp-json\/wp\/v2\/product\/22093\/revisions"}],"predecessor-version":[{"id":22098,"href":"https:\/\/lexamedlab.com\/vi\/wp-json\/wp\/v2\/product\/22093\/revisions\/22098"}],"wp:featuredmedia":[{"embeddable":true,"href":"https:\/\/lexamedlab.com\/vi\/wp-json\/wp\/v2\/media\/22095"}],"wp:attachment":[{"href":"https:\/\/lexamedlab.com\/vi\/wp-json\/wp\/v2\/media?parent=22093"}],"wp:term":[{"taxonomy":"product_brand","embeddable":true,"href":"https:\/\/lexamedlab.com\/vi\/wp-json\/wp\/v2\/product_brand?post=22093"},{"taxonomy":"product_cat","embeddable":true,"href":"https:\/\/lexamedlab.com\/vi\/wp-json\/wp\/v2\/product_cat?post=22093"},{"taxonomy":"product_tag","embeddable":true,"href":"https:\/\/lexamedlab.com\/vi\/wp-json\/wp\/v2\/product_tag?post=22093"}],"curies":[{"name":"wp","href":"https:\/\/api.w.org\/{rel}","templated":true}]}}