{"id":22114,"date":"2025-05-20T09:23:50","date_gmt":"2025-05-20T09:23:50","guid":{"rendered":"https:\/\/lexamedlab.com\/?post_type=product&#038;p=22114"},"modified":"2025-05-28T17:16:09","modified_gmt":"2025-05-28T17:16:09","slug":"benchtop-high-speed-refrigerated-centrifuge-tgl-21","status":"publish","type":"product","link":"https:\/\/lexamedlab.com\/vi\/product\/benchtop-high-speed-refrigerated-centrifuge-tgl-21\/","title":{"rendered":"M\u00e1y ly t\u00e2m l\u1ea1nh t\u1ed1c \u0111\u1ed9 cao \u0111\u1ec3 b\u00e0n TGL-21"},"content":{"rendered":"<div style=\"width: 1280px;\" class=\"wp-video\"><!--[if lt IE 9]><script>document.createElement('video');<\/script><![endif]-->\n<video class=\"wp-video-shortcode\" id=\"video-22114-1\" width=\"1280\" height=\"720\" preload=\"metadata\" controls=\"controls\"><source type=\"video\/mp4\" src=\"https:\/\/lexamedlab.com\/wp-content\/uploads\/2025\/05\/tgl-21-high-speed-refrigerated-centrifuge-1.mp4?_=1\" \/><a href=\"https:\/\/lexamedlab.com\/wp-content\/uploads\/2025\/05\/tgl-21-high-speed-refrigerated-centrifuge-1.mp4\">https:\/\/lexamedlab.com\/wp-content\/uploads\/2025\/05\/tgl-21-high-speed-refrigerated-centrifuge-1.mp4<\/a><\/video><\/div>\n<p><strong><span style=\"font-family: 'times new roman', times, serif; font-size: 18pt;\">\u0110\u1eb7c tr\u01b0ng<\/span><\/strong><\/p>\n<table style=\"width: 100%; border-collapse: collapse; background-color: #53a1cc; height: 609px;\">\n<tbody>\n<tr style=\"height: 240px;\">\n<td style=\"width: 50%; height: 240px;\">\n<div><span style=\"font-size: 18pt;\"><strong><span style=\"color: #ffffff; font-family: 'times new roman', times, serif;\">Ch\u1ee9c n\u0103ng th\u00e2n thi\u1ec7n v\u1edbi ng\u01b0\u1eddi d\u00f9ng<\/span><\/strong><\/span><\/div>\n<div><span style=\"color: #ffffff; font-size: 14pt; font-family: 'times new roman', times, serif;\">&gt;l\u00ean \u0111\u1ebfn 1000 ch\u01b0\u01a1ng tr\u00ecnh do ng\u01b0\u1eddi d\u00f9ng x\u00e1c \u0111\u1ecbnh<\/span><\/div>\n<div><span style=\"color: #ffffff; font-size: 14pt; font-family: 'times new roman', times, serif;\">&gt;l\u00ean \u0111\u1ebfn 100000 l\u1ecbch s\u1eed ch\u1ea1y<\/span><\/div>\n<div><span style=\"color: #ffffff; font-size: 14pt; font-family: 'times new roman', times, serif;\">&gt;l\u00ean \u0111\u1ebfn 40 t\u1ed1c \u0111\u1ed9 t\u0103ng t\u1ed1c v\u00e0 gi\u1ea3m t\u1ed1c, gi\u1ea3m t\u1ed1c \u0111\u1ed9\u00a0<\/span><\/div>\n<div><span style=\"color: #ffffff; font-size: 14pt; font-family: 'times new roman', times, serif;\">\u00a0 \u00a0cong ch\u1eadm t\u1eeb 600 v\u00f2ng\/ph\u00fat xu\u1ed1ng 0 v\u00f2ng\/ph\u00fat \u0111\u1ec3 tr\u00e1nh m\u1eabu b\u1ecb rung<\/span><\/div>\n<div><span style=\"color: #ffffff; font-size: 14pt; font-family: 'times new roman', times, serif;\">&gt;c\u00f3 s\u1eb5n ch\u1ebf \u0111\u1ed9 ly t\u00e2m \u0111a c\u1ea5p l\u00ean \u0111\u1ebfn 7 giai \u0111o\u1ea1n<\/span><\/div>\n<div><span style=\"color: #ffffff; font-size: 14pt; font-family: 'times new roman', times, serif;\">&gt;ph\u1ea1m vi h\u1eb9n gi\u1edd l\u00ean \u0111\u1ebfn 99h59m59s, t\u0103ng d\u1ea7n 1 gi\u00e2y<\/span><\/div>\n<div><span style=\"color: #ffffff; font-size: 14pt; font-family: 'times new roman', times, serif;\">&gt;H\u1ed7 tr\u1ee3 quay ly t\u00e2m ng\u1eafn v\u00e0 ly t\u00e2m li\u00ean t\u1ee5c<\/span><\/div>\n<div><span style=\"color: #ffffff; font-size: 14pt; font-family: 'times new roman', times, serif;\">&gt;\u0110\u1eb7t ch\u1ed7: c\u00f3 th\u1ec3 \u0111\u1eb7t ch\u1ed7 l\u00e0m m\u00e1t, b\u1eadt v\u00e0 t\u1eaft th\u1eddi gian<\/span><\/div>\n<div><span style=\"color: #ffffff; font-size: 14pt; font-family: 'times new roman', times, serif;\">&gt;Hi\u1ec3n th\u1ecb \u0111\u01b0\u1eddng cong\u2014\u0110\u01b0\u1eddng cong t\u1ed1c \u0111\u1ed9, \u0111\u01b0\u1eddng cong RCF v\u00e0 \u0111\u01b0\u1eddng cong nhi\u1ec7t \u0111\u1ed9\u00a0<\/span><\/div>\n<div><span style=\"color: #ffffff; font-size: 14pt; font-family: 'times new roman', times, serif;\">\u00a0 \u00a0\u0111\u01b0\u1ee3c hi\u1ec3n th\u1ecb c\u00f9ng nhau, d\u1ec5 th\u1ea5y s\u1ef1 thay \u0111\u1ed5i v\u00e0 m\u1ed1i quan h\u1ec7 c\u1ee7a ch\u00fang.<\/span><\/div>\n<\/td>\n<td style=\"width: 50%; height: 240px;\">\u00a0 \u00a0\u00a0<img fetchpriority=\"high\" decoding=\"async\" class=\"alignnone wp-image-22119\" src=\"https:\/\/lexamedlab.com\/wp-content\/uploads\/2025\/05\/36x15.webp\" alt=\"\" width=\"325\" height=\"306\" \/><\/td>\n<\/tr>\n<tr style=\"height: 225px;\">\n<td style=\"width: 50%; height: 225px;\">\n<div><span style=\"font-size: 18pt;\"><strong><span style=\"color: #ffffff; font-family: 'times new roman', times, serif;\">L\u00e0m l\u1ea1nh\u00a0<\/span><\/strong><\/span><\/div>\n<div><span style=\"color: #ffffff; font-size: 14pt; font-family: 'times new roman', times, serif;\">&gt;M\u00e1y n\u00e9n ch\u1ea5t l\u01b0\u1ee3ng cao<\/span><\/div>\n<div><span style=\"color: #ffffff; font-size: 14pt; font-family: 'times new roman', times, serif;\">&gt;-20\u00b0C \u0111\u1ebfn +40\u00b0C, t\u0103ng d\u1ea7n 1\u00b0C<\/span><\/div>\n<div><span style=\"color: #ffffff; font-size: 14pt; font-family: 'times new roman', times, serif;\">\u0110\u1ed9 ch\u00ednh x\u00e1c nhi\u1ec7t \u0111\u1ed9 cao &gt;\u00b11\u2103<\/span><\/div>\n<div><span style=\"color: #ffffff; font-size: 14pt; font-family: 'times new roman', times, serif;\">&gt;Ch\u1ea5t l\u00e0m l\u1ea1nh kh\u00f4ng ch\u1ee9a CFC<\/span><\/div>\n<div><span style=\"color: #ffffff; font-size: 14pt; font-family: 'times new roman', times, serif;\">&gt;Ki\u1ec3m so\u00e1t nhi\u1ec7t \u0111\u1ed9 \u0111\u1ed9ng PID<\/span><\/div>\n<div><span style=\"color: #ffffff; font-size: 14pt; font-family: 'times new roman', times, serif;\">&gt;C\u1ea3m bi\u1ebfn nhi\u1ec7t \u0111\u1ed9 b\u00ean trong bu\u1ed3ng<\/span><\/div>\n<div><span style=\"color: #ffffff; font-size: 14pt; font-family: 'times new roman', times, serif;\">&gt;B\u1eaft \u0111\u1ea7u l\u00e0m l\u1ea1nh khi b\u1eadt ngu\u1ed3n<\/span><\/div>\n<div><span style=\"color: #ffffff; font-size: 14pt; font-family: 'times new roman', times, serif;\">&gt;Duy tr\u00ec \u0111\u1ed9 l\u1ea1nh sau khi v\u1eaft<\/span><\/div>\n<div><span style=\"color: #ffffff; font-size: 14pt; font-family: 'times new roman', times, serif;\">&gt;V\u1edbi m\u00f4-\u0111un ti\u1ebft ki\u1ec7m n\u0103ng l\u01b0\u1ee3ng ECO<\/span><\/div>\n<\/td>\n<td style=\"width: 50%; height: 225px;\">\n<div><span style=\"font-size: 18pt;\"><strong><span style=\"color: #ffffff; font-family: 'times new roman', times, serif;\">\u0110\u1ea3m b\u1ea3o an to\u00e0n<\/span><\/strong><\/span><\/div>\n<div><span style=\"color: #ffffff; font-size: 14pt; font-family: 'times new roman', times, serif;\">&gt;T\u1ef1 \u0111\u1ed9ng nh\u1eadn d\u1ea1ng rotor b\u1eb1ng RFID<\/span><\/div>\n<div><span style=\"color: #ffffff; font-size: 14pt; font-family: 'times new roman', times, serif;\">&gt;Ph\u00e1t hi\u1ec7n m\u1ea5t c\u00e2n b\u1eb1ng b\u1eb1ng con quay h\u1ed3i chuy\u1ec3n ba tr\u1ee5c<\/span><\/div>\n<div><span style=\"color: #ffffff; font-size: 14pt; font-family: 'times new roman', times, serif;\">&gt;Kh\u00f3a c\u1eeda \u0111i\u1ec7n t\u1eed c\u01a1 gi\u1edbi<\/span><\/div>\n<div><span style=\"color: #ffffff; font-size: 14pt; font-family: 'times new roman', times, serif;\">&gt;C\u1eeda kh\u00f4ng th\u1ec3 m\u1edf khi rotor \u0111ang quay<\/span><\/div>\n<div><span style=\"color: #ffffff; font-size: 14pt; font-family: 'times new roman', times, serif;\">&gt;B\u1ea3n l\u1ec1 kh\u00ed \u0111\u1ec3 ng\u0103n c\u1eeda r\u01a1i<\/span><\/div>\n<div><span style=\"color: #ffffff; font-size: 14pt; font-family: 'times new roman', times, serif;\">&gt;C\u1ed5ng trong c\u1eeda \u0111\u1ec3 hi\u1ec7u chu\u1ea9n v\u00e0 ki\u1ec3m tra ho\u1ea1t \u0111\u1ed9ng<\/span><\/div>\n<div><span style=\"color: #ffffff; font-size: 14pt; font-family: 'times new roman', times, serif;\">&gt;M\u1edf kh\u00f3a c\u1eeda kh\u1ea9n c\u1ea5p<\/span><\/div>\n<div><span style=\"color: #ffffff; font-size: 14pt; font-family: 'times new roman', times, serif;\">&gt;M\u1eadt kh\u1ea9u \u0111\u1ec3 kh\u00f3a thi\u1ebft b\u1ecb<\/span><\/div>\n<div><span style=\"color: #ffffff; font-size: 14pt; font-family: 'times new roman', times, serif;\">&gt;Qu\u1ea3n l\u00fd ng\u01b0\u1eddi d\u00f9ng v\u1edbi ph\u00e2n b\u1ed5 quy\u1ec1n<\/span><\/div>\n<div><span style=\"color: #ffffff; font-size: 14pt; font-family: 'times new roman', times, serif;\">&gt;Nhi\u1ec1u bi\u1ec7n ph\u00e1p b\u1ea3o v\u1ec7 kh\u00e1c nhau \u0111\u1ec3 \u0111\u1ea3m b\u1ea3o ly t\u00e2m an to\u00e0n<\/span><\/div>\n<div><span style=\"color: #ffffff; font-size: 14pt; font-family: 'times new roman', times, serif;\">&gt;V\u1edbi h\u01b0\u1edbng d\u1eabn s\u1eed d\u1ee5ng \u0111i\u1ec7n t\u1eed kh\u00f4ng bao gi\u1edd b\u1ecb m\u1ea5t<\/span><\/div>\n<\/td>\n<\/tr>\n<tr style=\"height: 144px;\">\n<td style=\"width: 50%; height: 144px;\">\n<div><strong><span style=\"color: #ffffff; font-size: 18pt; font-family: 'times new roman', times, serif;\">M\u00e0n h\u00ecnh c\u1ea3m \u1ee9ng LCD\u00a0<\/span><\/strong><\/div>\n<div><span style=\"color: #ffffff; font-size: 14pt; font-family: 'times new roman', times, serif;\">&gt;\u0110\u01a1n gi\u1ea3n v\u00e0 r\u00f5 r\u00e0ng \u0111\u1ec3 hi\u1ec3n th\u1ecb t\u1ea5t c\u1ea3 c\u00e1c th\u00f4ng s\u1ed1<\/span><\/div>\n<div><span style=\"color: #ffffff; font-size: 14pt; font-family: 'times new roman', times, serif;\">&gt;M\u00e0n h\u00ecnh c\u1ea3m \u1ee9ng, d\u1ec5 d\u00e0ng c\u00e0i \u0111\u1eb7t th\u00f4ng s\u1ed1<\/span><\/div>\n<div><span style=\"color: #ffffff; font-size: 14pt; font-family: 'times new roman', times, serif;\">&gt;RCF c\u00f3 th\u1ec3 \u0111\u01b0\u1ee3c thi\u1ebft l\u1eadp tr\u1ef1c ti\u1ebfp<\/span><\/div>\n<div><span style=\"color: #ffffff; font-size: 14pt; font-family: 'times new roman', times, serif;\">&gt;Hi\u1ec3n th\u1ecb tr\u1ea1ng th\u00e1i th\u00f4ng minh, gi\u00e1 tr\u1ecb th\u1ef1c v\u00e0 th\u1eddi gian th\u1ef1c<\/span><\/div>\n<div><span style=\"color: #ffffff; font-size: 14pt; font-family: 'times new roman', times, serif;\">&gt;Ng\u01b0\u1eddi d\u00f9ng c\u00f3 th\u1ec3 thi\u1ebft l\u1eadp c\u00e1c th\u00f4ng s\u1ed1 ngay c\u1ea3 khi \u0111eo g\u0103ng tay<\/span><\/div>\n<div><span style=\"color: #ffffff; font-size: 14pt; font-family: 'times new roman', times, serif;\">&gt;Ng\u01b0\u1eddi d\u00f9ng c\u00f3 th\u1ec3 thi\u1ebft l\u1eadp l\u1ea1i c\u00e1c th\u00f4ng s\u1ed1 khi r\u00f4to \u0111ang quay<\/span><\/div>\n<\/td>\n<td style=\"width: 50%; height: 144px;\">\n<div><strong><span style=\"color: #ffffff; font-size: 18pt; font-family: 'times new roman', times, serif;\">Linh ki\u1ec7n t\u1ed1t\u00a0<\/span><\/strong><\/div>\n<div><span style=\"color: #ffffff; font-size: 14pt; font-family: 'times new roman', times, serif;\">&gt;\u0110\u1ed9ng c\u01a1: \u0110\u1ed9ng c\u01a1 t\u1ea7n s\u1ed1 thay \u0111\u1ed5i.<\/span><\/div>\n<div><span style=\"color: #ffffff; font-size: 14pt; font-family: 'times new roman', times, serif;\">\u00a0 \u00a0ch\u1ea1y \u1ed5n \u0111\u1ecbnh, kh\u00f4ng c\u1ea7n b\u1ea3o d\u01b0\u1ee1ng, tu\u1ed5i th\u1ecd cao<\/span><\/div>\n<div><span style=\"color: #ffffff; font-size: 14pt; font-family: 'times new roman', times, serif;\">&gt;V\u1ecf: Th\u00e9p d\u00e0y v\u00e0 ch\u1eafc ch\u1eafn<\/span><\/div>\n<div><span style=\"color: #ffffff; font-size: 14pt; font-family: 'times new roman', times, serif;\">&gt;Bu\u1ed3ng: th\u00e9p kh\u00f4ng g\u1ec9 316 ph\u1ee7 l\u1edbp teflon.<\/span><\/div>\n<div><span style=\"color: #ffffff; font-size: 14pt; font-family: 'times new roman', times, serif;\">\u00a0 \u00a0ch\u1ed1ng \u0103n m\u00f2n v\u00e0 d\u1ec5 v\u1ec7 sinh<\/span><\/div>\n<div><span style=\"color: #ffffff; font-size: 14pt; font-family: 'times new roman', times, serif;\">&gt;Rotor: Rotor g\u00f3c c\u1ed1 \u0111\u1ecbnh b\u1eb1ng h\u1ee3p kim nh\u00f4m;<\/span><\/div>\n<div><span style=\"color: #ffffff; font-size: 14pt; font-family: 'times new roman', times, serif;\">\u00a0 \u00a0 \u00a0 \u00a0 \u00a0 \u00a0 \u00a0Roto xoay b\u1eb1ng th\u00e9p\/th\u00e9p kh\u00f4ng g\u1ec9.<\/span><\/div>\n<div><span style=\"color: #ffffff; font-size: 14pt; font-family: 'times new roman', times, serif;\">&gt;Rotor c\u00f3 th\u1ec3 h\u1ea5p ti\u1ec7t tr\u00f9ng\u00a0<\/span><\/div>\n<\/td>\n<\/tr>\n<\/tbody>\n<\/table>\n<p><span style=\"font-size: 18pt; font-family: 'times new roman', times, serif;\"><strong>&gt;C\u00e1c lo\u1ea1i rotor c\u00f3 s\u1eb5n<\/strong><\/span><\/p>\n<p><img decoding=\"async\" class=\"alignnone size-full wp-image-22120\" src=\"https:\/\/lexamedlab.com\/wp-content\/uploads\/2025\/05\/1-21-1-scaled.webp\" alt=\"\" width=\"2560\" height=\"1458\" \/> <img decoding=\"async\" class=\"alignnone size-medium wp-image-22121\" src=\"https:\/\/lexamedlab.com\/wp-content\/uploads\/2025\/05\/21-21-scaled.webp\" alt=\"\" width=\"2560\" height=\"972\" \/> <img loading=\"lazy\" decoding=\"async\" class=\"alignnone size-medium wp-image-22122\" src=\"https:\/\/lexamedlab.com\/wp-content\/uploads\/2025\/05\/3-21-3-scaled.webp\" alt=\"\" width=\"2560\" height=\"1148\" \/><\/p>","protected":false},"excerpt":{"rendered":"<div>\n<div class=\"editor-text-wrap\">\n<p><span style=\"font-size: 14pt; font-family: 'times new roman', times, serif;\">TGL-21 l\u00e0 m\u00e1y ly t\u00e2m l\u1ea1nh t\u1ed1c \u0111\u1ed9 cao th\u00f4ng minh, \u0111a n\u0103ng, c\u00f3 th\u1ec3 ch\u1ea1y t\u1edbi 21000 v\u00f2ng\/ph\u00fat. M\u00e1y ly t\u00e2m l\u00e0 model c\u00f3 c\u00f4ng su\u1ea5t l\u1edbn, c\u00f3 th\u1ec3 ch\u1ee9a \u1ed1ng\/chai 0,2ml \u0111\u1ebfn 750ml. Rotor g\u00f3c c\u1ed1 \u0111\u1ecbnh t\u01b0\u01a1ng th\u00edch v\u1edbi \u1ed1ng 0,2ml \u0111\u1ebfn 100ml. Rotor xoay ra t\u01b0\u01a1ng th\u00edch v\u1edbi \u1ed1ng ho\u1eb7c chai 1,5ml \u0111\u1ebfn 750ml, \u1ed1ng m\u00e1u v\u00e0 microplate. V\u1edbi c\u00f4ng ngh\u1ec7 h\u00e0ng \u0111\u1ea7u v\u00e0 nhi\u1ec1u ch\u1ee9c n\u0103ng th\u00e2n thi\u1ec7n v\u1edbi ng\u01b0\u1eddi d\u00f9ng, m\u00e1y c\u00f3 th\u1ec3 \u0111\u00e1p \u1ee9ng ho\u00e0n h\u1ea3o nhu c\u1ea7u ly t\u00e2m c\u1ee7a b\u1ea1n.<\/span><\/p>\n<\/div>\n<\/div>\n<ul>\n<li><span style=\"font-size: 14pt; font-family: 'times new roman', times, serif;\">T\u1ed1c \u0111\u1ed9 t\u1ed1i \u0111a\u00a0 \u00a0 \u00a0 \u00a0 \u00a0 \u00a0 \u00a0 \u00a0 \u00a0 \u00a0 \u00a0 <span class=\"item-val\">21000 v\u00f2ng\/ph\u00fat<\/span><\/span><\/li>\n<li><span style=\"font-size: 14pt; font-family: 'times new roman', times, serif;\">RCF t\u1ed1i \u0111a\u00a0 \u00a0 \u00a0 \u00a0 \u00a0 \u00a0 \u00a0 \u00a0 \u00a0 \u00a0 \u00a0 \u00a0 <span class=\"item-val\">31405xg<\/span><\/span><\/li>\n<li><span style=\"font-size: 14pt; font-family: 'times new roman', times, serif;\">C\u00f4ng su\u1ea5t t\u1ed1i \u0111a\u00a0 \u00a0 \u00a0 \u00a0 \u00a0 \u00a0 \u00a0 \u00a0 \u00a0 <span class=\"item-val\">4x750ml<\/span><\/span><\/li>\n<li><span style=\"font-size: 14pt; font-family: 'times new roman', times, serif;\">\u0110\u1ed9 ch\u00ednh x\u00e1c t\u1ed1c \u0111\u1ed9\u00a0 \u00a0 \u00a0 \u00a0 \u00a0 \u00a0 \u00a0 \u00a0<span class=\"item-val\">\u00b110 v\u00f2ng\/ph\u00fat<\/span><\/span><\/li>\n<li><span style=\"font-size: 14pt; font-family: 'times new roman', times, serif;\">Ph\u1ea1m vi nhi\u1ec7t \u0111\u1ed9\u00a0 \u00a0 \u00a0 \u00a0 \u00a0 <span class=\"item-val\">-20\u2103 \u0111\u1ebfn +40\u2103<\/span><\/span><\/li>\n<li><span style=\"font-size: 14pt; font-family: 'times new roman', times, serif;\">\u0110\u1ed9 ch\u00ednh x\u00e1c nhi\u1ec7t \u0111\u1ed9\u00a0 \u00a0 \u00a0<span class=\"item-val\">\u00b11\u2103<\/span><\/span><\/li>\n<li><span style=\"font-size: 14pt; font-family: 'times new roman', times, serif;\">Ph\u1ea1m vi h\u1eb9n gi\u1edd\u00a0 \u00a0 \u00a0 \u00a0 \u00a0 \u00a0 \u00a0 \u00a0 \u00a0 \u00a0 \u00a0<span class=\"item-val\">1 gi\u00e2y \u0111\u1ebfn 99h59m59s<\/span><\/span><\/li>\n<li><span style=\"font-size: 14pt; font-family: 'times new roman', times, serif;\">Ti\u1ebfng \u1ed3n\u00a0 \u00a0 \u00a0 \u00a0 \u00a0 \u00a0 \u00a0 \u00a0 \u00a0 \u00a0 \u00a0 \u00a0 \u00a0 \u00a0 \u00a0 \u00a0<span class=\"item-val\">\u226456dB(A)<\/span><\/span><\/li>\n<li><span style=\"font-size: 14pt; font-family: 'times new roman', times, serif;\">Ti\u00eau th\u1ee5 \u0111i\u1ec7n n\u0103ng\u00a0 \u00a0 \u00a0 \u00a0 <span class=\"item-val\">1500w<\/span><\/span><\/li>\n<li><span style=\"font-size: 14pt; font-family: 'times new roman', times, serif;\">K\u00edch th\u01b0\u1edbc\u00a0 \u00a0 \u00a0 \u00a0 \u00a0 \u00a0 \u00a0 \u00a0 \u00a0 \u00a0 \u00a0 <span class=\"item-val\">600x680x420<\/span><\/span><\/li>\n<li><span style=\"font-size: 14pt; font-family: 'times new roman', times, serif;\">Tr\u1ecdng l\u01b0\u1ee3ng t\u1ecbnh\u00a0 \u00a0 \u00a0 \u00a0 \u00a0 \u00a0 \u00a0 \u00a0 \u00a0 \u00a0 \u00a0 <span class=\"item-val\">108kg<\/span><\/span><\/li>\n<\/ul>","protected":false},"featured_media":22116,"comment_status":"open","ping_status":"closed","template":"","meta":{"_acf_changed":false},"product_brand":[],"product_cat":[20,80,88,89],"product_tag":[],"class_list":{"0":"post-22114","1":"product","2":"type-product","3":"status-publish","4":"has-post-thumbnail","6":"product_cat-all","7":"product_cat-centrifuge","8":"product_cat-high-speed-centrifuge","9":"product_cat-high-speed-refrigerated-centrifuge","11":"first","12":"instock","13":"shipping-taxable","14":"product-type-simple"},"acf":[],"_links":{"self":[{"href":"https:\/\/lexamedlab.com\/vi\/wp-json\/wp\/v2\/product\/22114","targetHints":{"allow":["GET"]}}],"collection":[{"href":"https:\/\/lexamedlab.com\/vi\/wp-json\/wp\/v2\/product"}],"about":[{"href":"https:\/\/lexamedlab.com\/vi\/wp-json\/wp\/v2\/types\/product"}],"replies":[{"embeddable":true,"href":"https:\/\/lexamedlab.com\/vi\/wp-json\/wp\/v2\/comments?post=22114"}],"version-history":[{"count":3,"href":"https:\/\/lexamedlab.com\/vi\/wp-json\/wp\/v2\/product\/22114\/revisions"}],"predecessor-version":[{"id":22149,"href":"https:\/\/lexamedlab.com\/vi\/wp-json\/wp\/v2\/product\/22114\/revisions\/22149"}],"wp:featuredmedia":[{"embeddable":true,"href":"https:\/\/lexamedlab.com\/vi\/wp-json\/wp\/v2\/media\/22116"}],"wp:attachment":[{"href":"https:\/\/lexamedlab.com\/vi\/wp-json\/wp\/v2\/media?parent=22114"}],"wp:term":[{"taxonomy":"product_brand","embeddable":true,"href":"https:\/\/lexamedlab.com\/vi\/wp-json\/wp\/v2\/product_brand?post=22114"},{"taxonomy":"product_cat","embeddable":true,"href":"https:\/\/lexamedlab.com\/vi\/wp-json\/wp\/v2\/product_cat?post=22114"},{"taxonomy":"product_tag","embeddable":true,"href":"https:\/\/lexamedlab.com\/vi\/wp-json\/wp\/v2\/product_tag?post=22114"}],"curies":[{"name":"wp","href":"https:\/\/api.w.org\/{rel}","templated":true}]}}