{"id":22269,"date":"2025-05-21T09:23:20","date_gmt":"2025-05-21T09:23:20","guid":{"rendered":"https:\/\/lexamedlab.com\/?post_type=product&#038;p=22269"},"modified":"2025-05-28T17:16:09","modified_gmt":"2025-05-28T17:16:09","slug":"benchtop-high-speed-refrigerated-centrifuge-tgl-16","status":"publish","type":"product","link":"https:\/\/lexamedlab.com\/vi\/product\/benchtop-high-speed-refrigerated-centrifuge-tgl-16\/","title":{"rendered":"M\u00e1y ly t\u00e2m l\u1ea1nh t\u1ed1c \u0111\u1ed9 cao \u0111\u1ec3 b\u00e0n TGL-16"},"content":{"rendered":"<div style=\"width: 1280px;\" class=\"wp-video\"><!--[if lt IE 9]><script>document.createElement('video');<\/script><![endif]-->\n<video class=\"wp-video-shortcode\" id=\"video-22269-1\" width=\"1280\" height=\"720\" preload=\"metadata\" controls=\"controls\"><source type=\"video\/mp4\" src=\"https:\/\/lexamedlab.com\/wp-content\/uploads\/2025\/05\/WeChat_20250521130429.mp4?_=1\" \/><a href=\"https:\/\/lexamedlab.com\/wp-content\/uploads\/2025\/05\/WeChat_20250521130429.mp4\">https:\/\/lexamedlab.com\/wp-content\/uploads\/2025\/05\/WeChat_20250521130429.mp4<\/a><\/video><\/div>\n<table style=\"width: 100%; border-collapse: collapse; background-color: #53a1cc;\">\n<tbody>\n<tr>\n<td style=\"width: 50%;\">\n<div><span style=\"font-size: 18pt;\"><strong><span style=\"color: #ffffff; font-family: 'times new roman', times, serif;\">Ch\u1ee9c n\u0103ng th\u00e2n thi\u1ec7n v\u1edbi ng\u01b0\u1eddi d\u00f9ng\u00a0<\/span><\/strong><\/span><\/div>\n<div><span style=\"color: #ffffff; font-size: 14pt; font-family: 'times new roman', times, serif;\">&gt;12 ch\u01b0\u01a1ng tr\u00ecnh do ng\u01b0\u1eddi d\u00f9ng x\u00e1c \u0111\u1ecbnh<\/span><\/div>\n<div><span style=\"color: #ffffff; font-size: 14pt; font-family: 'times new roman', times, serif;\">&gt;40 t\u1ed1c \u0111\u1ed9 t\u0103ng t\u1ed1c v\u00e0 gi\u1ea3m t\u1ed1c<\/span><\/div>\n<div><span style=\"color: #ffffff; font-size: 14pt; font-family: 'times new roman', times, serif;\">&gt;ph\u1ea1m vi h\u1eb9n gi\u1edd l\u00ean \u0111\u1ebfn 99h59m<\/span><\/div>\n<div><span style=\"color: #ffffff; font-size: 14pt; font-family: 'times new roman', times, serif;\">&gt;RCF c\u00f3 th\u1ec3 \u0111\u01b0\u1ee3c thi\u1ebft l\u1eadp tr\u1ef1c ti\u1ebfp.<\/span><\/div>\n<div><span style=\"color: #ffffff; font-size: 14pt; font-family: 'times new roman', times, serif;\">&gt;M\u00e0n h\u00ecnh LCD &amp; LED hi\u1ec3n th\u1ecb th\u00f4ng s\u1ed1 \u0111\u01a1n gi\u1ea3n v\u00e0 r\u00f5 r\u00e0ng<\/span><\/div>\n<div><span style=\"color: #ffffff; font-size: 14pt; font-family: 'times new roman', times, serif;\">&gt;B\u00e0n ph\u00edm c\u1ea3m \u1ee9ng ch\u1ed1ng n\u01b0\u1edbc, m\u1ed7i th\u00f4ng s\u1ed1 \u0111\u1ec1u c\u00f3\u00a0<\/span><\/div>\n<div><span style=\"color: #ffffff; font-size: 14pt; font-family: 'times new roman', times, serif;\">\u00a0 \u00a0n\u00fat t\u01b0\u01a1ng \u1ee9ng \u0111\u1ec3 thi\u1ebft l\u1eadp<\/span><\/div>\n<div><span style=\"color: #ffffff; font-size: 14pt; font-family: 'times new roman', times, serif;\">&gt;Ng\u01b0\u1eddi d\u00f9ng c\u00f3 th\u1ec3 thi\u1ebft l\u1eadp l\u1ea1i c\u00e1c th\u00f4ng s\u1ed1 khi r\u00f4to \u0111ang quay<\/span><\/div>\n<\/td>\n<td style=\"width: 50%;\">\n<div><strong><span style=\"color: #ffffff; font-family: 'times new roman', times, serif; font-size: 18pt;\">L\u00e0m l\u1ea1nh<\/span><\/strong><\/div>\n<div><span style=\"color: #ffffff; font-size: 14pt; font-family: 'times new roman', times, serif;\">&gt;M\u00e1y n\u00e9n t\u1ed1t<\/span><\/div>\n<div><span style=\"color: #ffffff; font-size: 14pt; font-family: 'times new roman', times, serif;\">&gt;-20\u00b0C \u0111\u1ebfn +40\u00b0C, t\u0103ng d\u1ea7n 1\u00b0C<\/span><\/div>\n<div><span style=\"color: #ffffff; font-size: 14pt; font-family: 'times new roman', times, serif;\">\u0110\u1ed9 ch\u00ednh x\u00e1c nhi\u1ec7t \u0111\u1ed9 cao &gt;\u00b11\u2103<\/span><\/div>\n<div><span style=\"color: #ffffff; font-size: 14pt; font-family: 'times new roman', times, serif;\">&gt;Ch\u1ea5t l\u00e0m l\u1ea1nh kh\u00f4ng ch\u1ee9a CFC<\/span><\/div>\n<div><span style=\"color: #ffffff; font-size: 14pt; font-family: 'times new roman', times, serif;\">&gt;C\u1ea3m bi\u1ebfn nhi\u1ec7t \u0111\u1ed9 b\u00ean trong bu\u1ed3ng<\/span><\/div>\n<div><span style=\"color: #ffffff; font-size: 14pt; font-family: 'times new roman', times, serif;\">&gt;B\u1eaft \u0111\u1ea7u l\u00e0m l\u1ea1nh khi b\u1eadt ngu\u1ed3n<\/span><\/div>\n<div><span style=\"color: #ffffff; font-size: 14pt; font-family: 'times new roman', times, serif;\">&gt;Duy tr\u00ec \u0111\u1ed9 l\u1ea1nh sau khi v\u1eaft<\/span><\/div>\n<\/td>\n<\/tr>\n<tr>\n<td style=\"width: 50%;\">\n<div><span style=\"font-size: 18pt;\"><strong><span style=\"color: #ffffff; font-family: 'times new roman', times, serif;\">\u0110\u1ea3m b\u1ea3o an to\u00e0n\u00a0<\/span><\/strong><\/span><\/div>\n<div><span style=\"color: #ffffff; font-size: 14pt; font-family: 'times new roman', times, serif;\">&gt;T\u1ef1 \u0111\u1ed9ng nh\u1eadn d\u1ea1ng rotor \u0111\u1ec3 ng\u0103n ch\u1eb7n t\u1ed1c \u0111\u1ed9 qu\u00e1 m\u1ee9c<\/span><\/div>\n<div><span style=\"color: #ffffff; font-size: 14pt; font-family: 'times new roman', times, serif;\">&gt;Ph\u00e1t hi\u1ec7n m\u1ea5t c\u00e2n b\u1eb1ng b\u1eb1ng con quay h\u1ed3i chuy\u1ec3n ba tr\u1ee5c<\/span><\/div>\n<div><span style=\"color: #ffffff; font-size: 14pt; font-family: 'times new roman', times, serif;\">&gt;Kh\u00f3a c\u1eeda \u0111i\u1ec7n t\u1eed c\u01a1 gi\u1edbi<\/span><\/div>\n<div><span style=\"color: #ffffff; font-size: 14pt; font-family: 'times new roman', times, serif;\">&gt;C\u1eeda kh\u00f4ng th\u1ec3 m\u1edf khi rotor \u0111ang quay<\/span><\/div>\n<div><span style=\"color: #ffffff; font-size: 14pt; font-family: 'times new roman', times, serif;\">&gt;B\u1ea3n l\u1ec1 kh\u00ed \u0111\u1ec3 ng\u0103n c\u1eeda r\u01a1i<\/span><\/div>\n<div><span style=\"color: #ffffff; font-size: 14pt; font-family: 'times new roman', times, serif;\">&gt;C\u1ed5ng trong c\u1eeda \u0111\u1ec3 hi\u1ec7u chu\u1ea9n v\u00e0 ki\u1ec3m tra ho\u1ea1t \u0111\u1ed9ng<\/span><\/div>\n<div><span style=\"color: #ffffff; font-size: 14pt; font-family: 'times new roman', times, serif;\">&gt;M\u1edf kh\u00f3a c\u1eeda kh\u1ea9n c\u1ea5p<\/span><\/div>\n<div><span style=\"color: #ffffff; font-size: 14pt; font-family: 'times new roman', times, serif;\">&gt;Nhi\u1ec1u bi\u1ec7n ph\u00e1p b\u1ea3o v\u1ec7 kh\u00e1c nhau \u0111\u1ec3 \u0111\u1ea3m b\u1ea3o ly t\u00e2m an to\u00e0n<\/span><\/div>\n<\/td>\n<td style=\"width: 50%;\">\n<div><span style=\"font-size: 18pt;\"><strong><span style=\"color: #ffffff; font-family: 'times new roman', times, serif;\">Linh ki\u1ec7n t\u1ed1t<\/span><\/strong><\/span><\/div>\n<div><span style=\"color: #ffffff; font-size: 14pt; font-family: 'times new roman', times, serif;\">&gt;\u0110\u1ed9ng c\u01a1: \u0110\u1ed9ng c\u01a1 t\u1ea7n s\u1ed1 thay \u0111\u1ed5i.<\/span><\/div>\n<div><span style=\"color: #ffffff; font-size: 14pt; font-family: 'times new roman', times, serif;\">\u00a0 \u00a0ch\u1ea1y \u1ed5n \u0111\u1ecbnh, kh\u00f4ng c\u1ea7n b\u1ea3o d\u01b0\u1ee1ng, tu\u1ed5i th\u1ecd cao<\/span><\/div>\n<div><span style=\"color: #ffffff; font-size: 14pt; font-family: 'times new roman', times, serif;\">&gt;V\u1ecf: Th\u00e9p d\u00e0y v\u00e0 ch\u1eafc ch\u1eafn<\/span><\/div>\n<div><span style=\"color: #ffffff; font-size: 14pt; font-family: 'times new roman', times, serif;\">&gt;Bu\u1ed3ng: th\u00e9p kh\u00f4ng g\u1ec9 316 ph\u1ee7 l\u1edbp teflon.<\/span><\/div>\n<div><span style=\"color: #ffffff; font-size: 14pt; font-family: 'times new roman', times, serif;\">\u00a0 \u00a0ch\u1ed1ng \u0103n m\u00f2n v\u00e0 d\u1ec5 v\u1ec7 sinh<\/span><\/div>\n<div><span style=\"color: #ffffff; font-size: 14pt; font-family: 'times new roman', times, serif;\">&gt;Rotor: Rotor h\u1ee3p kim nh\u00f4m<\/span><\/div>\n<div><span style=\"color: #ffffff; font-size: 14pt; font-family: 'times new roman', times, serif;\">&gt;Rotor c\u00f3 th\u1ec3 h\u1ea5p ti\u1ec7t tr\u00f9ng\u00a0<\/span><\/div>\n<\/td>\n<\/tr>\n<\/tbody>\n<\/table>\n<blockquote><p><span style=\"font-family: 'times new roman', times, serif;\"><strong><span style=\"font-size: 18pt;\">&gt;C\u00e1c lo\u1ea1i rotor c\u00f3 s\u1eb5n<\/span><\/strong><\/span><\/p><\/blockquote>\n<table style=\"border-collapse: collapse; width: 100%; height: 808px;\">\n<tbody>\n<tr style=\"height: 24px;\">\n<td style=\"width: 20%; height: 24px;\"><img fetchpriority=\"high\" decoding=\"async\" class=\"alignnone size-full wp-image-22292\" src=\"https:\/\/lexamedlab.com\/wp-content\/uploads\/2025\/05\/12x1-5ml-9.webp\" alt=\"\" width=\"1500\" height=\"1000\" \/><\/td>\n<td style=\"width: 20%; height: 24px;\"><img decoding=\"async\" class=\"alignnone size-full wp-image-22293\" src=\"https:\/\/lexamedlab.com\/wp-content\/uploads\/2025\/05\/12x5ml-5.webp\" alt=\"\" width=\"1500\" height=\"1000\" \/><\/td>\n<td style=\"width: 20%; height: 24px;\"><img decoding=\"async\" class=\"alignnone size-full wp-image-22294\" src=\"https:\/\/lexamedlab.com\/wp-content\/uploads\/2025\/05\/24x1-5ml-1-5.webp\" alt=\"\" width=\"1500\" height=\"1000\" \/><\/td>\n<td style=\"width: 20%; height: 24px;\"><img loading=\"lazy\" decoding=\"async\" class=\"alignnone size-full wp-image-22295\" src=\"https:\/\/lexamedlab.com\/wp-content\/uploads\/2025\/05\/24x1-5ml-metal-cap-9.webp\" alt=\"\" width=\"1500\" height=\"1000\" \/><\/td>\n<td style=\"width: 20%; height: 24px;\"><img loading=\"lazy\" decoding=\"async\" class=\"alignnone size-full wp-image-22291\" src=\"https:\/\/lexamedlab.com\/wp-content\/uploads\/2025\/05\/12x10ml-8.webp\" alt=\"\" width=\"1500\" height=\"1000\" \/><\/td>\n<\/tr>\n<tr style=\"height: 144px;\">\n<td style=\"width: 20%; height: 144px;\">\n<div>Rotor: Rotor g\u00f3c c\u1ed1 \u0111\u1ecbnh<\/div>\n<div>S\u1ee9c ch\u1ee9a: 12\u00d71.5\/2.2ml<\/div>\n<div>T\u1ed1c \u0111\u1ed9 t\u1ed1i \u0111a: 16500 v\u00f2ng\/ph\u00fat<\/div>\n<div>L\u1ef1c RCF t\u1ed1i \u0111a: 19000\u00d7g<\/div>\n<div>K\u00edch th\u01b0\u1edbc \u1ed1ng: \u03a611x42mm<\/div>\n<\/td>\n<td style=\"width: 20%; height: 144px;\">\n<div>Rotor: Rotor g\u00f3c c\u1ed1 \u0111\u1ecbnh<\/div>\n<div>S\u1ee9c ch\u1ee9a: 12x 5ml<\/div>\n<div>T\u1ed1c \u0111\u1ed9 t\u1ed1i \u0111a: 15000 v\u00f2ng\/ph\u00fat<\/div>\n<div>L\u1ef1c RCF t\u1ed1i \u0111a: 18270\u00d7g<\/div>\n<div>K\u00edch th\u01b0\u1edbc \u1ed1ng: \u03a614\u00d754mm<\/div>\n<\/td>\n<td style=\"width: 20%; height: 144px;\">\n<div>Rotor: Rotor g\u00f3c c\u1ed1 \u0111\u1ecbnh<\/div>\n<div>S\u1ee9c ch\u1ee9a: 24\u00d71.5\/2.2ml<\/div>\n<div>T\u1ed1c \u0111\u1ed9 t\u1ed1i \u0111a: 16000 v\u00f2ng\/ph\u00fat<\/div>\n<div>RCF t\u1ed1i \u0111a: 24760\u00d7g<\/div>\n<div>K\u00edch th\u01b0\u1edbc \u1ed1ng: \u03a611x42mm<\/div>\n<\/td>\n<td style=\"width: 20%; height: 144px;\">\n<div>Rotor: Rotor g\u00f3c c\u1ed1 \u0111\u1ecbnh<\/div>\n<div>\u00a0 \u00a0 \u00a0 \u00a0 \u00a0 \u00a0 (kh\u00ed dung ch\u1eb7t ch\u1ebd)<\/div>\n<div>S\u1ee9c ch\u1ee9a: 24\u00d71.5\/2.2ml<\/div>\n<div>T\u1ed1c \u0111\u1ed9 t\u1ed1i \u0111a: 16000 v\u00f2ng\/ph\u00fat<\/div>\n<div>RCF t\u1ed1i \u0111a: 24760\u00d7g<\/div>\n<div>K\u00edch th\u01b0\u1edbc \u1ed1ng: \u03a611x42mm<\/div>\n<\/td>\n<td style=\"width: 20%; height: 144px;\">\n<div>Rotor: Rotor g\u00f3c c\u1ed1 \u0111\u1ecbnh<\/div>\n<div>S\u1ee9c ch\u1ee9a: 12\u00d710ml<\/div>\n<div>T\u1ed1c \u0111\u1ed9 t\u1ed1i \u0111a: 13000 v\u00f2ng\/ph\u00fat<\/div>\n<div>L\u1ef1c RCF t\u1ed1i \u0111a: 15620\u00d7g<\/div>\n<div>K\u00edch th\u01b0\u1edbc \u1ed1ng: \u03a616\u00d786mm<\/div>\n<\/td>\n<\/tr>\n<tr style=\"height: 24px;\">\n<td style=\"width: 20%; height: 24px;\"><img loading=\"lazy\" decoding=\"async\" class=\"alignnone size-full wp-image-22282\" src=\"https:\/\/lexamedlab.com\/wp-content\/uploads\/2025\/05\/36x1-5ml-8.webp\" alt=\"\" width=\"1500\" height=\"1000\" \/><\/td>\n<td style=\"width: 20%; height: 24px;\"><img loading=\"lazy\" decoding=\"async\" class=\"alignnone size-full wp-image-22283\" src=\"https:\/\/lexamedlab.com\/wp-content\/uploads\/2025\/05\/6x50ml-pointed-bottom-8.webp\" alt=\"\" width=\"1500\" height=\"1000\" \/><\/td>\n<td style=\"width: 20%; height: 24px;\"><img loading=\"lazy\" decoding=\"async\" class=\"alignnone size-full wp-image-22284\" src=\"https:\/\/lexamedlab.com\/wp-content\/uploads\/2025\/05\/6x50ml-round-bottom-10.webp\" alt=\"\" width=\"1500\" height=\"1000\" \/><\/td>\n<td style=\"width: 20%; height: 24px;\"><img loading=\"lazy\" decoding=\"async\" class=\"alignnone size-full wp-image-22285\" src=\"https:\/\/lexamedlab.com\/wp-content\/uploads\/2025\/05\/48x1-5ml-8.webp\" alt=\"\" width=\"1500\" height=\"1000\" \/><\/td>\n<td style=\"width: 20%; height: 24px;\"><img loading=\"lazy\" decoding=\"async\" class=\"alignnone size-full wp-image-22286\" src=\"https:\/\/lexamedlab.com\/wp-content\/uploads\/2025\/05\/4x100ml-7.webp\" alt=\"\" width=\"1500\" height=\"1000\" \/><\/td>\n<\/tr>\n<tr style=\"height: 120px;\">\n<td style=\"width: 20%; height: 120px;\">\n<div>Rotor: Rotor g\u00f3c c\u1ed1 \u0111\u1ecbnh<\/div>\n<div>S\u1ee9c ch\u1ee9a: 36\u00d71.5\/2.2ml<\/div>\n<div>T\u1ed1c \u0111\u1ed9 t\u1ed1i \u0111a: 13000 v\u00f2ng\/ph\u00fat<\/div>\n<div>L\u1ef1c RCF t\u1ed1i \u0111a: 15620\u00d7g<\/div>\n<div>K\u00edch th\u01b0\u1edbc \u1ed1ng: \u03a611x42mm<\/div>\n<\/td>\n<td style=\"width: 20%; height: 120px;\">\n<div>Rotor: Rotor g\u00f3c c\u1ed1 \u0111\u1ecbnh<\/div>\n<div>S\u1ee9c ch\u1ee9a: 6\u00d750ml \u0111\u00e1y h\u00ecnh n\u00f3n<\/div>\n<div>T\u1ed1c \u0111\u1ed9 t\u1ed1i \u0111a: 12000 v\u00f2ng\/ph\u00fat<\/div>\n<div>L\u1ef1c RCF t\u1ed1i \u0111a: 15970\u00d7g<\/div>\n<div>K\u00edch th\u01b0\u1edbc \u1ed1ng: \u03a629\u00d7116mm<\/div>\n<\/td>\n<td style=\"width: 20%; height: 120px;\">\n<div>Rotor: Rotor g\u00f3c c\u1ed1 \u0111\u1ecbnh<\/div>\n<div>S\u1ee9c ch\u1ee9a: 6\u00d750ml \u0111\u00e1y tr\u00f2n<\/div>\n<div>T\u1ed1c \u0111\u1ed9 t\u1ed1i \u0111a: 12000 v\u00f2ng\/ph\u00fat<\/div>\n<div>L\u1ef1c RCF t\u1ed1i \u0111a: 15970\u00d7g<\/div>\n<div>K\u00edch th\u01b0\u1edbc \u1ed1ng: \u03a629\u00d7111mm<\/div>\n<\/td>\n<td style=\"width: 20%; height: 120px;\">\n<div>Rotor: Rotor g\u00f3c c\u1ed1 \u0111\u1ecbnh<\/div>\n<div>Dung t\u00edch: 48\u00d71.5\/2.2ml<\/div>\n<div>T\u1ed1c \u0111\u1ed9 t\u1ed1i \u0111a: 12000 v\u00f2ng\/ph\u00fat<\/div>\n<div>L\u1ef1c RCF t\u1ed1i \u0111a: 15970\u00d7g<\/div>\n<div>K\u00edch th\u01b0\u1edbc \u1ed1ng: \u03a611\u00d742mm<\/div>\n<\/td>\n<td style=\"width: 20%; height: 120px;\">\n<div>Rotor: Rotor g\u00f3c c\u1ed1 \u0111\u1ecbnh<\/div>\n<div>S\u1ee9c ch\u1ee9a: 4x100ml<\/div>\n<div>T\u1ed1c \u0111\u1ed9 t\u1ed1i \u0111a: 11000 v\u00f2ng\/ph\u00fat<\/div>\n<div>L\u1ef1c RCF t\u1ed1i \u0111a: 12870\u00d7g<\/div>\n<div>K\u00edch th\u01b0\u1edbc \u1ed1ng: \u03a638x123mm<\/div>\n<\/td>\n<\/tr>\n<tr style=\"height: 24px;\">\n<td style=\"width: 20%; height: 24px;\"><img loading=\"lazy\" decoding=\"async\" class=\"alignnone size-full wp-image-22276\" src=\"https:\/\/lexamedlab.com\/wp-content\/uploads\/2025\/05\/8x50ml-pointed-bottom-8.webp\" alt=\"\" width=\"1500\" height=\"1000\" \/><\/td>\n<td style=\"width: 20%; height: 24px;\"><img loading=\"lazy\" decoding=\"async\" class=\"alignnone size-full wp-image-22278\" src=\"https:\/\/lexamedlab.com\/wp-content\/uploads\/2025\/05\/8x50ml-round-bottom-8.webp\" alt=\"\" width=\"1500\" height=\"1000\" \/><\/td>\n<td style=\"width: 20%; height: 24px;\"><img loading=\"lazy\" decoding=\"async\" class=\"alignnone size-full wp-image-22279\" src=\"https:\/\/lexamedlab.com\/wp-content\/uploads\/2025\/05\/12x15ml-7.webp\" alt=\"\" width=\"1500\" height=\"1000\" \/><\/td>\n<td style=\"width: 20%; height: 24px;\"><img loading=\"lazy\" decoding=\"async\" class=\"alignnone size-full wp-image-22280\" src=\"https:\/\/lexamedlab.com\/wp-content\/uploads\/2025\/05\/6x10ml-7.webp\" alt=\"\" width=\"1500\" height=\"1000\" \/><\/td>\n<td style=\"width: 20%; height: 24px;\"><img loading=\"lazy\" decoding=\"async\" class=\"alignnone size-full wp-image-22281\" src=\"https:\/\/lexamedlab.com\/wp-content\/uploads\/2025\/05\/8x15ml-1-7.webp\" alt=\"\" width=\"1500\" height=\"1000\" \/><\/td>\n<\/tr>\n<tr style=\"height: 120px;\">\n<td style=\"width: 20%; height: 120px;\">\n<div>Rotor: Rotor g\u00f3c c\u1ed1 \u0111\u1ecbnh<\/div>\n<div>S\u1ee9c ch\u1ee9a: 8x50ml \u0111\u00e1y h\u00ecnh n\u00f3n<\/div>\n<div>T\u1ed1c \u0111\u1ed9 t\u1ed1i \u0111a: 11000 v\u00f2ng\/ph\u00fat<\/div>\n<div>L\u1ef1c RCF t\u1ed1i \u0111a: 12870\u00d7g<\/div>\n<div>K\u00edch th\u01b0\u1edbc \u1ed1ng: \u03a629x116mm<\/div>\n<\/td>\n<td style=\"width: 20%; height: 120px;\">\n<div>Rotor: Rotor g\u00f3c c\u1ed1 \u0111\u1ecbnh<\/div>\n<div>Dung t\u00edch: 8x50ml \u0111\u00e1y tr\u00f2n<\/div>\n<div>T\u1ed1c \u0111\u1ed9 t\u1ed1i \u0111a: 11000 v\u00f2ng\/ph\u00fat<\/div>\n<div>L\u1ef1c RCF t\u1ed1i \u0111a: 12870\u00d7g<\/div>\n<div>K\u00edch th\u01b0\u1edbc \u1ed1ng: \u03a629x111mm<\/div>\n<\/td>\n<td style=\"width: 20%; height: 120px;\">\n<div>Rotor: Rotor g\u00f3c c\u1ed1 \u0111\u1ecbnh<\/div>\n<div>S\u1ee9c ch\u1ee9a: 12x15ml<\/div>\n<div>T\u1ed1c \u0111\u1ed9 t\u1ed1i \u0111a: 11000 v\u00f2ng\/ph\u00fat<\/div>\n<div>L\u1ef1c RCF t\u1ed1i \u0111a: 12870\u00d7g<\/div>\n<div>K\u00edch th\u01b0\u1edbc \u1ed1ng: \u03a617x121mm<\/div>\n<\/td>\n<td style=\"width: 20%; height: 120px;\">\n<div>Rotor: Rotor g\u00f3c c\u1ed1 \u0111\u1ecbnh<\/div>\n<div>S\u1ee9c ch\u1ee9a: 6\u00d710ml<\/div>\n<div>T\u1ed1c \u0111\u1ed9 t\u1ed1i \u0111a: 16000 v\u00f2ng\/ph\u00fat<\/div>\n<div>L\u1ef1c RCF t\u1ed1i \u0111a: 19070\u00d7g<\/div>\n<div>K\u00edch th\u01b0\u1edbc \u1ed1ng: \u03a616\u00d786mm<\/div>\n<\/td>\n<td style=\"width: 20%; height: 120px;\">\n<div>Rotor: Rotor g\u00f3c c\u1ed1 \u0111\u1ecbnh<\/div>\n<div>S\u1ee9c ch\u1ee9a: 8\u00d715ml<\/div>\n<div>T\u1ed1c \u0111\u1ed9 t\u1ed1i \u0111a: 13000 v\u00f2ng\/ph\u00fat<\/div>\n<div>L\u1ef1c RCF t\u1ed1i \u0111a: 15620\u00d7g<\/div>\n<div>K\u00edch th\u01b0\u1edbc \u1ed1ng: \u03a617\u00d7121mm<\/div>\n<\/td>\n<\/tr>\n<tr style=\"height: 184px;\">\n<td style=\"width: 20%; height: 184px;\"><img loading=\"lazy\" decoding=\"async\" class=\"alignnone size-full wp-image-22274\" src=\"https:\/\/lexamedlab.com\/wp-content\/uploads\/2025\/05\/6x30ml-7.webp\" alt=\"\" width=\"1500\" height=\"1000\" \/><\/td>\n<td style=\"width: 20%; height: 184px;\"><img loading=\"lazy\" decoding=\"async\" class=\"alignnone size-full wp-image-22273\" src=\"https:\/\/lexamedlab.com\/wp-content\/uploads\/2025\/05\/8x0-2ml-pcr-strip-8.webp\" alt=\"\" width=\"1500\" height=\"1000\" \/><\/td>\n<td style=\"width: 20%; height: 184px;\"><img loading=\"lazy\" decoding=\"async\" class=\"alignnone size-full wp-image-22272\" src=\"https:\/\/lexamedlab.com\/wp-content\/uploads\/2025\/05\/6x100ml-7.webp\" alt=\"\" width=\"1500\" height=\"1000\" \/><\/td>\n<td style=\"width: 20%; height: 184px;\"><img loading=\"lazy\" decoding=\"async\" class=\"alignnone size-full wp-image-22263\" src=\"https:\/\/lexamedlab.com\/wp-content\/uploads\/2025\/05\/2x2x48-6.webp\" alt=\"\" width=\"1500\" height=\"1000\" \/><\/td>\n<td style=\"width: 20%; height: 184px;\"><\/td>\n<\/tr>\n<tr style=\"height: 168px;\">\n<td style=\"width: 20%; height: 168px;\">\n<div>Rotor: Rotor g\u00f3c c\u1ed1 \u0111\u1ecbnh<\/div>\n<div>S\u1ee9c ch\u1ee9a: 6\u00d730ml<\/div>\n<div>T\u1ed1c \u0111\u1ed9 t\u1ed1i \u0111a: 13000 v\u00f2ng\/ph\u00fat<\/div>\n<div>L\u1ef1c RCF t\u1ed1i \u0111a: 15620\u00d7g<\/div>\n<div>K\u00edch th\u01b0\u1edbc \u1ed1ng: \u03a625.5\u00d7100mm<\/div>\n<\/td>\n<td style=\"width: 20%; height: 168px;\">\n<div>Rotor: Rotor g\u00f3c c\u1ed1 \u0111\u1ecbnh<\/div>\n<div>S\u1ee9c ch\u1ee9a: 8\u00d70.2ml d\u1ea3i PCR<\/div>\n<div>T\u1ed1c \u0111\u1ed9 t\u1ed1i \u0111a: 13000 v\u00f2ng\/ph\u00fat<\/div>\n<div>L\u1ef1c RCF t\u1ed1i \u0111a: 14640\u00d7g<\/div>\n<\/td>\n<td style=\"width: 20%; height: 168px;\">\n<div>Rotor: Rotor g\u00f3c c\u1ed1 \u0111\u1ecbnh<\/div>\n<div>S\u1ee9c ch\u1ee9a: 6x100ml<\/div>\n<div>T\u1ed1c \u0111\u1ed9 t\u1ed1i \u0111a: 9000 v\u00f2ng\/ph\u00fat<\/div>\n<div>L\u1ef1c RCF t\u1ed1i \u0111a: 9770\u00d7g<\/div>\n<div>K\u00edch th\u01b0\u1edbc \u1ed1ng: \u03a638x123mm<\/div>\n<\/td>\n<td style=\"width: 20%; height: 168px;\">\n<section id=\"sectionIdzg6j8d7\" class=\"section-generalimgtext-wrap-block section-block-demo159-generalimgtext1\" data-section=\"section\" data-screen=\"screen-full\">\n<div class=\"layout sc-block-items aos-init aos-animate\" data-unable=\"demo159-application\" data-aos=\"fadeInUp\" data-aos-duration=\"600\">\n<div class=\"block-item sc-block-item\">\n<div>\n<div>\n<div>Rotor: Rotor vi m\u1ea1ch<\/div>\n<div>S\u1ee9c ch\u1ee9a: 2\u00d72\u00d748 t\u1ea5m gi\u1ebfng<\/div>\n<div>T\u1ed1c \u0111\u1ed9 t\u1ed1i \u0111a: 4000 v\u00f2ng\/ph\u00fat<\/div>\n<div>L\u1ef1c RCF t\u1ed1i \u0111a: 1500\u00d7g<\/div>\n<div>t\u1ed1i \u0111a: 128\u00d748x60mm<\/div>\n<\/div>\n<\/div>\n<div class=\"item-info\"><\/div>\n<\/div>\n<\/div>\n<\/section>\n<div class=\"layout\">&gt;&gt;T\u1ea3i xu\u1ed1ng<\/div>\n<\/td>\n<td style=\"width: 20%; height: 168px;\"><\/td>\n<\/tr>\n<\/tbody>\n<\/table>","protected":false},"excerpt":{"rendered":"<div>\n<p><span style=\"font-family: 'times new roman', times, serif; font-size: 14pt;\">TGL-16 l\u00e0 m\u00e1y ly t\u00e2m l\u1ea1nh \u0111\u1ec3 b\u00e0n th\u1ef1c t\u1ebf c\u00f3 th\u1ec3 ch\u1ee9a th\u1ec3 t\u00edch m\u1eabu t\u1eeb 0,2 mL \u0111\u1ebfn 6 x 100 mL. Th\u00e2n m\u00e1y ho\u00e0n to\u00e0n b\u1eb1ng th\u00e9p, m\u00e0n h\u00ecnh LCD v\u00e0 LED k\u00e9p. T\u1ed1c \u0111\u1ed9 t\u1ed1i \u0111a c\u00f3 th\u1ec3 \u0111\u1ea1t 16500 v\u00f2ng\/ph\u00fat. Thi\u1ebft b\u1ecb n\u00e0y bao g\u1ed3m h\u1ec7 th\u1ed1ng l\u00e0m l\u1ea1nh v\u1edbi ph\u1ea1m vi nhi\u1ec7t \u0111\u1ed9 t\u1eeb -20\u00b0C \u0111\u1ebfn +40\u00b0C.<\/span><\/p>\n<\/div>\n<ul>\n<li><span style=\"font-family: 'times new roman', times, serif; font-size: 14pt;\">T\u1ed1c \u0111\u1ed9 t\u1ed1i \u0111a\u00a0 \u00a0 \u00a0 \u00a0 \u00a0 \u00a0 \u00a0 \u00a0 \u00a0 \u00a0 \u00a0 \u00a0 \u00a0 <span class=\"item-val\">16500 v\u00f2ng\/ph\u00fat<\/span><\/span><\/li>\n<li><span style=\"font-family: 'times new roman', times, serif; font-size: 14pt;\">RCF t\u1ed1i \u0111a\u00a0 \u00a0 \u00a0 \u00a0 \u00a0 \u00a0 \u00a0 \u00a0 \u00a0 \u00a0 \u00a0 \u00a0 \u00a0 \u00a0 <span class=\"item-val\">24760xg<\/span><\/span><\/li>\n<li><span style=\"font-family: 'times new roman', times, serif; font-size: 14pt;\">Ph\u1ea1m vi nhi\u1ec7t \u0111\u1ed9\u00a0 \u00a0 \u00a0 \u00a0 \u00a0 \u00a0 \u00a0<span class=\"item-val\">-20\u2103 \u0111\u1ebfn +40\u2103<\/span><\/span><\/li>\n<li><span style=\"font-family: 'times new roman', times, serif; font-size: 14pt;\">\u0110\u1ed9 ch\u00ednh x\u00e1c nhi\u1ec7t \u0111\u1ed9\u00a0 \u00a0 \u00a0 \u00a0 <span class=\"item-val\">\u00b11\u2103<\/span><\/span><\/li>\n<li><span style=\"font-family: 'times new roman', times, serif; font-size: 14pt;\">Ph\u1ea1m vi h\u1eb9n gi\u1edd\u00a0 \u00a0 \u00a0 \u00a0 \u00a0 \u00a0 \u00a0 \u00a0 \u00a0 \u00a0 \u00a0 \u00a0<span class=\"item-val\">1 ph\u00fat \u0111\u1ebfn 99 gi\u1edd 59 ph\u00fat<\/span><\/span><\/li>\n<li><span style=\"font-family: 'times new roman', times, serif; font-size: 14pt;\">C\u00f4ng su\u1ea5t t\u1ed1i \u0111a\u00a0 \u00a0 \u00a0 \u00a0 \u00a0 \u00a0 \u00a0 \u00a0 \u00a0 \u00a0 <span class=\"item-val\">6*100ml<\/span><\/span><\/li>\n<li><span style=\"font-family: 'times new roman', times, serif; font-size: 14pt;\">\u0110\u1ed9 ch\u00ednh x\u00e1c t\u1ed1c \u0111\u1ed9\u00a0 \u00a0 \u00a0 \u00a0 \u00a0 \u00a0 \u00a0 \u00a0 <span class=\"item-val\">\u00b110 v\u00f2ng\/ph\u00fat<\/span><\/span><\/li>\n<li><span style=\"font-family: 'times new roman', times, serif; font-size: 14pt;\">Ti\u1ebfng \u1ed3n\u00a0 \u00a0 \u00a0 \u00a0 \u00a0 \u00a0 \u00a0 \u00a0 \u00a0 \u00a0 \u00a0 \u00a0 \u00a0 \u00a0 \u00a0 \u00a0<span class=\"item-val\">\u226460dB(A)<\/span><\/span><\/li>\n<li><span style=\"font-family: 'times new roman', times, serif; font-size: 14pt;\">Ti\u00eau th\u1ee5 \u0111i\u1ec7n n\u0103ng\u00a0 \u00a0 \u00a0 \u00a0 <span class=\"item-val\">1200W<\/span><\/span><\/li>\n<li><span style=\"font-family: 'times new roman', times, serif; font-size: 14pt;\">K\u00edch th\u01b0\u1edbc\u00a0 \u00a0 \u00a0 \u00a0 \u00a0 \u00a0 \u00a0 \u00a0 \u00a0 \u00a0 \u00a0 <span class=\"item-val\">420x625x370mm<\/span><\/span><\/li>\n<li><span style=\"font-family: 'times new roman', times, serif; font-size: 14pt;\">Tr\u1ecdng l\u01b0\u1ee3ng t\u1ecbnh\u00a0 \u00a0 \u00a0 \u00a0 \u00a0 \u00a0 \u00a0 \u00a0 \u00a0 \u00a0 \u00a0 <span class=\"item-val\">53kg<\/span><\/span><\/li>\n<\/ul>","protected":false},"featured_media":22297,"comment_status":"open","ping_status":"closed","template":"","meta":{"_acf_changed":false},"product_brand":[],"product_cat":[20,80,88,89],"product_tag":[],"class_list":{"0":"post-22269","1":"product","2":"type-product","3":"status-publish","4":"has-post-thumbnail","6":"product_cat-all","7":"product_cat-centrifuge","8":"product_cat-high-speed-centrifuge","9":"product_cat-high-speed-refrigerated-centrifuge","11":"first","12":"instock","13":"shipping-taxable","14":"product-type-simple"},"acf":[],"_links":{"self":[{"href":"https:\/\/lexamedlab.com\/vi\/wp-json\/wp\/v2\/product\/22269","targetHints":{"allow":["GET"]}}],"collection":[{"href":"https:\/\/lexamedlab.com\/vi\/wp-json\/wp\/v2\/product"}],"about":[{"href":"https:\/\/lexamedlab.com\/vi\/wp-json\/wp\/v2\/types\/product"}],"replies":[{"embeddable":true,"href":"https:\/\/lexamedlab.com\/vi\/wp-json\/wp\/v2\/comments?post=22269"}],"version-history":[{"count":1,"href":"https:\/\/lexamedlab.com\/vi\/wp-json\/wp\/v2\/product\/22269\/revisions"}],"predecessor-version":[{"id":22301,"href":"https:\/\/lexamedlab.com\/vi\/wp-json\/wp\/v2\/product\/22269\/revisions\/22301"}],"wp:featuredmedia":[{"embeddable":true,"href":"https:\/\/lexamedlab.com\/vi\/wp-json\/wp\/v2\/media\/22297"}],"wp:attachment":[{"href":"https:\/\/lexamedlab.com\/vi\/wp-json\/wp\/v2\/media?parent=22269"}],"wp:term":[{"taxonomy":"product_brand","embeddable":true,"href":"https:\/\/lexamedlab.com\/vi\/wp-json\/wp\/v2\/product_brand?post=22269"},{"taxonomy":"product_cat","embeddable":true,"href":"https:\/\/lexamedlab.com\/vi\/wp-json\/wp\/v2\/product_cat?post=22269"},{"taxonomy":"product_tag","embeddable":true,"href":"https:\/\/lexamedlab.com\/vi\/wp-json\/wp\/v2\/product_tag?post=22269"}],"curies":[{"name":"wp","href":"https:\/\/api.w.org\/{rel}","templated":true}]}}