{"id":22317,"date":"2025-05-21T11:37:55","date_gmt":"2025-05-21T11:37:55","guid":{"rendered":"https:\/\/lexamedlab.com\/?post_type=product&#038;p=22317"},"modified":"2025-05-28T17:16:09","modified_gmt":"2025-05-28T17:16:09","slug":"benchtop-high-speed-micro-refrigerated-centrifuge-tgl-1850","status":"publish","type":"product","link":"https:\/\/lexamedlab.com\/vi\/product\/benchtop-high-speed-micro-refrigerated-centrifuge-tgl-1850\/","title":{"rendered":"M\u00e1y ly t\u00e2m si\u00eau nh\u1ecf t\u1ed1c \u0111\u1ed9 cao \u0111\u1ec3 b\u00e0n TGL-1850"},"content":{"rendered":"<div style=\"width: 1280px;\" class=\"wp-video\"><!--[if lt IE 9]><script>document.createElement('video');<\/script><![endif]-->\n<video class=\"wp-video-shortcode\" id=\"video-22317-1\" width=\"1280\" height=\"720\" preload=\"metadata\" controls=\"controls\"><source type=\"video\/mp4\" src=\"https:\/\/lexamedlab.com\/wp-content\/uploads\/2025\/05\/tgl-1850-high-speed-micro-refrigerated-centrifuge.mp4?_=1\" \/><a href=\"https:\/\/lexamedlab.com\/wp-content\/uploads\/2025\/05\/tgl-1850-high-speed-micro-refrigerated-centrifuge.mp4\">https:\/\/lexamedlab.com\/wp-content\/uploads\/2025\/05\/tgl-1850-high-speed-micro-refrigerated-centrifuge.mp4<\/a><\/video><\/div>\n<blockquote><p><span style=\"font-size: 18pt; font-family: 'times new roman', times, serif;\"><strong>&gt;T\u00ednh n\u0103ng<\/strong><\/span><\/p><\/blockquote>\n<table style=\"width: 100%; border-collapse: collapse; background-color: #53a1cc;\">\n<tbody>\n<tr>\n<td style=\"width: 50%;\">\n<div><span style=\"font-size: 18pt;\"><strong><span style=\"font-family: 'times new roman', times, serif; color: #ffffff;\">\u0110\u1eb7c tr\u01b0ng<\/span><\/strong><\/span><\/div>\n<div><span style=\"font-size: 14pt; font-family: 'times new roman', times, serif; color: #ffffff;\">&gt;T\u1ef1 \u0111\u1ed9ng nh\u1eadn d\u1ea1ng rotor b\u1eb1ng RFID<\/span><\/div>\n<div><span style=\"font-size: 14pt; font-family: 'times new roman', times, serif; color: #ffffff;\">&gt;Ph\u00e1t hi\u1ec7n m\u1ea5t c\u00e2n b\u1eb1ng v\u1edbi ch\u1ee9c n\u0103ng d\u1eebng ch\u1ea1y t\u1ef1 \u0111\u1ed9ng<\/span><\/div>\n<div><span style=\"font-size: 14pt; font-family: 'times new roman', times, serif; color: #ffffff;\">&gt;Thi\u1ebft k\u1ebf nh\u1ecf g\u1ecdn, tr\u1ecdng l\u01b0\u1ee3ng nh\u1eb9<\/span><\/div>\n<div><span style=\"font-size: 14pt; font-family: 'times new roman', times, serif; color: #ffffff;\">&gt;\u0110\u1ed9ng c\u01a1 t\u1ea7n s\u1ed1 thay \u0111\u1ed5i, \u0111i\u1ec1u khi\u1ec3n b\u1eb1ng b\u1ed9 vi x\u1eed l\u00fd<\/span><\/div>\n<div><span style=\"font-size: 14pt; font-family: 'times new roman', times, serif; color: #ffffff;\">&gt;M\u00e0n h\u00ecnh c\u1ea3m \u1ee9ng LCD \u0111\u1ec3 xem v\u00e0 c\u00e0i \u0111\u1eb7t th\u00f4ng s\u1ed1<\/span><\/div>\n<div><span style=\"font-size: 14pt; font-family: 'times new roman', times, serif; color: #ffffff;\">&gt;Kh\u00f3a n\u1eafp t\u1ef1 m\u1ed3i \u0111i\u1ec7n t\u1eed c\u00f3 \u0111\u1ed9ng c\u01a1<\/span><\/div>\n<div><span style=\"font-size: 14pt; font-family: 'times new roman', times, serif; color: #ffffff;\">&gt;l\u00ean \u0111\u1ebfn 1000 ch\u01b0\u01a1ng tr\u00ecnh v\u00e0 1000 l\u1ecbch s\u1eed ch\u1ea1y<\/span><\/div>\n<div><span style=\"font-size: 14pt; font-family: 'times new roman', times, serif; color: #ffffff;\">&gt;t\u1ed1c \u0111\u1ed9 t\u0103ng t\u1ed1c v\u00e0 gi\u1ea3m t\u1ed1c l\u00ean \u0111\u1ebfn 40<\/span><\/div>\n<div><span style=\"font-size: 14pt; font-family: 'times new roman', times, serif; color: #ffffff;\">&gt;c\u00f3 th\u1ec3 s\u1eed d\u1ee5ng ch\u1ebf \u0111\u1ed9 ly t\u00e2m \u0111a c\u1ea5p l\u00ean \u0111\u1ebfn 7 giai \u0111o\u1ea1n<\/span><\/div>\n<div><span style=\"font-size: 14pt; font-family: 'times new roman', times, serif; color: #ffffff;\">&gt;H\u1ed7 tr\u1ee3 quay ly t\u00e2m ng\u1eafn v\u00e0 ly t\u00e2m li\u00ean t\u1ee5c<\/span><\/div>\n<\/td>\n<td style=\"width: 50%;\"><img fetchpriority=\"high\" decoding=\"async\" class=\"alignnone  wp-image-22320\" src=\"https:\/\/lexamedlab.com\/wp-content\/uploads\/2025\/05\/24x1-5ml-angle-rotor.webp\" alt=\"\" width=\"502\" height=\"271\" \/><\/td>\n<\/tr>\n<tr>\n<td style=\"width: 50%;\"><img decoding=\"async\" class=\"alignnone  wp-image-22321\" src=\"https:\/\/lexamedlab.com\/wp-content\/uploads\/2025\/05\/6465456.webp\" alt=\"\" width=\"311\" height=\"207\" \/><\/td>\n<td style=\"width: 50%;\">\n<div><span style=\"color: #ffffff;\"><strong><span style=\"font-family: 'times new roman', times, serif; font-size: 18pt;\">L\u00e0m l\u1ea1nh\u00a0<\/span><\/strong><\/span><\/div>\n<div><span style=\"color: #ffffff; font-size: 14pt; font-family: 'times new roman', times, serif;\">&gt;-10\u00b0C \u0111\u1ebfn +40\u00b0C, t\u0103ng d\u1ea7n 1\u00b0C<\/span><\/div>\n<div><span style=\"color: #ffffff; font-size: 14pt; font-family: 'times new roman', times, serif;\">\u0110\u1ed9 ch\u00ednh x\u00e1c nhi\u1ec7t \u0111\u1ed9 cao &gt;\u00b11\u2103<\/span><\/div>\n<div><span style=\"color: #ffffff; font-size: 14pt; font-family: 'times new roman', times, serif;\">&gt;Ch\u1ea5t l\u00e0m l\u1ea1nh kh\u00f4ng ch\u1ee9a CFC<\/span><\/div>\n<div><span style=\"color: #ffffff; font-size: 14pt; font-family: 'times new roman', times, serif;\">&gt;C\u1ea3m bi\u1ebfn nhi\u1ec7t \u0111\u1ed9 b\u00ean trong bu\u1ed3ng<\/span><\/div>\n<div><span style=\"color: #ffffff; font-size: 14pt; font-family: 'times new roman', times, serif;\">&gt;B\u1eaft \u0111\u1ea7u l\u00e0m l\u1ea1nh khi b\u1eadt ngu\u1ed3n<\/span><\/div>\n<div><span style=\"color: #ffffff; font-size: 14pt; font-family: 'times new roman', times, serif;\">&gt;Duy tr\u00ec \u0111\u1ed9 l\u1ea1nh sau khi v\u1eaft<\/span><\/div>\n<div><span style=\"color: #ffffff; font-size: 14pt; font-family: 'times new roman', times, serif;\">&gt; V\u1edbi n\u00fat Fast Temp<\/span><\/div>\n<div><span style=\"color: #ffffff; font-size: 14pt; font-family: 'times new roman', times, serif;\">&gt;C\u00f3 th\u1ec3 c\u00e0i \u0111\u1eb7t th\u1eddi gian d\u1eebng l\u00e0m m\u00e1t tr\u00ean c\u1eeda\/ch\u1ebf \u0111\u1ed9 ch\u1edd<\/span><\/div>\n<\/td>\n<\/tr>\n<\/tbody>\n<\/table>\n<blockquote><p><span style=\"font-family: 'times new roman', times, serif;\"><strong><span style=\"font-size: 18pt;\">&gt;C\u00e1c lo\u1ea1i rotor c\u00f3 s\u1eb5n<\/span><\/strong><\/span><\/p><\/blockquote>\n<p><img decoding=\"async\" class=\"alignnone size-full wp-image-22322\" src=\"https:\/\/lexamedlab.com\/wp-content\/uploads\/2025\/05\/tgl-1850-1-scaled.webp\" alt=\"\" width=\"2560\" height=\"641\" \/><\/p>","protected":false},"excerpt":{"rendered":"<div>\n<div class=\"editor-text-wrap\">\n<p><span style=\"font-size: 14pt; font-family: 'times new roman', times, serif;\">M\u00e1y ly t\u00e2m si\u00eau nh\u1ecf t\u1ed1c \u0111\u1ed9 cao \u0111\u1ec3 b\u00e0n TGL-1850 \u0111\u01b0\u1ee3c thi\u1ebft k\u1ebf cho c\u00f4ng su\u1ea5t si\u00eau nh\u1ecf, c\u00f3 th\u1ec3 l\u1eafp rotor \u0111\u1ea7u c\u1ed1 \u0111\u1ecbnh cho 1,5\/2,2ml, 5ml v\u00e0 0,2ml. \u0110\u00e2y l\u00e0 m\u00e1y ly t\u00e2m l\u00fd t\u01b0\u1edfng cho sinh h\u1ecdc, vi sinh v\u00e0 PCR.<\/span><\/p>\n<\/div>\n<\/div>\n<ul>\n<li><span style=\"font-size: 14pt; font-family: 'times new roman', times, serif;\">T\u1ed1c \u0111\u1ed9 t\u1ed1i \u0111a\u00a0 \u00a0 \u00a0 \u00a0 \u00a0 \u00a0 \u00a0 \u00a0 \u00a0 \u00a0 \u00a0 \u00a0<span class=\"item-val\">14000 v\u00f2ng\/ph\u00fat<\/span><\/span><\/li>\n<li><span style=\"font-size: 14pt; font-family: 'times new roman', times, serif;\">RCF t\u1ed1i \u0111a\u00a0 \u00a0 \u00a0 \u00a0 \u00a0 \u00a0 \u00a0 \u00a0 \u00a0 \u00a0 \u00a0 \u00a0 \u00a0<span class=\"item-val\">18845xg<\/span><\/span><\/li>\n<li><span style=\"font-size: 14pt; font-family: 'times new roman', times, serif;\">Ph\u1ea1m vi nhi\u1ec7t \u0111\u1ed9\u00a0 \u00a0 \u00a0 \u00a0 \u00a0 \u00a0<span class=\"item-val\">-10\u2103 \u0111\u1ebfn +40\u2103<\/span><\/span><\/li>\n<li><span style=\"font-size: 14pt; font-family: 'times new roman', times, serif;\">\u0110\u1ed9 ch\u00ednh x\u00e1c nhi\u1ec7t \u0111\u1ed9\u00a0 \u00a0 \u00a0 <span class=\"item-val\">\u00b11\u2103<\/span><\/span><\/li>\n<li><span style=\"font-size: 14pt; font-family: 'times new roman', times, serif;\">Ph\u1ea1m vi h\u1eb9n gi\u1edd\u00a0 \u00a0 \u00a0 \u00a0 \u00a0 \u00a0 \u00a0 \u00a0 \u00a0 \u00a0 \u00a0<span class=\"item-val\">1 gi\u00e2y \u0111\u1ebfn 99 gi\u1edd 59 ph\u00fat<\/span><\/span><\/li>\n<li><span style=\"font-size: 14pt; font-family: 'times new roman', times, serif;\">C\u00f4ng su\u1ea5t t\u1ed1i \u0111a\u00a0 \u00a0 \u00a0 \u00a0 \u00a0 \u00a0 \u00a0 \u00a0 \u00a0 \u00a0<span class=\"item-val\">12*5ml<\/span><\/span><\/li>\n<li><span style=\"font-size: 14pt; font-family: 'times new roman', times, serif;\">\u0110\u1ed9 ch\u00ednh x\u00e1c t\u1ed1c \u0111\u1ed9\u00a0 \u00a0 \u00a0 \u00a0 \u00a0 \u00a0 \u00a0 \u00a0 <span class=\"item-val\">\u00b110 v\u00f2ng\/ph\u00fat<\/span><\/span><\/li>\n<li><span style=\"font-size: 14pt; font-family: 'times new roman', times, serif;\">Ti\u1ebfng \u1ed3n\u00a0 \u00a0 \u00a0 \u00a0 \u00a0 \u00a0 \u00a0 \u00a0 \u00a0 \u00a0 \u00a0 \u00a0 \u00a0 \u00a0 \u00a0 \u00a0<span class=\"item-val\">\u226456dB(A)<\/span><\/span><\/li>\n<li><span style=\"font-size: 14pt; font-family: 'times new roman', times, serif;\">Ti\u00eau th\u1ee5 \u0111i\u1ec7n n\u0103ng\u00a0 \u00a0 \u00a0 \u00a0 <span class=\"item-val\">400W<\/span><\/span><\/li>\n<li><span style=\"font-size: 14pt; font-family: 'times new roman', times, serif;\">K\u00edch th\u01b0\u1edbc\u00a0 \u00a0 \u00a0 \u00a0 \u00a0 \u00a0 \u00a0 \u00a0 \u00a0 \u00a0 \u00a0 <span class=\"item-val\">510x300x280mm<\/span><\/span><\/li>\n<li><span style=\"font-size: 14pt; font-family: 'times new roman', times, serif;\">Tr\u1ecdng l\u01b0\u1ee3ng t\u1ecbnh\u00a0 \u00a0 \u00a0 \u00a0 \u00a0 \u00a0 \u00a0 \u00a0 \u00a0 \u00a0 \u00a0 <span class=\"item-val\">29kg<\/span><\/span><\/li>\n<\/ul>","protected":false},"featured_media":22323,"comment_status":"open","ping_status":"closed","template":"","meta":{"_acf_changed":false},"product_brand":[],"product_cat":[20,80,88,89],"product_tag":[],"class_list":{"0":"post-22317","1":"product","2":"type-product","3":"status-publish","4":"has-post-thumbnail","6":"product_cat-all","7":"product_cat-centrifuge","8":"product_cat-high-speed-centrifuge","9":"product_cat-high-speed-refrigerated-centrifuge","11":"first","12":"instock","13":"shipping-taxable","14":"product-type-simple"},"acf":[],"_links":{"self":[{"href":"https:\/\/lexamedlab.com\/vi\/wp-json\/wp\/v2\/product\/22317","targetHints":{"allow":["GET"]}}],"collection":[{"href":"https:\/\/lexamedlab.com\/vi\/wp-json\/wp\/v2\/product"}],"about":[{"href":"https:\/\/lexamedlab.com\/vi\/wp-json\/wp\/v2\/types\/product"}],"replies":[{"embeddable":true,"href":"https:\/\/lexamedlab.com\/vi\/wp-json\/wp\/v2\/comments?post=22317"}],"version-history":[{"count":1,"href":"https:\/\/lexamedlab.com\/vi\/wp-json\/wp\/v2\/product\/22317\/revisions"}],"predecessor-version":[{"id":22328,"href":"https:\/\/lexamedlab.com\/vi\/wp-json\/wp\/v2\/product\/22317\/revisions\/22328"}],"wp:featuredmedia":[{"embeddable":true,"href":"https:\/\/lexamedlab.com\/vi\/wp-json\/wp\/v2\/media\/22323"}],"wp:attachment":[{"href":"https:\/\/lexamedlab.com\/vi\/wp-json\/wp\/v2\/media?parent=22317"}],"wp:term":[{"taxonomy":"product_brand","embeddable":true,"href":"https:\/\/lexamedlab.com\/vi\/wp-json\/wp\/v2\/product_brand?post=22317"},{"taxonomy":"product_cat","embeddable":true,"href":"https:\/\/lexamedlab.com\/vi\/wp-json\/wp\/v2\/product_cat?post=22317"},{"taxonomy":"product_tag","embeddable":true,"href":"https:\/\/lexamedlab.com\/vi\/wp-json\/wp\/v2\/product_tag?post=22317"}],"curies":[{"name":"wp","href":"https:\/\/api.w.org\/{rel}","templated":true}]}}