{"id":22352,"date":"2025-05-21T12:20:43","date_gmt":"2025-05-21T12:20:43","guid":{"rendered":"https:\/\/lexamedlab.com\/?post_type=product&#038;p=22352"},"modified":"2025-05-28T17:16:09","modified_gmt":"2025-05-28T17:16:09","slug":"floor-standing-high-speed-refrigerated-centrifuge-machine-lg-10m","status":"publish","type":"product","link":"https:\/\/lexamedlab.com\/vi\/product\/floor-standing-high-speed-refrigerated-centrifuge-machine-lg-10m\/","title":{"rendered":"M\u00e1y ly t\u00e2m l\u1ea1nh t\u1ed1c \u0111\u1ed9 cao \u0111\u1eb7t s\u00e0n LG-10M"},"content":{"rendered":"<blockquote><p><span style=\"font-family: 'times new roman', times, serif;\"><strong><span style=\"font-size: 18pt;\">&gt;T\u00ednh n\u0103ng<\/span><\/strong><\/span><\/p><\/blockquote>\n<table style=\"height: 48px; width: 100%; border-collapse: collapse; background-color: #35a1cc;\">\n<tbody>\n<tr style=\"height: 24px;\">\n<td style=\"width: 50%; height: 24px;\">\n<div><span style=\"font-size: 18pt;\"><strong><span style=\"color: #ffffff; font-family: 'times new roman', times, serif;\">Ch\u1ee9c n\u0103ng th\u00e2n thi\u1ec7n v\u1edbi ng\u01b0\u1eddi d\u00f9ng\u00a0<\/span><\/strong><\/span><\/div>\n<div><span style=\"color: #ffffff; font-size: 14pt; font-family: 'times new roman', times, serif;\">&gt;l\u00ean \u0111\u1ebfn 1000 ch\u01b0\u01a1ng tr\u00ecnh do ng\u01b0\u1eddi d\u00f9ng x\u00e1c \u0111\u1ecbnh<\/span><\/div>\n<div><span style=\"color: #ffffff; font-size: 14pt; font-family: 'times new roman', times, serif;\">&gt;l\u00ean \u0111\u1ebfn 100000 l\u1ecbch s\u1eed ch\u1ea1y, c\u00f3 th\u1ec3 xu\u1ea5t d\u01b0\u1edbi d\u1ea1ng t\u1ec7p PDF<\/span><\/div>\n<div><span style=\"color: #ffffff; font-size: 14pt; font-family: 'times new roman', times, serif;\">&gt;l\u00ean \u0111\u1ebfn 40 t\u1ed1c \u0111\u1ed9 t\u0103ng t\u1ed1c v\u00e0 gi\u1ea3m t\u1ed1c<\/span><\/div>\n<div><span style=\"color: #ffffff; font-size: 14pt; font-family: 'times new roman', times, serif;\">&gt;c\u00f3 s\u1eb5n ch\u1ebf \u0111\u1ed9 ly t\u00e2m \u0111a c\u1ea5p l\u00ean \u0111\u1ebfn 7 giai \u0111o\u1ea1n<\/span><\/div>\n<div><span style=\"color: #ffffff; font-size: 14pt; font-family: 'times new roman', times, serif;\">&gt;ph\u1ea1m vi h\u1eb9n gi\u1edd l\u00ean \u0111\u1ebfn 99h59m59s, t\u0103ng d\u1ea7n 1 gi\u00e2y<\/span><\/div>\n<div><span style=\"color: #ffffff; font-size: 14pt; font-family: 'times new roman', times, serif;\">&gt;M\u00e0n h\u00ecnh c\u1ea3m \u1ee9ng LCD \u0111\u1ec3 xem v\u00e0 c\u00e0i \u0111\u1eb7t th\u00f4ng s\u1ed1<\/span><\/div>\n<div><span style=\"color: #ffffff; font-size: 14pt; font-family: 'times new roman', times, serif;\">&gt;H\u1ed7 tr\u1ee3 quay ly t\u00e2m ng\u1eafn v\u00e0 ly t\u00e2m li\u00ean t\u1ee5c<\/span><\/div>\n<div><span style=\"color: #ffffff; font-size: 14pt; font-family: 'times new roman', times, serif;\">&gt;C\u1eeda t\u1ef1 \u0111\u1ed9ng m\u1edf m\u00e0 kh\u00f4ng c\u1ea7n n\u00e2ng b\u1eb1ng tay<\/span><\/div>\n<div><span style=\"color: #ffffff; font-size: 14pt; font-family: 'times new roman', times, serif;\">&gt;Kh\u00f3a rotor t\u1ef1 \u0111\u1ed9ng, kh\u00f4ng c\u1ea7n s\u1eed d\u1ee5ng b\u1ea5t k\u1ef3 c\u00f4ng c\u1ee5 n\u00e0o.<\/span><\/div>\n<\/td>\n<td style=\"width: 50%; height: 24px;\">\n<div><strong><span style=\"color: #ffffff; font-size: 18pt; font-family: 'times new roman', times, serif;\">L\u00e0m l\u1ea1nh\u00a0<\/span><\/strong><\/div>\n<div><span style=\"color: #ffffff; font-size: 14pt; font-family: 'times new roman', times, serif;\">&gt;M\u00e1y n\u00e9n ch\u1ea5t l\u01b0\u1ee3ng cao<\/span><\/div>\n<div><span style=\"color: #ffffff; font-size: 14pt; font-family: 'times new roman', times, serif;\">&gt;-20\u00b0C \u0111\u1ebfn +40\u00b0C, t\u0103ng d\u1ea7n 1\u00b0C<\/span><\/div>\n<div><span style=\"color: #ffffff; font-size: 14pt; font-family: 'times new roman', times, serif;\">\u0110\u1ed9 ch\u00ednh x\u00e1c nhi\u1ec7t \u0111\u1ed9 cao &gt;\u00b11\u2103<\/span><\/div>\n<div><span style=\"color: #ffffff; font-size: 14pt; font-family: 'times new roman', times, serif;\">&gt;Ch\u1ea5t l\u00e0m l\u1ea1nh kh\u00f4ng ch\u1ee9a CFC<\/span><\/div>\n<div><span style=\"color: #ffffff; font-size: 14pt; font-family: 'times new roman', times, serif;\">&gt;Ki\u1ec3m so\u00e1t nhi\u1ec7t \u0111\u1ed9 \u0111\u1ed9ng PID<\/span><\/div>\n<div><span style=\"color: #ffffff; font-size: 14pt; font-family: 'times new roman', times, serif;\">&gt;C\u1ea3m bi\u1ebfn nhi\u1ec7t \u0111\u1ed9 b\u00ean trong bu\u1ed3ng<\/span><\/div>\n<div><span style=\"color: #ffffff; font-size: 14pt; font-family: 'times new roman', times, serif;\">&gt;B\u1eaft \u0111\u1ea7u l\u00e0m l\u1ea1nh khi b\u1eadt ngu\u1ed3n<\/span><\/div>\n<div><span style=\"color: #ffffff; font-size: 14pt; font-family: 'times new roman', times, serif;\">&gt;Duy tr\u00ec \u0111\u1ed9 l\u1ea1nh sau khi v\u1eaft<\/span><\/div>\n<div><span style=\"color: #ffffff; font-size: 14pt; font-family: 'times new roman', times, serif;\">&gt;V\u1edbi m\u00f4-\u0111un ti\u1ebft ki\u1ec7m n\u0103ng l\u01b0\u1ee3ng ECO<\/span><\/div>\n<\/td>\n<\/tr>\n<tr style=\"height: 24px;\">\n<td style=\"width: 50%; height: 24px;\">\n<div><span style=\"font-size: 18pt;\"><strong><span style=\"color: #ffffff; font-family: 'times new roman', times, serif;\">\u0110\u1ea3m b\u1ea3o an to\u00e0n\u00a0<\/span><\/strong><\/span><\/div>\n<div><span style=\"color: #ffffff; font-size: 14pt; font-family: 'times new roman', times, serif;\">&gt;T\u1ef1 \u0111\u1ed9ng nh\u1eadn d\u1ea1ng rotor \u0111\u1ec3 ng\u0103n ch\u1eb7n t\u1ed1c \u0111\u1ed9 qu\u00e1 m\u1ee9c<\/span><\/div>\n<div><span style=\"color: #ffffff; font-size: 14pt; font-family: 'times new roman', times, serif;\">&gt;Kh\u00f3a c\u1eeda t\u1ef1 \u0111\u1ed9ng \u0111i\u1ec7n t\u1eed c\u00f3 \u0111\u1ed9ng c\u01a1<\/span><\/div>\n<div><span style=\"color: #ffffff; font-size: 14pt; font-family: 'times new roman', times, serif;\">&gt;C\u1eeda kh\u00f4ng th\u1ec3 m\u1edf khi rotor \u0111ang quay<\/span><\/div>\n<div><span style=\"color: #ffffff; font-size: 14pt; font-family: 'times new roman', times, serif;\">&gt;B\u1ea3n l\u1ec1 kh\u00ed \u0111\u1ec3 ng\u0103n c\u1eeda r\u01a1i<\/span><\/div>\n<div><span style=\"color: #ffffff; font-size: 14pt; font-family: 'times new roman', times, serif;\">&gt;C\u1ed5ng trong c\u1eeda \u0111\u1ec3 hi\u1ec7u chu\u1ea9n v\u00e0 ki\u1ec3m tra ho\u1ea1t \u0111\u1ed9ng<\/span><\/div>\n<div><span style=\"color: #ffffff; font-size: 14pt; font-family: 'times new roman', times, serif;\">&gt;M\u1edf kh\u00f3a c\u1eeda kh\u1ea9n c\u1ea5p<\/span><\/div>\n<div><span style=\"color: #ffffff; font-size: 14pt; font-family: 'times new roman', times, serif;\">&gt;M\u1eadt kh\u1ea9u \u0111\u1ec3 kh\u00f3a thi\u1ebft b\u1ecb<\/span><\/div>\n<div><span style=\"color: #ffffff; font-size: 14pt; font-family: 'times new roman', times, serif;\">&gt;Nhi\u1ec1u bi\u1ec7n ph\u00e1p b\u1ea3o v\u1ec7 kh\u00e1c nhau \u0111\u1ec3 \u0111\u1ea3m b\u1ea3o ly t\u00e2m an to\u00e0n<\/span><\/div>\n<div><span style=\"color: #ffffff; font-size: 14pt; font-family: 'times new roman', times, serif;\">&gt;Qu\u1ea3n l\u00fd ng\u01b0\u1eddi d\u00f9ng b\u1eb1ng m\u1eadt kh\u1ea9u, v\u1edbi ph\u00e2n b\u1ed5 quy\u1ec1n<\/span><\/div>\n<\/td>\n<td style=\"width: 50%; height: 24px;\">\n<div><strong><span style=\"color: #ffffff; font-size: 18pt; font-family: 'times new roman', times, serif;\">Linh ki\u1ec7n t\u1ed1t\u00a0<\/span><\/strong><\/div>\n<div><span style=\"color: #ffffff; font-size: 14pt; font-family: 'times new roman', times, serif;\">&gt;\u0110\u1ed9ng c\u01a1: \u0110\u1ed9ng c\u01a1 t\u1ea7n s\u1ed1 thay \u0111\u1ed5i.<\/span><\/div>\n<div><span style=\"color: #ffffff; font-size: 14pt; font-family: 'times new roman', times, serif;\">\u00a0 \u00a0ch\u1ea1y \u1ed5n \u0111\u1ecbnh, kh\u00f4ng c\u1ea7n b\u1ea3o d\u01b0\u1ee1ng, tu\u1ed5i th\u1ecd cao<\/span><\/div>\n<div><span style=\"color: #ffffff; font-size: 14pt; font-family: 'times new roman', times, serif;\">&gt;V\u1ecf: Th\u00e9p d\u00e0y v\u00e0 ch\u1eafc ch\u1eafn<\/span><\/div>\n<div><span style=\"color: #ffffff; font-size: 14pt; font-family: 'times new roman', times, serif;\">&gt;Bu\u1ed3ng: Th\u00e9p kh\u00f4ng g\u1ec9 y t\u1ebf 316.<\/span><\/div>\n<div><span style=\"color: #ffffff; font-size: 14pt; font-family: 'times new roman', times, serif;\">\u00a0 \u00a0ch\u1ed1ng \u0103n m\u00f2n v\u00e0 d\u1ec5 v\u1ec7 sinh<\/span><\/div>\n<div><span style=\"color: #ffffff; font-size: 14pt; font-family: 'times new roman', times, serif;\">&gt;Rotor: Rotor g\u00f3c c\u1ed1 \u0111\u1ecbnh b\u1eb1ng h\u1ee3p kim nh\u00f4m<\/span><\/div>\n<div><span style=\"color: #ffffff; font-size: 14pt; font-family: 'times new roman', times, serif;\">&gt;Rotor c\u00f3 th\u1ec3 h\u1ea5p ti\u1ec7t tr\u00f9ng\u00a0<\/span><\/div>\n<\/td>\n<\/tr>\n<\/tbody>\n<\/table>\n<blockquote><p><span style=\"font-family: 'times new roman', times, serif;\"><strong><span style=\"font-size: 18pt;\">&gt;C\u00e1c lo\u1ea1i rotor c\u00f3 s\u1eb5n<\/span><\/strong><\/span><\/p><\/blockquote>\n<table style=\"border-collapse: collapse; width: 100%;\">\n<tbody>\n<tr>\n<td style=\"width: 33.3333%;\"><img fetchpriority=\"high\" decoding=\"async\" class=\"alignnone size-full wp-image-22353\" src=\"https:\/\/lexamedlab.com\/wp-content\/uploads\/2025\/05\/6x500ml-1-1.webp\" alt=\"\" width=\"1500\" height=\"1000\" \/><\/td>\n<td style=\"width: 33.3333%;\"><img decoding=\"async\" class=\"alignnone size-full wp-image-22354\" src=\"https:\/\/lexamedlab.com\/wp-content\/uploads\/2025\/05\/6x1000ml-1.webp\" alt=\"\" width=\"1500\" height=\"1000\" \/><\/td>\n<td style=\"width: 33.3333%;\"><img decoding=\"async\" class=\"alignnone size-full wp-image-22355\" src=\"https:\/\/lexamedlab.com\/wp-content\/uploads\/2025\/05\/6x300ml.webp\" alt=\"\" width=\"1500\" height=\"1000\" \/><\/td>\n<\/tr>\n<tr>\n<td style=\"width: 33.3333%;\">\n<div><span style=\"font-size: 14pt; font-family: 'times new roman', times, serif;\">Rotor: Rotor g\u00f3c c\u1ed1 \u0111\u1ecbnh<\/span><\/div>\n<div><span style=\"font-size: 14pt; font-family: 'times new roman', times, serif;\">S\u1ee9c ch\u1ee9a: 6\u00d7500ml<\/span><\/div>\n<div><span style=\"font-size: 14pt; font-family: 'times new roman', times, serif;\">T\u1ed1c \u0111\u1ed9 t\u1ed1i \u0111a: 10000 v\u00f2ng\/ph\u00fat<\/span><\/div>\n<div><span style=\"font-size: 14pt; font-family: 'times new roman', times, serif;\">L\u1ef1c RCF t\u1ed1i \u0111a: 18590\u00d7g<\/span><\/div>\n<div><span style=\"font-size: 14pt; font-family: 'times new roman', times, serif;\">K\u00edch th\u01b0\u1edbc \u1ed1ng: \u03a674\u00d7170mm<\/span><\/div>\n<\/td>\n<td style=\"width: 33.3333%;\">\n<div><span style=\"font-size: 14pt; font-family: 'times new roman', times, serif;\">Rotor: Rotor g\u00f3c c\u1ed1 \u0111\u1ecbnh<\/span><\/div>\n<div><span style=\"font-size: 14pt; font-family: 'times new roman', times, serif;\">S\u1ee9c ch\u1ee9a: 6\u00d71000ml<\/span><\/div>\n<div><span style=\"font-size: 14pt; font-family: 'times new roman', times, serif;\">T\u1ed1c \u0111\u1ed9 t\u1ed1i \u0111a: 8000 v\u00f2ng\/ph\u00fat<\/span><\/div>\n<div><span style=\"font-size: 14pt; font-family: 'times new roman', times, serif;\">L\u1ef1c RCF t\u1ed1i \u0111a: 15190\u00d7g<\/span><\/div>\n<div><span style=\"font-size: 14pt; font-family: 'times new roman', times, serif;\">K\u00edch th\u01b0\u1edbc \u1ed1ng: \u03a697\u00d7166mm<\/span><\/div>\n<\/td>\n<td style=\"width: 33.3333%;\">\n<div><span style=\"font-size: 14pt; font-family: 'times new roman', times, serif;\">Rotor: Rotor g\u00f3c c\u1ed1 \u0111\u1ecbnh<\/span><\/div>\n<div><span style=\"font-size: 14pt; font-family: 'times new roman', times, serif;\">S\u1ee9c ch\u1ee9a: 6\u00d7300ml<\/span><\/div>\n<div><span style=\"font-size: 14pt; font-family: 'times new roman', times, serif;\">T\u1ed1c \u0111\u1ed9 t\u1ed1i \u0111a: 10000 v\u00f2ng\/ph\u00fat<\/span><\/div>\n<div><span style=\"font-size: 14pt; font-family: 'times new roman', times, serif;\">L\u1ef1c RCF t\u1ed1i \u0111a: 16750\u00d7g<\/span><\/div>\n<div><span style=\"font-size: 14pt; font-family: 'times new roman', times, serif;\">K\u00edch th\u01b0\u1edbc \u1ed1ng: \u03a661\u00d7136mm<\/span><\/div>\n<\/td>\n<\/tr>\n<\/tbody>\n<\/table>","protected":false},"excerpt":{"rendered":"<div><span style=\"font-size: 14pt; font-family: 'times new roman', times, serif;\">LG-10M l\u00e0 m\u00e1y ly t\u00e2m c\u00f4ng su\u1ea5t l\u1edbn t\u1ed1c \u0111\u1ed9 cao. T\u1ed1c \u0111\u1ed9 t\u1ed1i \u0111a c\u1ee7a n\u00f3 l\u00e0 10000 v\u00f2ng\/ph\u00fat. N\u00f3 d\u00e0nh cho m\u00e1y ly t\u00e2m c\u00f4ng su\u1ea5t l\u1edbn. C\u00f3 ba rotor cho m\u00e1y ly t\u00e2m n\u00e0y: 6*500ml, 6*1000ml, 6*300ml. N\u1ebfu b\u1ea1n c\u1ea7n ly t\u00e2m c\u00f4ng su\u1ea5t l\u1edbn v\u00e0 y\u00eau c\u1ea7u t\u1ed1c \u0111\u1ed9 cao, m\u00e1y ly t\u00e2m n\u00e0y s\u1ebd l\u00e0 s\u1ef1 l\u1ef1a ch\u1ecdn c\u1ee7a b\u1ea1n.<\/span><\/div>\n<ul>\n<li><span style=\"font-size: 14pt; font-family: 'times new roman', times, serif;\">T\u1ed1c \u0111\u1ed9 t\u1ed1i \u0111a\u00a0 \u00a0 \u00a0 \u00a0 \u00a0 \u00a0 \u00a0 \u00a0 \u00a0 \u00a0 \u00a0 <span class=\"item-val\">10000 v\u00f2ng\/ph\u00fat<\/span><\/span><\/li>\n<li><span style=\"font-size: 14pt; font-family: 'times new roman', times, serif;\">L\u1ef1c ly t\u00e2m t\u1ed1i \u0111a\u00a0 \u00a0<span class=\"item-val\">18590Xg<\/span><\/span><\/li>\n<li><span style=\"font-size: 14pt; font-family: 'times new roman', times, serif;\">C\u00f4ng su\u1ea5t t\u1ed1i \u0111a\u00a0 \u00a0 \u00a0 \u00a0 \u00a0 \u00a0 \u00a0 \u00a0 \u00a0 <span class=\"item-val\">6*1000ml<\/span><\/span><\/li>\n<li><span style=\"font-size: 14pt; font-family: 'times new roman', times, serif;\">Ph\u1ea1m vi nhi\u1ec7t \u0111\u1ed9\u00a0 \u00a0 \u00a0 \u00a0 \u00a0<span class=\"item-val\">-20\u2103-40\u2103<\/span><\/span><\/li>\n<li><span style=\"font-size: 14pt; font-family: 'times new roman', times, serif;\">\u0110\u1ed9 ch\u00ednh x\u00e1c nhi\u1ec7t \u0111\u1ed9\u00a0 \u00a0 <span class=\"item-val\">\u00b11\u2103<\/span><\/span><\/li>\n<li><span style=\"font-size: 14pt; font-family: 'times new roman', times, serif;\">\u0110\u1ed9 ch\u00ednh x\u00e1c t\u1ed1c \u0111\u1ed9\u00a0 \u00a0 \u00a0 \u00a0 \u00a0 \u00a0 \u00a0 <span class=\"item-val\">\u00b110 v\u00f2ng\/ph\u00fat<\/span><\/span><\/li>\n<li><span style=\"font-size: 14pt; font-family: 'times new roman', times, serif;\">C\u00e2n n\u1eb7ng\u00a0 \u00a0 \u00a0 \u00a0 \u00a0 \u00a0 \u00a0 \u00a0 \u00a0 \u00a0 \u00a0 \u00a0 \u00a0 \u00a0 <span class=\"item-val\">250KG<\/span><\/span><\/li>\n<\/ul>","protected":false},"featured_media":22356,"comment_status":"open","ping_status":"closed","template":"","meta":{"_acf_changed":false},"product_brand":[],"product_cat":[20,80,93,88,89],"product_tag":[],"class_list":{"0":"post-22352","1":"product","2":"type-product","3":"status-publish","4":"has-post-thumbnail","6":"product_cat-all","7":"product_cat-centrifuge","8":"product_cat-floorstanding-high-speed-refrigerated-centrifuge","9":"product_cat-high-speed-centrifuge","10":"product_cat-high-speed-refrigerated-centrifuge","12":"first","13":"instock","14":"shipping-taxable","15":"product-type-simple"},"acf":[],"_links":{"self":[{"href":"https:\/\/lexamedlab.com\/vi\/wp-json\/wp\/v2\/product\/22352","targetHints":{"allow":["GET"]}}],"collection":[{"href":"https:\/\/lexamedlab.com\/vi\/wp-json\/wp\/v2\/product"}],"about":[{"href":"https:\/\/lexamedlab.com\/vi\/wp-json\/wp\/v2\/types\/product"}],"replies":[{"embeddable":true,"href":"https:\/\/lexamedlab.com\/vi\/wp-json\/wp\/v2\/comments?post=22352"}],"version-history":[{"count":1,"href":"https:\/\/lexamedlab.com\/vi\/wp-json\/wp\/v2\/product\/22352\/revisions"}],"predecessor-version":[{"id":22361,"href":"https:\/\/lexamedlab.com\/vi\/wp-json\/wp\/v2\/product\/22352\/revisions\/22361"}],"wp:featuredmedia":[{"embeddable":true,"href":"https:\/\/lexamedlab.com\/vi\/wp-json\/wp\/v2\/media\/22356"}],"wp:attachment":[{"href":"https:\/\/lexamedlab.com\/vi\/wp-json\/wp\/v2\/media?parent=22352"}],"wp:term":[{"taxonomy":"product_brand","embeddable":true,"href":"https:\/\/lexamedlab.com\/vi\/wp-json\/wp\/v2\/product_brand?post=22352"},{"taxonomy":"product_cat","embeddable":true,"href":"https:\/\/lexamedlab.com\/vi\/wp-json\/wp\/v2\/product_cat?post=22352"},{"taxonomy":"product_tag","embeddable":true,"href":"https:\/\/lexamedlab.com\/vi\/wp-json\/wp\/v2\/product_tag?post=22352"}],"curies":[{"name":"wp","href":"https:\/\/api.w.org\/{rel}","templated":true}]}}