{"id":22463,"date":"2025-05-22T05:49:32","date_gmt":"2025-05-22T05:49:32","guid":{"rendered":"https:\/\/lexamedlab.com\/?post_type=product&#038;p=22463"},"modified":"2025-05-27T15:11:36","modified_gmt":"2025-05-27T15:11:36","slug":"automatic-decap-blood-collection-tube-centrifuge-biosafety-type-dd-5g","status":"publish","type":"product","link":"https:\/\/lexamedlab.com\/vi\/product\/automatic-decap-blood-collection-tube-centrifuge-biosafety-type-dd-5g\/","title":{"rendered":"M\u00e1y ly t\u00e2m \u1ed1ng l\u1ea5y m\u00e1u t\u1ef1 \u0111\u1ed9ng (Lo\u1ea1i an to\u00e0n sinh h\u1ecdc) DD-5G"},"content":{"rendered":"<p><strong><span style=\"font-family: 'times new roman', times, serif; font-size: 14pt;\">T\u00ednh n\u0103ng\u00a0<\/span><\/strong><\/p>\n<p><span style=\"font-family: 'times new roman', times, serif; font-size: 14pt;\">1. \u0110\u1ed9ng c\u01a1 t\u1ea7n s\u1ed1 thay \u0111\u1ed5i. C\u00f3 ba lo\u1ea1i \u0111\u1ed9ng c\u01a1 - \u0110\u1ed9ng c\u01a1 ch\u1ed5i than, \u0111\u1ed9ng c\u01a1 kh\u00f4ng ch\u1ed5i than v\u00e0 \u0111\u1ed9ng c\u01a1 t\u1ea7n s\u1ed1 thay \u0111\u1ed5i, lo\u1ea1i cu\u1ed1i c\u00f9ng l\u00e0 t\u1ed1t nh\u1ea5t. T\u1ef7 l\u1ec7 h\u1ecfng h\u00f3c th\u1ea5p, th\u00e2n thi\u1ec7n v\u1edbi m\u00f4i tr\u01b0\u1eddng, kh\u00f4ng c\u1ea7n b\u1ea3o tr\u00ec v\u00e0 hi\u1ec7u su\u1ea5t t\u1ed1t. Hi\u1ec7u su\u1ea5t t\u1ed1t c\u1ee7a n\u00f3 l\u00e0m cho \u0111\u1ed9 ch\u00ednh x\u00e1c t\u1ed1c \u0111\u1ed9 \u0111\u1ea1t t\u1edbi \u00b110 v\u00f2ng\/ph\u00fat. <\/span><\/p>\n<p><span style=\"font-family: 'times new roman', times, serif; font-size: 14pt;\">2. M\u00e0n h\u00ecnh c\u1ea3m \u1ee9ng LCD, c\u00f3 th\u1ec3 thi\u1ebft l\u1eadp th\u00f4ng s\u1ed1 b\u1eb1ng c\u00e1ch nh\u1eadp s\u1ed1 tr\u1ef1c ti\u1ebfp. M\u1ecdi th\u1ee9 \u0111\u01b0\u1ee3c hi\u1ec3n th\u1ecb tr\u00ean m\u00e0n h\u00ecnh c\u1ea3m \u1ee9ng LCD \u0111\u01a1n gi\u1ea3n v\u00e0 r\u00f5 r\u00e0ng. Khi ch\u00fang ta mu\u1ed1n thi\u1ebft l\u1eadp th\u00f4ng s\u1ed1, ch\u1ec9 c\u1ea7n ch\u1ea1m v\u00e0o m\u00e0n h\u00ecnh v\u00e0 nh\u1eadp s\u1ed1. <\/span><\/p>\n<p><span style=\"font-family: 'times new roman', times, serif; font-size: 14pt;\">3. Kh\u00f3a c\u1eeda \u0111i\u1ec7n t\u1eed Khi m\u00e1y ly t\u00e2m \u0111ang ho\u1ea1t \u0111\u1ed9ng, ch\u00fang ta ph\u1ea3i \u0111\u1ea3m b\u1ea3o c\u1eeda kh\u00f4ng m\u1edf. Ch\u00fang t\u00f4i s\u1eed d\u1ee5ng kh\u00f3a c\u1eeda \u0111i\u1ec7n t\u1eed \u0111\u1ec3 \u0111\u1ea3m b\u1ea3o an to\u00e0n.<\/span><\/p>\n<p><span style=\"font-family: 'times new roman', times, serif; font-size: 14pt;\"> 4. To\u00e0n b\u1ed9 th\u00e2n m\u00e1y b\u1eb1ng th\u00e9p v\u00e0 bu\u1ed3ng b\u1eb1ng th\u00e9p kh\u00f4ng g\u1ec9 304SS. \u0110\u1ec3 \u0111\u1ea3m b\u1ea3o ho\u1ea1t \u0111\u1ed9ng an to\u00e0n v\u00e0 l\u00e0m cho m\u00e1y ly t\u00e2m b\u1ec1n v\u00e0 ch\u1eafc, ch\u00fang t\u00f4i s\u1eed d\u1ee5ng v\u1eadt li\u1ec7u th\u00e9p c\u00f3 gi\u00e1 th\u00e0nh cao v\u00e0 th\u00e9p kh\u00f4ng g\u1ec9 304. <\/span><\/p>\n<p><span style=\"font-family: 'times new roman', times, serif; font-size: 14pt;\">5. 40 m\u1ee9c t\u0103ng t\u1ed1c v\u00e0 gi\u1ea3m t\u1ed1c. Ch\u1ee9c n\u0103ng n\u00e0y ho\u1ea1t \u0111\u1ed9ng nh\u01b0 th\u1ebf n\u00e0o? \u0110\u1eb7t m\u1ed9t v\u00ed d\u1ee5, ch\u00fang ta \u0111\u1eb7t t\u1ed1c \u0111\u1ed9 5000 v\u00f2ng\/ph\u00fat v\u00e0 nh\u1ea5n n\u00fat B\u1eaeT \u0110\u1ea6U, sau \u0111\u00f3 m\u00e1y ly t\u00e2m s\u1ebd t\u0103ng t\u1ed1c t\u1eeb 0 v\u00f2ng\/ph\u00fat l\u00ean 5000 v\u00f2ng\/ph\u00fat. T\u1eeb 0 v\u00f2ng\/ph\u00fat l\u00ean 5000 v\u00f2ng\/ph\u00fat, ch\u00fang ta c\u00f3 th\u1ec3 l\u00e0m cho n\u00f3 m\u1ea5t \u00edt th\u1eddi gian h\u01a1n hay nhi\u1ec1u th\u1eddi gian h\u01a1n, n\u00f3i c\u00e1ch kh\u00e1c, ch\u1ea1y nhanh h\u01a1n hay ch\u1eadm h\u01a1n? C\u00f3, m\u00e1y ly t\u00e2m n\u00e0y h\u1ed7 tr\u1ee3. <\/span><\/p>\n<p><span style=\"font-family: 'times new roman', times, serif; font-size: 14pt;\">6. C\u00f3 th\u1ec3 l\u01b0u tr\u1eef 12 ch\u01b0\u01a1ng tr\u00ecnh Trong qu\u00e1 tr\u00ecnh s\u1eed d\u1ee5ng h\u00e0ng ng\u00e0y, ch\u00fang ta c\u00f3 th\u1ec3 c\u1ea7n thi\u1ebft l\u1eadp c\u00e1c th\u00f4ng s\u1ed1 kh\u00e1c nhau cho c\u00e1c m\u1ee5c \u0111\u00edch kh\u00e1c nhau \u0111\u1ec3 s\u1eed d\u1ee5ng trong t\u01b0\u01a1ng lai. M\u00e1y ly t\u00e2m n\u00e0y c\u00f3 th\u1ec3 l\u01b0u tr\u1eef 12 ch\u01b0\u01a1ng tr\u00ecnh. <\/span><\/p>\n<p><span style=\"font-family: 'times new roman', times, serif; font-size: 14pt;\">7. Ly t\u00e2m v\u00e0 t\u00e1ch n\u1eafp \u0111\u01b0\u1ee3c ho\u00e0n th\u00e0nh c\u00f9ng m\u1ed9t l\u00fac. Ch\u1ee9c n\u0103ng n\u00e0y c\u00f3 th\u1ec3 tr\u00e1nh vi\u1ec7c tr\u1ed9n l\u1ea1i sau khi t\u00e1ch m\u1eabu. <\/span><\/p>\n<p><span style=\"font-family: 'times new roman', times, serif; font-size: 14pt;\">8. H\u1ec7 th\u1ed1ng l\u1ecdc hi\u1ec7u su\u1ea5t cao Kh\u00ed \u0111\u1ed9c h\u1ea1i sinh ra trong qu\u00e1 tr\u00ecnh t\u00e1ch \u0111\u01b0\u1ee3c l\u1ecdc ra sau khi th\u00e1o n\u1eafp k\u1ecbp th\u1eddi, tr\u00e1nh l\u00e2y nhi\u1ec5m ch\u00e9o m\u1eabu m\u1ed9t c\u00e1ch hi\u1ec7u qu\u1ea3 v\u00e0 gi\u1ea3m nguy c\u01a1 l\u00e2y nhi\u1ec5m cho ng\u01b0\u1eddi v\u1eadn h\u00e0nh. \u0110\u00f3 l\u00e0 l\u00fd do t\u1ea1i sao DD-TG l\u00e0 m\u00e1y lo\u1ea1i an to\u00e0n sinh h\u1ecdc. <\/span><\/p>\n<p><span style=\"font-family: 'times new roman', times, serif; font-size: 14pt;\">9. \u0110\u01b0\u1ee3c thi\u1ebft k\u1ebf \u0111\u1eb7c bi\u1ec7t cho \u1ed1ng l\u1ea5y m\u00e1u ch\u00e2n kh\u00f4ng Th\u00edch h\u1ee3p cho c\u00e1c \u1ed1ng l\u1ea5y m\u00e1u ch\u00e2n kh\u00f4ng c\u00f3 nhi\u1ec1u dung t\u00edch kh\u00e1c nhau. <\/span><\/p>\n<p><span style=\"font-family: 'times new roman', times, serif; font-size: 14pt;\">10. Ch\u1ee9c n\u0103ng kh\u1eed tr\u00f9ng b\u1eb1ng tia UV v\u00e0 \u0111i\u1ec1u khi\u1ec3n c\u00f4ng t\u1eafc \u0111\u1ed9c l\u1eadp (Lo\u1ea1i an to\u00e0n sinh h\u1ecdc)<\/span><\/p>\n<p><span style=\"font-family: 'times new roman', times, serif; font-size: 18pt;\"><strong>r\u00f4to\u00a0<\/strong><\/span><\/p>\n<table style=\"border-collapse: collapse; width: 100%;\">\n<tbody>\n<tr>\n<td style=\"width: 25%;\">S\u1ed1 1 rotor xoay ra<\/td>\n<td style=\"width: 25%;\">Roto decap t\u1ef1 \u0111\u1ed9ng s\u1ed1 2<\/td>\n<td style=\"width: 25%;\">Roto decap t\u1ef1 \u0111\u1ed9ng s\u1ed1 3<\/td>\n<td style=\"width: 25%;\">Roto t\u1ef1 \u0111\u1ed9ng th\u00e1o n\u1eafp s\u1ed1 4<\/td>\n<\/tr>\n<tr>\n<td style=\"width: 25%;\"><img fetchpriority=\"high\" decoding=\"async\" class=\"alignnone size-full wp-image-22464\" src=\"https:\/\/lexamedlab.com\/wp-content\/uploads\/2025\/05\/4x250ml-with-wind-cover-scaled.png\" alt=\"\" width=\"2560\" height=\"1115\" \/><\/td>\n<td style=\"width: 25%;\"><img decoding=\"async\" class=\"alignnone  wp-image-22465\" src=\"https:\/\/lexamedlab.com\/wp-content\/uploads\/2025\/05\/80x7ml-\u8131\u5e3d-scaled.png\" alt=\"\" width=\"278\" height=\"234\" \/><\/td>\n<td style=\"width: 25%;\"><img decoding=\"async\" class=\"alignnone size-full wp-image-22466\" src=\"https:\/\/lexamedlab.com\/wp-content\/uploads\/2025\/05\/120x7\u8131\u76d6-scaled.png\" alt=\"\" width=\"2560\" height=\"2102\" \/><\/td>\n<td style=\"width: 25%;\"><img loading=\"lazy\" decoding=\"async\" class=\"alignnone size-full wp-image-22467\" src=\"https:\/\/lexamedlab.com\/wp-content\/uploads\/2025\/05\/140x7ml-scaled.png\" alt=\"\" width=\"2560\" height=\"2145\" \/><\/td>\n<\/tr>\n<tr>\n<td style=\"width: 25%;\">\n<div>Rotor: Rotor xoay ra ngo\u00e0i<\/div>\n<div>S\u1ee9c ch\u1ee9a: 4x250ml<\/div>\n<div>T\u1ed1c \u0111\u1ed9 t\u1ed1i \u0111a: 5000 v\u00f2ng\/ph\u00fat<\/div>\n<div>RCF t\u1ed1i \u0111a: 5200xg<\/div>\n<\/td>\n<td style=\"width: 25%;\">\n<div>Rotor: Rotor xoay ra ngo\u00e0i<\/div>\n<div>S\u1ee9c ch\u1ee9a: 8\u00d72~7ml<\/div>\n<div>T\u1ed1c \u0111\u1ed9 t\u1ed1i \u0111a: 4000 v\u00f2ng\/ph\u00fat<\/div>\n<div>RCF t\u1ed1i \u0111a: 3400xg<\/div>\n<\/td>\n<td style=\"width: 25%;\">\n<div>Rotor: Rotor xoay ra ngo\u00e0i<\/div>\n<div>S\u1ee9c ch\u1ee9a: 120\u00d72~7ml<\/div>\n<div>T\u1ed1c \u0111\u1ed9 t\u1ed1i \u0111a: 4000 v\u00f2ng\/ph\u00fat<\/div>\n<div>RCF t\u1ed1i \u0111a: 3580xg<\/div>\n<\/td>\n<td style=\"width: 25%;\">\n<div>Rotor: Rotor xoay ra ngo\u00e0i<\/div>\n<div>S\u1ee9c ch\u1ee9a: 140\u00d72~7ml<\/div>\n<div>T\u1ed1c \u0111\u1ed9 t\u1ed1i \u0111a: 4000 v\u00f2ng\/ph\u00fat<\/div>\n<div>RCF t\u1ed1i \u0111a: 3580xg<\/div>\n<\/td>\n<\/tr>\n<\/tbody>\n<\/table>\n<p>&nbsp;<\/p>","protected":false},"excerpt":{"rendered":"<p><span style=\"font-size: 14pt; font-family: 'times new roman', times, serif;\">DD-5G l\u00e0 m\u00e1y ly t\u00e2m \u1ed1ng l\u1ea5y m\u00e1u ch\u00e2n kh\u00f4ng t\u1ef1 \u0111\u1ed9ng lo\u1ea1i an to\u00e0n sinh h\u1ecdc, ph\u00f9 h\u1ee3p v\u1edbi c\u00e1c \u1ed1ng l\u1ea5y m\u00e1u ch\u00e2n kh\u00f4ng c\u00f3 nhi\u1ec1u dung t\u00edch kh\u00e1c nhau. Qu\u00e1 tr\u00ecnh ly t\u00e2m v\u00e0 t\u00e1ch n\u1eafp \u0111\u01b0\u1ee3c ho\u00e0n th\u00e0nh c\u00f9ng m\u1ed9t l\u00fac \u0111\u1ec3 tr\u00e1nh tr\u1ed9n l\u1ea1i sau khi t\u00e1ch m\u1eabu. H\u1ec7 th\u1ed1ng l\u1ecdc hi\u1ec7u su\u1ea5t cao \u0111\u1eb7c bi\u1ec7t c\u1ee7a m\u00e1y \u0111\u00e3 l\u1ecdc kh\u00ed \u0111\u1ed9c h\u1ea1i sinh ra trong qu\u00e1 tr\u00ecnh t\u00e1ch sau khi th\u00e1o n\u1eafp k\u1ecbp th\u1eddi, tr\u00e1nh l\u00e2y nhi\u1ec5m ch\u00e9o m\u1eabu m\u1ed9t c\u00e1ch hi\u1ec7u qu\u1ea3 v\u00e0 gi\u1ea3m nguy c\u01a1 l\u00e2y nhi\u1ec5m cho ng\u01b0\u1eddi v\u1eadn h\u00e0nh. \u0110\u00f3 l\u00e0 l\u00fd do t\u1ea1i sao DD-TG l\u00e0 m\u00e1y lo\u1ea1i an to\u00e0n sinh h\u1ecdc.<\/span><\/p>\n<ul>\n<li><span style=\"font-size: 14pt; font-family: 'times new roman', times, serif;\">T\u1ed1c \u0111\u1ed9 t\u1ed1i \u0111a\u00a0 \u00a0 \u00a0 \u00a0 \u00a0 \u00a0 \u00a0 \u00a0 \u00a0 \u00a0<span class=\"item-val\">5000 v\u00f2ng\/ph\u00fat<\/span><\/span><\/li>\n<li><span style=\"font-size: 14pt; font-family: 'times new roman', times, serif;\">RCF t\u1ed1i \u0111a\u00a0 \u00a0 \u00a0 \u00a0 \u00a0 \u00a0 \u00a0 \u00a0 \u00a0 \u00a0 \u00a0<span class=\"item-val\">5200xg<\/span><\/span><\/li>\n<li><span style=\"font-size: 14pt; font-family: 'times new roman', times, serif;\">C\u00f4ng su\u1ea5t t\u1ed1i \u0111a\u00a0 \u00a0 \u00a0 \u00a0 \u00a0 \u00a0 \u00a0 \u00a0<span class=\"item-val\">4*800ml<\/span><\/span><\/li>\n<li><span style=\"font-size: 14pt; font-family: 'times new roman', times, serif;\">Ph\u1ea1m vi h\u1eb9n gi\u1edd\u00a0 \u00a0 \u00a0 \u00a0 \u00a0 \u00a0 \u00a0 \u00a0 \u00a0<span class=\"item-val\">1 gi\u00e2y \u0111\u1ebfn 99h59m59s<\/span><\/span><\/li>\n<li><span style=\"font-size: 14pt; font-family: 'times new roman', times, serif;\">\u0110\u1ed9 ch\u00ednh x\u00e1c t\u1ed1c \u0111\u1ed9\u00a0 \u00a0 \u00a0 \u00a0 \u00a0 \u00a0 <span class=\"item-val\">\u00b110 v\u00f2ng\/ph\u00fat<\/span><\/span><\/li>\n<li><span style=\"font-size: 14pt; font-family: 'times new roman', times, serif;\">Ti\u1ebfng \u1ed3n\u00a0 \u00a0 \u00a0 \u00a0 \u00a0 \u00a0 \u00a0 \u00a0 \u00a0 \u00a0 \u00a0 \u00a0 \u00a0 \u00a0 <span class=\"item-val\">\u226460dB(A)<\/span><\/span><\/li>\n<li><span style=\"font-size: 14pt; font-family: 'times new roman', times, serif;\">Ti\u00eau th\u1ee5 \u0111i\u1ec7n n\u0103ng\u00a0 \u00a0 \u00a0<span class=\"item-val\">1,1KW<\/span><\/span><\/li>\n<li><span style=\"font-size: 14pt; font-family: 'times new roman', times, serif;\">K\u00edch th\u01b0\u1edbc\u00a0 \u00a0 \u00a0 \u00a0 \u00a0 \u00a0 \u00a0 \u00a0 \u00a0 \u00a0<span class=\"item-val\">680x620x840mm<\/span><\/span><\/li>\n<li><span style=\"font-size: 14pt; font-family: 'times new roman', times, serif;\">Tr\u1ecdng l\u01b0\u1ee3ng t\u1ecbnh\u00a0 \u00a0 \u00a0 \u00a0 \u00a0 \u00a0 \u00a0 \u00a0 \u00a0 \u00a0<span class=\"item-val\">145kg<\/span><\/span><\/li>\n<\/ul>\n<p>&nbsp;<\/p>","protected":false},"featured_media":22469,"comment_status":"open","ping_status":"closed","template":"","meta":{"_acf_changed":false},"product_brand":[],"product_cat":[20,80,97],"product_tag":[],"class_list":{"0":"post-22463","1":"product","2":"type-product","3":"status-publish","4":"has-post-thumbnail","6":"product_cat-all","7":"product_cat-centrifuge","8":"product_cat-special-purpose-centrifuge","10":"first","11":"instock","12":"shipping-taxable","13":"product-type-simple"},"acf":[],"_links":{"self":[{"href":"https:\/\/lexamedlab.com\/vi\/wp-json\/wp\/v2\/product\/22463","targetHints":{"allow":["GET"]}}],"collection":[{"href":"https:\/\/lexamedlab.com\/vi\/wp-json\/wp\/v2\/product"}],"about":[{"href":"https:\/\/lexamedlab.com\/vi\/wp-json\/wp\/v2\/types\/product"}],"replies":[{"embeddable":true,"href":"https:\/\/lexamedlab.com\/vi\/wp-json\/wp\/v2\/comments?post=22463"}],"version-history":[{"count":1,"href":"https:\/\/lexamedlab.com\/vi\/wp-json\/wp\/v2\/product\/22463\/revisions"}],"predecessor-version":[{"id":22472,"href":"https:\/\/lexamedlab.com\/vi\/wp-json\/wp\/v2\/product\/22463\/revisions\/22472"}],"wp:featuredmedia":[{"embeddable":true,"href":"https:\/\/lexamedlab.com\/vi\/wp-json\/wp\/v2\/media\/22469"}],"wp:attachment":[{"href":"https:\/\/lexamedlab.com\/vi\/wp-json\/wp\/v2\/media?parent=22463"}],"wp:term":[{"taxonomy":"product_brand","embeddable":true,"href":"https:\/\/lexamedlab.com\/vi\/wp-json\/wp\/v2\/product_brand?post=22463"},{"taxonomy":"product_cat","embeddable":true,"href":"https:\/\/lexamedlab.com\/vi\/wp-json\/wp\/v2\/product_cat?post=22463"},{"taxonomy":"product_tag","embeddable":true,"href":"https:\/\/lexamedlab.com\/vi\/wp-json\/wp\/v2\/product_tag?post=22463"}],"curies":[{"name":"wp","href":"https:\/\/api.w.org\/{rel}","templated":true}]}}