{"id":22473,"date":"2025-05-22T05:50:06","date_gmt":"2025-05-22T05:50:06","guid":{"rendered":"https:\/\/lexamedlab.com\/?post_type=product&#038;p=22473"},"modified":"2025-05-27T15:11:36","modified_gmt":"2025-05-27T15:11:36","slug":"benchtop-prp-ppp-centrifuge-td-450","status":"publish","type":"product","link":"https:\/\/lexamedlab.com\/vi\/product\/benchtop-prp-ppp-centrifuge-td-450\/","title":{"rendered":"M\u00e1y ly t\u00e2m PRP \/ PPP \u0111\u1ec3 b\u00e0n TD-450"},"content":{"rendered":"<p><strong><span style=\"font-family: 'times new roman', times, serif; font-size: 14pt;\">T\u00ednh n\u0103ng\u00a0<\/span><\/strong><\/p>\n<p><span style=\"font-family: 'times new roman', times, serif; font-size: 14pt;\">1. \u0110\u1ed9ng c\u01a1 t\u1ea7n s\u1ed1 thay \u0111\u1ed5i. C\u00f3 ba lo\u1ea1i \u0111\u1ed9ng c\u01a1 - \u0110\u1ed9ng c\u01a1 ch\u1ed5i than, \u0111\u1ed9ng c\u01a1 kh\u00f4ng ch\u1ed5i than v\u00e0 \u0111\u1ed9ng c\u01a1 t\u1ea7n s\u1ed1 thay \u0111\u1ed5i, lo\u1ea1i cu\u1ed1i c\u00f9ng l\u00e0 t\u1ed1t nh\u1ea5t. T\u1ef7 l\u1ec7 h\u1ecfng h\u00f3c th\u1ea5p, th\u00e2n thi\u1ec7n v\u1edbi m\u00f4i tr\u01b0\u1eddng, kh\u00f4ng c\u1ea7n b\u1ea3o tr\u00ec v\u00e0 hi\u1ec7u su\u1ea5t t\u1ed1t. Hi\u1ec7u su\u1ea5t t\u1ed1t c\u1ee7a n\u00f3 l\u00e0m cho \u0111\u1ed9 ch\u00ednh x\u00e1c t\u1ed1c \u0111\u1ed9 \u0111\u1ea1t t\u1edbi \u00b110 v\u00f2ng\/ph\u00fat.<\/span><\/p>\n<p><span style=\"font-family: 'times new roman', times, serif; font-size: 14pt;\"> 2. To\u00e0n b\u1ed9 th\u00e2n m\u00e1y b\u1eb1ng th\u00e9p v\u00e0 bu\u1ed3ng b\u1eb1ng th\u00e9p kh\u00f4ng g\u1ec9 304SS. \u0110\u1ec3 \u0111\u1ea3m b\u1ea3o ho\u1ea1t \u0111\u1ed9ng an to\u00e0n v\u00e0 l\u00e0m cho m\u00e1y ly t\u00e2m b\u1ec1n v\u00e0 ch\u1eafc, ch\u00fang t\u00f4i s\u1eed d\u1ee5ng v\u1eadt li\u1ec7u th\u00e9p c\u00f3 gi\u00e1 th\u00e0nh cao v\u00e0 th\u00e9p kh\u00f4ng g\u1ec9 304. <\/span><\/p>\n<p><span style=\"font-family: 'times new roman', times, serif; font-size: 14pt;\">3. Kh\u00f3a c\u1eeda \u0111i\u1ec7n t\u1eed Khi m\u00e1y ly t\u00e2m \u0111ang ho\u1ea1t \u0111\u1ed9ng, ch\u00fang ta ph\u1ea3i \u0111\u1ea3m b\u1ea3o c\u1eeda kh\u00f4ng m\u1edf. Ch\u00fang t\u00f4i s\u1eed d\u1ee5ng kh\u00f3a c\u1eeda \u0111i\u1ec7n t\u1eed \u0111\u1ec3 \u0111\u1ea3m b\u1ea3o an to\u00e0n. <\/span><\/p>\n<p><span style=\"font-family: 'times new roman', times, serif; font-size: 14pt;\">4. M\u00e1y ly t\u00e2m chuy\u00ean d\u1ee5ng cho PRP \/ PPP. Ph\u00f9 h\u1ee3p v\u1edbi \u1ed1ng ti\u00eam 10ml\/ 20ml\/ 50ml, \u1ed1ng l\u1ea5y m\u00e1u ch\u00e2n kh\u00f4ng 10ml v\u00e0 nhi\u1ec1u b\u1ed9 d\u1ee5ng c\u1ee5 PRP chuy\u00ean d\u1ee5ng kh\u00e1c. <\/span><\/p>\n<p><span style=\"font-family: 'times new roman', times, serif; font-size: 14pt;\">5. An to\u00e0n h\u01a1n, v\u1ec7 sinh h\u01a1n. T\u1ea5t c\u1ea3 rotor v\u00e0 ph\u1ee5 ki\u1ec7n rotor \u0111\u1ec1u c\u00f3 th\u1ec3 h\u1ea5p ti\u1ec7t tr\u00f9ng. <\/span><\/p>\n<p><span style=\"font-family: 'times new roman', times, serif; font-size: 18pt;\"><strong>r\u00f4to\u00a0<\/strong><\/span><\/p>\n<table style=\"border-collapse: collapse; width: 100%;\">\n<tbody>\n<tr>\n<td style=\"width: 18.9214%;\"><span style=\"font-family: 'times new roman', times, serif; font-size: 14pt;\">S\u1ed1 1 rotor xoay ra<\/span><\/td>\n<td style=\"width: 19.1439%;\"><span style=\"font-family: 'times new roman', times, serif; font-size: 14pt;\">S\u1ed1 2 rotor xoay ra<\/span><\/td>\n<td style=\"width: 19.6626%;\"><span style=\"font-family: 'times new roman', times, serif; font-size: 14pt;\">S\u1ed1 3 rotor xoay ra<\/span><\/td>\n<td style=\"width: 19.3941%;\"><span style=\"font-family: 'times new roman', times, serif; font-size: 14pt;\">S\u1ed1 4 rotor xoay ra<\/span><\/td>\n<td style=\"width: 22.878%;\"><span style=\"font-family: 'times new roman', times, serif; font-size: 14pt;\">S\u1ed1 5 rotor xoay ra<\/span><\/td>\n<\/tr>\n<tr>\n<td style=\"width: 18.9214%;\"><img fetchpriority=\"high\" decoding=\"async\" class=\"alignnone size-full wp-image-22474\" src=\"https:\/\/lexamedlab.com\/wp-content\/uploads\/2025\/05\/16x10ml-syringe-scaled.png\" alt=\"\" width=\"2560\" height=\"2021\" \/><\/td>\n<td style=\"width: 19.1439%;\"><img decoding=\"async\" class=\"alignnone size-full wp-image-22475\" src=\"https:\/\/lexamedlab.com\/wp-content\/uploads\/2025\/05\/8x20ml-syringe-scaled.png\" alt=\"\" width=\"2560\" height=\"1939\" \/><\/td>\n<td style=\"width: 19.6626%;\"><img decoding=\"async\" class=\"alignnone size-full wp-image-22476\" src=\"https:\/\/lexamedlab.com\/wp-content\/uploads\/2025\/05\/4x50syringe.png\" alt=\"\" width=\"2472\" height=\"2352\" \/><\/td>\n<td style=\"width: 19.3941%;\"><img loading=\"lazy\" decoding=\"async\" class=\"alignnone size-full wp-image-22477\" src=\"https:\/\/lexamedlab.com\/wp-content\/uploads\/2025\/05\/4x100ml\u6c34\u5e73-scaled.png\" alt=\"\" width=\"2560\" height=\"2350\" \/><\/td>\n<td style=\"width: 22.878%;\"><img loading=\"lazy\" decoding=\"async\" class=\"alignnone size-full wp-image-22478\" src=\"https:\/\/lexamedlab.com\/wp-content\/uploads\/2025\/05\/24x7ml.png\" alt=\"\" width=\"2526\" height=\"2442\" \/><\/td>\n<\/tr>\n<tr>\n<td style=\"width: 18.9214%;\">\n<div><span style=\"font-family: 'times new roman', times, serif; font-size: 14pt;\">Rotor: Rotor xoay ra ngo\u00e0i<\/span><\/div>\n<div><span style=\"font-family: 'times new roman', times, serif; font-size: 14pt;\">S\u1ee9c ch\u1ee9a: 16x10ml<\/span><\/div>\n<div><span style=\"font-family: 'times new roman', times, serif; font-size: 14pt;\">T\u1ed1c \u0111\u1ed9 t\u1ed1i \u0111a: 4000 v\u00f2ng\/ph\u00fat<\/span><\/div>\n<div><span style=\"font-family: 'times new roman', times, serif; font-size: 14pt;\">RCF t\u1ed1i \u0111a: 300xg<\/span><\/div>\n<\/td>\n<td style=\"width: 19.1439%;\">\n<div><span style=\"font-family: 'times new roman', times, serif; font-size: 14pt;\">Rotor: Rotor xoay ra ngo\u00e0i<\/span><\/div>\n<div><span style=\"font-family: 'times new roman', times, serif; font-size: 14pt;\">S\u1ee9c ch\u1ee9a: 8x20ml xi lanh\u00a0<\/span><\/div>\n<div><span style=\"font-family: 'times new roman', times, serif; font-size: 14pt;\">T\u1ed1c \u0111\u1ed9 t\u1ed1i \u0111a: 4000 v\u00f2ng\/ph\u00fat<\/span><\/div>\n<div><span style=\"font-family: 'times new roman', times, serif; font-size: 14pt;\">RCF t\u1ed1i \u0111a: 3100xg<\/span><\/div>\n<\/td>\n<td style=\"width: 19.6626%;\">\n<div><span style=\"font-family: 'times new roman', times, serif; font-size: 14pt;\">Rotor: Rotor xoay ra ngo\u00e0i<\/span><\/div>\n<div><span style=\"font-family: 'times new roman', times, serif; font-size: 14pt;\">S\u1ee9c ch\u1ee9a: B\u1ed9 PRP 4 l\u1ed7\u00a0<\/span><\/div>\n<div><span style=\"font-family: 'times new roman', times, serif; font-size: 14pt;\">T\u1ed1c \u0111\u1ed9 t\u1ed1i \u0111a: 4000 v\u00f2ng\/ph\u00fat<\/span><\/div>\n<div><span style=\"font-family: 'times new roman', times, serif; font-size: 14pt;\">RCF t\u1ed1i \u0111a: 3380xg<\/span><\/div>\n<\/td>\n<td style=\"width: 19.3941%;\">\n<div><span style=\"font-family: 'times new roman', times, serif; font-size: 14pt;\">Rotor: Rotor xoay ra ngo\u00e0i<\/span><\/div>\n<div><span style=\"font-family: 'times new roman', times, serif; font-size: 14pt;\">S\u1ee9c ch\u1ee9a: 4x50ml xi lanh\u00a0<\/span><\/div>\n<div><span style=\"font-family: 'times new roman', times, serif; font-size: 14pt;\">T\u1ed1c \u0111\u1ed9 t\u1ed1i \u0111a: 4000 v\u00f2ng\/ph\u00fat<\/span><\/div>\n<div><span style=\"font-family: 'times new roman', times, serif; font-size: 14pt;\">RCF t\u1ed1i \u0111a: 3380xg<\/span><\/div>\n<\/td>\n<td style=\"width: 22.878%;\">\n<div>\n<div><span style=\"font-family: 'times new roman', times, serif; font-size: 14pt;\">Rotor: Rotor xoay ra ngo\u00e0i<\/span><\/div>\n<div><span style=\"font-family: 'times new roman', times, serif; font-size: 14pt;\">S\u1ee9c ch\u1ee9a: 24 \u1ed1ng \u0111\u1ef1ng m\u00e1u\u00a0<\/span><\/div>\n<div><span style=\"font-family: 'times new roman', times, serif; font-size: 14pt;\">T\u1ed1c \u0111\u1ed9 t\u1ed1i \u0111a: 4000 v\u00f2ng\/ph\u00fat<\/span><\/div>\n<div><span style=\"font-family: 'times new roman', times, serif; font-size: 14pt;\">RCF t\u1ed1i \u0111a: 2890xg<\/span><\/div>\n<\/div>\n<\/td>\n<\/tr>\n<\/tbody>\n<\/table>\n<p>&nbsp;<\/p>","protected":false},"excerpt":{"rendered":"<div class=\"item-meta\" data-module=\"6\">\n<div><span style=\"font-family: 'times new roman', times, serif; font-size: 14pt;\">TD-450 chuy\u00ean v\u1ec1 PRP v\u00e0 PPP, ph\u00f9 h\u1ee3p v\u1edbi \u1ed1ng ti\u00eam 10ml\/20ml\/50ml, \u1ed1ng l\u1ea5y m\u00e1u ch\u00e2n kh\u00f4ng 10ml v\u00e0 nhi\u1ec1u b\u1ed9 d\u1ee5ng c\u1ee5 PRP chuy\u00ean d\u1ee5ng kh\u00e1c nhau. T\u1ea5t c\u1ea3 rotor v\u00e0 ph\u1ee5 ki\u1ec7n rotor \u0111\u1ec1u c\u00f3 th\u1ec3 h\u1ea5p ti\u1ec7t tr\u00f9ng.<\/span><\/div>\n<\/div>\n<ul>\n<li><span style=\"font-size: 14pt; font-family: 'times new roman', times, serif;\">T\u1ed1c \u0111\u1ed9 t\u1ed1i \u0111a\u00a0 \u00a0 \u00a0 \u00a0 \u00a0 \u00a0 \u00a0 \u00a0 \u00a0 \u00a0<span class=\"item-val\">5000 v\u00f2ng\/ph\u00fat<\/span><\/span><\/li>\n<li><span style=\"font-size: 14pt; font-family: 'times new roman', times, serif;\">RCF t\u1ed1i \u0111a\u00a0 \u00a0 \u00a0 \u00a0 \u00a0 \u00a0 \u00a0 \u00a0 \u00a0 \u00a0 \u00a0<span class=\"item-val\">3380xg<\/span><\/span><\/li>\n<li><span style=\"font-size: 14pt; font-family: 'times new roman', times, serif;\">C\u00f4ng su\u1ea5t t\u1ed1i \u0111a\u00a0 \u00a0 \u00a0 \u00a0 \u00a0 \u00a0 \u00a0 \u00a0<span class=\"item-val\">6*50ml<\/span><\/span><\/li>\n<li><span style=\"font-size: 14pt; font-family: 'times new roman', times, serif;\">Ph\u1ea1m vi h\u1eb9n gi\u1edd\u00a0 \u00a0 \u00a0 \u00a0 \u00a0 \u00a0 \u00a0 \u00a0 \u00a0<span class=\"item-val\">1 gi\u00e2y \u0111\u1ebfn 99h59m59s<\/span><\/span><\/li>\n<li><span style=\"font-size: 14pt; font-family: 'times new roman', times, serif;\">\u0110\u1ed9 ch\u00ednh x\u00e1c t\u1ed1c \u0111\u1ed9\u00a0 \u00a0 \u00a0 \u00a0 \u00a0 \u00a0 <span class=\"item-val\">\u00b110 v\u00f2ng\/ph\u00fat<\/span><\/span><\/li>\n<li><span style=\"font-size: 14pt; font-family: 'times new roman', times, serif;\">Ti\u1ebfng \u1ed3n\u00a0 \u00a0 \u00a0 \u00a0 \u00a0 \u00a0 \u00a0 \u00a0 \u00a0 \u00a0 \u00a0 \u00a0 \u00a0 \u00a0 <span class=\"item-val\">\u226460dB(A)<\/span><\/span><\/li>\n<li><span style=\"font-size: 14pt; font-family: 'times new roman', times, serif;\">Ti\u00eau th\u1ee5 \u0111i\u1ec7n n\u0103ng\u00a0 \u00a0 \u00a0<span class=\"item-val\">500W<\/span><\/span><\/li>\n<li><span style=\"font-size: 14pt; font-family: 'times new roman', times, serif;\">K\u00edch th\u01b0\u1edbc\u00a0 \u00a0 \u00a0 \u00a0 \u00a0 \u00a0 \u00a0 \u00a0 \u00a0 \u00a0<span class=\"item-val\">550x430x350mm<\/span><\/span><\/li>\n<li><span style=\"font-size: 14pt; font-family: 'times new roman', times, serif;\">Tr\u1ecdng l\u01b0\u1ee3ng t\u1ecbnh\u00a0 \u00a0 \u00a0 \u00a0 \u00a0 \u00a0 \u00a0 \u00a0 \u00a0 \u00a0<span class=\"item-val\">40kg<\/span><\/span><\/li>\n<\/ul>","protected":false},"featured_media":22480,"comment_status":"open","ping_status":"closed","template":"","meta":{"_acf_changed":false},"product_brand":[],"product_cat":[20,80,97],"product_tag":[],"class_list":{"0":"post-22473","1":"product","2":"type-product","3":"status-publish","4":"has-post-thumbnail","6":"product_cat-all","7":"product_cat-centrifuge","8":"product_cat-special-purpose-centrifuge","10":"first","11":"instock","12":"shipping-taxable","13":"product-type-simple"},"acf":[],"_links":{"self":[{"href":"https:\/\/lexamedlab.com\/vi\/wp-json\/wp\/v2\/product\/22473","targetHints":{"allow":["GET"]}}],"collection":[{"href":"https:\/\/lexamedlab.com\/vi\/wp-json\/wp\/v2\/product"}],"about":[{"href":"https:\/\/lexamedlab.com\/vi\/wp-json\/wp\/v2\/types\/product"}],"replies":[{"embeddable":true,"href":"https:\/\/lexamedlab.com\/vi\/wp-json\/wp\/v2\/comments?post=22473"}],"version-history":[{"count":1,"href":"https:\/\/lexamedlab.com\/vi\/wp-json\/wp\/v2\/product\/22473\/revisions"}],"predecessor-version":[{"id":22483,"href":"https:\/\/lexamedlab.com\/vi\/wp-json\/wp\/v2\/product\/22473\/revisions\/22483"}],"wp:featuredmedia":[{"embeddable":true,"href":"https:\/\/lexamedlab.com\/vi\/wp-json\/wp\/v2\/media\/22480"}],"wp:attachment":[{"href":"https:\/\/lexamedlab.com\/vi\/wp-json\/wp\/v2\/media?parent=22473"}],"wp:term":[{"taxonomy":"product_brand","embeddable":true,"href":"https:\/\/lexamedlab.com\/vi\/wp-json\/wp\/v2\/product_brand?post=22473"},{"taxonomy":"product_cat","embeddable":true,"href":"https:\/\/lexamedlab.com\/vi\/wp-json\/wp\/v2\/product_cat?post=22473"},{"taxonomy":"product_tag","embeddable":true,"href":"https:\/\/lexamedlab.com\/vi\/wp-json\/wp\/v2\/product_tag?post=22473"}],"curies":[{"name":"wp","href":"https:\/\/api.w.org\/{rel}","templated":true}]}}