{"id":22484,"date":"2025-05-22T06:21:50","date_gmt":"2025-05-22T06:21:50","guid":{"rendered":"https:\/\/lexamedlab.com\/?post_type=product&#038;p=22484"},"modified":"2025-05-27T15:11:36","modified_gmt":"2025-05-27T15:11:36","slug":"benchtop-cgf-variable-speed-program-centrifuge-td-4","status":"publish","type":"product","link":"https:\/\/lexamedlab.com\/vi\/product\/benchtop-cgf-variable-speed-program-centrifuge-td-4\/","title":{"rendered":"M\u00e1y ly t\u00e2m ch\u01b0\u01a1ng tr\u00ecnh t\u1ed1c \u0111\u1ed9 thay \u0111\u1ed5i CGF \u0111\u1ec3 b\u00e0n TD-4"},"content":{"rendered":"<p><strong><span style=\"font-family: 'times new roman', times, serif; font-size: 14pt;\">T\u00ednh n\u0103ng\u00a0<\/span><\/strong><\/p>\n<p><span style=\"font-family: 'times new roman', times, serif; font-size: 14pt;\">1. \u0110\u1ed9ng c\u01a1 t\u1ea7n s\u1ed1 thay \u0111\u1ed5i. C\u00f3 ba lo\u1ea1i \u0111\u1ed9ng c\u01a1 - \u0110\u1ed9ng c\u01a1 ch\u1ed5i than, \u0111\u1ed9ng c\u01a1 kh\u00f4ng ch\u1ed5i than v\u00e0 \u0111\u1ed9ng c\u01a1 t\u1ea7n s\u1ed1 thay \u0111\u1ed5i, lo\u1ea1i cu\u1ed1i c\u00f9ng l\u00e0 t\u1ed1t nh\u1ea5t. T\u1ef7 l\u1ec7 h\u1ecfng h\u00f3c th\u1ea5p, th\u00e2n thi\u1ec7n v\u1edbi m\u00f4i tr\u01b0\u1eddng, kh\u00f4ng c\u1ea7n b\u1ea3o tr\u00ec v\u00e0 hi\u1ec7u su\u1ea5t t\u1ed1t. <\/span><\/p>\n<p><span style=\"font-family: 'times new roman', times, serif; font-size: 14pt;\">2. To\u00e0n b\u1ed9 th\u00e2n m\u00e1y b\u1eb1ng th\u00e9p v\u00e0 bu\u1ed3ng b\u1eb1ng th\u00e9p kh\u00f4ng g\u1ec9 304SS. \u0110\u1ec3 \u0111\u1ea3m b\u1ea3o ho\u1ea1t \u0111\u1ed9ng an to\u00e0n v\u00e0 l\u00e0m cho m\u00e1y ly t\u00e2m b\u1ec1n v\u00e0 ch\u1eafc, ch\u00fang t\u00f4i s\u1eed d\u1ee5ng v\u1eadt li\u1ec7u th\u00e9p c\u00f3 gi\u00e1 th\u00e0nh cao v\u00e0 th\u00e9p kh\u00f4ng g\u1ec9 304.<\/span><\/p>\n<p><span style=\"font-family: 'times new roman', times, serif; font-size: 14pt;\"> 3. Kh\u00f3a c\u1eeda \u0111i\u1ec7n t\u1eed C\u1eeda t\u1ef1 \u0111\u1ed9ng m\u1edf sau khi ly t\u00e2m v\u00e0 l\u00f2 xo kh\u00ed th\u1ee7y l\u1ef1c h\u1ed7 tr\u1ee3 n\u1eafp c\u1eeda <\/span><\/p>\n<p><span style=\"font-family: 'times new roman', times, serif; font-size: 14pt;\">4. M\u00e1y ly t\u00e2m chuy\u00ean d\u1ee5ng cho CGF \/ Plasma \/ PRP \/ APRF \/ iPRF. M\u00e1y n\u00e0y c\u00f3 ch\u01b0\u01a1ng tr\u00ecnh ly t\u00e2m chuy\u00ean d\u1ee5ng t\u00edch h\u1ee3p cho Plasma, PRP, APRF, iPRF, CGF v\u1edbi m\u1ed9t thao t\u00e1c ph\u00edm.<\/span><\/p>\n<p><span style=\"font-family: 'times new roman', times, serif; font-size: 14pt;\"> 5. An to\u00e0n h\u01a1n, v\u1ec7 sinh h\u01a1n. Rotor kim lo\u1ea1i 12*10ml, \u1ed1ng nh\u1ef1a si\u00eau c\u1ee9ng, c\u00f3 th\u1ec3 kh\u1eed tr\u00f9ng \u1edf nhi\u1ec7t \u0111\u1ed9 121 \u0111\u1ed9.<\/span><\/p>","protected":false},"excerpt":{"rendered":"<div class=\"item-meta\" data-module=\"6\"><span style=\"font-family: 'times new roman', times, serif; font-size: 14pt;\">TD-4 l\u00e0 m\u00e1y ly t\u00e2m \u0111a n\u0103ng fibrin gi\u00e0u ti\u1ec3u c\u1ea7u, m\u00e1y n\u00e0y \u0111\u01b0\u1ee3c c\u00f4ng ty v\u00e0 nhi\u1ec1u b\u1ec7nh vi\u1ec7n trong n\u01b0\u1edbc n\u1ed5i ti\u1ebfng v\u00e0 c\u00e1c c\u01a1 s\u1edf th\u1ea9m m\u1ef9 v\u00e0 t\u1ea1o h\u00ecnh h\u1ee3p t\u00e1c ph\u00e1t tri\u1ec3n, \u0111\u00e3 \u0111\u01b0\u1ee3c nhi\u1ec1u c\u01a1 s\u1edf l\u00e2m s\u00e0ng th\u1eed nghi\u1ec7m. D\u1ec5 v\u1eadn h\u00e0nh, hi\u1ec7u su\u1ea5t \u1ed5n \u0111\u1ecbnh v\u00e0 \u0111\u00e1ng tin c\u1eady. \u0110\u01b0\u1ee3c s\u1eed d\u1ee5ng r\u1ed9ng r\u00e3i trong nha khoa, ph\u1eabu thu\u1eadt th\u1ea9m m\u1ef9, ch\u1ec9nh h\u00ecnh, ph\u1ee5c h\u1ed3i ch\u1ee9c n\u0103ng, gi\u1ea3m \u0111au v\u00e0 c\u00e1c l\u0129nh v\u1ef1c kh\u00e1c.<\/span><\/div>\n<ul>\n<li><span style=\"font-size: 14pt; font-family: 'times new roman', times, serif;\">T\u1ed1c \u0111\u1ed9 t\u1ed1i \u0111a\u00a0 \u00a0 \u00a0 \u00a0 \u00a0 \u00a0 \u00a0 \u00a0 \u00a0 \u00a0<span class=\"item-val\">3500 v\u00f2ng\/ph\u00fat<\/span><\/span><\/li>\n<li><span style=\"font-size: 14pt; font-family: 'times new roman', times, serif;\">RCF t\u1ed1i \u0111a\u00a0 \u00a0 \u00a0 \u00a0 \u00a0 \u00a0 \u00a0 \u00a0 \u00a0 \u00a0 \u00a0<span class=\"item-val\">1640xg<\/span><\/span><\/li>\n<li><span style=\"font-size: 14pt; font-family: 'times new roman', times, serif;\">C\u00f4ng su\u1ea5t t\u1ed1i \u0111a\u00a0 \u00a0 \u00a0 \u00a0 \u00a0 \u00a0 \u00a0 \u00a0<span class=\"item-val\">12*10ml<\/span><\/span><\/li>\n<li><span style=\"font-size: 14pt; font-family: 'times new roman', times, serif;\">\u0110\u1ed9 ch\u00ednh x\u00e1c t\u1ed1c \u0111\u1ed9\u00a0 \u00a0 \u00a0 \u00a0 \u00a0 \u00a0 <span class=\"item-val\">\u00b120 v\u00f2ng\/ph\u00fat<\/span><\/span><\/li>\n<li><span style=\"font-size: 14pt; font-family: 'times new roman', times, serif;\">Ti\u1ebfng \u1ed3n\u00a0 \u00a0 \u00a0 \u00a0 \u00a0 \u00a0 \u00a0 \u00a0 \u00a0 \u00a0 \u00a0 \u00a0 \u00a0 \u00a0 <span class=\"item-val\">\u226455dB(A)<\/span><\/span><\/li>\n<li><span style=\"font-size: 14pt; font-family: 'times new roman', times, serif;\">Ti\u00eau th\u1ee5 \u0111i\u1ec7n n\u0103ng\u00a0 \u00a0 \u00a0<span class=\"item-val\">200W<\/span><\/span><\/li>\n<li><span style=\"font-size: 14pt; font-family: 'times new roman', times, serif;\">K\u00edch th\u01b0\u1edbc\u00a0 \u00a0 \u00a0 \u00a0 \u00a0 \u00a0 \u00a0 \u00a0 \u00a0 \u00a0<span class=\"item-val\">430x340x330mm<\/span><\/span><\/li>\n<li><span style=\"font-size: 14pt; font-family: 'times new roman', times, serif;\">Tr\u1ecdng l\u01b0\u1ee3ng t\u1ecbnh\u00a0 \u00a0 \u00a0 \u00a0 \u00a0 \u00a0 \u00a0 \u00a0 \u00a0 \u00a0<span class=\"item-val\">17kg<\/span><\/span><\/li>\n<\/ul>","protected":false},"featured_media":22486,"comment_status":"open","ping_status":"closed","template":"","meta":{"_acf_changed":false},"product_brand":[],"product_cat":[20,80,97],"product_tag":[],"class_list":{"0":"post-22484","1":"product","2":"type-product","3":"status-publish","4":"has-post-thumbnail","6":"product_cat-all","7":"product_cat-centrifuge","8":"product_cat-special-purpose-centrifuge","10":"first","11":"instock","12":"shipping-taxable","13":"product-type-simple"},"acf":[],"_links":{"self":[{"href":"https:\/\/lexamedlab.com\/vi\/wp-json\/wp\/v2\/product\/22484","targetHints":{"allow":["GET"]}}],"collection":[{"href":"https:\/\/lexamedlab.com\/vi\/wp-json\/wp\/v2\/product"}],"about":[{"href":"https:\/\/lexamedlab.com\/vi\/wp-json\/wp\/v2\/types\/product"}],"replies":[{"embeddable":true,"href":"https:\/\/lexamedlab.com\/vi\/wp-json\/wp\/v2\/comments?post=22484"}],"version-history":[{"count":1,"href":"https:\/\/lexamedlab.com\/vi\/wp-json\/wp\/v2\/product\/22484\/revisions"}],"predecessor-version":[{"id":22489,"href":"https:\/\/lexamedlab.com\/vi\/wp-json\/wp\/v2\/product\/22484\/revisions\/22489"}],"wp:featuredmedia":[{"embeddable":true,"href":"https:\/\/lexamedlab.com\/vi\/wp-json\/wp\/v2\/media\/22486"}],"wp:attachment":[{"href":"https:\/\/lexamedlab.com\/vi\/wp-json\/wp\/v2\/media?parent=22484"}],"wp:term":[{"taxonomy":"product_brand","embeddable":true,"href":"https:\/\/lexamedlab.com\/vi\/wp-json\/wp\/v2\/product_brand?post=22484"},{"taxonomy":"product_cat","embeddable":true,"href":"https:\/\/lexamedlab.com\/vi\/wp-json\/wp\/v2\/product_cat?post=22484"},{"taxonomy":"product_tag","embeddable":true,"href":"https:\/\/lexamedlab.com\/vi\/wp-json\/wp\/v2\/product_tag?post=22484"}],"curies":[{"name":"wp","href":"https:\/\/api.w.org\/{rel}","templated":true}]}}