{"id":22495,"date":"2025-05-22T06:50:19","date_gmt":"2025-05-22T06:50:19","guid":{"rendered":"https:\/\/lexamedlab.com\/?post_type=product&#038;p=22495"},"modified":"2025-05-27T15:11:36","modified_gmt":"2025-05-27T15:11:36","slug":"floor-milk-fat-testing-centrifuge-dd-rz","status":"publish","type":"product","link":"https:\/\/lexamedlab.com\/vi\/product\/floor-milk-fat-testing-centrifuge-dd-rz\/","title":{"rendered":"M\u00e1y ly t\u00e2m ki\u1ec3m tra ch\u1ea5t b\u00e9o s\u1eefa s\u00e0n DD-RZ"},"content":{"rendered":"<p><span style=\"font-family: 'times new roman', times, serif; font-size: 14pt;\">1. \u0110\u1ed9ng c\u01a1 t\u1ea7n s\u1ed1 thay \u0111\u1ed5i, \u0111i\u1ec1u khi\u1ec3n vi m\u00e1y t\u00ednh. C\u00f3 ba lo\u1ea1i \u0111\u1ed9ng c\u01a1 - \u0111\u1ed9ng c\u01a1 ch\u1ed5i than, \u0111\u1ed9ng c\u01a1 kh\u00f4ng ch\u1ed5i than v\u00e0 \u0111\u1ed9ng c\u01a1 t\u1ea7n s\u1ed1 thay \u0111\u1ed5i, lo\u1ea1i cu\u1ed1i c\u00f9ng l\u00e0 t\u1ed1t nh\u1ea5t. T\u1ef7 l\u1ec7 h\u1ecfng h\u00f3c th\u1ea5p, th\u00e2n thi\u1ec7n v\u1edbi m\u00f4i tr\u01b0\u1eddng, kh\u00f4ng c\u1ea7n b\u1ea3o tr\u00ec v\u00e0 hi\u1ec7u su\u1ea5t t\u1ed1t. Hi\u1ec7u su\u1ea5t t\u1ed1t c\u1ee7a n\u00f3 l\u00e0m cho \u0111\u1ed9 ch\u00ednh x\u00e1c t\u1ed1c \u0111\u1ed9 \u0111\u1ea1t t\u1edbi \u00b110 v\u00f2ng\/ph\u00fat.<\/span><\/p>\n<p><span style=\"font-family: 'times new roman', times, serif; font-size: 14pt;\"> 2. To\u00e0n b\u1ed9 th\u00e2n m\u00e1y b\u1eb1ng th\u00e9p v\u00e0 bu\u1ed3ng b\u1eb1ng th\u00e9p kh\u00f4ng g\u1ec9 304SS. \u0110\u1ec3 \u0111\u1ea3m b\u1ea3o ho\u1ea1t \u0111\u1ed9ng an to\u00e0n v\u00e0 l\u00e0m cho m\u00e1y ly t\u00e2m b\u1ec1n v\u00e0 ch\u1eafc, ch\u00fang t\u00f4i s\u1eed d\u1ee5ng v\u1eadt li\u1ec7u th\u00e9p c\u00f3 gi\u00e1 th\u00e0nh cao v\u00e0 th\u00e9p kh\u00f4ng g\u1ec9 304. <\/span><\/p>\n<p><span style=\"font-family: 'times new roman', times, serif; font-size: 14pt;\">3. Kh\u00f3a c\u1eeda an to\u00e0n \u0111i\u1ec7n t\u1eed. Khi m\u00e1y ly t\u00e2m \u0111ang ho\u1ea1t \u0111\u1ed9ng, ch\u00fang ta ph\u1ea3i \u0111\u1ea3m b\u1ea3o c\u1eeda kh\u00f4ng m\u1edf. Ch\u00fang t\u00f4i s\u1eed d\u1ee5ng kh\u00f3a c\u1eeda \u0111i\u1ec7n t\u1eed \u0111\u1ec3 \u0111\u1ea3m b\u1ea3o an to\u00e0n.<\/span><\/p>\n<p><span style=\"font-family: 'times new roman', times, serif; font-size: 14pt;\"> 4. RCF c\u00f3 th\u1ec3 \u0111\u01b0\u1ee3c thi\u1ebft l\u1eadp tr\u1ef1c ti\u1ebfp. N\u1ebfu ch\u00fang ta bi\u1ebft L\u1ef1c ly t\u00e2m t\u01b0\u01a1ng \u0111\u1ed1i tr\u01b0\u1edbc khi v\u1eadn h\u00e0nh, ch\u00fang ta c\u00f3 th\u1ec3 thi\u1ebft l\u1eadp RCF tr\u1ef1c ti\u1ebfp, kh\u00f4ng c\u1ea7n ph\u1ea3i chuy\u1ec3n \u0111\u1ed5i gi\u1eefa RPM v\u00e0 RCF.<\/span><\/p>\n<p><span style=\"font-family: 'times new roman', times, serif; font-size: 14pt;\"> 5. T\u1ef1 \u0111\u1ed9ng ch\u1ea9n \u0111o\u00e1n l\u1ed7i. Khi l\u1ed7i xu\u1ea5t hi\u1ec7n, m\u00e1y ly t\u00e2m s\u1ebd t\u1ef1 \u0111\u1ed9ng ch\u1ea9n \u0111o\u00e1n v\u00e0 hi\u1ec3n th\u1ecb M\u00c3 L\u1ed6I tr\u00ean m\u00e0n h\u00ecnh, sau \u0111\u00f3 b\u1ea1n s\u1ebd bi\u1ebft l\u1ed7i l\u00e0 g\u00ec.<\/span><\/p>\n<p><span style=\"font-family: 'times new roman', times, serif; font-size: 14pt;\"> 6. C\u00f3 th\u1ec3 th\u00eam ch\u1ee9c n\u0103ng s\u01b0\u1edfi \u1ea5m.<\/span><\/p>\n<p>Rotor:<\/p>\n<div>\n<table style=\"border-collapse: collapse; width: 100%;\">\n<tbody>\n<tr>\n<td style=\"width: 50%;\">\n<div><span style=\"font-size: 14pt; font-family: 'times new roman', times, serif;\">Rotor: Rotor g\u00f3c c\u1ed1 \u0111\u1ecbnh<\/span><\/div>\n<div><span style=\"font-size: 14pt; font-family: 'times new roman', times, serif;\">Dung t\u00edch: 8x30ml\u00a0<\/span><\/div>\n<div><span style=\"font-size: 14pt; font-family: 'times new roman', times, serif;\">T\u1ed1c \u0111\u1ed9 t\u1ed1i \u0111a: 1400 v\u00f2ng\/ph\u00fat<\/span><\/div>\n<div><span style=\"font-size: 14pt; font-family: 'times new roman', times, serif;\">L\u1ef1c RCF t\u1ed1i \u0111a: 350\u00d7g<\/span><\/div>\n<\/td>\n<td style=\"width: 50%;\">\n<div><span style=\"font-size: 14pt; font-family: 'times new roman', times, serif;\">Rotor: rotor xoay ra ngo\u00e0i<\/span><\/div>\n<div><span style=\"font-size: 14pt; font-family: 'times new roman', times, serif;\">S\u1ee9c ch\u1ee9a: 4x50ml\u00a0<\/span><\/div>\n<div><span style=\"font-size: 14pt; font-family: 'times new roman', times, serif;\">T\u1ed1c \u0111\u1ed9 t\u1ed1i \u0111a: 3300 v\u00f2ng\/ph\u00fat<\/span><\/div>\n<div><span style=\"font-size: 14pt; font-family: 'times new roman', times, serif;\">L\u1ef1c RCF t\u1ed1i \u0111a: 1920\u00d7g<\/span><\/div>\n<\/td>\n<\/tr>\n<\/tbody>\n<\/table>\n<\/div>","protected":false},"excerpt":{"rendered":"<p><span style=\"font-family: 'times new roman', times, serif; font-size: 14pt;\">M\u00e1y ly t\u00e2m ki\u1ec3m tra ch\u1ea5t b\u00e9o s\u1eefa DD-RZ l\u00e0 m\u1ed9t thi\u1ebft b\u1ecb chuy\u00ean d\u1ee5ng \u0111\u1ec3 ph\u00e2n t\u00edch s\u1ea3n ph\u1ea9m t\u1eeb s\u1eefa. Th\u00edch h\u1ee3p \u0111\u1ec3 \u0111o v\u00e0 ph\u00e2n t\u00edch ch\u1ea5t b\u00e9o trong c\u00e1c s\u1ea3n ph\u1ea9m t\u1eeb s\u1eefa sau khi ly t\u00e2m b\u1eb1ng ph\u01b0\u01a1ng ph\u00e1p Pasteur v\u00e0 ph\u01b0\u01a1ng ph\u00e1p Geber.<\/span><\/p>\n<ul>\n<li><span style=\"font-size: 14pt; font-family: 'times new roman', times, serif;\">T\u1ed1c \u0111\u1ed9 t\u1ed1i \u0111a\u00a0 \u00a0 \u00a0 \u00a0 \u00a0 \u00a0 \u00a0 \u00a0 \u00a0 \u00a0 <span class=\"item-val\">3300 v\u00f2ng\/ph\u00fat<\/span><\/span><\/li>\n<li><span style=\"font-size: 14pt; font-family: 'times new roman', times, serif;\">RCF t\u1ed1i \u0111a\u00a0 \u00a0 \u00a0 \u00a0 \u00a0 \u00a0 \u00a0 \u00a0 \u00a0 \u00a0 \u00a0<span class=\"item-val\">1920xg<\/span><\/span><\/li>\n<li><span style=\"font-size: 14pt; font-family: 'times new roman', times, serif;\">C\u00f4ng su\u1ea5t t\u1ed1i \u0111a\u00a0 \u00a0 \u00a0 \u00a0 \u00a0 \u00a0 \u00a0 \u00a0 <span class=\"item-val\">8x30ml<\/span><\/span><\/li>\n<li><span style=\"font-size: 14pt; font-family: 'times new roman', times, serif;\">Ph\u1ea1m vi h\u1eb9n gi\u1edd\u00a0 \u00a0 \u00a0 \u00a0 \u00a0 \u00a0 \u00a0 \u00a0 \u00a0 <span class=\"item-val\">1 ph\u00fat \u2013 99 gi\u1edd 59 ph\u00fat<\/span><\/span><\/li>\n<li><span style=\"font-size: 14pt; font-family: 'times new roman', times, serif;\">\u0110\u1ed9 ch\u00ednh x\u00e1c t\u1ed1c \u0111\u1ed9\u00a0 \u00a0 \u00a0 \u00a0 \u00a0 \u00a0 <span class=\"item-val\">\u00b110 v\u00f2ng\/ph\u00fat<\/span><\/span><\/li>\n<li><span style=\"font-size: 14pt; font-family: 'times new roman', times, serif;\">Ti\u1ebfng \u1ed3n\u00a0 \u00a0 \u00a0 \u00a0 \u00a0 \u00a0 \u00a0 \u00a0 \u00a0 \u00a0 \u00a0 \u00a0 \u00a0 \u00a0<span class=\"item-val\">\u226460dB(A)<\/span><\/span><\/li>\n<li><span style=\"font-size: 14pt; font-family: 'times new roman', times, serif;\">Ti\u00eau th\u1ee5 \u0111i\u1ec7n n\u0103ng\u00a0 \u00a0 \u00a0<span class=\"item-val\">1,1KW<\/span><\/span><\/li>\n<li><span style=\"font-size: 14pt; font-family: 'times new roman', times, serif;\">K\u00edch th\u01b0\u1edbc\u00a0 \u00a0 \u00a0 \u00a0 \u00a0 \u00a0 \u00a0 \u00a0 \u00a0 \u00a0<span class=\"item-val\">650x550x840mm<\/span><\/span><\/li>\n<li><span style=\"font-size: 14pt; font-family: 'times new roman', times, serif;\">Tr\u1ecdng l\u01b0\u1ee3ng t\u1ecbnh\u00a0 \u00a0 \u00a0 \u00a0 \u00a0 \u00a0 \u00a0 \u00a0 \u00a0 \u00a0<span class=\"item-val\">135kg<\/span><\/span><\/li>\n<\/ul>","protected":false},"featured_media":22497,"comment_status":"open","ping_status":"closed","template":"","meta":{"_acf_changed":false},"product_brand":[],"product_cat":[20,80,97],"product_tag":[],"class_list":{"0":"post-22495","1":"product","2":"type-product","3":"status-publish","4":"has-post-thumbnail","6":"product_cat-all","7":"product_cat-centrifuge","8":"product_cat-special-purpose-centrifuge","10":"first","11":"instock","12":"shipping-taxable","13":"product-type-simple"},"acf":[],"_links":{"self":[{"href":"https:\/\/lexamedlab.com\/vi\/wp-json\/wp\/v2\/product\/22495","targetHints":{"allow":["GET"]}}],"collection":[{"href":"https:\/\/lexamedlab.com\/vi\/wp-json\/wp\/v2\/product"}],"about":[{"href":"https:\/\/lexamedlab.com\/vi\/wp-json\/wp\/v2\/types\/product"}],"replies":[{"embeddable":true,"href":"https:\/\/lexamedlab.com\/vi\/wp-json\/wp\/v2\/comments?post=22495"}],"version-history":[{"count":1,"href":"https:\/\/lexamedlab.com\/vi\/wp-json\/wp\/v2\/product\/22495\/revisions"}],"predecessor-version":[{"id":22500,"href":"https:\/\/lexamedlab.com\/vi\/wp-json\/wp\/v2\/product\/22495\/revisions\/22500"}],"wp:featuredmedia":[{"embeddable":true,"href":"https:\/\/lexamedlab.com\/vi\/wp-json\/wp\/v2\/media\/22497"}],"wp:attachment":[{"href":"https:\/\/lexamedlab.com\/vi\/wp-json\/wp\/v2\/media?parent=22495"}],"wp:term":[{"taxonomy":"product_brand","embeddable":true,"href":"https:\/\/lexamedlab.com\/vi\/wp-json\/wp\/v2\/product_brand?post=22495"},{"taxonomy":"product_cat","embeddable":true,"href":"https:\/\/lexamedlab.com\/vi\/wp-json\/wp\/v2\/product_cat?post=22495"},{"taxonomy":"product_tag","embeddable":true,"href":"https:\/\/lexamedlab.com\/vi\/wp-json\/wp\/v2\/product_tag?post=22495"}],"curies":[{"name":"wp","href":"https:\/\/api.w.org\/{rel}","templated":true}]}}