{"id":22501,"date":"2025-05-22T06:52:15","date_gmt":"2025-05-22T06:52:15","guid":{"rendered":"https:\/\/lexamedlab.com\/?post_type=product&#038;p=22501"},"modified":"2025-05-27T15:11:36","modified_gmt":"2025-05-27T15:11:36","slug":"benchtop-crude-oil-test-centrifuge-dd-5y","status":"publish","type":"product","link":"https:\/\/lexamedlab.com\/vi\/product\/benchtop-crude-oil-test-centrifuge-dd-5y\/","title":{"rendered":"M\u00e1y ly t\u00e2m th\u1eed d\u1ea7u th\u00f4 \u0111\u1ec3 b\u00e0n DD-5Y"},"content":{"rendered":"<p><strong><span style=\"font-family: 'times new roman', times, serif; font-size: 14pt;\">T\u00ednh n\u0103ng\u00a0<\/span><\/strong><\/p>\n<p><span style=\"font-family: 'times new roman', times, serif; font-size: 14pt;\">1. \u0110\u1ed9ng c\u01a1 t\u1ea7n s\u1ed1 thay \u0111\u1ed5i, \u0111i\u1ec1u khi\u1ec3n vi m\u00e1y t\u00ednh. C\u00f3 ba lo\u1ea1i \u0111\u1ed9ng c\u01a1 - \u0111\u1ed9ng c\u01a1 ch\u1ed5i than, \u0111\u1ed9ng c\u01a1 kh\u00f4ng ch\u1ed5i than v\u00e0 \u0111\u1ed9ng c\u01a1 t\u1ea7n s\u1ed1 thay \u0111\u1ed5i, lo\u1ea1i cu\u1ed1i c\u00f9ng l\u00e0 t\u1ed1t nh\u1ea5t. T\u1ef7 l\u1ec7 h\u1ecfng h\u00f3c th\u1ea5p, th\u00e2n thi\u1ec7n v\u1edbi m\u00f4i tr\u01b0\u1eddng, kh\u00f4ng c\u1ea7n b\u1ea3o tr\u00ec v\u00e0 hi\u1ec7u su\u1ea5t t\u1ed1t. Hi\u1ec7u su\u1ea5t t\u1ed1t c\u1ee7a n\u00f3 l\u00e0m cho \u0111\u1ed9 ch\u00ednh x\u00e1c t\u1ed1c \u0111\u1ed9 \u0111\u1ea1t t\u1edbi \u00b110 v\u00f2ng\/ph\u00fat.<\/span><\/p>\n<p><span style=\"font-family: 'times new roman', times, serif; font-size: 14pt;\"> 2. To\u00e0n b\u1ed9 th\u00e2n m\u00e1y b\u1eb1ng th\u00e9p v\u00e0 bu\u1ed3ng b\u1eb1ng th\u00e9p kh\u00f4ng g\u1ec9 304SS. \u0110\u1ec3 \u0111\u1ea3m b\u1ea3o ho\u1ea1t \u0111\u1ed9ng an to\u00e0n v\u00e0 l\u00e0m cho m\u00e1y ly t\u00e2m b\u1ec1n v\u00e0 ch\u1eafc, ch\u00fang t\u00f4i s\u1eed d\u1ee5ng v\u1eadt li\u1ec7u th\u00e9p c\u00f3 gi\u00e1 th\u00e0nh cao v\u00e0 th\u00e9p kh\u00f4ng g\u1ec9 304. <\/span><\/p>\n<p><span style=\"font-family: 'times new roman', times, serif; font-size: 14pt;\">3. Kh\u00f3a c\u1eeda an to\u00e0n \u0111i\u1ec7n t\u1eed. Khi m\u00e1y ly t\u00e2m \u0111ang ho\u1ea1t \u0111\u1ed9ng, ch\u00fang ta ph\u1ea3i \u0111\u1ea3m b\u1ea3o c\u1eeda kh\u00f4ng m\u1edf. Ch\u00fang t\u00f4i s\u1eed d\u1ee5ng kh\u00f3a c\u1eeda \u0111i\u1ec7n t\u1eed \u0111\u1ec3 \u0111\u1ea3m b\u1ea3o an to\u00e0n. <\/span><\/p>\n<p><span style=\"font-family: 'times new roman', times, serif; font-size: 14pt;\">4. RCF c\u00f3 th\u1ec3 \u0111\u01b0\u1ee3c thi\u1ebft l\u1eadp tr\u1ef1c ti\u1ebfp. N\u1ebfu ch\u00fang ta bi\u1ebft L\u1ef1c ly t\u00e2m t\u01b0\u01a1ng \u0111\u1ed1i tr\u01b0\u1edbc khi v\u1eadn h\u00e0nh, ch\u00fang ta c\u00f3 th\u1ec3 thi\u1ebft l\u1eadp RCF tr\u1ef1c ti\u1ebfp, kh\u00f4ng c\u1ea7n ph\u1ea3i chuy\u1ec3n \u0111\u1ed5i gi\u1eefa RPM v\u00e0 RCF. <\/span><\/p>\n<p><span style=\"font-family: 'times new roman', times, serif; font-size: 14pt;\">5. C\u00f3 th\u1ec3 thi\u1ebft l\u1eadp l\u1ea1i c\u00e1c th\u00f4ng s\u1ed1 khi \u0111ang v\u1eadn h\u00e0nh. \u0110\u00f4i khi ch\u00fang ta c\u1ea7n thi\u1ebft l\u1eadp l\u1ea1i c\u00e1c th\u00f4ng s\u1ed1 nh\u01b0 t\u1ed1c \u0111\u1ed9, RCF v\u00e0 th\u1eddi gian khi m\u00e1y ly t\u00e2m \u0111ang v\u1eadn h\u00e0nh v\u00e0 ch\u00fang ta kh\u00f4ng mu\u1ed1n d\u1eebng l\u1ea1i, ch\u00fang ta c\u00f3 th\u1ec3 thi\u1ebft l\u1eadp l\u1ea1i c\u00e1c th\u00f4ng s\u1ed1 tr\u1ef1c ti\u1ebfp, kh\u00f4ng c\u1ea7n ph\u1ea3i d\u1eebng l\u1ea1i, ch\u1ec9 c\u1ea7n d\u00f9ng ng\u00f3n tay \u0111\u1ec3 thay \u0111\u1ed5i c\u00e1c s\u1ed1 \u0111\u00f3.\u00a0<\/span><\/p>\n<p><span style=\"font-family: 'times new roman', times, serif; font-size: 18pt;\"><strong>r\u00f4to\u00a0<\/strong><\/span><\/p>\n<table style=\"border-collapse: collapse; width: 100%; height: 164px;\">\n<tbody>\n<tr style=\"height: 28px;\">\n<td style=\"width: 25%; height: 28px;\"><span style=\"font-size: 14pt; font-family: 'times new roman', times, serif;\">S\u1ed1 1 rotor xoay ra<\/span><\/td>\n<td style=\"width: 25%; height: 28px;\"><span style=\"font-size: 14pt; font-family: 'times new roman', times, serif;\">S\u1ed1 2 rotor xoay ra<\/span><\/td>\n<td style=\"width: 25%; height: 28px;\"><span style=\"font-size: 14pt; font-family: 'times new roman', times, serif;\">S\u1ed1 3 rotor xoay ra<\/span><\/td>\n<\/tr>\n<tr style=\"height: 112px;\">\n<td style=\"width: 25%; height: 112px;\">\n<div><span style=\"font-size: 14pt; font-family: 'times new roman', times, serif;\">Rotor: Rotor xoay ra ngo\u00e0i<\/span><\/div>\n<div><span style=\"font-size: 14pt; font-family: 'times new roman', times, serif;\">S\u1ee9c ch\u1ee9a: 36x10ml<\/span><\/div>\n<div><span style=\"font-size: 14pt; font-family: 'times new roman', times, serif;\">T\u1ed1c \u0111\u1ed9 t\u1ed1i \u0111a: 4000 v\u00f2ng\/ph\u00fat<\/span><\/div>\n<div><span style=\"font-size: 14pt; font-family: 'times new roman', times, serif;\">RCF t\u1ed1i \u0111a: 3400xg<\/span><\/div>\n<\/td>\n<td style=\"width: 25%; height: 112px;\">\n<div><span style=\"font-size: 14pt; font-family: 'times new roman', times, serif;\">Rotor: Rotor xoay ra ngo\u00e0i<\/span><\/div>\n<div><span style=\"font-size: 14pt; font-family: 'times new roman', times, serif;\">S\u1ee9c ch\u1ee9a: 4x100ml<\/span><\/div>\n<div><span style=\"font-size: 14pt; font-family: 'times new roman', times, serif;\">T\u1ed1c \u0111\u1ed9 t\u1ed1i \u0111a: 3000 v\u00f2ng\/ph\u00fat<\/span><\/div>\n<div><span style=\"font-size: 14pt; font-family: 'times new roman', times, serif;\">RCF t\u1ed1i \u0111a: 2062xg<\/span><\/div>\n<\/td>\n<td style=\"width: 25%; height: 112px;\">\n<div><span style=\"font-size: 14pt; font-family: 'times new roman', times, serif;\">Rotor: Rotor xoay ra ngo\u00e0i<\/span><\/div>\n<div><span style=\"font-size: 14pt; font-family: 'times new roman', times, serif;\">S\u1ee9c ch\u1ee9a: 4x200ml<\/span><\/div>\n<div><span style=\"font-size: 14pt; font-family: 'times new roman', times, serif;\">T\u1ed1c \u0111\u1ed9 t\u1ed1i \u0111a: 3000 v\u00f2ng\/ph\u00fat<\/span><\/div>\n<div><span style=\"font-size: 14pt; font-family: 'times new roman', times, serif;\">RCF t\u1ed1i \u0111a: 2000xg<\/span><\/div>\n<\/td>\n<\/tr>\n<\/tbody>\n<\/table>\n<p>&nbsp;<\/p>","protected":false},"excerpt":{"rendered":"<p><span style=\"font-family: 'times new roman', times, serif; font-size: 14pt;\">M\u00e1y ly t\u00e2m th\u1eed d\u1ea7u th\u00f4 DD-5Y \u0111\u01b0\u1ee3c thi\u1ebft k\u1ebf \u0111\u1ec3 x\u00e1c \u0111\u1ecbnh n\u01b0\u1edbc v\u00e0 c\u1eb7n trong d\u1ea7u th\u00f4 (ph\u01b0\u01a1ng ph\u00e1p ly t\u00e2m). N\u01b0\u1edbc v\u00e0 c\u1eb7n trong d\u1ea7u th\u00f4 \u0111\u01b0\u1ee3c x\u00e1c \u0111\u1ecbnh b\u1eb1ng ph\u01b0\u01a1ng ph\u00e1p t\u00e1ch ly t\u00e2m. \u0110\u00e2y l\u00e0 thi\u1ebft b\u1ecb t\u00e1ch l\u00fd t\u01b0\u1edfng \u0111\u1ec3 x\u00e1c \u0111\u1ecbnh n\u01b0\u1edbc trong ng\u00e0nh khoan d\u1ea7u v\u00e0 vi\u1ec7n nghi\u00ean c\u1ee9u v\u00e0 ph\u00e1t tri\u1ec3n.<\/span><\/p>\n<ul>\n<li><span style=\"font-size: 14pt; font-family: 'times new roman', times, serif;\">T\u1ed1c \u0111\u1ed9 t\u1ed1i \u0111a\u00a0 \u00a0 \u00a0 \u00a0 \u00a0 \u00a0 \u00a0 \u00a0 \u00a0 \u00a0<span class=\"item-val\">4000 v\u00f2ng\/ph\u00fat<\/span><\/span><\/li>\n<li><span style=\"font-size: 14pt; font-family: 'times new roman', times, serif;\">RCF t\u1ed1i \u0111a\u00a0 \u00a0 \u00a0 \u00a0 \u00a0 \u00a0 \u00a0 \u00a0 \u00a0 \u00a0 \u00a0<span class=\"item-val\">3400xg<\/span><\/span><\/li>\n<li><span style=\"font-size: 14pt; font-family: 'times new roman', times, serif;\">C\u00f4ng su\u1ea5t t\u1ed1i \u0111a\u00a0 \u00a0 \u00a0 \u00a0 \u00a0 \u00a0 \u00a0 \u00a0<span class=\"item-val\">4*200ml<\/span><\/span><\/li>\n<li><span style=\"font-size: 14pt; font-family: 'times new roman', times, serif;\">Ph\u1ea1m vi h\u1eb9n gi\u1edd\u00a0 \u00a0 \u00a0 \u00a0 \u00a0 \u00a0 \u00a0 \u00a0 \u00a0<span class=\"item-val\">1 ph\u00fat \u0111\u1ebfn 99 gi\u1edd 59 ph\u00fat<\/span><\/span><\/li>\n<li><span style=\"font-size: 14pt; font-family: 'times new roman', times, serif;\">\u0110\u1ed9 ch\u00ednh x\u00e1c t\u1ed1c \u0111\u1ed9\u00a0 \u00a0 \u00a0 \u00a0 \u00a0 \u00a0 <span class=\"item-val\">\u00b110 v\u00f2ng\/ph\u00fat<\/span><\/span><\/li>\n<li><span style=\"font-size: 14pt; font-family: 'times new roman', times, serif;\">Ti\u1ebfng \u1ed3n\u00a0 \u00a0 \u00a0 \u00a0 \u00a0 \u00a0 \u00a0 \u00a0 \u00a0 \u00a0 \u00a0 \u00a0 \u00a0 \u00a0 <span class=\"item-val\">\u226460dB(A)<\/span><\/span><\/li>\n<li><span style=\"font-size: 14pt; font-family: 'times new roman', times, serif;\">Ti\u00eau th\u1ee5 \u0111i\u1ec7n n\u0103ng\u00a0 \u00a0 \u00a0<span class=\"item-val\">1,1KW<\/span><\/span><\/li>\n<li><span style=\"font-size: 14pt; font-family: 'times new roman', times, serif;\">K\u00edch th\u01b0\u1edbc\u00a0 \u00a0 \u00a0 \u00a0 \u00a0 \u00a0 \u00a0 \u00a0 \u00a0 \u00a0<span class=\"item-val\">600x700x900mm<\/span><\/span><\/li>\n<li><span style=\"font-size: 14pt; font-family: 'times new roman', times, serif;\">Tr\u1ecdng l\u01b0\u1ee3ng t\u1ecbnh\u00a0 \u00a0 \u00a0 \u00a0 \u00a0 \u00a0 \u00a0 \u00a0 \u00a0 \u00a0<span class=\"item-val\">160kg<\/span><\/span><\/li>\n<\/ul>\n<p>&nbsp;<\/p>","protected":false},"featured_media":22502,"comment_status":"open","ping_status":"closed","template":"","meta":{"_acf_changed":false},"product_brand":[],"product_cat":[20,80,97],"product_tag":[],"class_list":{"0":"post-22501","1":"product","2":"type-product","3":"status-publish","4":"has-post-thumbnail","6":"product_cat-all","7":"product_cat-centrifuge","8":"product_cat-special-purpose-centrifuge","10":"first","11":"instock","12":"shipping-taxable","13":"product-type-simple"},"acf":[],"_links":{"self":[{"href":"https:\/\/lexamedlab.com\/vi\/wp-json\/wp\/v2\/product\/22501","targetHints":{"allow":["GET"]}}],"collection":[{"href":"https:\/\/lexamedlab.com\/vi\/wp-json\/wp\/v2\/product"}],"about":[{"href":"https:\/\/lexamedlab.com\/vi\/wp-json\/wp\/v2\/types\/product"}],"replies":[{"embeddable":true,"href":"https:\/\/lexamedlab.com\/vi\/wp-json\/wp\/v2\/comments?post=22501"}],"version-history":[{"count":1,"href":"https:\/\/lexamedlab.com\/vi\/wp-json\/wp\/v2\/product\/22501\/revisions"}],"predecessor-version":[{"id":22506,"href":"https:\/\/lexamedlab.com\/vi\/wp-json\/wp\/v2\/product\/22501\/revisions\/22506"}],"wp:featuredmedia":[{"embeddable":true,"href":"https:\/\/lexamedlab.com\/vi\/wp-json\/wp\/v2\/media\/22502"}],"wp:attachment":[{"href":"https:\/\/lexamedlab.com\/vi\/wp-json\/wp\/v2\/media?parent=22501"}],"wp:term":[{"taxonomy":"product_brand","embeddable":true,"href":"https:\/\/lexamedlab.com\/vi\/wp-json\/wp\/v2\/product_brand?post=22501"},{"taxonomy":"product_cat","embeddable":true,"href":"https:\/\/lexamedlab.com\/vi\/wp-json\/wp\/v2\/product_cat?post=22501"},{"taxonomy":"product_tag","embeddable":true,"href":"https:\/\/lexamedlab.com\/vi\/wp-json\/wp\/v2\/product_tag?post=22501"}],"curies":[{"name":"wp","href":"https:\/\/api.w.org\/{rel}","templated":true}]}}