{"id":22508,"date":"2025-05-22T07:08:01","date_gmt":"2025-05-22T07:08:01","guid":{"rendered":"https:\/\/lexamedlab.com\/?post_type=product&#038;p=22508"},"modified":"2025-05-27T15:11:36","modified_gmt":"2025-05-27T15:11:36","slug":"floor-rock-core-centrifuge-yx-1850r","status":"publish","type":"product","link":"https:\/\/lexamedlab.com\/vi\/product\/floor-rock-core-centrifuge-yx-1850r\/","title":{"rendered":"M\u00e1y ly t\u00e2m l\u00f5i \u0111\u00e1 s\u00e0n YX-1850R"},"content":{"rendered":"<p><strong><span style=\"font-family: 'times new roman', times, serif; font-size: 14pt;\">T\u00ednh n\u0103ng\u00a0<\/span><\/strong><\/p>\n<p><span style=\"font-family: 'times new roman', times, serif; font-size: 14pt;\">1. M\u00e1y n\u00e9n nh\u1eadp kh\u1ea9u, ch\u1ea5t l\u00e0m l\u1ea1nh kh\u00f4ng ch\u1ee9a CFC. M\u00e1y n\u00e9n ch\u1ea5t l\u01b0\u1ee3ng t\u1ed1t v\u00e0 ch\u1ea5t l\u00e0m l\u1ea1nh kh\u00f4ng ch\u1ee9a CFC \u0111\u01b0\u1ee3c s\u1eed d\u1ee5ng trong m\u00e1y ly t\u00e2m n\u00e0y. Ch\u00fang t\u00f4i c\u00f3 th\u1ec3 c\u00e0i \u0111\u1eb7t nhi\u1ec7t \u0111\u1ed9 trong kho\u1ea3ng t\u1eeb -20\u2103 \u0111\u1ebfn 40\u2103. \u0110\u1ed9 ch\u00ednh x\u00e1c nhi\u1ec7t \u0111\u1ed9 \u0111\u1ea1t t\u1edbi \u00b11\u2103. <\/span><\/p>\n<p><span style=\"font-family: 'times new roman', times, serif; font-size: 14pt;\">2. \u0110\u1ed9ng c\u01a1 t\u1ea7n s\u1ed1 thay \u0111\u1ed5i, \u0111i\u1ec1u khi\u1ec3n b\u1eb1ng m\u00e1y vi t\u00ednh. C\u00f3 ba lo\u1ea1i \u0111\u1ed9ng c\u01a1 - \u0111\u1ed9ng c\u01a1 ch\u1ed5i than, \u0111\u1ed9ng c\u01a1 kh\u00f4ng ch\u1ed5i than v\u00e0 \u0111\u1ed9ng c\u01a1 t\u1ea7n s\u1ed1 thay \u0111\u1ed5i, lo\u1ea1i cu\u1ed1i c\u00f9ng l\u00e0 t\u1ed1t nh\u1ea5t. T\u1ef7 l\u1ec7 h\u1ecfng h\u00f3c th\u1ea5p, th\u00e2n thi\u1ec7n v\u1edbi m\u00f4i tr\u01b0\u1eddng, kh\u00f4ng c\u1ea7n b\u1ea3o tr\u00ec v\u00e0 hi\u1ec7u su\u1ea5t t\u1ed1t. Hi\u1ec7u su\u1ea5t t\u1ed1t c\u1ee7a n\u00f3 l\u00e0m cho \u0111\u1ed9 ch\u00ednh x\u00e1c t\u1ed1c \u0111\u1ed9 \u0111\u1ea1t t\u1edbi \u00b110 v\u00f2ng\/ph\u00fat.<\/span><\/p>\n<p><span style=\"font-family: 'times new roman', times, serif; font-size: 14pt;\"> 3. T\u1ef1 \u0111\u1ed9ng kh\u00f3a rotor. \u0110\u1eb7t rotor xu\u1ed1ng, m\u00e1y ly t\u00e2m s\u1ebd t\u1ef1 \u0111\u1ed9ng kh\u00f3a rotor m\u00e0 kh\u00f4ng c\u1ea7n d\u00f9ng c\u1edd l\u00ea. R\u1ea5t thu\u1eadn ti\u1ec7n \u0111\u1ec3 n\u1ea1p v\u00e0 th\u00e1o.<\/span><\/p>\n<p><span style=\"font-family: 'times new roman', times, serif; font-size: 14pt;\"> 4. RCF c\u00f3 th\u1ec3 \u0111\u01b0\u1ee3c thi\u1ebft l\u1eadp tr\u1ef1c ti\u1ebfp. N\u1ebfu ch\u00fang ta bi\u1ebft L\u1ef1c ly t\u00e2m t\u01b0\u01a1ng \u0111\u1ed1i tr\u01b0\u1edbc khi v\u1eadn h\u00e0nh, ch\u00fang ta c\u00f3 th\u1ec3 thi\u1ebft l\u1eadp RCF tr\u1ef1c ti\u1ebfp, kh\u00f4ng c\u1ea7n ph\u1ea3i chuy\u1ec3n \u0111\u1ed5i gi\u1eefa RPM v\u00e0 RCF<\/span><\/p>\n<p><span style=\"font-family: 'times new roman', times, serif; font-size: 14pt;\">. 5. C\u00f3 th\u1ec3 thi\u1ebft l\u1eadp l\u1ea1i c\u00e1c th\u00f4ng s\u1ed1 khi \u0111ang v\u1eadn h\u00e0nh. \u0110\u00f4i khi ch\u00fang ta c\u1ea7n thi\u1ebft l\u1eadp l\u1ea1i c\u00e1c th\u00f4ng s\u1ed1 nh\u01b0 t\u1ed1c \u0111\u1ed9, RCF v\u00e0 th\u1eddi gian khi m\u00e1y ly t\u00e2m \u0111ang v\u1eadn h\u00e0nh v\u00e0 ch\u00fang ta kh\u00f4ng mu\u1ed1n d\u1eebng l\u1ea1i, ch\u00fang ta c\u00f3 th\u1ec3 thi\u1ebft l\u1eadp l\u1ea1i c\u00e1c th\u00f4ng s\u1ed1 tr\u1ef1c ti\u1ebfp, kh\u00f4ng c\u1ea7n d\u1eebng l\u1ea1i, ch\u1ec9 c\u1ea7n d\u00f9ng ng\u00f3n tay \u0111\u1ec3 thay \u0111\u1ed5i c\u00e1c s\u1ed1 \u0111\u00f3. <\/span><\/p>\n<p><span style=\"font-family: 'times new roman', times, serif; font-size: 14pt;\">6. 40 M\u1ee9c T\u1ed1c \u0110\u1ed9 T\u0103ng T\u1ed1c V\u00e0 Gi\u1ea3m T\u1ed1c. Ch\u1ee9c n\u0103ng n\u00e0y ho\u1ea1t \u0111\u1ed9ng nh\u01b0 th\u1ebf n\u00e0o? \u0110\u1eb7t m\u1ed9t v\u00ed d\u1ee5, ch\u00fang ta \u0111\u1eb7t t\u1ed1c \u0111\u1ed9 5000 v\u00f2ng\/ph\u00fat v\u00e0 nh\u1ea5n n\u00fat B\u1eaeT \u0110\u1ea6U, sau \u0111\u00f3 m\u00e1y ly t\u00e2m s\u1ebd t\u0103ng t\u1ed1c t\u1eeb 0 v\u00f2ng\/ph\u00fat l\u00ean 5000 v\u00f2ng\/ph\u00fat. T\u1eeb 0 v\u00f2ng\/ph\u00fat l\u00ean 5000 v\u00f2ng\/ph\u00fat, ch\u00fang ta c\u00f3 th\u1ec3 l\u00e0m cho n\u00f3 m\u1ea5t \u00edt th\u1eddi gian h\u01a1n hay nhi\u1ec1u th\u1eddi gian h\u01a1n, n\u00f3i c\u00e1ch kh\u00e1c, ch\u1ea1y nhanh h\u01a1n hay ch\u1eadm h\u01a1n? C\u00f3, m\u00e1y ly t\u00e2m n\u00e0y h\u1ed7 tr\u1ee3. <\/span><\/p>\n<p><span style=\"font-family: 'times new roman', times, serif; font-size: 14pt;\">7. C\u00f3 th\u1ec3 l\u01b0u tr\u1eef 12 ch\u01b0\u01a1ng tr\u00ecnh. Trong qu\u00e1 tr\u00ecnh s\u1eed d\u1ee5ng h\u00e0ng ng\u00e0y, ch\u00fang ta c\u00f3 th\u1ec3 c\u1ea7n thi\u1ebft l\u1eadp c\u00e1c th\u00f4ng s\u1ed1 kh\u00e1c nhau cho c\u00e1c m\u1ee5c \u0111\u00edch kh\u00e1c nhau, ch\u00fang ta c\u00f3 th\u1ec3 l\u01b0u tr\u1eef c\u00e1c th\u00f4ng s\u1ed1 thi\u1ebft l\u1eadp \u0111\u00f3 d\u01b0\u1edbi d\u1ea1ng ch\u01b0\u01a1ng tr\u00ecnh v\u1eadn h\u00e0nh. L\u1ea7n sau, ch\u00fang ta ch\u1ec9 c\u1ea7n ch\u1ecdn \u0111\u00fang ch\u01b0\u01a1ng tr\u00ecnh v\u00e0 sau \u0111\u00f3 b\u1eaft \u0111\u1ea7u. <\/span><\/p>\n<p><span style=\"font-family: 'times new roman', times, serif; font-size: 14pt;\">8. T\u1ef1 \u0111\u1ed9ng ch\u1ea9n \u0111o\u00e1n l\u1ed7i. Khi l\u1ed7i xu\u1ea5t hi\u1ec7n, m\u00e1y ly t\u00e2m s\u1ebd t\u1ef1 \u0111\u1ed9ng ch\u1ea9n \u0111o\u00e1n v\u00e0 hi\u1ec3n th\u1ecb M\u00c3 L\u1ed6I tr\u00ean m\u00e0n h\u00ecnh, sau \u0111\u00f3 b\u1ea1n s\u1ebd bi\u1ebft l\u1ed7i l\u00e0 g\u00ec. <\/span><\/p>\n<p><span style=\"font-family: 'times new roman', times, serif; font-size: 14pt;\">9. Rotor l\u00f5i 12 l\u1ed7 c\u00f3 th\u1ec3 \u0111\u1ea1t 18.500 v\u00f2ng quay v\u00e0 t\u00e1ch n\u01b0\u1edbc trong c\u00e1c l\u1ed7 si\u00eau nh\u1ecf 10,74NM. \u0110\u01b0\u1ee3c trang b\u1ecb bi th\u00e9p t\u00e1ch \u0111\u1eb7c bi\u1ec7t. Ch\u00fang t\u00f4i s\u1eed d\u1ee5ng \u0111\u1ed9ng c\u01a1 t\u1ea7n s\u1ed1 thay \u0111\u1ed5i t\u1ed1t nh\u1ea5t, c\u00f3 th\u1ec3 \u0111\u1ea3m b\u1ea3o \u0111\u1ed9 ch\u00ednh x\u00e1c t\u1ed1c \u0111\u1ed9 cao v\u00e0 ho\u1ea1t \u0111\u1ed9ng \u1ed5n \u0111\u1ecbnh. \u0110\u1ec3 \u0111\u1ea3m b\u1ea3o m\u00e1y ly t\u00e2m c\u00f3 hi\u1ec7u su\u1ea5t l\u00e0m l\u1ea1nh t\u1ed1t, ch\u00fang t\u00f4i s\u1eed d\u1ee5ng m\u00e1y n\u00e9n ch\u1ea5t l\u01b0\u1ee3ng cao nh\u1eadp kh\u1ea9u. V\u00e0 th\u00e2n th\u00e9p l\u00e0m cho m\u00e1y ly t\u00e2m ch\u1eafc ch\u1eafn v\u00e0 b\u1ec1n h\u01a1n. <\/span><\/p>\n<p>&nbsp;<\/p>","protected":false},"excerpt":{"rendered":"<div class=\"item-meta\" data-module=\"6\">\n<div><span style=\"font-family: 'times new roman', times, serif; font-size: 14pt;\">M\u00e1y ly t\u00e2m l\u00f5i \u0111\u00e1 YX-1850R chuy\u00ean d\u00f9ng cho c\u00e1c th\u00ed nghi\u1ec7m ph\u00e2n t\u00edch l\u00f5i \u0111\u00e1 trong nhi\u1ec1u \u0111i\u1ec1u ki\u1ec7n b\u1ec3 ch\u1ee9a d\u1ea7u kh\u00e1c nhau, \u0111\u01b0\u1ee3c s\u1eed d\u1ee5ng \u0111\u1ec3 \u0111o \u0111\u1ed9 \u1ea9m, \u0111\u1ed9 th\u1ea5m t\u01b0\u01a1ng \u0111\u1ed1i, \u00e1p su\u1ea5t mao d\u1eabn, \u0111\u1ed9 b\u00e3o h\u00f2a t\u01b0\u01a1ng \u0111\u1ed1i, b\u00e1n k\u00ednh l\u1ed7 r\u1ed7ng, v.v.<\/span><\/div>\n<\/div>\n<ul>\n<li><span style=\"font-size: 14pt; font-family: 'times new roman', times, serif;\">T\u1ed1c \u0111\u1ed9 t\u1ed1i \u0111a\u00a0 \u00a0 \u00a0 \u00a0 \u00a0 \u00a0 \u00a0 \u00a0 \u00a0 \u00a0<span class=\"item-val\">18500 v\u00f2ng\/ph\u00fat<\/span><\/span><\/li>\n<li><span style=\"font-size: 14pt; font-family: 'times new roman', times, serif;\">RCF t\u1ed1i \u0111a\u00a0 \u00a0 \u00a0 \u00a0 \u00a0 \u00a0 \u00a0 \u00a0 \u00a0 \u00a0 \u00a0<span class=\"item-val\">42000xg<\/span><\/span><\/li>\n<li><span style=\"font-size: 14pt; font-family: 'times new roman', times, serif;\">C\u00f4ng su\u1ea5t t\u1ed1i \u0111a\u00a0 \u00a0 \u00a0 \u00a0 \u00a0 \u00a0 \u00a0 \u00a0<span class=\"item-val\">4*1000ml<\/span><\/span><\/li>\n<li><span style=\"font-size: 14pt; font-family: 'times new roman', times, serif;\">Ph\u1ea1m vi h\u1eb9n gi\u1edd\u00a0 \u00a0 \u00a0 \u00a0 \u00a0 \u00a0 \u00a0 \u00a0 \u00a0<span class=\"item-val\">1 ph\u00fat \u0111\u1ebfn 99 gi\u1edd 59 ph\u00fat<\/span><\/span><\/li>\n<li><span style=\"font-family: 'times new roman', times, serif; font-size: 14pt;\">Nhi\u1ec7t \u0111\u1ed9 -20-40\u2103<\/span><\/li>\n<li><span style=\"font-size: 14pt; font-family: 'times new roman', times, serif;\">\u0110\u1ed9 ch\u00ednh x\u00e1c t\u1ed1c \u0111\u1ed9\u00a0 \u00a0 \u00a0 \u00a0 \u00a0 \u00a0 <span class=\"item-val\">\u00b110 v\u00f2ng\/ph\u00fat<\/span><\/span><\/li>\n<li><span style=\"font-size: 14pt; font-family: 'times new roman', times, serif;\">Ti\u1ebfng \u1ed3n\u00a0 \u00a0 \u00a0 \u00a0 \u00a0 \u00a0 \u00a0 \u00a0 \u00a0 \u00a0 \u00a0 \u00a0 \u00a0 \u00a0 <span class=\"item-val\">\u226460dB(A)<\/span><\/span><\/li>\n<li><span style=\"font-size: 14pt; font-family: 'times new roman', times, serif;\">Ti\u00eau th\u1ee5 \u0111i\u1ec7n n\u0103ng\u00a0 \u00a0 \u00a0<span class=\"item-val\">5KW<\/span><\/span><\/li>\n<li><span style=\"font-size: 14pt; font-family: 'times new roman', times, serif;\">K\u00edch th\u01b0\u1edbc\u00a0 \u00a0 \u00a0 \u00a0 \u00a0 \u00a0 \u00a0 \u00a0 \u00a0 \u00a0<span class=\"item-val\">850x730x930mm<\/span><\/span><\/li>\n<li><span style=\"font-size: 14pt; font-family: 'times new roman', times, serif;\">Tr\u1ecdng l\u01b0\u1ee3ng t\u1ecbnh\u00a0 \u00a0 \u00a0 \u00a0 \u00a0 \u00a0 \u00a0 \u00a0 \u00a0 \u00a0<span class=\"item-val\">280kg<\/span><\/span><\/li>\n<\/ul>\n<p>&nbsp;<\/p>","protected":false},"featured_media":22510,"comment_status":"open","ping_status":"closed","template":"","meta":{"_acf_changed":false},"product_brand":[],"product_cat":[20,80,97],"product_tag":[],"class_list":{"0":"post-22508","1":"product","2":"type-product","3":"status-publish","4":"has-post-thumbnail","6":"product_cat-all","7":"product_cat-centrifuge","8":"product_cat-special-purpose-centrifuge","10":"first","11":"instock","12":"shipping-taxable","13":"product-type-simple"},"acf":[],"_links":{"self":[{"href":"https:\/\/lexamedlab.com\/vi\/wp-json\/wp\/v2\/product\/22508","targetHints":{"allow":["GET"]}}],"collection":[{"href":"https:\/\/lexamedlab.com\/vi\/wp-json\/wp\/v2\/product"}],"about":[{"href":"https:\/\/lexamedlab.com\/vi\/wp-json\/wp\/v2\/types\/product"}],"replies":[{"embeddable":true,"href":"https:\/\/lexamedlab.com\/vi\/wp-json\/wp\/v2\/comments?post=22508"}],"version-history":[{"count":1,"href":"https:\/\/lexamedlab.com\/vi\/wp-json\/wp\/v2\/product\/22508\/revisions"}],"predecessor-version":[{"id":22513,"href":"https:\/\/lexamedlab.com\/vi\/wp-json\/wp\/v2\/product\/22508\/revisions\/22513"}],"wp:featuredmedia":[{"embeddable":true,"href":"https:\/\/lexamedlab.com\/vi\/wp-json\/wp\/v2\/media\/22510"}],"wp:attachment":[{"href":"https:\/\/lexamedlab.com\/vi\/wp-json\/wp\/v2\/media?parent=22508"}],"wp:term":[{"taxonomy":"product_brand","embeddable":true,"href":"https:\/\/lexamedlab.com\/vi\/wp-json\/wp\/v2\/product_brand?post=22508"},{"taxonomy":"product_cat","embeddable":true,"href":"https:\/\/lexamedlab.com\/vi\/wp-json\/wp\/v2\/product_cat?post=22508"},{"taxonomy":"product_tag","embeddable":true,"href":"https:\/\/lexamedlab.com\/vi\/wp-json\/wp\/v2\/product_tag?post=22508"}],"curies":[{"name":"wp","href":"https:\/\/api.w.org\/{rel}","templated":true}]}}