{"id":22544,"date":"2025-05-24T21:49:46","date_gmt":"2025-05-24T21:49:46","guid":{"rendered":"https:\/\/lexamedlab.com\/?post_type=product&#038;p=22544"},"modified":"2025-05-27T15:11:36","modified_gmt":"2025-05-27T15:11:36","slug":"no-additive-tube","status":"publish","type":"product","link":"https:\/\/lexamedlab.com\/vi\/product\/no-additive-tube\/","title":{"rendered":"Kh\u00f4ng c\u00f3 \u1ed1ng ph\u1ee5 gia"},"content":{"rendered":"<p><span style=\"font-size: 14pt; font-family: 'times new roman', times, serif;\">Kh\u00f4ng c\u00f3 \u1ed1ng ph\u1ee5 gia<\/span><\/p>\n<p data-spm-anchor-id=\"a2700.details-description.0.i1.b229DrSXDrSXqX\"><span style=\"font-size: 14pt; font-family: 'times new roman', times, serif;\">\u1ed0ng kh\u00f4ng c\u00f3 ph\u1ee5 gia \u0111\u01b0\u1ee3c s\u1eed d\u1ee5ng trong vi\u1ec7c thu th\u1eadp v\u00e0 l\u01b0u tr\u1eef m\u00e1u cho m\u1ee5c \u0111\u00edch sinh h\u00f3a, mi\u1ec5n d\u1ecbch h\u1ecdc, huy\u1ebft thanh h\u1ecdc, x\u00e9t nghi\u1ec7m c\u00e1c lo\u1ea1i nguy\u00ean t\u1ed1 vi l\u01b0\u1ee3ng kh\u00e1c nhau trong ki\u1ec3m tra y t\u1ebf. V\u1edbi x\u1eed l\u00fd \u0111\u1eb7c bi\u1ec7t tr\u00ean b\u1ec1 m\u1eb7t b\u00ean trong, n\u00f3 c\u1ef1c k\u1ef3 tr\u01a1n tru cho ho\u1ea1t \u0111\u1ed9ng b\u00ecnh th\u01b0\u1eddng c\u1ee7a ti\u1ec3u c\u1ea7u v\u00e0 \u0111\u00f4ng m\u00e1u kh\u00f4ng b\u1ecb c\u1ea3n tr\u1edf, gi\u00fap ng\u0103n ng\u1eeba tan m\u00e1u ho\u1eb7c s\u1ef1 k\u1ebft d\u00ednh c\u1ee7a h\u1ed3ng c\u1ea7u ho\u1eb7c fibrin v\u00e0o b\u1ec1 m\u1eb7t b\u00ean trong. N\u00f3 c\u00f3 th\u1ec3 cung c\u1ea5p \u0111\u1ee7 m\u1eabu huy\u1ebft thanh kh\u00f4ng \u00f4 nhi\u1ec5m cho x\u00e9t nghi\u1ec7m l\u00e2m s\u00e0ng v\u00e0 duy tr\u00ec th\u00e0nh ph\u1ea7n b\u00ecnh th\u01b0\u1eddng c\u1ee7a huy\u1ebft thanh trong th\u1eddi gian d\u00e0i. H\u01a1n n\u1eefa, n\u00f3 h\u1eefu \u00edch cho vi\u1ec7c ki\u1ec3m tra l\u1ea1i huy\u1ebft thanh v\u1edbi kh\u1ea3 n\u0103ng l\u1eb7p l\u1ea1i t\u1ed1t.<\/span><\/p>\n<p><span style=\"font-size: 14pt; font-family: 'times new roman', times, serif;\">\u2013 Th\u1eddi gian c\u1ee5c m\u00e1u \u0111\u00f4ng co l\u1ea1i ho\u00e0n to\u00e0n: 1,5-2 gi\u1edd<\/span><\/p>\n<p><span style=\"font-size: 14pt; font-family: 'times new roman', times, serif;\">\u2013 T\u1ed1c \u0111\u1ed9 ly t\u00e2m: 3500-4000 v\u00f2ng\/ph\u00fat<\/span><\/p>\n<p><span style=\"font-size: 14pt; font-family: 'times new roman', times, serif;\">\u2013 Th\u1eddi gian ly t\u00e2m: 5 ph\u00fat<\/span><\/p>\n<p data-spm-anchor-id=\"a2700.details-description.0.i0.b229DrSXDrSXqX\"><span style=\"font-size: 14pt; font-family: 'times new roman', times, serif;\">\u2013 Nhi\u1ec7t \u0111\u1ed9 b\u1ea3o qu\u1ea3n khuy\u1ebfn c\u00e1o: 4-25\u2103<\/span><\/p>\n<table style=\"border-collapse: collapse; width: 100%; height: 237px;\">\n<tbody>\n<tr style=\"height: 45px;\">\n<td style=\"width: 14.2857%; text-align: center; height: 45px;\"><span style=\"font-family: 'times new roman', times, serif; font-size: 14pt;\"><strong>s\u1ed1 s\u1ea3n ph\u1ea9m\u00a0<\/strong><\/span><\/td>\n<td style=\"width: 14.2857%; text-align: center; height: 45px;\"><span style=\"font-family: 'times new roman', times, serif; font-size: 14pt;\"><strong>\u1ed0ng <\/strong><strong>\u0110\u1eb7c \u0111i\u1ec3m k\u1ef9 thu\u1eadt<\/strong><\/span><\/td>\n<td style=\"width: 14.2857%; text-align: center; height: 45px;\"><span style=\"font-family: 'times new roman', times, serif; font-size: 14pt;\"><strong>danh ngh\u0129a <\/strong><strong>\u00c2m l\u01b0\u1ee3ng<\/strong><\/span><\/td>\n<td style=\"width: 14.2857%; text-align: center; height: 45px;\"><span style=\"font-family: 'times new roman', times, serif; font-size: 14pt;\"><strong>Ph\u1ee5 gia<\/strong><\/span><\/td>\n<td style=\"width: 14.3069%; text-align: center; height: 45px;\" height=\"45\"><span style=\"font-family: 'times new roman', times, serif; font-size: 14pt;\"><strong>S\u1ed1 l\u01b0\u1ee3ng\/Cs k\u00ednh<\/strong><\/span><\/td>\n<td style=\"width: 14.2857%; text-align: center; height: 45px;\"><span style=\"font-family: 'times new roman', times, serif; font-size: 14pt;\"><strong>S\u1ed1 l\u01b0\u1ee3ng PET\/Cs<\/strong><\/span><\/td>\n<td style=\"width: 14.2857%; text-align: center; height: 45px;\"><\/td>\n<\/tr>\n<tr>\n<td style=\"width: 14.2857%; text-align: center;\" height=\"19\" data-spm-anchor-id=\"a2700.details-description.0.i9.b229DrSXDrSXqX\"><span style=\"font-family: 'times new roman', times, serif; font-size: 12pt;\"><strong>KJ030A<\/strong><\/span><\/td>\n<td style=\"width: 14.2857%; text-align: center;\" height=\"19\"><span style=\"font-family: 'times new roman', times, serif; font-size: 12pt;\">\u00d813\u00d775mm<\/span><\/td>\n<td style=\"width: 14.2857%; text-align: center;\" height=\"19\"><span style=\"font-family: 'times new roman', times, serif; font-size: 12pt;\">3ml<\/span><\/td>\n<td style=\"width: 14.2857%; text-align: center;\" height=\"19\"><span style=\"font-family: 'times new roman', times, serif; font-size: 12pt;\">Kh\u00f4ng c\u00f3 ph\u1ee5 gia<\/span><\/td>\n<td style=\"width: 14.3069%; text-align: center;\" height=\"19\"><span style=\"font-family: 'times new roman', times, serif; font-size: 12pt;\">100 C\u00c1I\u00d718<\/span><\/td>\n<td style=\"width: 14.2857%; text-align: center;\" height=\"19\"><span style=\"font-family: 'times new roman', times, serif; font-size: 12pt;\">100 C\u00c1I\u00d718<\/span><\/td>\n<td style=\"width: 14.2857%; height: 24px;\"><\/td>\n<\/tr>\n<tr>\n<td style=\"width: 14.2857%; text-align: center;\" height=\"19\"><span style=\"font-family: 'times new roman', times, serif; font-size: 12pt;\"><strong data-spm-anchor-id=\"a2700.details-description.0.i10.b229DrSXDrSXqX\">KJ040A<\/strong><\/span><\/td>\n<td style=\"width: 14.2857%; text-align: center;\" height=\"19\"><span style=\"font-family: 'times new roman', times, serif; font-size: 12pt;\">\u00d813\u00d775mm<\/span><\/td>\n<td style=\"width: 14.2857%; text-align: center;\" height=\"19\"><span style=\"font-family: 'times new roman', times, serif; font-size: 12pt;\">4ml<\/span><\/td>\n<td style=\"width: 14.2857%; text-align: center;\" height=\"19\"><span style=\"font-family: 'times new roman', times, serif; font-size: 12pt;\">Kh\u00f4ng c\u00f3 ph\u1ee5 gia<\/span><\/td>\n<td style=\"width: 14.3069%; text-align: center;\" height=\"19\"><span style=\"font-family: 'times new roman', times, serif; font-size: 12pt;\">100 C\u00c1I\u00d718<\/span><\/td>\n<td style=\"width: 14.2857%; text-align: center;\" height=\"19\"><span style=\"font-family: 'times new roman', times, serif; font-size: 12pt;\">100 C\u00c1I\u00d718<\/span><\/td>\n<td style=\"width: 14.2857%; height: 24px;\"><\/td>\n<\/tr>\n<tr>\n<td style=\"width: 14.2857%; text-align: center;\" height=\"19\"><span style=\"font-family: 'times new roman', times, serif; font-size: 12pt;\"><strong>KJ050A<\/strong><\/span><\/td>\n<td style=\"width: 14.2857%; text-align: center;\" height=\"19\"><span style=\"font-family: 'times new roman', times, serif; font-size: 12pt;\">\u00d813\u00d7100mm<\/span><\/td>\n<td style=\"width: 14.2857%; text-align: center;\" height=\"19\"><span style=\"font-family: 'times new roman', times, serif; font-size: 12pt;\">5ml<\/span><\/td>\n<td style=\"width: 14.2857%; text-align: center;\" height=\"19\"><span style=\"font-family: 'times new roman', times, serif; font-size: 12pt;\">Kh\u00f4ng c\u00f3 ph\u1ee5 gia<\/span><\/td>\n<td style=\"width: 14.3069%; text-align: center;\" height=\"19\"><span style=\"font-family: 'times new roman', times, serif; font-size: 12pt;\">100 C\u00c1I\u00d718<\/span><\/td>\n<td style=\"width: 14.2857%; text-align: center;\" height=\"19\"><span style=\"font-family: 'times new roman', times, serif; font-size: 12pt;\">100 C\u00c1I\u00d718<\/span><\/td>\n<td style=\"width: 14.2857%; height: 24px;\"><\/td>\n<\/tr>\n<tr>\n<td style=\"width: 14.2857%; text-align: center;\" height=\"19\"><span style=\"font-family: 'times new roman', times, serif; font-size: 12pt;\"><strong>KJ0501A<\/strong><\/span><\/td>\n<td style=\"width: 14.2857%; text-align: center;\" height=\"19\"><span style=\"font-family: 'times new roman', times, serif; font-size: 12pt;\">\u00d813\u00d7100mm<\/span><\/td>\n<td style=\"width: 14.2857%; text-align: center;\" height=\"19\"><span style=\"font-family: 'times new roman', times, serif; font-size: 12pt;\">5ml<\/span><\/td>\n<td style=\"width: 14.2857%; text-align: center;\" height=\"19\"><span style=\"font-family: 'times new roman', times, serif; font-size: 12pt;\">Kh\u00f4ng c\u00f3 ph\u1ee5 gia<\/span><\/td>\n<td style=\"width: 14.3069%; text-align: center;\" height=\"19\"><span style=\"font-family: 'times new roman', times, serif; font-size: 12pt;\">100 C\u00c1I\u00d712<\/span><\/td>\n<td style=\"width: 14.2857%; text-align: center;\" height=\"19\"><span style=\"font-family: 'times new roman', times, serif; font-size: 12pt;\">100 C\u00c1I\u00d718<\/span><\/td>\n<td style=\"width: 14.2857%; height: 24px;\"><\/td>\n<\/tr>\n<tr>\n<td style=\"width: 14.2857%; text-align: center;\" height=\"19\"><span style=\"font-family: 'times new roman', times, serif; font-size: 12pt;\"><strong>KJ0601A<\/strong><\/span><\/td>\n<td style=\"width: 14.2857%; text-align: center;\" height=\"19\"><span style=\"font-family: 'times new roman', times, serif; font-size: 12pt;\">\u00d816\u00d7100mm<\/span><\/td>\n<td style=\"width: 14.2857%; text-align: center;\" height=\"19\"><span style=\"font-family: 'times new roman', times, serif; font-size: 12pt;\">6ml<\/span><\/td>\n<td style=\"width: 14.2857%; text-align: center;\" height=\"19\"><span style=\"font-family: 'times new roman', times, serif; font-size: 12pt;\">Kh\u00f4ng c\u00f3 ph\u1ee5 gia<\/span><\/td>\n<td style=\"width: 14.3069%; text-align: center;\" height=\"19\"><span style=\"font-family: 'times new roman', times, serif; font-size: 12pt;\">100 C\u00c1I\u00d712<\/span><\/td>\n<td style=\"width: 14.2857%; text-align: center;\" height=\"19\"><span style=\"font-family: 'times new roman', times, serif; font-size: 12pt;\">100 C\u00c1I\u00d718<\/span><\/td>\n<td style=\"width: 14.2857%; height: 24px;\"><\/td>\n<\/tr>\n<tr>\n<td style=\"width: 14.2857%; text-align: center;\" height=\"19\"><span style=\"font-family: 'times new roman', times, serif; font-size: 12pt;\"><strong>KJ0701A<\/strong><\/span><\/td>\n<td style=\"width: 14.2857%; text-align: center;\" height=\"19\"><span style=\"font-family: 'times new roman', times, serif; font-size: 12pt;\">\u00d816\u00d7100mm<\/span><\/td>\n<td style=\"width: 14.2857%; text-align: center;\" height=\"19\"><span style=\"font-family: 'times new roman', times, serif; font-size: 12pt;\">7ml<\/span><\/td>\n<td style=\"width: 14.2857%; text-align: center;\" height=\"19\"><span style=\"font-family: 'times new roman', times, serif; font-size: 12pt;\">Kh\u00f4ng c\u00f3 ph\u1ee5 gia<\/span><\/td>\n<td style=\"width: 14.3069%; text-align: center;\" height=\"19\"><span style=\"font-family: 'times new roman', times, serif; font-size: 12pt;\">100 C\u00c1I\u00d712<\/span><\/td>\n<td style=\"width: 14.2857%; text-align: center;\" height=\"19\"><span style=\"font-family: 'times new roman', times, serif; font-size: 12pt;\">100 C\u00c1I\u00d718<\/span><\/td>\n<td style=\"width: 14.2857%; height: 24px;\"><\/td>\n<\/tr>\n<tr>\n<td style=\"width: 14.2857%; text-align: center;\" height=\"19\"><span style=\"font-family: 'times new roman', times, serif; font-size: 12pt;\"><strong>KJ0801A<\/strong><\/span><\/td>\n<td style=\"width: 14.2857%; text-align: center;\" height=\"19\"><span style=\"font-family: 'times new roman', times, serif; font-size: 12pt;\">\u00d816\u00d7100mm<\/span><\/td>\n<td style=\"width: 14.2857%; text-align: center;\" height=\"19\"><span style=\"font-family: 'times new roman', times, serif; font-size: 12pt;\">8ml<\/span><\/td>\n<td style=\"width: 14.2857%; text-align: center;\" height=\"19\"><span style=\"font-family: 'times new roman', times, serif; font-size: 12pt;\">Kh\u00f4ng c\u00f3 ph\u1ee5 gia<\/span><\/td>\n<td style=\"width: 14.3069%; text-align: center;\" height=\"19\"><span style=\"font-family: 'times new roman', times, serif; font-size: 12pt;\">100 C\u00c1I\u00d712<\/span><\/td>\n<td style=\"width: 14.2857%; text-align: center;\" height=\"19\"><span style=\"font-family: 'times new roman', times, serif; font-size: 12pt;\">100 C\u00c1I\u00d712<\/span><\/td>\n<td style=\"width: 14.2857%; height: 24px;\"><\/td>\n<\/tr>\n<tr>\n<td style=\"width: 14.2857%; text-align: center;\" height=\"19\"><span style=\"font-family: 'times new roman', times, serif; font-size: 12pt;\"><strong>KJ0901A<\/strong><\/span><\/td>\n<td style=\"width: 14.2857%; text-align: center;\" height=\"19\"><span style=\"font-family: 'times new roman', times, serif; font-size: 12pt;\">\u00d816\u00d7100mm<\/span><\/td>\n<td style=\"width: 14.2857%; text-align: center;\" height=\"19\"><span style=\"font-family: 'times new roman', times, serif; font-size: 12pt;\">9ml<\/span><\/td>\n<td style=\"width: 14.2857%; text-align: center;\" height=\"19\"><span style=\"font-family: 'times new roman', times, serif; font-size: 12pt;\">Kh\u00f4ng c\u00f3 ph\u1ee5 gia<\/span><\/td>\n<td style=\"width: 14.3069%; text-align: center;\" height=\"19\"><span style=\"font-family: 'times new roman', times, serif; font-size: 12pt;\">100 C\u00c1I\u00d712<\/span><\/td>\n<td style=\"width: 14.2857%; text-align: center;\" height=\"19\"><span style=\"font-family: 'times new roman', times, serif; font-size: 12pt;\">100 C\u00c1I\u00d712<\/span><\/td>\n<td style=\"width: 14.2857%; height: 24px;\"><\/td>\n<\/tr>\n<tr>\n<td style=\"width: 14.2857%; text-align: center;\" height=\"19\"><span style=\"font-family: 'times new roman', times, serif; font-size: 12pt;\"><strong>KJ1002A<\/strong><\/span><\/td>\n<td style=\"width: 14.2857%; text-align: center;\" height=\"19\"><span style=\"font-family: 'times new roman', times, serif; font-size: 12pt;\">\u00d816\u00d7100mm<\/span><\/td>\n<td style=\"width: 14.2857%; text-align: center;\" height=\"19\"><span style=\"font-family: 'times new roman', times, serif; font-size: 12pt;\">10ml<\/span><\/td>\n<td style=\"width: 14.2857%; text-align: center;\" height=\"19\"><span style=\"font-family: 'times new roman', times, serif; font-size: 12pt;\">Kh\u00f4ng c\u00f3 ph\u1ee5 gia<\/span><\/td>\n<td style=\"width: 14.3069%; text-align: center;\" height=\"19\"><span style=\"font-family: 'times new roman', times, serif; font-size: 12pt;\">100 C\u00c1I\u00d712<\/span><\/td>\n<td style=\"width: 14.2857%; text-align: center;\" height=\"19\"><span style=\"font-family: 'times new roman', times, serif; font-size: 12pt;\">100 C\u00c1I\u00d712<\/span><\/td>\n<td style=\"width: 14.2857%;\"><\/td>\n<\/tr>\n<\/tbody>\n<\/table>\n<p data-spm-anchor-id=\"a2700.details-description.0.i0.b229DrSXDrSXqX\">","protected":false},"excerpt":{"rendered":"<p>Kh\u00f4ng c\u00f3 \u1ed1ng ph\u1ee5 gia Kh\u00f4ng c\u00f3 \u1ed1ng ph\u1ee5 gia \u0111\u01b0\u1ee3c s\u1eed d\u1ee5ng trong vi\u1ec7c thu th\u1eadp v\u00e0 l\u01b0u tr\u1eef m\u00e1u cho sinh h\u00f3a, mi\u1ec5n d\u1ecbch, huy\u1ebft thanh h\u1ecdc, x\u00e9t nghi\u1ec7m c\u00e1c lo\u1ea1i<\/p>","protected":false},"featured_media":22542,"comment_status":"open","ping_status":"closed","template":"","meta":{"_acf_changed":false},"product_brand":[],"product_cat":[20,98],"product_tag":[],"class_list":{"0":"post-22544","1":"product","2":"type-product","3":"status-publish","4":"has-post-thumbnail","6":"product_cat-all","7":"product_cat-blood-collection-tube","9":"first","10":"instock","11":"shipping-taxable","12":"product-type-simple"},"acf":[],"_links":{"self":[{"href":"https:\/\/lexamedlab.com\/vi\/wp-json\/wp\/v2\/product\/22544","targetHints":{"allow":["GET"]}}],"collection":[{"href":"https:\/\/lexamedlab.com\/vi\/wp-json\/wp\/v2\/product"}],"about":[{"href":"https:\/\/lexamedlab.com\/vi\/wp-json\/wp\/v2\/types\/product"}],"replies":[{"embeddable":true,"href":"https:\/\/lexamedlab.com\/vi\/wp-json\/wp\/v2\/comments?post=22544"}],"version-history":[{"count":1,"href":"https:\/\/lexamedlab.com\/vi\/wp-json\/wp\/v2\/product\/22544\/revisions"}],"predecessor-version":[{"id":22592,"href":"https:\/\/lexamedlab.com\/vi\/wp-json\/wp\/v2\/product\/22544\/revisions\/22592"}],"wp:featuredmedia":[{"embeddable":true,"href":"https:\/\/lexamedlab.com\/vi\/wp-json\/wp\/v2\/media\/22542"}],"wp:attachment":[{"href":"https:\/\/lexamedlab.com\/vi\/wp-json\/wp\/v2\/media?parent=22544"}],"wp:term":[{"taxonomy":"product_brand","embeddable":true,"href":"https:\/\/lexamedlab.com\/vi\/wp-json\/wp\/v2\/product_brand?post=22544"},{"taxonomy":"product_cat","embeddable":true,"href":"https:\/\/lexamedlab.com\/vi\/wp-json\/wp\/v2\/product_cat?post=22544"},{"taxonomy":"product_tag","embeddable":true,"href":"https:\/\/lexamedlab.com\/vi\/wp-json\/wp\/v2\/product_tag?post=22544"}],"curies":[{"name":"wp","href":"https:\/\/api.w.org\/{rel}","templated":true}]}}