{"id":22602,"date":"2025-05-24T22:04:20","date_gmt":"2025-05-24T22:04:20","guid":{"rendered":"https:\/\/lexamedlab.com\/?post_type=product&#038;p=22602"},"modified":"2025-05-27T15:11:36","modified_gmt":"2025-05-27T15:11:36","slug":"gel-clot-activator-tube","status":"publish","type":"product","link":"https:\/\/lexamedlab.com\/vi\/product\/gel-clot-activator-tube\/","title":{"rendered":"\u1ed0ng Gel &amp; Ch\u1ea5t k\u00edch ho\u1ea1t c\u1ee5c m\u00e1u \u0111\u00f4ng"},"content":{"rendered":"<p><span style=\"font-family: 'times new roman', times, serif; font-size: 14pt;\" data-spm-anchor-id=\"a2700.details-description.0.i0.643612YS12YScu\">\u1ed0ng Gel &amp; Ch\u1ea5t k\u00edch ho\u1ea1t c\u1ee5c m\u00e1u \u0111\u00f4ng<\/span><\/p>\n<p><span style=\"font-family: 'times new roman', times, serif; font-size: 14pt;\">\u1ed0ng ho\u1ea1t h\u00f3a gel v\u00e0 c\u1ee5c m\u00e1u \u0111\u00f4ng \u0111\u01b0\u1ee3c s\u1eed d\u1ee5ng cho sinh h\u00f3a huy\u1ebft thanh, mi\u1ec5n d\u1ecbch h\u1ecdc v\u00e0 th\u1eed nghi\u1ec7m thu\u1ed1c, v.v. Ch\u1ea5t \u0111\u00f4ng t\u1ee5 \u0111\u01b0\u1ee3c phun \u0111\u1ec1u tr\u00ean b\u1ec1 m\u1eb7t b\u00ean trong \u1ed1ng, \u0111i\u1ec1u n\u00e0y s\u1ebd r\u00fat ng\u1eafn \u0111\u00e1ng k\u1ec3 th\u1eddi gian \u0111\u00f4ng m\u00e1u. V\u00ec gel t\u00e1ch nh\u1eadp kh\u1ea9u t\u1eeb Nh\u1eadt B\u1ea3n l\u00e0 ch\u1ea5t tinh khi\u1ebft, r\u1ea5t \u1ed5n \u0111\u1ecbnh v\u1ec1 t\u00ednh ch\u1ea5t l\u00fd h\u00f3a, c\u00f3 th\u1ec3 ch\u1ecbu \u0111\u01b0\u1ee3c nhi\u1ec7t \u0111\u1ed9 cao \u0111\u1ec3 gel duy tr\u00ec tr\u1ea1ng th\u00e1i \u1ed5n \u0111\u1ecbnh trong qu\u00e1 tr\u00ecnh l\u01b0u tr\u1eef v\u00e0 v\u1eadn chuy\u1ec3n.<\/span><\/p>\n<p><span style=\"font-family: 'times new roman', times, serif; font-size: 14pt;\">Gel s\u1ebd \u0111\u00f4ng l\u1ea1i sau khi ly t\u00e2m v\u00e0 t\u00e1ch ho\u00e0n to\u00e0n huy\u1ebft thanh kh\u1ecfi c\u00e1c t\u1ebf b\u00e0o fibrin gi\u1ed1ng nh\u01b0 m\u1ed9t r\u00e0o c\u1ea3n, c\u00f3 hi\u1ec7u qu\u1ea3 ng\u0103n ch\u1eb7n s\u1ef1 trao \u0111\u1ed5i ch\u1ea5t gi\u1eefa huy\u1ebft thanh m\u00e1u v\u00e0 c\u00e1c t\u1ebf b\u00e0o. Hi\u1ec7u qu\u1ea3 thu th\u1eadp huy\u1ebft thanh \u0111\u01b0\u1ee3c c\u1ea3i thi\u1ec7n v\u00e0 huy\u1ebft thanh ch\u1ea5t l\u01b0\u1ee3ng cao s\u1ebd thu \u0111\u01b0\u1ee3c, do \u0111\u00f3 c\u00f3 k\u1ebft qu\u1ea3 x\u00e9t nghi\u1ec7m x\u00e1c th\u1ef1c h\u01a1n. Gi\u1eef huy\u1ebft thanh \u1ed5n \u0111\u1ecbnh trong h\u01a1n 48 gi\u1edd, kh\u00f4ng c\u00f3 thay \u0111\u1ed5i r\u00f5 r\u00e0ng n\u00e0o x\u1ea3y ra \u0111\u1ed1i v\u1edbi c\u00e1c \u0111\u1eb7c \u0111i\u1ec3m sinh h\u00f3a v\u00e0 th\u00e0nh ph\u1ea7n h\u00f3a h\u1ecdc c\u1ee7a n\u00f3, sau \u0111\u00f3 \u1ed1ng c\u00f3 th\u1ec3 \u0111\u01b0\u1ee3c s\u1eed d\u1ee5ng tr\u1ef1c ti\u1ebfp trong m\u00e1y ph\u00e2n t\u00edch m\u1eabu.<\/span><\/p>\n<p><span style=\"font-family: 'times new roman', times, serif; font-size: 14pt;\">\u2013 Th\u1eddi gian c\u1ee5c m\u00e1u \u0111\u00f4ng co l\u1ea1i ho\u00e0n to\u00e0n: 20-25 ph\u00fat<\/span><\/p>\n<p><span style=\"font-family: 'times new roman', times, serif; font-size: 14pt;\">\u2013 T\u1ed1c \u0111\u1ed9 ly t\u00e2m: 3500-4000 v\u00f2ng\/ph\u00fat<\/span><\/p>\n<p><span style=\"font-family: 'times new roman', times, serif; font-size: 14pt;\">\u2013 Th\u1eddi gian ly t\u00e2m: 5 ph\u00fat<\/span><\/p>\n<p><span style=\"font-family: 'times new roman', times, serif; font-size: 14pt;\">\u2013 Nhi\u1ec7t \u0111\u1ed9 b\u1ea3o qu\u1ea3n khuy\u1ebfn c\u00e1o: 4-25\u2103<\/span><\/p>\n<table style=\"border-collapse: collapse; width: 100%; height: 463px;\">\n<tbody>\n<tr style=\"height: 45px;\">\n<td style=\"width: 14.2857%; text-align: center; height: 45px;\"><span style=\"font-family: 'times new roman', times, serif; font-size: 14pt;\"><strong>s\u1ed1 s\u1ea3n ph\u1ea9m\u00a0<\/strong><\/span><\/td>\n<td style=\"width: 14.2857%; text-align: center; height: 45px;\"><span style=\"font-family: 'times new roman', times, serif; font-size: 14pt;\"><strong>\u1ed0ng <\/strong><strong>\u0110\u1eb7c \u0111i\u1ec3m k\u1ef9 thu\u1eadt<\/strong><\/span><\/td>\n<td style=\"width: 14.2857%; text-align: center; height: 45px;\"><span style=\"font-family: 'times new roman', times, serif; font-size: 14pt;\"><strong>danh ngh\u0129a <\/strong><strong>\u00c2m l\u01b0\u1ee3ng<\/strong><\/span><\/td>\n<td style=\"width: 14.2857%; text-align: center; height: 45px;\"><span style=\"font-family: 'times new roman', times, serif; font-size: 14pt;\"><strong>Ph\u1ee5 gia<\/strong><\/span><\/td>\n<td style=\"width: 14.3069%; text-align: center; height: 45px;\" height=\"45\"><span style=\"font-family: 'times new roman', times, serif; font-size: 14pt;\"><strong>S\u1ed1 l\u01b0\u1ee3ng\/Cs k\u00ednh<\/strong><\/span><\/td>\n<td style=\"width: 14.2857%; text-align: center; height: 45px;\"><span style=\"font-family: 'times new roman', times, serif; font-size: 14pt;\"><strong>S\u1ed1 l\u01b0\u1ee3ng PET\/Cs<\/strong><\/span><\/td>\n<td style=\"width: 14.2857%; text-align: center; height: 45px;\"><\/td>\n<\/tr>\n<tr>\n<td style=\"width: 14.2857%; text-align: center;\" data-spm-anchor-id=\"a2700.details-description.0.i9.643612YS12YScu\"><span style=\"font-family: 'times new roman', times, serif;\"><strong>KJ030AS<\/strong><\/span><\/td>\n<td style=\"width: 14.2857%; text-align: center;\" data-spm-anchor-id=\"a2700.details-description.0.i2.643612YS12YScu\"><span style=\"font-family: 'times new roman', times, serif;\">\u00d813\u00d775mm<\/span><\/td>\n<td style=\"width: 14.2857%; text-align: center;\"><span style=\"font-family: 'times new roman', times, serif;\">3ml<\/span><\/td>\n<td style=\"width: 14.2857%; text-align: center;\"><span style=\"font-family: 'times new roman', times, serif;\">Gel &amp; Ch\u1ea5t k\u00edch ho\u1ea1t c\u1ee5c m\u00e1u \u0111\u00f4ng<\/span><\/td>\n<td style=\"width: 14.3069%; text-align: center;\"><span style=\"font-family: 'times new roman', times, serif;\">100 C\u00c1I\u00d718<\/span><\/td>\n<td style=\"width: 14.2857%; text-align: center;\"><span style=\"font-family: 'times new roman', times, serif;\">100 C\u00c1I\u00d718<\/span><\/td>\n<td style=\"width: 14.2857%; height: 38px;\"><\/td>\n<\/tr>\n<tr>\n<td style=\"width: 14.2857%; text-align: center;\"><span style=\"font-family: 'times new roman', times, serif;\"><strong>KJ040AS<\/strong><\/span><\/td>\n<td style=\"width: 14.2857%; text-align: center;\"><span style=\"font-family: 'times new roman', times, serif;\" data-spm-anchor-id=\"a2700.details-description.0.i3.643612YS12YScu\">\u00d813\u00d775mm<\/span><\/td>\n<td style=\"width: 14.2857%; text-align: center;\"><span style=\"font-family: 'times new roman', times, serif;\">4ml<\/span><\/td>\n<td style=\"width: 14.2857%; text-align: center;\"><span style=\"font-family: 'times new roman', times, serif;\">Gel &amp; Ch\u1ea5t k\u00edch ho\u1ea1t c\u1ee5c m\u00e1u \u0111\u00f4ng<\/span><\/td>\n<td style=\"width: 14.3069%; text-align: center;\"><span style=\"font-family: 'times new roman', times, serif;\">100 C\u00c1I\u00d718<\/span><\/td>\n<td style=\"width: 14.2857%; text-align: center;\"><span style=\"font-family: 'times new roman', times, serif;\">100 C\u00c1I\u00d718<\/span><\/td>\n<td style=\"width: 14.2857%; height: 38px;\"><\/td>\n<\/tr>\n<tr>\n<td style=\"width: 14.2857%; text-align: center;\"><span style=\"font-family: 'times new roman', times, serif;\"><strong>KJ050AS<\/strong><\/span><\/td>\n<td style=\"width: 14.2857%; text-align: center;\"><span style=\"font-family: 'times new roman', times, serif;\" data-spm-anchor-id=\"a2700.details-description.0.i4.643612YS12YScu\">\u00d813\u00d7100mm<\/span><\/td>\n<td style=\"width: 14.2857%; text-align: center;\"><span style=\"font-family: 'times new roman', times, serif;\">5ml<\/span><\/td>\n<td style=\"width: 14.2857%; text-align: center;\"><span style=\"font-family: 'times new roman', times, serif;\">Gel &amp; Ch\u1ea5t k\u00edch ho\u1ea1t c\u1ee5c m\u00e1u \u0111\u00f4ng<\/span><\/td>\n<td style=\"width: 14.3069%; text-align: center;\"><span style=\"font-family: 'times new roman', times, serif;\">100 C\u00c1I\u00d712<\/span><\/td>\n<td style=\"width: 14.2857%; text-align: center;\"><span style=\"font-family: 'times new roman', times, serif;\">100 C\u00c1I\u00d718<\/span><\/td>\n<td style=\"width: 14.2857%; height: 38px;\"><\/td>\n<\/tr>\n<tr>\n<td style=\"width: 14.2857%; text-align: center;\"><span style=\"font-family: 'times new roman', times, serif;\"><strong>KJ0601AS<\/strong><\/span><\/td>\n<td style=\"width: 14.2857%; text-align: center;\"><span style=\"font-family: 'times new roman', times, serif;\" data-spm-anchor-id=\"a2700.details-description.0.i5.643612YS12YScu\">\u00d813\u00d7100mm<\/span><\/td>\n<td style=\"width: 14.2857%; text-align: center;\"><span style=\"font-family: 'times new roman', times, serif;\">6ml<\/span><\/td>\n<td style=\"width: 14.2857%; text-align: center;\"><span style=\"font-family: 'times new roman', times, serif;\">Gel &amp; Ch\u1ea5t k\u00edch ho\u1ea1t c\u1ee5c m\u00e1u \u0111\u00f4ng<\/span><\/td>\n<td style=\"width: 14.3069%; text-align: center;\"><span style=\"font-family: 'times new roman', times, serif;\">100 C\u00c1I\u00d712<\/span><\/td>\n<td style=\"width: 14.2857%; text-align: center;\"><span style=\"font-family: 'times new roman', times, serif;\">100 C\u00c1I\u00d718<\/span><\/td>\n<td style=\"width: 14.2857%; height: 38px;\"><\/td>\n<\/tr>\n<tr>\n<td style=\"width: 14.2857%; text-align: center;\"><span style=\"font-family: 'times new roman', times, serif;\"><strong>KJ0701AS<\/strong><\/span><\/td>\n<td style=\"width: 14.2857%; text-align: center;\"><span style=\"font-family: 'times new roman', times, serif;\" data-spm-anchor-id=\"a2700.details-description.0.i6.643612YS12YScu\">\u00d816\u00d7100mm<\/span><\/td>\n<td style=\"width: 14.2857%; text-align: center;\"><span style=\"font-family: 'times new roman', times, serif;\">7ml<\/span><\/td>\n<td style=\"width: 14.2857%; text-align: center;\"><span style=\"font-family: 'times new roman', times, serif;\">Gel &amp; Ch\u1ea5t k\u00edch ho\u1ea1t c\u1ee5c m\u00e1u \u0111\u00f4ng<\/span><\/td>\n<td style=\"width: 14.3069%; text-align: center;\"><span style=\"font-family: 'times new roman', times, serif;\">100 C\u00c1I\u00d712<\/span><\/td>\n<td style=\"width: 14.2857%; text-align: center;\"><span style=\"font-family: 'times new roman', times, serif;\">100 C\u00c1I\u00d712<\/span><\/td>\n<td style=\"width: 14.2857%; height: 38px;\"><\/td>\n<\/tr>\n<tr>\n<td style=\"width: 14.2857%; text-align: center;\"><span style=\"font-family: 'times new roman', times, serif;\"><strong>KJ0801AS<\/strong><\/span><\/td>\n<td style=\"width: 14.2857%; text-align: center;\"><span style=\"font-family: 'times new roman', times, serif;\" data-spm-anchor-id=\"a2700.details-description.0.i7.643612YS12YScu\">\u00d816\u00d7100mm<\/span><\/td>\n<td style=\"width: 14.2857%; text-align: center;\" data-spm-anchor-id=\"a2700.details-description.0.i1.643612YS12YScu\"><span style=\"font-family: 'times new roman', times, serif;\">8ml<\/span><\/td>\n<td style=\"width: 14.2857%; text-align: center;\"><span style=\"font-family: 'times new roman', times, serif;\">Gel &amp; Ch\u1ea5t k\u00edch ho\u1ea1t c\u1ee5c m\u00e1u \u0111\u00f4ng<\/span><\/td>\n<td style=\"width: 14.3069%; text-align: center;\"><span style=\"font-family: 'times new roman', times, serif;\">100 C\u00c1I\u00d712<\/span><\/td>\n<td style=\"width: 14.2857%; text-align: center;\"><span style=\"font-family: 'times new roman', times, serif;\">100 C\u00c1I\u00d712<\/span><\/td>\n<td style=\"width: 14.2857%; height: 38px;\"><\/td>\n<\/tr>\n<tr>\n<td style=\"width: 14.2857%; text-align: center;\"><span style=\"font-family: 'times new roman', times, serif;\"><strong>KJ0901AS<\/strong><\/span><\/td>\n<td style=\"width: 14.2857%; text-align: center;\"><span style=\"font-family: 'times new roman', times, serif;\" data-spm-anchor-id=\"a2700.details-description.0.i8.643612YS12YScu\">\u00d816\u00d7100mm<\/span><\/td>\n<td style=\"width: 14.2857%; text-align: center;\"><span style=\"font-family: 'times new roman', times, serif;\">9ml<\/span><\/td>\n<td style=\"width: 14.2857%; text-align: center;\"><span style=\"font-family: 'times new roman', times, serif;\">Gel &amp; Ch\u1ea5t k\u00edch ho\u1ea1t c\u1ee5c m\u00e1u \u0111\u00f4ng<\/span><\/td>\n<td style=\"width: 14.3069%; text-align: center;\"><span style=\"font-family: 'times new roman', times, serif;\">100 C\u00c1I\u00d712<\/span><\/td>\n<td style=\"width: 14.2857%; text-align: center;\"><span style=\"font-family: 'times new roman', times, serif;\">100 C\u00c1I\u00d712<\/span><\/td>\n<td style=\"width: 14.2857%; height: 38px;\"><\/td>\n<\/tr>\n<\/tbody>\n<\/table>\n<p data-spm-anchor-id=\"a2700.details-description.0.i0.b229DrSXDrSXqX\">","protected":false},"excerpt":{"rendered":"<p>\u1ed0ng gel v\u00e0 ch\u1ea5t k\u00edch ho\u1ea1t c\u1ee5c m\u00e1u \u0111\u00f4ng \u1ed0ng gel v\u00e0 ch\u1ea5t k\u00edch ho\u1ea1t c\u1ee5c m\u00e1u \u0111\u00f4ng \u0111\u01b0\u1ee3c s\u1eed d\u1ee5ng cho x\u00e9t nghi\u1ec7m sinh h\u00f3a huy\u1ebft thanh, mi\u1ec5n d\u1ecbch v\u00e0 thu\u1ed1c,<\/p>","protected":false},"featured_media":22603,"comment_status":"open","ping_status":"closed","template":"","meta":{"_acf_changed":false},"product_brand":[],"product_cat":[20,98],"product_tag":[],"class_list":{"0":"post-22602","1":"product","2":"type-product","3":"status-publish","4":"has-post-thumbnail","6":"product_cat-all","7":"product_cat-blood-collection-tube","9":"first","10":"instock","11":"shipping-taxable","12":"product-type-simple"},"acf":[],"_links":{"self":[{"href":"https:\/\/lexamedlab.com\/vi\/wp-json\/wp\/v2\/product\/22602","targetHints":{"allow":["GET"]}}],"collection":[{"href":"https:\/\/lexamedlab.com\/vi\/wp-json\/wp\/v2\/product"}],"about":[{"href":"https:\/\/lexamedlab.com\/vi\/wp-json\/wp\/v2\/types\/product"}],"replies":[{"embeddable":true,"href":"https:\/\/lexamedlab.com\/vi\/wp-json\/wp\/v2\/comments?post=22602"}],"version-history":[{"count":1,"href":"https:\/\/lexamedlab.com\/vi\/wp-json\/wp\/v2\/product\/22602\/revisions"}],"predecessor-version":[{"id":22604,"href":"https:\/\/lexamedlab.com\/vi\/wp-json\/wp\/v2\/product\/22602\/revisions\/22604"}],"wp:featuredmedia":[{"embeddable":true,"href":"https:\/\/lexamedlab.com\/vi\/wp-json\/wp\/v2\/media\/22603"}],"wp:attachment":[{"href":"https:\/\/lexamedlab.com\/vi\/wp-json\/wp\/v2\/media?parent=22602"}],"wp:term":[{"taxonomy":"product_brand","embeddable":true,"href":"https:\/\/lexamedlab.com\/vi\/wp-json\/wp\/v2\/product_brand?post=22602"},{"taxonomy":"product_cat","embeddable":true,"href":"https:\/\/lexamedlab.com\/vi\/wp-json\/wp\/v2\/product_cat?post=22602"},{"taxonomy":"product_tag","embeddable":true,"href":"https:\/\/lexamedlab.com\/vi\/wp-json\/wp\/v2\/product_tag?post=22602"}],"curies":[{"name":"wp","href":"https:\/\/api.w.org\/{rel}","templated":true}]}}