{"id":22612,"date":"2025-05-24T22:15:45","date_gmt":"2025-05-24T22:15:45","guid":{"rendered":"https:\/\/lexamedlab.com\/?post_type=product&#038;p=22612"},"modified":"2025-05-27T15:11:36","modified_gmt":"2025-05-27T15:11:36","slug":"sodium-citrate-tube14","status":"publish","type":"product","link":"https:\/\/lexamedlab.com\/vi\/product\/sodium-citrate-tube14\/","title":{"rendered":"\u1ed0ng Natri Citrat (1:4)"},"content":{"rendered":"<p><span style=\"font-family: 'times new roman', times, serif; font-size: 14pt;\">\u1ed0ng ESR<\/span><br \/>\n<span style=\"font-family: 'times new roman', times, serif; font-size: 14pt;\">\u1ed0ng ESR \u00d813\u00d775mm \u0111\u01b0\u1ee3c s\u1eed d\u1ee5ng chuy\u00ean d\u1ee5ng trong l\u1ea5y m\u00e1u v\u00e0 ch\u1ed1ng \u0111\u00f4ng m\u00e1u cho M\u00e1y ph\u00e2n t\u00edch t\u1ed1c \u0111\u1ed9 l\u1eafng h\u1ed3ng c\u1ea7u t\u1ef1 \u0111\u1ed9ng, x\u00e9t nghi\u1ec7m t\u1ed1c \u0111\u1ed9 l\u1eafng v\u1edbi t\u1ef7 l\u1ec7 pha tr\u1ed9n 1 ph\u1ea7n natri citrat v\u1edbi 4 ph\u1ea7n m\u00e1u, theo ph\u01b0\u01a1ng ph\u00e1p Westergren.<\/span><\/p>\n<p data-spm-anchor-id=\"a2700.details-description.0.i0.551bbEnKbEnK4i\">\n<span style=\"font-family: 'times new roman', times, serif; font-size: 14pt;\">\u1ed0ng ESR \u00d89\u00d7120mm c\u00f3 th\u1ec3 s\u1eed d\u1ee5ng cho nhi\u1ec1u M\u00e1y ph\u00e2n t\u00edch t\u1ed1c \u0111\u1ed9 l\u1eafng h\u1ed3ng c\u1ea7u t\u1ef1 \u0111\u1ed9ng.<\/span><br \/>\n<span style=\"font-family: 'times new roman', times, serif; font-size: 14pt;\">Do th\u1ec3 t\u00edch nh\u1ecf v\u00e0 \u00e1p su\u1ea5t \u00e2m b\u00ean trong \u1ed1ng, c\u1ea7n c\u00f3 th\u1eddi gian \u0111\u1ec3 l\u1ea5y m\u00e1u. H\u00e3y ki\u00ean nh\u1eabn ch\u1edd cho \u0111\u1ebfn khi m\u00e1u ng\u1eebng ch\u1ea3y v\u00e0o \u1ed1ng. Sau \u0111\u00f3 tr\u1ed9n ho\u00e0n to\u00e0n thu\u1ed1c ch\u1ed1ng \u0111\u00f4ng v\u00e0 ph\u1ee5 gia b\u1eb1ng c\u00e1ch l\u1eadt ng\u01b0\u1ee3c \u1ed1ng 6-8 l\u1ea7n, Tr\u1ed9n kh\u00f4ng \u0111\u00fang c\u00e1ch s\u1ebd g\u00e2y tan m\u00e1u, \u0111\u00f4ng m\u00e1u ho\u1eb7c bong b\u00f3ng m\u00e1u v\u00e0 \u1ea3nh h\u01b0\u1edfng \u0111\u1ebfn k\u1ebft qu\u1ea3 x\u00e9t nghi\u1ec7m.<\/span><\/p>\n<table style=\"border-collapse: collapse; width: 100%; height: 157px;\">\n<tbody>\n<tr style=\"height: 45px;\">\n<td style=\"width: 14.2857%; text-align: center; height: 45px;\"><span style=\"font-family: 'times new roman', times, serif; font-size: 14pt;\"><strong>s\u1ed1 s\u1ea3n ph\u1ea9m\u00a0<\/strong><\/span><\/td>\n<td style=\"width: 14.2857%; text-align: center; height: 45px;\"><span style=\"font-family: 'times new roman', times, serif; font-size: 14pt;\"><strong>\u1ed0ng <\/strong><strong>\u0110\u1eb7c \u0111i\u1ec3m k\u1ef9 thu\u1eadt<\/strong><\/span><\/td>\n<td style=\"width: 13.322%; text-align: center; height: 45px;\"><span style=\"font-family: 'times new roman', times, serif; font-size: 14pt;\"><strong>danh ngh\u0129a <\/strong><strong>\u00c2m l\u01b0\u1ee3ng<\/strong><\/span><\/td>\n<td style=\"width: 18.4369%; text-align: center; height: 45px;\"><span style=\"font-family: 'times new roman', times, serif; font-size: 14pt;\"><strong>Ph\u1ee5 gia<\/strong><\/span><\/td>\n<td style=\"width: 11.1194%; text-align: center; height: 45px;\" height=\"45\"><span style=\"font-family: 'times new roman', times, serif; font-size: 14pt;\"><strong>S\u1ed1 l\u01b0\u1ee3ng\/Cs k\u00ednh<\/strong><\/span><\/td>\n<td style=\"width: 14.2857%; text-align: center; height: 45px;\"><span style=\"font-family: 'times new roman', times, serif; font-size: 14pt;\"><strong>S\u1ed1 l\u01b0\u1ee3ng PET\/Cs<\/strong><\/span><\/td>\n<td style=\"width: 14.2857%; text-align: center; height: 45px;\"><\/td>\n<\/tr>\n<tr>\n<td style=\"width: 14.2857%; text-align: center;\" data-spm-anchor-id=\"a2700.details-description.0.i1.551bbEnKbEnK4i\"><span style=\"font-family: 'times new roman', times, serif;\"><strong>KJ016NC<\/strong><\/span><\/td>\n<td style=\"width: 14.2857%; text-align: center;\"><span style=\"font-family: 'times new roman', times, serif;\">\u00d813\u00d775mm<\/span><\/td>\n<td style=\"width: 13.322%; text-align: center;\"><span style=\"font-family: 'times new roman', times, serif;\">2ml<\/span><\/td>\n<td style=\"width: 18.4369%; text-align: center;\"><span style=\"font-family: 'times new roman', times, serif;\">3.8% Natri Citrat<\/span><\/td>\n<td style=\"width: 11.1194%; text-align: center;\"><span style=\"font-family: 'times new roman', times, serif;\">100 C\u00c1I\u00d718<\/span><\/td>\n<td style=\"width: 14.2857%; text-align: center;\"><span style=\"font-family: 'times new roman', times, serif;\">100 C\u00c1I\u00d718<\/span><\/td>\n<td style=\"width: 14.2857%; height: 33px;\"><\/td>\n<\/tr>\n<tr>\n<td style=\"width: 14.2857%; text-align: center;\"><span style=\"font-family: 'times new roman', times, serif;\"><strong>KJ024NC<\/strong><\/span><\/td>\n<td style=\"width: 14.2857%; text-align: center;\"><span style=\"font-family: 'times new roman', times, serif;\">\u00d813\u00d775mm<\/span><\/td>\n<td style=\"width: 13.322%; text-align: center;\"><span style=\"font-family: 'times new roman', times, serif;\">3ml<\/span><\/td>\n<td style=\"width: 18.4369%; text-align: center;\"><span style=\"font-family: 'times new roman', times, serif;\">3.8% Natri Citrat<\/span><\/td>\n<td style=\"width: 11.1194%; text-align: center;\"><span style=\"font-family: 'times new roman', times, serif;\">100 C\u00c1I\u00d718<\/span><\/td>\n<td style=\"width: 14.2857%; text-align: center;\"><span style=\"font-family: 'times new roman', times, serif;\">100 C\u00c1I\u00d718<\/span><\/td>\n<td style=\"width: 14.2857%; height: 36px;\"><\/td>\n<\/tr>\n<tr>\n<td style=\"width: 14.2857%; text-align: center;\"><span style=\"font-family: 'times new roman', times, serif;\"><strong>KJ0128NC<\/strong><\/span><\/td>\n<td style=\"width: 14.2857%; text-align: center;\"><span style=\"font-family: 'times new roman', times, serif;\">\u00d89\u00d7120mm<\/span><\/td>\n<td style=\"width: 13.322%; text-align: center;\"><span style=\"font-family: 'times new roman', times, serif;\">1,6ml<\/span><\/td>\n<td style=\"width: 18.4369%; text-align: center;\"><span style=\"font-family: 'times new roman', times, serif;\">3.8% Natri Citrat<\/span><\/td>\n<td style=\"width: 11.1194%; text-align: center;\"><span style=\"font-family: 'times new roman', times, serif;\">100 C\u00c1I\u00d718<\/span><\/td>\n<td style=\"width: 14.2857%; text-align: center;\"><span style=\"font-family: 'times new roman', times, serif;\">\u2014\u2014<\/span><\/td>\n<td style=\"width: 14.2857%; height: 43px;\"><\/td>\n<\/tr>\n<\/tbody>\n<\/table>\n<p data-spm-anchor-id=\"a2700.details-description.0.i0.b229DrSXDrSXqX\">","protected":false},"excerpt":{"rendered":"<p>\u1ed0ng ESR \u00d813\u00d775mm \u1ed0ng ESR \u0111\u01b0\u1ee3c s\u1eed d\u1ee5ng chuy\u00ean bi\u1ec7t trong vi\u1ec7c l\u1ea5y m\u00e1u v\u00e0 ch\u1ed1ng \u0111\u00f4ng m\u00e1u cho M\u00e1y ph\u00e2n t\u00edch t\u1ed1c \u0111\u1ed9 l\u1eafng h\u1ed3ng c\u1ea7u t\u1ef1 \u0111\u1ed9ng<\/p>","protected":false},"featured_media":22613,"comment_status":"open","ping_status":"closed","template":"","meta":{"_acf_changed":false},"product_brand":[],"product_cat":[20,98],"product_tag":[],"class_list":{"0":"post-22612","1":"product","2":"type-product","3":"status-publish","4":"has-post-thumbnail","6":"product_cat-all","7":"product_cat-blood-collection-tube","9":"first","10":"instock","11":"shipping-taxable","12":"product-type-simple"},"acf":[],"_links":{"self":[{"href":"https:\/\/lexamedlab.com\/vi\/wp-json\/wp\/v2\/product\/22612","targetHints":{"allow":["GET"]}}],"collection":[{"href":"https:\/\/lexamedlab.com\/vi\/wp-json\/wp\/v2\/product"}],"about":[{"href":"https:\/\/lexamedlab.com\/vi\/wp-json\/wp\/v2\/types\/product"}],"replies":[{"embeddable":true,"href":"https:\/\/lexamedlab.com\/vi\/wp-json\/wp\/v2\/comments?post=22612"}],"version-history":[{"count":1,"href":"https:\/\/lexamedlab.com\/vi\/wp-json\/wp\/v2\/product\/22612\/revisions"}],"predecessor-version":[{"id":22614,"href":"https:\/\/lexamedlab.com\/vi\/wp-json\/wp\/v2\/product\/22612\/revisions\/22614"}],"wp:featuredmedia":[{"embeddable":true,"href":"https:\/\/lexamedlab.com\/vi\/wp-json\/wp\/v2\/media\/22613"}],"wp:attachment":[{"href":"https:\/\/lexamedlab.com\/vi\/wp-json\/wp\/v2\/media?parent=22612"}],"wp:term":[{"taxonomy":"product_brand","embeddable":true,"href":"https:\/\/lexamedlab.com\/vi\/wp-json\/wp\/v2\/product_brand?post=22612"},{"taxonomy":"product_cat","embeddable":true,"href":"https:\/\/lexamedlab.com\/vi\/wp-json\/wp\/v2\/product_cat?post=22612"},{"taxonomy":"product_tag","embeddable":true,"href":"https:\/\/lexamedlab.com\/vi\/wp-json\/wp\/v2\/product_tag?post=22612"}],"curies":[{"name":"wp","href":"https:\/\/api.w.org\/{rel}","templated":true}]}}