{"id":22620,"date":"2025-05-24T22:59:55","date_gmt":"2025-05-24T22:59:55","guid":{"rendered":"https:\/\/lexamedlab.com\/?post_type=product&#038;p=22620"},"modified":"2025-05-27T15:11:35","modified_gmt":"2025-05-27T15:11:35","slug":"micro-collection-0-5ml-edta-k2-k3-blood-capillary-tube","status":"publish","type":"product","link":"https:\/\/lexamedlab.com\/vi\/product\/micro-collection-0-5ml-edta-k2-k3-blood-capillary-tube\/","title":{"rendered":"\u1ed0ng mao d\u1eabn m\u00e1u EDTA K2 K3 Micro Collection 0,5ml"},"content":{"rendered":"<p><span style=\"font-family: 'times new roman', times, serif; font-size: 14pt;\">\u2014 Lo\u1ea1i KJ002 \u0111\u01b0\u1ee3c thi\u1ebft k\u1ebf theo kh\u00e1i ni\u1ec7m khoa h\u1ecdc, n\u00fat cao su butyl k\u00edn \u0111\u01b0\u1ee3c thi\u1ebft k\u1ebf v\u1edbi \u0111\u01b0\u1eddng r\u1ea1ch ch\u00e9o \u1edf gi\u1eefa tr\u00ean c\u00f9ng \u0111\u1ec3 d\u1ec5 d\u00e0ng \u0111\u01b0a mao d\u1eabn v\u00e0o. Sau khi l\u1ea5y m\u00e1u, \u0111\u01b0\u1eddng r\u1ea1ch ch\u00e9o t\u1ef1 \u0111\u1ed9ng b\u1ecbt k\u00edn khi mao d\u1eabn \u0111\u01b0\u1ee3c k\u00e9o ra, c\u00f3 hi\u1ec7u qu\u1ea3 ng\u0103n ng\u1eeba r\u00f2 r\u1ec9 m\u00e1u \u0111\u1ec3 \u0111\u1ea3m b\u1ea3o v\u1eadn chuy\u1ec3n an to\u00e0n v\u00e0 \u0111\u00e1ng tin c\u1eady.<\/span><br \/>\n<span style=\"font-family: 'times new roman', times, serif; font-size: 14pt;\">\u2014 V\u1edbi ph\u01b0\u01a1ng ph\u00e1p x\u1eed l\u00fd b\u1ec1 m\u1eb7t \u0111\u1eb7c bi\u1ec7t c\u1ea3 b\u00ean trong mao qu\u1ea3n v\u00e0 \u1ed1ng l\u01b0u tr\u1eef si\u00eau nh\u1ecf, m\u1eabu m\u00e1u s\u1ebd t\u1ef1 \u0111\u1ed9ng ch\u1ea3y v\u00e0o \u0111\u00e1y \u1ed1ng l\u01b0u tr\u1eef qua mao qu\u1ea3n m\u00e0 kh\u00f4ng c\u00f3 b\u1ea5t k\u1ef3 s\u1ef1 k\u1ebft d\u00ednh m\u00e1u ho\u1eb7c g\u00e2y h\u1ea1i n\u00e0o cho h\u1ed3ng c\u1ea7u. Ph\u1ee5 gia \u0111\u01b0\u1ee3c phun \u0111\u1ec1u tr\u00ean b\u1ec1 m\u1eb7t c\u1ea3 b\u00ean trong mao qu\u1ea3n v\u00e0 \u1ed1ng l\u01b0u tr\u1eef, r\u1ea5t d\u1ec5 d\u00e0ng cho qu\u00e1 tr\u00ecnh ch\u1ed1ng \u0111\u00f4ng m\u00e1u, \u0111\u1ed3ng th\u1eddi tr\u00e1nh \u0111\u01b0\u1ee3c t\u00ecnh tr\u1ea1ng \u0111\u00f4ng m\u00e1u nh\u1ecf. Theo c\u00e1ch n\u00e0y, k\u1ebft qu\u1ea3 x\u00e9t nghi\u1ec7m ch\u00ednh x\u00e1c \u0111\u01b0\u1ee3c \u0111\u1ea3m b\u1ea3o.<\/span><br \/>\n<span style=\"font-family: 'times new roman', times, serif; font-size: 14pt;\">\u2014 \u0110\u01b0\u1eddng r\u1ea1ch ch\u00e9o c\u00f3 th\u1ec3 \u00e1p d\u1ee5ng cho kim l\u1ea5y m\u1eabu c\u1ee7a t\u1ea5t c\u1ea3 c\u00e1c m\u00e1y ph\u00e2n t\u00edch. D\u1ec5 d\u00e0ng ch\u00e8n v\u00e0 l\u1ea5y m\u1eabu t\u1ef1 \u0111\u1ed9ng kh\u00f4ng c\u1ea7n m\u1edf n\u1eafp trong to\u00e0n b\u1ed9 qu\u00e1 tr\u00ecnh th\u1eed nghi\u1ec7m, an to\u00e0n v\u00e0 hi\u1ec7u qu\u1ea3.<\/span><\/p>\n<table style=\"border-collapse: collapse; width: 77.3555%; height: 193px;\">\n<tbody>\n<tr style=\"height: 45px;\">\n<td style=\"width: 6.90918%; text-align: center; height: 45px;\"><span style=\"font-family: 'times new roman', times, serif; font-size: 14pt;\"><strong>s\u1ed1 s\u1ea3n ph\u1ea9m\u00a0<\/strong><\/span><\/td>\n<td style=\"width: 7.55059%; text-align: center; height: 45px;\"><span style=\"font-family: 'times new roman', times, serif; font-size: 14pt;\"><strong>\u1ed0ng <\/strong><strong>\u0110\u1eb7c \u0111i\u1ec3m k\u1ef9 thu\u1eadt<\/strong><\/span><\/td>\n<td style=\"width: 8.30219%; text-align: center; height: 45px;\"><span style=\"font-family: 'times new roman', times, serif; font-size: 14pt;\"><strong>Ph\u1ee5 gia<\/strong><\/span><\/td>\n<td style=\"width: 14.3949%; text-align: center; height: 45px;\" height=\"45\"><span style=\"font-family: 'times new roman', times, serif; font-size: 14pt;\"><strong>\u00a0S\u1ed1 l\u01b0\u1ee3ng\/Cs<\/strong><\/span><\/td>\n<\/tr>\n<tr style=\"height: 32px;\">\n<td style=\"width: 6.90918%; text-align: center; height: 148px;\" rowspan=\"4\"><span style=\"font-family: 'times new roman', times, serif; font-size: 12pt;\">KJ002<\/span><\/td>\n<td style=\"width: 7.55059%; text-align: center; height: 148px;\" rowspan=\"4\"><span style=\"font-family: 'times new roman', times, serif; font-size: 12pt;\">0,25ml\/0,5ml\/1ml<\/span><\/td>\n<td style=\"width: 8.30219%; text-align: center; height: 32px;\"><span style=\"font-family: 'times new roman', times, serif; font-size: 12pt;\">EDTA.K2 \/ EDTA.K3<\/span><\/td>\n<td style=\"width: 14.3949%; text-align: center; height: 32px;\"><span style=\"font-family: 'times new roman', times, serif; font-size: 12pt;\">100 C\u00c1I\u00d730<\/span><\/td>\n<\/tr>\n<tr style=\"height: 35px;\">\n<td style=\"width: 8.30219%; text-align: center; height: 35px;\"><span style=\"font-family: 'times new roman', times, serif; font-size: 12pt;\">Liti Heparin\/Natri Heparin\u00a0<\/span><\/td>\n<td style=\"width: 14.3949%; text-align: center; height: 35px;\"><span style=\"font-family: 'times new roman', times, serif; font-size: 12pt;\">100 C\u00c1I\u00d730<\/span><\/td>\n<\/tr>\n<tr style=\"height: 42px;\">\n<td style=\"width: 8.30219%; text-align: center; height: 42px;\"><span style=\"font-family: 'times new roman', times, serif; font-size: 12pt;\">Kh\u00f4ng c\u00f3 ph\u1ee5 gia<\/span><\/td>\n<td style=\"width: 14.3949%; text-align: center; height: 42px;\"><span style=\"font-family: 'times new roman', times, serif; font-size: 12pt;\">100 C\u00c1I\u00d730<\/span><\/td>\n<\/tr>\n<tr style=\"height: 39px;\">\n<td style=\"width: 8.30219%; text-align: center; height: 39px;\"><span style=\"font-family: 'times new roman', times, serif; font-size: 12pt;\">Ch\u1ea5t k\u00edch ho\u1ea1t Gel&amp;Clot\u00a0<\/span><\/td>\n<td style=\"width: 14.3949%; text-align: center; height: 39px;\"><span style=\"font-family: 'times new roman', times, serif; font-size: 12pt;\">100 C\u00c1I\u00d730<\/span><\/td>\n<\/tr>\n<\/tbody>\n<\/table>\n<p data-spm-anchor-id=\"a2700.details-description.0.i0.b229DrSXDrSXqX\">","protected":false},"excerpt":{"rendered":"<p>\u2014 Lo\u1ea1i KJ002 \u0111\u01b0\u1ee3c thi\u1ebft k\u1ebf theo kh\u00e1i ni\u1ec7m khoa h\u1ecdc, n\u00fat cao su butyl k\u00edn \u0111\u01b0\u1ee3c thi\u1ebft k\u1ebf v\u1edbi \u0111\u01b0\u1eddng c\u1eaft ch\u00e9o \u1edf gi\u1eefa tr\u00ean c\u00f9ng<\/p>","protected":false},"featured_media":22621,"comment_status":"open","ping_status":"closed","template":"","meta":{"_acf_changed":false},"product_brand":[],"product_cat":[20,98],"product_tag":[],"class_list":{"0":"post-22620","1":"product","2":"type-product","3":"status-publish","4":"has-post-thumbnail","6":"product_cat-all","7":"product_cat-blood-collection-tube","9":"first","10":"instock","11":"shipping-taxable","12":"product-type-simple"},"acf":[],"_links":{"self":[{"href":"https:\/\/lexamedlab.com\/vi\/wp-json\/wp\/v2\/product\/22620","targetHints":{"allow":["GET"]}}],"collection":[{"href":"https:\/\/lexamedlab.com\/vi\/wp-json\/wp\/v2\/product"}],"about":[{"href":"https:\/\/lexamedlab.com\/vi\/wp-json\/wp\/v2\/types\/product"}],"replies":[{"embeddable":true,"href":"https:\/\/lexamedlab.com\/vi\/wp-json\/wp\/v2\/comments?post=22620"}],"version-history":[{"count":1,"href":"https:\/\/lexamedlab.com\/vi\/wp-json\/wp\/v2\/product\/22620\/revisions"}],"predecessor-version":[{"id":22622,"href":"https:\/\/lexamedlab.com\/vi\/wp-json\/wp\/v2\/product\/22620\/revisions\/22622"}],"wp:featuredmedia":[{"embeddable":true,"href":"https:\/\/lexamedlab.com\/vi\/wp-json\/wp\/v2\/media\/22621"}],"wp:attachment":[{"href":"https:\/\/lexamedlab.com\/vi\/wp-json\/wp\/v2\/media?parent=22620"}],"wp:term":[{"taxonomy":"product_brand","embeddable":true,"href":"https:\/\/lexamedlab.com\/vi\/wp-json\/wp\/v2\/product_brand?post=22620"},{"taxonomy":"product_cat","embeddable":true,"href":"https:\/\/lexamedlab.com\/vi\/wp-json\/wp\/v2\/product_cat?post=22620"},{"taxonomy":"product_tag","embeddable":true,"href":"https:\/\/lexamedlab.com\/vi\/wp-json\/wp\/v2\/product_tag?post=22620"}],"curies":[{"name":"wp","href":"https:\/\/api.w.org\/{rel}","templated":true}]}}