{"id":22623,"date":"2025-05-24T23:06:28","date_gmt":"2025-05-24T23:06:28","guid":{"rendered":"https:\/\/lexamedlab.com\/?post_type=product&#038;p=22623"},"modified":"2025-05-27T15:11:35","modified_gmt":"2025-05-27T15:11:35","slug":"0-5ml-micro-blood-collection-tubes","status":"publish","type":"product","link":"https:\/\/lexamedlab.com\/vi\/product\/0-5ml-micro-blood-collection-tubes\/","title":{"rendered":"\u1ed0ng l\u1ea5y m\u00e1u si\u00eau nh\u1ecf 0,5ml"},"content":{"rendered":"<p><span style=\"font-family: 'times new roman', times, serif; font-size: 14pt;\">\u2014\u1ed0ng l\u1ea5y m\u00e1u si\u00eau nh\u1ecf lo\u1ea1i KJ001 c\u00f3 thi\u1ebft k\u1ebf nh\u00e2n b\u1ea3n v\u00e0 n\u1eafp an to\u00e0n \u0111\u00f3ng k\u00edn, \u1ed1ng c\u00f3 th\u1ec3 ng\u0103n ng\u1eeba r\u00f2 r\u1ec9 m\u00e1u hi\u1ec7u qu\u1ea3. Nh\u1edd c\u00f3 c\u1ea5u tr\u00fac nhi\u1ec1u r\u0103ng c\u01b0a v\u00e0 \u0111\u1ecbnh h\u01b0\u1edbng k\u00e9p, thu\u1eadn ti\u1ec7n cho vi\u1ec7c v\u1eadn chuy\u1ec3n an to\u00e0n v\u00e0 v\u1eadn h\u00e0nh \u0111\u01a1n gi\u1ea3n, kh\u00f4ng b\u1ecb b\u1eafn m\u00e1u.<\/span><br \/>\n<span style=\"font-family: 'times new roman', times, serif; font-size: 14pt;\">\u2014M\u00e3 m\u00e0u c\u1ee7a m\u0169 an to\u00e0n ph\u00f9 h\u1ee3p v\u1edbi Ti\u00eau chu\u1ea9n qu\u1ed1c t\u1ebf, d\u1ec5 nh\u1eadn bi\u1ebft.<\/span><br \/>\n<span style=\"font-family: 'times new roman', times, serif; font-size: 14pt;\">\u2014Thi\u1ebft k\u1ebf n\u1ed5i b\u1eadt cho m\u00e9p mi\u1ec7ng \u1ed1ng gi\u00fap ng\u01b0\u1eddi d\u00f9ng d\u1ec5 d\u00e0ng x\u00fac m\u00e1u v\u00e0o \u1ed1ng. \u0110\u01a1n gi\u1ea3n, nhanh ch\u00f3ng v\u00e0 tr\u1ef1c quan, th\u1ec3 t\u00edch m\u00e1u c\u00f3 th\u1ec3 d\u1ec5 d\u00e0ng \u0111\u1ecdc \u0111\u01b0\u1ee3c v\u1edbi v\u1ea1ch chia r\u00f5 r\u00e0ng.<\/span><br \/>\n<span style=\"font-family: 'times new roman', times, serif; font-size: 14pt;\">\u2014\u0110\u01b0\u1ee3c x\u1eed l\u00fd \u0111\u1eb7c bi\u1ec7t b\u00ean trong \u1ed1ng, b\u1ec1 m\u1eb7t nh\u1eb5n m\u1ecbn, kh\u00f4ng c\u00f3 hi\u1ec7n t\u01b0\u1ee3ng m\u00e1u b\u00e1m d\u00ednh.<\/span><br \/>\n<span style=\"font-family: 'times new roman', times, serif; font-size: 14pt;\">\u2014C\u00f3 th\u1ec3 t\u00f9y ch\u1ec9nh m\u00e3 v\u1ea1ch v\u00e0 kh\u1eed tr\u00f9ng \u1ed1ng b\u1eb1ng tia gamma theo y\u00eau c\u1ea7u c\u1ee7a kh\u00e1ch h\u00e0ng \u0111\u1ec3 \u0111\u1ea1t \u0111\u01b0\u1ee3c th\u1eed nghi\u1ec7m v\u00f4 tr\u00f9ng.<\/span><\/p>\n<table style=\"border-collapse: collapse; width: 77.3555%; height: 192px;\">\n<tbody>\n<tr style=\"height: 45px;\">\n<td style=\"width: 6.90918%; text-align: center; height: 45px;\"><span style=\"font-family: 'times new roman', times, serif; font-size: 14pt;\"><strong>s\u1ed1 s\u1ea3n ph\u1ea9m\u00a0<\/strong><\/span><\/td>\n<td style=\"width: 7.55059%; text-align: center; height: 45px;\"><span style=\"font-family: 'times new roman', times, serif; font-size: 14pt;\"><strong>\u1ed0ng <\/strong><strong>\u0110\u1eb7c \u0111i\u1ec3m k\u1ef9 thu\u1eadt<\/strong><\/span><\/td>\n<td style=\"width: 8.30219%; text-align: center; height: 45px;\"><span style=\"font-family: 'times new roman', times, serif; font-size: 14pt;\"><strong>Ph\u1ee5 gia<\/strong><\/span><\/td>\n<td style=\"width: 14.3949%; text-align: center; height: 45px;\" height=\"45\"><span style=\"font-family: 'times new roman', times, serif; font-size: 14pt;\"><strong>\u00a0S\u1ed1 l\u01b0\u1ee3ng\/Cs<\/strong><\/span><\/td>\n<\/tr>\n<tr style=\"height: 32px;\">\n<td style=\"width: 6.90918%; text-align: center; height: 147px;\" rowspan=\"4\"><span style=\"font-family: 'times new roman', times, serif; font-size: 12pt;\">KJ001<\/span><\/td>\n<td style=\"width: 7.55059%; text-align: center; height: 147px;\" rowspan=\"4\"><span style=\"font-family: 'times new roman', times, serif; font-size: 12pt;\">0,25ml\/0,5ml\/1ml<\/span><\/td>\n<td style=\"width: 8.30219%; text-align: center; height: 32px;\"><span style=\"font-family: 'times new roman', times, serif; font-size: 12pt;\">EDTA.K2 \/ EDTA.K3<\/span><\/td>\n<td style=\"width: 14.3949%; text-align: center; height: 32px;\"><span style=\"font-family: 'times new roman', times, serif; font-size: 12pt;\">100 C\u00c1I\u00d730<\/span><\/td>\n<\/tr>\n<tr style=\"height: 35px;\">\n<td style=\"width: 8.30219%; text-align: center; height: 34px;\">Liti Heparin\/Natri Heparin<\/td>\n<td style=\"width: 14.3949%; text-align: center; height: 34px;\"><span style=\"font-family: 'times new roman', times, serif; font-size: 12pt;\">100 C\u00c1I\u00d730<\/span><\/td>\n<\/tr>\n<tr style=\"height: 42px;\">\n<td style=\"width: 8.30219%; text-align: center; height: 42px;\"><span style=\"font-family: 'times new roman', times, serif; font-size: 12pt;\">Kh\u00f4ng c\u00f3 ph\u1ee5 gia<\/span><\/td>\n<td style=\"width: 14.3949%; text-align: center; height: 42px;\"><span style=\"font-family: 'times new roman', times, serif; font-size: 12pt;\">100 C\u00c1I\u00d730<\/span><\/td>\n<\/tr>\n<tr style=\"height: 39px;\">\n<td style=\"width: 8.30219%; text-align: center; height: 39px;\"><span style=\"font-family: 'times new roman', times, serif; font-size: 12pt;\">Ch\u1ea5t k\u00edch ho\u1ea1t Gel&amp;Clot\u00a0<\/span><\/td>\n<td style=\"width: 14.3949%; text-align: center; height: 39px;\"><span style=\"font-family: 'times new roman', times, serif; font-size: 12pt;\">100 C\u00c1I\u00d730<\/span><\/td>\n<\/tr>\n<\/tbody>\n<\/table>\n<p data-spm-anchor-id=\"a2700.details-description.0.i0.b229DrSXDrSXqX\">","protected":false},"excerpt":{"rendered":"<p>\u2014\u1ed0ng l\u1ea5y m\u00e1u si\u00eau nh\u1ecf lo\u1ea1i KJ001 c\u00f3 thi\u1ebft k\u1ebf nh\u00e2n b\u1ea3n v\u00e0 n\u1eafp an to\u00e0n k\u00edn, \u1ed1ng c\u00f3 th\u1ec3 ng\u0103n ng\u1eeba m\u00e1u hi\u1ec7u qu\u1ea3<\/p>","protected":false},"featured_media":22624,"comment_status":"open","ping_status":"closed","template":"","meta":{"_acf_changed":false},"product_brand":[],"product_cat":[20,98],"product_tag":[],"class_list":{"0":"post-22623","1":"product","2":"type-product","3":"status-publish","4":"has-post-thumbnail","6":"product_cat-all","7":"product_cat-blood-collection-tube","9":"first","10":"instock","11":"shipping-taxable","12":"product-type-simple"},"acf":[],"_links":{"self":[{"href":"https:\/\/lexamedlab.com\/vi\/wp-json\/wp\/v2\/product\/22623","targetHints":{"allow":["GET"]}}],"collection":[{"href":"https:\/\/lexamedlab.com\/vi\/wp-json\/wp\/v2\/product"}],"about":[{"href":"https:\/\/lexamedlab.com\/vi\/wp-json\/wp\/v2\/types\/product"}],"replies":[{"embeddable":true,"href":"https:\/\/lexamedlab.com\/vi\/wp-json\/wp\/v2\/comments?post=22623"}],"version-history":[{"count":1,"href":"https:\/\/lexamedlab.com\/vi\/wp-json\/wp\/v2\/product\/22623\/revisions"}],"predecessor-version":[{"id":22625,"href":"https:\/\/lexamedlab.com\/vi\/wp-json\/wp\/v2\/product\/22623\/revisions\/22625"}],"wp:featuredmedia":[{"embeddable":true,"href":"https:\/\/lexamedlab.com\/vi\/wp-json\/wp\/v2\/media\/22624"}],"wp:attachment":[{"href":"https:\/\/lexamedlab.com\/vi\/wp-json\/wp\/v2\/media?parent=22623"}],"wp:term":[{"taxonomy":"product_brand","embeddable":true,"href":"https:\/\/lexamedlab.com\/vi\/wp-json\/wp\/v2\/product_brand?post=22623"},{"taxonomy":"product_cat","embeddable":true,"href":"https:\/\/lexamedlab.com\/vi\/wp-json\/wp\/v2\/product_cat?post=22623"},{"taxonomy":"product_tag","embeddable":true,"href":"https:\/\/lexamedlab.com\/vi\/wp-json\/wp\/v2\/product_tag?post=22623"}],"curies":[{"name":"wp","href":"https:\/\/api.w.org\/{rel}","templated":true}]}}