{"id":22647,"date":"2025-05-26T06:07:01","date_gmt":"2025-05-26T06:07:01","guid":{"rendered":"https:\/\/lexamedlab.com\/?post_type=product&#038;p=22647"},"modified":"2025-05-27T15:11:35","modified_gmt":"2025-05-27T15:11:35","slug":"disposable-stool-sample-container","status":"publish","type":"product","link":"https:\/\/lexamedlab.com\/vi\/product\/disposable-stool-sample-container\/","title":{"rendered":"H\u1ed9p \u0111\u1ef1ng m\u1eabu ph\u00e2n d\u00f9ng m\u1ed9t l\u1ea7n"},"content":{"rendered":"<table style=\"border-collapse: collapse; width: 75.7529%; height: 288px;\">\n<tbody>\n<tr style=\"height: 24px;\">\n<td style=\"width: 9.18232%; height: 24px; text-align: center;\"><span style=\"font-size: 14pt; font-family: 'times new roman', times, serif;\">S\u1ed1 s\u1ea3n ph\u1ea9m\u00a0<\/span><\/td>\n<td style=\"width: 14.273%; height: 24px; text-align: center;\"><span style=\"font-size: 14pt; font-family: 'times new roman', times, serif;\">dung t\u00edch\u00a0<\/span><\/td>\n<td style=\"width: 9.93159%; height: 24px; text-align: center;\"><span style=\"font-size: 14pt; font-family: 'times new roman', times, serif;\">v\u1eadt li\u1ec7u\u00a0<\/span><\/td>\n<td style=\"width: 13.5878%; height: 24px; text-align: center;\"><span style=\"font-size: 14pt; font-family: 'times new roman', times, serif;\">k\u00edch th\u01b0\u1edbc b\u00ean ngo\u00e0i\u00a0<\/span><\/td>\n<td style=\"width: 14.2934%; height: 24px; text-align: center;\"><span style=\"font-size: 14pt; font-family: 'times new roman', times, serif;\">s\u1ed1 l\u01b0\u1ee3ng trong t\u00fai\u00a0<\/span><\/td>\n<td style=\"width: 14.4858%; height: 24px; text-align: center;\"><span style=\"font-size: 14pt; font-family: 'times new roman', times, serif;\">s\u1ed1 l\u01b0\u1ee3ng trong th\u00f9ng carton\u00a0<\/span><\/td>\n<\/tr>\n<tr style=\"height: 24px;\">\n<td style=\"width: 9.18232%; height: 24px; text-align: center;\"><span style=\"font-size: 14pt; font-family: 'times new roman', times, serif;\">KJ513-1<\/span><\/td>\n<td style=\"width: 14.273%; height: 48px; text-align: center;\" rowspan=\"2\"><span style=\"font-size: 14pt; font-family: 'times new roman', times, serif;\">30ML<\/span><\/td>\n<td style=\"width: 9.93159%; height: 48px; text-align: center;\" rowspan=\"2\"><span style=\"font-size: 14pt; font-family: 'times new roman', times, serif;\">PP<\/span><\/td>\n<td style=\"width: 13.5878%; height: 48px; text-align: center;\" rowspan=\"2\"><span style=\"font-size: 14pt; font-family: 'times new roman', times, serif;\">\u00d839\u00d729mm<\/span><\/td>\n<td style=\"width: 14.2934%; height: 48px; text-align: center;\" rowspan=\"2\"><span style=\"font-size: 14pt; font-family: 'times new roman', times, serif;\">100<\/span><\/td>\n<td style=\"width: 14.4858%; height: 48px; text-align: center;\" rowspan=\"2\"><span style=\"font-size: 14pt; font-family: 'times new roman', times, serif;\">1200<\/span><\/td>\n<\/tr>\n<tr style=\"height: 24px;\">\n<td style=\"width: 9.18232%; height: 24px; text-align: center;\"><span style=\"font-size: 14pt; font-family: 'times new roman', times, serif;\">KJ514<\/span><\/td>\n<\/tr>\n<tr style=\"height: 24px;\">\n<td style=\"width: 9.18232%; height: 48px; text-align: center;\" rowspan=\"2\"><span style=\"font-size: 14pt; font-family: 'times new roman', times, serif;\">KJ515<\/span><\/td>\n<td style=\"width: 14.273%; height: 48px; text-align: center;\" rowspan=\"2\"><span style=\"font-size: 14pt; font-family: 'times new roman', times, serif;\">60ML<\/span><\/td>\n<td style=\"width: 9.93159%; height: 48px; text-align: center;\" rowspan=\"2\"><span style=\"font-size: 14pt; font-family: 'times new roman', times, serif;\">PP<\/span><\/td>\n<td style=\"width: 13.5878%; height: 48px; text-align: center;\" rowspan=\"2\"><span style=\"font-size: 14pt; font-family: 'times new roman', times, serif;\">\u00d849\u00d757mm<\/span><\/td>\n<td style=\"width: 14.2934%; height: 24px; text-align: center;\"><\/td>\n<td style=\"width: 14.4858%; height: 24px; text-align: center;\"><span style=\"font-size: 14pt; font-family: 'times new roman', times, serif;\">300<\/span><\/td>\n<\/tr>\n<tr style=\"height: 24px;\">\n<td style=\"width: 14.2934%; height: 24px; text-align: center;\"><span style=\"font-size: 14pt; font-family: 'times new roman', times, serif;\">35<\/span><\/td>\n<td style=\"width: 14.4858%; height: 24px; text-align: center;\"><span style=\"font-size: 14pt; font-family: 'times new roman', times, serif;\">420<\/span><\/td>\n<\/tr>\n<tr style=\"height: 24px;\">\n<td style=\"width: 9.18232%; height: 48px; text-align: center;\" rowspan=\"2\"><span style=\"font-size: 14pt; font-family: 'times new roman', times, serif;\">KJ515-1<\/span><\/td>\n<td style=\"width: 14.273%; height: 48px; text-align: center;\" rowspan=\"2\"><span style=\"font-size: 14pt; font-family: 'times new roman', times, serif;\">60ML<\/span><\/td>\n<td style=\"width: 9.93159%; height: 48px; text-align: center;\" rowspan=\"2\"><span style=\"font-size: 14pt; font-family: 'times new roman', times, serif;\">PP<\/span><\/td>\n<td style=\"width: 13.5878%; height: 48px; text-align: center;\" rowspan=\"2\"><span style=\"font-size: 14pt; font-family: 'times new roman', times, serif;\">\u00d853\u00d764mm<\/span><\/td>\n<td style=\"width: 14.2934%; height: 24px; text-align: center;\"><\/td>\n<td style=\"width: 14.4858%; height: 24px; text-align: center;\"><span style=\"font-size: 14pt; font-family: 'times new roman', times, serif;\">300<\/span><\/td>\n<\/tr>\n<tr style=\"height: 24px;\">\n<td style=\"width: 14.2934%; height: 24px; text-align: center;\"><span style=\"font-size: 14pt; font-family: 'times new roman', times, serif;\">35<\/span><\/td>\n<td style=\"width: 14.4858%; height: 24px; text-align: center;\"><span style=\"font-size: 14pt; font-family: 'times new roman', times, serif;\">420<\/span><\/td>\n<\/tr>\n<tr style=\"height: 24px;\">\n<td style=\"width: 9.18232%; height: 24px; text-align: center;\"><span style=\"font-size: 14pt; font-family: 'times new roman', times, serif;\">KJ524-4<\/span><\/td>\n<td style=\"width: 14.273%; height: 24px; text-align: center;\"><span style=\"font-size: 14pt; font-family: 'times new roman', times, serif;\">40ML<\/span><\/td>\n<td style=\"width: 9.93159%; height: 24px; text-align: center;\"><span style=\"font-size: 14pt; font-family: 'times new roman', times, serif;\">Ghi ch\u00fa<\/span><\/td>\n<td style=\"width: 13.5878%; height: 24px; text-align: center;\"><span style=\"font-size: 14pt; font-family: 'times new roman', times, serif;\">\u00d842\u00d759mm<\/span><\/td>\n<td style=\"width: 14.2934%; height: 24px; text-align: center;\"><span style=\"font-size: 14pt; font-family: 'times new roman', times, serif;\">20<\/span><\/td>\n<td style=\"width: 14.4858%; height: 24px; text-align: center;\"><span style=\"font-size: 14pt; font-family: 'times new roman', times, serif;\">800<\/span><\/td>\n<\/tr>\n<tr style=\"height: 24px;\">\n<td style=\"width: 9.18232%; height: 48px; text-align: center;\" rowspan=\"2\"><span style=\"font-size: 14pt; font-family: 'times new roman', times, serif;\">KJ526<\/span><\/td>\n<td style=\"width: 14.273%; height: 48px; text-align: center;\" rowspan=\"2\"><span style=\"font-size: 14pt; font-family: 'times new roman', times, serif;\">40ML<\/span><\/td>\n<td style=\"width: 9.93159%; height: 48px; text-align: center;\" rowspan=\"2\"><span style=\"font-size: 14pt; font-family: 'times new roman', times, serif;\">PP<\/span><\/td>\n<td style=\"width: 13.5878%; height: 48px; text-align: center;\" rowspan=\"2\"><span style=\"font-size: 14pt; font-family: 'times new roman', times, serif;\">\u00d843\u00d768mm<\/span><\/td>\n<td style=\"width: 14.2934%; height: 24px; text-align: center;\"><span style=\"font-size: 14pt; font-family: 'times new roman', times, serif;\">20<\/span><\/td>\n<td style=\"width: 14.4858%; height: 24px; text-align: center;\"><span style=\"font-size: 14pt; font-family: 'times new roman', times, serif;\">700<\/span><\/td>\n<\/tr>\n<tr style=\"height: 24px;\">\n<td style=\"width: 14.2934%; height: 24px; text-align: center;\"><span style=\"font-size: 14pt; font-family: 'times new roman', times, serif;\">20<\/span><\/td>\n<td style=\"width: 14.4858%; height: 24px; text-align: center;\"><span style=\"font-size: 14pt; font-family: 'times new roman', times, serif;\">800<\/span><\/td>\n<\/tr>\n<tr style=\"height: 24px;\">\n<td style=\"width: 9.18232%; height: 24px; text-align: center;\"><span style=\"font-size: 14pt; font-family: 'times new roman', times, serif;\">KJ529-1<\/span><\/td>\n<td style=\"width: 14.273%; height: 24px; text-align: center;\"><span style=\"font-size: 14pt; font-family: 'times new roman', times, serif;\">40ML<\/span><\/td>\n<td style=\"width: 9.93159%; height: 24px; text-align: center;\"><span style=\"font-size: 14pt; font-family: 'times new roman', times, serif;\">PP<\/span><\/td>\n<td style=\"width: 13.5878%; height: 24px; text-align: center;\"><span style=\"font-size: 14pt; font-family: 'times new roman', times, serif;\">\u00d848\u00d747mm<\/span><\/td>\n<td style=\"width: 14.2934%; height: 24px; text-align: center;\"><span style=\"font-size: 14pt; font-family: 'times new roman', times, serif;\">40<\/span><\/td>\n<td style=\"width: 14.4858%; height: 24px; text-align: center;\"><span style=\"font-size: 14pt; font-family: 'times new roman', times, serif;\">800<\/span><\/td>\n<\/tr>\n<tr style=\"height: 24px;\">\n<td style=\"width: 9.18232%; height: 24px; text-align: center;\"><span style=\"font-size: 14pt; font-family: 'times new roman', times, serif;\">KJ529-2<\/span><\/td>\n<td style=\"width: 14.273%; height: 24px; text-align: center;\"><span style=\"font-size: 14pt; font-family: 'times new roman', times, serif;\">60ML<\/span><\/td>\n<td style=\"width: 9.93159%; height: 24px; text-align: center;\"><span style=\"font-size: 14pt; font-family: 'times new roman', times, serif;\">PP<\/span><\/td>\n<td style=\"width: 13.5878%; height: 24px; text-align: center;\"><span style=\"font-size: 14pt; font-family: 'times new roman', times, serif;\">\u00d849\u00d757mm<\/span><\/td>\n<td style=\"width: 14.2934%; height: 24px; text-align: center;\"><span style=\"font-size: 14pt; font-family: 'times new roman', times, serif;\">35<\/span><\/td>\n<td style=\"width: 14.4858%; height: 24px; text-align: center;\"><span style=\"font-size: 14pt; font-family: 'times new roman', times, serif;\">420<\/span><\/td>\n<\/tr>\n<\/tbody>\n<\/table>\n<p><img fetchpriority=\"high\" decoding=\"async\" class=\"alignnone size-full wp-image-22648\" src=\"https:\/\/lexamedlab.com\/wp-content\/uploads\/2025\/05\/dbc1fecd-97a1-4623-829c-a312bb99761e-1.png\" alt=\"\" width=\"728\" height=\"486\" \/><\/p>\n<p><img decoding=\"async\" class=\"alignnone size-full wp-image-22649\" src=\"https:\/\/lexamedlab.com\/wp-content\/uploads\/2025\/05\/123-2.png\" alt=\"\" width=\"757\" height=\"502\" \/><\/p>\n<p><img decoding=\"async\" class=\"alignnone size-full wp-image-22650\" src=\"https:\/\/lexamedlab.com\/wp-content\/uploads\/2025\/05\/11.png\" alt=\"\" width=\"809\" height=\"486\" \/><\/p>","protected":false},"excerpt":{"rendered":"<p>S\u1ed1 s\u1ea3n ph\u1ea9m dung t\u00edch v\u1eadt li\u1ec7u k\u00edch th\u01b0\u1edbc b\u00ean ngo\u00e0i s\u1ed1 l\u01b0\u1ee3ng trong t\u00fai s\u1ed1 l\u01b0\u1ee3ng trong th\u00f9ng carton KJ513-1 30ML PP \u00d839\u00d729mm 100 1200 KJ514 KJ515<\/p>","protected":false},"featured_media":22648,"comment_status":"open","ping_status":"closed","template":"","meta":{"_acf_changed":false},"product_brand":[],"product_cat":[20],"product_tag":[],"class_list":{"0":"post-22647","1":"product","2":"type-product","3":"status-publish","4":"has-post-thumbnail","6":"product_cat-all","8":"first","9":"instock","10":"shipping-taxable","11":"product-type-simple"},"acf":[],"_links":{"self":[{"href":"https:\/\/lexamedlab.com\/vi\/wp-json\/wp\/v2\/product\/22647","targetHints":{"allow":["GET"]}}],"collection":[{"href":"https:\/\/lexamedlab.com\/vi\/wp-json\/wp\/v2\/product"}],"about":[{"href":"https:\/\/lexamedlab.com\/vi\/wp-json\/wp\/v2\/types\/product"}],"replies":[{"embeddable":true,"href":"https:\/\/lexamedlab.com\/vi\/wp-json\/wp\/v2\/comments?post=22647"}],"version-history":[{"count":3,"href":"https:\/\/lexamedlab.com\/vi\/wp-json\/wp\/v2\/product\/22647\/revisions"}],"predecessor-version":[{"id":22654,"href":"https:\/\/lexamedlab.com\/vi\/wp-json\/wp\/v2\/product\/22647\/revisions\/22654"}],"wp:featuredmedia":[{"embeddable":true,"href":"https:\/\/lexamedlab.com\/vi\/wp-json\/wp\/v2\/media\/22648"}],"wp:attachment":[{"href":"https:\/\/lexamedlab.com\/vi\/wp-json\/wp\/v2\/media?parent=22647"}],"wp:term":[{"taxonomy":"product_brand","embeddable":true,"href":"https:\/\/lexamedlab.com\/vi\/wp-json\/wp\/v2\/product_brand?post=22647"},{"taxonomy":"product_cat","embeddable":true,"href":"https:\/\/lexamedlab.com\/vi\/wp-json\/wp\/v2\/product_cat?post=22647"},{"taxonomy":"product_tag","embeddable":true,"href":"https:\/\/lexamedlab.com\/vi\/wp-json\/wp\/v2\/product_tag?post=22647"}],"curies":[{"name":"wp","href":"https:\/\/api.w.org\/{rel}","templated":true}]}}