{"id":22661,"date":"2025-05-26T07:37:59","date_gmt":"2025-05-26T07:37:59","guid":{"rendered":"https:\/\/lexamedlab.com\/?post_type=product&#038;p=22661"},"modified":"2025-05-27T15:18:05","modified_gmt":"2025-05-27T15:18:05","slug":"50ml-plastic-centrifuge-tube","status":"publish","type":"product","link":"https:\/\/lexamedlab.com\/vi\/product\/50ml-plastic-centrifuge-tube\/","title":{"rendered":"\u1ed0ng ly t\u00e2m nh\u1ef1a 50ml"},"content":{"rendered":"<div style=\"width: 956px;\" class=\"wp-video\"><!--[if lt IE 9]><script>document.createElement('video');<\/script><![endif]-->\n<video class=\"wp-video-shortcode\" id=\"video-22661-1\" width=\"956\" height=\"540\" preload=\"metadata\" controls=\"controls\"><source type=\"video\/mp4\" src=\"https:\/\/lexamedlab.com\/wp-content\/uploads\/2025\/05\/uzBHxE9NDS54w0IoXM2_227116251883_sd_hq.mp4?_=1\" \/><a href=\"https:\/\/lexamedlab.com\/wp-content\/uploads\/2025\/05\/uzBHxE9NDS54w0IoXM2_227116251883_sd_hq.mp4\">https:\/\/lexamedlab.com\/wp-content\/uploads\/2025\/05\/uzBHxE9NDS54w0IoXM2_227116251883_sd_hq.mp4<\/a><\/video><\/div>\n<p><span style=\"font-family: 'times new roman', times, serif; font-size: 14pt;\">\u2014 \u0110\u01b0\u1ee3c l\u00e0m b\u1eb1ng v\u1eadt li\u1ec7u PP trong su\u1ed1t cao c\u1ea5p, \u0111\u01b0\u1ee3c s\u1eed d\u1ee5ng r\u1ed9ng r\u00e3i trong sinh h\u1ecdc ph\u00e2n t\u1eed, h\u00f3a h\u1ecdc l\u00e2m s\u00e0ng, nghi\u00ean c\u1ee9u h\u00f3a sinh.<\/span><br \/>\n<span style=\"font-family: 'times new roman', times, serif; font-size: 14pt;\">\u2014 V\u1ea1ch chia m\u00e0u tr\u1eafng ho\u1eb7c \u0111en r\u00f5 r\u00e0ng tr\u00ean \u1ed1ng, v\u00f9ng vi\u1ebft m\u00e0u tr\u1eafng r\u1ed9ng \u0111\u1ec3 d\u1ec5 \u0111\u00e1nh d\u1ea5u.<\/span><br \/>\n<span style=\"font-family: 'times new roman', times, serif; font-size: 14pt;\">\u2014 D\u1ec5 d\u00e0ng m\u1edf ho\u1eb7c \u0111\u00f3ng n\u1eafp ch\u1ec9 b\u1eb1ng m\u1ed9t tay.<\/span><br \/>\n<span style=\"font-family: 'times new roman', times, serif; font-size: 14pt;\">\u2014 RCF t\u1ed1i \u0111a \u1edf 12000\u00d7g.<\/span><br \/>\n<span style=\"font-family: 'times new roman', times, serif; font-size: 14pt;\">\u2014 Th\u00edch nghi v\u1edbi ph\u1ea1m vi nhi\u1ec7t \u0111\u1ed9 r\u1ed9ng t\u1eeb -80\u00b0C \u0111\u1ebfn 120\u00b0C.<\/span><br \/>\n<span style=\"font-family: 'times new roman', times, serif; font-size: 14pt;\">\u2014 C\u00f3 b\u00e1n theo l\u00f4 ho\u1eb7c theo g\u00f3i ri\u00eang l\u1ebb.<\/span><br \/>\n<span style=\"font-family: 'times new roman', times, serif; font-size: 14pt;\">\u2014 C\u00f3 th\u1ec3 ti\u1ec7t tr\u00f9ng b\u1eb1ng b\u1ee9c x\u1ea1 EO ho\u1eb7c Gamma.<\/span><\/p>\n<table style=\"border-collapse: collapse; width: 100%; height: 240px;\">\n<tbody>\n<tr style=\"height: 24px;\">\n<td style=\"width: 11.3992%; height: 24px; text-align: center;\"><span style=\"font-size: 14pt; font-family: 'times new roman', times, serif;\">S\u1ed1 s\u1ea3n ph\u1ea9m\u00a0<\/span><\/td>\n<td style=\"width: 11.8482%; height: 24px; text-align: center;\"><span style=\"font-size: 14pt; font-family: 'times new roman', times, serif;\">v\u1eadt li\u1ec7u\u00a0<\/span><\/td>\n<td style=\"width: 12.5538%; height: 24px; text-align: center;\"><span style=\"font-size: 14pt; font-family: 'times new roman', times, serif;\">k\u00edch th\u01b0\u1edbc\u00a0<\/span><\/td>\n<td style=\"width: 12.0407%; height: 24px; text-align: center;\"><span style=\"font-size: 14pt; font-family: 'times new roman', times, serif;\">dung t\u00edch\u00a0<\/span><\/td>\n<td style=\"width: 12.2973%; height: 24px; text-align: center;\"><span style=\"font-size: 14pt; font-family: 'times new roman', times, serif;\">s\u1ed1 l\u01b0\u1ee3ng trong t\u00fai\u00a0<\/span><\/td>\n<td style=\"width: 12.8745%; height: 24px; text-align: center;\"><span style=\"font-size: 14pt; font-family: 'times new roman', times, serif;\">s\u1ed1 l\u01b0\u1ee3ng trong th\u00f9ng carton\u00a0<\/span><\/td>\n<td style=\"width: 26.9862%; height: 24px; text-align: center;\"><span style=\"font-size: 14pt; font-family: 'times new roman', times, serif;\">Ghi ch\u00fa\u00a0<\/span><\/td>\n<\/tr>\n<tr style=\"height: 24px;\">\n<td style=\"width: 11.3992%; height: 48px; text-align: center;\" rowspan=\"2\"><span style=\"font-size: 14pt; font-family: 'times new roman', times, serif;\">KJ323<\/span><\/td>\n<td style=\"width: 11.8482%; height: 48px; text-align: center;\" rowspan=\"2\"><span style=\"font-size: 14pt; font-family: 'times new roman', times, serif;\">PP<\/span><\/td>\n<td style=\"width: 12.5538%; height: 48px; text-align: center;\" rowspan=\"2\"><span style=\"font-size: 14pt; font-family: 'times new roman', times, serif;\">102mm<\/span><\/td>\n<td style=\"width: 12.0407%; height: 48px; text-align: center;\" rowspan=\"2\"><span style=\"font-size: 14pt; font-family: 'times new roman', times, serif;\">10ml<\/span><\/td>\n<td style=\"width: 12.2973%; height: 24px; text-align: center;\"><span style=\"font-size: 14pt; font-family: 'times new roman', times, serif;\">1<\/span><\/td>\n<td style=\"width: 12.8745%; height: 24px; text-align: center;\"><span style=\"font-size: 14pt; font-family: 'times new roman', times, serif;\">1500<\/span><\/td>\n<td style=\"width: 26.9862%; height: 24px; text-align: center;\"><span style=\"font-size: 14pt; font-family: 'times new roman', times, serif;\">\u0111\u00f3ng g\u00f3i ri\u00eang l\u1ebb, v\u00f4 tr\u00f9ng ho\u1eb7c kh\u00f4ng v\u00f4 tr\u00f9ng\u00a0<\/span><\/td>\n<\/tr>\n<tr style=\"height: 24px;\">\n<td style=\"width: 12.2973%; height: 24px; text-align: center;\"><span style=\"font-size: 14pt; font-family: 'times new roman', times, serif;\">100<\/span><\/td>\n<td style=\"width: 12.8745%; height: 24px; text-align: center;\"><span style=\"font-size: 14pt; font-family: 'times new roman', times, serif;\">2000<\/span><\/td>\n<td style=\"width: 26.9862%; height: 24px; text-align: center;\"><span style=\"font-size: 14pt; font-family: 'times new roman', times, serif;\">\u0111\u00f3ng g\u00f3i nhi\u1ec1u lo\u1ea1i, v\u00f4 tr\u00f9ng ho\u1eb7c kh\u00f4ng v\u00f4 tr\u00f9ng\u00a0<\/span><\/td>\n<\/tr>\n<tr style=\"height: 24px;\">\n<td style=\"width: 11.3992%; height: 48px; text-align: center;\" rowspan=\"2\"><span style=\"font-size: 14pt; font-family: 'times new roman', times, serif;\">KJ324<\/span><\/td>\n<td style=\"width: 11.8482%; height: 72px; text-align: center;\" rowspan=\"3\"><span style=\"font-size: 14pt; font-family: 'times new roman', times, serif;\">PP<\/span><\/td>\n<td style=\"width: 12.5538%; height: 72px; text-align: center;\" rowspan=\"3\"><span style=\"font-size: 14pt; font-family: 'times new roman', times, serif;\">121mm<\/span><\/td>\n<td style=\"width: 12.0407%; height: 72px; text-align: center;\" rowspan=\"3\"><span style=\"font-size: 14pt; font-family: 'times new roman', times, serif;\">15ml<\/span><\/td>\n<td style=\"width: 12.2973%; height: 24px; text-align: center;\"><span style=\"font-size: 14pt; font-family: 'times new roman', times, serif;\">1<\/span><\/td>\n<td style=\"width: 12.8745%; height: 24px; text-align: center;\"><span style=\"font-size: 14pt; font-family: 'times new roman', times, serif;\">1200<\/span><\/td>\n<td style=\"width: 26.9862%; height: 24px; text-align: center;\"><span style=\"font-size: 14pt; font-family: 'times new roman', times, serif;\">\u0111\u00f3ng g\u00f3i ri\u00eang l\u1ebb, v\u00f4 tr\u00f9ng ho\u1eb7c kh\u00f4ng v\u00f4 tr\u00f9ng\u00a0<\/span><\/td>\n<\/tr>\n<tr style=\"height: 24px;\">\n<td style=\"width: 12.2973%; height: 24px; text-align: center;\"><span style=\"font-size: 14pt; font-family: 'times new roman', times, serif;\">100<\/span><\/td>\n<td style=\"width: 12.8745%; height: 24px; text-align: center;\"><span style=\"font-size: 14pt; font-family: 'times new roman', times, serif;\">1800<\/span><\/td>\n<td style=\"width: 26.9862%; height: 24px; text-align: center;\"><span style=\"font-size: 14pt; font-family: 'times new roman', times, serif;\">\u0111\u00f3ng g\u00f3i nhi\u1ec1u lo\u1ea1i, v\u00f4 tr\u00f9ng ho\u1eb7c kh\u00f4ng v\u00f4 tr\u00f9ng\u00a0<\/span><\/td>\n<\/tr>\n<tr style=\"height: 24px;\">\n<td style=\"width: 11.3992%; height: 24px; text-align: center;\"><span style=\"font-size: 14pt; font-family: 'times new roman', times, serif;\">KJ326-2<\/span><\/td>\n<td style=\"width: 12.2973%; height: 24px; text-align: center;\"><span style=\"font-size: 14pt; font-family: 'times new roman', times, serif;\">50<\/span><\/td>\n<td style=\"width: 12.8745%; height: 24px; text-align: center;\"><span style=\"font-size: 14pt; font-family: 'times new roman', times, serif;\">500<\/span><\/td>\n<td style=\"width: 26.9862%; height: 24px; text-align: center;\"><span style=\"font-size: 14pt; font-family: 'times new roman', times, serif;\">50 c\u00e1i\/pallet, V\u00f4 tr\u00f9ng ho\u1eb7c kh\u00f4ng v\u00f4 tr\u00f9ng\u00a0<\/span><\/td>\n<\/tr>\n<tr style=\"height: 24px;\">\n<td style=\"width: 11.3992%; height: 24px; text-align: center;\" rowspan=\"2\"><span style=\"font-size: 14pt; font-family: 'times new roman', times, serif;\">KJ325<\/span><\/td>\n<td style=\"width: 11.8482%; height: 24px; text-align: center;\" rowspan=\"2\"><span style=\"font-size: 14pt; font-family: 'times new roman', times, serif;\">PP<\/span><\/td>\n<td style=\"width: 12.5538%; height: 24px; text-align: center;\" rowspan=\"2\"><span style=\"font-size: 14pt; font-family: 'times new roman', times, serif;\">118mm<\/span><\/td>\n<td style=\"width: 12.0407%; height: 24px; text-align: center;\" rowspan=\"2\"><span style=\"font-size: 14pt; font-family: 'times new roman', times, serif;\">50ml<\/span><\/td>\n<td style=\"width: 12.2973%; height: 24px; text-align: center;\"><span style=\"font-size: 14pt; font-family: 'times new roman', times, serif;\">1<\/span><\/td>\n<td style=\"width: 12.8745%; height: 24px; text-align: center;\"><span style=\"font-size: 14pt; font-family: 'times new roman', times, serif;\">500<\/span><\/td>\n<td style=\"width: 26.9862%; height: 24px; text-align: center;\"><span style=\"font-size: 14pt; font-family: 'times new roman', times, serif;\">\u0111\u00f3ng g\u00f3i ri\u00eang l\u1ebb, v\u00f4 tr\u00f9ng ho\u1eb7c kh\u00f4ng v\u00f4 tr\u00f9ng\u00a0<\/span><\/td>\n<\/tr>\n<tr style=\"height: 24px;\">\n<td style=\"width: 12.2973%; height: 24px; text-align: center;\"><span style=\"font-size: 14pt; font-family: 'times new roman', times, serif;\">50<\/span><\/td>\n<td style=\"width: 12.8745%; height: 24px; text-align: center;\"><span style=\"font-size: 14pt; font-family: 'times new roman', times, serif;\">500<\/span><\/td>\n<td style=\"width: 26.9862%; height: 24px; text-align: center;\"><span style=\"font-size: 14pt; font-family: 'times new roman', times, serif;\">\u0111\u00f3ng g\u00f3i nhi\u1ec1u lo\u1ea1i, v\u00f4 tr\u00f9ng ho\u1eb7c kh\u00f4ng v\u00f4 tr\u00f9ng\u00a0<\/span><\/td>\n<\/tr>\n<tr style=\"height: 24px;\">\n<td style=\"width: 11.3992%; height: 24px; text-align: center;\" rowspan=\"2\"><span style=\"font-size: 14pt; font-family: 'times new roman', times, serif;\">KJ326<\/span><\/td>\n<td style=\"width: 11.8482%; height: 24px; text-align: center;\" rowspan=\"3\"><span style=\"font-size: 14pt; font-family: 'times new roman', times, serif;\">PP<\/span><\/td>\n<td style=\"width: 12.5538%; height: 24px; text-align: center;\" rowspan=\"3\"><span style=\"font-size: 14pt; font-family: 'times new roman', times, serif;\">118mm<\/span><\/td>\n<td style=\"width: 12.0407%; height: 24px; text-align: center;\" rowspan=\"3\"><span style=\"font-size: 14pt; font-family: 'times new roman', times, serif;\">50ml<\/span><\/td>\n<td style=\"width: 12.2973%; height: 24px; text-align: center;\"><span style=\"font-size: 14pt; font-family: 'times new roman', times, serif;\">1<\/span><\/td>\n<td style=\"width: 12.8745%; height: 24px; text-align: center;\"><span style=\"font-size: 14pt; font-family: 'times new roman', times, serif;\">500<\/span><\/td>\n<td style=\"width: 26.9862%; height: 24px; text-align: center;\"><span style=\"font-size: 14pt; font-family: 'times new roman', times, serif;\">\u0111\u00f3ng g\u00f3i ri\u00eang l\u1ebb, v\u00f4 tr\u00f9ng ho\u1eb7c kh\u00f4ng v\u00f4 tr\u00f9ng\u00a0<\/span><\/td>\n<\/tr>\n<tr style=\"height: 24px;\">\n<td style=\"width: 12.2973%; height: 24px; text-align: center;\"><span style=\"font-size: 14pt; font-family: 'times new roman', times, serif;\">50<\/span><\/td>\n<td style=\"width: 12.8745%; height: 24px; text-align: center;\"><span style=\"font-size: 14pt; font-family: 'times new roman', times, serif;\">500<\/span><\/td>\n<td style=\"width: 26.9862%; height: 24px; text-align: center;\"><span style=\"font-size: 14pt; font-family: 'times new roman', times, serif;\">\u0111\u00f3ng g\u00f3i nhi\u1ec1u lo\u1ea1i, v\u00f4 tr\u00f9ng ho\u1eb7c kh\u00f4ng v\u00f4 tr\u00f9ng\u00a0<\/span><\/td>\n<\/tr>\n<tr>\n<td style=\"width: 11.3992%; text-align: center;\"><span style=\"font-size: 14pt; font-family: 'times new roman', times, serif;\">KJ326-3<\/span><\/td>\n<td style=\"width: 12.2973%; text-align: center;\"><span style=\"font-size: 14pt; font-family: 'times new roman', times, serif;\">25<\/span><\/td>\n<td style=\"width: 12.8745%; text-align: center;\"><span style=\"font-size: 14pt; font-family: 'times new roman', times, serif;\">500<\/span><\/td>\n<td style=\"width: 26.9862%; text-align: center;\"><span style=\"font-size: 14pt; font-family: 'times new roman', times, serif;\">25 c\u00e1i\/pallet, V\u00f4 tr\u00f9ng ho\u1eb7c kh\u00f4ng v\u00f4 tr\u00f9ng<\/span><\/td>\n<\/tr>\n<\/tbody>\n<\/table>","protected":false},"excerpt":{"rendered":"<p>\u2014 \u0110\u01b0\u1ee3c l\u00e0m b\u1eb1ng v\u1eadt li\u1ec7u PP trong su\u1ed1t cao c\u1ea5p, \u0111\u01b0\u1ee3c s\u1eed d\u1ee5ng r\u1ed9ng r\u00e3i trong sinh h\u1ecdc ph\u00e2n t\u1eed, h\u00f3a h\u1ecdc l\u00e2m s\u00e0ng, nghi\u00ean c\u1ee9u h\u00f3a sinh. \u2014 Tr\u1eafng trong ho\u1eb7c<\/p>","protected":false},"featured_media":22662,"comment_status":"open","ping_status":"closed","template":"","meta":{"_acf_changed":false},"product_brand":[],"product_cat":[73,20],"product_tag":[],"class_list":{"0":"post-22661","1":"product","2":"type-product","3":"status-publish","4":"has-post-thumbnail","6":"product_cat-centrifuge-tubes","7":"product_cat-all","9":"first","10":"instock","11":"shipping-taxable","12":"product-type-simple"},"acf":[],"_links":{"self":[{"href":"https:\/\/lexamedlab.com\/vi\/wp-json\/wp\/v2\/product\/22661","targetHints":{"allow":["GET"]}}],"collection":[{"href":"https:\/\/lexamedlab.com\/vi\/wp-json\/wp\/v2\/product"}],"about":[{"href":"https:\/\/lexamedlab.com\/vi\/wp-json\/wp\/v2\/types\/product"}],"replies":[{"embeddable":true,"href":"https:\/\/lexamedlab.com\/vi\/wp-json\/wp\/v2\/comments?post=22661"}],"version-history":[{"count":2,"href":"https:\/\/lexamedlab.com\/vi\/wp-json\/wp\/v2\/product\/22661\/revisions"}],"predecessor-version":[{"id":22745,"href":"https:\/\/lexamedlab.com\/vi\/wp-json\/wp\/v2\/product\/22661\/revisions\/22745"}],"wp:featuredmedia":[{"embeddable":true,"href":"https:\/\/lexamedlab.com\/vi\/wp-json\/wp\/v2\/media\/22662"}],"wp:attachment":[{"href":"https:\/\/lexamedlab.com\/vi\/wp-json\/wp\/v2\/media?parent=22661"}],"wp:term":[{"taxonomy":"product_brand","embeddable":true,"href":"https:\/\/lexamedlab.com\/vi\/wp-json\/wp\/v2\/product_brand?post=22661"},{"taxonomy":"product_cat","embeddable":true,"href":"https:\/\/lexamedlab.com\/vi\/wp-json\/wp\/v2\/product_cat?post=22661"},{"taxonomy":"product_tag","embeddable":true,"href":"https:\/\/lexamedlab.com\/vi\/wp-json\/wp\/v2\/product_tag?post=22661"}],"curies":[{"name":"wp","href":"https:\/\/api.w.org\/{rel}","templated":true}]}}