{"id":22679,"date":"2025-05-26T10:39:19","date_gmt":"2025-05-26T10:39:19","guid":{"rendered":"https:\/\/lexamedlab.com\/?post_type=product&#038;p=22679"},"modified":"2025-05-27T15:17:15","modified_gmt":"2025-05-27T15:17:15","slug":"pp-plastic-5ml-7ml-10ml-micro-centrifuge-tube","status":"publish","type":"product","link":"https:\/\/lexamedlab.com\/vi\/product\/pp-plastic-5ml-7ml-10ml-micro-centrifuge-tube\/","title":{"rendered":"\u1ed0ng ly t\u00e2m si\u00eau nh\u1ecf b\u1eb1ng nh\u1ef1a PP 5ml 7ml 10ml"},"content":{"rendered":"<div style=\"width: 956px;\" class=\"wp-video\"><!--[if lt IE 9]><script>document.createElement('video');<\/script><![endif]-->\n<video class=\"wp-video-shortcode\" id=\"video-22679-1\" width=\"956\" height=\"540\" preload=\"metadata\" controls=\"controls\"><source type=\"video\/mp4\" src=\"https:\/\/lexamedlab.com\/wp-content\/uploads\/2025\/05\/j4k25XwtlNtk694ckjm_227036182597_sd_hq.mp4?_=1\" \/><a href=\"https:\/\/lexamedlab.com\/wp-content\/uploads\/2025\/05\/j4k25XwtlNtk694ckjm_227036182597_sd_hq.mp4\">https:\/\/lexamedlab.com\/wp-content\/uploads\/2025\/05\/j4k25XwtlNtk694ckjm_227036182597_sd_hq.mp4<\/a><\/video><\/div>\n<p><span style=\"font-family: 'times new roman', times, serif; font-size: 14pt;\" data-spm-anchor-id=\"a2700.details-description.0.i0.2e79ABokABokf3\">\u2014 \u0110\u01b0\u1ee3c l\u00e0m b\u1eb1ng v\u1eadt li\u1ec7u PP c\u00f3 \u0111\u1ed9 trong su\u1ed1t cao, th\u00edch h\u1ee3p v\u1edbi m\u00e1y ly t\u00e2m nh\u1ecf, \u0111\u01b0\u1ee3c s\u1eed d\u1ee5ng r\u1ed9ng r\u00e3i trong sinh h\u1ecdc ph\u00e2n t\u1eed, h\u00f3a h\u1ecdc l\u00e2m s\u00e0ng v\u00e0 nghi\u00ean c\u1ee9u h\u00f3a sinh.<\/span><br \/>\n<span style=\"font-family: 'times new roman', times, serif; font-size: 14pt;\">\u2014 C\u00f3 nhi\u1ec1u th\u1ec3 t\u00edch kh\u00e1c nhau: 0,2ml, 0,5ml, 1,5ml, 2ml, 5ml, v.v.<\/span><br \/>\n<span style=\"font-family: 'times new roman', times, serif; font-size: 14pt;\">\u2014 Ch\u1ed1ng \u0103n m\u00f2n h\u00f3a h\u1ecdc v\u00e0 ch\u1ecbu nhi\u1ec7t \u0111\u1ed9 th\u1ea5p.<\/span><br \/>\n<span style=\"font-family: 'times new roman', times, serif; font-size: 14pt;\">\u2014 Kh\u00f4ng th\u00eam ch\u1ea5t gi\u1ea3i ph\u00f3ng, ch\u1ea5t h\u00f3a d\u1ebbo v\u00e0 ch\u1ea5t ch\u1ed1ng n\u1ea5m trong qu\u00e1 tr\u00ecnh s\u1ea3n xu\u1ea5t, kh\u00f4ng ch\u1ee9a kim lo\u1ea1i n\u1eb7ng.<\/span><br \/>\n<span style=\"font-family: 'times new roman', times, serif; font-size: 14pt;\">\u2014 \u1ed4n \u0111\u1ecbnh d\u01b0\u1edbi t\u1ed1c \u0111\u1ed9 ly t\u00e2m cao, l\u00ean \u0111\u1ebfn 15000 v\u00f2ng\/ph\u00fat. C\u00f3 th\u1ec3 \u0111\u1ea3m b\u1ea3o an to\u00e0n cho nh\u00e2n vi\u00ean v\u00e0 m\u00f4i tr\u01b0\u1eddng trong khi th\u1eed nghi\u1ec7m c\u00e1c m\u1eabu \u0111\u1ed9c h\u1ea1i.<\/span><br \/>\n<span style=\"font-family: 'times new roman', times, serif; font-size: 14pt;\">\u2014 Th\u00edch \u1ee9ng v\u1edbi d\u1ea3i nhi\u1ec7t \u0111\u1ed9 r\u1ed9ng t\u1eeb -80 \u0111\u1ebfn 121 \u0111\u1ed9 m\u00e0 kh\u00f4ng b\u1ecb bi\u1ebfn d\u1ea1ng.<\/span><br \/>\n<span style=\"font-family: 'times new roman', times, serif; font-size: 14pt;\">\u2014 C\u00f3 v\u1ea1ch chia r\u00f5 r\u00e0ng tr\u00ean t\u01b0\u1eddng \u0111\u1ec3 d\u1ec5 quan s\u00e1t h\u01a1n.<\/span><br \/>\n<span style=\"font-family: 'times new roman', times, serif; font-size: 14pt;\">\u2014 Ph\u1ea7n m\u1edd tr\u00ean n\u1eafp v\u00e0 \u1ed1ng gi\u00fap \u0111\u00e1nh d\u1ea5u v\u00e0 nh\u1eadn d\u1ea1ng thu\u1eadn ti\u1ec7n.<\/span><br \/>\n<span style=\"font-family: 'times new roman', times, serif; font-size: 14pt;\">\u2014 C\u00f3 th\u1ec3 ti\u1ec7t tr\u00f9ng b\u1eb1ng b\u1ee9c x\u1ea1 EO ho\u1eb7c Gamma.<\/span><\/p>\n<table style=\"border-collapse: collapse; width: 100%; height: 351px;\">\n<tbody>\n<tr style=\"height: 27px;\">\n<td style=\"width: 20%; text-align: center; height: 27px;\"><span style=\"font-size: 14pt; font-family: 'times new roman', times, serif;\">s\u1ed1 s\u1ea3n ph\u1ea9m\u00a0<\/span><\/td>\n<td style=\"width: 20%; text-align: center; height: 27px;\"><span style=\"font-size: 14pt; font-family: 'times new roman', times, serif;\">v\u1eadt li\u1ec7u\u00a0<\/span><\/td>\n<td style=\"width: 20%; text-align: center; height: 27px;\"><span style=\"font-size: 14pt; font-family: 'times new roman', times, serif;\">dung t\u00edch\u00a0<\/span><\/td>\n<td style=\"width: 20%; text-align: center; height: 27px;\"><span style=\"font-size: 14pt; font-family: 'times new roman', times, serif;\">s\u1ed1 l\u01b0\u1ee3ng trong t\u00fai\u00a0<\/span><\/td>\n<td style=\"width: 20%; text-align: center; height: 27px;\"><span style=\"font-size: 14pt; font-family: 'times new roman', times, serif;\">s\u1ed1 l\u01b0\u1ee3ng trong th\u00f9ng carton\u00a0<\/span><\/td>\n<\/tr>\n<tr style=\"height: 27px;\">\n<td style=\"width: 20%; text-align: center; height: 27px;\"><span style=\"font-size: 14pt; font-family: 'times new roman', times, serif;\">KJ316-3<\/span><\/td>\n<td style=\"width: 20%; text-align: center; height: 27px;\"><span style=\"font-size: 14pt; font-family: 'times new roman', times, serif;\">PP<\/span><\/td>\n<td style=\"width: 20%; text-align: center; height: 27px;\">0,5ml<\/td>\n<td style=\"width: 20%; text-align: center; height: 27px;\"><span style=\"font-size: 14pt; font-family: 'times new roman', times, serif;\">500\u00a0<\/span><\/td>\n<td style=\"width: 20%; text-align: center; height: 27px;\"><span style=\"font-size: 14pt; font-family: 'times new roman', times, serif;\">\u00a010000<\/span><\/td>\n<\/tr>\n<tr style=\"height: 27px;\">\n<td style=\"width: 20%; text-align: center; height: 27px;\"><span style=\"font-size: 14pt; font-family: 'times new roman', times, serif;\">KJ316-4<\/span><\/td>\n<td style=\"width: 20%; text-align: center; height: 27px;\"><span style=\"font-size: 14pt; font-family: 'times new roman', times, serif;\">PP<\/span><\/td>\n<td style=\"width: 20%; text-align: center; height: 27px;\">1,0ml<\/td>\n<td style=\"width: 20%; text-align: center; height: 27px;\"><span style=\"font-size: 14pt; font-family: 'times new roman', times, serif;\"> 500\u00a0<\/span><\/td>\n<td style=\"width: 20%; text-align: center; height: 27px;\"><span style=\"font-size: 14pt; font-family: 'times new roman', times, serif;\"> 10000<\/span><\/td>\n<\/tr>\n<tr style=\"height: 27px;\">\n<td style=\"width: 20%; text-align: center; height: 27px;\"><span style=\"font-size: 14pt; font-family: 'times new roman', times, serif;\">KJ316-5<\/span><\/td>\n<td style=\"width: 20%; text-align: center; height: 27px;\"><span style=\"font-size: 14pt; font-family: 'times new roman', times, serif;\">PP<\/span><\/td>\n<td style=\"width: 20%; text-align: center; height: 27px;\">1,5ml<\/td>\n<td style=\"width: 20%; text-align: center; height: 27px;\"><span style=\"font-size: 14pt; font-family: 'times new roman', times, serif;\"> 500\u00a0<\/span><\/td>\n<td style=\"width: 20%; text-align: center; height: 27px;\"><span style=\"font-size: 14pt; font-family: 'times new roman', times, serif;\"> 10000<\/span><\/td>\n<\/tr>\n<tr style=\"height: 27px;\">\n<td style=\"width: 20%; text-align: center; height: 27px;\"><span style=\"font-size: 14pt; font-family: 'times new roman', times, serif;\">KJ345<\/span><\/td>\n<td style=\"width: 20%; text-align: center; height: 27px;\"><span style=\"font-size: 14pt; font-family: 'times new roman', times, serif;\">PP<\/span><\/td>\n<td style=\"width: 20%; text-align: center; height: 27px;\"><\/td>\n<td style=\"width: 20%; text-align: center; height: 27px;\"><\/td>\n<td style=\"width: 20%; text-align: center; height: 27px;\"><\/td>\n<\/tr>\n<tr style=\"height: 27px;\">\n<td style=\"width: 20%; text-align: center; height: 27px;\"><span style=\"font-size: 14pt; font-family: 'times new roman', times, serif;\">KJ327<\/span><\/td>\n<td style=\"width: 20%; text-align: center; height: 27px;\"><span style=\"font-size: 14pt; font-family: 'times new roman', times, serif;\">PP<\/span><\/td>\n<td style=\"width: 20%; text-align: center; height: 27px;\">5.0ml<\/td>\n<td style=\"width: 20%; text-align: center; height: 27px;\"><span style=\"font-family: 'times new roman', times, serif; font-size: 14pt;\">300<\/span><\/td>\n<td style=\"width: 20%; text-align: center; height: 27px;\"><span style=\"font-size: 14pt; font-family: 'times new roman', times, serif;\">4500<\/span><\/td>\n<\/tr>\n<tr style=\"height: 27px;\">\n<td style=\"width: 20%; text-align: center; height: 27px;\"><span style=\"font-size: 14pt; font-family: 'times new roman', times, serif;\">KJ327-5<\/span><\/td>\n<td style=\"width: 20%; text-align: center; height: 27px;\"><span style=\"font-size: 14pt; font-family: 'times new roman', times, serif;\">PP<\/span><\/td>\n<td style=\"width: 20%; text-align: center; height: 27px;\">5.0ml<\/td>\n<td style=\"width: 20%; text-align: center; height: 27px;\"><span style=\"font-family: 'times new roman', times, serif; font-size: 14pt;\">300<\/span><\/td>\n<td style=\"width: 20%; text-align: center; height: 27px;\"><span style=\"font-size: 14pt; font-family: 'times new roman', times, serif;\">4500<\/span><\/td>\n<\/tr>\n<tr style=\"height: 27px;\">\n<td style=\"width: 20%; text-align: center; height: 27px;\"><span style=\"font-size: 14pt; font-family: 'times new roman', times, serif;\">KJ327-1<\/span><\/td>\n<td style=\"width: 20%; text-align: center; height: 27px;\"><span style=\"font-size: 14pt; font-family: 'times new roman', times, serif;\">PP<\/span><\/td>\n<td style=\"width: 20%; text-align: center; height: 27px;\">0,5ml<\/td>\n<td style=\"width: 20%; text-align: center; height: 27px;\"><span style=\"font-family: 'times new roman', times, serif; font-size: 14pt;\">1000<\/span><\/td>\n<td style=\"width: 20%; text-align: center; height: 27px;\"><span style=\"font-size: 14pt; font-family: 'times new roman', times, serif;\">20000<\/span><\/td>\n<\/tr>\n<tr style=\"height: 27px;\">\n<td style=\"width: 20%; text-align: center; height: 27px;\"><span style=\"font-size: 14pt; font-family: 'times new roman', times, serif;\">KJ327-3<\/span><\/td>\n<td style=\"width: 20%; text-align: center; height: 27px;\"><span style=\"font-size: 14pt; font-family: 'times new roman', times, serif;\">PP<\/span><\/td>\n<td style=\"width: 20%; text-align: center; height: 27px;\">2.0ml<\/td>\n<td style=\"width: 20%; text-align: center; height: 27px;\"><span style=\"font-family: 'times new roman', times, serif; font-size: 14pt;\">500<\/span><\/td>\n<td style=\"width: 20%; text-align: center; height: 27px;\"><span style=\"font-size: 14pt; font-family: 'times new roman', times, serif;\">9000<\/span><\/td>\n<\/tr>\n<tr style=\"height: 27px;\">\n<td style=\"width: 20%; text-align: center; height: 27px;\"><span style=\"font-size: 14pt; font-family: 'times new roman', times, serif;\">KJ327-4<\/span><\/td>\n<td style=\"width: 20%; text-align: center; height: 27px;\"><span style=\"font-size: 14pt; font-family: 'times new roman', times, serif;\">PP<\/span><\/td>\n<td style=\"width: 20%; text-align: center; height: 27px;\">5.0ml<\/td>\n<td style=\"width: 20%; text-align: center; height: 27px;\"><span style=\"font-family: 'times new roman', times, serif; font-size: 14pt;\">300<\/span><\/td>\n<td style=\"width: 20%; text-align: center; height: 27px;\"><span style=\"font-size: 14pt; font-family: 'times new roman', times, serif;\">4500<\/span><\/td>\n<\/tr>\n<tr style=\"height: 27px;\">\n<td style=\"width: 20%; text-align: center; height: 27px;\"><span style=\"font-size: 14pt; font-family: 'times new roman', times, serif;\">KJ320<\/span><\/td>\n<td style=\"width: 20%; text-align: center; height: 27px;\"><span style=\"font-size: 14pt; font-family: 'times new roman', times, serif;\">PP<\/span><\/td>\n<td style=\"width: 20%; text-align: center; height: 27px;\"><span style=\"font-size: 14pt; font-family: 'times new roman', times, serif;\">5.0ml<\/span><\/td>\n<td style=\"width: 20%; text-align: center; height: 27px;\"><span style=\"font-size: 14pt; font-family: 'times new roman', times, serif;\">300<\/span><\/td>\n<td style=\"width: 20%; text-align: center; height: 27px;\"><span style=\"font-size: 14pt; font-family: 'times new roman', times, serif;\">4500<\/span><\/td>\n<\/tr>\n<tr style=\"height: 27px;\">\n<td style=\"width: 20%; text-align: center; height: 27px;\"><span style=\"font-size: 14pt; font-family: 'times new roman', times, serif;\">KJ321<\/span><\/td>\n<td style=\"width: 20%; text-align: center; height: 27px;\"><span style=\"font-size: 14pt; font-family: 'times new roman', times, serif;\">PP<\/span><\/td>\n<td style=\"width: 20%; text-align: center; height: 27px;\"><span style=\"font-size: 14pt; font-family: 'times new roman', times, serif;\">7.0ml<\/span><\/td>\n<td style=\"width: 20%; text-align: center; height: 27px;\"><span style=\"font-size: 14pt; font-family: 'times new roman', times, serif;\">200<\/span><\/td>\n<td style=\"width: 20%; text-align: center; height: 27px;\"><span style=\"font-size: 14pt; font-family: 'times new roman', times, serif;\">2400<\/span><\/td>\n<\/tr>\n<tr style=\"height: 27px;\">\n<td style=\"width: 20%; text-align: center; height: 27px;\"><span style=\"font-size: 14pt; font-family: 'times new roman', times, serif;\">KJ322<\/span><\/td>\n<td style=\"width: 20%; text-align: center; height: 27px;\"><span style=\"font-size: 14pt; font-family: 'times new roman', times, serif;\">PP<\/span><\/td>\n<td style=\"width: 20%; text-align: center; height: 27px;\"><span style=\"font-size: 14pt; font-family: 'times new roman', times, serif;\">10ml<\/span><\/td>\n<td style=\"width: 20%; text-align: center; height: 27px;\"><span style=\"font-size: 14pt; font-family: 'times new roman', times, serif;\">200<\/span><\/td>\n<td style=\"width: 20%; text-align: center; height: 27px;\"><span style=\"font-size: 14pt; font-family: 'times new roman', times, serif;\">2800<\/span><\/td>\n<\/tr>\n<\/tbody>\n<\/table>","protected":false},"excerpt":{"rendered":"<p>\u2014 \u0110\u01b0\u1ee3c l\u00e0m b\u1eb1ng v\u1eadt li\u1ec7u PP c\u00f3 \u0111\u1ed9 trong su\u1ed1t cao, th\u00edch h\u1ee3p v\u1edbi m\u00e1y ly t\u00e2m vi m\u00f4, \u0111\u01b0\u1ee3c s\u1eed d\u1ee5ng r\u1ed9ng r\u00e3i trong sinh h\u1ecdc ph\u00e2n t\u1eed, h\u00f3a h\u1ecdc l\u00e2m s\u00e0ng v\u00e0 h\u00f3a sinh<\/p>","protected":false},"featured_media":22680,"comment_status":"open","ping_status":"closed","template":"","meta":{"_acf_changed":false},"product_brand":[],"product_cat":[73,20],"product_tag":[],"class_list":{"0":"post-22679","1":"product","2":"type-product","3":"status-publish","4":"has-post-thumbnail","6":"product_cat-centrifuge-tubes","7":"product_cat-all","9":"first","10":"instock","11":"shipping-taxable","12":"product-type-simple"},"acf":[],"_links":{"self":[{"href":"https:\/\/lexamedlab.com\/vi\/wp-json\/wp\/v2\/product\/22679","targetHints":{"allow":["GET"]}}],"collection":[{"href":"https:\/\/lexamedlab.com\/vi\/wp-json\/wp\/v2\/product"}],"about":[{"href":"https:\/\/lexamedlab.com\/vi\/wp-json\/wp\/v2\/types\/product"}],"replies":[{"embeddable":true,"href":"https:\/\/lexamedlab.com\/vi\/wp-json\/wp\/v2\/comments?post=22679"}],"version-history":[{"count":3,"href":"https:\/\/lexamedlab.com\/vi\/wp-json\/wp\/v2\/product\/22679\/revisions"}],"predecessor-version":[{"id":22744,"href":"https:\/\/lexamedlab.com\/vi\/wp-json\/wp\/v2\/product\/22679\/revisions\/22744"}],"wp:featuredmedia":[{"embeddable":true,"href":"https:\/\/lexamedlab.com\/vi\/wp-json\/wp\/v2\/media\/22680"}],"wp:attachment":[{"href":"https:\/\/lexamedlab.com\/vi\/wp-json\/wp\/v2\/media?parent=22679"}],"wp:term":[{"taxonomy":"product_brand","embeddable":true,"href":"https:\/\/lexamedlab.com\/vi\/wp-json\/wp\/v2\/product_brand?post=22679"},{"taxonomy":"product_cat","embeddable":true,"href":"https:\/\/lexamedlab.com\/vi\/wp-json\/wp\/v2\/product_cat?post=22679"},{"taxonomy":"product_tag","embeddable":true,"href":"https:\/\/lexamedlab.com\/vi\/wp-json\/wp\/v2\/product_tag?post=22679"}],"curies":[{"name":"wp","href":"https:\/\/api.w.org\/{rel}","templated":true}]}}