{"id":381,"date":"2021-08-27T12:02:01","date_gmt":"2021-08-27T12:02:01","guid":{"rendered":"http:\/\/dummy.xtemos.com\/woodmart2\/elementor\/?post_type=product&#038;p=381"},"modified":"2025-05-29T06:59:39","modified_gmt":"2025-05-29T06:59:39","slug":"eames-plastic-side-chair","status":"publish","type":"product","link":"https:\/\/lexamedlab.com\/vi\/product\/eames-plastic-side-chair\/","title":{"rendered":"M\u00e1y ly t\u00e2m t\u1ed1c \u0111\u1ed9 th\u1ea5p \u0111\u1ec3 b\u00e0n TD-500"},"content":{"rendered":"<table style=\"width: 100.729%; border-collapse: collapse; background-color: #35a1cc;\">\n<tbody>\n<tr>\n<td style=\"width: 49.8778%;\">\n<div><span style=\"font-size: 18pt;\"><strong><span style=\"color: #ffffff; font-family: 'times new roman', times, serif;\">Ch\u1ee9c n\u0103ng th\u00e2n thi\u1ec7n v\u1edbi ng\u01b0\u1eddi d\u00f9ng\u00a0<\/span><\/strong><\/span><\/div>\n<div><span style=\"color: #ffffff; font-size: 14pt; font-family: 'times new roman', times, serif;\">&gt;l\u00ean \u0111\u1ebfn 1000 ch\u01b0\u01a1ng tr\u00ecnh do ng\u01b0\u1eddi d\u00f9ng x\u00e1c \u0111\u1ecbnh<\/span><\/div>\n<div><span style=\"color: #ffffff; font-size: 14pt; font-family: 'times new roman', times, serif;\">&gt;l\u00ean \u0111\u1ebfn 1000 l\u1ecbch s\u1eed ch\u1ea1y, c\u00f3 th\u1ec3 xu\u1ea5t qua USB<\/span><\/div>\n<div><span style=\"color: #ffffff; font-size: 14pt; font-family: 'times new roman', times, serif;\">&gt;l\u00ean \u0111\u1ebfn 40 t\u1ed1c \u0111\u1ed9 t\u0103ng t\u1ed1c v\u00e0 gi\u1ea3m t\u1ed1c<\/span><\/div>\n<div><span style=\"color: #ffffff; font-size: 14pt; font-family: 'times new roman', times, serif;\">&gt;c\u00f3 s\u1eb5n ch\u1ebf \u0111\u1ed9 ly t\u00e2m \u0111a giai \u0111o\u1ea1n l\u00ean \u0111\u1ebfn 5 giai \u0111o\u1ea1n<\/span><\/div>\n<div><span style=\"color: #ffffff; font-size: 14pt; font-family: 'times new roman', times, serif;\">&gt;ph\u1ea1m vi h\u1eb9n gi\u1edd l\u00ean \u0111\u1ebfn 99h59m59s, t\u0103ng d\u1ea7n 1 gi\u00e2y<\/span><\/div>\n<\/td>\n<td style=\"width: 53.1092%;\">\n<div><strong><span style=\"color: #ffffff; font-size: 18pt; font-family: 'times new roman', times, serif;\">M\u00e0n h\u00ecnh c\u1ea3m \u1ee9ng LCD\u00a0<\/span><\/strong><\/div>\n<div><span style=\"color: #ffffff; font-size: 14pt; font-family: 'times new roman', times, serif;\">&gt;\u0110\u01a1n gi\u1ea3n v\u00e0 r\u00f5 r\u00e0ng \u0111\u1ec3 hi\u1ec3n th\u1ecb t\u1ea5t c\u1ea3 c\u00e1c th\u00f4ng s\u1ed1<\/span><\/div>\n<div><span style=\"color: #ffffff; font-size: 14pt; font-family: 'times new roman', times, serif;\">&gt;M\u00e0n h\u00ecnh c\u1ea3m \u1ee9ng, d\u1ec5 d\u00e0ng c\u00e0i \u0111\u1eb7t th\u00f4ng s\u1ed1<\/span><\/div>\n<div><span style=\"color: #ffffff; font-size: 14pt; font-family: 'times new roman', times, serif;\">&gt;RCF c\u00f3 th\u1ec3 \u0111\u01b0\u1ee3c thi\u1ebft l\u1eadp tr\u1ef1c ti\u1ebfp<\/span><\/div>\n<div><span style=\"color: #ffffff; font-size: 14pt; font-family: 'times new roman', times, serif;\">&gt;RPM v\u00e0 RCF t\u1ef1 \u0111\u1ed9ng \u1ea9n<\/span><\/div>\n<div>\n<p><span style=\"color: #ffffff; font-size: 14pt; font-family: 'times new roman', times, serif;\">&gt;Ng\u01b0\u1eddi d\u00f9ng c\u00f3 th\u1ec3 thi\u1ebft l\u1eadp c\u00e1c th\u00f4ng s\u1ed1 ngay c\u1ea3 khi \u0111eo g\u0103ng tay<\/span><\/p>\n<div><span style=\"color: #ffffff; font-size: 14pt; font-family: 'times new roman', times, serif;\">&gt;Ng\u01b0\u1eddi d\u00f9ng c\u00f3 th\u1ec3 thi\u1ebft l\u1eadp l\u1ea1i c\u00e1c th\u00f4ng s\u1ed1 khi r\u00f4to \u0111ang quay<\/span><\/div>\n<\/div>\n<\/td>\n<\/tr>\n<tr>\n<td style=\"width: 49.8778%;\">\n<div><span style=\"font-size: 18pt;\"><strong><span style=\"color: #ffffff; font-family: 'times new roman', times, serif;\">\u0110\u1ea3m b\u1ea3o an to\u00e0n<\/span><\/strong><\/span><\/div>\n<div><span style=\"color: #ffffff; font-size: 14pt; font-family: 'times new roman', times, serif;\">&gt;\u0110i\u1ec1u khi\u1ec3n vi x\u1eed l\u00fd<\/span><\/div>\n<div><span style=\"color: #ffffff; font-size: 14pt; font-family: 'times new roman', times, serif;\">&gt;Kh\u00f3a c\u1eeda \u0111i\u1ec7n t\u1eed c\u01a1 gi\u1edbi<\/span><\/div>\n<div><span style=\"color: #ffffff; font-size: 14pt; font-family: 'times new roman', times, serif;\">&gt;C\u1eeda kh\u00f4ng th\u1ec3 m\u1edf khi rotor \u0111ang quay<\/span><\/div>\n<div><span style=\"color: #ffffff; font-size: 14pt; font-family: 'times new roman', times, serif;\">&gt;B\u1ea3n l\u1ec1 kh\u00ed \u0111\u1ec3 ng\u0103n c\u1eeda r\u01a1i<\/span><\/div>\n<div><span style=\"color: #ffffff; font-size: 14pt; font-family: 'times new roman', times, serif;\">&gt;C\u1ed5ng trong c\u1eeda \u0111\u1ec3 hi\u1ec7u chu\u1ea9n v\u00e0 ki\u1ec3m tra ho\u1ea1t \u0111\u1ed9ng<\/span><\/div>\n<div><span style=\"color: #ffffff; font-size: 14pt; font-family: 'times new roman', times, serif;\">&gt;M\u1edf kh\u00f3a c\u1eeda kh\u1ea9n c\u1ea5p<\/span><\/div>\n<div><span style=\"color: #ffffff; font-size: 14pt; font-family: 'times new roman', times, serif;\">&gt;M\u1eadt kh\u1ea9u \u0111\u1ec3 kh\u00f3a thi\u1ebft b\u1ecb<\/span><\/div>\n<\/td>\n<td style=\"width: 53.1092%;\">\n<div><strong><span style=\"color: #ffffff; font-size: 18pt; font-family: 'times new roman', times, serif;\">Linh ki\u1ec7n t\u1ed1t\u00a0<\/span><\/strong><\/div>\n<div><span style=\"color: #ffffff; font-size: 14pt; font-family: 'times new roman', times, serif;\">&gt;\u0110\u1ed9ng c\u01a1: \u0110\u1ed9ng c\u01a1 t\u1ea7n s\u1ed1 thay \u0111\u1ed5i.<\/span><\/div>\n<div><span style=\"color: #ffffff; font-size: 14pt; font-family: 'times new roman', times, serif;\">\u00a0 \u00a0 \u00a0 \u00a0 \u00a0 \u00a0 \u00a0 \u00a0 ch\u1ea1y \u1ed5n \u0111\u1ecbnh, kh\u00f4ng c\u1ea7n b\u1ea3o d\u01b0\u1ee1ng, tu\u1ed5i th\u1ecd cao<\/span><\/div>\n<div><span style=\"color: #ffffff; font-size: 14pt; font-family: 'times new roman', times, serif;\">&gt;V\u1ecf: Th\u00e9p d\u00e0y v\u00e0 ch\u1eafc ch\u1eafn<\/span><\/div>\n<div><span style=\"color: #ffffff; font-size: 14pt; font-family: 'times new roman', times, serif;\">&gt;Bu\u1ed3ng: Th\u00e9p kh\u00f4ng g\u1ec9 304 c\u1ea5p th\u1ef1c ph\u1ea9m.<\/span><\/div>\n<div><span style=\"color: #ffffff; font-size: 14pt; font-family: 'times new roman', times, serif;\">\u00a0 \u00a0 \u00a0 \u00a0 \u00a0 \u00a0 \u00a0 \u00a0 ch\u1ed1ng \u0103n m\u00f2n v\u00e0 d\u1ec5 v\u1ec7 sinh<\/span><\/div>\n<div><span style=\"color: #ffffff; font-size: 14pt; font-family: 'times new roman', times, serif;\">&gt;Rotor: Rotor g\u00f3c c\u1ed1 \u0111\u1ecbnh b\u1eb1ng h\u1ee3p kim nh\u00f4m;<\/span><\/div>\n<div><span style=\"color: #ffffff; font-size: 14pt; font-family: 'times new roman', times, serif;\">\u00a0 \u00a0 \u00a0 \u00a0 \u00a0 \u00a0 \u00a0 \u00a0Rotor xoay b\u1eb1ng th\u00e9p kh\u00f4ng g\u1ec9.<\/span><\/div>\n<div><span style=\"color: #ffffff; font-size: 14pt; font-family: 'times new roman', times, serif;\">&gt;Rotor c\u00f3 th\u1ec3 h\u1ea5p ti\u1ec7t tr\u00f9ng\u00a0<\/span><\/div>\n<\/td>\n<\/tr>\n<\/tbody>\n<\/table>\n<p><span style=\"font-size: 18pt;\">Rotor c\u00f3 s\u1eb5n<\/span><\/p>\n<table style=\"border-collapse: collapse; width: 100%;\">\n<tbody>\n<tr>\n<td style=\"width: 33.3333%;\"><img fetchpriority=\"high\" decoding=\"async\" class=\"alignnone size-full wp-image-21794\" src=\"https:\/\/lexamedlab.com\/wp-content\/uploads\/2021\/08\/12x15-through-hole.webp\" alt=\"\" width=\"1500\" height=\"1000\" \/><\/td>\n<td style=\"width: 33.3333%;\"><img decoding=\"async\" class=\"alignnone size-full wp-image-21795\" src=\"https:\/\/lexamedlab.com\/wp-content\/uploads\/2021\/08\/6x50ml-through-hole.webp\" alt=\"\" width=\"1500\" height=\"1000\" \/><\/td>\n<td style=\"width: 33.3333%;\"><img decoding=\"async\" class=\"alignnone size-full wp-image-21796\" src=\"https:\/\/lexamedlab.com\/wp-content\/uploads\/2021\/08\/24x7ml.webp\" alt=\"\" width=\"1500\" height=\"1000\" \/><\/td>\n<\/tr>\n<tr>\n<td style=\"width: 33.3333%;\">\n<div><span style=\"color: #000000; font-family: 'times new roman', times, serif; font-size: 14pt;\">Rotor: Rotor g\u00f3c c\u1ed1 \u0111\u1ecbnh<\/span><\/div>\n<div><span style=\"color: #000000; font-family: 'times new roman', times, serif; font-size: 14pt;\">S\u1ee9c ch\u1ee9a: 12x15ml<\/span><\/div>\n<div><span style=\"color: #000000; font-family: 'times new roman', times, serif; font-size: 14pt;\">T\u1ed1c \u0111\u1ed9 t\u1ed1i \u0111a: 5000 v\u00f2ng\/ph\u00fat<\/span><\/div>\n<div><span style=\"color: #000000; font-family: 'times new roman', times, serif; font-size: 14pt;\">RCF t\u1ed1i \u0111a: 3558xg<\/span><\/div>\n<div><span style=\"color: #000000; font-family: 'times new roman', times, serif; font-size: 14pt;\">K\u00edch th\u01b0\u1edbc \u1ed1ng: 17x121mm<\/span><\/div>\n<\/td>\n<td style=\"width: 33.3333%;\">\n<div><span style=\"color: #000000; font-size: 14pt; font-family: 'times new roman', times, serif;\">Rotor: Rotor g\u00f3c c\u1ed1 \u0111\u1ecbnh<\/span><\/div>\n<div><span style=\"color: #000000; font-size: 14pt; font-family: 'times new roman', times, serif;\">S\u1ee9c ch\u1ee9a: 6x50ml<\/span><\/div>\n<div><span style=\"color: #000000; font-size: 14pt; font-family: 'times new roman', times, serif;\">T\u1ed1c \u0111\u1ed9 t\u1ed1i \u0111a: 5000 v\u00f2ng\/ph\u00fat<\/span><\/div>\n<div><span style=\"color: #000000; font-size: 14pt; font-family: 'times new roman', times, serif;\">RCF t\u1ed1i \u0111a: 3558xg<\/span><\/div>\n<div><span style=\"color: #000000; font-size: 14pt; font-family: 'times new roman', times, serif;\">K\u00edch th\u01b0\u1edbc \u1ed1ng: 29x116mm<\/span><\/div>\n<\/td>\n<td style=\"width: 33.3333%;\">\n<div><span style=\"color: #000000; font-family: 'times new roman', times, serif; font-size: 14pt;\">Rotor: Rotor xoay ra ngo\u00e0i<\/span><\/div>\n<div><span style=\"color: #000000; font-family: 'times new roman', times, serif; font-size: 14pt;\">S\u1ee9c ch\u1ee9a: 24 \u1ed1ng m\u00e1u 7ml<\/span><\/div>\n<div><span style=\"color: #000000; font-family: 'times new roman', times, serif; font-size: 14pt;\">T\u1ed1c \u0111\u1ed9 t\u1ed1i \u0111a: 5000 v\u00f2ng\/ph\u00fat<\/span><\/div>\n<div><span style=\"color: #000000; font-family: 'times new roman', times, serif; font-size: 14pt;\">RCF t\u1ed1i \u0111a: 4650xg<\/span><\/div>\n<div><span style=\"color: #000000; font-family: 'times new roman', times, serif; font-size: 14pt;\">K\u00edch th\u01b0\u1edbc \u1ed1ng: 13\u00d775-100mm<\/span><\/div>\n<\/td>\n<\/tr>\n<tr>\n<td style=\"width: 33.3333%;\"><img loading=\"lazy\" decoding=\"async\" class=\"alignnone size-full wp-image-21797\" src=\"https:\/\/lexamedlab.com\/wp-content\/uploads\/2021\/08\/16x15ml.webp\" alt=\"\" width=\"1500\" height=\"1000\" \/><\/td>\n<td style=\"width: 33.3333%;\"><img loading=\"lazy\" decoding=\"async\" class=\"alignnone size-full wp-image-21798\" src=\"https:\/\/lexamedlab.com\/wp-content\/uploads\/2021\/08\/8x15ml.webp\" alt=\"\" width=\"1500\" height=\"1000\" \/><\/td>\n<td style=\"width: 33.3333%;\"><img loading=\"lazy\" decoding=\"async\" class=\"alignnone size-full wp-image-21799\" src=\"https:\/\/lexamedlab.com\/wp-content\/uploads\/2021\/08\/4x50ml-1.webp\" alt=\"\" width=\"1500\" height=\"1000\" \/><\/td>\n<\/tr>\n<tr>\n<td style=\"width: 33.3333%;\">\n<div><span style=\"font-size: 14pt; font-family: 'times new roman', times, serif;\">Rotor: Rotor xoay ra ngo\u00e0i<\/span><\/div>\n<div><span style=\"font-size: 14pt; font-family: 'times new roman', times, serif;\">S\u1ee9c ch\u1ee9a: 16x15ml<\/span><\/div>\n<div><span style=\"font-size: 14pt; font-family: 'times new roman', times, serif;\">T\u1ed1c \u0111\u1ed9 t\u1ed1i \u0111a: 5000 v\u00f2ng\/ph\u00fat<\/span><\/div>\n<div><span style=\"font-size: 14pt; font-family: 'times new roman', times, serif;\">RCF t\u1ed1i \u0111a: 4620xg<\/span><\/div>\n<div><span style=\"font-size: 14pt; font-family: 'times new roman', times, serif;\">K\u00edch th\u01b0\u1edbc \u1ed1ng: 17x121mm<\/span><\/div>\n<div><span style=\"font-size: 14pt; font-family: 'times new roman', times, serif;\">C\u00f3 th\u1ec3 l\u1ef1a ch\u1ecdn b\u1ed9 chuy\u1ec3n \u0111\u1ed5i cho \u1ed1ng m\u00e1u<\/span><\/div>\n<\/td>\n<td style=\"width: 33.3333%;\">\n<div><span style=\"font-family: 'times new roman', times, serif; font-size: 14pt;\">Rotor: Rotor xoay ra ngo\u00e0i<\/span><\/div>\n<div><span style=\"font-family: 'times new roman', times, serif; font-size: 14pt;\">Dung t\u00edch: 8x15ml<\/span><\/div>\n<div><span style=\"font-family: 'times new roman', times, serif; font-size: 14pt;\">T\u1ed1c \u0111\u1ed9 t\u1ed1i \u0111a: 5000 v\u00f2ng\/ph\u00fat<\/span><\/div>\n<div><span style=\"font-family: 'times new roman', times, serif; font-size: 14pt;\">RCF t\u1ed1i \u0111a: 4620xg<\/span><\/div>\n<div><span style=\"font-family: 'times new roman', times, serif; font-size: 14pt;\">K\u00edch th\u01b0\u1edbc \u1ed1ng: 17x121mm<\/span><\/div>\n<\/td>\n<td style=\"width: 33.3333%;\">\n<div><span style=\"font-size: 14pt;\">Rotor: Rotor xoay ra ngo\u00e0i<\/span><\/div>\n<div><span style=\"font-size: 14pt;\">S\u1ee9c ch\u1ee9a: 4x50ml<\/span><\/div>\n<div><span style=\"font-size: 14pt;\">T\u1ed1c \u0111\u1ed9 t\u1ed1i \u0111a: 4000 v\u00f2ng\/ph\u00fat<\/span><\/div>\n<div><span style=\"font-size: 14pt;\">RCF t\u1ed1i \u0111a: 2976xg<\/span><\/div>\n<div><span style=\"font-size: 14pt;\">K\u00edch th\u01b0\u1edbc \u1ed1ng: 29x116mm<\/span><\/div>\n<\/td>\n<\/tr>\n<\/tbody>\n<\/table>\n<p>&nbsp;<\/p>\n<h2><\/h2>\n<p>&nbsp;<\/p>","protected":false},"excerpt":{"rendered":"<p><span style=\"font-family: 'times new roman', times, serif; font-size: 14pt;\">TD-500 l\u00e0 m\u00e1y ly t\u00e2m ph\u00f2ng th\u00ed nghi\u1ec7m \u0111\u1ec3 b\u00e0n t\u1ed1c \u0111\u1ed9 th\u1ea5p v\u1edbi t\u1ed1c \u0111\u1ed9 t\u1ed1i \u0111a 5000 v\u00f2ng\/ph\u00fat. N\u00f3 t\u01b0\u01a1ng th\u00edch v\u1edbi rotor g\u00f3c c\u1ed1 \u0111\u1ecbnh v\u00e0 rotor xoay ra ngo\u00e0i. N\u00f3 c\u00f3 th\u1ec3 \u0111\u01b0\u1ee3c s\u1eed d\u1ee5ng trong y t\u1ebf ho\u1eb7c l\u00e2m s\u00e0ng v\u1edbi rotor \u0111\u1ea7u ngang \u1ed1ng m\u00e1u 24x7ml. N\u00f3 c\u0169ng c\u00f3 th\u1ec3 ph\u00f9 h\u1ee3p v\u1edbi \u1ed1ng 15ml, 50ml.<\/span><\/p>\n<ul>\n<li><span style=\"font-family: 'times new roman', times, serif; font-size: 14pt;\">T\u1ed1c \u0111\u1ed9 t\u1ed1i \u0111a\u00a0 \u00a0 \u00a0 \u00a0 \u00a0 \u00a0 \u00a0 \u00a0 \u00a0 \u00a0 \u00a0 \u00a0<span class=\"item-val\">5000 v\u00f2ng\/ph\u00fat<\/span><\/span><\/li>\n<li><span style=\"font-family: 'times new roman', times, serif; font-size: 14pt;\">RCF t\u1ed1i \u0111a\u00a0 \u00a0 \u00a0 \u00a0 \u00a0 \u00a0 \u00a0 \u00a0 \u00a0 \u00a0 \u00a0 \u00a0 \u00a0<span class=\"item-val\">4650xg<\/span><\/span><\/li>\n<li><span style=\"font-family: 'times new roman', times, serif; font-size: 14pt;\">C\u00f4ng su\u1ea5t t\u1ed1i \u0111a\u00a0 \u00a0 \u00a0 \u00a0 \u00a0 \u00a0 \u00a0 \u00a0 \u00a0 \u00a0<span class=\"item-val\">6x50ml<\/span><\/span><\/li>\n<li><span style=\"font-family: 'times new roman', times, serif; font-size: 14pt;\">Ph\u1ea1m vi h\u1eb9n gi\u1edd\u00a0 \u00a0 \u00a0 \u00a0 \u00a0 \u00a0 \u00a0 \u00a0 \u00a0 \u00a0 \u00a0<span class=\"item-val\">1 gi\u00e2y \u0111\u1ebfn 99h59m59s<\/span><\/span><\/li>\n<li><span style=\"font-family: 'times new roman', times, serif; font-size: 14pt;\">\u0110\u1ed9 ch\u00ednh x\u00e1c t\u1ed1c \u0111\u1ed9\u00a0 \u00a0 \u00a0 \u00a0 \u00a0 \u00a0 \u00a0 \u00a0 <span class=\"item-val\">\u00b110 v\u00f2ng\/ph\u00fat<\/span><\/span><\/li>\n<li><span style=\"font-family: 'times new roman', times, serif; font-size: 14pt;\">Ti\u1ebfng \u1ed3n\u00a0 \u00a0 \u00a0 \u00a0 \u00a0 \u00a0 \u00a0 \u00a0 \u00a0 \u00a0 \u00a0 \u00a0 \u00a0 \u00a0 \u00a0 \u00a0 <span class=\"item-val\">\u226460dB(A)<\/span><\/span><\/li>\n<li><span style=\"font-family: 'times new roman', times, serif; font-size: 14pt;\">Ti\u00eau th\u1ee5 \u0111i\u1ec7n n\u0103ng\u00a0 \u00a0 \u00a0 \u00a0 \u00a0<span class=\"item-val\">500W<\/span><\/span><\/li>\n<li><span style=\"font-family: 'times new roman', times, serif; font-size: 14pt;\">K\u00edch th\u01b0\u1edbc\u00a0 \u00a0 \u00a0 \u00a0 \u00a0 \u00a0 \u00a0 \u00a0 \u00a0 \u00a0 \u00a0 \u00a0<span class=\"item-val\">495x400x420mm<\/span><\/span><\/li>\n<li><span style=\"font-family: 'times new roman', times, serif; font-size: 14pt;\">Tr\u1ecdng l\u01b0\u1ee3ng t\u1ecbnh\u00a0 \u00a0 \u00a0 \u00a0 \u00a0 \u00a0 \u00a0 \u00a0 \u00a0 \u00a0 \u00a0 \u00a0<span class=\"item-val\">27kg<\/span><\/span><\/li>\n<\/ul>\n<p>&nbsp;<\/p>","protected":false},"featured_media":22777,"comment_status":"open","ping_status":"closed","template":"","meta":{"_acf_changed":false},"product_brand":[],"product_cat":[20,95,80,87],"product_tag":[],"class_list":{"0":"post-381","1":"product","2":"type-product","3":"status-publish","4":"has-post-thumbnail","6":"product_cat-all","7":"product_cat-benchtop-low-speed-centrifuge","8":"product_cat-centrifuge","9":"product_cat-low-speed-centrifuge","11":"first","12":"instock","13":"virtual","14":"product-type-simple"},"acf":[],"_links":{"self":[{"href":"https:\/\/lexamedlab.com\/vi\/wp-json\/wp\/v2\/product\/381","targetHints":{"allow":["GET"]}}],"collection":[{"href":"https:\/\/lexamedlab.com\/vi\/wp-json\/wp\/v2\/product"}],"about":[{"href":"https:\/\/lexamedlab.com\/vi\/wp-json\/wp\/v2\/types\/product"}],"replies":[{"embeddable":true,"href":"https:\/\/lexamedlab.com\/vi\/wp-json\/wp\/v2\/comments?post=381"}],"version-history":[{"count":43,"href":"https:\/\/lexamedlab.com\/vi\/wp-json\/wp\/v2\/product\/381\/revisions"}],"predecessor-version":[{"id":22779,"href":"https:\/\/lexamedlab.com\/vi\/wp-json\/wp\/v2\/product\/381\/revisions\/22779"}],"wp:featuredmedia":[{"embeddable":true,"href":"https:\/\/lexamedlab.com\/vi\/wp-json\/wp\/v2\/media\/22777"}],"wp:attachment":[{"href":"https:\/\/lexamedlab.com\/vi\/wp-json\/wp\/v2\/media?parent=381"}],"wp:term":[{"taxonomy":"product_brand","embeddable":true,"href":"https:\/\/lexamedlab.com\/vi\/wp-json\/wp\/v2\/product_brand?post=381"},{"taxonomy":"product_cat","embeddable":true,"href":"https:\/\/lexamedlab.com\/vi\/wp-json\/wp\/v2\/product_cat?post=381"},{"taxonomy":"product_tag","embeddable":true,"href":"https:\/\/lexamedlab.com\/vi\/wp-json\/wp\/v2\/product_tag?post=381"}],"curies":[{"name":"wp","href":"https:\/\/api.w.org\/{rel}","templated":true}]}}